{"id":15491,"date":"2025-01-19T14:35:51","date_gmt":"2025-01-19T14:35:51","guid":{"rendered":"https:\/\/www.hydraulic-cylinders.net\/product\/bucket-cylinder-for-xcmg-wheel-excavator-et110\/"},"modified":"2025-01-19T14:35:53","modified_gmt":"2025-01-19T14:35:53","slug":"bucket-cylinder-for-xcmg-wheel-excavator-et110","status":"publish","type":"product","link":"https:\/\/www.hydraulic-cylinders.net\/sv\/produkt\/bucket-cylinder-for-xcmg-wheel-excavator-et110\/","title":{"rendered":"Skopcylinder f\u00f6r XCMG-hjulgr\u00e4vmaskin ET110"},"content":{"rendered":"<h1>Skopcylinder f\u00f6r XCMG-hjulgr\u00e4vmaskin ET110<\/h1>\n<h2>Introduktion<\/h2>\n<p>En skopcylinder \u00e4r en hydraulcylinder som \u00e4r speciellt konstruerad f\u00f6r att styra skopans r\u00f6relse i tunga maskiner som gr\u00e4vmaskiner, gr\u00e4vmaskiner och frontlastare. Dess huvudsakliga funktion \u00e4r att l\u00e5ta skopan lyftas, s\u00e4nkas och lutas, vilket g\u00f6r det l\u00e4ttare att hantera en m\u00e4ngd olika material f\u00f6r transportuppgifter. I ett hydraulsystem uppn\u00e5r skopcylindern exakt kontroll \u00f6ver skopan genom f\u00f6r\u00e4ndringar i hydrauloljetrycket, vilket g\u00f6r det m\u00f6jligt f\u00f6r f\u00f6rare att effektivt hantera tunga laster och anpassa sig till komplexa arbetsmilj\u00f6er och olika arbetskrav.<\/p>\n<p><img decoding=\"async\" src=\"https:\/\/www.hydraulic-cylinders.net\/wp-content\/uploads\/2025\/01\/songte-company-2.webp\" alt=\"Skopscylinder\"><\/p>\n<h2>Drag<\/h2>\n<ul>\n<li>H\u00f6g h\u00e5llfasthet och h\u00e5llbarhet: Den \u00e4r vanligtvis tillverkad av h\u00f6gh\u00e5llfast st\u00e5l eller aluminium och t\u00e5l h\u00f6gt tryck och tunga belastningar, vilket g\u00f6r den l\u00e4mplig f\u00f6r tuffa arbetsmilj\u00f6er. Designen tar h\u00e4nsyn till slitstyrka och korrosionsbest\u00e4ndighet, vilket f\u00f6rl\u00e4nger dess livsl\u00e4ngd.<\/li>\n<li>Effektiv hydraulisk drift: Genom att anv\u00e4nda hydrauloljans tryck f\u00f6r att uppn\u00e5 j\u00e4mn expansion och kontraktion kan den snabbt reagera p\u00e5 styrkommandon och ge kraftfulla tryck- och dragkrafter, l\u00e4mplig f\u00f6r hantering av tunga laster och komplexa arbetsuppgifter.<\/li>\n<li>Olika typer: Enkelverkande (hydrauliska cylindrar anv\u00e4nds endast i en riktning) eller dubbelverkande (hydrauliska cylindrar anv\u00e4nds i b\u00e5da riktningarna) cylindrar kan v\u00e4ljas efter behov f\u00f6r att m\u00f6ta olika driftsbehov. Vissa modeller \u00e4r teleskopiska, vilket m\u00f6jligg\u00f6r st\u00f6rre expansion utan att \u00f6ka de yttre m\u00e5tten, l\u00e4mpliga f\u00f6r applikationer med begr\u00e4nsat utrymme.<\/li>\n<li>Perfekt ers\u00e4ttning: V\u00e5r produkt kan perfekt ers\u00e4tta dessa hydraulcylindrar.<\/li>\n<li>Anpassad design: Vi erbjuder anpassade l\u00f6sningar enligt kundens krav och specifikationer, inklusive storlek, slagl\u00e4ngd, tryckklassning, monteringstyp med mera.<\/li>\n<\/ul>\n<p><img decoding=\"async\" src=\"https:\/\/www.hydraulic-cylinders.net\/wp-content\/uploads\/2025\/01\/songte-cylinder-head-with-all-kinds-excavator-models.webp\" alt=\"Topplock\"><\/p>\n<h2>Ans\u00f6kan<\/h2>\n<p>Skopscylindern anv\u00e4nds ofta i olika tunga maskiner, inklusive:<\/p>\n<h3>Byggutrustning<\/h3>\n<p>I gr\u00e4vmaskiner \u00e4r de viktiga f\u00f6r att gr\u00e4va, lasta och flytta jord eller skr\u00e4p. I gr\u00e4vlastare hj\u00e4lper skopcylindern till med gr\u00e4vning och lyftning. <\/p>\n<h3>Jordbruksmaskiner<\/h3>\n<p>Anv\u00e4nds i frontlastare f\u00f6r att \u00f6sa, lyfta och transportera jord, h\u00f6 och andra material. I gr\u00e4vmaskiner m\u00f6jligg\u00f6r skopcylindrar gr\u00e4vning genom att l\u00e5ta skopan tr\u00e4nga ner i jorden. I frontlastare hj\u00e4lper de till med att lyfta och dumpa last effektivt.<\/p>\n<p><img decoding=\"async\" src=\"https:\/\/www.hydraulic-cylinders.net\/wp-content\/uploads\/2025\/01\/songte-bushings-with-all-kinds-of-excavator-models.webp\" alt=\"Bussningar\"><\/p>\n<h2>Design\u00f6verv\u00e4ganden och urvalskriterier<\/h2>\n<p>Vid design och val av skopcylindrar m\u00e5ste olika faktorer beaktas, inklusive:<\/p>\n<h3>B\u00e4rkraft<\/h3>\n<p>Cylindern m\u00e5ste kunna motst\u00e5 den maximala belastningen den uts\u00e4tts f\u00f6r utan att haverera.<\/p>\n<h3>T\u00e4tning<\/h3>\n<p>Olika t\u00e4tningar, s\u00e5som kolvt\u00e4tningar och kolvst\u00e5ngst\u00e4tningar, anv\u00e4nds f\u00f6r att f\u00f6rhindra l\u00e4ckage och kontaminering av hydraulv\u00e4tska. T\u00e4tningsmaterial som polyuretan och nitrilgummi v\u00e4ljs f\u00f6r sin slitstyrka och h\u00e5llbarhet.<\/p>\n<h3>Varaktighet<\/h3>\n<p>Cylindermaterialet b\u00f6r v\u00e4ljas med h\u00e4nsyn till dess f\u00f6rm\u00e5ga att motst\u00e5 st\u00f6tar, slitage och korrosion.<\/p>\n<h3>S\u00e4kerhet<\/h3>\n<p>Konstruktionen m\u00e5ste ta h\u00e4nsyn till s\u00e4kerhetsaspekter, inklusive risken f\u00f6r cylinderfel och konsekvenserna av ett s\u00e5dant fel.<\/p>\n<h3>Underh\u00e5ll<\/h3>\n<p>Designen ska vara l\u00e4tt att underh\u00e5lla, med delar som \u00e4r l\u00e4tta att komma \u00e5t och byta ut.<\/p>\n<p><img decoding=\"async\" src=\"https:\/\/www.hydraulic-cylinders.net\/wp-content\/uploads\/2025\/01\/songte-oil-pipes-and-spare-parts.webp\" alt=\"Oljer\u00f6r och reservdelar\"><\/p>\n<h2>T\u00e4tning och sm\u00f6rjning<\/h2>\n<p>Skopscylindern anv\u00e4nder olika t\u00e4tningar f\u00f6r att f\u00f6rhindra hydraulv\u00e4tskel\u00e4ckage och minimera kontaminering. Kolvt\u00e4tningar och st\u00e5ngt\u00e4tningar \u00e4r vanligtvis tillverkade av slitstarka material som polyuretan och nitrilgummi. Cylinderhuset och g\u00e4ng\u00e4nden \u00e4r noggrant bearbetade f\u00f6r att f\u00f6rb\u00e4ttra slitstyrkan. Regelbunden sm\u00f6rjning med l\u00e4mplig hydraulolja kr\u00e4vs f\u00f6r att s\u00e4kerst\u00e4lla smidig drift och f\u00f6rl\u00e4nga livsl\u00e4ngden.<\/p>\n<h2>Inspektion och f\u00f6rebyggande underh\u00e5ll<\/h2>\n<p>Regelbunden inspektion och f\u00f6rebyggande underh\u00e5ll kan hj\u00e4lpa till att identifiera och \u00e5tg\u00e4rda potentiella problem innan de orsakar skador eller fel. Tre vanliga underh\u00e5llsuppgifter inkluderar:<\/p>\n<ul>\n<li>Regelbundna kontroller<\/li>\n<li>Korrekt sm\u00f6rjning<\/li>\n<li>T\u00e4tningsbyte och kalibreringskontroll<\/li>\n<\/ul>\n<p>Korrekt installation \u00e4r avg\u00f6rande f\u00f6r skopcylinderns livsl\u00e4ngd. Det rekommenderas att cylindern riktas in korrekt under installationen och att l\u00e4mpliga monteringsf\u00e4sten anv\u00e4nds f\u00f6r att f\u00e4sta cylindern p\u00e5 plats. En f\u00f6reslagen inspektions-, reparations- och utbytesprocedur tillhandah\u00e5lls, vilket inkluderar utbyte av delar och ombyggnadstj\u00e4nster f\u00f6r att f\u00f6rb\u00e4ttra cylinderns livsl\u00e4ngd.<\/p>\n<p><img decoding=\"async\" src=\"https:\/\/www.hydraulic-cylinders.net\/wp-content\/uploads\/2025\/01\/songte-chushion-collar.webp\" alt=\"Kuddekrage\"><\/p>\n<h2>S\u00e4kerhetsaspekter och milj\u00f6faktorer<\/h2>\n<p>Vid anv\u00e4ndning av skopcylindern m\u00e5ste s\u00e4kerhets\u00e5tg\u00e4rder vidtas f\u00f6r att f\u00f6rhindra olyckor. Dessa \u00e5tg\u00e4rder inkluderar att b\u00e4ra l\u00e4mplig skyddsutrustning, f\u00f6lja korrekta driftsprocedurer och utf\u00f6ra regelbundna inspektioner f\u00f6r att h\u00e5lla utrustningen i gott skick. Milj\u00f6faktorer, s\u00e5som temperatur och fuktighet, kan ocks\u00e5 p\u00e5verka hydraulcylindrarnas prestanda. Att arbeta inom det rekommenderade temperaturintervallet och fuktighetsniv\u00e5n kan bidra till att s\u00e4kerst\u00e4lla optimal prestanda och f\u00f6rhindra skador.<\/p>\n<h2>Fels\u00f6kning och vanliga problem<\/h2>\n<p>Vanliga problem som kan uppst\u00e5 med skopcylindern inkluderar l\u00e4ckor, skador och felaktig anv\u00e4ndning. Fels\u00f6kningstips och l\u00f6sningar ges f\u00f6r att hj\u00e4lpa l\u00e4sarna att diagnostisera och l\u00f6sa problem effektivt. F\u00f6rebyggande \u00e5tg\u00e4rder rekommenderas ocks\u00e5 f\u00f6r att minimera potentiella problem och s\u00e4kerst\u00e4lla korrekt underh\u00e5ll.<\/p>\n<p><img decoding=\"async\" src=\"https:\/\/hzpt.com\/wp-content\/uploads\/2024\/11\/songte-company-1.webp\" alt=\"F\u00f6retag\"><\/p>\n<h2>Om oss<\/h2>\n<p>Vi \u00e4r en tillverkare av hydraulcylindrar f\u00f6r reservdelar. V\u00e5rt produktsortiment \u00e4r komplett, vilket g\u00f6r oss till en av de ledande tillverkarna och grossisterna av hydraulcylindrar p\u00e5 den inhemska och internationella marknaden. Vi f\u00f6ljer principerna om utm\u00e4rkt kvalitet och en industrialiserad produktionsstrategi baserad p\u00e5 anv\u00e4ndning av teknisk talang, digital avancerad tillverkningsutrustning och professionella testsystem. Vi f\u00f6rb\u00e4ttrar kontinuerligt verkstadens tillverkningsplattform, f\u00f6rb\u00e4ttrar produktkvaliteten och har starka kreativa f\u00f6rm\u00e5gor f\u00f6r att m\u00f6ta olika kundbehov med h\u00f6g effektivitet, h\u00f6g precision och h\u00f6gkvalitativa principer. <\/p>\n<p>Vi erbjuder skr\u00e4ddarsydda tj\u00e4nster, internationell certifiering och specialiserad eftermarknadsservice. V\u00e5r produktionsutrustning \u00e4r toppmodern och vi tillhandah\u00e5ller ett komplett utbud av underh\u00e5lls- och reparationstj\u00e4nster. <\/p>\n<p><img decoding=\"async\" src=\"https:\/\/www.hydraulic-cylinders.net\/wp-content\/uploads\/2025\/01\/songte-company-3.webp\" alt=\"F\u00f6retag\"><\/p>\n<p><em>F\u00f6rfattare: lyl<\/em><\/p>","protected":false},"excerpt":{"rendered":"<p>Bucket Cylinder For XCMG Wheel Excavator ET110 Introduction A bucket cylinder is a hydraulic cylinder specially designed to control the movement of the bucket in heavy machinery such as excavators, backhoes, and front-end loaders. Its main function is to allow the bucket to lift, lower, and tilt, making it easier to handle a variety of [&hellip;]<\/p>","protected":false},"featured_media":14761,"comment_status":"open","ping_status":"closed","template":"","meta":{"_et_pb_use_builder":"","_et_pb_old_content":"","_et_gb_content_width":""},"product_brand":[],"product_cat":[1494],"product_tag":[1495,1496],"class_list":{"0":"post-15491","1":"product","2":"type-product","3":"status-publish","4":"has-post-thumbnail","6":"product_cat-bucket-cylinders","7":"product_tag-bucket-cylinders","8":"product_tag-hydraulic-cylinders","10":"first","11":"instock","12":"shipping-taxable","13":"product-type-simple"},"amp_enabled":true,"_links":{"self":[{"href":"https:\/\/www.hydraulic-cylinders.net\/sv\/wp-json\/wp\/v2\/product\/15491","targetHints":{"allow":["GET"]}}],"collection":[{"href":"https:\/\/www.hydraulic-cylinders.net\/sv\/wp-json\/wp\/v2\/product"}],"about":[{"href":"https:\/\/www.hydraulic-cylinders.net\/sv\/wp-json\/wp\/v2\/types\/product"}],"replies":[{"embeddable":true,"href":"https:\/\/www.hydraulic-cylinders.net\/sv\/wp-json\/wp\/v2\/comments?post=15491"}],"wp:featuredmedia":[{"embeddable":true,"href":"https:\/\/www.hydraulic-cylinders.net\/sv\/wp-json\/wp\/v2\/media\/14761"}],"wp:attachment":[{"href":"https:\/\/www.hydraulic-cylinders.net\/sv\/wp-json\/wp\/v2\/media?parent=15491"}],"wp:term":[{"taxonomy":"product_brand","embeddable":true,"href":"https:\/\/www.hydraulic-cylinders.net\/sv\/wp-json\/wp\/v2\/product_brand?post=15491"},{"taxonomy":"product_cat","embeddable":true,"href":"https:\/\/www.hydraulic-cylinders.net\/sv\/wp-json\/wp\/v2\/product_cat?post=15491"},{"taxonomy":"product_tag","embeddable":true,"href":"https:\/\/www.hydraulic-cylinders.net\/sv\/wp-json\/wp\/v2\/product_tag?post=15491"}],"curies":[{"name":"wp","href":"https:\/\/api.w.org\/{rel}","templated":true}]}}