{"id":15493,"date":"2025-01-19T14:35:58","date_gmt":"2025-01-19T14:35:58","guid":{"rendered":"https:\/\/www.hydraulic-cylinders.net\/product\/bucket-cylinder-for-zoomlion-small-excavator-ze85e\/"},"modified":"2025-01-19T14:36:00","modified_gmt":"2025-01-19T14:36:00","slug":"bucket-cylinder-for-zoomlion-small-excavator-ze85e","status":"publish","type":"product","link":"https:\/\/www.hydraulic-cylinders.net\/sv\/produkt\/bucket-cylinder-for-zoomlion-small-excavator-ze85e\/","title":{"rendered":"Skopcylinder f\u00f6r Zoomlion liten gr\u00e4vmaskin ZE85E"},"content":{"rendered":"<h1>Skopcylinder f\u00f6r Zoomlion liten gr\u00e4vmaskin ZE85E<\/h1>\n<h2>Introduktion<\/h2>\n<p>En skopcylinder \u00e4r en specialdesignad hydraulcylinder som anv\u00e4nds f\u00f6r att styra r\u00f6relsen hos skopor i tunga maskiner som gr\u00e4vmaskiner, gr\u00e4vmaskiner och frontlastare. Dess huvudsakliga funktion \u00e4r att lyfta, s\u00e4nka och luta skopan, vilket g\u00f6r det enkelt att hantera olika materialhanteringsuppgifter. I hydraulsystemet uppn\u00e5r skopcylindern exakt kontroll \u00f6ver skopans r\u00f6relse genom att \u00e4ndra hydrauloljans tryck, vilket g\u00f6r det m\u00f6jligt f\u00f6r operat\u00f6rer att hantera tunga laster effektivt och anpassa sig till komplexa arbetsmilj\u00f6er och olika driftsbehov.<\/p>\n<p><img decoding=\"async\" src=\"https:\/\/www.hydraulic-cylinders.net\/wp-content\/uploads\/2025\/01\/songte-company-2.webp\"><\/p>\n<h2>Drag<\/h2>\n<ul>\n<li>H\u00f6g h\u00e5llfasthet och h\u00e5llbarhet: Vanligtvis tillverkad av h\u00f6gh\u00e5llfast st\u00e5l eller aluminium, t\u00e5l h\u00f6gt tryck och tunga belastningar, och konstruerad med h\u00e4nsyn till slitstyrka och korrosionsbest\u00e4ndighet f\u00f6r att f\u00f6rl\u00e4nga livsl\u00e4ngden.<\/li>\n<li>Effektiv hydraulisk drift: Uppn\u00e5r smidiga ut- och sammandragningsr\u00f6relser med hj\u00e4lp av hydrauloljetryck, reagerar snabbt p\u00e5 styrkommandon, ger kraftfull drag- och tryckkraft och \u00e4r l\u00e4mplig f\u00f6r hantering av tunga laster och komplexa arbetsuppgifter.<\/li>\n<li>Flera typer: Enkelverkande (hydrauliska cylindrar anv\u00e4nds endast i en riktning) eller dubbelverkande (hydrauliska cylindrar anv\u00e4nds i tv\u00e5 riktningar) cylindrar kan v\u00e4ljas efter behov f\u00f6r att m\u00f6ta olika driftsbehov. Vissa modeller \u00e4r teleskopiska, vilket m\u00f6jligg\u00f6r st\u00f6rre utdrag utan att \u00f6ka de yttre m\u00e5tten, l\u00e4mpliga f\u00f6r applikationer med begr\u00e4nsat utrymme.<\/li>\n<li>L\u00e4tt att byta ut: V\u00e5ra produkter kan perfekt ers\u00e4tta dessa hydraulcylindrar.<\/li>\n<\/ul>\n<p><img decoding=\"async\" src=\"https:\/\/www.hydraulic-cylinders.net\/wp-content\/uploads\/2025\/01\/songte-cylinder-head-with-all-kinds-excavator-models.webp\"><\/p>\n<h2>Applikationer<\/h2>\n<p>Skopscylindrar anv\u00e4nds ofta i olika bygg- och jordbruksmaskiner, s\u00e5som:<\/p>\n<ul>\n<li>Gr\u00e4vmaskiner: M\u00f6jligg\u00f6r gr\u00e4vning genom att l\u00e5ta skopan tr\u00e4nga ner i jorden<\/li>\n<li>Lastare: Hj\u00e4lper till att lyfta och luta last effektivt<\/li>\n<li>Gr\u00e4vskopor: Skopscylinder hj\u00e4lper till med gr\u00e4vning och lyftning<\/li>\n<li>Jordbruksmaskiner: Anv\u00e4nds i frontlastare f\u00f6r att gr\u00e4va, lyfta och transportera jord, h\u00f6 och andra material<\/li>\n<\/ul>\n<h2>Design\u00f6verv\u00e4ganden<\/h2>\n<p>F\u00f6ljande konstruktions\u00f6verv\u00e4ganden \u00e4r viktiga f\u00f6r skopcylindrar:<\/p>\n<h3>B\u00e4rkraft<\/h3>\n<p>Cylindern m\u00e5ste kunna motst\u00e5 skopans och de materials vikt och belastning.<\/p>\n<h3>T\u00e4tning<\/h3>\n<p>Cylindern b\u00f6r vara konstruerad med h\u00f6gkvalitativa t\u00e4tningar f\u00f6r att f\u00f6rhindra l\u00e4ckage av hydraulv\u00e4tska och minska underh\u00e5llskostnaderna.<\/p>\n<h3>Varaktighet<\/h3>\n<p>Cylindern m\u00e5ste vara konstruerad f\u00f6r att motst\u00e5 slitage fr\u00e5n h\u00e5rd anv\u00e4ndning och arbete i tuffa milj\u00f6er.<\/p>\n<h3>S\u00e4kerhet<\/h3>\n<p>Cylindern m\u00e5ste vara konstruerad med s\u00e4kerhetsfunktioner f\u00f6r att f\u00f6rhindra olyckor och skydda de som arbetar runt den.<\/p>\n<h3>Underh\u00e5ll<\/h3>\n<p>Cylindern m\u00e5ste vara konstruerad f\u00f6r att vara l\u00e4tt att underh\u00e5lla och reparera f\u00f6r att s\u00e4kerst\u00e4lla en l\u00e5ng livsl\u00e4ngd.<\/p>\n<p><img decoding=\"async\" src=\"https:\/\/www.hydraulic-cylinders.net\/wp-content\/uploads\/2025\/01\/songte-oil-pipes-and-spare-parts.webp\"><\/p>\n<h2>T\u00e4tning och sm\u00f6rjning<\/h2>\n<p>Skopscylindrar anv\u00e4nder olika t\u00e4tningskomponenter s\u00e5som kolvt\u00e4tningar, kolvst\u00e5ngst\u00e4tningar etc. tillverkade av slitstarka material som polyuretan, nitrilgummi etc. Cylinderhuset och g\u00e4ng\u00e4ndytorna \u00e4r fint bearbetade f\u00f6r att f\u00f6rb\u00e4ttra slitstyrkan. Regelbunden tillsats av l\u00e4mplig m\u00e4ngd hydraulolja \u00e4r n\u00f6dv\u00e4ndig f\u00f6r korrekt sm\u00f6rjning.<\/p>\n<h2>Underh\u00e5ll och reparation<\/h2>\n<p>F\u00f6ljande underh\u00e5llsuppgifter \u00e4r viktiga f\u00f6r l\u00e5ngsiktig anv\u00e4ndning av skopcylindrar:<\/p>\n<h3>Regelbunden inspektion<\/h3>\n<p>Regelbunden inspektion av cylindern och dess komponenter \u00e4r n\u00f6dv\u00e4ndig f\u00f6r att s\u00e4kerst\u00e4lla att den fungerar korrekt och identifiera eventuella problem.<\/p>\n<h3>Sm\u00f6rjning<\/h3>\n<p>Korrekt sm\u00f6rjning av cylindern och dess komponenter kan bidra till att minska slitage och f\u00f6rl\u00e4nga livsl\u00e4ngden.<\/p>\n<h3>T\u00e4tningsbyten<\/h3>\n<p>Att byta ut slitna t\u00e4tningar \u00e4r n\u00f6dv\u00e4ndigt f\u00f6r att f\u00f6rhindra l\u00e4ckage av hydraulv\u00e4tska och minska underh\u00e5llskostnaderna.<\/p>\n<p>Korrekt installation \u00e4r avg\u00f6rande f\u00f6r skopcylindrars funktion och s\u00e4kerhet. Att cylindern riktas korrekt \u00e4r avg\u00f6rande f\u00f6r dess korrekta funktion. Det rekommenderas att anv\u00e4nda l\u00e4mpliga monteringsf\u00e4sten f\u00f6r att s\u00e4kra cylindern. Regelbunden inspektion, reparation och utbyte av delar rekommenderas f\u00f6r att f\u00f6rl\u00e4nga livsl\u00e4ngden.<\/p>\n<p><img decoding=\"async\" src=\"https:\/\/www.hydraulic-cylinders.net\/wp-content\/uploads\/2025\/01\/songte-chushion-collar.webp\"><\/p>\n<h2>S\u00e4kerhet och milj\u00f6<\/h2>\n<p>Skopscylindrar kr\u00e4ver l\u00e4mpliga s\u00e4kerhets\u00e5tg\u00e4rder f\u00f6r att f\u00f6rhindra olyckor under drift. Vikten av att f\u00f6lja s\u00e4kerhets\u00e5tg\u00e4rder kan inte nog betonas. Korrekt kassering av anv\u00e4nd hydraulolja \u00e4r n\u00f6dv\u00e4ndig f\u00f6r att skydda milj\u00f6n.<\/p>\n<h2>Diagnos och fels\u00f6kning<\/h2>\n<p>Vanliga problem med skopcylindrar inkluderar l\u00e4ckor, felaktig anv\u00e4ndning och skador p\u00e5 t\u00e4tningar. Regelbundna inspektioner, underh\u00e5ll och korrekt sm\u00f6rjning kan bidra till att f\u00f6rhindra dessa problem. Om problem uppst\u00e5r rekommenderas det att konsultera en expert f\u00f6r diagnos och reparation.<\/p>\n<p><img decoding=\"async\" src=\"https:\/\/www.hydraulic-cylinders.net\/wp-content\/uploads\/2025\/01\/songte-bushings-with-all-kinds-of-excavator-models.webp\"><\/p>\n<h2>Om oss<\/h2>\n<p>Vi \u00e4r en ledande tillverkare och grossist av hydraulcylindrar p\u00e5 den inhemska och internationella marknaden. Vi erbjuder en m\u00e4ngd olika produkter och f\u00f6ljer en produktionsstrategi som bygger p\u00e5 utm\u00e4rkt kvalitet, teknisk talang, avancerad digital tillverkningsutrustning och professionella testsystem. V\u00e5ra produkter tillverkas p\u00e5 en sofistikerad tillverkningsplattform med fokus p\u00e5 h\u00f6g effektivitet, h\u00f6g precision och h\u00f6g kvalitet f\u00f6r att m\u00f6ta v\u00e5ra kunders olika behov.<\/p>\n<p>V\u00e5rt f\u00f6retag erbjuder professionella tj\u00e4nster som inkluderar internationell certifiering, anpassning, produktionsutrustning och eftermarknadsservice.<\/p>\n<p><img decoding=\"async\" src=\"https:\/\/hzpt.com\/wp-content\/uploads\/2024\/11\/songte-company-1.webp\"><\/p>\n<p>F\u00f6rfattare: lyl<\/p>","protected":false},"excerpt":{"rendered":"<p>Bucket Cylinder For Zoomlion Small Excavator ZE85E Introduction A bucket cylinder is a specially designed hydraulic cylinder used to control the movement of buckets in heavy machinery such as excavators, backhoes, and front-end loaders. Its main function is to lift, lower, and tilt the bucket, making it easy to handle various material handling tasks. In [&hellip;]<\/p>","protected":false},"featured_media":14788,"comment_status":"open","ping_status":"closed","template":"","meta":{"_et_pb_use_builder":"","_et_pb_old_content":"","_et_gb_content_width":""},"product_brand":[],"product_cat":[1494],"product_tag":[1495,1496],"class_list":{"0":"post-15493","1":"product","2":"type-product","3":"status-publish","4":"has-post-thumbnail","6":"product_cat-bucket-cylinders","7":"product_tag-bucket-cylinders","8":"product_tag-hydraulic-cylinders","10":"first","11":"instock","12":"shipping-taxable","13":"product-type-simple"},"amp_enabled":true,"_links":{"self":[{"href":"https:\/\/www.hydraulic-cylinders.net\/sv\/wp-json\/wp\/v2\/product\/15493","targetHints":{"allow":["GET"]}}],"collection":[{"href":"https:\/\/www.hydraulic-cylinders.net\/sv\/wp-json\/wp\/v2\/product"}],"about":[{"href":"https:\/\/www.hydraulic-cylinders.net\/sv\/wp-json\/wp\/v2\/types\/product"}],"replies":[{"embeddable":true,"href":"https:\/\/www.hydraulic-cylinders.net\/sv\/wp-json\/wp\/v2\/comments?post=15493"}],"wp:featuredmedia":[{"embeddable":true,"href":"https:\/\/www.hydraulic-cylinders.net\/sv\/wp-json\/wp\/v2\/media\/14788"}],"wp:attachment":[{"href":"https:\/\/www.hydraulic-cylinders.net\/sv\/wp-json\/wp\/v2\/media?parent=15493"}],"wp:term":[{"taxonomy":"product_brand","embeddable":true,"href":"https:\/\/www.hydraulic-cylinders.net\/sv\/wp-json\/wp\/v2\/product_brand?post=15493"},{"taxonomy":"product_cat","embeddable":true,"href":"https:\/\/www.hydraulic-cylinders.net\/sv\/wp-json\/wp\/v2\/product_cat?post=15493"},{"taxonomy":"product_tag","embeddable":true,"href":"https:\/\/www.hydraulic-cylinders.net\/sv\/wp-json\/wp\/v2\/product_tag?post=15493"}],"curies":[{"name":"wp","href":"https:\/\/api.w.org\/{rel}","templated":true}]}}