{"id":15505,"date":"2025-01-19T14:36:53","date_gmt":"2025-01-19T14:36:53","guid":{"rendered":"https:\/\/www.hydraulic-cylinders.net\/product\/bucket-cylinder-for-zoomlion-large-excavator-ze330e\/"},"modified":"2025-01-19T14:36:55","modified_gmt":"2025-01-19T14:36:55","slug":"bucket-cylinder-for-zoomlion-large-excavator-ze330e","status":"publish","type":"product","link":"https:\/\/www.hydraulic-cylinders.net\/sv\/produkt\/bucket-cylinder-for-zoomlion-large-excavator-ze330e\/","title":{"rendered":"Skopcylinder f\u00f6r Zoomlion stor gr\u00e4vmaskin ZE330E"},"content":{"rendered":"<h1>Skopcylinder f\u00f6r Zoomlion stor gr\u00e4vmaskin ZE330E<\/h1>\n<h2>Introduktion<\/h2>\n<p>Skopcylindern till Zoomlions stora gr\u00e4vmaskin ZE330E \u00e4r en specialdesignad hydraulcylinder som huvudsakligen anv\u00e4nds f\u00f6r att styra skopans r\u00f6relse i tunga maskiner som gr\u00e4vmaskiner, gr\u00e4vlastare och frontlastare. Dess huvudsakliga funktion \u00e4r att g\u00f6ra det m\u00f6jligt att lyfta, s\u00e4nka och luta skopan, vilket g\u00f6r det enklare att hantera olika materialhanteringsuppgifter. I hydraulsystemet uppn\u00e5r skopcylindern exakt kontroll \u00f6ver skopans r\u00f6relse genom att \u00e4ndra hydrauloljans tryck, vilket g\u00f6r det m\u00f6jligt f\u00f6r f\u00f6rare att effektivt hantera tunga laster och anpassa sig till komplexa arbetsmilj\u00f6er och olika arbetskrav.<\/p>\n<p><img decoding=\"async\" src=\"https:\/\/www.hydraulic-cylinders.net\/wp-content\/uploads\/2025\/01\/songte-company-2.webp\" alt=\"Skopscylinder\" \/><\/p>\n<h2>Produktegenskaper<\/h2>\n<ul>\n<li>\n<h3>H\u00f6g styrka och h\u00e5llbarhet<\/h3>\n<p>Skopscylindrar \u00e4r vanligtvis tillverkade av h\u00f6gh\u00e5llfast st\u00e5l eller aluminium, t\u00e5l h\u00f6gt tryck och tunga belastningar, anpassar sig till tuffa arbetsmilj\u00f6er och \u00e4r konstruerade med slitstyrka och korrosionsbest\u00e4ndighet i \u00e5tanke, vilket f\u00f6rl\u00e4nger deras livsl\u00e4ngd.<\/p>\n<\/li>\n<li>\n<h3>Effektiv hydraulisk drift<\/h3>\n<p>Skopscylindrar anv\u00e4nder hydrauloljans tryck f\u00f6r att uppn\u00e5 en j\u00e4mn teleskopr\u00f6relse, reagera snabbt p\u00e5 kontrollkommandon, ge kraftfull tryck- och dragkraft och \u00e4r l\u00e4mpliga f\u00f6r hantering av tunga laster och komplexa arbetsuppgifter.<\/p>\n<\/li>\n<li>\n<h3>Olika typer<\/h3>\n<p>Skopscylindrar kan vara enkelverkande (med hydraulik i endast en riktning) eller dubbelverkande (med hydraulik i b\u00e5da riktningarna) beroende p\u00e5 kraven, och vissa modeller \u00e4r teleskopiska, vilket m\u00f6jligg\u00f6r st\u00f6rre expansion utan att \u00f6ka ytterm\u00e5tten, vilket g\u00f6r dem l\u00e4mpliga f\u00f6r applikationer med begr\u00e4nsat utrymme.<\/p>\n<\/li>\n<li>\n<h3>Produktbyten<\/h3>\n<p>V\u00e5ra produkter kan perfekt ers\u00e4tta dessa hydraulcylindrar.<\/p>\n<\/li>\n<\/ul>\n<p><img decoding=\"async\" src=\"https:\/\/www.hydraulic-cylinders.net\/wp-content\/uploads\/2025\/01\/songte-cylinder-head-with-all-kinds-excavator-models.webp\" alt=\"Topplock\" \/><\/p>\n<h2>Till\u00e4mpningar av hinkcylinder<\/h2>\n<p>Skopscylindern anv\u00e4nds ofta i olika byggmaskiner, inklusive:<\/p>\n<ul>\n<li>\n<h3>Gr\u00e4vmaskiner<\/h3>\n<p>Skopans cylinder m\u00f6jligg\u00f6r gr\u00e4vning genom att l\u00e5ta skopan tr\u00e4nga ner i jorden.<\/p>\n<\/li>\n<li>\n<h3>Gr\u00e4vlastare<\/h3>\n<p>Skopcylindern hj\u00e4lper till b\u00e5de vid gr\u00e4vning och lyftning.<\/p>\n<\/li>\n<li>\n<h3>Frontlastare<\/h3>\n<p>Skopcylindern hj\u00e4lper till att lyfta och luta lastskopan, vilket g\u00f6r det effektivt att lossa och t\u00f6mma material.<\/p>\n<\/li>\n<\/ul>\n<h2>Design\u00f6verv\u00e4ganden och urvalskriterier<\/h2>\n<p>Vid val och design av skopcylindrar \u00e4r det viktigt att beakta viktiga faktorer som b\u00e4rf\u00f6rm\u00e5ga, t\u00e4tning, h\u00e5llbarhet, s\u00e4kerhet och underh\u00e5llbarhet. H\u00e4r \u00e4r n\u00e5gra viktiga punkter att t\u00e4nka p\u00e5:<\/p>\n<ul>\n<li>\n<h3>B\u00e4rf\u00f6rm\u00e5ga<\/h3>\n<p>Skopscylindern m\u00e5ste vara konstruerad f\u00f6r att motst\u00e5 den belastning den kommer att b\u00e4ra, vilken best\u00e4ms av vikten p\u00e5 det material som hanteras och de krafter som \u00e4r involverade i dess r\u00f6relse.<\/p>\n<\/li>\n<li>\n<h3>T\u00e4tning och h\u00e5llbarhet<\/h3>\n<p>Skopscylindrar kr\u00e4ver h\u00f6gkvalitativa t\u00e4tningsmaterial, s\u00e5som kolvt\u00e4tningar och kolvst\u00e5ngst\u00e4tningar, tillverkade av slitstarka material som polyuretan och nitrilgummi. Det \u00e4r ocks\u00e5 viktigt att s\u00e4kerst\u00e4lla att ytan p\u00e5 cylinderhuset och g\u00e4ng\u00e4nden \u00e4r finbehandlade f\u00f6r att f\u00f6rb\u00e4ttra slitstyrkan. Regelbunden tillsats av r\u00e4tt m\u00e4ngd hydraulolja f\u00f6r sm\u00f6rjning \u00e4r n\u00f6dv\u00e4ndig.<\/p>\n<\/li>\n<li>\n<h3>S\u00e4kerhet och underh\u00e5llbarhet<\/h3>\n<p>Skopscylindrar m\u00e5ste konstrueras med s\u00e4kerhet i \u00e5tanke, med inbyggda s\u00e4kerhetsfunktioner som tryckavlastningsventiler och l\u00e5sventiler, samt vara enkla att underh\u00e5lla och reparera genom att tillhandah\u00e5lla delar som \u00e4r l\u00e4tta att byta ut och renovera, och l\u00e4mpliga underh\u00e5llsprocedurer f\u00f6r att f\u00f6rl\u00e4nga deras livsl\u00e4ngd. <\/p>\n<\/li>\n<\/ul>\n<p><img decoding=\"async\" src=\"https:\/\/www.hydraulic-cylinders.net\/wp-content\/uploads\/2025\/01\/songte-oil-pipes-and-spare-parts.webp\" alt=\"Oljer\u00f6r\"\/><\/p>\n<h2>Underh\u00e5ll och fels\u00f6kning<\/h2>\n<p>Regelbunden inspektion och f\u00f6rebyggande underh\u00e5ll \u00e4r avg\u00f6rande f\u00f6r att h\u00e5lla skopcylindern i gott skick. H\u00e4r \u00e4r n\u00e5gra vanliga underh\u00e5llsuppgifter:<\/p>\n<ul>\n<li>\n<h3>Regelbunden inspektion<\/h3>\n<p>Kontrollera om det finns n\u00e5gra l\u00e4ckor, bucklor eller repor, se till att cylindern \u00e4r ordentligt smord och ren, och kontrollera hydraulslangarna och anslutningarna f\u00f6r skador eller slitage.<\/p>\n<\/li>\n<li>\n<h3>Sm\u00f6rjning<\/h3>\n<p>Det \u00e4r viktigt att anv\u00e4nda r\u00e4tt typ och m\u00e4ngd hydraulolja f\u00f6r att s\u00e4kerst\u00e4lla smidig och effektiv drift och skydda mot slitage.<\/p>\n<\/li>\n<li>\n<h3>T\u00e4tningsbyte och kalibreringsinspektion<\/h3>\n<p>Byt ut slitna t\u00e4tningsdelar och kontrollera kalibreringen, g\u00f6r n\u00f6dv\u00e4ndiga justeringar f\u00f6r att s\u00e4kerst\u00e4lla korrekt cylinderr\u00f6relse.<\/p>\n<\/li>\n<\/ul>\n<p>Det \u00e4r viktigt att beakta korrekt installation, sm\u00f6rjning och justering vid underh\u00e5ll av skopcylindern f\u00f6r att f\u00f6rhindra potentiella problem som l\u00e4ckage, minskad prestanda eller fullst\u00e4ndigt fel. Det \u00e4r avg\u00f6rande att ge korrekt v\u00e4gledning om installation, anv\u00e4nda l\u00e4mpliga monteringsf\u00e4sten f\u00f6r att s\u00e4kra cylindern, rekommendera kontroll-, reparations- och utbytesprocedurer samt ge tips f\u00f6r att f\u00f6rb\u00e4ttra skopcylinderns livsl\u00e4ngd.<\/p>\n<p><img decoding=\"async\" src=\"https:\/\/www.hydraulic-cylinders.net\/wp-content\/uploads\/2025\/01\/songte-chushion-collar.webp\" alt=\"Kuddekrage\"\/><\/p>\n<h2>S\u00e4kerhetsaspekter och milj\u00f6faktorer<\/h2>\n<p>Vid arbete med skopcylindrar \u00e4r det viktigt att f\u00f6lja s\u00e4kerhets\u00e5tg\u00e4rder, s\u00e5som att b\u00e4ra l\u00e4mplig skyddsutrustning, h\u00e5lla h\u00e4nder och kl\u00e4der borta fr\u00e5n r\u00f6rliga delar och se till att utrustningen \u00e4r i gott skick. Korrekt kassering av hydraulolja \u00e4r ocks\u00e5 viktigt f\u00f6r att skydda milj\u00f6n.<\/p>\n<p><img decoding=\"async\" src=\"https:\/\/www.hydraulic-cylinders.net\/wp-content\/uploads\/2025\/01\/songte-bushings-with-all-kinds-of-excavator-models.webp\" alt=\"Bussningar\"\/><\/p>\n<h2>Om v\u00e5rt f\u00f6retag<\/h2>\n<p>Vi \u00e4r en tillverkare av hydraulcylindrar f\u00f6r ers\u00e4ttning med ett komplett produktsortiment och \u00e4r en av de ledande tillverkarna och grossisterna av hydraulcylindrar p\u00e5 den inhemska och internationella marknaden. Vi f\u00f6ljer principen om utm\u00e4rkt kvalitet, f\u00f6rlitar oss p\u00e5 industrialiserade produktionsledningsstrategier i fintillverkningsverkst\u00e4der, f\u00f6rb\u00e4ttrar kontinuerligt tillverkningsplattformen, f\u00f6rb\u00e4ttrar produktkvaliteten i produktionslinjen och har stark innovationsf\u00f6rm\u00e5ga. Vi tillgodoser kundernas olika behov med principerna om h\u00f6g effektivitet, h\u00f6g noggrannhet och h\u00f6g kvalitet.<\/p>\n<p>V\u00e5rt f\u00f6retag erbjuder professionella tj\u00e4nster, internationell certifiering, kundanpassade tj\u00e4nster, avancerad produktionsutrustning och eftermarknadsservice.<\/p>\n<p><img decoding=\"async\" src=\"https:\/\/hzpt.com\/wp-content\/uploads\/2024\/11\/songte-company-1.webp\" alt=\"F\u00f6retagsprofil\"\/><\/p>\n<p>F\u00f6rfattare: lyl<\/p>","protected":false},"excerpt":{"rendered":"<p>Bucket Cylinder For Zoomlion Large Excavator ZE330E Introduction The bucket cylinder for Zoomlion large excavator ZE330E is a specially designed hydraulic cylinder mainly used to control the movement of the bucket in heavy machinery such as excavators, backhoe loaders, and front loaders. Its main function is to enable the bucket to lift, lower, and tilt, [&hellip;]<\/p>","protected":false},"featured_media":14762,"comment_status":"open","ping_status":"closed","template":"","meta":{"_et_pb_use_builder":"","_et_pb_old_content":"","_et_gb_content_width":""},"product_brand":[],"product_cat":[1494],"product_tag":[1495,1496],"class_list":{"0":"post-15505","1":"product","2":"type-product","3":"status-publish","4":"has-post-thumbnail","6":"product_cat-bucket-cylinders","7":"product_tag-bucket-cylinders","8":"product_tag-hydraulic-cylinders","10":"first","11":"instock","12":"shipping-taxable","13":"product-type-simple"},"amp_enabled":true,"_links":{"self":[{"href":"https:\/\/www.hydraulic-cylinders.net\/sv\/wp-json\/wp\/v2\/product\/15505","targetHints":{"allow":["GET"]}}],"collection":[{"href":"https:\/\/www.hydraulic-cylinders.net\/sv\/wp-json\/wp\/v2\/product"}],"about":[{"href":"https:\/\/www.hydraulic-cylinders.net\/sv\/wp-json\/wp\/v2\/types\/product"}],"replies":[{"embeddable":true,"href":"https:\/\/www.hydraulic-cylinders.net\/sv\/wp-json\/wp\/v2\/comments?post=15505"}],"wp:featuredmedia":[{"embeddable":true,"href":"https:\/\/www.hydraulic-cylinders.net\/sv\/wp-json\/wp\/v2\/media\/14762"}],"wp:attachment":[{"href":"https:\/\/www.hydraulic-cylinders.net\/sv\/wp-json\/wp\/v2\/media?parent=15505"}],"wp:term":[{"taxonomy":"product_brand","embeddable":true,"href":"https:\/\/www.hydraulic-cylinders.net\/sv\/wp-json\/wp\/v2\/product_brand?post=15505"},{"taxonomy":"product_cat","embeddable":true,"href":"https:\/\/www.hydraulic-cylinders.net\/sv\/wp-json\/wp\/v2\/product_cat?post=15505"},{"taxonomy":"product_tag","embeddable":true,"href":"https:\/\/www.hydraulic-cylinders.net\/sv\/wp-json\/wp\/v2\/product_tag?post=15505"}],"curies":[{"name":"wp","href":"https:\/\/api.w.org\/{rel}","templated":true}]}}