{"id":15506,"date":"2025-01-19T14:36:57","date_gmt":"2025-01-19T14:36:57","guid":{"rendered":"https:\/\/www.hydraulic-cylinders.net\/product\/bucket-cylinder-for-zoomlion-large-excavator-ze520e\/"},"modified":"2025-01-19T14:36:59","modified_gmt":"2025-01-19T14:36:59","slug":"bucket-cylinder-for-zoomlion-large-excavator-ze520e","status":"publish","type":"product","link":"https:\/\/www.hydraulic-cylinders.net\/sv\/produkt\/bucket-cylinder-for-zoomlion-large-excavator-ze520e\/","title":{"rendered":"Skopcylinder f\u00f6r Zoomlion stor gr\u00e4vmaskin ZE520E"},"content":{"rendered":"<h1>Skopcylinder f\u00f6r Zoomlion stor gr\u00e4vmaskin ZE520E<\/h1>\n<h2>Introduktion<\/h2>\n<p>Skopcylindern till Zoomlions stora gr\u00e4vmaskin ZE520E \u00e4r en specialdesignad hydraulcylinder som huvudsakligen anv\u00e4nds f\u00f6r att styra skopans r\u00f6relse i tunga maskiner som gr\u00e4vmaskiner, gr\u00e4vlastare och frontlastare. Dess huvudsakliga funktion \u00e4r att g\u00f6ra det m\u00f6jligt att lyfta, s\u00e4nka och luta skopan, vilket g\u00f6r det enklare att hantera olika materialhanteringsuppgifter. I hydraulsystemet styr skopcylindern skopans exakta r\u00f6relse genom f\u00f6r\u00e4ndringar i hydrauloljetrycket, vilket g\u00f6r det m\u00f6jligt f\u00f6r f\u00f6raren att hantera tunga laster effektivt och anpassa sig till komplexa arbetsmilj\u00f6er och olika driftsbehov.<\/p>\n<p><img decoding=\"async\" src=\"https:\/\/www.hydraulic-cylinders.net\/wp-content\/uploads\/2025\/01\/songte-company-2.webp\" alt=\"Skopcylinder f\u00f6r Zoomlion stor gr\u00e4vmaskin ZE520E\"><\/p>\n<h2>Drag<\/h2>\n<ul>\n<li>H\u00f6g h\u00e5llfasthet och h\u00e5llbarhet: Den \u00e4r vanligtvis tillverkad av h\u00f6gh\u00e5llfast st\u00e5l eller aluminium, t\u00e5l h\u00f6gt tryck och tunga belastningar, anpassar sig till tuffa arbetsmilj\u00f6er och \u00e4r utformad med slitstyrka och korrosionsbest\u00e4ndighet f\u00f6r att f\u00f6rl\u00e4nga livsl\u00e4ngden.<\/li>\n<li>Effektiv hydraulisk drift: Smidig utskjutning och sammandragning uppn\u00e5s med hj\u00e4lp av hydrauloljetryck, kan reagera snabbt p\u00e5 styrkommandon, ger kraftfulla tryck- och dragkrafter, l\u00e4mplig f\u00f6r hantering av tunga laster och komplexa arbetsuppgifter.<\/li>\n<li>Olika typer: Enkelverkande (hydrauliska anv\u00e4nds endast i en riktning) eller dubbelverkande (hydrauliska anv\u00e4nds i b\u00e5da riktningarna) cylindrar kan v\u00e4ljas efter behov f\u00f6r att m\u00f6ta olika driftsbehov. Vissa modeller \u00e4r teleskopiska, vilket m\u00f6jligg\u00f6r st\u00f6rre utdrag utan att \u00f6ka de yttre m\u00e5tten, l\u00e4mpliga f\u00f6r utrymmesbegr\u00e4nsade till\u00e4mpningar.<\/li>\n<li>Utbytbara: V\u00e5ra produkter kan perfekt ers\u00e4tta dessa hydraulcylindrar.<\/li>\n<\/ul>\n<p><img decoding=\"async\" src=\"https:\/\/www.hydraulic-cylinders.net\/wp-content\/uploads\/2025\/01\/songte-cylinder-head-with-all-kinds-excavator-models.webp\" alt=\"Skopcylinder f\u00f6r Zoomlion stor gr\u00e4vmaskin ZE520E\"><\/p>\n<h2>Applikationer<\/h2>\n<p>Skopcylindern till Zoomlions stora gr\u00e4vmaskin ZE520E kan anv\u00e4ndas inom olika omr\u00e5den, inklusive:<\/p>\n<ul>\n<li>Byggmaskiner: I gr\u00e4vmaskiner \u00e4r de viktiga f\u00f6r att gr\u00e4va, lasta och flytta jord eller skr\u00e4p. I gr\u00e4vlastare hj\u00e4lper skopcylindrar till med gr\u00e4vning och lyftning. <\/li>\n<li>Jordbruksmaskiner: Anv\u00e4nds f\u00f6r frontlastare, f\u00f6r att plocka upp, lyfta och transportera jord, h\u00f6 och andra material. <\/li>\n<li>Gr\u00e4vmaskiner: Skopcylindrar m\u00f6jligg\u00f6r gr\u00e4vning genom att l\u00e5ta skopan tr\u00e4nga ner i jorden.<\/li>\n<li>Lastare: I frontlastare hj\u00e4lper de till med att lyfta och tilta last effektivt.<\/li>\n<\/ul>\n<h2>Design\u00f6verv\u00e4ganden och urvalskriterier<\/h2>\n<p>N\u00e4r det g\u00e4ller design\u00f6verv\u00e4ganden m\u00e5ste viktiga faktorer som b\u00e4rf\u00f6rm\u00e5ga, t\u00e4tning, h\u00e5llbarhet, s\u00e4kerhet och underh\u00e5llbarhet beaktas vid valet av skopcylinder. <\/p>\n<ul>\n<li>B\u00e4rf\u00f6rm\u00e5ga: Cylindern ska kunna motst\u00e5 h\u00f6gt tryck och tunga belastningar f\u00f6r att s\u00e4kerst\u00e4lla korrekt funktion.<\/li>\n<li>T\u00e4tning: Anv\u00e4ndning av olika t\u00e4tningar, s\u00e5som kolvt\u00e4tningar och kolvst\u00e5ngst\u00e4tningar tillverkade av slitstarka material som polyuretan och nitrilgummi, kan bidra till att f\u00f6rhindra oljel\u00e4ckage och kontaminering.<\/li>\n<li>H\u00e5llbarhet: Cylinderns yta b\u00f6r bearbetas noggrant f\u00f6r att f\u00f6rb\u00e4ttra slitstyrkan och korrosionsbest\u00e4ndigheten och f\u00f6rl\u00e4nga livsl\u00e4ngden.<\/li>\n<li>S\u00e4kerhet: Cylinderns design ska vara s\u00e4ker att anv\u00e4nda, vilket minimerar risken f\u00f6r olyckor och skador.<\/li>\n<li>Underh\u00e5llbarhet: Det ska vara enkelt att komma \u00e5t viktiga delar, vilket m\u00f6jligg\u00f6r effektivt och snabbt utbyte och reparation.<\/li>\n<\/ul>\n<p><img decoding=\"async\" src=\"https:\/\/www.hydraulic-cylinders.net\/wp-content\/uploads\/2025\/01\/songte-oil-pipes-and-spare-parts.webp\" alt=\"Skopcylinder f\u00f6r Zoomlion stor gr\u00e4vmaskin ZE520E\"><\/p>\n<h2>T\u00e4tning och sm\u00f6rjning<\/h2>\n<p>Skopscylindern till Zoomlions stora gr\u00e4vmaskin ZE520E anv\u00e4nder olika t\u00e4tningskomponenter, s\u00e5som kolvt\u00e4tningar och st\u00e5ngt\u00e4tningar, tillverkade av slitstarka material som polyuretan och nitrilgummi, f\u00f6r att f\u00f6rhindra oljel\u00e4ckage och kontaminering. Cylinderns yta \u00e4r noggrant bearbetad f\u00f6r att f\u00f6rb\u00e4ttra slitstyrkan och korrosionsbest\u00e4ndigheten f\u00f6r att f\u00f6rl\u00e4nga livsl\u00e4ngden. Regelbunden sm\u00f6rjning med l\u00e4mplig m\u00e4ngd hydraulolja \u00e4r n\u00f6dv\u00e4ndig f\u00f6r att f\u00f6rhindra slitage fr\u00e5n friktion och s\u00e4kerst\u00e4lla korrekt drift.<\/p>\n<p><img decoding=\"async\" src=\"https:\/\/www.hydraulic-cylinders.net\/wp-content\/uploads\/2025\/01\/songte-chushion-collar.webp\" alt=\"Skopcylinder f\u00f6r Zoomlion stor gr\u00e4vmaskin ZE520E\"><\/p>\n<h2>Underh\u00e5ll och fels\u00f6kning<\/h2>\n<p>Regelbundet underh\u00e5ll \u00e4r avg\u00f6rande f\u00f6r att s\u00e4kerst\u00e4lla att skopcylindern fungerar korrekt och f\u00f6rl\u00e4nger dess livsl\u00e4ngd. Vanliga underh\u00e5llsuppgifter inkluderar regelbundna kontroller, l\u00e4mplig sm\u00f6rjning, byte av t\u00e4tningar och kalibreringskontroller. Korrekt installation, sm\u00f6rjning och justering \u00e4r avg\u00f6rande f\u00f6r att s\u00e4kerst\u00e4lla att skopcylindern fungerar effektivt. Vikten av korrekt inriktning och anv\u00e4ndning av l\u00e4mpliga monteringsf\u00e4sten f\u00f6r att s\u00e4kra cylindern kan inte nog betonas. Rekommenderade inspektions-, reparations- och utbytesprocedurer finns tillg\u00e4ngliga, och tillhandah\u00e5ller reservdelar och renoveringstj\u00e4nster, samt ger tips f\u00f6r att \u00f6ka cylinderns livsl\u00e4ngd. <\/p>\n<p><img decoding=\"async\" src=\"https:\/\/www.hydraulic-cylinders.net\/wp-content\/uploads\/2025\/01\/songte-bushings-with-all-kinds-of-excavator-models.webp\" alt=\"Skopcylinder f\u00f6r Zoomlion stor gr\u00e4vmaskin ZE520E\"><\/p>\n<h2>S\u00e4kerhetsaspekter och milj\u00f6faktorer<\/h2>\n<p>Skopcylinderns s\u00e4kra drift \u00e4r avg\u00f6rande, och s\u00e4kerhets\u00e5tg\u00e4rder b\u00f6r alltid vidtas vid installation, drift och underh\u00e5ll av cylindern. Regelbundna inspektioner och f\u00f6rebyggande underh\u00e5ll kan bidra till att minska potentiella problem och s\u00e4kerst\u00e4lla s\u00e4ker drift. Milj\u00f6faktorer som temperatur, fuktighet och terr\u00e4ng m\u00e5ste beaktas f\u00f6r att s\u00e4kerst\u00e4lla korrekt drift och f\u00f6rhindra skador p\u00e5 cylindern.<\/p>\n<h2>Om v\u00e5rt f\u00f6retag<\/h2>\n<p>Vi \u00e4r en tillverkare av hydraulcylindrar som specialiserar sig p\u00e5 att byta ut hydraulcylindrar. V\u00e5rt f\u00f6retag erbjuder ett komplett produktsortiment och har blivit en av de ledande tillverkarna och grossistdistribut\u00f6rerna av hydraulcylindrar p\u00e5 den inhemska och internationella marknaden. Vi f\u00f6ljer utm\u00e4rkt kvalitet och f\u00f6rlitar oss p\u00e5 strategier f\u00f6r industriell produktionsledning baserade p\u00e5 sofistikerade tillverkningsverkst\u00e4der, kontinuerligt f\u00f6rb\u00e4ttrar v\u00e5r tillverkningsplattform och finslipar produktionslinjer med produktkvalitet. Vi har en stark kreativ f\u00f6rm\u00e5ga och tillhandah\u00e5ller effektiva, precisa och h\u00f6gkvalitativa tj\u00e4nster f\u00f6r att m\u00f6ta olika kunders behov. <\/p>\n<p><img decoding=\"async\" src=\"https:\/\/hzpt.com\/wp-content\/uploads\/2024\/11\/songte-company-1.webp\" alt=\"Skopcylinder f\u00f6r Zoomlion stor gr\u00e4vmaskin ZE520E\"><\/p>\n<ul>\n<li>Professionalism, internationell certifiering och skr\u00e4ddarsydda tj\u00e4nster<\/li>\n<li>Produktionsutrustning och eftermarknadsservice<\/li>\n<\/ul>\n<p>F\u00f6rfattare: lyl<\/p>","protected":false},"excerpt":{"rendered":"<p>Bucket Cylinder For Zoomlion Large Excavator ZE520E Introduction The bucket cylinder for Zoomlion large excavator ZE520E is a specially designed hydraulic cylinder that is mainly used to control the movement of the bucket in heavy machinery such as excavators, backhoe loaders, and front-end loaders. Its main function is to enable the bucket to lift, lower, [&hellip;]<\/p>","protected":false},"featured_media":14761,"comment_status":"open","ping_status":"closed","template":"","meta":{"_et_pb_use_builder":"","_et_pb_old_content":"","_et_gb_content_width":""},"product_brand":[],"product_cat":[1494],"product_tag":[1495,1496],"class_list":{"0":"post-15506","1":"product","2":"type-product","3":"status-publish","4":"has-post-thumbnail","6":"product_cat-bucket-cylinders","7":"product_tag-bucket-cylinders","8":"product_tag-hydraulic-cylinders","10":"first","11":"instock","12":"shipping-taxable","13":"product-type-simple"},"amp_enabled":true,"_links":{"self":[{"href":"https:\/\/www.hydraulic-cylinders.net\/sv\/wp-json\/wp\/v2\/product\/15506","targetHints":{"allow":["GET"]}}],"collection":[{"href":"https:\/\/www.hydraulic-cylinders.net\/sv\/wp-json\/wp\/v2\/product"}],"about":[{"href":"https:\/\/www.hydraulic-cylinders.net\/sv\/wp-json\/wp\/v2\/types\/product"}],"replies":[{"embeddable":true,"href":"https:\/\/www.hydraulic-cylinders.net\/sv\/wp-json\/wp\/v2\/comments?post=15506"}],"wp:featuredmedia":[{"embeddable":true,"href":"https:\/\/www.hydraulic-cylinders.net\/sv\/wp-json\/wp\/v2\/media\/14761"}],"wp:attachment":[{"href":"https:\/\/www.hydraulic-cylinders.net\/sv\/wp-json\/wp\/v2\/media?parent=15506"}],"wp:term":[{"taxonomy":"product_brand","embeddable":true,"href":"https:\/\/www.hydraulic-cylinders.net\/sv\/wp-json\/wp\/v2\/product_brand?post=15506"},{"taxonomy":"product_cat","embeddable":true,"href":"https:\/\/www.hydraulic-cylinders.net\/sv\/wp-json\/wp\/v2\/product_cat?post=15506"},{"taxonomy":"product_tag","embeddable":true,"href":"https:\/\/www.hydraulic-cylinders.net\/sv\/wp-json\/wp\/v2\/product_tag?post=15506"}],"curies":[{"name":"wp","href":"https:\/\/api.w.org\/{rel}","templated":true}]}}