{"id":15518,"date":"2025-01-19T14:37:50","date_gmt":"2025-01-19T14:37:50","guid":{"rendered":"https:\/\/www.hydraulic-cylinders.net\/product\/bucket-cylinder-for-sunward-small-excavator-swe150e\/"},"modified":"2025-01-19T14:37:52","modified_gmt":"2025-01-19T14:37:52","slug":"bucket-cylinder-for-sunward-small-excavator-swe150e","status":"publish","type":"product","link":"https:\/\/www.hydraulic-cylinders.net\/sv\/produkt\/bucket-cylinder-for-sunward-small-excavator-swe150e\/","title":{"rendered":"Skopscylinder f\u00f6r Sunward liten gr\u00e4vmaskin SWE150E"},"content":{"rendered":"<h1>Skopscylinder f\u00f6r Sunward liten gr\u00e4vmaskin SWE150E<\/h1>\n<h2>Introduktion<\/h2>\n<p>En skopcylinder \u00e4r en specialdesignad hydraulcylinder som fr\u00e4mst anv\u00e4nds f\u00f6r att styra skopans r\u00f6relse i tunga maskiner som gr\u00e4vmaskiner, gr\u00e4vmaskiner och frontlastare. Dess huvudsakliga funktion \u00e4r att g\u00f6ra det m\u00f6jligt att lyfta, s\u00e4nka och luta skopan, vilket g\u00f6r det enkelt att hantera olika material. I hydraulsystemet uppn\u00e5r skopcylindern exakt kontroll \u00f6ver skopan genom f\u00f6r\u00e4ndringar i hydrauloljetrycket, vilket g\u00f6r det m\u00f6jligt f\u00f6r f\u00f6rare att effektivt hantera tunga laster och anpassa sig till komplexa arbetsmilj\u00f6er och olika driftsbehov.<\/p>\n<p><img decoding=\"async\" src=\"https:\/\/www.hydraulic-cylinders.net\/wp-content\/uploads\/2025\/01\/songte-company-2.webp\" alt=\"Skopscylinder f\u00f6r Sunward liten gr\u00e4vmaskin SWE150E\"><\/p>\n<h2>Drag<\/h2>\n<ol>\n<li><strong>H\u00f6g styrka och h\u00e5llbarhet:<\/strong> Den \u00e4r vanligtvis tillverkad av h\u00f6gh\u00e5llfast st\u00e5l eller aluminium, t\u00e5l h\u00f6gt tryck och tunga belastningar, anpassar sig till tuffa arbetsmilj\u00f6er och \u00e4r konstruerad med slitstyrka och korrosionsbest\u00e4ndighet i \u00e5tanke f\u00f6r att f\u00f6rl\u00e4nga dess livsl\u00e4ngd.<\/li>\n<li><strong>Effektiv hydraulisk drift:<\/strong> M\u00f6jligg\u00f6r smidiga ut- och sammandragningsr\u00f6relser genom hydrauloljetryck, reagerar snabbt p\u00e5 styrkommandon, ger kraftfulla tryck- och dragkrafter och \u00e4r l\u00e4mplig f\u00f6r hantering av tunga laster och komplexa driftsuppgifter.<\/li>\n<li><strong>Olika typer:<\/strong> Enkelverkande (hydrauliska cylindrar anv\u00e4nds endast i en riktning) eller dubbelverkande (hydrauliska cylindrar anv\u00e4nds i b\u00e5da riktningarna) kan v\u00e4ljas efter behov f\u00f6r att m\u00f6ta olika driftskrav. Vissa modeller \u00e4r teleskopiska, vilket m\u00f6jligg\u00f6r st\u00f6rre utdrag utan att \u00f6ka de yttersta m\u00e5tten, vilket g\u00f6r dem l\u00e4mpliga f\u00f6r applikationer med begr\u00e4nsat utrymme.<\/li>\n<li><strong>Tillverkad av oss:<\/strong> V\u00e5ra produkter kan perfekt ers\u00e4tta dessa hydraulcylindrar.<\/li>\n<\/ol>\n<p><img decoding=\"async\" src=\"https:\/\/www.hydraulic-cylinders.net\/wp-content\/uploads\/2025\/01\/songte-cylinder-head-with-all-kinds-excavator-models.webp\" alt=\"Skopscylinder f\u00f6r Sunward liten gr\u00e4vmaskin SWE150E\"><\/p>\n<h2>Applikationer<\/h2>\n<p><strong>Byggutrustning:<\/strong> I gr\u00e4vmaskiner \u00e4r de avg\u00f6rande f\u00f6r att gr\u00e4va, lasta och flytta jord eller skr\u00e4p. I gr\u00e4vmaskiner med gr\u00e4vaggregat hj\u00e4lper skopcylindern till med gr\u00e4vning och lyftning. I frontlastare hj\u00e4lper de till att lyfta och dumpa last effektivt.<\/p>\n<p><strong>Jordbruksmaskiner:<\/strong> Anv\u00e4nds f\u00f6r frontlastare, f\u00f6r att plocka upp, lyfta och transportera jord, h\u00f6 och andra material. I gr\u00e4vmaskiner \u00e5stadkommer skopcylindern gr\u00e4vnings\u00e5tg\u00e4rden genom att l\u00e5ta skopan tr\u00e4nga ner i jorden. I frontlastare hj\u00e4lper de till med att lyfta och luta gods effektivt.<\/p>\n<h2>Design\u00f6verv\u00e4ganden och urvalskriterier<\/h2>\n<p>In terms of design considerations, the bucket cylinder&#8217;s carrying capacity, sealing, durability, safety, and maintainability are discussed in the following points:<\/p>\n<ul>\n<li><strong>B\u00e4righet:<\/strong> Cylindern m\u00e5ste kunna hantera den maximala belastningen den kommer att uts\u00e4ttas f\u00f6r under drift.<\/li>\n<li><strong>T\u00e4tning:<\/strong> Cylindern m\u00e5ste vara konstruerad med olika t\u00e4tningar, s\u00e5som kolvt\u00e4tningar, kolvst\u00e5ngst\u00e4tningar etc., tillverkade av slitstarka material som polyuretan och nitrilgummi. Cylinderhuset och de g\u00e4ngade \u00e4ndytorna \u00e4r finbearbetade f\u00f6r att f\u00f6rb\u00e4ttra slitstyrkan. Regelbunden tillsats av l\u00e4mplig hydraulolja kr\u00e4vs f\u00f6r sm\u00f6rjning.<\/li>\n<li><strong>Varaktighet:<\/strong> Cylindern m\u00e5ste t\u00e5la p\u00e5frestningarna i driftsmilj\u00f6n och vara konstruerad med slitstyrka och korrosionsbest\u00e4ndighet i \u00e5tanke f\u00f6r att f\u00f6rl\u00e4nga dess livsl\u00e4ngd.<\/li>\n<li><strong>S\u00e4kerhet:<\/strong> Cylindern m\u00e5ste installeras och underh\u00e5llas korrekt enligt instruktionerna f\u00f6r att f\u00f6rhindra olyckor och s\u00e4kerst\u00e4lla operat\u00f6rens s\u00e4kerhet.<\/li>\n<li><strong>Underh\u00e5llbarhet:<\/strong> Cylindern m\u00e5ste vara konstruerad f\u00f6r enkel demontering, inspektion och utbyte av delar f\u00f6r att minimera stillest\u00e5ndstid och minska underh\u00e5llskostnader.<\/li>\n<\/ul>\n<p><img decoding=\"async\" src=\"https:\/\/www.hydraulic-cylinders.net\/wp-content\/uploads\/2025\/01\/songte-oil-pipes-and-spare-parts.webp\" alt=\"Skopscylinder f\u00f6r Sunward liten gr\u00e4vmaskin SWE150E\"><\/p>\n<h2>T\u00e4tning och sm\u00f6rjning<\/h2>\n<p>I skopcylindern anv\u00e4nds olika t\u00e4tningar, s\u00e5som kolvt\u00e4tningar och kolvst\u00e5ngst\u00e4tningar, vilka \u00e4r tillverkade av slitstarka material som polyuretan och nitrilgummi. Cylinderhuset och de g\u00e4ngade \u00e4ndytorna \u00e4r finbearbetade f\u00f6r att f\u00f6rb\u00e4ttra slitstyrkan. Regelbunden tillsats av l\u00e4mplig hydraulolja kr\u00e4vs f\u00f6r sm\u00f6rjning.<\/p>\n<h2>Inspektion och f\u00f6rebyggande underh\u00e5lls\u00e5tg\u00e4rder<\/h2>\n<p>Regelbunden inspektion, l\u00e4mplig sm\u00f6rjning, byte av t\u00e4tningar och kalibreringskontroller \u00e4r vanliga underh\u00e5llsuppgifter. Det \u00e4r viktigt att ge korrekt v\u00e4gledning f\u00f6r att justera cylindern under installationen och rekommendera att anv\u00e4nda l\u00e4mpliga installationsf\u00e4sten f\u00f6r att s\u00e4kra cylindern. Rekommenderade inspektions-, reparations- och utbytesprocedurer tillhandah\u00e5lls f\u00f6r att f\u00f6rb\u00e4ttra skopcylinderns livsl\u00e4ngd.<\/p>\n<p><img decoding=\"async\" src=\"https:\/\/www.hydraulic-cylinders.net\/wp-content\/uploads\/2025\/01\/songte-chushion-collar.webp\" alt=\"Skopscylinder f\u00f6r Sunward liten gr\u00e4vmaskin SWE150E\"><\/p>\n<h2>S\u00e4kerhetsaspekter och milj\u00f6faktorer<\/h2>\n<p>Vikten av s\u00e4kerhets\u00e5tg\u00e4rder vid anv\u00e4ndning av skopcylindern betonas n\u00e4r nyckelorden anv\u00e4nds. Det \u00e4r viktigt att f\u00f6lja alla s\u00e4kerhetsriktlinjer och vidta l\u00e4mpliga f\u00f6rsiktighets\u00e5tg\u00e4rder f\u00f6r att f\u00f6rhindra olyckor. Milj\u00f6faktorer som temperatur och fuktighet b\u00f6r ocks\u00e5 beaktas vid anv\u00e4ndning av skopcylindern f\u00f6r att s\u00e4kerst\u00e4lla optimal prestanda och s\u00e4kerhet.<\/p>\n<h2>Feldiagnos och fels\u00f6kning<\/h2>\n<p>Feldiagnos och vanliga problem relaterade till skopcylindern diskuteras i detalj i f\u00f6ljande punkter:<\/p>\n<ul>\n<li><strong>L\u00e4ckage:<\/strong> Kan uppst\u00e5 p\u00e5 grund av slitage eller skador p\u00e5 t\u00e4tningar eller andra komponenter.<\/li>\n<li><strong>L\u00e5ngsam drift:<\/strong> Kan uppst\u00e5 p\u00e5 grund av otillr\u00e4ckligt hydraultryck eller oljef\u00f6rorening.<\/li>\n<li><strong>Buller:<\/strong> Kan uppst\u00e5 p\u00e5 grund av l\u00f6sa komponenter eller feljustering.<\/li>\n<\/ul>\n<p>Tips och l\u00f6sningar f\u00f6r fels\u00f6kning och f\u00f6rebyggande av potentiella problem ges f\u00f6r att hj\u00e4lpa l\u00e4sarna att effektivt diagnostisera och l\u00f6sa problem.<\/p>\n<p><img decoding=\"async\" src=\"https:\/\/www.hydraulic-cylinders.net\/wp-content\/uploads\/2025\/01\/songte-bushings-with-all-kinds-of-excavator-models.webp\" alt=\"Skopscylinder f\u00f6r Sunward liten gr\u00e4vmaskin SWE150E\"><\/p>\n<h2>Om v\u00e5rt f\u00f6retag<\/h2>\n<p>We are a manufacturer of replacement hydraulic cylinders. Our company offers a complete range of products and has become one of the leading manufacturers and wholesale distributors of hydraulic cylinders in domestic and international markets. We follow a strategy of excellent quality and rely on industrial production management in fine manufacturing workshops. From the use of technical talents, digital high-end manufacturing equipment, to the use of professional testing systems, we continue to improve the manufacturing platform of the workshop, improve the quality production line of products, and have strong creative capabilities. We strive to meet customers&#8217; diverse needs with high efficiency, high precision, and high-quality principles.<\/p>\n<p><img decoding=\"async\" src=\"https:\/\/hzpt.com\/wp-content\/uploads\/2024\/11\/songte-company-1.webp\" alt=\"Skopscylinder f\u00f6r Sunward liten gr\u00e4vmaskin SWE150E\"><\/p>\n<h2>Ytterligare information<\/h2>\n<ul>\n<li><strong>Professionalism:<\/strong> V\u00e5rt f\u00f6retag har ett professionellt design- och utvecklingsteam, produktionsteam och s\u00e4ljteam f\u00f6r att f\u00f6rse kunderna med h\u00f6gkvalitativa produkter och tj\u00e4nster.<\/li>\n<li><strong>Internationell certifiering:<\/strong> V\u00e5ra produkter har godk\u00e4nts enligt ISO, CE och andra internationella certifieringar, vilket bevisar kvaliteten och tillf\u00f6rlitligheten hos v\u00e5ra produkter.<\/li>\n<li><strong>Anpassningstj\u00e4nst:<\/strong> We provide customized services to meet customers&#8217; individual needs and requirements.<\/li>\n<li><strong>Produktionsutrustning:<\/strong> V\u00e5rt f\u00f6retag har avancerad produktionsutrustning och testutrustning f\u00f6r att s\u00e4kerst\u00e4lla produktion och kvalitet p\u00e5 produkterna.<\/li>\n<li><strong>Eftermarknadsservice:<\/strong> V\u00e5rt f\u00f6retag erbjuder professionell eftermarknadsservice till kunder, inklusive produktunderh\u00e5ll, reparation och utbytestj\u00e4nster.<\/li>\n<\/ul>\n<p>F\u00f6rfattare: lyl<\/p>","protected":false},"excerpt":{"rendered":"<p>Bucket Cylinder For Sunward Small Excavator SWE150E Introduction A bucket cylinder is a specially designed hydraulic cylinder used primarily to control the movement of the bucket in heavy machinery such as excavators, backhoe excavators, and front-end loaders. Its main function is to enable the bucket to lift, lower, and tilt, making it easy to handle [&hellip;]<\/p>","protected":false},"featured_media":14769,"comment_status":"open","ping_status":"closed","template":"","meta":{"_et_pb_use_builder":"","_et_pb_old_content":"","_et_gb_content_width":""},"product_brand":[],"product_cat":[1494],"product_tag":[1495,1496],"class_list":{"0":"post-15518","1":"product","2":"type-product","3":"status-publish","4":"has-post-thumbnail","6":"product_cat-bucket-cylinders","7":"product_tag-bucket-cylinders","8":"product_tag-hydraulic-cylinders","10":"first","11":"instock","12":"shipping-taxable","13":"product-type-simple"},"amp_enabled":true,"_links":{"self":[{"href":"https:\/\/www.hydraulic-cylinders.net\/sv\/wp-json\/wp\/v2\/product\/15518","targetHints":{"allow":["GET"]}}],"collection":[{"href":"https:\/\/www.hydraulic-cylinders.net\/sv\/wp-json\/wp\/v2\/product"}],"about":[{"href":"https:\/\/www.hydraulic-cylinders.net\/sv\/wp-json\/wp\/v2\/types\/product"}],"replies":[{"embeddable":true,"href":"https:\/\/www.hydraulic-cylinders.net\/sv\/wp-json\/wp\/v2\/comments?post=15518"}],"wp:featuredmedia":[{"embeddable":true,"href":"https:\/\/www.hydraulic-cylinders.net\/sv\/wp-json\/wp\/v2\/media\/14769"}],"wp:attachment":[{"href":"https:\/\/www.hydraulic-cylinders.net\/sv\/wp-json\/wp\/v2\/media?parent=15518"}],"wp:term":[{"taxonomy":"product_brand","embeddable":true,"href":"https:\/\/www.hydraulic-cylinders.net\/sv\/wp-json\/wp\/v2\/product_brand?post=15518"},{"taxonomy":"product_cat","embeddable":true,"href":"https:\/\/www.hydraulic-cylinders.net\/sv\/wp-json\/wp\/v2\/product_cat?post=15518"},{"taxonomy":"product_tag","embeddable":true,"href":"https:\/\/www.hydraulic-cylinders.net\/sv\/wp-json\/wp\/v2\/product_tag?post=15518"}],"curies":[{"name":"wp","href":"https:\/\/api.w.org\/{rel}","templated":true}]}}