{"id":1552,"date":"2023-09-28T08:38:28","date_gmt":"2023-09-28T08:38:28","guid":{"rendered":"https:\/\/hydraulic-cylinders.net\/?post_type=product&#038;p=1552"},"modified":"2025-04-15T05:44:34","modified_gmt":"2025-04-15T05:44:34","slug":"mobile-crane-telescopic-cylinder","status":"publish","type":"product","link":"https:\/\/www.hydraulic-cylinders.net\/sv\/produkt\/mobile-crane-telescopic-cylinder\/","title":{"rendered":"Mobilkran teleskopcylinder"},"content":{"rendered":"<h1 style=\"text-align: center;\"><strong>Mobilkran teleskopcylinder<\/strong><\/h1>\n<p><img loading=\"lazy\" decoding=\"async\" class=\"aligncenter wp-image-1553\" src=\"https:\/\/hydraulic-cylinders.net\/wp-content\/uploads\/2023\/09\/telescopic-cylinder-1-2-300x300.webp\" alt=\"\" width=\"400\" height=\"400\" \/><\/p>\n<p>Mobilkranens teleskopcylinder \u00e4r avg\u00f6rande i mobilkransystem och \u00e4r specifikt utformad f\u00f6r att f\u00f6rb\u00e4ttra r\u00e4ckvidd och lyftprestanda. Denna hydraulcylinder g\u00f6r det m\u00f6jligt f\u00f6r kranf\u00f6rare att f\u00f6rl\u00e4nga kranens bomsektioner, vilket m\u00f6jligg\u00f6r \u00f6kad vertikal och horisontell r\u00e4ckvidd och f\u00f6rb\u00e4ttrad lyftkapacitet.<\/p>\n<p>Mobilkranens teleskopcylinder \u00e4r en avg\u00f6rande komponent som f\u00f6rb\u00e4ttrar mobilkranens r\u00e4ckvidd, lyftkapacitet och totala prestanda. Med sin robusta konstruktion, teleskopiska design, ut\u00f6kade r\u00e4ckvidd och f\u00f6rb\u00e4ttrade lyftkapacitet ger denna hydraulcylinder operat\u00f6rerna m\u00f6jlighet att enkelt och effektivt hantera olika lyftuppgifter. Genom att f\u00f6lja de rekommenderade anv\u00e4ndningsmetoderna och underh\u00e5llspraxisen kan operat\u00f6rerna maximera mobilkranens teleskopcylinders livsl\u00e4ngd och prestanda, vilket bidrar till \u00f6kad produktivitet, m\u00e5ngsidighet och s\u00e4kerhet p\u00e5 byggarbetsplatser och industriella applikationer. Investera i denna viktiga hydrauliska komponent f\u00f6r att h\u00f6ja din mobilkrans kapacitet och s\u00e4kerst\u00e4lla framg\u00e5ngsrika och effektiva lyftoperationer.<\/p>\n<p>Mobilkranens teleskopcylinder, viktiga egenskaper:<\/p>\n<ol>\n<li>Robust konstruktion:<\/li>\n<\/ol>\n<ul>\n<li>Mobilkranens teleskopcylinder \u00e4r konstruerad av h\u00f6gkvalitativa material, vilket s\u00e4kerst\u00e4ller h\u00e5llbarhet och l\u00e5ng livsl\u00e4ngd \u00e4ven under kr\u00e4vande driftsf\u00f6rh\u00e5llanden.<\/li>\n<li>Den \u00e4r konstruerad f\u00f6r att motst\u00e5 tunga belastningar, vibrationer och extrema v\u00e4derf\u00f6rh\u00e5llanden, vilket ger p\u00e5litlig prestanda under hela sin livsl\u00e4ngd.<\/li>\n<\/ul>\n<ol start=\"2\">\n<li>Teleskopisk design:<\/li>\n<\/ol>\n<ul>\n<li>Denna hydraulcylinder har en teleskopmekanism som m\u00f6jligg\u00f6r ut- och indragning av flera bomsektioner.<\/li>\n<li>Den teleskopiska designen g\u00f6r att kranen kan n\u00e5 st\u00f6rre h\u00f6jder och avst\u00e5nd, vilket g\u00f6r den l\u00e4mplig f\u00f6r en m\u00e4ngd olika lyftuppgifter.<\/li>\n<\/ul>\n<ol start=\"3\">\n<li>\u00d6kad r\u00e4ckvidd och flexibilitet:<\/li>\n<\/ol>\n<ul>\n<li>Genom att f\u00f6rl\u00e4nga bomsektionerna \u00f6kar teleskopcylindern kranens r\u00e4ckvidd avsev\u00e4rt, b\u00e5de vertikalt och horisontellt.<\/li>\n<li>Det g\u00f6r det m\u00f6jligt f\u00f6r operat\u00f6rer att komma \u00e5t upph\u00f6jda arbetsomr\u00e5den, man\u00f6vrera runt hinder och n\u00e5 \u00f6ver hinder, vilket f\u00f6rb\u00e4ttrar kranens m\u00e5ngsidighet p\u00e5 arbetsplatsen.<\/li>\n<\/ul>\n<ol start=\"4\">\n<li>F\u00f6rb\u00e4ttrad lyftkapacitet:<\/li>\n<\/ol>\n<ul>\n<li>Teleskopcylindern f\u00f6rb\u00e4ttrar kranens lyftkapacitet genom att ge st\u00f6rre stabilitet och minska belastningen p\u00e5 enskilda bomsektioner.<\/li>\n<li>Den f\u00f6rdelar lasten j\u00e4mnare \u00f6ver den utstr\u00e4ckta bommen, vilket m\u00f6jligg\u00f6r s\u00e4krare och effektivare lyftoperationer.<\/li>\n<\/ul>\n<h2><strong>Parameter f\u00f6r teleskopcylinder f\u00f6r mobilkran:<\/strong><\/h2>\n<table border=\"1\" cellspacing=\"0\" cellpadding=\"0\">\n<tbody>\n<tr>\n<td>Produktnamn<\/td>\n<td>Mobilkran teleskopcylinder<\/td>\n<\/tr>\n<tr>\n<td>Drag:<\/td>\n<td>F\u00f6rst\u00e5 bommens linj\u00e4ra teleskopiska r\u00f6relse<\/td>\n<\/tr>\n<tr>\n<td>Borrdiameter:<\/td>\n<td>75 mm\uff5e360 mm<\/td>\n<\/tr>\n<tr>\n<td>St\u00e5ngdiameter:<\/td>\n<td>50 mm\uff5e320 mm<br \/>\nSlagl\u00e4ngd \u226422000 mm<\/td>\n<\/tr>\n<tr>\n<td>Tryck:<\/td>\n<td>Maximalt 42 MPa<\/td>\n<\/tr>\n<tr>\n<td>Hydraulisk styrcylinder applikationer:<\/td>\n<td>Mobilkran<\/td>\n<\/tr>\n<\/tbody>\n<\/table>\n<h2><strong>Identifieringsdiagram f\u00f6r mobilkran:<\/strong><\/h2>\n<p><img loading=\"lazy\" decoding=\"async\" class=\"alignnone wp-image-1551 size-full\" src=\"https:\/\/hydraulic-cylinders.net\/wp-content\/uploads\/2023\/09\/mobile-crane-cylinder-construction-1.webp\" alt=\"\" width=\"1418\" height=\"946\" srcset=\"https:\/\/hydraulic-cylinders.net\/wp-content\/uploads\/2023\/09\/mobile-crane-cylinder-construction-1.webp 1418w, https:\/\/hydraulic-cylinders.net\/wp-content\/uploads\/2023\/09\/mobile-crane-cylinder-construction-1-1280x854.webp 1280w, https:\/\/hydraulic-cylinders.net\/wp-content\/uploads\/2023\/09\/mobile-crane-cylinder-construction-1-980x654.webp 980w, https:\/\/hydraulic-cylinders.net\/wp-content\/uploads\/2023\/09\/mobile-crane-cylinder-construction-1-480x320.webp 480w\" sizes=\"(min-width: 0px) and (max-width: 480px) 480px, (min-width: 481px) and (max-width: 980px) 980px, (min-width: 981px) and (max-width: 1280px) 1280px, (min-width: 1281px) 1418px, 100vw\" \/><\/p>\n<h2><strong>Anv\u00e4ndningsmetod f\u00f6r mobilkranens teleskopcylinder<\/strong><strong>:<\/strong><\/h2>\n<ol>\n<li><strong>S\u00e4kerhets\u00e5tg\u00e4rder:<\/strong><\/li>\n<\/ol>\n<ul>\n<li>Innan mobilkranen anv\u00e4nds, se till att alla s\u00e4kerhetsf\u00f6reskrifter och riktlinjer f\u00f6ljs.<\/li>\n<li>Genomf\u00f6r en noggrann inspektion av kranen och dess komponenter, inklusive teleskopcylindern, f\u00f6r att s\u00e4kerst\u00e4lla att de \u00e4r i gott skick.<\/li>\n<\/ul>\n<ol start=\"2\">\n<li><strong>Bekanta dig med kontroller:<\/strong><\/li>\n<\/ol>\n<ul>\n<li>F\u00f6rst\u00e5 de styrmekanismer och driftsprocedurer som \u00e4r specifika f\u00f6r din mobilkranmodell.<\/li>\n<li>Identifiera reglagen som ansvarar f\u00f6r att utf\u00e4lla och dra in teleskopbommens sektioner.<\/li>\n<\/ul>\n<ol start=\"3\">\n<li><strong>F\u00f6rl\u00e4ngning av bommen:<\/strong><\/li>\n<\/ol>\n<ul>\n<li>Aktivera l\u00e4mpligt reglage f\u00f6r att f\u00e4lla ut teleskopcylindern, s\u00e5 att bomsektionerna kan utvecklas helt.<\/li>\n<li>F\u00f6lj tillverkarens riktlinjer och lasttabeller f\u00f6r att best\u00e4mma de s\u00e4kra f\u00f6rl\u00e4ngningsgr\u00e4nserna baserat p\u00e5 lastens vikt och radie.<\/li>\n<\/ul>\n<ol start=\"4\">\n<li><strong>Dra in bommen:<\/strong><\/li>\n<\/ol>\n<ul>\n<li>N\u00e4r lyftet \u00e4r klart, aktivera reglaget f\u00f6r att dra in teleskopcylindern och f\u00f6ra bomsektionerna tillbaka till vilol\u00e4ge.<\/li>\n<li>Se till att varje sektion dras in smidigt och \u00e4r korrekt justerad med de intilliggande omr\u00e5dena.<\/li>\n<\/ul>\n<h2><strong>Hur man luftar ett hydraulsystem?<\/strong><\/h2>\n<p>Att lufta ett hydraulsystem \u00e4r n\u00f6dv\u00e4ndigt f\u00f6r att s\u00e4kerst\u00e4lla korrekt drift och f\u00f6rhindra problem som minskad prestanda, svampig respons eller oregelbundet beteende. H\u00e4r \u00e4r en steg-f\u00f6r-steg-guide om hur man luftar ett hydraulsystem:<\/p>\n<ol>\n<li><strong>Identifiera bl\u00f6dningspunkter:<\/strong>\n<ul>\n<li>Best\u00e4m platserna i hydraulsystemet d\u00e4r luft kan samlas. Vanliga avluftningspunkter inkluderar avluftningsventiler, avluftningsskruvar eller kopplingar med avtagbara lock.<\/li>\n<li>Se systemets manual eller tillverkarens riktlinjer f\u00f6r specifik information om avluftningspunkter.<\/li>\n<\/ul>\n<\/li>\n<li><strong>F\u00f6rbered systemet:<\/strong>\n<ul>\n<li>Se till att hydraulsystemet \u00e4r avst\u00e4ngt och att trycket \u00e4r helt utsl\u00e4ppt.<\/li>\n<li>Om till\u00e4mpligt, lokalisera hydraulv\u00e4tskebeh\u00e5llaren och kontrollera v\u00e4tskeniv\u00e5n. H\u00e5ll v\u00e4tskeniv\u00e5n inom det rekommenderade intervallet.<\/li>\n<\/ul>\n<\/li>\n<li><strong>B\u00f6rja vid den l\u00e4gsta punkten:<\/strong>\n<ul>\n<li>B\u00f6rja luftningen vid den l\u00e4gsta punkten i systemet d\u00e4r luft kan samlas.<\/li>\n<li>Lossa luftventilen eller ta bort kopplingslocket f\u00f6r att exponera luftningsskruven.<\/li>\n<\/ul>\n<\/li>\n<li><strong>\u00d6ppna utbl\u00f6dningspunkten:<\/strong>\n<ul>\n<li>Anv\u00e4nd ett l\u00e4mpligt verktyg, s\u00e5som en skiftnyckel eller skruvmejsel, f\u00f6r att l\u00e5ngsamt \u00f6ppna luftningsventilen eller lossa luftningsskruven.<\/li>\n<li>Var f\u00f6rsiktig s\u00e5 att du inte tar bort ventilen eller skruven, vilket kan leda till v\u00e4tskel\u00e4ckage.<\/li>\n<\/ul>\n<\/li>\n<li><strong>Rensa luften:<\/strong>\n<ul>\n<li>N\u00e4r avluftningspunkten \u00f6ppnas kan luftbubblor b\u00f6rja l\u00e4cka ut tillsammans med hydraulv\u00e4tskan.<\/li>\n<li>L\u00e5t luften t\u00f6mmas ur systemet tills ett j\u00e4mnt v\u00e4tskefl\u00f6de utan luftbubblor observeras.<\/li>\n<li>Ha en beh\u00e5llare eller ett absorberande material till hands f\u00f6r att samla upp v\u00e4tska som kan spillas under processen.<\/li>\n<\/ul>\n<\/li>\n<li><strong>St\u00e4ng utbl\u00f6dningspunkten:<\/strong>\n<ul>\n<li>N\u00e4r luften \u00e4r utt\u00f6md, st\u00e4ng luftventilen eller dra \u00e5t luftskruven ordentligt.<\/li>\n<li>Se till att ventilen eller skruven \u00e4r ordentligt t\u00e4tad f\u00f6r att f\u00f6rhindra ytterligare luftintr\u00e4ngning.<\/li>\n<\/ul>\n<\/li>\n<li><strong>G\u00e5 till n\u00e4sta utbl\u00f6dningspunkt:<\/strong>\n<ul>\n<li>Forts\u00e4tt till n\u00e4sta h\u00f6gsta punkt i systemet d\u00e4r luft kan samlas och upprepa steg 4\u20136.<\/li>\n<li>Forts\u00e4tt lufta systemet vid varje identifierad avluftningspunkt och arbeta dig upp till den h\u00f6gsta punkten.<\/li>\n<\/ul>\n<\/li>\n<li><strong>Kontrollera v\u00e4tskeniv\u00e5n:<\/strong>\n<ul>\n<li>\u00d6vervaka v\u00e4tskeniv\u00e5n i beh\u00e5llaren under hela luftningsprocessen och fyll p\u00e5 vid behov.<\/li>\n<li>Anv\u00e4nd den rekommenderade hydraulv\u00e4tskan som anges i systemets handbok eller av tillverkaren.<\/li>\n<\/ul>\n<\/li>\n<li><strong>Testa och verifiera:<\/strong>\n<ul>\n<li>Efter att alla identifierade punkter har luftats, man\u00f6vrera hydraulsystemet f\u00f6r att s\u00e4kerst\u00e4lla korrekt funktion.<\/li>\n<li>Kontrollera efter tecken p\u00e5 svampig reaktion, onormala ljud eller oregelbundet beteende.<\/li>\n<li>Upprepa luftningsprocessen om problemen kvarst\u00e5r eller kontakta en kvalificerad tekniker f\u00f6r ytterligare hj\u00e4lp.<\/li>\n<\/ul>\n<\/li>\n<\/ol>\n<h2><strong>Fabrikens kapacitet och kapacitet:<\/strong><\/h2>\n<h3>(1) Montering<\/h3>\n<p>Vi har en f\u00f6rstklassig oberoende forsknings- och utvecklingsplattform. Verkstaden f\u00f6r tillverkning av hydraulcylindrar har fyra halvautomatiska monteringslinjer f\u00f6r lyftcylindrar och en automatisk monteringslinje f\u00f6r tiltcylindrar, med en planerad \u00e5rlig produktionskapacitet p\u00e5 1 miljon enheter. Specialcylinderverkstaden \u00e4r utrustad med olika specifikationer f\u00f6r ett halvautomatiskt reng\u00f6ringsmonteringssystem med en planerad \u00e5rlig produktionskapacitet p\u00e5 200 000 och utrustad med k\u00e4nd CNC-bearbetningsutrustning, ett fleroperationscenter, en specialutrustning f\u00f6r h\u00f6gprecisionscylindrar, en robotsvetsmaskin, en automatisk reng\u00f6ringsmaskin, en automatisk cylindermonteringsmaskin och en automatisk produktionslinje f\u00f6r m\u00e5lning. Befintlig kritisk utrustning p\u00e5 mer \u00e4n 300 set (set). Optimal allokering och effektiv anv\u00e4ndning av utrustningsresurser s\u00e4kerst\u00e4ller produkternas noggrannhetskrav och uppfyller produkternas h\u00f6ga kvalitetsbehov.<\/p>\n<p><img loading=\"lazy\" decoding=\"async\" class=\"alignnone wp-image-626\" src=\"https:\/\/hydraulic-cylinders.net\/wp-content\/uploads\/2023\/08\/hydraulic-cylinder-product-1-300x158.webp\" alt=\"\" width=\"495\" height=\"260\" srcset=\"https:\/\/hydraulic-cylinders.net\/wp-content\/uploads\/2023\/08\/hydraulic-cylinder-product-1-300x158.webp 495w, https:\/\/hydraulic-cylinders.net\/wp-content\/uploads\/2023\/08\/hydraulic-cylinder-product-1-480x252.webp 480w\" sizes=\"(min-width: 0px) and (max-width: 480px) 480px, (min-width: 481px) 495px, 100vw\" \/> <img loading=\"lazy\" decoding=\"async\" class=\"alignnone wp-image-627\" src=\"https:\/\/hydraulic-cylinders.net\/wp-content\/uploads\/2023\/08\/hydraulic-cylinder-product-2-300x189.webp\" alt=\"\" width=\"413\" height=\"260\" \/><\/p>\n<h3>(2) Maskinbearbetning<\/h3>\n<p>Bearbetningsverkstaden \u00e4r utrustad med en specialanpassad svarvcentral f\u00f6r lutande r\u00e4ls, bearbetningscenter, h\u00f6ghastighetsh\u00f6nsmaskin, svetsrobot och annan relaterad utrustning, som kan hantera bearbetning av cylinderr\u00f6r med en maximal innerdiameter p\u00e5 400 mm och en maximal l\u00e4ngd p\u00e5 6 meter.<\/p>\n<p><img loading=\"lazy\" decoding=\"async\" class=\"alignnone wp-image-628 size-large\" src=\"https:\/\/hydraulic-cylinders.net\/wp-content\/uploads\/2023\/08\/hydraulic-cylinder-product-3-1024x391.webp\" alt=\"\" width=\"1024\" height=\"391\" srcset=\"https:\/\/hydraulic-cylinders.net\/wp-content\/uploads\/2023\/08\/hydraulic-cylinder-product-3-980x374.webp 980w, https:\/\/hydraulic-cylinders.net\/wp-content\/uploads\/2023\/08\/hydraulic-cylinder-product-3-480x183.webp 480w\" sizes=\"(min-width: 0px) and (max-width: 480px) 480px, (min-width: 481px) and (max-width: 980px) 980px, (min-width: 981px) 1024px, 100vw\" \/><\/p>\n<h3>(3) Svetsning<\/h3>\n<p><img loading=\"lazy\" decoding=\"async\" class=\"alignnone wp-image-629 size-large\" src=\"https:\/\/hydraulic-cylinders.net\/wp-content\/uploads\/2023\/08\/hydraulic-cylinder-product-4-1024x510.webp\" alt=\"\" width=\"1024\" height=\"510\" srcset=\"https:\/\/hydraulic-cylinders.net\/wp-content\/uploads\/2023\/08\/hydraulic-cylinder-product-4-980x488.webp 980w, https:\/\/hydraulic-cylinders.net\/wp-content\/uploads\/2023\/08\/hydraulic-cylinder-product-4-480x239.webp 480w\" sizes=\"(min-width: 0px) and (max-width: 480px) 480px, (min-width: 481px) and (max-width: 980px) 980px, (min-width: 981px) 1024px, 100vw\" \/><\/p>\n<h3>(4) M\u00e5lning och ytbehandling<\/h3>\n<p>Med sm\u00e5 och medelstora cylindriska automatiska vattenbaserade f\u00e4rgbel\u00e4ggningslinjer, f\u00f6r att uppn\u00e5 automatisk robotlastning och lossning samt automatisk sprutning, \u00e4r den designade kapaciteten 4000 stycken per skift;<br \/>\nVi har \u00e4ven en halvautomatisk f\u00e4rgproduktionslinje f\u00f6r stora cylindrar som drivs av en sl\u00e4pkedja, med en designkapacitet p\u00e5 60 l\u00e5dor per skift.<\/p>\n<p><img loading=\"lazy\" decoding=\"async\" class=\"alignnone wp-image-630\" src=\"https:\/\/hydraulic-cylinders.net\/wp-content\/uploads\/2023\/08\/hydraulic-cylinder-product-5-300x213.webp\" alt=\"\" width=\"366\" height=\"260\" \/> <img loading=\"lazy\" decoding=\"async\" class=\"alignnone wp-image-631\" src=\"https:\/\/hydraulic-cylinders.net\/wp-content\/uploads\/2023\/08\/hydraulic-cylinder-product-6-300x225.webp\" alt=\"\" width=\"347\" height=\"260\" \/><\/p>\n<h3>(5) Testning<\/h3>\n<p>Vi har f\u00f6rstklassiga inspektionsanl\u00e4ggningar och testb\u00e4ddar f\u00f6r att s\u00e4kerst\u00e4lla att cylinderns prestanda uppfyller kraven.<\/p>\n<p><img loading=\"lazy\" decoding=\"async\" class=\"alignnone wp-image-632\" src=\"https:\/\/hydraulic-cylinders.net\/wp-content\/uploads\/2023\/08\/hydraulic-cylinder-product-8-300x200.webp\" alt=\"\" width=\"389\" height=\"260\" \/><\/p>\n<p>&nbsp;<\/p>\n<p>&nbsp;<\/p>\n<p>Vi \u00e4r en av de b\u00e4sta tillverkarna av hydraulcylindrar. Vi kan erbjuda ett helt\u00e4ckande utbud av hydraulcylindrar. Vi tillhandah\u00e5ller \u00e4ven motsvarande <a href=\"https:\/\/hzpt.com\/agricultural-pto-gearbox\/\" target=\"_blank\" rel=\"noopener\">jordbruksv\u00e4xell\u00e5dor<\/a>Vi har exporterat v\u00e5ra produkter till kunder \u00f6ver hela v\u00e4rlden och f\u00e5tt ett gott rykte tack vare v\u00e5r \u00f6verl\u00e4gsna produktkvalitet och kundservice. Vi v\u00e4lkomnar kunder b\u00e5de hemma och utomlands att kontakta oss f\u00f6r att f\u00f6rhandla aff\u00e4rer, utbyta information och <a href=\"https:\/\/www.hydraulic-cylinders.net\/sv\/contact-us\/\">samarbeta med oss<\/a>!<\/p>","protected":false},"excerpt":{"rendered":"<p>Mobile Crane Telescopic Cylinder The mobile crane telescopic cylinder is vital in mobile crane systems and is specifically designed to enhance reach and lifting performance. This hydraulic cylinder enables crane operators to extend the boom sections of the crane, allowing for increased vertical and horizontal reach and improved lifting capacity. The mobile crane telescopic cylinder [&hellip;]<\/p>","protected":false},"featured_media":1559,"comment_status":"open","ping_status":"closed","template":"","meta":{"_et_pb_use_builder":"","_et_pb_old_content":"","_et_gb_content_width":""},"product_brand":[],"product_cat":[1550,1514,1552,1393],"product_tag":[1380],"class_list":{"0":"post-1552","1":"product","2":"type-product","3":"status-publish","4":"has-post-thumbnail","6":"product_cat-double-acting-hydraulic-cylinder","7":"product_cat-mobile-crane-hydraulic-cylinders","8":"product_cat-stainless-steel-hydraulic-cylinder","9":"product_cat-telescopic-hydraulic-cylinder","10":"product_tag-hydraulic-cylinder","12":"first","13":"instock","14":"shipping-taxable","15":"product-type-simple"},"amp_enabled":true,"_links":{"self":[{"href":"https:\/\/www.hydraulic-cylinders.net\/sv\/wp-json\/wp\/v2\/product\/1552","targetHints":{"allow":["GET"]}}],"collection":[{"href":"https:\/\/www.hydraulic-cylinders.net\/sv\/wp-json\/wp\/v2\/product"}],"about":[{"href":"https:\/\/www.hydraulic-cylinders.net\/sv\/wp-json\/wp\/v2\/types\/product"}],"replies":[{"embeddable":true,"href":"https:\/\/www.hydraulic-cylinders.net\/sv\/wp-json\/wp\/v2\/comments?post=1552"}],"wp:featuredmedia":[{"embeddable":true,"href":"https:\/\/www.hydraulic-cylinders.net\/sv\/wp-json\/wp\/v2\/media\/1559"}],"wp:attachment":[{"href":"https:\/\/www.hydraulic-cylinders.net\/sv\/wp-json\/wp\/v2\/media?parent=1552"}],"wp:term":[{"taxonomy":"product_brand","embeddable":true,"href":"https:\/\/www.hydraulic-cylinders.net\/sv\/wp-json\/wp\/v2\/product_brand?post=1552"},{"taxonomy":"product_cat","embeddable":true,"href":"https:\/\/www.hydraulic-cylinders.net\/sv\/wp-json\/wp\/v2\/product_cat?post=1552"},{"taxonomy":"product_tag","embeddable":true,"href":"https:\/\/www.hydraulic-cylinders.net\/sv\/wp-json\/wp\/v2\/product_tag?post=1552"}],"curies":[{"name":"wp","href":"https:\/\/api.w.org\/{rel}","templated":true}]}}