{"id":15527,"date":"2025-01-19T14:38:27","date_gmt":"2025-01-19T14:38:27","guid":{"rendered":"https:\/\/www.hydraulic-cylinders.net\/product\/bucket-cylinder-for-sunward-large-excavator-swe470elr\/"},"modified":"2025-01-19T14:38:29","modified_gmt":"2025-01-19T14:38:29","slug":"bucket-cylinder-for-sunward-large-excavator-swe470elr","status":"publish","type":"product","link":"https:\/\/www.hydraulic-cylinders.net\/sv\/produkt\/bucket-cylinder-for-sunward-large-excavator-swe470elr\/","title":{"rendered":"Skopscylinder f\u00f6r Sunward stor gr\u00e4vmaskin SWE470ELR"},"content":{"rendered":"<p><html><\/p>\n<h1>Skopscylinder f\u00f6r Sunward stor gr\u00e4vmaskin SWE470ELR<\/h1>\n<h2>Introduktion<\/h2>\n<p>En skopcylinder \u00e4r en specialdesignad hydraulcylinder som anv\u00e4nds f\u00f6r att styra skopans r\u00f6relse i tunga maskiner som gr\u00e4vmaskiner, gr\u00e4vlastare och frontlastare. Dess huvudsakliga funktion \u00e4r att g\u00f6ra det m\u00f6jligt att lyfta, s\u00e4nka och luta skopan, vilket g\u00f6r det enklare att hantera olika materialhanteringsuppgifter. I hydraulsystemet uppn\u00e5r skopcylindern exakt kontroll \u00f6ver skopan genom att utnyttja tryckf\u00f6r\u00e4ndringen i hydrauloljan, vilket g\u00f6r det m\u00f6jligt f\u00f6r operat\u00f6rer att effektivt hantera tunga laster och anpassa sig till komplexa arbetsmilj\u00f6er och olika driftskrav.<\/p>\n<p><img decoding=\"async\" src=\"https:\/\/www.hydraulic-cylinders.net\/wp-content\/uploads\/2025\/01\/songte-company-2.webp\" alt=\"Bild av skopcylinder\"><\/p>\n<h2>Drag<\/h2>\n<ul>\n<li>H\u00f6g h\u00e5llfasthet och h\u00e5llbarhet: Den \u00e4r vanligtvis tillverkad av h\u00f6gh\u00e5llfast st\u00e5l eller aluminium och t\u00e5l h\u00f6gt tryck och tunga belastningar, vilket g\u00f6r den l\u00e4mplig f\u00f6r tuffa arbetsmilj\u00f6er. Designen tar h\u00e4nsyn till slitstyrka och korrosionsbest\u00e4ndighet, vilket f\u00f6rl\u00e4nger dess livsl\u00e4ngd.<\/li>\n<li>Effektiv hydraulisk drift: Genom att utnyttja hydrauloljans tryck f\u00f6r att uppn\u00e5 smidiga ut- och indragningsr\u00f6relser kan den snabbt reagera p\u00e5 kontrollkommandon och ge kraftfulla tryck- och dragkrafter som \u00e4r l\u00e4mpliga f\u00f6r hantering av tunga laster och komplexa uppgifter.<\/li>\n<li>Olika typer: Skopscylindern kan v\u00e4ljas som enkelverkande (hydraulisk anv\u00e4nds endast i en riktning) eller dubbelverkande (hydraulisk anv\u00e4nds i tv\u00e5 riktningar) cylindrar beroende p\u00e5 behov, f\u00f6r att uppfylla olika driftskrav. Vissa modeller \u00e4r teleskopiska, vilket m\u00f6jligg\u00f6r st\u00f6rre utdrag utan att \u00f6ka de yttersta m\u00e5tten, vilket g\u00f6r dem l\u00e4mpliga f\u00f6r applikationer med begr\u00e4nsat utrymme.<\/li>\n<li>Perfekt ers\u00e4ttning: V\u00e5ra produkter kan perfekt ers\u00e4tta dessa hydraulcylindrar.<\/li>\n<\/ul>\n<p><img decoding=\"async\" src=\"https:\/\/www.hydraulic-cylinders.net\/wp-content\/uploads\/2025\/01\/songte-cylinder-head-with-all-kinds-excavator-models.webp\" alt=\"Produktbild\"><\/p>\n<h2>Applikationer<\/h2>\n<h3>Byggutrustning<\/h3>\n<p>Skopcylindrar \u00e4r viktiga i gr\u00e4vmaskiner f\u00f6r att gr\u00e4va, lasta och flytta jord eller skr\u00e4p. I gr\u00e4vlastare hj\u00e4lper skopcylindern till vid b\u00e5de gr\u00e4vning och lyftning.<\/p>\n<h3>Jordbruksmaskiner<\/h3>\n<p>Anv\u00e4nds i frontlastare f\u00f6r att \u00f6sa, lyfta och transportera jord, h\u00f6 och andra material.<\/p>\n<h3>Gr\u00e4vmaskiner<\/h3>\n<p>Skopans cylinder m\u00f6jligg\u00f6r gr\u00e4vning genom att l\u00e5ta skopan tr\u00e4nga ner i jorden.<\/p>\n<h3>Lastare<\/h3>\n<p>I frontlastare hj\u00e4lper de till att lyfta och dumpa gods effektivt.<\/p>\n<h2>Design\u00f6verv\u00e4ganden och urvalskriterier<\/h2>\n<ul>\n<li>B\u00e4rf\u00f6rm\u00e5ga: Diskutera f\u00f6rm\u00e5gan att motst\u00e5 tunga belastningar.<\/li>\n<li>T\u00e4tning: Diskutera vikten av korrekt t\u00e4tning f\u00f6r att f\u00f6rhindra l\u00e4ckage.<\/li>\n<li>H\u00e5llbarhet: Diskutera design\u00f6verv\u00e4ganden f\u00f6r l\u00e5ngvarig prestanda.<\/li>\n<li>S\u00e4kerhet: Diskutera s\u00e4kerhetsaspekterna vid konstruktionen av skopcylindern.<\/li>\n<li>Underh\u00e5llbarhet: Diskutera hur enkelt det \u00e4r att underh\u00e5lla och reparera skopcylindern.<\/li>\n<\/ul>\n<p><img decoding=\"async\" src=\"https:\/\/www.hydraulic-cylinders.net\/wp-content\/uploads\/2025\/01\/songte-oil-pipes-and-spare-parts.webp\" alt=\"Design och reservdelsbild\"><\/p>\n<h2>T\u00e4tning och sm\u00f6rjning<\/h2>\n<p>Skopscylindern anv\u00e4nder olika t\u00e4tningskomponenter s\u00e5som kolvt\u00e4tningar och kolvst\u00e5ngst\u00e4tningar tillverkade av slitstarka material som polyuretan och nitrilgummi. Cylinderhuset och de g\u00e4ngade \u00e4ndarna \u00e4r fint bearbetade f\u00f6r att f\u00f6rb\u00e4ttra slitstyrkan. Regelbunden sm\u00f6rjning med l\u00e4mplig m\u00e4ngd hydraulolja kr\u00e4vs f\u00f6r att s\u00e4kerst\u00e4lla smidig drift.<\/p>\n<h2>Regelbunden inspektion och f\u00f6rebyggande underh\u00e5ll<\/h2>\n<p>Regelbundna inspektioner och f\u00f6rebyggande underh\u00e5lls\u00e5tg\u00e4rder \u00e4r avg\u00f6rande f\u00f6r att s\u00e4kerst\u00e4lla optimal prestanda och livsl\u00e4ngd f\u00f6r skopcylindern. Dessa \u00e5tg\u00e4rder inkluderar:<\/p>\n<ul>\n<li>Regelbunden inspektion av cylinderkomponenterna.<\/li>\n<li>Korrekt sm\u00f6rjning av r\u00f6rliga delar.<\/li>\n<li>Byte av t\u00e4tning vid behov.<\/li>\n<li>Kalibreringskontroller f\u00f6r att bibeh\u00e5lla noggrannheten.<\/li>\n<\/ul>\n<p><img decoding=\"async\" src=\"https:\/\/www.hydraulic-cylinders.net\/wp-content\/uploads\/2025\/01\/songte-chushion-collar.webp\" alt=\"Bild av underh\u00e5llstips\"><\/p>\n<h2>S\u00e4kerhetsaspekter och milj\u00f6faktorer<\/h2>\n<p>Vid anv\u00e4ndning av skopcylindern \u00e4r det avg\u00f6rande att f\u00f6lja s\u00e4kerhets\u00e5tg\u00e4rderna f\u00f6r att f\u00f6rhindra olyckor och s\u00e4kerst\u00e4lla en s\u00e4ker arbetsmilj\u00f6. \u00d6verv\u00e4ganden b\u00f6r inkludera korrekt utbildning, att f\u00f6lja s\u00e4kerhetsriktlinjer och att anv\u00e4nda personlig skyddsutrustning.<\/p>\n<h2>Feldiagnos och fels\u00f6kning<\/h2>\n<p>Vanliga fel och problem som kan uppst\u00e5 med skopcylindern b\u00f6r diskuteras, tillsammans med tips f\u00f6r fels\u00f6kning och l\u00f6sning av dessa problem. Dessutom b\u00f6r f\u00f6rebyggande \u00e5tg\u00e4rder f\u00f6resl\u00e5s f\u00f6r att minimera potentiella problem.<\/p>\n<p><img decoding=\"async\" src=\"https:\/\/www.hydraulic-cylinders.net\/wp-content\/uploads\/2025\/01\/songte-bushings-with-all-kinds-of-excavator-models.webp\" alt=\"Feldiagnos och fels\u00f6kningsbild\"><\/p>\n<h2>Installationsguide<\/h2>\n<p>Tillhandah\u00e5ll en omfattande installationsguide f\u00f6r skopcylindern, inklusive justeringsinstruktioner och rekommendationer f\u00f6r anv\u00e4ndning av l\u00e4mpliga installationsf\u00e4sten f\u00f6r att s\u00e4kra cylindern. Rekommenderade inspektions-, reparations- och utbytesprocedurer b\u00f6r ocks\u00e5 tillhandah\u00e5llas f\u00f6r att \u00f6ka skopcylinderns livsl\u00e4ngd. Tips f\u00f6r utbyte av delar och ombyggnad b\u00f6r inkluderas.<\/p>\n<h2>Regelbundna underh\u00e5llsuppgifter<\/h2>\n<p>Lista och diskutera tre vanliga underh\u00e5llsuppgifter, s\u00e5som regelbundna inspektioner, l\u00e4mplig sm\u00f6rjning, byte av t\u00e4tningar och kalibreringskontroller. Betona vikten av korrekt installation, sm\u00f6rjning och justering. Ge v\u00e4gledning om korrekt justering av cylindern under installationen och rekommendera anv\u00e4ndning av l\u00e4mpliga installationsf\u00e4sten f\u00f6r att s\u00e4kra cylindern. Rekommenderade inspektions-, reparations- och utbytesprocedurer b\u00f6r tillhandah\u00e5llas, tillsammans med tips f\u00f6r att f\u00f6rl\u00e4nga skopcylinderns livsl\u00e4ngd.<\/p>\n<p><img decoding=\"async\" src=\"https:\/\/www.hydraulic-cylinders.net\/wp-content\/uploads\/2025\/01\/songte-company-1.webp\" alt=\"Bild av regelbundna underh\u00e5llsuppgifter\"><\/p>\n<h2>V\u00e5rt f\u00f6retag<\/h2>\n<p>Vi \u00e4r en tillverkare av hydraulcylindrar f\u00f6r reservdelar och erbjuder ett brett utbud av produkter. Vi har blivit en av de ledande tillverkarna och grossistdistribut\u00f6rerna av hydraulcylindrar p\u00e5 inhemska och internationella marknader. V\u00e5rt f\u00f6retag f\u00f6ljer principerna om utm\u00e4rkt kvalitet och f\u00f6rlitar sig p\u00e5 industrialiserade produktionsstrategier i v\u00e5r f\u00f6rfinade tillverkningsverkstad. Med hj\u00e4lp av teknisk kompetens, digital avancerad tillverkningsutrustning och professionella testsystem f\u00f6rb\u00e4ttrar vi kontinuerligt v\u00e5r tillverkningsplattform och f\u00f6rb\u00e4ttrar v\u00e5r produktkvalitet i produktionsv\u00e4gar. V\u00e5rt f\u00f6retag har en stark innovationsf\u00f6rm\u00e5ga och vi str\u00e4var efter att m\u00f6ta olika kunders behov med h\u00f6g effektivitet, h\u00f6g precision och h\u00f6gkvalitativa principer.<\/p>\n<p><img decoding=\"async\" src=\"https:\/\/www.hydraulic-cylinders.net\/wp-content\/uploads\/2025\/01\/songte-company-3.webp\" alt=\"F\u00f6retagsbild\"><\/p>\n<p>Ytterligare information om v\u00e5rt f\u00f6retag:<\/p>\n<ul>\n<li>Professionalism och expertis<\/li>\n<li>Internationella certifieringar<\/li>\n<li>Anpassningstj\u00e4nster<\/li>\n<li>Produktionsutrustning<\/li>\n<li>Eftermarknadsservice<\/li>\n<\/ul>\n<p>F\u00f6rfattare: lyl<\/p>\n<p><\/html><\/p>","protected":false},"excerpt":{"rendered":"<p>Bucket Cylinder For Sunward Large Excavator SWE470ELR Introduction A bucket cylinder is a specially designed hydraulic cylinder used to control the movement of the bucket in heavy machinery such as excavators, backhoe loaders, and front-end loaders. Its main function is to enable the bucket to be lifted, lowered, and tilted, making it easier to handle [&hellip;]<\/p>","protected":false},"featured_media":14782,"comment_status":"open","ping_status":"closed","template":"","meta":{"_et_pb_use_builder":"","_et_pb_old_content":"","_et_gb_content_width":""},"product_brand":[],"product_cat":[1494],"product_tag":[1495,1496],"class_list":{"0":"post-15527","1":"product","2":"type-product","3":"status-publish","4":"has-post-thumbnail","6":"product_cat-bucket-cylinders","7":"product_tag-bucket-cylinders","8":"product_tag-hydraulic-cylinders","10":"first","11":"instock","12":"shipping-taxable","13":"product-type-simple"},"amp_enabled":true,"_links":{"self":[{"href":"https:\/\/www.hydraulic-cylinders.net\/sv\/wp-json\/wp\/v2\/product\/15527","targetHints":{"allow":["GET"]}}],"collection":[{"href":"https:\/\/www.hydraulic-cylinders.net\/sv\/wp-json\/wp\/v2\/product"}],"about":[{"href":"https:\/\/www.hydraulic-cylinders.net\/sv\/wp-json\/wp\/v2\/types\/product"}],"replies":[{"embeddable":true,"href":"https:\/\/www.hydraulic-cylinders.net\/sv\/wp-json\/wp\/v2\/comments?post=15527"}],"wp:featuredmedia":[{"embeddable":true,"href":"https:\/\/www.hydraulic-cylinders.net\/sv\/wp-json\/wp\/v2\/media\/14782"}],"wp:attachment":[{"href":"https:\/\/www.hydraulic-cylinders.net\/sv\/wp-json\/wp\/v2\/media?parent=15527"}],"wp:term":[{"taxonomy":"product_brand","embeddable":true,"href":"https:\/\/www.hydraulic-cylinders.net\/sv\/wp-json\/wp\/v2\/product_brand?post=15527"},{"taxonomy":"product_cat","embeddable":true,"href":"https:\/\/www.hydraulic-cylinders.net\/sv\/wp-json\/wp\/v2\/product_cat?post=15527"},{"taxonomy":"product_tag","embeddable":true,"href":"https:\/\/www.hydraulic-cylinders.net\/sv\/wp-json\/wp\/v2\/product_tag?post=15527"}],"curies":[{"name":"wp","href":"https:\/\/api.w.org\/{rel}","templated":true}]}}