{"id":15528,"date":"2025-01-19T14:38:30","date_gmt":"2025-01-19T14:38:30","guid":{"rendered":"https:\/\/www.hydraulic-cylinders.net\/product\/bucket-cylinder-for-sunward-large-excavator-swe470e\/"},"modified":"2025-01-19T14:38:32","modified_gmt":"2025-01-19T14:38:32","slug":"bucket-cylinder-for-sunward-large-excavator-swe470e","status":"publish","type":"product","link":"https:\/\/www.hydraulic-cylinders.net\/sv\/produkt\/bucket-cylinder-for-sunward-large-excavator-swe470e\/","title":{"rendered":"Skopscylinder f\u00f6r Sunward stor gr\u00e4vmaskin SWE470E"},"content":{"rendered":"<h1>Skopscylinder f\u00f6r Sunward stor gr\u00e4vmaskin SWE470E<\/h1>\n<h2>Introduktion<\/h2>\n<p>En skopcylinder \u00e4r en typ av hydraulcylinder som \u00e4r specifikt utformad f\u00f6r att styra skopans r\u00f6relse i tunga maskiner som gr\u00e4vmaskiner, gr\u00e4vmaskiner och frontlastare. Dess prim\u00e4ra funktion \u00e4r att g\u00f6ra det m\u00f6jligt f\u00f6r skopan att lyfta, s\u00e4nka och luta, vilket g\u00f6r det enklare att hantera olika materialhanteringsuppgifter. I ett hydraulsystem uppn\u00e5r skopcylindern exakt kontroll \u00f6ver skopan genom f\u00f6r\u00e4ndringar i hydrauloljetrycket, vilket g\u00f6r det m\u00f6jligt f\u00f6r f\u00f6rare att effektivt hantera tunga laster och anpassa sig till komplexa arbetsmilj\u00f6er och olika driftsbehov.<\/p>\n<p><img decoding=\"async\" src=\"https:\/\/www.hydraulic-cylinders.net\/wp-content\/uploads\/2025\/01\/songte-company-2.webp\"><\/p>\n<h3>Drag<\/h3>\n<ul>\n<li><strong>H\u00f6g styrka och h\u00e5llbarhet:<\/strong> Skopcylindrar \u00e4r vanligtvis tillverkade av h\u00f6gh\u00e5llfast st\u00e5l eller aluminium och t\u00e5l h\u00f6gt tryck och tunga belastningar, anpassar sig till tuffa arbetsmilj\u00f6er och \u00e4r konstruerade med n\u00f6tningsbest\u00e4ndighet och korrosionsbest\u00e4ndighet f\u00f6r att f\u00f6rl\u00e4nga deras livsl\u00e4ngd.<\/li>\n<li><strong>Effektiv hydraulisk drift:<\/strong> Genom att anv\u00e4nda hydrauloljetryck f\u00f6r att uppn\u00e5 j\u00e4mn ut- och sammandragning kan cylindern reagera snabbt p\u00e5 man\u00f6verkommandon och ge kraftfulla tryck- och dragkrafter, l\u00e4mpliga f\u00f6r hantering av tunga laster och komplexa driftsuppgifter.<\/li>\n<li><strong>Brett utbud av typer:<\/strong> Skopscylindrar finns i enkelverkande (hydrauliska i en riktning) eller dubbelverkande (hydrauliska i tv\u00e5 riktningar) utf\u00f6randen f\u00f6r att m\u00f6ta olika driftsbehov. Vissa modeller \u00e4r teleskopiska, vilket m\u00f6jligg\u00f6r st\u00f6rre utdrag utan att \u00f6ka de yttre m\u00e5tten, vilket g\u00f6r dem idealiska f\u00f6r applikationer med begr\u00e4nsat utrymme.<\/li>\n<\/ul>\n<p>Vi kan producera och tillhandah\u00e5lla perfekta ers\u00e4ttningar f\u00f6r dessa hydraulcylindrar. V\u00e5r produkt kan anpassas efter kundens behov och specifikationer.<\/p>\n<p><img decoding=\"async\" src=\"https:\/\/www.hydraulic-cylinders.net\/wp-content\/uploads\/2025\/01\/songte-cylinder-head-with-all-kinds-excavator-models.webp\"><\/p>\n<h2>Applikationer<\/h2>\n<p>Skopcylindrar anv\u00e4nds ofta i entreprenadmaskiner, jordbruksmaskiner, gr\u00e4vmaskiner och frontlastare. De \u00e4r viktiga f\u00f6r att gr\u00e4va, lasta och flytta jord eller skr\u00e4p. I gr\u00e4vlastare hj\u00e4lper skopcylindern till med gr\u00e4vning och lyftning. I frontlastare hj\u00e4lper de till med att lyfta och tilta laster effektivt.<\/p>\n<p>F\u00f6ljande \u00e4r n\u00e5gra av deras till\u00e4mpningsomr\u00e5den:<\/p>\n<ul>\n<li><strong>Byggutrustning:<\/strong> I entreprenadmaskiner anv\u00e4nds de f\u00f6r att gr\u00e4va, lasta och flytta jord eller skr\u00e4p. De \u00e4r viktiga komponenter i gr\u00e4vmaskiner, traktorgr\u00e4vare och frontlastare.<\/li>\n<li><strong>Jordbruksmaskiner:<\/strong> De anv\u00e4nds i frontlastare och hj\u00e4lper till med att transportera jord, h\u00f6 och annat material.<\/li>\n<li><strong>Gr\u00e4vmaskiner:<\/strong> Skopscylindrar hj\u00e4lper till vid gr\u00e4vning, och deras design g\u00f6r att skopan kan tr\u00e4nga igenom jorden.<\/li>\n<li><strong>Frontlastare:<\/strong> De \u00e4r viktiga f\u00f6r att lyfta och lossa tunga laster effektivt.<\/li>\n<\/ul>\n<h2>Design\u00f6verv\u00e4ganden och urvalskriterier<\/h2>\n<p>Vid val och design av skopcylindrar m\u00e5ste flera faktorer beaktas f\u00f6r att s\u00e4kerst\u00e4lla optimal prestanda och livsl\u00e4ngd, inklusive:<\/p>\n<ul>\n<li><strong>B\u00e4rkraft:<\/strong> Skopscylindrar m\u00e5ste vara konstruerade f\u00f6r att motst\u00e5 betydande belastningar och tryck.<\/li>\n<li><strong>T\u00e4tning:<\/strong> Anv\u00e4ndningen av olika t\u00e4tningskomponenter s\u00e5som kolvt\u00e4tningar, kolvst\u00e5ngst\u00e4tningar etc. \u00e4r avg\u00f6rande f\u00f6r att s\u00e4kerst\u00e4lla korrekt t\u00e4tning och f\u00f6rhindra l\u00e4ckage.<\/li>\n<li><strong>Varaktighet:<\/strong> Cylinderkonstruktionen b\u00f6r beakta n\u00f6tningsbest\u00e4ndighet och korrosionsbest\u00e4ndighet f\u00f6r att f\u00f6rl\u00e4nga dess livsl\u00e4ngd.<\/li>\n<li><strong>S\u00e4kerhet:<\/strong> S\u00e4kerhetsfunktioner, s\u00e5som s\u00e4kerhetsventiler, b\u00f6r inkluderas f\u00f6r att f\u00f6rhindra systemfel och operat\u00f6rsskador.<\/li>\n<li><strong>Underh\u00e5llbarhet:<\/strong> Cylinderkonstruktionen b\u00f6r beakta enkel underh\u00e5ll och reparation.<\/li>\n<\/ul>\n<p><img decoding=\"async\" src=\"https:\/\/www.hydraulic-cylinders.net\/wp-content\/uploads\/2025\/01\/songte-oil-pipes-and-spare-parts.webp\"><\/p>\n<h2>T\u00e4tning och sm\u00f6rjning<\/h2>\n<p>Skopscylindrar kr\u00e4ver anv\u00e4ndning av olika t\u00e4tningskomponenter s\u00e5som kolvt\u00e4tningar, kolvst\u00e5ngst\u00e4tningar etc. f\u00f6r att s\u00e4kerst\u00e4lla korrekt t\u00e4tning och f\u00f6rhindra l\u00e4ckage. Material som polyuretan och nitrilgummi anv\u00e4nds ofta f\u00f6r sin h\u00f6ga n\u00f6tningsbest\u00e4ndighet. Dessutom \u00e4r korrekt sm\u00f6rjning med hydraulolja n\u00f6dv\u00e4ndig f\u00f6r optimal cylinderprestanda. Regelbundna oljebyten och inspektioner kr\u00e4vs ocks\u00e5 f\u00f6r att s\u00e4kerst\u00e4lla att cylindern fungerar smidigt och med minimalt slitage.<\/p>\n<h2>Underh\u00e5ll och reparation<\/h2>\n<p>Regelbunden inspektion och f\u00f6rebyggande underh\u00e5ll \u00e4r avg\u00f6rande f\u00f6r att s\u00e4kerst\u00e4lla att skopcylindrarna fungerar korrekt och h\u00e5ller l\u00e4ngre. N\u00e5gra vanliga underh\u00e5llsuppgifter inkluderar:<\/p>\n<ul>\n<li><strong>Regelbunden inspektion:<\/strong> Regelbundna inspektioner kan hj\u00e4lpa till att uppt\u00e4cka problem innan de blir allvarliga. Kontroll av l\u00e4ckor, skador och slitage \u00e4r avg\u00f6rande.<\/li>\n<li><strong>Korrekt sm\u00f6rjning:<\/strong> Regelbunden sm\u00f6rjning s\u00e4kerst\u00e4ller att cylindern fungerar smidigt och med minimalt slitage. <\/li>\n<li><strong>Byte av t\u00e4tning:<\/strong> T\u00e4tningar kan beh\u00f6va bytas ut regelbundet p\u00e5 grund av slitage. Det \u00e4r viktigt att anv\u00e4nda h\u00f6gkvalitativa reservt\u00e4tningar.<\/li>\n<\/ul>\n<p>Korrekt installation \u00e4r ocks\u00e5 avg\u00f6rande f\u00f6r att s\u00e4kerst\u00e4lla optimal prestanda och l\u00e5ng livsl\u00e4ngd f\u00f6r en skopcylinder. Korrekt uppriktningsv\u00e4gledning och anv\u00e4ndning av l\u00e4mpliga installationsf\u00e4sten f\u00f6r att s\u00e4kra cylindern \u00e4r tillr\u00e5dliga. Det rekommenderas ocks\u00e5 att f\u00f6lja de rekommenderade inspektions-, reparations- och utbytesprocedurerna som anges i tillverkarens manual.<\/p>\n<p><img decoding=\"async\" src=\"https:\/\/www.hydraulic-cylinders.net\/wp-content\/uploads\/2025\/01\/songte-chushion-collar.webp\"><\/p>\n<h2>S\u00e4kerhetsaspekter och milj\u00f6faktorer<\/h2>\n<p>Vid anv\u00e4ndning av skopcylindrar b\u00f6r s\u00e4kerhets\u00e5tg\u00e4rder vidtas f\u00f6r att f\u00f6rhindra skador och olyckor. Detta inkluderar korrekt utbildning, anv\u00e4ndning av s\u00e4kerhetsutrustning, att f\u00f6lja etablerade s\u00e4kerhetsrutiner och att f\u00f6lja alla relevanta s\u00e4kerhetsf\u00f6reskrifter och riktlinjer.<\/p>\n<p>Milj\u00f6faktorer, s\u00e5som bullerniv\u00e5 och utsl\u00e4pp fr\u00e5n cylindern, b\u00f6r ocks\u00e5 beaktas. L\u00e4mpliga \u00e5tg\u00e4rder, s\u00e5som bullerreducerande material och utsl\u00e4ppskontrollsystem, kan beh\u00f6va implementeras f\u00f6r att mildra potentiellt skadliga effekter.<\/p>\n<h2>Vanliga problem och fels\u00f6kning<\/h2>\n<p>N\u00e5gra vanliga problem som kan uppst\u00e5 vid anv\u00e4ndning av skopcylindrar inkluderar l\u00e4ckage av hydraulv\u00e4tska, cylinderfel och d\u00e5lig prestanda. Korrekt fels\u00f6kning, s\u00e5som att kontrollera l\u00e4ckor, inspektera cylindern f\u00f6r skador och verifiera hydraulv\u00e4tskeniv\u00e5n, kan hj\u00e4lpa till att identifiera problemet. Vid behov b\u00f6r tillverkarens manual konsulteras f\u00f6r mer detaljerade instruktioner om hur man diagnostiserar och reparerar specifika problem. Regelbundet underh\u00e5ll kan bidra till att f\u00f6rhindra att dessa problem uppst\u00e5r.<\/p>\n<p><img decoding=\"async\" src=\"https:\/\/www.hydraulic-cylinders.net\/wp-content\/uploads\/2025\/01\/songte-bushings-with-all-kinds-of-excavator-models.webp\"><\/p>\n<h2>Om v\u00e5rt f\u00f6retag<\/h2>\n<p>Vi \u00e4r en tillverkare av hydraulcylindrar och erbjuder ett komplett sortiment av produkter. Vi har blivit en av de ledande tillverkarna och grossistdistribut\u00f6rerna av hydraulcylindrar p\u00e5 b\u00e5de inhemska och internationella marknader. Vi f\u00f6ljer principen om utm\u00e4rkt kvalitet och f\u00f6rlitar oss p\u00e5 strategier f\u00f6r industriell produktionsledning i noggrant utformade tillverkningsverkst\u00e4der. V\u00e5rt f\u00f6retag f\u00f6rb\u00e4ttrar kontinuerligt tillverkningsplattformens effektivitet, precision och kvalitet genom att anv\u00e4nda tekniska talanger, digital avancerad tillverkningsutrustning och professionella testsystem. Vi producerar h\u00f6gkvalitativa cylindrar f\u00f6r att m\u00f6ta kundernas olika behov, inklusive skr\u00e4ddarsydda tj\u00e4nster.<\/p>\n<p>V\u00e5rt f\u00f6retags styrkor inkluderar:<\/p>\n<ul>\n<li><strong>Professionalism:<\/strong> V\u00e5rt expertteam \u00e4r specialiserat p\u00e5 design och produktion av hydraulcylindrar, vilket s\u00e4kerst\u00e4ller kvaliteten p\u00e5 v\u00e5ra produkter.<\/li>\n<li><strong>Internationella certifieringar:<\/strong> Vi har erh\u00e5llit olika internationella certifieringar, inklusive ISO-, CE- och SGS-certifieringar, vilket visar p\u00e5 v\u00e5ra produkters h\u00f6ga kvalitet och s\u00e4kerhet.<\/li>\n<li><strong>Anpassade tj\u00e4nster:<\/strong> Vi kan anpassa v\u00e5ra hydraulcylindrar f\u00f6r att m\u00f6ta kundernas specifika behov och erbjuda design- och teknisk support.<\/li>\n<li><strong>Toppmodern tillverkningsutrustning:<\/strong> V\u00e5r avancerade tillverkningsutrustning s\u00e4kerst\u00e4ller att vi kan producera h\u00f6gkvalitativa hydraulcylindrar effektivt och noggrant.<\/li>\n<li><strong>Utm\u00e4rkt kundservice:<\/strong> V\u00e5rt f\u00f6retag erbjuder utm\u00e4rkt eftermarknadsservice, inklusive reparation, utbyte och ombyggnad.<\/li>\n<\/ul>\n<p><img decoding=\"async\" src=\"https:\/\/hzpt.com\/wp-content\/uploads\/2024\/11\/songte-company-1.webp\"><\/p>\n<p>F\u00f6rfattare: lyl<\/p>","protected":false},"excerpt":{"rendered":"<p>Bucket Cylinder For Sunward Large Excavator SWE470E Introduction A bucket cylinder is a type of hydraulic cylinder designed specifically to control the movement of the bucket in heavy machinery such as excavators, backhoes, and front-end loaders. Its primary function is to enable the bucket to lift, lower, and tilt, making it easier to handle various [&hellip;]<\/p>","protected":false},"featured_media":14780,"comment_status":"open","ping_status":"closed","template":"","meta":{"_et_pb_use_builder":"","_et_pb_old_content":"","_et_gb_content_width":""},"product_brand":[],"product_cat":[1494],"product_tag":[1495,1496],"class_list":{"0":"post-15528","1":"product","2":"type-product","3":"status-publish","4":"has-post-thumbnail","6":"product_cat-bucket-cylinders","7":"product_tag-bucket-cylinders","8":"product_tag-hydraulic-cylinders","10":"first","11":"instock","12":"shipping-taxable","13":"product-type-simple"},"amp_enabled":true,"_links":{"self":[{"href":"https:\/\/www.hydraulic-cylinders.net\/sv\/wp-json\/wp\/v2\/product\/15528","targetHints":{"allow":["GET"]}}],"collection":[{"href":"https:\/\/www.hydraulic-cylinders.net\/sv\/wp-json\/wp\/v2\/product"}],"about":[{"href":"https:\/\/www.hydraulic-cylinders.net\/sv\/wp-json\/wp\/v2\/types\/product"}],"replies":[{"embeddable":true,"href":"https:\/\/www.hydraulic-cylinders.net\/sv\/wp-json\/wp\/v2\/comments?post=15528"}],"wp:featuredmedia":[{"embeddable":true,"href":"https:\/\/www.hydraulic-cylinders.net\/sv\/wp-json\/wp\/v2\/media\/14780"}],"wp:attachment":[{"href":"https:\/\/www.hydraulic-cylinders.net\/sv\/wp-json\/wp\/v2\/media?parent=15528"}],"wp:term":[{"taxonomy":"product_brand","embeddable":true,"href":"https:\/\/www.hydraulic-cylinders.net\/sv\/wp-json\/wp\/v2\/product_brand?post=15528"},{"taxonomy":"product_cat","embeddable":true,"href":"https:\/\/www.hydraulic-cylinders.net\/sv\/wp-json\/wp\/v2\/product_cat?post=15528"},{"taxonomy":"product_tag","embeddable":true,"href":"https:\/\/www.hydraulic-cylinders.net\/sv\/wp-json\/wp\/v2\/product_tag?post=15528"}],"curies":[{"name":"wp","href":"https:\/\/api.w.org\/{rel}","templated":true}]}}