{"id":15531,"date":"2025-01-19T14:38:49","date_gmt":"2025-01-19T14:38:49","guid":{"rendered":"https:\/\/www.hydraulic-cylinders.net\/product\/bucket-cylinder-for-sunward-hybrid-excavator-swe230s\/"},"modified":"2025-01-19T14:38:51","modified_gmt":"2025-01-19T14:38:51","slug":"bucket-cylinder-for-sunward-hybrid-excavator-swe230s","status":"publish","type":"product","link":"https:\/\/www.hydraulic-cylinders.net\/sv\/produkt\/bucket-cylinder-for-sunward-hybrid-excavator-swe230s\/","title":{"rendered":"Skopscylinder f\u00f6r Sunward hybridgr\u00e4vmaskin SWE230S"},"content":{"rendered":"<h1>Skopscylinder f\u00f6r Sunward hybridgr\u00e4vmaskin SWE230S<\/h1>\n<h2>Introduktion<\/h2>\n<p>Skopcylindern, \u00e4ven k\u00e4nd som en hydraulcylinder, \u00e4r en specialcylinder utformad f\u00f6r att styra skopans r\u00f6relse i tunga maskiner som gr\u00e4vmaskiner, gr\u00e4vmaskiner och frontlastare. Dess huvudsakliga funktion \u00e4r att g\u00f6ra det m\u00f6jligt f\u00f6r skopan att lyfta, s\u00e4nka och luta, vilket g\u00f6r det enklare att hantera olika materialhanteringsuppgifter. I det hydrauliska systemet uppn\u00e5r skopcylindern exakt kontroll \u00f6ver skopans r\u00f6relse genom f\u00f6r\u00e4ndringar i hydrauloljetrycket, vilket g\u00f6r det m\u00f6jligt f\u00f6r f\u00f6rare att effektivt hantera tunga laster och anpassa sig till komplexa arbetsmilj\u00f6er och olika arbetskrav.<\/p>\n<p><img decoding=\"async\" src=\"https:\/\/www.hydraulic-cylinders.net\/wp-content\/uploads\/2025\/01\/songte-company-2.webp\" alt=\"Bild av skopcylinder\"><\/p>\n<h2>Drag<\/h2>\n<ul>\n<li>\n<h3>H\u00f6g styrka och h\u00e5llbarhet<\/h3>\n<p>Skopcylindern \u00e4r vanligtvis tillverkad av h\u00f6gh\u00e5llfast st\u00e5l eller aluminium, som t\u00e5l h\u00f6gt tryck och tunga belastningar, och \u00e4r konstruerad med h\u00e4nsyn till slitstyrka och korrosionsbest\u00e4ndighet f\u00f6r att f\u00f6rl\u00e4nga dess livsl\u00e4ngd.<\/p>\n<\/li>\n<li>\n<h3>Effektiv hydraulisk drift<\/h3>\n<p>Skopcylindern anv\u00e4nder hydrauloljetryck f\u00f6r att uppn\u00e5 en j\u00e4mn teleskopisk r\u00f6relse, som snabbt kan reagera p\u00e5 styrkommandon, ge kraftfull tryck- och dragkraft och \u00e4r l\u00e4mplig f\u00f6r hantering av tunga laster och komplexa arbetsuppgifter.<\/p>\n<\/li>\n<li>\n<h3>M\u00e5ngfald av typer<\/h3>\n<p>Skopscylindern kan v\u00e4ljas som enkelverkande (hydraulisk endast i en riktning) eller dubbelverkande (hydraulisk i b\u00e5da riktningarna) cylinder beroende p\u00e5 behovet f\u00f6r att uppfylla olika driftskrav. Vissa modeller \u00e4r teleskopiska, vilket m\u00f6jligg\u00f6r st\u00f6rre utdrag utan att \u00f6ka de yttersta m\u00e5tten, vilket g\u00f6r dem l\u00e4mpliga f\u00f6r applikationer med begr\u00e4nsat utrymme.<\/p>\n<\/li>\n<li>\n<h3>Ers\u00e4ttning f\u00f6r andra hydraulcylindrar<\/h3>\n<p>V\u00e5r produkt kan perfekt ers\u00e4tta dessa hydraulcylindrar och erbjuda h\u00f6gkvalitativ service till en l\u00e4gre kostnad.<\/p>\n<\/li>\n<\/ul>\n<p><img decoding=\"async\" src=\"https:\/\/www.hydraulic-cylinders.net\/wp-content\/uploads\/2025\/01\/songte-cylinder-head-with-all-kinds-excavator-models.webp\" alt=\"Bild f\u00f6r utbyte av skopcylinder\"><\/p>\n<h2>Applikationer<\/h2>\n<p>Skopscylindern anv\u00e4nds ofta i olika tunga maskiner och utrustningar:<\/p>\n<ul>\n<li>\n<h3>Byggutrustning<\/h3>\n<p>De finns i gr\u00e4vmaskiner och \u00e4r viktiga f\u00f6r att gr\u00e4va, lasta och flytta jord eller skr\u00e4p. I gr\u00e4vmaskiner hj\u00e4lper skopcylindern till med b\u00e5de gr\u00e4vning och lyftning. <\/p>\n<\/li>\n<li>\n<h3>Jordbruksmaskiner<\/h3>\n<p>Anv\u00e4nds i frontlastare f\u00f6r att skopa, lyfta och transportera jord, h\u00f6 och andra material. I gr\u00e4vmaskiner m\u00f6jligg\u00f6r skopcylindern gr\u00e4vning genom att l\u00e5ta skopan tr\u00e4nga ner i jorden.<\/p>\n<\/li>\n<li>\n<h3>Lastarutrustning<\/h3>\n<p>I frontlastare hj\u00e4lper de till med att lyfta och tilta gods effektivt.<\/p>\n<\/li>\n<\/ul>\n<h2>Design\u00f6verv\u00e4ganden och urvalskriterier<\/h2>\n<p>Vid val och konstruktion av skopcylindrar b\u00f6r f\u00f6ljande faktorer beaktas:<\/p>\n<ul>\n<li>\n<h3>B\u00e4rkraft<\/h3>\n<p>Skopcylindern m\u00e5ste kunna b\u00e4ra vikten av den last den b\u00e4r, samt motst\u00e5 yttre krafter som acceleration, st\u00f6tar och vibrationer.<\/p>\n<\/li>\n<li>\n<h3>T\u00e4tning<\/h3>\n<p>Skopscylindern b\u00f6r vara konstruerad med effektiv t\u00e4tning f\u00f6r att f\u00f6rhindra l\u00e4ckage av hydraulolja och minimera slitage p\u00e5 cylinderkomponenterna. Anv\u00e4ndning av slitstarka material som polyuretan och nitrilgummi f\u00f6r kolv- och st\u00e5ngt\u00e4tningar rekommenderas. Cylinderhuset och de g\u00e4ngade \u00e4ndytorna b\u00f6r behandlas noggrant f\u00f6r att f\u00f6rb\u00e4ttra slitstyrkan. Regelbunden tillsats av l\u00e4mplig m\u00e4ngd hydraulolja kr\u00e4vs f\u00f6r sm\u00f6rjning.<\/p>\n<\/li>\n<li>\n<h3>Varaktighet<\/h3>\n<p>Skopscylindern ska kunna motst\u00e5 tuffa arbetsmilj\u00f6er, motst\u00e5 korrosion och ha l\u00e5ng livsl\u00e4ngd. Anv\u00e4ndning av h\u00f6gh\u00e5llfasta material, noggrann v\u00e4rmebehandling och precisionsbearbetning kan \u00f6ka cylinderns h\u00e5llbarhet.<\/p>\n<\/li>\n<li>\n<h3>S\u00e4kerhet och underh\u00e5ll<\/h3>\n<p>Skopcylindern b\u00f6r vara konstruerad med s\u00e4kerhetsfunktioner som n\u00f6dstoppventiler och \u00f6verbelastningsskydd f\u00f6r att s\u00e4kerst\u00e4lla s\u00e4ker drift. Regelbunden inspektion och underh\u00e5ll kr\u00e4vs f\u00f6r att s\u00e4kerst\u00e4lla korrekt funktion och f\u00f6r att uppt\u00e4cka och \u00e5tg\u00e4rda potentiella problem innan de blir allvarliga. Byte av slitna delar och renovering rekommenderas f\u00f6r att f\u00f6rl\u00e4nga skopcylinderns livsl\u00e4ngd.<\/p>\n<\/li>\n<\/ul>\n<p><img decoding=\"async\" src=\"https:\/\/www.hydraulic-cylinders.net\/wp-content\/uploads\/2025\/01\/songte-oil-pipes-and-spare-parts.webp\" alt=\"Bild av skopcylinderdelar\"><\/p>\n<h2>Installationsguide<\/h2>\n<p>Korrekt installation av skopcylindern \u00e4r avg\u00f6rande f\u00f6r att s\u00e4kerst\u00e4lla s\u00e4ker och effektiv drift. F\u00f6ljande riktlinjer b\u00f6r f\u00f6ljas:<\/p>\n<ul>\n<li>\n<h3>Justera cylindern korrekt<\/h3>\n<p>Rikta in cylindern och monteringsf\u00e4stena f\u00f6r att s\u00e4kerst\u00e4lla korrekt installationsposition.<\/p>\n<\/li>\n<li>\n<h3>Anv\u00e4nd l\u00e4mpliga monteringsf\u00e4sten<\/h3>\n<p>Anv\u00e4nd l\u00e4mpliga monteringsf\u00e4sten f\u00f6r att f\u00e4sta cylindern p\u00e5 plats.<\/p>\n<\/li>\n<li>\n<h3>Regelbunden inspektion och underh\u00e5ll<\/h3>\n<p>Utf\u00f6r regelbunden inspektion och underh\u00e5ll, inklusive sm\u00f6rjning, byte av t\u00e4tningar och kalibreringskontroller, f\u00f6r att s\u00e4kerst\u00e4lla att skopcylindern fungerar korrekt.<\/p>\n<\/li>\n<\/ul>\n<p><img decoding=\"async\" src=\"https:\/\/www.hydraulic-cylinders.net\/wp-content\/uploads\/2025\/01\/songte-chushion-collar.webp\" alt=\"Bild f\u00f6r installation av skopcylinder\"><\/p>\n<h2>S\u00e4kerhetsaspekter och milj\u00f6faktorer<\/h2>\n<p>Vid anv\u00e4ndning av skopcylindern b\u00f6r s\u00e4kerhets\u00e5tg\u00e4rder vidtas f\u00f6r att undvika olyckor och skador. Korrekt anv\u00e4ndning och underh\u00e5ll av cylindern kan ocks\u00e5 bidra till att minska dess milj\u00f6p\u00e5verkan.<\/p>\n<h2>Fels\u00f6kning och vanliga problem<\/h2>\n<p>Vanliga problem med skopcylindern inkluderar oljel\u00e4ckage, skador p\u00e5 cylinderhuset, kolven, st\u00e5ngen och t\u00e4tningarna, samt fel p\u00e5 hydraulsystemet. Fels\u00f6kning och reparation b\u00f6r utf\u00f6ras s\u00e5 snart som m\u00f6jligt f\u00f6r att f\u00f6rhindra ytterligare skador och undvika olyckor.<\/p>\n<h2>Slutsats<\/h2>\n<p>V\u00e5rt f\u00f6retag \u00e4r en ledande tillverkare och grossist av hydraulcylindrar p\u00e5 den inhemska och internationella marknaden, med ett brett produktsortiment och utm\u00e4rkt kvalitet. Vi str\u00e4var efter att tillhandah\u00e5lla h\u00f6geffektiva, h\u00f6gprecisions- och h\u00f6gkvalitativa produkter och tj\u00e4nster f\u00f6r att m\u00f6ta v\u00e5ra kunders olika behov.<\/p>\n<p><img decoding=\"async\" src=\"https:\/\/hzpt.com\/wp-content\/uploads\/2024\/11\/songte-company-1.webp\" alt=\"Bild av f\u00f6retagets hinkcylinder\"><\/p>\n<h3>F\u00f6rfattare: lyl<\/h3>","protected":false},"excerpt":{"rendered":"<p>Bucket Cylinder For Sunward Hybrid Excavator SWE230S Introduction The bucket cylinder, also known as a hydraulic cylinder, is a specialized cylinder designed to control the movement of the bucket in heavy machinery such as excavators, backhoes, and front loaders. Its main function is to enable the bucket to lift, lower, and tilt, making it easier [&hellip;]<\/p>","protected":false},"featured_media":14773,"comment_status":"open","ping_status":"closed","template":"","meta":{"_et_pb_use_builder":"","_et_pb_old_content":"","_et_gb_content_width":""},"product_brand":[],"product_cat":[1494],"product_tag":[1495,1496],"class_list":{"0":"post-15531","1":"product","2":"type-product","3":"status-publish","4":"has-post-thumbnail","6":"product_cat-bucket-cylinders","7":"product_tag-bucket-cylinders","8":"product_tag-hydraulic-cylinders","10":"first","11":"instock","12":"shipping-taxable","13":"product-type-simple"},"amp_enabled":true,"_links":{"self":[{"href":"https:\/\/www.hydraulic-cylinders.net\/sv\/wp-json\/wp\/v2\/product\/15531","targetHints":{"allow":["GET"]}}],"collection":[{"href":"https:\/\/www.hydraulic-cylinders.net\/sv\/wp-json\/wp\/v2\/product"}],"about":[{"href":"https:\/\/www.hydraulic-cylinders.net\/sv\/wp-json\/wp\/v2\/types\/product"}],"replies":[{"embeddable":true,"href":"https:\/\/www.hydraulic-cylinders.net\/sv\/wp-json\/wp\/v2\/comments?post=15531"}],"wp:featuredmedia":[{"embeddable":true,"href":"https:\/\/www.hydraulic-cylinders.net\/sv\/wp-json\/wp\/v2\/media\/14773"}],"wp:attachment":[{"href":"https:\/\/www.hydraulic-cylinders.net\/sv\/wp-json\/wp\/v2\/media?parent=15531"}],"wp:term":[{"taxonomy":"product_brand","embeddable":true,"href":"https:\/\/www.hydraulic-cylinders.net\/sv\/wp-json\/wp\/v2\/product_brand?post=15531"},{"taxonomy":"product_cat","embeddable":true,"href":"https:\/\/www.hydraulic-cylinders.net\/sv\/wp-json\/wp\/v2\/product_cat?post=15531"},{"taxonomy":"product_tag","embeddable":true,"href":"https:\/\/www.hydraulic-cylinders.net\/sv\/wp-json\/wp\/v2\/product_tag?post=15531"}],"curies":[{"name":"wp","href":"https:\/\/api.w.org\/{rel}","templated":true}]}}