{"id":15543,"date":"2025-01-19T14:39:41","date_gmt":"2025-01-19T14:39:41","guid":{"rendered":"https:\/\/www.hydraulic-cylinders.net\/product\/bucket-cylinder-for-lishide-middle-excavator-sc270-8lc\/"},"modified":"2025-01-19T14:39:49","modified_gmt":"2025-01-19T14:39:49","slug":"bucket-cylinder-for-lishide-middle-excavator-sc270-8lc","status":"publish","type":"product","link":"https:\/\/www.hydraulic-cylinders.net\/sv\/produkt\/bucket-cylinder-for-lishide-middle-excavator-sc270-8lc\/","title":{"rendered":"Skopscylinder f\u00f6r Lishide mellangr\u00e4vmaskin SC270.8LC"},"content":{"rendered":"<h1>Skopscylinder f\u00f6r Lishide mellangr\u00e4vmaskin SC270.8LC<\/h1>\n<p>Introduktion:<\/p>\n<h2>Definition av skopcylinder<\/h2>\n<p>Skopcylindern \u00e4r en specialdesignad hydraulcylinder som anv\u00e4nds f\u00f6r att styra skopans r\u00f6relse i tunga maskiner som gr\u00e4vmaskiner, gr\u00e4vlastare och frontlastare. Dess huvudsakliga funktion \u00e4r att g\u00f6ra det m\u00f6jligt att lyfta, s\u00e4nka och luta skopan, vilket underl\u00e4ttar olika materialhanteringsuppgifter. I hydraulsystemet uppn\u00e5r skopcylindern exakt kontroll \u00f6ver skopan genom tryckf\u00f6r\u00e4ndringar i hydrauloljan, vilket g\u00f6r det m\u00f6jligt f\u00f6r operat\u00f6rer att hantera tunga laster effektivt och anpassa sig till komplexa arbetsmilj\u00f6er och olika driftsbehov.<\/p>\n<p><img decoding=\"async\" src=\"https:\/\/www.hydraulic-cylinders.net\/wp-content\/uploads\/2025\/01\/songte-company-2.webp\"><\/p>\n<h2>Funktioner hos skopcylindern<\/h2>\n<ol>\n<li>H\u00f6g h\u00e5llfasthet och h\u00e5llbarhet: Den \u00e4r vanligtvis tillverkad av h\u00f6gh\u00e5llfast st\u00e5l eller aluminium och t\u00e5l h\u00f6gt tryck och tunga belastningar, vilket g\u00f6r den l\u00e4mplig f\u00f6r tuffa arbetsmilj\u00f6er. Designen tar h\u00e4nsyn till slitstyrka och korrosionsbest\u00e4ndighet, vilket f\u00f6rl\u00e4nger livsl\u00e4ngden.<\/li>\n<li>Effektiv hydraulisk drift: Genom att utnyttja hydrauloljans tryck f\u00f6r att uppn\u00e5 smidiga ut- och sammandragningsr\u00f6relser kan den snabbt reagera p\u00e5 kontrollkommandon och ge kraftfulla tryck- och dragkrafter som \u00e4r l\u00e4mpliga f\u00f6r hantering av tunga laster och komplexa uppgifter.<\/li>\n<li>Olika typer: Skopscylindrar kan v\u00e4ljas som enkelverkande (hydrauliska i endast en riktning) eller dubbelverkande (hydrauliska i b\u00e5da riktningarna) beroende p\u00e5 behov, f\u00f6r att m\u00f6ta olika driftskrav. Vissa modeller \u00e4r teleskopiska, vilket m\u00f6jligg\u00f6r st\u00f6rre utdrag utan att \u00f6ka de yttersta m\u00e5tten, l\u00e4mpliga f\u00f6r applikationer med begr\u00e4nsat utrymme.<\/li>\n<li>Perfekt ers\u00e4ttning: V\u00e5ra produkter kan perfekt ers\u00e4tta dessa hydraulcylindrar.<\/li>\n<\/ol>\n<p><img decoding=\"async\" src=\"https:\/\/www.hydraulic-cylinders.net\/wp-content\/uploads\/2025\/01\/songte-cylinder-head-with-all-kinds-excavator-models.webp\"><\/p>\n<h2>Till\u00e4mpningar av hinkcylinder<\/h2>\n<ul>\n<li>Byggutrustning: De finns i gr\u00e4vmaskiner och \u00e4r avg\u00f6rande f\u00f6r att gr\u00e4va, lasta och flytta jord eller skr\u00e4p. I gr\u00e4vlastare hj\u00e4lper skopcylindrar till b\u00e5de vid gr\u00e4vning och lyftning.<\/li>\n<li>Jordbruksmaskiner: Anv\u00e4nds i frontlastare f\u00f6r att \u00f6sa, lyfta och transportera jord, h\u00f6 och andra material.<\/li>\n<li>Gr\u00e4vmaskiner: Skopscylindrar utf\u00f6r gr\u00e4vning genom att l\u00e5ta skopan tr\u00e4nga ner i jorden.<\/li>\n<li>Lastare: Frontlastare hj\u00e4lper till att lyfta och dumpa gods effektivt.<\/li>\n<\/ul>\n<p>Ut\u00f6kade beskrivningar f\u00f6r varje applikation:<\/p>\n<h3>Byggutrustning<\/h3>\n<p>Skopcylindrar spelar en viktig roll i gr\u00e4vmaskiner, eftersom de kan gr\u00e4va djupt ner i marken, skopa upp det utgr\u00e4vda materialet och lyfta det f\u00f6r transport. I gr\u00e4vlastare hj\u00e4lper skopcylindrar till vid b\u00e5de gr\u00e4vning och lyft, vilket g\u00f6r dem till m\u00e5ngsidiga maskiner f\u00f6r byggprojekt.<\/p>\n<h3>Jordbruksmaskiner<\/h3>\n<p>Frontlastare utrustade med skopcylindrar anv\u00e4nds ofta inom jordbruket. De g\u00f6r det m\u00f6jligt f\u00f6r lastarna att skopa upp jord, h\u00f6 och annat material f\u00f6r uppgifter som landskapsarkitektur, hantering av djurfoder och allm\u00e4n jordbruksverksamhet.<\/p>\n<h3>Gr\u00e4vmaskiner<\/h3>\n<p>Skopscylindrar i gr\u00e4vmaskiner g\u00f6r att skopan kan tr\u00e4nga ner i jorden effektivt, vilket g\u00f6r det m\u00f6jligt att gr\u00e4va diken, grundvalar och andra markarbeten. Med hj\u00e4lp av hydraulkraft kan f\u00f6rare styra skopans r\u00f6relse exakt och utf\u00f6ra precisa gr\u00e4vuppgifter.<\/p>\n<h3>Lastare<\/h3>\n<p>I frontlastare underl\u00e4ttar skopcylindrarna lyftning och lossning av olika varor. Oavsett om det g\u00e4ller lastning av material p\u00e5 lastbilar, transport av bulkgods eller hantering av byggavfall, ger skopcylindrarna den kraft och kontroll som kr\u00e4vs f\u00f6r effektiv lastning och lossning.<\/p>\n<p><img decoding=\"async\" src=\"https:\/\/www.hydraulic-cylinders.net\/wp-content\/uploads\/2025\/01\/songte-oil-pipes-and-spare-parts.webp\"><\/p>\n<h2>Design\u00f6verv\u00e4ganden och urvalskriterier<\/h2>\n<ol>\n<li>B\u00e4rf\u00f6rm\u00e5ga: Skopans cylinder \u00e4r konstruerad f\u00f6r att motst\u00e5 tunga belastningar och arbeta under h\u00f6gt tryck.<\/li>\n<li>T\u00e4tning: Olika t\u00e4tningskomponenter, s\u00e5som kolvt\u00e4tningar och kolvst\u00e5ngst\u00e4tningar, anv\u00e4nds f\u00f6r att s\u00e4kerst\u00e4lla effektiv t\u00e4tning och f\u00f6rhindra l\u00e4ckage.<\/li>\n<li>H\u00e5llbarhet: Cylinderhuset och de g\u00e4ngade \u00e4ndarna \u00e4r noggrant behandlade f\u00f6r att f\u00f6rb\u00e4ttra slitstyrka och h\u00e5llbarhet.<\/li>\n<li>S\u00e4kerhet: S\u00e4kerhetsfunktioner, s\u00e5som tryckavlastningsventiler, \u00e4r inbyggda f\u00f6r att skydda cylindern fr\u00e5n f\u00f6r h\u00f6gt tryck och potentiella faror.<\/li>\n<li>Underh\u00e5llbarhet: Designen m\u00f6jligg\u00f6r enkelt underh\u00e5ll, med tillg\u00e4ngliga komponenter och tydliga instruktioner f\u00f6r underh\u00e5llsprocedurer.<\/li>\n<\/ol>\n<p><img decoding=\"async\" src=\"https:\/\/www.hydraulic-cylinders.net\/wp-content\/uploads\/2025\/01\/songte-bushings-with-all-kinds-of-excavator-models.webp\"><\/p>\n<h2>T\u00e4tning och sm\u00f6rjning av skopcylinder<\/h2>\n<p>Skopscylindern anv\u00e4nder olika t\u00e4tningselement, s\u00e5som kolvt\u00e4tningar och kolvst\u00e5ngst\u00e4tningar, vilka \u00e4r tillverkade av slitstarka material som polyuretan och nitrilgummi. Cylinderhuset och de g\u00e4ngade \u00e4ndytorna \u00e4r fint bearbetade f\u00f6r att f\u00f6rb\u00e4ttra slitstyrkan. Regelbunden sm\u00f6rjning med l\u00e4mplig m\u00e4ngd hydraulolja \u00e4r n\u00f6dv\u00e4ndig f\u00f6r att s\u00e4kerst\u00e4lla smidig drift och f\u00f6rl\u00e4nga cylinderns livsl\u00e4ngd.<\/p>\n<h2>Regelbunden inspektion och f\u00f6rebyggande underh\u00e5ll<\/h2>\n<p>F\u00f6r att s\u00e4kerst\u00e4lla optimal prestanda och livsl\u00e4ngd f\u00f6r skopcylindern \u00e4r regelbundna inspektioner och f\u00f6rebyggande underh\u00e5ll avg\u00f6rande. F\u00f6ljande \u00e5tg\u00e4rder b\u00f6r vidtas:<\/p>\n<ul>\n<li>Inspektera cylindern f\u00f6r tecken p\u00e5 l\u00e4ckage, onormalt slitage eller skador.<\/li>\n<li>Sm\u00f6rj alla r\u00f6rliga delar ordentligt och se till att hydraulsystemet \u00e4r fritt fr\u00e5n f\u00f6roreningar.<\/li>\n<li>Byt ut slitna eller skadade t\u00e4tningar omedelbart f\u00f6r att bibeh\u00e5lla korrekt t\u00e4tning.<\/li>\n<li>Utf\u00f6r kalibreringskontroller f\u00f6r att s\u00e4kerst\u00e4lla korrekt drift.<\/li>\n<\/ul>\n<p><img decoding=\"async\" src=\"https:\/\/www.hydraulic-cylinders.net\/wp-content\/uploads\/2025\/01\/songte-chushion-collar.webp\"><\/p>\n<h2>Produkts\u00e4kerhets\u00f6verv\u00e4ganden och milj\u00f6faktorer<\/h2>\n<p>Vid anv\u00e4ndning av skopcylindern \u00e4r det viktigt att f\u00f6lja l\u00e4mpliga s\u00e4kerhets\u00e5tg\u00e4rder f\u00f6r att f\u00f6rhindra olyckor och s\u00e4kerst\u00e4lla personlig s\u00e4kerhet. Tillr\u00e4cklig utbildning, f\u00f6rst\u00e5else f\u00f6r utrustningens begr\u00e4nsningar och efterlevnad av s\u00e4kerhetsf\u00f6reskrifter \u00e4r avg\u00f6rande. Milj\u00f6faktorer, s\u00e5som temperatur och fuktighet, b\u00f6r ocks\u00e5 beaktas f\u00f6r att f\u00f6rhindra potentiella skador p\u00e5 cylindern och s\u00e4kerst\u00e4lla optimal prestanda.<\/p>\n<h2>Fels\u00f6kning och vanliga problem<\/h2>\n<p>Trots sin tillf\u00f6rlitlighet kan skopcylindrar st\u00f6ta p\u00e5 problem som p\u00e5verkar deras prestanda. Vanliga problem inkluderar l\u00e4ckage, otillr\u00e4cklig kraft och oregelbundna r\u00f6relser. F\u00f6r att hj\u00e4lpa l\u00e4sarna att diagnostisera och l\u00f6sa problem ges f\u00f6ljande tips och l\u00f6sningar:<\/p>\n<ul>\n<li>Tips 1: Kontrollera om det finns hydraull\u00e4ckor och \u00e5tg\u00e4rda dem omedelbart.<\/li>\n<li>Tips 2: Se till att hydraulsystemet har tillr\u00e4ckligt tryck och v\u00e4tskeniv\u00e5er.<\/li>\n<li>Tips 3: Kontrollera cylinderns t\u00e4tningar och byt ut dem vid behov.<\/li>\n<li>Tips 4: Verifiera styrkommandona och kontrollera om det finns n\u00e5gra felaktiga komponenter.<\/li>\n<li>F\u00f6rebyggande \u00e5tg\u00e4rder: Regelbundet underh\u00e5ll och inspektioner kan bidra till att minimera potentiella problem och \u00e5tg\u00e4rda dem innan de eskalerar.<\/li>\n<\/ul>\n<p><img decoding=\"async\" src=\"https:\/\/www.hydraulic-cylinders.net\/wp-content\/uploads\/2025\/01\/songte-company-1.webp\"><\/p>\n<p>Kom ih\u00e5g att organisera artikeln logiskt, anv\u00e4nda underrubriker f\u00f6r enkel navigering, inkludera relevanta bilder eller diagram f\u00f6r \u00f6kad f\u00f6rst\u00e5else och se till att inneh\u00e5llet \u00e4r tydligt, koncist och l\u00e4mpligt f\u00f6r l\u00e4sare med varierande tekniska kunskapsniv\u00e5er.<\/p>\n<h2>Om v\u00e5rt f\u00f6retag<\/h2>\n<p>Vi \u00e4r en tillverkare av hydraulcylindrar f\u00f6r reservdelar och erbjuder ett omfattande produktsortiment. Vi har etablerat oss som en av de ledande tillverkarna och grossistdistribut\u00f6rerna av hydraulcylindrar p\u00e5 inhemska och internationella marknader. V\u00e5rt f\u00f6retag f\u00f6ljer principerna om utm\u00e4rkt kvalitet och f\u00f6rlitar sig p\u00e5 den industriella produktionsledningsstrategin i en f\u00f6rfinad tillverkningsverkstad. Med fokus p\u00e5 teknisk talang, toppmodern tillverkningsutrustning och professionella testsystem f\u00f6rb\u00e4ttrar vi kontinuerligt v\u00e5r tillverkningsplattform, finslipar produktionsv\u00e4gen f\u00f6r produktkvalitet och har starka kreativa f\u00f6rm\u00e5gor. Vi str\u00e4var efter att m\u00f6ta olika kunders behov med h\u00f6g effektivitet, precision och kvalitet.<\/<\/p>","protected":false},"excerpt":{"rendered":"<p>Bucket Cylinder For Lishide Middle Excavator SC270.8LC Introduction: Definition of Bucket Cylinder The bucket cylinder is a specially designed hydraulic cylinder used to control the movement of the bucket in heavy machinery such as excavators, backhoe loaders, and front loaders. Its main function is to enable the bucket to lift, lower, and tilt, making it [&hellip;]<\/p>","protected":false},"featured_media":14780,"comment_status":"open","ping_status":"closed","template":"","meta":{"_et_pb_use_builder":"","_et_pb_old_content":"","_et_gb_content_width":""},"product_brand":[],"product_cat":[1494],"product_tag":[1495,1496],"class_list":{"0":"post-15543","1":"product","2":"type-product","3":"status-publish","4":"has-post-thumbnail","6":"product_cat-bucket-cylinders","7":"product_tag-bucket-cylinders","8":"product_tag-hydraulic-cylinders","10":"first","11":"instock","12":"shipping-taxable","13":"product-type-simple"},"amp_enabled":true,"_links":{"self":[{"href":"https:\/\/www.hydraulic-cylinders.net\/sv\/wp-json\/wp\/v2\/product\/15543","targetHints":{"allow":["GET"]}}],"collection":[{"href":"https:\/\/www.hydraulic-cylinders.net\/sv\/wp-json\/wp\/v2\/product"}],"about":[{"href":"https:\/\/www.hydraulic-cylinders.net\/sv\/wp-json\/wp\/v2\/types\/product"}],"replies":[{"embeddable":true,"href":"https:\/\/www.hydraulic-cylinders.net\/sv\/wp-json\/wp\/v2\/comments?post=15543"}],"wp:featuredmedia":[{"embeddable":true,"href":"https:\/\/www.hydraulic-cylinders.net\/sv\/wp-json\/wp\/v2\/media\/14780"}],"wp:attachment":[{"href":"https:\/\/www.hydraulic-cylinders.net\/sv\/wp-json\/wp\/v2\/media?parent=15543"}],"wp:term":[{"taxonomy":"product_brand","embeddable":true,"href":"https:\/\/www.hydraulic-cylinders.net\/sv\/wp-json\/wp\/v2\/product_brand?post=15543"},{"taxonomy":"product_cat","embeddable":true,"href":"https:\/\/www.hydraulic-cylinders.net\/sv\/wp-json\/wp\/v2\/product_cat?post=15543"},{"taxonomy":"product_tag","embeddable":true,"href":"https:\/\/www.hydraulic-cylinders.net\/sv\/wp-json\/wp\/v2\/product_tag?post=15543"}],"curies":[{"name":"wp","href":"https:\/\/api.w.org\/{rel}","templated":true}]}}