{"id":15565,"date":"2025-01-19T14:41:25","date_gmt":"2025-01-19T14:41:25","guid":{"rendered":"https:\/\/www.hydraulic-cylinders.net\/product\/bucket-cylinder-for-liugong-small-excavator-clg904c\/"},"modified":"2025-01-19T14:41:27","modified_gmt":"2025-01-19T14:41:27","slug":"bucket-cylinder-for-liugong-small-excavator-clg904c","status":"publish","type":"product","link":"https:\/\/www.hydraulic-cylinders.net\/sv\/produkt\/bucket-cylinder-for-liugong-small-excavator-clg904c\/","title":{"rendered":"Skopscylinder f\u00f6r Liugong liten gr\u00e4vmaskin CLG904C"},"content":{"rendered":"<h1>Skopscylinder f\u00f6r Liugong liten gr\u00e4vmaskin CLG904C<\/h1>\n<h2>Introduktion<\/h2>\n<p>Skopcylindern till Liugongs lilla gr\u00e4vmaskin CLG904C \u00e4r en specialdesignad hydraulcylinder som fr\u00e4mst anv\u00e4nds f\u00f6r att styra skopans r\u00f6relse i tunga maskiner som gr\u00e4vmaskiner, gr\u00e4vlastare och frontlastare. Dess huvudsakliga funktion \u00e4r att g\u00f6ra det m\u00f6jligt f\u00f6r skopan att lyfta, s\u00e4nka och luta, vilket underl\u00e4ttar olika materialhanteringsuppgifter. I hydraulsystemet uppn\u00e5r skopcylindern exakt kontroll \u00f6ver skopan genom f\u00f6r\u00e4ndringar i hydrauloljetrycket, vilket g\u00f6r det m\u00f6jligt f\u00f6r f\u00f6rare att effektivt hantera tunga laster, anpassa sig till komplexa arbetsmilj\u00f6er och olika driftskrav.<\/p>\n<p><img decoding=\"async\" src=\"https:\/\/www.hydraulic-cylinders.net\/wp-content\/uploads\/2025\/01\/songte-company-2.webp\" alt=\"Bild av skopcylinder\"><\/p>\n<h2>Drag<\/h2>\n<ul>\n<li>H\u00f6g h\u00e5llfasthet och h\u00e5llbarhet: Den \u00e4r vanligtvis tillverkad av h\u00f6gh\u00e5llfast st\u00e5l eller aluminium och t\u00e5l h\u00f6gt tryck och tunga belastningar, vilket g\u00f6r den l\u00e4mplig f\u00f6r tuffa arbetsmilj\u00f6er. Konstruktionen tar h\u00e4nsyn till slitstyrka och korrosionsbest\u00e4ndighet, vilket f\u00f6rl\u00e4nger livsl\u00e4ngden.<\/li>\n<li>Effektiv hydraulisk drift: Anv\u00e4nder hydrauloljetryck f\u00f6r att uppn\u00e5 smidiga ut- och indragningsr\u00f6relser, kan snabbt reagera p\u00e5 kontrollkommandon och ge kraftfulla tryck- och dragkrafter, l\u00e4mplig f\u00f6r hantering av tunga laster och komplexa uppgifter.<\/li>\n<li>Olika typer: Enkelverkande (hydrauliska cylindrar anv\u00e4nds endast i en riktning) eller dubbelverkande (hydrauliska cylindrar anv\u00e4nds i b\u00e5da riktningarna) cylindrar kan v\u00e4ljas efter behov f\u00f6r att m\u00f6ta olika driftsbehov. Vissa modeller \u00e4r teleskopiska, vilket m\u00f6jligg\u00f6r st\u00f6rre utdrag utan att \u00f6ka de yttersta m\u00e5tten, l\u00e4mpliga f\u00f6r applikationer med begr\u00e4nsat utrymme.<\/li>\n<li>Kan anv\u00e4ndas som ers\u00e4ttning f\u00f6r liknande hydraulcylindrar.<\/li>\n<\/ul>\n<p><img decoding=\"async\" src=\"https:\/\/www.hydraulic-cylinders.net\/wp-content\/uploads\/2025\/01\/songte-cylinder-head-with-all-kinds-excavator-models.webp\" alt=\"Bild f\u00f6r utbyte av skopcylinder\"><\/p>\n<h2>Applikationer<\/h2>\n<p>Skopscylindern anv\u00e4nds i olika tunga maskiner s\u00e5som:<\/p>\n<ul>\n<li>Byggmaskiner: I gr\u00e4vmaskiner \u00e4r de avg\u00f6rande f\u00f6r att gr\u00e4va, lasta och flytta jord eller skr\u00e4p. I gr\u00e4vlastare hj\u00e4lper skopcylindern till med b\u00e5de gr\u00e4vning och lyftning. <\/li>\n<li>Jordbruksmaskiner: Anv\u00e4nds i frontlastare f\u00f6r att \u00f6sa, lyfta och transportera jord, h\u00f6 och andra material. <\/li>\n<li>Gr\u00e4vmaskiner: Skopcylindrar m\u00f6jligg\u00f6r gr\u00e4vning genom att l\u00e5ta skopan tr\u00e4nga ner i jorden. <\/li>\n<li>Lastare: I frontlastare hj\u00e4lper de till att lyfta och tilta gods effektivt.<\/li>\n<\/ul>\n<p>Varje till\u00e4mpning har specifika krav, och skopcylinderns designfunktioner bidrar till att uppfylla dessa krav.<\/p>\n<h2>Design\u00f6verv\u00e4ganden och urvalskriterier<\/h2>\n<p>Skopscylinderns design tar h\u00e4nsyn till olika faktorer s\u00e5som b\u00e4rf\u00f6rm\u00e5ga, t\u00e4tning, h\u00e5llbarhet, s\u00e4kerhet och underh\u00e5llbarhet. Dess komponenter inkluderar:<\/p>\n<ul>\n<li>Kolvt\u00e4tningar<\/li>\n<li>St\u00e5ngt\u00e4tningar<\/li>\n<li>B\u00e4r ringar<\/li>\n<li>Cylinderr\u00f6r<\/li>\n<li>\u00c4ndkapslar<\/li>\n<li>Kolvst\u00e5ng<\/li>\n<\/ul>\n<p><img decoding=\"async\" src=\"https:\/\/www.hydraulic-cylinders.net\/wp-content\/uploads\/2025\/01\/songte-oil-pipes-and-spare-parts.webp\" alt=\"Bild av komponenter i skopcylindern\"><\/p>\n<h3>B\u00e4rf\u00f6rm\u00e5ga<\/h3>\n<p>Cylindern m\u00e5ste kunna hantera applikationens maximala belastningar utan att g\u00e5 s\u00f6nder eller deformeras. Det maximala arbetstrycket \u00e4r en avg\u00f6rande faktor f\u00f6r att best\u00e4mma cylinderns b\u00e4rf\u00f6rm\u00e5ga.<\/p>\n<h3>T\u00e4tning<\/h3>\n<p>T\u00e4tning \u00e4r en avg\u00f6rande aspekt av cylinderns konstruktion, eftersom den f\u00f6rhindrar l\u00e4ckage och kontaminering av hydraulv\u00e4tska. Anv\u00e4ndningen av h\u00f6gkvalitativa t\u00e4tningar, s\u00e5som polyuretan eller nitrilgummi, s\u00e4kerst\u00e4ller slitstyrka och l\u00e5ng livsl\u00e4ngd.<\/p>\n<h3>Varaktighet<\/h3>\n<p>Cylinderns design b\u00f6r beakta h\u00e5llbarhetsfaktorer som slitstyrka, korrosionsbest\u00e4ndighet och slagt\u00e5lighet, f\u00f6r att s\u00e4kerst\u00e4lla cylinderns livsl\u00e4ngd.<\/p>\n<h3>S\u00e4kerhet<\/h3>\n<p>Cylindern m\u00e5ste vara konstruerad med s\u00e4kerhetsfunktioner som tryckavlastningsventiler f\u00f6r att f\u00f6rhindra katastrofala fel vid \u00f6verbelastning eller systemfel.<\/p>\n<h3>Underh\u00e5llbarhet<\/h3>\n<p>Cylinderns design ska m\u00f6jligg\u00f6ra enkel demontering, underh\u00e5ll och \u00e5termontering. H\u00f6gkvalitativa reservdelar och reparationstj\u00e4nster ska finnas tillg\u00e4ngliga f\u00f6r att m\u00f6jligg\u00f6ra snabba och kostnadseffektiva reparationer.<\/p>\n<p><img decoding=\"async\" src=\"https:\/\/www.hydraulic-cylinders.net\/wp-content\/uploads\/2025\/01\/songte-chushion-collar.webp\" alt=\"S\u00e4kerhetsbild f\u00f6r skopcylinder\"><\/p>\n<h2>T\u00e4tning och sm\u00f6rjning<\/h2>\n<p>Cylinderns t\u00e4tning och sm\u00f6rjning \u00e4r avg\u00f6rande f\u00f6r dess prestanda och livsl\u00e4ngd. Cylindern anv\u00e4nder olika t\u00e4tningar, s\u00e5som kolvt\u00e4tningar och kolvst\u00e5ngst\u00e4tningar, f\u00f6r att f\u00f6rhindra l\u00e4ckage och kontaminering av hydraulv\u00e4tska. Cylinderns komponenter \u00e4r behandlade f\u00f6r att f\u00f6rb\u00e4ttra deras slitstyrka och de kr\u00e4ver regelbunden sm\u00f6rjning med hydraulolja f\u00f6r att s\u00e4kerst\u00e4lla smidig drift.<\/p>\n<h2>F\u00f6rebyggande underh\u00e5ll och reparation<\/h2>\n<p>Regelbundna inspektioner och f\u00f6rebyggande underh\u00e5ll \u00e4r avg\u00f6rande f\u00f6r att s\u00e4kerst\u00e4lla cylinderns optimala prestanda och livsl\u00e4ngd. N\u00e5gra vanliga underh\u00e5llsuppgifter inkluderar:<\/p>\n<ul>\n<li>Regelbundna kontroller f\u00f6r l\u00e4ckor eller skador<\/li>\n<li>Sm\u00f6rjning enligt tillverkarens rekommendationer<\/li>\n<li>T\u00e4tningsbyten och kalibreringskontroller<\/li>\n<\/ul>\n<p>Korrekt installation, sm\u00f6rjning och justering \u00e4r avg\u00f6rande f\u00f6r cylinderns optimala prestanda och livsl\u00e4ngd. Installationen b\u00f6r inneb\u00e4ra korrekt inriktning av cylindern, och l\u00e4mpliga monteringsf\u00e4sten b\u00f6r anv\u00e4ndas f\u00f6r att f\u00e4sta cylindern p\u00e5 plats.<\/p>\n<h2>S\u00e4kerhets- och milj\u00f6h\u00e4nsyn<\/h2>\n<p>Anv\u00e4ndningen av cylindern kr\u00e4ver att s\u00e4kerhetsriktlinjer f\u00f6ljs f\u00f6r att f\u00f6rhindra personskador eller skador p\u00e5 egendom. Anv\u00e4ndningen av cylindern har ocks\u00e5 en milj\u00f6p\u00e5verkan, och korrekt kassering, \u00e5tervinning och \u00e5teranv\u00e4ndning av cylinderkomponenter b\u00f6r praktiseras.<\/p>\n<h2>Fels\u00f6kning och vanliga fr\u00e5gor<\/h2>\n<p>Vanliga fr\u00e5gor och fels\u00f6kningstips inkluderar:<\/p>\n<ul>\n<li>Hur kan jag \u00f6ka cylinderns lyftkapacitet?<\/li>\n<li>Vad ska jag g\u00f6ra om det finns ett l\u00e4ckage av hydraulv\u00e4tska?<\/li>\n<li>Vad ska jag g\u00f6ra om cylindern inte g\u00e5r att dra in?<\/li>\n<\/ul>\n<p><img decoding=\"async\" src=\"https:\/\/www.hydraulic-cylinders.net\/wp-content\/uploads\/2025\/01\/songte-bushings-with-all-kinds-of-excavator-models.webp\" alt=\"Fels\u00f6kningsbild f\u00f6r skopcylinder\"><\/p>\n<h2>Om v\u00e5rt f\u00f6retag<\/h2>\n<p>Vi \u00e4r en tillverkare av hydraulcylindrar som specialiserar sig p\u00e5 produktion av hydraulcylindrar f\u00f6r reservdelar. V\u00e5rt f\u00f6retag erbjuder ett komplett produktsortiment, vilket g\u00f6r oss till en av de ledande tillverkarna och grossistdistribut\u00f6rerna av hydraulcylindrar p\u00e5 den inhemska och internationella marknaden. Vi f\u00f6ljer principen om utm\u00e4rkt kvalitet och f\u00f6rlitar oss p\u00e5 industrialiserade produktionsstrategier i noggrant utformade tillverkningsverkst\u00e4der. Med hj\u00e4lp av avancerad digital tillverkningsutrustning och professionella testsystem har vi kontinuerligt f\u00f6rb\u00e4ttrat v\u00e5r tillverkningsplattform, finslipat produktionsv\u00e4gar f\u00f6r produktkvalitet och uppn\u00e5tt robusta produktionsm\u00f6jligheter. V\u00e5ra produkter k\u00e4nnetecknas av h\u00f6g effektivitet, h\u00f6g precision och h\u00f6ga kvalitetsstandarder, vilket uppfyller olika kunders behov.<\/p>\n<p><img decoding=\"async\" src=\"https:\/\/hzpt.com\/wp-content\/uploads\/2024\/11\/songte-company-1.webp\" alt=\"Om v\u00e5rt f\u00f6retag Bild\"><\/p>\n<h3>Professionalism<\/h3>\n<p>V\u00e5rt f\u00f6retag har ett team av erfarna yrkesm\u00e4n som \u00e4r experter inom design, konstruktion och tillverkning av hydraulcylindrar.<\/p>\n<h3>Internationell certifiering<\/h3>\n<p>V\u00e5ra produkter \u00e4r certifierade enligt internationella kvalitetsstandarder som ISO9001, CE och SGS, vilket garanterar h\u00f6gsta produktkvalitet och kundn\u00f6jdhet.<\/p>\n<h3>Anpassningstj\u00e4nster<\/h3>\n<p>Vi erbjuder anpassningstj\u00e4nster f\u00f6r att m\u00f6ta specifika kundkrav och tillhandah\u00e5ller skr\u00e4ddarsydda l\u00f6sningar f\u00f6r olika behov av hydraulcylindrar.<\/p>\n<h3>Produktionsutrustning<\/h3>\n<p>Vi anv\u00e4nder avancerad digital tillverkningsutrustning, inklusive CNC-maskiner, fr\u00e4smaskiner och svarvar, vilket s\u00e4kerst\u00e4ller h\u00f6gkvalitativ och precis tillverkning.<\/p>\n<h3>Eftermarknadsservice<\/h3>\n<p>Vi erbjuder omfattande eftermarknadsservice, inklusive reservdelsbyte, renoveringstj\u00e4nster och teknisk support, vilket s\u00e4kerst\u00e4ller kundn\u00f6jdhet och produktlivsl\u00e4ngd.<\/p>\n<h3>F\u00f6rfattare<\/h3>\n<p>F\u00f6rfattare: lyl<\/p>","protected":false},"excerpt":{"rendered":"<p>Bucket Cylinder For Liugong Small Excavator CLG904C Introduction The bucket cylinder for Liugong small excavator CLG904C is a specially designed hydraulic cylinder primarily used to control the movement of the bucket in heavy machinery such as excavators, backhoe loaders, and front-end loaders. Its main function is to enable the bucket to lift, lower, and tilt, [&hellip;]<\/p>","protected":false},"featured_media":14762,"comment_status":"open","ping_status":"closed","template":"","meta":{"_et_pb_use_builder":"","_et_pb_old_content":"","_et_gb_content_width":""},"product_brand":[],"product_cat":[1494],"product_tag":[1495,1496],"class_list":{"0":"post-15565","1":"product","2":"type-product","3":"status-publish","4":"has-post-thumbnail","6":"product_cat-bucket-cylinders","7":"product_tag-bucket-cylinders","8":"product_tag-hydraulic-cylinders","10":"first","11":"instock","12":"shipping-taxable","13":"product-type-simple"},"amp_enabled":true,"_links":{"self":[{"href":"https:\/\/www.hydraulic-cylinders.net\/sv\/wp-json\/wp\/v2\/product\/15565","targetHints":{"allow":["GET"]}}],"collection":[{"href":"https:\/\/www.hydraulic-cylinders.net\/sv\/wp-json\/wp\/v2\/product"}],"about":[{"href":"https:\/\/www.hydraulic-cylinders.net\/sv\/wp-json\/wp\/v2\/types\/product"}],"replies":[{"embeddable":true,"href":"https:\/\/www.hydraulic-cylinders.net\/sv\/wp-json\/wp\/v2\/comments?post=15565"}],"wp:featuredmedia":[{"embeddable":true,"href":"https:\/\/www.hydraulic-cylinders.net\/sv\/wp-json\/wp\/v2\/media\/14762"}],"wp:attachment":[{"href":"https:\/\/www.hydraulic-cylinders.net\/sv\/wp-json\/wp\/v2\/media?parent=15565"}],"wp:term":[{"taxonomy":"product_brand","embeddable":true,"href":"https:\/\/www.hydraulic-cylinders.net\/sv\/wp-json\/wp\/v2\/product_brand?post=15565"},{"taxonomy":"product_cat","embeddable":true,"href":"https:\/\/www.hydraulic-cylinders.net\/sv\/wp-json\/wp\/v2\/product_cat?post=15565"},{"taxonomy":"product_tag","embeddable":true,"href":"https:\/\/www.hydraulic-cylinders.net\/sv\/wp-json\/wp\/v2\/product_tag?post=15565"}],"curies":[{"name":"wp","href":"https:\/\/api.w.org\/{rel}","templated":true}]}}