{"id":15572,"date":"2025-01-19T14:42:00","date_gmt":"2025-01-19T14:42:00","guid":{"rendered":"https:\/\/www.hydraulic-cylinders.net\/product\/bucket-cylinder-for-liugong-small-excavator-clg910e\/"},"modified":"2025-01-19T14:42:02","modified_gmt":"2025-01-19T14:42:02","slug":"bucket-cylinder-for-liugong-small-excavator-clg910e","status":"publish","type":"product","link":"https:\/\/www.hydraulic-cylinders.net\/sv\/produkt\/bucket-cylinder-for-liugong-small-excavator-clg910e\/","title":{"rendered":"Skopscylinder f\u00f6r Liugong liten gr\u00e4vmaskin CLG910E"},"content":{"rendered":"<h1>Skopscylinder f\u00f6r Liugong liten gr\u00e4vmaskin CLG910E<\/h1>\n<h2>Introduktion<\/h2>\n<p>En skopcylinder \u00e4r en specialdesignad hydraulcylinder som anv\u00e4nds f\u00f6r att styra r\u00f6relsen hos skopor i tunga maskiner som gr\u00e4vmaskiner, gr\u00e4vmaskiner och frontlastare. Dess huvudsakliga funktion \u00e4r att l\u00e5ta skopan lyftas, s\u00e4nkas och lutas f\u00f6r enkel hantering av olika material. I hydraulsystemet anv\u00e4nder skopcylindern tryckf\u00f6r\u00e4ndringen fr\u00e5n hydraulolja f\u00f6r att uppn\u00e5 exakt kontroll \u00f6ver skopan, vilket g\u00f6r det m\u00f6jligt f\u00f6r operat\u00f6rer att hantera tunga f\u00f6rem\u00e5l effektivt och anpassa sig till komplexa arbetsmilj\u00f6er och olika arbetskrav.<\/p>\n<p><img decoding=\"async\" src=\"https:\/\/www.hydraulic-cylinders.net\/wp-content\/uploads\/2025\/01\/songte-company-2.webp\" alt=\"Skopscylinder\"><\/p>\n<h2>Drag<\/h2>\n<ul>\n<li>H\u00f6g h\u00e5llfasthet och h\u00e5llbarhet: Den \u00e4r vanligtvis tillverkad av h\u00f6gh\u00e5llfast st\u00e5l eller aluminium, t\u00e5l h\u00f6gt tryck och tunga belastningar, anpassar sig till tuffa arbetsmilj\u00f6er och \u00e4r konstruerad med slitage- och korrosionsbest\u00e4ndighet i \u00e5tanke, vilket f\u00f6rl\u00e4nger dess livsl\u00e4ngd.<\/li>\n<li>Effektiv hydraulisk drift: Utnyttjar hydrauloljans tryck f\u00f6r att uppn\u00e5 smidig ut- och indragning, reagerar snabbt p\u00e5 kontrollkommandon, ger kraftfulla tryck- och dragkrafter och \u00e4r l\u00e4mplig f\u00f6r hantering av tunga f\u00f6rem\u00e5l och komplexa arbetsuppgifter.<\/li>\n<li>Olika typer: Enkelverkande (hydrauliska i endast en riktning) eller dubbelverkande (hydrauliska i b\u00e5da riktningarna) cylindrar kan v\u00e4ljas efter behov f\u00f6r att m\u00f6ta olika driftsbehov. Vissa modeller \u00e4r teleskopiska, vilket m\u00f6jligg\u00f6r st\u00f6rre utdrag utan att \u00f6ka de yttre m\u00e5tten, vilket g\u00f6r dem l\u00e4mpliga f\u00f6r applikationer med begr\u00e4nsat utrymme.<\/li>\n<li>Utbytbara: V\u00e5ra produkter kan perfekt ers\u00e4tta dessa hydraulcylindrar.<\/li>\n<\/ul>\n<p><img decoding=\"async\" src=\"https:\/\/www.hydraulic-cylinders.net\/wp-content\/uploads\/2025\/01\/songte-cylinder-head-with-all-kinds-excavator-models.webp\" alt=\"Skopscylindermodeller\"><\/p>\n<h2>Applikationer<\/h2>\n<p>Skopscylindern anv\u00e4nds ofta i olika maskiner i olika till\u00e4mpningar som:<\/p>\n<ul>\n<li>Byggmaskiner: De finns i gr\u00e4vmaskiner och \u00e4r avg\u00f6rande f\u00f6r att gr\u00e4va, lasta och flytta jord eller skr\u00e4p. I gr\u00e4vmaskiner hj\u00e4lper skopcylindern till med b\u00e5de gr\u00e4vning och lyftning. <\/li>\n<li>Jordbruksmaskiner: Anv\u00e4nds i frontlastare f\u00f6r att plocka upp, lyfta och transportera jord, h\u00f6 och andra material. <\/li>\n<li>Gr\u00e4vmaskiner: Skopans cylinder m\u00f6jligg\u00f6r gr\u00e4vning genom att l\u00e5ta skopan tr\u00e4nga ner i jorden. <\/li>\n<li>Lastare: I frontlastare hj\u00e4lper de till att lyfta och dumpa last effektivt. <\/li>\n<\/ul>\n<h2>Design\u00f6verv\u00e4ganden och urvalskriterier<\/h2>\n<ul>\n<li>B\u00e4rf\u00f6rm\u00e5ga: Cylindern m\u00e5ste kunna hantera lasten och vara konstruerad med tanke p\u00e5 h\u00e5llfasthet.<\/li>\n<li>T\u00e4tning: Anv\u00e4ndningen av olika t\u00e4tningselement som kolvt\u00e4tningar, kolvst\u00e5ngst\u00e4tningar etc. \u00e4r viktigt f\u00f6r att f\u00f6rhindra l\u00e4ckage och s\u00e4kerst\u00e4lla korrekt drift.<\/li>\n<li>H\u00e5llbarhet: Cylindern m\u00e5ste kunna motst\u00e5 tuffa milj\u00f6er och tuff anv\u00e4ndning utan att g\u00e5 s\u00f6nder.<\/li>\n<li>S\u00e4kerhet: Konstruktionen b\u00f6r ta h\u00e4nsyn till s\u00e4kerhets\u00e5tg\u00e4rder f\u00f6r att undvika olyckor under drift.<\/li>\n<li>Underh\u00e5llbarhet: Cylindern ska vara l\u00e4tt att underh\u00e5lla och m\u00f6jligg\u00f6ra enkel reparation vid skador.<\/li>\n<\/ul>\n<p><img decoding=\"async\" src=\"https:\/\/www.hydraulic-cylinders.net\/wp-content\/uploads\/2025\/01\/songte-oil-pipes-and-spare-parts.webp\" alt=\"Cylinderdelar\"><\/p>\n<h2>T\u00e4tning och sm\u00f6rjning<\/h2>\n<p>Cylindern anv\u00e4nder olika t\u00e4tningselement s\u00e5som kolvt\u00e4tningar, kolvst\u00e5ngst\u00e4tningar etc. tillverkade av slitstarka material som polyuretan, nitrilgummi etc. Cylinderhuset och de g\u00e4ngade \u00e4ndarna \u00e4r fint bearbetade f\u00f6r att f\u00f6rb\u00e4ttra slitstyrkan. Regelbunden tillsats av r\u00e4tt m\u00e4ngd hydraulolja \u00e4r avg\u00f6rande f\u00f6r korrekt drift.<\/p>\n<h2>Underh\u00e5ll och reparation<\/h2>\n<p>Regelbundet underh\u00e5ll och snabba reparationer kan f\u00f6rl\u00e4nga cylinderns livsl\u00e4ngd. N\u00e5gra underh\u00e5llsuppgifter inkluderar:<\/p>\n<ul>\n<li>Regelbunden inspektion<\/li>\n<li>Korrekt sm\u00f6rjning<\/li>\n<li>T\u00e4tningsbyten<\/li>\n<\/ul>\n<p>Korrekt installation, sm\u00f6rjning och justering \u00e4r viktiga f\u00f6r att s\u00e4kerst\u00e4lla att cylindern fungerar korrekt. Korrekt uppriktningsv\u00e4gledning under installationen rekommenderas. Anv\u00e4ndning av l\u00e4mpliga installationsf\u00e4sten f\u00f6r att s\u00e4kra cylindern rekommenderas ocks\u00e5. Vi f\u00f6resl\u00e5r att du f\u00f6ljer rekommenderade inspektions-, reparations- och utbytesprocedurer och erbjuder reservdelar och renoveringstj\u00e4nster f\u00f6r att \u00f6ka cylinderns livsl\u00e4ngd.<\/p>\n<p><img decoding=\"async\" src=\"https:\/\/www.hydraulic-cylinders.net\/wp-content\/uploads\/2025\/01\/songte-chushion-collar.webp\" alt=\"Cylinderkrage\"><\/p>\n<h2>S\u00e4kerhets- och milj\u00f6h\u00e4nsyn<\/h2>\n<p>Det \u00e4r viktigt att anv\u00e4nda l\u00e4mpliga s\u00e4kerhets\u00e5tg\u00e4rder under drift f\u00f6r att undvika olyckor. Cylindern b\u00f6r hanteras och man\u00f6vreras av utbildad personal. Milj\u00f6faktorer som temperatur, fuktighet etc. kan p\u00e5verka cylinderns prestanda, s\u00e5 det \u00e4r l\u00e4mpligt att undvika s\u00e5dana f\u00f6rh\u00e5llanden.<\/p>\n<h2>Fels\u00f6kning och vanliga problem<\/h2>\n<p>N\u00e5gra vanliga problem som kan uppst\u00e5 inkluderar:<\/p>\n<ul>\n<li>L\u00e4ckage<\/li>\n<li>L\u00e5ngsam drift<\/li>\n<li>Of\u00f6rm\u00e5ga att lyfta tunga laster<\/li>\n<\/ul>\n<p>Korrekt diagnos och snabba reparationer \u00e4r avg\u00f6rande f\u00f6r att f\u00f6rhindra ytterligare skador. Regelbunden inspektion och f\u00f6rebyggande underh\u00e5ll kan minska risken f\u00f6r s\u00e5dana problem.<\/p>\n<p><img decoding=\"async\" src=\"https:\/\/www.hydraulic-cylinders.net\/wp-content\/uploads\/2025\/01\/songte-bushings-with-all-kinds-of-excavator-models.webp\" alt=\"Cylinderbussningar\"><\/p>\n<h2>Om oss<\/h2>\n<p>Vi \u00e4r en tillverkare av hydraulcylindrar f\u00f6r reservdelar med ett brett produktsortiment. Vi har blivit en av de ledande tillverkarna och grossistdistribut\u00f6rerna av hydraulcylindrar p\u00e5 den inhemska och internationella marknaden. Vi f\u00f6ljer principen om utm\u00e4rkt kvalitet, f\u00f6rlitar oss p\u00e5 industriella produktionsledningsstrategier fr\u00e5n fina tillverkningsverkst\u00e4der, f\u00f6rb\u00e4ttrar st\u00e4ndigt verkstadens tillverkningsplattform, finslipar produktkvaliteten i produktionsv\u00e4gen och har stark kreativitet, effektiv, precis och h\u00f6gkvalitativ produktion f\u00f6r att m\u00f6ta kundernas olika behov.<\/p>\n<p><img decoding=\"async\" src=\"https:\/\/hzpt.com\/wp-content\/uploads\/2024\/11\/songte-company-1.webp\" alt=\"F\u00f6retagsbild\"><\/p>\n<p>V\u00e5rt f\u00f6retag erbjuder professionella, internationellt certifierade och kundanpassade tj\u00e4nster. Vi har avancerad produktionsutrustning, teknik och professionella testsystem. Vi har utm\u00e4rkt eftermarknadsservice f\u00f6r att tillgodose v\u00e5ra kunders krav.<\/p>\n<p>F\u00f6rfattare: lyl.<\/p>","protected":false},"excerpt":{"rendered":"<p>Bucket Cylinder for Liugong Small Excavator CLG910E Introduction A bucket cylinder is a specially designed hydraulic cylinder used to control the movement of buckets in heavy machinery like excavators, backhoes, and front-end loaders. Its main function is to allow the bucket to lift, lower, and tilt for easy handling of various materials. In the hydraulic [&hellip;]<\/p>","protected":false},"featured_media":14782,"comment_status":"open","ping_status":"closed","template":"","meta":{"_et_pb_use_builder":"","_et_pb_old_content":"","_et_gb_content_width":""},"product_brand":[],"product_cat":[1494],"product_tag":[1495,1496],"class_list":{"0":"post-15572","1":"product","2":"type-product","3":"status-publish","4":"has-post-thumbnail","6":"product_cat-bucket-cylinders","7":"product_tag-bucket-cylinders","8":"product_tag-hydraulic-cylinders","10":"first","11":"instock","12":"shipping-taxable","13":"product-type-simple"},"amp_enabled":true,"_links":{"self":[{"href":"https:\/\/www.hydraulic-cylinders.net\/sv\/wp-json\/wp\/v2\/product\/15572","targetHints":{"allow":["GET"]}}],"collection":[{"href":"https:\/\/www.hydraulic-cylinders.net\/sv\/wp-json\/wp\/v2\/product"}],"about":[{"href":"https:\/\/www.hydraulic-cylinders.net\/sv\/wp-json\/wp\/v2\/types\/product"}],"replies":[{"embeddable":true,"href":"https:\/\/www.hydraulic-cylinders.net\/sv\/wp-json\/wp\/v2\/comments?post=15572"}],"wp:featuredmedia":[{"embeddable":true,"href":"https:\/\/www.hydraulic-cylinders.net\/sv\/wp-json\/wp\/v2\/media\/14782"}],"wp:attachment":[{"href":"https:\/\/www.hydraulic-cylinders.net\/sv\/wp-json\/wp\/v2\/media?parent=15572"}],"wp:term":[{"taxonomy":"product_brand","embeddable":true,"href":"https:\/\/www.hydraulic-cylinders.net\/sv\/wp-json\/wp\/v2\/product_brand?post=15572"},{"taxonomy":"product_cat","embeddable":true,"href":"https:\/\/www.hydraulic-cylinders.net\/sv\/wp-json\/wp\/v2\/product_cat?post=15572"},{"taxonomy":"product_tag","embeddable":true,"href":"https:\/\/www.hydraulic-cylinders.net\/sv\/wp-json\/wp\/v2\/product_tag?post=15572"}],"curies":[{"name":"wp","href":"https:\/\/api.w.org\/{rel}","templated":true}]}}