{"id":15573,"date":"2025-01-19T14:42:04","date_gmt":"2025-01-19T14:42:04","guid":{"rendered":"https:\/\/www.hydraulic-cylinders.net\/product\/bucket-cylinder-for-liugong-small-excavator-clg915e\/"},"modified":"2025-01-19T14:42:05","modified_gmt":"2025-01-19T14:42:05","slug":"bucket-cylinder-for-liugong-small-excavator-clg915e","status":"publish","type":"product","link":"https:\/\/www.hydraulic-cylinders.net\/sv\/produkt\/bucket-cylinder-for-liugong-small-excavator-clg915e\/","title":{"rendered":"Skopscylinder f\u00f6r Liugong liten gr\u00e4vmaskin CLG915E"},"content":{"rendered":"<h2>Skopscylinder f\u00f6r Liugong liten gr\u00e4vmaskin CLG915E<\/h2>\n<h3>Introduktion<\/h3>\n<p>Skopcylindern till Liugongs lilla gr\u00e4vmaskin CLG915E \u00e4r en specialdesignad hydraulcylinder som fr\u00e4mst anv\u00e4nds f\u00f6r att styra skopans r\u00f6relse i tunga maskiner som gr\u00e4vmaskiner, gr\u00e4vlastare och frontlastare. Dess huvudsakliga funktion \u00e4r att g\u00f6ra det m\u00f6jligt att lyfta, s\u00e4nka och luta skopan, vilket g\u00f6r det enklare att hantera olika materialhanteringsuppgifter. I hydraulsystemet uppn\u00e5r skopcylindern exakt kontroll \u00f6ver skopan genom att utnyttja tryckf\u00f6r\u00e4ndringarna i hydrauloljan, vilket g\u00f6r det m\u00f6jligt f\u00f6r operat\u00f6rer att effektivt hantera tunga laster och anpassa sig till komplexa arbetsmilj\u00f6er och olika arbetskrav.<\/p>\n<p><img decoding=\"async\" src=\"https:\/\/www.hydraulic-cylinders.net\/wp-content\/uploads\/2025\/01\/songte-company-2.webp\" alt=\"Bild av skopcylinder\"><\/p>\n<h3>Drag<\/h3>\n<ul>\n<li><b>H\u00f6g styrka och h\u00e5llbarhet:<\/b> Skopscylindern \u00e4r vanligtvis tillverkad av h\u00f6gh\u00e5llfast st\u00e5l eller aluminium och kan motst\u00e5 h\u00f6gt tryck och tunga belastningar, vilket g\u00f6r den l\u00e4mplig f\u00f6r tuffa arbetsf\u00f6rh\u00e5llanden. Dess design tar h\u00e4nsyn till slitstyrka och korrosionsbest\u00e4ndighet, vilket f\u00f6rl\u00e4nger dess livsl\u00e4ngd.<\/li>\n<li><b>Effektiv hydraulisk drift:<\/b> Genom att utnyttja hydrauloljans tryck uppn\u00e5r skopcylindern smidiga ut- och inf\u00e4llningsr\u00f6relser, vilket m\u00f6jligg\u00f6r snabb respons p\u00e5 styrkommandon och ger kraftfulla tryck- och dragkrafter, vilket g\u00f6r den l\u00e4mplig f\u00f6r hantering av tunga laster och komplexa arbetsuppgifter.<\/li>\n<li><b>M\u00e5ngsidiga typer:<\/b> Skopcylindern kan v\u00e4ljas som enkelverkande (hydraulisk anv\u00e4nds endast i en riktning) eller dubbelverkande (hydraulisk anv\u00e4nds i b\u00e5da riktningarna) cylindrar f\u00f6r att m\u00f6ta olika driftsbehov. Vissa modeller \u00e4r teleskopiska, vilket m\u00f6jligg\u00f6r st\u00f6rre utdrag utan att \u00f6ka de yttersta m\u00e5tten, vilket g\u00f6r dem l\u00e4mpliga f\u00f6r applikationer med begr\u00e4nsat utrymme.<\/li>\n<li><b>Ers\u00e4ttning f\u00f6r befintliga cylindrar:<\/b> V\u00e5ra produkter kan perfekt ers\u00e4tta dessa hydraulcylindrar.<\/li>\n<\/ul>\n<p><img decoding=\"async\" src=\"https:\/\/www.hydraulic-cylinders.net\/wp-content\/uploads\/2025\/01\/songte-cylinder-head-with-all-kinds-excavator-models.webp\" alt=\"Bild f\u00f6r cylinderbyte\"><\/p>\n<h3>Applikationer<\/h3>\n<p>Skopscylindern anv\u00e4nds i olika typer av utrustning:<\/p>\n<ul>\n<li><b>Byggutrustning:<\/b> I gr\u00e4vmaskiner \u00e4r de viktiga f\u00f6r gr\u00e4vning, lastning och flyttning av jord eller skr\u00e4p. I gr\u00e4vlastare hj\u00e4lper skopcylindern till vid b\u00e5de gr\u00e4vning och lyftning.<\/li>\n<li><b>Jordbruksmaskiner:<\/b> Anv\u00e4nds i frontlastare f\u00f6r att \u00f6sa, lyfta och transportera jord, h\u00f6 och andra material.<\/li>\n<li><b>Gr\u00e4vmaskiner:<\/b> Skopans cylinder m\u00f6jligg\u00f6r gr\u00e4vning genom att l\u00e5ta skopan tr\u00e4nga ner i jorden.<\/li>\n<li><b>Lastare:<\/b> I frontlastare hj\u00e4lper de till att lyfta och dumpa last effektivt.<\/li>\n<\/ul>\n<h3>Design\u00f6verv\u00e4ganden och urvalskriterier<\/h3>\n<p>N\u00e4r det g\u00e4ller att designa skopcylindrar m\u00e5ste flera faktorer beaktas:<\/p>\n<ul>\n<li><b>B\u00e4rf\u00f6rm\u00e5ga:<\/b> Cylindern ska kunna motst\u00e5 den erforderliga belastningen utan att g\u00e5 s\u00f6nder.<\/li>\n<li><b>T\u00e4tning:<\/b> Korrekt val av t\u00e4tningskomponenter, s\u00e5som kolvt\u00e4tningar och kolvst\u00e5ngst\u00e4tningar, med slitstarka material som polyuretan och nitrilgummi, och exakt ytbehandling av cylinderhus och g\u00e4ngade \u00e4ndar f\u00f6r att f\u00f6rb\u00e4ttra slitstyrkan.<\/li>\n<li><b>Varaktighet:<\/b> Cylindern b\u00f6r vara konstruerad f\u00f6r att motst\u00e5 driftsf\u00f6rh\u00e5llandena och ge l\u00e5ngvarig prestanda.<\/li>\n<li><b>S\u00e4kerhet:<\/b> S\u00e4kerhetsfunktioner b\u00f6r inf\u00f6rlivas i konstruktionen f\u00f6r att f\u00f6rhindra olyckor och s\u00e4kerst\u00e4lla operat\u00f6rens skydd.<\/li>\n<li><b>Underh\u00e5llbarhet:<\/b> H\u00e4nsyn b\u00f6r tas till att underl\u00e4tta enkelt underh\u00e5ll och reparation av cylindern.<\/li>\n<\/ul>\n<p><img decoding=\"async\" src=\"https:\/\/www.hydraulic-cylinders.net\/wp-content\/uploads\/2025\/01\/songte-oil-pipes-and-spare-parts.webp\" alt=\"Bild av hydrauliska cylinderdelar\"><\/p>\n<h3>T\u00e4tning och sm\u00f6rjning<\/h3>\n<p>Skopscylindern anv\u00e4nder olika t\u00e4tningskomponenter, s\u00e5som kolvt\u00e4tningar och kolvst\u00e5ngst\u00e4tningar, vilka \u00e4r tillverkade av slitstarka material som polyuretan och nitrilgummi. Cylinderhuset och de g\u00e4ngade \u00e4ndarna genomg\u00e5r en noggrann ytbehandling f\u00f6r att f\u00f6rb\u00e4ttra slitstyrkan. Regelbunden sm\u00f6rjning med l\u00e4mplig m\u00e4ngd hydraulolja \u00e4r n\u00f6dv\u00e4ndig f\u00f6r att s\u00e4kerst\u00e4lla smidig drift och l\u00e5ng livsl\u00e4ngd.<\/p>\n<h3>Regelbunden inspektion och f\u00f6rebyggande underh\u00e5ll<\/h3>\n<p>F\u00f6r att s\u00e4kerst\u00e4lla optimal prestanda och livsl\u00e4ngd f\u00f6r skopcylindern b\u00f6r regelbunden inspektion och f\u00f6rebyggande underh\u00e5lls\u00e5tg\u00e4rder vidtas:<\/p>\n<ul>\n<li>Inspektera och byt ut slitna eller skadade t\u00e4tningar och komponenter.<\/li>\n<li>Sm\u00f6rj alla r\u00f6rliga delar ordentligt.<\/li>\n<li>Kontrollera och justera cylinderns inriktning under installationen.<\/li>\n<\/ul>\n<p><img decoding=\"async\" src=\"https:\/\/www.hydraulic-cylinders.net\/wp-content\/uploads\/2025\/01\/songte-chushion-collar.webp\" alt=\"Bild f\u00f6r cylinderinstallation\"><\/p>\n<h3>S\u00e4kerhetsaspekter och milj\u00f6faktorer<\/h3>\n<p>N\u00e4r man anv\u00e4nder skopcylindern \u00e4r det viktigt att f\u00f6lja s\u00e4kerhets\u00e5tg\u00e4rder f\u00f6r att f\u00f6rhindra olyckor och s\u00e4kerst\u00e4lla operat\u00f6rens s\u00e4kerhet. Milj\u00f6faktorer som temperatur och luftfuktighet kan ocks\u00e5 p\u00e5verka cylinderns prestanda och b\u00f6r beaktas.<\/p>\n<h3>Fels\u00f6kning och vanliga problem<\/h3>\n<p>Vanliga problem som kan uppst\u00e5 med skopcylindrar inkluderar l\u00e4ckage, otillr\u00e4cklig effekt och onormala ljud. H\u00e4r \u00e4r n\u00e5gra fels\u00f6kningstips och l\u00f6sningar:<\/p>\n<ul>\n<li>Kontrollera om det finns synliga l\u00e4ckor och reparera eller byt ut skadade t\u00e4tningar.<\/li>\n<li>S\u00e4kerst\u00e4ll att hydraulsystemet har tillr\u00e4ckligt tryck och fl\u00f6de.<\/li>\n<li>Om onormala ljud uppst\u00e5r, kontrollera om det finns l\u00f6sa eller skadade komponenter och dra \u00e5t eller byt ut dem d\u00e4refter.<\/li>\n<\/ul>\n<p><img decoding=\"async\" src=\"https:\/\/www.hydraulic-cylinders.net\/wp-content\/uploads\/2025\/01\/songte-bushings-with-all-kinds-of-excavator-models.webp\" alt=\"Bild p\u00e5 bussningar f\u00f6r hydraulcylinder\"><\/p>\n<p>Regelbundet underh\u00e5ll och f\u00f6rebyggande \u00e5tg\u00e4rder kan hj\u00e4lpa till att diagnostisera och l\u00f6sa problem effektivt, samt minimera potentiella problem.<\/p>\n<h3>Om v\u00e5rt f\u00f6retag<\/h3>\n<p>Vi \u00e4r en tillverkare av hydraulcylindrar f\u00f6r reservdelar och erbjuder ett brett utbud av produkter. Som en av de ledande tillverkarna och grossistdistribut\u00f6rerna av hydraulcylindrar p\u00e5 den inhemska och internationella marknaden f\u00f6ljer vi principerna om excellens och f\u00f6rlitar oss p\u00e5 industrialiserade produktionsstrategier i v\u00e5ra f\u00f6rfinade tillverkningsverkst\u00e4der. Genom att utnyttja tekniska talanger, avancerad digital tillverkningsutrustning och professionella testsystem f\u00f6rb\u00e4ttrar vi kontinuerligt v\u00e5r tillverkningsplattform och v\u00e5ra produktionsv\u00e4gar f\u00f6r produktkvalitet. V\u00e5rt f\u00f6retag har starka kreativa f\u00f6rm\u00e5gor och str\u00e4var efter att m\u00f6ta olika kunders behov med h\u00f6g effektivitet, precision och kvalitet.<\/p>\n<p><img decoding=\"async\" src=\"https:\/\/www.hydraulic-cylinders.net\/wp-content\/uploads\/2025\/01\/songte-company-3.webp\" alt=\"F\u00f6retagsbild\"><\/p>\n<p>Vi \u00e4r stolta \u00f6ver v\u00e5r professionalism, internationella certifieringar, kundanpassade tj\u00e4nster, produktionsutrustning och eftermarknadsservice.<\/p>\n<p>F\u00f6rfattare: lyl<\/p>","protected":false},"excerpt":{"rendered":"<p>Bucket Cylinder For Liugong Small Excavator CLG915E Introduction The bucket cylinder for Liugong small excavator CLG915E is a specially designed hydraulic cylinder that is primarily used to control the movement of the bucket in heavy machinery such as excavators, backhoe loaders, and front-end loaders. Its main function is to enable the bucket to lift, lower, [&hellip;]<\/p>","protected":false},"featured_media":14780,"comment_status":"open","ping_status":"closed","template":"","meta":{"_et_pb_use_builder":"","_et_pb_old_content":"","_et_gb_content_width":""},"product_brand":[],"product_cat":[1494],"product_tag":[1495,1496],"class_list":{"0":"post-15573","1":"product","2":"type-product","3":"status-publish","4":"has-post-thumbnail","6":"product_cat-bucket-cylinders","7":"product_tag-bucket-cylinders","8":"product_tag-hydraulic-cylinders","10":"first","11":"instock","12":"shipping-taxable","13":"product-type-simple"},"amp_enabled":true,"_links":{"self":[{"href":"https:\/\/www.hydraulic-cylinders.net\/sv\/wp-json\/wp\/v2\/product\/15573","targetHints":{"allow":["GET"]}}],"collection":[{"href":"https:\/\/www.hydraulic-cylinders.net\/sv\/wp-json\/wp\/v2\/product"}],"about":[{"href":"https:\/\/www.hydraulic-cylinders.net\/sv\/wp-json\/wp\/v2\/types\/product"}],"replies":[{"embeddable":true,"href":"https:\/\/www.hydraulic-cylinders.net\/sv\/wp-json\/wp\/v2\/comments?post=15573"}],"wp:featuredmedia":[{"embeddable":true,"href":"https:\/\/www.hydraulic-cylinders.net\/sv\/wp-json\/wp\/v2\/media\/14780"}],"wp:attachment":[{"href":"https:\/\/www.hydraulic-cylinders.net\/sv\/wp-json\/wp\/v2\/media?parent=15573"}],"wp:term":[{"taxonomy":"product_brand","embeddable":true,"href":"https:\/\/www.hydraulic-cylinders.net\/sv\/wp-json\/wp\/v2\/product_brand?post=15573"},{"taxonomy":"product_cat","embeddable":true,"href":"https:\/\/www.hydraulic-cylinders.net\/sv\/wp-json\/wp\/v2\/product_cat?post=15573"},{"taxonomy":"product_tag","embeddable":true,"href":"https:\/\/www.hydraulic-cylinders.net\/sv\/wp-json\/wp\/v2\/product_tag?post=15573"}],"curies":[{"name":"wp","href":"https:\/\/api.w.org\/{rel}","templated":true}]}}