{"id":15576,"date":"2025-01-19T14:42:15","date_gmt":"2025-01-19T14:42:15","guid":{"rendered":"https:\/\/www.hydraulic-cylinders.net\/product\/bucket-cylinder-for-liugong-middle-excavator-clg225c\/"},"modified":"2025-01-19T14:42:17","modified_gmt":"2025-01-19T14:42:17","slug":"bucket-cylinder-for-liugong-middle-excavator-clg225c","status":"publish","type":"product","link":"https:\/\/www.hydraulic-cylinders.net\/sv\/produkt\/bucket-cylinder-for-liugong-middle-excavator-clg225c\/","title":{"rendered":"Skopscylinder f\u00f6r Liugong mellangr\u00e4vmaskin CLG225C"},"content":{"rendered":"<h1>Skopscylinder f\u00f6r Liugong mellangr\u00e4vmaskin CLG225C<\/h1>\n<h2>Introduktion<\/h2>\n<p>Skopcylindern, \u00e4ven k\u00e4nd som gr\u00e4vmaskinsarmscylinder, \u00e4r en specialdesignad hydraulcylinder som fr\u00e4mst anv\u00e4nds f\u00f6r att styra skopans r\u00f6relse i tunga maskiner som gr\u00e4vmaskiner, gr\u00e4vmaskiner och frontlastare. Dess huvudsakliga funktion \u00e4r att g\u00f6ra det m\u00f6jligt f\u00f6r skopan att lyfta, s\u00e4nka och luta, vilket underl\u00e4ttar olika materialhanteringsuppgifter. I hydraulsystemet uppn\u00e5r skopcylindern exakt kontroll \u00f6ver skopans r\u00f6relse genom att variera hydrauloljans tryck, vilket g\u00f6r det m\u00f6jligt f\u00f6r f\u00f6rare att effektivt hantera tunga laster och anpassa sig till komplexa arbetsmilj\u00f6er och olika driftsbehov.<\/p>\n<p><img decoding=\"async\" src=\"https:\/\/www.hydraulic-cylinders.net\/wp-content\/uploads\/2025\/01\/songte-company-2.webp\" alt=\"Skopscylinder f\u00f6r Liugong mellangr\u00e4vmaskin CLG225C\"><\/p>\n<h2>Drag<\/h2>\n<ul>\n<li>\n<h3>H\u00f6g styrka och h\u00e5llbarhet<\/h3>\n<p>Skopscylindern \u00e4r vanligtvis tillverkad av h\u00f6gh\u00e5llfast st\u00e5l eller aluminium och t\u00e5l h\u00f6gt tryck och tunga belastningar, vilket g\u00f6r den l\u00e4mplig f\u00f6r tuffa arbetsmilj\u00f6er. Dess design tar h\u00e4nsyn till slitstyrka och korrosionsbest\u00e4ndighet, vilket f\u00f6rl\u00e4nger dess livsl\u00e4ngd.<\/p>\n<\/li>\n<li>\n<h3>Effektiv hydraulisk drift<\/h3>\n<p>Skopscylindern anv\u00e4nder hydrauloljans tryck f\u00f6r att uppn\u00e5 smidiga ut- och inf\u00e4llningsr\u00f6relser, vilket ger kraftfulla tryck- och dragkrafter och \u00e4r l\u00e4mplig f\u00f6r hantering av tunga laster och komplexa driftsuppgifter.<\/p>\n<\/li>\n<li>\n<h3>Olika typer<\/h3>\n<p>Skopscylindern kan vara enkelverkande (hydraulisk anv\u00e4nds endast i en riktning) eller dubbelverkande (hydraulisk anv\u00e4nds i b\u00e5da riktningarna) cylinder, beroende p\u00e5 driftsbehov. Vissa modeller \u00e4r teleskopiska, vilket m\u00f6jligg\u00f6r st\u00f6rre utdrag utan att \u00f6ka de yttre m\u00e5tten, vilket g\u00f6r dem l\u00e4mpliga f\u00f6r applikationer med begr\u00e4nsat utrymme.<\/p>\n<\/li>\n<li>\n<h3>Perfekt ers\u00e4ttning<\/h3>\n<p>V\u00e5r produkt kan perfekt ers\u00e4tta dessa hydraulcylindrar. Vi kan producera denna produkt med h\u00f6g kvalitet och till ett \u00f6verkomligt pris.<\/p>\n<\/li>\n<\/ul>\n<p><img decoding=\"async\" src=\"https:\/\/www.hydraulic-cylinders.net\/wp-content\/uploads\/2025\/01\/songte-cylinder-head-with-all-kinds-excavator-models.webp\" alt=\"Skopscylinder f\u00f6r Liugong mellangr\u00e4vmaskin CLG225C\"><\/p>\n<h2>Applikationer<\/h2>\n<p>Skopscylindern har olika till\u00e4mpningar inom olika branscher, s\u00e5som:<\/p>\n<ul>\n<li>\n<h3>Byggutrustning<\/h3>\n<p>I gr\u00e4vmaskiner \u00e4r skopcylindern viktig f\u00f6r att gr\u00e4va, lasta och flytta jord eller skr\u00e4p. I gr\u00e4vmaskiner hj\u00e4lper skopcylindern till vid gr\u00e4vning och lyftning. I frontlastare hj\u00e4lper den till att lyfta och dumpa gods effektivt.<\/p>\n<\/li>\n<li>\n<h3>Jordbruksmaskiner<\/h3>\n<p>Skopcylindern anv\u00e4nds i frontlastare f\u00f6r att gr\u00e4va, lyfta och transportera jord, h\u00f6 och andra material.<\/p>\n<\/li>\n<li>\n<h3>Gr\u00e4vmaskiner<\/h3>\n<p>Skopans cylinder g\u00f6r att skopan kan tr\u00e4nga ner i jorden och utf\u00f6ra gr\u00e4vnings\u00e5tg\u00e4rder.<\/p>\n<\/li>\n<li>\n<h3>Lastare<\/h3>\n<p>I frontlastare hj\u00e4lper skopcylindern till att lyfta och tilta gods effektivt.<\/p>\n<\/li>\n<\/ul>\n<h2>Design\u00f6verv\u00e4ganden och urvalskriterier<\/h2>\n<p>Hinkcylinderns konstruktions\u00f6verv\u00e4ganden inkluderar dess b\u00e4rf\u00f6rm\u00e5ga, t\u00e4tningsprestanda, h\u00e5llbarhet, s\u00e4kerhet och underh\u00e5llbarhet. <\/p>\n<ul>\n<li>\n<h3>B\u00e4rkraft<\/h3>\n<p>Att ber\u00e4kna lastkapaciteten spelar en viktig roll vid val av r\u00e4tt skopcylinder. Cylindern m\u00e5ste klara den tunga belastningen, vilket g\u00f6r det viktigt att v\u00e4lja en cylinder med h\u00f6g lastkapacitet.<\/p>\n<\/li>\n<li>\n<h3>T\u00e4tningsprestanda<\/h3>\n<p>Skopscylindern anv\u00e4nder olika t\u00e4tningskomponenter s\u00e5som kolvt\u00e4tningar och kolvst\u00e5ngst\u00e4tningar. Att v\u00e4lja en cylinder med h\u00f6gkvalitativa t\u00e4tningar s\u00e4kerst\u00e4ller att den fungerar optimalt och f\u00f6rhindrar l\u00e4ckage.<\/p>\n<\/li>\n<li>\n<h3>Varaktighet<\/h3>\n<p>Skopscylindern uts\u00e4tts f\u00f6r tuffa arbetsf\u00f6rh\u00e5llanden och beh\u00f6ver ha l\u00e5ng livsl\u00e4ngd. Materialet, bearbetningen och v\u00e4rmebehandlingen av cylindern p\u00e5verkar dess h\u00e5llbarhet.<\/p>\n<\/li>\n<li>\n<h3>S\u00e4kerhet<\/h3>\n<p>Skopscylindrar m\u00e5ste uppfylla s\u00e4kerhetsf\u00f6reskrifter f\u00f6r att f\u00f6rhindra olyckor och skador. Att v\u00e4lja cylindrar med s\u00e4kerhetsfunktioner som \u00f6verbelastningsskydd och tryckavlastningsventiler \u00e4r avg\u00f6rande f\u00f6r att s\u00e4kerst\u00e4lla s\u00e4ker drift.<\/p>\n<\/li>\n<li>\n<h3>Underh\u00e5llbarhet<\/h3>\n<p>Skopscylindern kr\u00e4ver regelbundet underh\u00e5ll f\u00f6r att s\u00e4kerst\u00e4lla korrekt funktion. En cylinderkonstruktion som m\u00f6jligg\u00f6r enkelt underh\u00e5ll och reparation kan minska driftstopp och \u00f6ka effektiviteten.<\/p>\n<\/li>\n<\/ul>\n<p><img decoding=\"async\" src=\"https:\/\/www.hydraulic-cylinders.net\/wp-content\/uploads\/2025\/01\/songte-oil-pipes-and-spare-parts.webp\" alt=\"Skopscylinder f\u00f6r Liugong mellangr\u00e4vmaskin CLG225C\"><\/p>\n<h2>T\u00e4tning och sm\u00f6rjning<\/h2>\n<p>Skopscylindern inneh\u00e5ller olika t\u00e4tningskomponenter s\u00e5som kolvt\u00e4tningar och kolvst\u00e5ngst\u00e4tningar. Att v\u00e4lja r\u00e4tt t\u00e4tningsmaterial och s\u00e4kerst\u00e4lla korrekt sm\u00f6rjning \u00e4r avg\u00f6rande f\u00f6r optimal prestanda och livsl\u00e4ngd. Regelbunden tillsats av r\u00e4tt m\u00e4ngd hydraulolja \u00e4r n\u00f6dv\u00e4ndig f\u00f6r korrekt sm\u00f6rjning.<\/p>\n<h2>Underh\u00e5ll och reparation<\/h2>\n<p>Skopscylindern kr\u00e4ver regelbundet underh\u00e5ll och reparationer f\u00f6r att f\u00f6rl\u00e4nga dess livsl\u00e4ngd, minska driftstopp och f\u00f6rb\u00e4ttra effektiviteten. Regelbundna underh\u00e5llsuppgifter inkluderar:<\/p>\n<ul>\n<li>\n<h3>Periodisk inspektion<\/h3>\n<p>Inspektera skopcylindern f\u00f6r slitage, skador och l\u00e4ckor, och byt ut eventuella slitna t\u00e4tningar eller delar.<\/p>\n<\/li>\n<li>\n<h3>Sm\u00f6rjning<\/h3>\n<p>Sm\u00f6rj cylindern regelbundet och se till att hydrauloljeniv\u00e5n f\u00f6rblir tillr\u00e4cklig.<\/p>\n<\/li>\n<li>\n<h3>Byte av t\u00e4tning och kalibreringskontroll<\/h3>\n<p>Byte av t\u00e4tning vid behov och kontroll av cylinderns kalibrering f\u00f6r att s\u00e4kerst\u00e4lla att den fungerar korrekt.<\/p>\n<\/li>\n<\/ul>\n<p>Korrekt installation \u00e4r avg\u00f6rande f\u00f6r att s\u00e4kerst\u00e4lla att cylindern fungerar optimalt. Det \u00e4r n\u00f6dv\u00e4ndigt att rikta in cylindern korrekt och anv\u00e4nda l\u00e4mpliga monteringsf\u00e4sten f\u00f6r att s\u00e4kra den. Rekommenderade inspektions-, underh\u00e5lls- och utbytesprocedurer \u00e4r ocks\u00e5 viktiga f\u00f6r att \u00f6ka skopcylinderns livsl\u00e4ngd.<\/p>\n<p><img decoding=\"async\" src=\"https:\/\/www.hydraulic-cylinders.net\/wp-content\/uploads\/2025\/01\/songte-chushion-collar.webp\" alt=\"Skopscylinder f\u00f6r Liugong mellangr\u00e4vmaskin CLG225C\"><\/p>\n<h2>S\u00e4kerhets- och milj\u00f6h\u00e4nsyn<\/h2>\n<p>N\u00e4r man anv\u00e4nder skopcylindern \u00e4r det viktigt att f\u00f6lja s\u00e4kerhets\u00e5tg\u00e4rder f\u00f6r att f\u00f6rhindra olyckor och skador. Korrekt kassering av hydraulolja och andra farliga \u00e4mnen \u00e4r ocks\u00e5 n\u00f6dv\u00e4ndigt f\u00f6r att f\u00f6rhindra milj\u00f6f\u00f6rorening.<\/p>\n<h2>Fels\u00f6kning<\/h2>\n<p>Vanliga problem med skopcylindern inkluderar l\u00e4ckage, felaktig funktion och skador p\u00e5 t\u00e4tningarna. Korrekt underh\u00e5ll och reparation kan f\u00f6rhindra dessa problem. Om problemen kvarst\u00e5r, kontrollera f\u00f6ljande: <\/p>\n<ul>\n<li>\n<h3>L\u00e5g hydrauloljeniv\u00e5<\/h3>\n<p>Kontrollera hydrauloljeniv\u00e5n och fyll p\u00e5 olja vid behov.<\/p>\n<\/li>\n<li>\n<h3>Slitna t\u00e4tningar<\/h3>\n<p>Kontrollera skopcylindern f\u00f6r slitna t\u00e4tningar och byt ut dem vid behov.<\/p>\n<\/li>\n<li>\n<h3>Skada<\/h3>\n<p>Kontrollera om det finns skador, s\u00e5som b\u00f6jda eller trasiga delar, och byt ut dem omedelbart.<\/p>\n<\/li>\n<\/ul>\n<h2>F\u00f6retagsintroduktion<\/h2>\n<p>Vi \u00e4r en ledande tillverkare och grossistdistribut\u00f6r av hydraulcylindrar p\u00e5 den inhemska och internationella marknaden. Vi erbjuder ett komplett produktsortiment och str\u00e4var efter att leverera utm\u00e4rkt kvalitet genom industrialiserade produktionsstrategier. V\u00e5r precisionstillverkningsverkstad, till\u00e4mpning av avancerad teknik och professionella testsystem s\u00e4kerst\u00e4ller h\u00f6gkvalitativa produkter som m\u00f6ter olika kunders behov. <\/p>\n<p><img decoding=\"async\" src=\"https:\/\/hzpt.com\/wp-content\/uploads\/2024\/11\/songte-company-1.webp\" alt=\"Skopscylinder f\u00f6r Liugong mellangr\u00e4vmaskin CLG225C\"><\/p>\n<h3>V\u00e5rt f\u00f6retags styrkor:<\/h3>\n<ul>\n<li>Professionalism<\/li>\n<li>Internationell certifiering<\/li>\n<li>Anpassade tj\u00e4nster<\/li>\n<li>Avancerad produktionsutrustning<\/li>\n<li>Utm\u00e4rkt eftermarknadsservice<\/li>\n<\/ul>\n<p>Vi str\u00e4var efter att tillhandah\u00e5lla h\u00f6gkvalitativa hydraulcylindrar som uppfyller kundernas krav och \u00f6vertr\u00e4ffar f\u00f6rv\u00e4ntningarna. <\/p>\n<p><img decoding=\"async\" src=\"https:\/\/www.hydraulic-cylinders.net\/wp-content\/uploads\/2025\/01\/songte-company-3.webp\" alt=\"Skopscylinder f\u00f6r Liugong mellangr\u00e4vmaskin CLG225C\"><\/p>\n<p>F\u00f6rfattare: lyl<\/p>","protected":false},"excerpt":{"rendered":"<p>Bucket Cylinder For Liugong Middle Excavator CLG225C Introduction The bucket cylinder, also known as the excavator arm cylinder, is a specially designed hydraulic cylinder primarily used to control the motion of the bucket in heavy machinery such as excavators, backhoes, and front-end loaders. Its main function is to enable the bucket to lift, lower, and [&hellip;]<\/p>","protected":false},"featured_media":14773,"comment_status":"open","ping_status":"closed","template":"","meta":{"_et_pb_use_builder":"","_et_pb_old_content":"","_et_gb_content_width":""},"product_brand":[],"product_cat":[1494],"product_tag":[1495,1496],"class_list":{"0":"post-15576","1":"product","2":"type-product","3":"status-publish","4":"has-post-thumbnail","6":"product_cat-bucket-cylinders","7":"product_tag-bucket-cylinders","8":"product_tag-hydraulic-cylinders","10":"first","11":"instock","12":"shipping-taxable","13":"product-type-simple"},"amp_enabled":true,"_links":{"self":[{"href":"https:\/\/www.hydraulic-cylinders.net\/sv\/wp-json\/wp\/v2\/product\/15576","targetHints":{"allow":["GET"]}}],"collection":[{"href":"https:\/\/www.hydraulic-cylinders.net\/sv\/wp-json\/wp\/v2\/product"}],"about":[{"href":"https:\/\/www.hydraulic-cylinders.net\/sv\/wp-json\/wp\/v2\/types\/product"}],"replies":[{"embeddable":true,"href":"https:\/\/www.hydraulic-cylinders.net\/sv\/wp-json\/wp\/v2\/comments?post=15576"}],"wp:featuredmedia":[{"embeddable":true,"href":"https:\/\/www.hydraulic-cylinders.net\/sv\/wp-json\/wp\/v2\/media\/14773"}],"wp:attachment":[{"href":"https:\/\/www.hydraulic-cylinders.net\/sv\/wp-json\/wp\/v2\/media?parent=15576"}],"wp:term":[{"taxonomy":"product_brand","embeddable":true,"href":"https:\/\/www.hydraulic-cylinders.net\/sv\/wp-json\/wp\/v2\/product_brand?post=15576"},{"taxonomy":"product_cat","embeddable":true,"href":"https:\/\/www.hydraulic-cylinders.net\/sv\/wp-json\/wp\/v2\/product_cat?post=15576"},{"taxonomy":"product_tag","embeddable":true,"href":"https:\/\/www.hydraulic-cylinders.net\/sv\/wp-json\/wp\/v2\/product_tag?post=15576"}],"curies":[{"name":"wp","href":"https:\/\/api.w.org\/{rel}","templated":true}]}}