{"id":15578,"date":"2025-01-19T14:42:24","date_gmt":"2025-01-19T14:42:24","guid":{"rendered":"https:\/\/www.hydraulic-cylinders.net\/product\/bucket-cylinder-for-liugong-middle-excavator-clg925d-925e\/"},"modified":"2025-01-19T14:42:26","modified_gmt":"2025-01-19T14:42:26","slug":"bucket-cylinder-for-liugong-middle-excavator-clg925d-925e","status":"publish","type":"product","link":"https:\/\/www.hydraulic-cylinders.net\/sv\/produkt\/bucket-cylinder-for-liugong-middle-excavator-clg925d-925e\/","title":{"rendered":"Skopscylinder f\u00f6r Liugong mellangr\u00e4vmaskin CLG925D\/925E"},"content":{"rendered":"<h1>Skopscylinder f\u00f6r Liugong mellangr\u00e4vmaskin CLG925D\/925E<\/h1>\n<h2>Introduktion<\/h2>\n<p>Skopcylindern \u00e4r en specialdesignad hydraulcylinder som fr\u00e4mst anv\u00e4nds f\u00f6r att styra skopans r\u00f6relse i tunga maskiner som gr\u00e4vmaskiner, gr\u00e4vlastare och frontlastare. Dess huvudsakliga funktion \u00e4r att g\u00f6ra det m\u00f6jligt f\u00f6r skopan att lyfta, s\u00e4nka och luta, vilket g\u00f6r det enklare att utf\u00f6ra olika materialhanteringsuppgifter. I hydraulsystemet uppn\u00e5r skopcylindern exakt kontroll \u00f6ver skopan genom f\u00f6r\u00e4ndringar i hydrauloljetrycket, vilket g\u00f6r det m\u00f6jligt f\u00f6r f\u00f6rare att effektivt hantera tunga laster, anpassa sig till komplexa arbetsmilj\u00f6er och olika arbetskrav.<\/p>\n<p><img decoding=\"async\" src=\"https:\/\/www.hydraulic-cylinders.net\/wp-content\/uploads\/2025\/01\/songte-company-2.webp\" alt=\"Skopscylinder\"><\/p>\n<h2>Drag<\/h2>\n<ul>\n<li>\n<h3>H\u00f6g styrka och h\u00e5llbarhet:<\/h3>\n<p> Den \u00e4r vanligtvis tillverkad av h\u00f6gh\u00e5llfast st\u00e5l eller aluminium och t\u00e5l h\u00f6gt tryck och tunga belastningar, vilket g\u00f6r den l\u00e4mplig f\u00f6r tuffa arbetsmilj\u00f6er. Den \u00e4r konstruerad med slitstyrka och korrosionsbest\u00e4ndighet i \u00e5tanke, vilket f\u00f6rl\u00e4nger dess livsl\u00e4ngd.<\/li>\n<li>\n<h3>Effektiv hydraulisk drift:<\/h3>\n<p> Smidig teleskopr\u00f6relse uppn\u00e5s genom att anv\u00e4nda hydrauloljetryck, vilket snabbt kan reagera p\u00e5 kontrollkommandon och ge starka tryck- och dragkrafter, l\u00e4mplig f\u00f6r hantering av tunga laster och komplexa arbetsuppgifter.<\/li>\n<li>\n<h3>Olika typer:<\/h3>\n<p> Enkelverkande (hydrauliska anv\u00e4nds endast i en riktning) eller dubbelverkande (hydrauliska anv\u00e4nds i b\u00e5da riktningarna) cylindrar kan v\u00e4ljas efter driftskrav. Vissa modeller \u00e4r teleskopiska, vilket m\u00f6jligg\u00f6r st\u00f6rre utdrag utan att \u00f6ka ytterm\u00e5tten, l\u00e4mpliga f\u00f6r applikationer med begr\u00e4nsat utrymme.<\/li>\n<li>\n<h3>V\u00e5r f\u00f6rm\u00e5ga att producera denna produkt:<\/h3>\n<p> V\u00e5r produkt kan perfekt ers\u00e4tta dessa hydraulcylindrar.<\/li>\n<\/ul>\n<p><img decoding=\"async\" src=\"https:\/\/www.hydraulic-cylinders.net\/wp-content\/uploads\/2025\/01\/songte-cylinder-head-with-all-kinds-excavator-models.webp\" alt=\"Produkt\"><\/p>\n<h2>Applikationer<\/h2>\n<p>Skopscylindern \u00e4r viktig f\u00f6r att gr\u00e4va, lasta och flytta jord eller skr\u00e4p i entreprenadmaskiner som gr\u00e4vmaskiner och traktorgr\u00e4vare. Dessutom anv\u00e4nds den f\u00f6r frontlastare f\u00f6r att lyfta och dumpa gods effektivt. F\u00f6ljande \u00e4r n\u00e5gra av de specifika till\u00e4mpningarna:<\/p>\n<ul>\n<li>\n<h3>Byggutrustning:<\/h3>\n<p> Skopcylindrar \u00e4r avg\u00f6rande f\u00f6r att gr\u00e4va, lasta och flytta jord eller skr\u00e4p i gr\u00e4vmaskiner och gr\u00e4vlastare. Skopcylindern hj\u00e4lper till vid b\u00e5de gr\u00e4vning och lyftning i gr\u00e4vlastare.<\/li>\n<li>\n<h3>Jordbruksmaskiner:<\/h3>\n<p> Anv\u00e4nds f\u00f6r frontlastare f\u00f6r att lyfta och transportera jord, h\u00f6 och andra material.<\/li>\n<li>\n<h3>Gr\u00e4vmaskiner:<\/h3>\n<p> Skopans cylinder m\u00f6jligg\u00f6r gr\u00e4vning genom att l\u00e5ta skopan tr\u00e4nga ner i jorden.<\/li>\n<li>\n<h3>Frontlastare:<\/h3>\n<p> De hj\u00e4lper till att lyfta och luta last effektivt.<\/li>\n<\/ul>\n<h2>Design\u00f6verv\u00e4ganden och urvalskriterier<\/h2>\n<h3>Design\u00f6verv\u00e4ganden:<\/h3>\n<ul>\n<li>\n<h4>B\u00e4rkraft:<\/h4>\n<p> Skopcylindern ska kunna hantera den erforderliga lastkapaciteten utan att haverera.<\/li>\n<li>\n<h4>T\u00e4tning:<\/h4>\n<p> Cylindern ska vara ordentligt t\u00e4tad f\u00f6r att undvika l\u00e4ckage av hydraulv\u00e4tska.<\/li>\n<li>\n<h4>Varaktighet:<\/h4>\n<p> Cylindern b\u00f6r vara konstruerad f\u00f6r att klara tuffa arbetsf\u00f6rh\u00e5llanden och vara motst\u00e5ndskraftig mot slitage och korrosion.<\/li>\n<li>\n<h4>S\u00e4kerhet:<\/h4>\n<p> Cylindern b\u00f6r vara konstruerad f\u00f6r att s\u00e4kerst\u00e4lla operat\u00f6rens och omgivningens s\u00e4kerhet.<\/li>\n<li>\n<h4>Underh\u00e5ll:<\/h4>\n<p> Cylindern b\u00f6r vara konstruerad f\u00f6r enkelt underh\u00e5ll och reparation.<\/li>\n<\/ul>\n<p><img decoding=\"async\" src=\"https:\/\/www.hydraulic-cylinders.net\/wp-content\/uploads\/2025\/01\/songte-oil-pipes-and-spare-parts.webp\" alt=\"Produkter\"><\/p>\n<h3>T\u00e4tning och sm\u00f6rjning:<\/h3>\n<p>Olika t\u00e4tningskomponenter, s\u00e5som kolvt\u00e4tningar och kolvst\u00e5ngst\u00e4tningar, anv\u00e4nds f\u00f6r att f\u00f6rhindra l\u00e4ckage av hydraulv\u00e4tska. T\u00e4tningarna \u00e4r tillverkade av slitstarka material som polyuretan och nitrilgummi. Cylinderhuset och den g\u00e4ngade \u00e4ndytan \u00e4r finbearbetade f\u00f6r att f\u00f6rb\u00e4ttra slitstyrkan. Regelbunden sm\u00f6rjning med l\u00e4mplig hydraulolja kr\u00e4vs f\u00f6r att s\u00e4kerst\u00e4lla korrekt drift.<\/p>\n<h3>Underh\u00e5ll och reparation:<\/h3>\n<p>Regelbunden inspektion, l\u00e4mplig sm\u00f6rjning, byte av t\u00e4tningar och kalibreringskontroller \u00e4r n\u00e5gra av de vanliga underh\u00e5llsuppgifterna. Korrekt installation, sm\u00f6rjning och justering \u00e4r avg\u00f6rande f\u00f6r att \u00f6ka skopcylinderns livsl\u00e4ngd. Korrekt inriktning av cylindern \u00e4r viktig under installationen, och l\u00e4mpliga monteringsf\u00e4sten b\u00f6r anv\u00e4ndas f\u00f6r att s\u00e4kra cylindern. Rekommenderade inspektions-, reparations- och utbytesprocedurer, utbyte av delar och ombyggnadstj\u00e4nster tillhandah\u00e5lls f\u00f6r att f\u00f6rb\u00e4ttra cylinderns livsl\u00e4ngd.<\/p>\n<p><img decoding=\"async\" src=\"https:\/\/www.hydraulic-cylinders.net\/wp-content\/uploads\/2025\/01\/songte-chushion-collar.webp\" alt=\"Produkter\"><\/p>\n<h2>S\u00e4kerhetsaspekter och milj\u00f6faktorer<\/h2>\n<p>Skopcylindrar m\u00e5ste anv\u00e4ndas p\u00e5 ett s\u00e4kert s\u00e4tt, och l\u00e4mpliga s\u00e4kerhets\u00e5tg\u00e4rder b\u00f6r vidtas vid anv\u00e4ndning. Detta inkluderar att f\u00f6lja s\u00e4kerhetsriktlinjer som att b\u00e4ra personlig skyddsutrustning och s\u00e4kerst\u00e4lla att den hydrauliska utrustningen \u00e4r i gott skick. Milj\u00f6faktorer som temperatur, fuktighet och korrosion b\u00f6r ocks\u00e5 beaktas vid anv\u00e4ndning av skopcylindrar.<\/p>\n<h2>Fels\u00f6kning och vanliga problem<\/h2>\n<p>F\u00f6ljande \u00e4r n\u00e5gra vanliga problem som kan uppst\u00e5 vid anv\u00e4ndning av skopcylindrar:<\/p>\n<ul>\n<li>\n<h3>L\u00e4ckage av hydraulv\u00e4tska:<\/h3>\n<p> Detta kan bero p\u00e5 slitage p\u00e5 t\u00e4tningar eller andra komponenter.<\/li>\n<li>\n<h3>Fel p\u00e5 cylindern:<\/h3>\n<p> Cylindern kan sluta fungera korrekt p\u00e5 grund av olika orsaker, s\u00e5som s\u00e4nkt hydraultryck eller skadad kolv.<\/li>\n<li>\n<h3>Buller och vibrationer:<\/h3>\n<p> Detta kan orsakas av felaktig installation, slitna komponenter eller f\u00f6rorening av hydraulv\u00e4tskan.<\/li>\n<\/ul>\n<p>Korrekt inspektion och f\u00f6rebyggande underh\u00e5ll kan hj\u00e4lpa till att identifiera och f\u00f6rebygga dessa problem. Om ett problem uppt\u00e4cks b\u00f6r l\u00e4mpliga fels\u00f6knings- och reparations\u00e5tg\u00e4rder vidtas f\u00f6r att l\u00f6sa problemet.<\/p>\n<p><img decoding=\"async\" src=\"https:\/\/www.hydraulic-cylinders.net\/wp-content\/uploads\/2025\/01\/songte-bushings-with-all-kinds-of-excavator-models.webp\" alt=\"Produkter\"><\/p>\n<h2>Om v\u00e5rt f\u00f6retag<\/h2>\n<p>Vi \u00e4r en tillverkare av hydraulcylindrar och v\u00e5rt produktsortiment \u00e4r omfattande. Vi \u00e4r en av de ledande tillverkarna och grossistdistribut\u00f6rerna av hydraulcylindrar p\u00e5 den inhemska och internationella marknaden. Vi f\u00f6ljer strategin f\u00f6r utm\u00e4rkt kvalitet och f\u00f6rlitar oss p\u00e5 den industrialiserade produktionshanteringen i sofistikerade tillverkningsverkst\u00e4der. V\u00e5rt f\u00f6retag har kontinuerligt f\u00f6rb\u00e4ttrat verkstadens tillverkningsplattform genom till\u00e4mpning av tekniska talanger, digital avancerad tillverkningsutrustning och professionella testsystem, finslipat produktionslinjen f\u00f6r produktkvalitet och har en stark kreativ f\u00f6rm\u00e5ga. Vi f\u00f6rser v\u00e5ra kunder med h\u00f6g effektivitet, h\u00f6g precision och h\u00f6gkvalitativa produkter f\u00f6r att m\u00f6ta deras olika behov.<\/p>\n<p><img decoding=\"async\" src=\"https:\/\/hzpt.com\/wp-content\/uploads\/2024\/11\/songte-company-1.webp\" alt=\"F\u00f6retag\"><\/p>\n<h3>Professionalism:<\/h3>\n<p>V\u00e5rt f\u00f6retag har ett team av erfarna yrkesm\u00e4n som \u00e4r experter inom sina respektive omr\u00e5den. Vi erbjuder v\u00e5ra kunder h\u00f6gkvalitativa tekniska tj\u00e4nster och support f\u00f6r att s\u00e4kerst\u00e4lla att deras behov tillgodoses.<\/p>\n<h3>Internationell certifiering:<\/h3>\n<p>V\u00e5ra produkter \u00e4r certifierade av internationella kvalitetskontrollorganisationer som ISO och CE, vilket garanterar en h\u00f6g niv\u00e5 av s\u00e4kerhet och kvalitet.<\/p>\n<h3>Anpassningstj\u00e4nster:<\/h3>\n<p>Vi f\u00f6rser v\u00e5ra kunder med kundanpassade hydraulcylindrar och st\u00f6djer dem med teknisk v\u00e4gledning och support genom hela processen.<\/p>\n<h3>Produktionsutrustning:<\/h3>\n<p>V\u00e5rt f\u00f6retag har en rad avancerad produktionsutrustning, inklusive CNC-svarvar, fleroperationsmaskiner och testutrustning, bland annat.<\/p>\n<h3>Eftermarknadsservice:<\/h3>\n<p>Vi erbjuder v\u00e5ra kunder service och support efter k\u00f6pet f\u00f6r att s\u00e4kerst\u00e4lla att de \u00e4r n\u00f6jda med v\u00e5ra produkter.<\/p>\n<p><img decoding=\"async\" src=\"https:\/\/www.hydraulic-cylinders.net\/wp-content\/uploads\/2025\/01\/songte-company-3.webp\" alt=\"F\u00f6retag\"><\/p>\n<h2>F\u00f6rfattare: lyl<\/h2>","protected":false},"excerpt":{"rendered":"<p>Bucket Cylinder for Liugong Middle Excavator CLG925D\/925E Introduction The bucket cylinder is a specially designed hydraulic cylinder primarily used to control the movement of the bucket in heavy machinery such as excavators, backhoe loaders, and front-end loaders. Its main function is to enable the bucket to lift, lower, and tilt, making it easier to perform [&hellip;]<\/p>","protected":false},"featured_media":14769,"comment_status":"open","ping_status":"closed","template":"","meta":{"_et_pb_use_builder":"","_et_pb_old_content":"","_et_gb_content_width":""},"product_brand":[],"product_cat":[1494],"product_tag":[1495,1496],"class_list":{"0":"post-15578","1":"product","2":"type-product","3":"status-publish","4":"has-post-thumbnail","6":"product_cat-bucket-cylinders","7":"product_tag-bucket-cylinders","8":"product_tag-hydraulic-cylinders","10":"first","11":"instock","12":"shipping-taxable","13":"product-type-simple"},"amp_enabled":true,"_links":{"self":[{"href":"https:\/\/www.hydraulic-cylinders.net\/sv\/wp-json\/wp\/v2\/product\/15578","targetHints":{"allow":["GET"]}}],"collection":[{"href":"https:\/\/www.hydraulic-cylinders.net\/sv\/wp-json\/wp\/v2\/product"}],"about":[{"href":"https:\/\/www.hydraulic-cylinders.net\/sv\/wp-json\/wp\/v2\/types\/product"}],"replies":[{"embeddable":true,"href":"https:\/\/www.hydraulic-cylinders.net\/sv\/wp-json\/wp\/v2\/comments?post=15578"}],"wp:featuredmedia":[{"embeddable":true,"href":"https:\/\/www.hydraulic-cylinders.net\/sv\/wp-json\/wp\/v2\/media\/14769"}],"wp:attachment":[{"href":"https:\/\/www.hydraulic-cylinders.net\/sv\/wp-json\/wp\/v2\/media?parent=15578"}],"wp:term":[{"taxonomy":"product_brand","embeddable":true,"href":"https:\/\/www.hydraulic-cylinders.net\/sv\/wp-json\/wp\/v2\/product_brand?post=15578"},{"taxonomy":"product_cat","embeddable":true,"href":"https:\/\/www.hydraulic-cylinders.net\/sv\/wp-json\/wp\/v2\/product_cat?post=15578"},{"taxonomy":"product_tag","embeddable":true,"href":"https:\/\/www.hydraulic-cylinders.net\/sv\/wp-json\/wp\/v2\/product_tag?post=15578"}],"curies":[{"name":"wp","href":"https:\/\/api.w.org\/{rel}","templated":true}]}}