{"id":15583,"date":"2025-01-19T14:42:43","date_gmt":"2025-01-19T14:42:43","guid":{"rendered":"https:\/\/www.hydraulic-cylinders.net\/product\/bucket-cylinder-for-liugong-middle-excavator-clg925lc-925ll\/"},"modified":"2025-01-19T14:42:45","modified_gmt":"2025-01-19T14:42:45","slug":"bucket-cylinder-for-liugong-middle-excavator-clg925lc-925ll","status":"publish","type":"product","link":"https:\/\/www.hydraulic-cylinders.net\/sv\/produkt\/bucket-cylinder-for-liugong-middle-excavator-clg925lc-925ll\/","title":{"rendered":"Skopscylinder f\u00f6r Liugong mellangr\u00e4vmaskin CLG925LC\/925LL"},"content":{"rendered":"<h1>Skopscylinder f\u00f6r Liugong mellangr\u00e4vmaskin CLG925LC\/925LL<\/h1>\n<h2>Introduktion<\/h2>\n<h3>Definiera skopcylinder<\/h3>\n<p>En skopcylinder \u00e4r en specialdesignad hydraulcylinder som anv\u00e4nds f\u00f6r att styra r\u00f6relsen hos skopor i tunga maskiner som gr\u00e4vmaskiner, gr\u00e4vlastare och frontlastare. Dess huvudsakliga funktion \u00e4r att g\u00f6ra det m\u00f6jligt f\u00f6r skopan att lyfta, s\u00e4nka och luta, vilket g\u00f6r det enklare att hantera olika materialhanteringsuppgifter. I hydraulsystemet uppn\u00e5r skopcylindern exakt kontroll \u00f6ver skopan genom f\u00f6r\u00e4ndringar i hydrauloljetrycket, vilket g\u00f6r det m\u00f6jligt f\u00f6r f\u00f6rare att effektivt hantera tunga laster, anpassa sig till komplexa arbetsmilj\u00f6er och olika arbetskrav.<\/p>\n<p><img decoding=\"async\" src=\"https:\/\/www.hydraulic-cylinders.net\/wp-content\/uploads\/2025\/01\/songte-company-2.webp\"\/><\/p>\n<h3>Drag<\/h3>\n<ul>\n<li><strong>H\u00f6g styrka och h\u00e5llbarhet:<\/strong> Vanligtvis tillverkad av h\u00f6gh\u00e5llfast st\u00e5l eller aluminium, t\u00e5l h\u00f6gt tryck och tunga belastningar, \u00e4r anpassningsbar till tuffa arbetsmilj\u00f6er och konstruerad med slitstyrka och korrosionsbest\u00e4ndighet i \u00e5tanke f\u00f6r att f\u00f6rl\u00e4nga livsl\u00e4ngden.<\/li>\n<li><strong>Effektiv hydraulisk drift:<\/strong> Anv\u00e4nder hydrauloljetryck f\u00f6r att uppn\u00e5 smidig ut- och indragning, kan reagera snabbt p\u00e5 kontrollkommandon, ger kraftfull tryck- och dragkraft, l\u00e4mplig f\u00f6r hantering av tunga laster och komplexa arbetsuppgifter.<\/li>\n<li><strong>Olika typer:<\/strong> Man kan v\u00e4lja enkelverkande (med hydraulik endast i en riktning) eller dubbelverkande (med hydraulik i tv\u00e5 riktningar) cylindrar beroende p\u00e5 behov f\u00f6r att m\u00f6ta olika driftskrav. Vissa modeller \u00e4r teleskopiska, vilket m\u00f6jligg\u00f6r st\u00f6rre utdrag utan att \u00f6ka de yttre m\u00e5tten, l\u00e4mpliga f\u00f6r applikationer med begr\u00e4nsat utrymme.<\/li>\n<li><strong>Ers\u00e4ttning tillg\u00e4nglig:<\/strong> V\u00e5r produkt kan perfekt ers\u00e4tta dessa hydraulcylindrar.<\/li>\n<\/ul>\n<p><img decoding=\"async\" src=\"https:\/\/www.hydraulic-cylinders.net\/wp-content\/uploads\/2025\/01\/songte-cylinder-head-with-all-kinds-excavator-models.webp\"\/><\/p>\n<h2>Ans\u00f6kan<\/h2>\n<p><strong>Byggutrustning:<\/strong> De finns i gr\u00e4vmaskiner och \u00e4r viktiga f\u00f6r att gr\u00e4va, lasta och flytta jord eller skr\u00e4p. I gr\u00e4vlastare hj\u00e4lper skopcylindrar till b\u00e5de gr\u00e4vning och lyftning. Lantbruksmaskiner: Anv\u00e4nds f\u00f6r frontlastare, de skopar, lyfter och transporterar jord, h\u00f6 och andra material. Gr\u00e4vmaskiner: Skopcylindrar m\u00f6jligg\u00f6r gr\u00e4vning genom att l\u00e5ta skopan tr\u00e4nga ner i jorden. Lastare: I frontlastare hj\u00e4lper de till att lyfta och tilta gods effektivt.<\/p>\n<h2>Design\u00f6verv\u00e4ganden och urvalskriterier<\/h2>\n<h3>Viktiga \u00f6verv\u00e4ganden<\/h3>\n<ul>\n<li><strong>B\u00e4rkraft:<\/strong> Cylindern m\u00e5ste vara konstruerad f\u00f6r att klara en viss belastning utan att g\u00e5 s\u00f6nder.<\/li>\n<li><strong>T\u00e4tning:<\/strong> Cylindern beh\u00f6ver t\u00e4tas ordentligt f\u00f6r att f\u00f6rhindra att hydrauloljan l\u00e4cker ut.<\/li>\n<li><strong>Varaktighet:<\/strong> Cylindern m\u00e5ste vara tillr\u00e4ckligt h\u00e5llbar f\u00f6r att klara de tuffa arbetsmilj\u00f6er den kan uts\u00e4ttas f\u00f6r.<\/li>\n<li><strong>S\u00e4kerhet:<\/strong> Cylindern m\u00e5ste konstrueras med s\u00e4kerhet i \u00e5tanke f\u00f6r att f\u00f6rhindra olyckor.<\/li>\n<li><strong>Underh\u00e5llbarhet:<\/strong> Cylindern m\u00e5ste vara l\u00e4tt att underh\u00e5lla f\u00f6r regelbundet underh\u00e5ll.<\/li>\n<\/ul>\n<p><img decoding=\"async\" src=\"https:\/\/www.hydraulic-cylinders.net\/wp-content\/uploads\/2025\/01\/songte-oil-pipes-and-spare-parts.webp\"\/><\/p>\n<h3>T\u00e4tning och sm\u00f6rjning<\/h3>\n<p>Olika t\u00e4tningselement som kolvt\u00e4tningar, kolvst\u00e5ngst\u00e4tningar etc. anv\u00e4nds i skopcylindrar, med t\u00e4tningselement tillverkade av slitstarka material som polyuretan, nitrilgummi etc. Cylinderhuset och den g\u00e4ngade \u00e4nden har genomg\u00e5tt en fin ytbehandling f\u00f6r att f\u00f6rb\u00e4ttra slitstyrkan. Regelbunden p\u00e5fyllning av hydraulolja kr\u00e4vs f\u00f6r sm\u00f6rjning av cylindern f\u00f6r smidig drift.<\/p>\n<h2>Underh\u00e5ll och fels\u00f6kning<\/h2>\n<h3>Regelbunden inspektion och f\u00f6rebyggande underh\u00e5ll<\/h3>\n<p>Regelbunden inspektion och underh\u00e5ll av skopcylindern \u00e4r avg\u00f6rande f\u00f6r att f\u00f6rl\u00e4nga cylinderns livsl\u00e4ngd. Vanliga underh\u00e5llsuppgifter inkluderar regelbunden sm\u00f6rjning, byte av t\u00e4tningar och kalibreringskontroller. Korrekt installation \u00e4r viktig, och det rekommenderas att anv\u00e4nda l\u00e4mpliga monteringsf\u00e4sten f\u00f6r att s\u00e4kra cylindern. Rekommenderade inspektions-, reparations- och utbytesprocedurer kan bidra till att \u00f6ka cylinderns livsl\u00e4ngd.<\/p>\n<p><img decoding=\"async\" src=\"https:\/\/www.hydraulic-cylinders.net\/wp-content\/uploads\/2025\/01\/songte-chushion-collar.webp\"\/><\/p>\n<h3>S\u00e4kerhets\u00f6verv\u00e4ganden<\/h3>\n<p>S\u00e4kerhets\u00e5tg\u00e4rder \u00e4r viktiga vid anv\u00e4ndning av hydraulcylindrar. Det \u00e4r viktigt att f\u00f6lja korrekta installationsprocedurer och anv\u00e4nda l\u00e4mplig personlig skyddsutrustning vid hantering av cylindrar.<\/p>\n<h3>Fels\u00f6kning<\/h3>\n<p>Vanliga problem med skopcylindrar inkluderar l\u00e4ckor, skador p\u00e5 cylinderhuset och felaktig hydraulik. Det \u00e4r viktigt att identifiera orsaken till problemet och vidta l\u00e4mpliga korrigerande \u00e5tg\u00e4rder.<\/p>\n<p><img decoding=\"async\" src=\"https:\/\/www.hydraulic-cylinders.net\/wp-content\/uploads\/2025\/01\/songte-bushings-with-all-kinds-of-excavator-models.webp\"\/><\/p>\n<h2>Om v\u00e5rt f\u00f6retag<\/h2>\n<p>Vi \u00e4r en tillverkare av hydraulcylindrar f\u00f6r reservdelar med ett komplett produktsortiment. Vi har blivit en av de ledande tillverkarna och grossistdistribut\u00f6rerna av hydraulcylindrar p\u00e5 inhemska och internationella marknader. Vi f\u00f6ljer en policy f\u00f6r h\u00f6gsta kvalitet och f\u00f6rlitar oss p\u00e5 den industriella produktionsledningsstrategin fr\u00e5n fintillverkningsverkst\u00e4der. Vi f\u00f6rb\u00e4ttrar st\u00e4ndigt verkstadens tillverkningsplattform, f\u00f6rfinar produktionsv\u00e4gen f\u00f6r produktkvalitet och har en stark kreativ f\u00f6rm\u00e5ga. Med principerna om effektivitet, noggrannhet och h\u00f6g kvalitet kan vi m\u00f6ta kundernas olika behov.<\/p>\n<h3>Professionalism<\/h3>\n<p>Vi har etablerat ett team av mycket professionell och erfaren teknisk personal, vilket g\u00f6r det m\u00f6jligt f\u00f6r oss att erbjuda professionella och skr\u00e4ddarsydda tj\u00e4nster f\u00f6r att m\u00f6ta v\u00e5ra kunders olika behov.<\/p>\n<h3>Internationell certifiering<\/h3>\n<p>Vi har erh\u00e5llit internationella certifieringar som ISO9001, CE och TUV, vilket s\u00e4kerst\u00e4ller att v\u00e5ra produkter uppfyller de h\u00f6gsta internationella standarderna.<\/p>\n<h3>Anpassningstj\u00e4nster<\/h3>\n<p>Vi erbjuder skr\u00e4ddarsydda tj\u00e4nster f\u00f6r att m\u00f6ta v\u00e5ra kunders specifika behov, s\u00e5som att anpassa cylinderstorlek, form och material enligt kundens krav.<\/p>\n<h3>Produktionsutrustning<\/h3>\n<p>Vi anv\u00e4nder avancerad tillverkningsutrustning och teknik f\u00f6r att s\u00e4kerst\u00e4lla kvaliteten och h\u00e5llbarheten hos v\u00e5ra hydraulcylindrar.<\/p>\n<h3>Eftermarknadstj\u00e4nster<\/h3>\n<p>Vi erbjuder utm\u00e4rkta eftermarknadstj\u00e4nster s\u00e5som reparation, utbyte och ombyggnad f\u00f6r att s\u00e4kerst\u00e4lla v\u00e5ra produkters l\u00e5ngsiktiga prestanda.<\/p>\n<p><img decoding=\"async\" src=\"https:\/\/hzpt.com\/wp-content\/uploads\/2024\/11\/songte-company-1.webp\"\/><\/p>\n<p>F\u00f6rfattare: lyl<\/p>","protected":false},"excerpt":{"rendered":"<p>Bucket Cylinder For Liugong Middle Excavator CLG925LC\/925LL Introduction Defining Bucket Cylinder A bucket cylinder is a specially designed hydraulic cylinder used to control the movement of buckets in heavy machinery such as excavators, backhoe loaders, and front-end loaders. Its main function is to enable the bucket to lift, lower, and tilt, making it easier to [&hellip;]<\/p>","protected":false},"featured_media":14788,"comment_status":"open","ping_status":"closed","template":"","meta":{"_et_pb_use_builder":"","_et_pb_old_content":"","_et_gb_content_width":""},"product_brand":[],"product_cat":[1494],"product_tag":[1495,1496],"class_list":{"0":"post-15583","1":"product","2":"type-product","3":"status-publish","4":"has-post-thumbnail","6":"product_cat-bucket-cylinders","7":"product_tag-bucket-cylinders","8":"product_tag-hydraulic-cylinders","10":"first","11":"instock","12":"shipping-taxable","13":"product-type-simple"},"amp_enabled":true,"_links":{"self":[{"href":"https:\/\/www.hydraulic-cylinders.net\/sv\/wp-json\/wp\/v2\/product\/15583","targetHints":{"allow":["GET"]}}],"collection":[{"href":"https:\/\/www.hydraulic-cylinders.net\/sv\/wp-json\/wp\/v2\/product"}],"about":[{"href":"https:\/\/www.hydraulic-cylinders.net\/sv\/wp-json\/wp\/v2\/types\/product"}],"replies":[{"embeddable":true,"href":"https:\/\/www.hydraulic-cylinders.net\/sv\/wp-json\/wp\/v2\/comments?post=15583"}],"wp:featuredmedia":[{"embeddable":true,"href":"https:\/\/www.hydraulic-cylinders.net\/sv\/wp-json\/wp\/v2\/media\/14788"}],"wp:attachment":[{"href":"https:\/\/www.hydraulic-cylinders.net\/sv\/wp-json\/wp\/v2\/media?parent=15583"}],"wp:term":[{"taxonomy":"product_brand","embeddable":true,"href":"https:\/\/www.hydraulic-cylinders.net\/sv\/wp-json\/wp\/v2\/product_brand?post=15583"},{"taxonomy":"product_cat","embeddable":true,"href":"https:\/\/www.hydraulic-cylinders.net\/sv\/wp-json\/wp\/v2\/product_cat?post=15583"},{"taxonomy":"product_tag","embeddable":true,"href":"https:\/\/www.hydraulic-cylinders.net\/sv\/wp-json\/wp\/v2\/product_tag?post=15583"}],"curies":[{"name":"wp","href":"https:\/\/api.w.org\/{rel}","templated":true}]}}