{"id":15598,"date":"2025-01-19T14:43:48","date_gmt":"2025-01-19T14:43:48","guid":{"rendered":"https:\/\/www.hydraulic-cylinders.net\/product\/bucket-cylinder-for-xgma-middle-excavator-xg822el\/"},"modified":"2025-01-19T14:43:56","modified_gmt":"2025-01-19T14:43:56","slug":"bucket-cylinder-for-xgma-middle-excavator-xg822el","status":"publish","type":"product","link":"https:\/\/www.hydraulic-cylinders.net\/sv\/produkt\/bucket-cylinder-for-xgma-middle-excavator-xg822el\/","title":{"rendered":"Skopcylinder f\u00f6r XGMA mellangr\u00e4vmaskin XG822EL"},"content":{"rendered":"<h1>Skopcylinder f\u00f6r XGMA mellangr\u00e4vmaskin XG822EL<\/h1>\n<h2>Introduktion<\/h2>\n<p>Skopcylindern f\u00f6r XGMA mellangr\u00e4vmaskin XG822EL \u00e4r en specialdesignad hydraulcylinder som fr\u00e4mst anv\u00e4nds f\u00f6r att styra skopans r\u00f6relse i tunga maskiner som gr\u00e4vmaskiner, traktorgr\u00e4vmaskiner och frontlastare. Dess huvudsakliga funktion \u00e4r att l\u00e5ta skopan lyftas, s\u00e4nkas och lutas, vilket g\u00f6r den bekv\u00e4m f\u00f6r olika materialhanteringsuppgifter. I ett hydraulsystem anv\u00e4nder skopcylindern tryckf\u00f6r\u00e4ndringen i hydrauloljan f\u00f6r att exakt styra skopans r\u00f6relse, vilket g\u00f6r det m\u00f6jligt f\u00f6r f\u00f6raren att effektivt hantera tunga material och anpassa sig till komplexa arbetsf\u00f6rh\u00e5llanden och olika arbetskrav.<\/p>\n<p><img decoding=\"async\" src=\"https:\/\/www.hydraulic-cylinders.net\/wp-content\/uploads\/2025\/01\/songte-company-2.webp\"><\/p>\n<h2>Drag<\/h2>\n<ul>\n<li>H\u00f6g h\u00e5llfasthet och h\u00e5llbarhet: Den \u00e4r vanligtvis tillverkad av h\u00f6gh\u00e5llfast st\u00e5l eller aluminium och t\u00e5l h\u00f6gt tryck och tunga belastningar, vilket g\u00f6r den l\u00e4mplig f\u00f6r tuffa arbetsmilj\u00f6er. Konstruktionen tar h\u00e4nsyn till slitstyrka och korrosionsbest\u00e4ndighet, vilket f\u00f6rl\u00e4nger livsl\u00e4ngden.<\/li>\n<li>Effektiv hydraulisk drift: Genom att anv\u00e4nda hydrauloljans tryck f\u00f6r att uppn\u00e5 smidig ut- och indragning kan den snabbt reagera p\u00e5 kontrollkommandon och ge en kraftfull tryck- och dragkraft som \u00e4r l\u00e4mplig f\u00f6r hantering av tunga material och komplexa arbetsuppgifter.<\/li>\n<li>Olika typer: Enkelverkande (hydrauliska i endast en riktning) eller dubbelverkande (hydrauliska i b\u00e5da riktningarna) cylindrar kan v\u00e4ljas efter behov f\u00f6r att m\u00f6ta olika driftsbehov. Vissa modeller \u00e4r teleskopiska, vilket m\u00f6jligg\u00f6r st\u00f6rre utdrag utan att \u00f6ka de yttre m\u00e5tten, l\u00e4mpliga f\u00f6r applikationer med begr\u00e4nsat utrymme.<\/li>\n<li>L\u00e4tt att installera och underh\u00e5lla: V\u00e5rt f\u00f6retag kan producera denna produkt, och v\u00e5ra produkter kan perfekt ers\u00e4tta dessa hydraulcylindrar.<\/li>\n<\/ul>\n<p><img decoding=\"async\" src=\"https:\/\/www.hydraulic-cylinders.net\/wp-content\/uploads\/2025\/01\/songte-cylinder-head-with-all-kinds-excavator-models.webp\"><\/p>\n<h2>Applikationer<\/h2>\n<p>Denna skopcylinder anv\u00e4nds ofta i olika tunga maskiner, inklusive:<\/p>\n<ul>\n<li>Byggmaskiner: I gr\u00e4vmaskiner \u00e4r de viktiga f\u00f6r att gr\u00e4va, lasta och flytta jord eller skr\u00e4p. I gr\u00e4vmaskiner med gr\u00e4vaggregat hj\u00e4lper skopcylindern till med b\u00e5de gr\u00e4vning och lyftning. <\/li>\n<li>Jordbruksmaskiner: anv\u00e4nds f\u00f6r frontlastare, skopning, lyftning och transport av jord, h\u00f6 och andra material. <\/li>\n<li>Gr\u00e4vmaskiner: Skopans cylinder g\u00f6r att skopan kan tr\u00e4nga ner i jorden f\u00f6r att uppn\u00e5 gr\u00e4vning. <\/li>\n<li>Lastare: Frontlastare hj\u00e4lper till med att lyfta och tilta gods effektivt.<\/li>\n<\/ul>\n<h2>Design\u00f6verv\u00e4ganden och urvalskriterier<\/h2>\n<p>Designaspekterna f\u00f6r skopcylindern f\u00f6r XGMA-mellangr\u00e4vmaskin XG822EL \u00e4r avg\u00f6rande f\u00f6r dess prestanda. Nedan f\u00f6ljer de viktigaste faktorerna:<\/p>\n<h3>B\u00e4rkraft<\/h3>\n<p>Cylindern m\u00e5ste ha tillr\u00e4cklig b\u00e4rf\u00f6rm\u00e5ga f\u00f6r att s\u00e4kerst\u00e4lla att den kan motst\u00e5 den f\u00f6rv\u00e4ntade belastningen. Storleken och antalet lagerytor, materialens h\u00e5llfasthet och cylinderns geometri \u00e4r alla viktiga konstruktions\u00f6verv\u00e4ganden.<\/p>\n<h3>T\u00e4tning<\/h3>\n<p>Cylindern m\u00e5ste vara ordentligt t\u00e4tad f\u00f6r att f\u00f6rhindra att hydraulv\u00e4tskan l\u00e4cker. Cylinderns t\u00e4tning \u00e4r vanligtvis tillverkad av polyuretan, nitrilgummi eller andra slitstarka material f\u00f6r att f\u00f6rhindra l\u00e4ckage. Cylinderkroppen och de g\u00e4ngade \u00e4ndytorna \u00e4r fint bearbetade f\u00f6r att f\u00f6rb\u00e4ttra slitstyrkan och f\u00f6rhindra l\u00e4ckage.<\/p>\n<h3>H\u00e5llbarhet och underh\u00e5ll<\/h3>\n<p>Cylindern m\u00e5ste vara h\u00e5llbar och kr\u00e4va minimalt underh\u00e5ll. Den b\u00f6r vara konstruerad f\u00f6r l\u00e5ngvarig anv\u00e4ndning med minimalt slitage och enkelt underh\u00e5ll. Underh\u00e5llet av cylindern inkluderar regelbundna oljekontroller, byte av t\u00e4tningar och bussningar, inspektion och kalibreringskontroller.<\/p>\n<h3>S\u00e4kerhet och milj\u00f6<\/h3>\n<p>Skopscylindern f\u00f6r XGMA mellangr\u00e4vmaskin XG822EL m\u00e5ste konstrueras med s\u00e4kerhet och milj\u00f6skydd i \u00e5tanke. Hydraulsystemet ska vara l\u00e4ckages\u00e4kert med l\u00e4mpliga s\u00e4kerhetsfunktioner f\u00f6r att f\u00f6rhindra olyckor. Materialen som anv\u00e4nds m\u00e5ste vara l\u00e4mpliga f\u00f6r arbetsmilj\u00f6n utan milj\u00f6p\u00e5verkan.<\/p>\n<p><img decoding=\"async\" src=\"https:\/\/www.hydraulic-cylinders.net\/wp-content\/uploads\/2025\/01\/songte-oil-pipes-and-spare-parts.webp\"><\/p>\n<h2>T\u00e4tning och sm\u00f6rjning<\/h2>\n<p>Skopcylindern f\u00f6r XGMA-gr\u00e4vmaskinen XG822EL anv\u00e4nder olika t\u00e4tningskomponenter som kolvt\u00e4tningar, kolvst\u00e5ngst\u00e4tningar och avstrykart\u00e4tningar f\u00f6r att bibeh\u00e5lla optimalt hydraultryck och f\u00f6rhindra l\u00e4ckage. Anv\u00e4ndningen av slitstarka material och precisionsbearbetningen av cylinderns ytor \u00f6kar motst\u00e5ndskraften mot slitage. Regelbunden sm\u00f6rjning av cylinderns r\u00f6rliga delar minskar friktionen ytterligare och f\u00f6rb\u00e4ttrar prestandan.<\/p>\n<h2>F\u00f6rebyggande underh\u00e5ll<\/h2>\n<p>Regelbundet underh\u00e5ll av skopcylindern f\u00f6r XGMA Middle Excavator XG822EL \u00e4r viktigt f\u00f6r att f\u00f6rl\u00e4nga dess livsl\u00e4ngd. Underh\u00e5llsuppgifter inkluderar regelbunden inspektion, sm\u00f6rjning och byte av t\u00e4tningar. Kontroll och underh\u00e5ll av cylinderns inriktning och anv\u00e4ndning av l\u00e4mpliga monteringsf\u00e4sten \u00e4r ocks\u00e5 avg\u00f6rande f\u00f6r att f\u00f6rhindra potentiella problem. V\u00e5rt f\u00f6retag tillhandah\u00e5ller reservdelar och renoveringstj\u00e4nster f\u00f6r att f\u00f6rl\u00e4nga cylinderns livsl\u00e4ngd.<\/p>\n<p><img decoding=\"async\" src=\"https:\/\/www.hydraulic-cylinders.net\/wp-content\/uploads\/2025\/01\/songte-chushion-collar.webp\"><\/p>\n<h2>S\u00e4kerhet och fels\u00f6kning<\/h2>\n<p>Skopcylindern f\u00f6r XGMA mellangr\u00e4vmaskin XG822EL m\u00e5ste anv\u00e4ndas s\u00e4kert och inspekteras regelbundet f\u00f6r att uppt\u00e4cka potentiella problem. Underh\u00e5lls- och bruksanvisningen ger anvisningar f\u00f6r korrekt anv\u00e4ndning och underh\u00e5ll. Vanliga problem inkluderar l\u00e4ckage, tryckf\u00f6rlust och ovanliga ljud. Fels\u00f6kningsmetoder inkluderar visuell inspektion, trycktestning och komponentbyte. F\u00f6rebyggande \u00e5tg\u00e4rder, s\u00e5som regelbunden inspektion och underh\u00e5ll, minskar sannolikheten f\u00f6r problem.<\/p>\n<p><img decoding=\"async\" src=\"https:\/\/www.hydraulic-cylinders.net\/wp-content\/uploads\/2025\/01\/songte-bushings-with-all-kinds-of-excavator-models.webp\"><\/p>\n<h2>F\u00f6retagsintroduktion<\/h2>\n<p>V\u00e5rt f\u00f6retag \u00e4r en tillverkare av hydraulcylindrar f\u00f6r reservdelar med ett komplett produktsortiment. Vi \u00e4r en av de ledande tillverkarna och grossistdistribut\u00f6rerna av hydraulcylindrar p\u00e5 den inhemska och internationella marknaden. Vi f\u00f6ljer principen om utm\u00e4rkt kvalitet och f\u00f6rlitar oss p\u00e5 industrialiserade produktionsledningsstrategier i fintillverkningsverkst\u00e4der, f\u00f6rb\u00e4ttrar kontinuerligt verkstadens tillverkningsplattform, f\u00f6rb\u00e4ttrar kvaliteten p\u00e5 produktionslinjen och har starka produktionskapaciteter. V\u00e5ra principer f\u00f6r h\u00f6g effektivitet, h\u00f6g precision och h\u00f6g kvalitet m\u00f6ter olika kunders behov. <\/p>\n<p>V\u00e5rt f\u00f6retag erbjuder kundanpassningstj\u00e4nster, internationell certifiering, professionell utrustning och kundservice. Vi anv\u00e4nder avancerad teknik, utrustning och professionella testsystem f\u00f6r att kontinuerligt f\u00f6rb\u00e4ttra produktionen av v\u00e5ra produkter och kvaliteten p\u00e5 v\u00e5ra tj\u00e4nster.<\/p>\n<p><img decoding=\"async\" src=\"https:\/\/hzpt.com\/wp-content\/uploads\/2024\/11\/songte-company-1.webp\"><\/p>\n<h3>F\u00f6rfattare: lyl<\/h3>","protected":false},"excerpt":{"rendered":"<p>Bucket Cylinder For XGMA Middle Excavator XG822EL Introduction The Bucket Cylinder for XGMA Middle Excavator XG822EL is a specially designed hydraulic cylinder primarily used for controlling the movement of the bucket in heavy machinery such as excavators, backhoe excavators, and front loaders. Its main function is to allow the bucket to lift, lower, and tilt, [&hellip;]<\/p>","protected":false},"featured_media":14788,"comment_status":"open","ping_status":"closed","template":"","meta":{"_et_pb_use_builder":"","_et_pb_old_content":"","_et_gb_content_width":""},"product_brand":[],"product_cat":[1494],"product_tag":[1495,1496],"class_list":{"0":"post-15598","1":"product","2":"type-product","3":"status-publish","4":"has-post-thumbnail","6":"product_cat-bucket-cylinders","7":"product_tag-bucket-cylinders","8":"product_tag-hydraulic-cylinders","10":"first","11":"instock","12":"shipping-taxable","13":"product-type-simple"},"amp_enabled":true,"_links":{"self":[{"href":"https:\/\/www.hydraulic-cylinders.net\/sv\/wp-json\/wp\/v2\/product\/15598","targetHints":{"allow":["GET"]}}],"collection":[{"href":"https:\/\/www.hydraulic-cylinders.net\/sv\/wp-json\/wp\/v2\/product"}],"about":[{"href":"https:\/\/www.hydraulic-cylinders.net\/sv\/wp-json\/wp\/v2\/types\/product"}],"replies":[{"embeddable":true,"href":"https:\/\/www.hydraulic-cylinders.net\/sv\/wp-json\/wp\/v2\/comments?post=15598"}],"wp:featuredmedia":[{"embeddable":true,"href":"https:\/\/www.hydraulic-cylinders.net\/sv\/wp-json\/wp\/v2\/media\/14788"}],"wp:attachment":[{"href":"https:\/\/www.hydraulic-cylinders.net\/sv\/wp-json\/wp\/v2\/media?parent=15598"}],"wp:term":[{"taxonomy":"product_brand","embeddable":true,"href":"https:\/\/www.hydraulic-cylinders.net\/sv\/wp-json\/wp\/v2\/product_brand?post=15598"},{"taxonomy":"product_cat","embeddable":true,"href":"https:\/\/www.hydraulic-cylinders.net\/sv\/wp-json\/wp\/v2\/product_cat?post=15598"},{"taxonomy":"product_tag","embeddable":true,"href":"https:\/\/www.hydraulic-cylinders.net\/sv\/wp-json\/wp\/v2\/product_tag?post=15598"}],"curies":[{"name":"wp","href":"https:\/\/api.w.org\/{rel}","templated":true}]}}