{"id":15606,"date":"2025-01-19T14:44:27","date_gmt":"2025-01-19T14:44:27","guid":{"rendered":"https:\/\/www.hydraulic-cylinders.net\/product\/bucket-cylinder-for-lonking-small-excavator-lg6065\/"},"modified":"2025-01-19T14:44:29","modified_gmt":"2025-01-19T14:44:29","slug":"bucket-cylinder-for-lonking-small-excavator-lg6065","status":"publish","type":"product","link":"https:\/\/www.hydraulic-cylinders.net\/sv\/produkt\/bucket-cylinder-for-lonking-small-excavator-lg6065\/","title":{"rendered":"Skopcylinder f\u00f6r Lonking liten gr\u00e4vmaskin LG6065"},"content":{"rendered":"<h1>Skopcylinder f\u00f6r Lonking liten gr\u00e4vmaskin LG6065<\/h1>\n<h2>Introduktion<\/h2>\n<h3>Definiera skopcylinder<\/h3>\n<p>En skopcylinder \u00e4r en specialdesignad hydraulcylinder som fr\u00e4mst anv\u00e4nds f\u00f6r att styra skopans r\u00f6relse i tunga maskiner som gr\u00e4vmaskiner, gr\u00e4vmaskiner och frontlastare. Dess huvudsakliga funktion \u00e4r att g\u00f6ra det m\u00f6jligt f\u00f6r skopan att lyfta, s\u00e4nka och luta, vilket g\u00f6r det enklare att utf\u00f6ra olika materialhanteringsuppgifter. I hydraulsystemet styr skopcylindrarna exakt skopans r\u00f6relse genom f\u00f6r\u00e4ndringar i hydrauloljetrycket, vilket g\u00f6r det m\u00f6jligt f\u00f6r f\u00f6rare att hantera tunga laster effektivt och anpassa sig till komplexa arbetsmilj\u00f6er och olika driftsbehov.<\/p>\n<p><img decoding=\"async\" src=\"https:\/\/www.hydraulic-cylinders.net\/wp-content\/uploads\/2025\/01\/songte-company-2.webp\"><\/p>\n<h3>Produktegenskaper<\/h3>\n<ul>\n<li>H\u00f6g h\u00e5llfasthet och h\u00e5llbarhet: Skopcylindrar \u00e4r vanligtvis tillverkade av h\u00f6gh\u00e5llfast st\u00e5l eller aluminium och t\u00e5l h\u00f6gt tryck och tunga belastningar, anpassar sig till tuffa arbetsmilj\u00f6er och \u00e4r konstruerade med slitstyrka och korrosionsskydd i \u00e5tanke f\u00f6r att f\u00f6rl\u00e4nga deras livsl\u00e4ngd.<\/li>\n<li>Effektiv hydraulisk drift: Genom att anv\u00e4nda hydrauloljetrycket f\u00f6r att uppn\u00e5 smidig ut- och ink\u00f6rning kan skopcylindrar reagera snabbt p\u00e5 styrkommandon och ge kraftfulla tryck- och dragkrafter som \u00e4r l\u00e4mpliga f\u00f6r hantering av tunga laster och komplexa driftsuppgifter.<\/li>\n<li>Olika typer: Skopscylindrar kan vara enkelverkande (med hydraulik endast i en riktning) eller dubbelverkande (med hydraulik i tv\u00e5 riktningar) och kan v\u00e4ljas efter driftsbehov. Vissa modeller \u00e4r teleskopiska, vilket m\u00f6jligg\u00f6r st\u00f6rre utdrag utan att \u00f6ka de yttre m\u00e5tten, vilket g\u00f6r dem l\u00e4mpliga f\u00f6r applikationer med begr\u00e4nsat utrymme.<\/li>\n<li>Kan ers\u00e4tta andra hydraulcylindrar: V\u00e5ra produkter kan perfekt ers\u00e4tta andra hydraulcylindrar. <\/li>\n<\/ul>\n<p><img decoding=\"async\" src=\"https:\/\/www.hydraulic-cylinders.net\/wp-content\/uploads\/2025\/01\/songte-cylinder-head-with-all-kinds-excavator-models.webp\"><\/p>\n<h3>Applikationer<\/h3>\n<p>Skopscylindrar anv\u00e4nds ofta inom olika branscher, inklusive:<\/p>\n<ul>\n<li>Byggmaskiner: I gr\u00e4vmaskiner \u00e4r de avg\u00f6rande f\u00f6r att gr\u00e4va, lasta och flytta jord eller skr\u00e4p. I gr\u00e4vmaskiner hj\u00e4lper skopcylindrar till med b\u00e5de gr\u00e4vning och lyftning. <\/li>\n<li>Jordbruksmaskiner: Anv\u00e4nds i frontlastare f\u00f6r att \u00f6sa, lyfta och transportera jord, h\u00f6 och andra material.<\/li>\n<li>Gr\u00e4vmaskiner: Skopcylindrar m\u00f6jligg\u00f6r gr\u00e4vning genom att skopan kan tr\u00e4nga ner i jorden.<\/li>\n<li>Lastare: I frontlastare hj\u00e4lper de till med att lyfta och dumpa last effektivt.<\/li>\n<\/ul>\n<h3>Design\u00f6verv\u00e4ganden och urvalskriterier<\/h3>\n<p>Skopscylindrar \u00e4r konstruerade med flera viktiga \u00f6verv\u00e4ganden i \u00e5tanke, inklusive:<\/p>\n<ul>\n<li>B\u00e4rkraft<\/li>\n<li>T\u00e4tning<\/li>\n<li>Varaktighet<\/li>\n<li>S\u00e4kerhet<\/li>\n<li>Underh\u00e5llbarhet<\/li>\n<\/ul>\n<p><img decoding=\"async\" src=\"https:\/\/www.hydraulic-cylinders.net\/wp-content\/uploads\/2025\/01\/songte-oil-pipes-and-spare-parts.webp\"><\/p>\n<h3>T\u00e4tning och sm\u00f6rjning<\/h3>\n<p>Skopscylindrar \u00e4r utrustade med olika t\u00e4tningskomponenter, s\u00e5som kolvt\u00e4tningar, kolvst\u00e5ngst\u00e4tningar och andra t\u00e4tningar, vilka \u00e4r tillverkade av slitstarka material som polyuretan och nitrilgummi. Cylinderhuset och de g\u00e4ngade \u00e4ndytorna \u00e4r finbearbetade f\u00f6r att f\u00f6rb\u00e4ttra slitstyrkan. Regelbunden tillsats av en l\u00e4mplig m\u00e4ngd hydraulolja \u00e4r n\u00f6dv\u00e4ndig f\u00f6r sm\u00f6rjning.<\/p>\n<h3>Underh\u00e5ll och reparation<\/h3>\n<p>Regelbundna inspektioner och f\u00f6rebyggande underh\u00e5ll \u00e4r avg\u00f6rande f\u00f6r att s\u00e4kerst\u00e4lla skopcylinderns livsl\u00e4ngd. Vanliga underh\u00e5llsuppgifter inkluderar:<\/p>\n<ul>\n<li>Regelbunden inspektion<\/li>\n<li>Korrekt sm\u00f6rjning<\/li>\n<li>Byte av t\u00e4tning<\/li>\n<li>Kalibreringskontroller<\/li>\n<\/ul>\n<p>Korrekt installation \u00e4r avg\u00f6rande f\u00f6r att s\u00e4kerst\u00e4lla optimal prestanda och livsl\u00e4ngd f\u00f6r skopcylindern. Det rekommenderas att anv\u00e4nda l\u00e4mpliga monteringsf\u00e4sten f\u00f6r att f\u00e4sta cylindern p\u00e5 plats. Rekommenderade inspektions-, reparations- och utbytesprocedurer kan f\u00f6rl\u00e4nga cylinderns livsl\u00e4ngd.<\/p>\n<p><img decoding=\"async\" src=\"https:\/\/www.hydraulic-cylinders.net\/wp-content\/uploads\/2025\/01\/songte-chushion-collar.webp\"><\/p>\n<h3>S\u00e4kerhet och milj\u00f6<\/h3>\n<p>Skopscylindrar b\u00f6r anv\u00e4ndas med l\u00e4mpliga s\u00e4kerhets\u00e5tg\u00e4rder f\u00f6r att f\u00f6rhindra olyckor. Det \u00e4r viktigt att f\u00f6lja s\u00e4kerhetsriktlinjer och anv\u00e4nda s\u00e4kra hanteringstekniker f\u00f6r att f\u00f6rhindra personskador eller skador vid anv\u00e4ndning av cylindern. Milj\u00f6faktorer b\u00f6r ocks\u00e5 beaktas vid anv\u00e4ndning av skopscylindrar, s\u00e5som bullerf\u00f6roreningar och avfallshantering.<\/p>\n<h3>Vanliga problem och fels\u00f6kning<\/h3>\n<p>N\u00e5gra vanliga problem som kan uppst\u00e5 med skopcylindrar kan vara l\u00e4ckor, l\u00e5gt tryck och ovanliga ljud. Fels\u00f6kning av dessa problem kan inneb\u00e4ra inspektion, kalibrering och utbyte av skadade komponenter. Regelbundet f\u00f6rebyggande underh\u00e5ll kan bidra till att f\u00f6rhindra potentiella problem.<\/p>\n<p><img decoding=\"async\" src=\"https:\/\/www.hydraulic-cylinders.net\/wp-content\/uploads\/2025\/01\/songte-bushings-with-all-kinds-of-excavator-models.webp\"><\/p>\n<h2>V\u00e5rt f\u00f6retag<\/h2>\n<p>Vi \u00e4r en tillverkare av hydraulcylindrar som erbjuder ett komplett produktsortiment. Vi har blivit en av de ledande tillverkarna och grossistdistribut\u00f6rerna av hydraulcylindrar p\u00e5 inhemska och internationella marknader. Vi f\u00f6ljer principen om utm\u00e4rkt kvalitet och f\u00f6rlitar oss p\u00e5 den industrialiserade produktionsstrategin i sofistikerade tillverkningsverkst\u00e4der. Genom att anv\u00e4nda avancerad digital tillverkningsutrustning, ett professionellt testsystem och erfaren teknisk personal f\u00f6rb\u00e4ttrar vi kontinuerligt v\u00e5ra tillverkningsplattformar och produktionslinjer f\u00f6r produktkvalitet. Detta har gjort oss mycket effektiva, precisa och h\u00f6gkvalitativa f\u00f6r att b\u00e4ttre m\u00f6ta v\u00e5ra kunders olika behov.<\/p>\n<h3>Professionalism<\/h3>\n<p>V\u00e5rt f\u00f6retag str\u00e4var efter att uppr\u00e4tth\u00e5lla h\u00f6gsta m\u00f6jliga professionalism i alla aspekter av v\u00e5r verksamhet. Vi uppr\u00e4tth\u00e5ller principerna om \u00e4rlighet, integritet och etiskt uppf\u00f6rande i alla v\u00e5ra kontakter med kunder, leverant\u00f6rer och partners.<\/p>\n<h3>Internationell certifiering<\/h3>\n<p>V\u00e5ra produkter \u00e4r certifierade enligt de h\u00f6gsta internationella standarderna, inklusive ISO9001, CE och TUV. Vi str\u00e4var efter att f\u00f6rse kunderna med produkter av h\u00f6gsta kvalitet som uppfyller deras behov.<\/p>\n<h3>Anpassningstj\u00e4nster<\/h3>\n<p>Vi erbjuder kundanpassade tj\u00e4nster som kan skr\u00e4ddarsys f\u00f6r att m\u00f6ta v\u00e5ra kunders specifika behov. Vi kan tillhandah\u00e5lla kundanpassade hydraulcylindrar som uppfyller de specifika kraven f\u00f6r deras applikationer.<\/p>\n<h3>Produktionsutrustning<\/h3>\n<p>Vi anv\u00e4nder avancerad digital tillverkningsutrustning f\u00f6r att producera v\u00e5ra hydraulcylindrar. V\u00e5r produktionsutrustning inkluderar CNC-maskiner, metallbearbetningsmaskiner, automatisk svetsutrustning och testutrustning. Vi str\u00e4var efter att anv\u00e4nda den senaste tekniken f\u00f6r att producera h\u00f6gkvalitativa produkter.<\/p>\n<h3>Eftermarknadsservice<\/h3>\n<p>Vi erbjuder eftermarknadsservice som inkluderar teknisk support, produktunderh\u00e5ll och reparationstj\u00e4nster. Vi str\u00e4var efter att s\u00e4kerst\u00e4lla att v\u00e5ra kunder f\u00e5r h\u00f6gsta m\u00f6jliga support och hj\u00e4lp.<\/p>\n<p><img decoding=\"async\" src=\"https:\/\/hzpt.com\/wp-content\/uploads\/2024\/11\/songte-company-1.webp\"><\/p>\n<p>F\u00f6rfattare: lyl.<\/p>","protected":false},"excerpt":{"rendered":"<p>Bucket Cylinder For Lonking Small Excavator LG6065 Introduction Defining Bucket Cylinder A bucket cylinder is a specially-designed hydraulic cylinder used primarily to control the movement of the bucket in heavy machinery such as excavators, backhoes, and front-end loaders. Its main function is to enable the bucket to lift, lower, and tilt, making it easier to [&hellip;]<\/p>","protected":false},"featured_media":14773,"comment_status":"open","ping_status":"closed","template":"","meta":{"_et_pb_use_builder":"","_et_pb_old_content":"","_et_gb_content_width":""},"product_brand":[],"product_cat":[1494],"product_tag":[1495,1496],"class_list":{"0":"post-15606","1":"product","2":"type-product","3":"status-publish","4":"has-post-thumbnail","6":"product_cat-bucket-cylinders","7":"product_tag-bucket-cylinders","8":"product_tag-hydraulic-cylinders","10":"first","11":"instock","12":"shipping-taxable","13":"product-type-simple"},"amp_enabled":true,"_links":{"self":[{"href":"https:\/\/www.hydraulic-cylinders.net\/sv\/wp-json\/wp\/v2\/product\/15606","targetHints":{"allow":["GET"]}}],"collection":[{"href":"https:\/\/www.hydraulic-cylinders.net\/sv\/wp-json\/wp\/v2\/product"}],"about":[{"href":"https:\/\/www.hydraulic-cylinders.net\/sv\/wp-json\/wp\/v2\/types\/product"}],"replies":[{"embeddable":true,"href":"https:\/\/www.hydraulic-cylinders.net\/sv\/wp-json\/wp\/v2\/comments?post=15606"}],"wp:featuredmedia":[{"embeddable":true,"href":"https:\/\/www.hydraulic-cylinders.net\/sv\/wp-json\/wp\/v2\/media\/14773"}],"wp:attachment":[{"href":"https:\/\/www.hydraulic-cylinders.net\/sv\/wp-json\/wp\/v2\/media?parent=15606"}],"wp:term":[{"taxonomy":"product_brand","embeddable":true,"href":"https:\/\/www.hydraulic-cylinders.net\/sv\/wp-json\/wp\/v2\/product_brand?post=15606"},{"taxonomy":"product_cat","embeddable":true,"href":"https:\/\/www.hydraulic-cylinders.net\/sv\/wp-json\/wp\/v2\/product_cat?post=15606"},{"taxonomy":"product_tag","embeddable":true,"href":"https:\/\/www.hydraulic-cylinders.net\/sv\/wp-json\/wp\/v2\/product_tag?post=15606"}],"curies":[{"name":"wp","href":"https:\/\/api.w.org\/{rel}","templated":true}]}}