{"id":15609,"date":"2025-01-19T14:44:39","date_gmt":"2025-01-19T14:44:39","guid":{"rendered":"https:\/\/www.hydraulic-cylinders.net\/product\/bucket-cylinder-for-lonking-small-excavator-lg606dd\/"},"modified":"2025-01-19T14:44:41","modified_gmt":"2025-01-19T14:44:41","slug":"bucket-cylinder-for-lonking-small-excavator-lg606dd","status":"publish","type":"product","link":"https:\/\/www.hydraulic-cylinders.net\/sv\/produkt\/bucket-cylinder-for-lonking-small-excavator-lg606dd\/","title":{"rendered":"Skopcylinder f\u00f6r Lonking liten gr\u00e4vmaskin LG606DD"},"content":{"rendered":"<h1>Skopcylinder f\u00f6r Lonking liten gr\u00e4vmaskin LG606DD<\/h1>\n<h2>Introduktion<\/h2>\n<p>Skopcylindern \u00e4r en typ av hydraulcylinder som \u00e4r speciellt utformad f\u00f6r att styra skopans r\u00f6relse i tunga maskiner som gr\u00e4vmaskiner, gr\u00e4vlastare och frontlastare. Dess huvudsakliga funktion \u00e4r att l\u00e5ta skopan lyftas, s\u00e4nkas och lutas, vilket g\u00f6r det enklare att hantera olika materialhanteringsuppgifter. I hydraulsystemet uppn\u00e5r skopcylindern exakt kontroll \u00f6ver skopans r\u00f6relse genom f\u00f6r\u00e4ndringar i hydrauloljetrycket, vilket g\u00f6r det m\u00f6jligt f\u00f6r f\u00f6rare att effektivt hantera tunga laster och anpassa sig till komplexa arbetsmilj\u00f6er och olika driftskrav.<\/p>\n<p><img decoding=\"async\" src=\"https:\/\/www.hydraulic-cylinders.net\/wp-content\/uploads\/2025\/01\/songte-company-2.webp\" alt=\"Skopscylinder\"><\/p>\n<h2>Drag<\/h2>\n<ul>\n<li><strong>H\u00f6g styrka och h\u00e5llbarhet:<\/strong> Den \u00e4r vanligtvis tillverkad av h\u00f6gh\u00e5llfast st\u00e5l eller aluminium och t\u00e5l h\u00f6gt tryck och tunga belastningar, anpassar sig till tuffa arbetsmilj\u00f6er och har designh\u00e4nsyn f\u00f6r slitstyrka och korrosionsbest\u00e4ndighet f\u00f6r att f\u00f6rl\u00e4nga livsl\u00e4ngden.<\/li>\n<li><strong>Effektiv hydraulisk drift:<\/strong> Smidig utskjutning och sammandragning uppn\u00e5s genom att utnyttja hydrauliskt oljetryck, vilket ger kraftfulla tryck- och dragkrafter och \u00e4r l\u00e4mplig f\u00f6r hantering av tunga laster och komplexa driftsuppgifter.<\/li>\n<li><strong>Flera typer:<\/strong> Enkelverkande (hydrauliska cylindrar anv\u00e4nds endast i en riktning) eller dubbelverkande (hydrauliska cylindrar anv\u00e4nds i tv\u00e5 riktningar) kan v\u00e4ljas efter driftsbehov. Vissa modeller \u00e4r teleskopiska, vilket m\u00f6jligg\u00f6r st\u00f6rre utdrag utan att \u00f6ka de yttersta m\u00e5tten, l\u00e4mpliga f\u00f6r applikationer med begr\u00e4nsat utrymme.<\/li>\n<li><strong>Utbytbarhet:<\/strong> V\u00e5ra produkter kan perfekt ers\u00e4tta dessa hydraulcylindrar. <\/li>\n<li><strong>Kostnadseffektiv:<\/strong> V\u00e5ra produkter \u00e4r kostnadseffektiva och erbjuder l\u00e4ngre livsl\u00e4ngd j\u00e4mf\u00f6rt med andra hydraulcylindrar p\u00e5 marknaden.<\/li>\n<\/ul>\n<p><img decoding=\"async\" src=\"https:\/\/www.hydraulic-cylinders.net\/wp-content\/uploads\/2025\/01\/songte-cylinder-head-with-all-kinds-excavator-models.webp\" alt=\"Skopscylindermodeller\"><\/p>\n<h2>Applikationer<\/h2>\n<p>Skopscylindern anv\u00e4nds ofta inom olika branscher, s\u00e5som:<\/p>\n<ul>\n<li><strong>Byggutrustning:<\/strong> I gr\u00e4vmaskiner \u00e4r de viktiga f\u00f6r att gr\u00e4va, lasta och flytta jord eller skr\u00e4p. I gr\u00e4vlastare hj\u00e4lper skopcylindrar till med gr\u00e4vning och lyftning. <\/li>\n<li><strong>Jordbruksmaskiner:<\/strong> Anv\u00e4nds i frontlastare f\u00f6r att \u00f6sa, lyfta och transportera jord, h\u00f6 och andra material. <\/li>\n<li><strong>Gr\u00e4vmaskiner:<\/strong> Skopans cylinder uppn\u00e5r gr\u00e4vningsverkan genom att l\u00e5ta skopan tr\u00e4nga ner i jorden. <\/li>\n<li><strong>Frontlastare:<\/strong> I frontlastare hj\u00e4lper de till med att lyfta och dumpa gods effektivt.<\/li>\n<\/ul>\n<h2>Design\u00f6verv\u00e4ganden och urvalskriterier<\/h2>\n<p>N\u00e4r det g\u00e4ller design\u00f6verv\u00e4ganden m\u00e5ste f\u00f6ljande beaktas:<\/p>\n<ul>\n<li><strong>B\u00e4rkraft:<\/strong> Skopcylindern m\u00e5ste kunna b\u00e4ra vikten av det material den transporterar. <\/li>\n<li><strong>T\u00e4tning:<\/strong> Olika t\u00e4tningskomponenter, s\u00e5som kolvt\u00e4tningar och kolvst\u00e5ngst\u00e4tningar, b\u00f6r v\u00e4ljas baserat p\u00e5 deras slitstarka material som polyuretan och nitrilgummi. <\/li>\n<li><strong>Varaktighet:<\/strong> Cylinderhuset, kolven och andra komponenter m\u00e5ste kunna motst\u00e5 h\u00e5rda arbetsf\u00f6rh\u00e5llanden och korrosion. <\/li>\n<li><strong>S\u00e4kerhet:<\/strong> Hydraulsystemet m\u00e5ste vara konstruerat med s\u00e4kerhetsfunktioner, s\u00e5som s\u00e4kerhetsventiler och tryckm\u00e4tare, f\u00f6r att s\u00e4kerst\u00e4lla s\u00e4ker drift. <\/li>\n<li><strong>Underh\u00e5llbarhet:<\/strong> Cylindern b\u00f6r vara konstruerad f\u00f6r enkelt underh\u00e5ll och reparation. <\/li>\n<\/ul>\n<p><img decoding=\"async\" src=\"https:\/\/www.hydraulic-cylinders.net\/wp-content\/uploads\/2025\/01\/songte-oil-pipes-and-spare-parts.webp\" alt=\"Skopscylinderdelar\"><\/p>\n<h2>T\u00e4tning och sm\u00f6rjning<\/h2>\n<p>Olika t\u00e4tningskomponenter, s\u00e5som kolvt\u00e4tningar och kolvst\u00e5ngst\u00e4tningar, b\u00f6r v\u00e4ljas baserat p\u00e5 deras slitstarka material som polyuretan och nitrilgummi. Cylinderhuset, kolven och andra komponenter m\u00e5ste sm\u00f6rjas regelbundet med hydraulolja f\u00f6r att bibeh\u00e5lla deras h\u00e5llbarhet och minska friktionen mellan r\u00f6rliga delar.<\/p>\n<h2>Underh\u00e5ll och reparation<\/h2>\n<p>F\u00f6ljande underh\u00e5llsarbeten b\u00f6r utf\u00f6ras regelbundet:<\/p>\n<ul>\n<li><strong>Regelbunden inspektion:<\/strong> Kontrollera regelbundet cylindern f\u00f6r tecken p\u00e5 slitage, s\u00e5som l\u00e4ckor, sprickor och b\u00f6jda eller skadade delar. <\/li>\n<li><strong>Sm\u00f6rjning:<\/strong> Sm\u00f6rj cylindern regelbundet med hydraulolja f\u00f6r att den ska fungera smidigt. <\/li>\n<li><strong>Byte av t\u00e4tning:<\/strong> Byt ut slitna eller skadade t\u00e4tningar s\u00e5 snart som m\u00f6jligt f\u00f6r att f\u00f6rhindra l\u00e4ckage. <\/li>\n<\/ul>\n<p><img decoding=\"async\" src=\"https:\/\/www.hydraulic-cylinders.net\/wp-content\/uploads\/2025\/01\/songte-chushion-collar.webp\" alt=\"Installation av skopcylinder\"><\/p>\n<h2>S\u00e4kerhetsaspekter och milj\u00f6faktorer<\/h2>\n<p>Vid anv\u00e4ndning av skopcylindern m\u00e5ste s\u00e4kerhets\u00e5tg\u00e4rder vidtas f\u00f6r att f\u00f6rhindra olyckor. Operat\u00f6rer b\u00f6r b\u00e4ra l\u00e4mplig skyddsutrustning och hydraulsystemet b\u00f6r vara utformat med s\u00e4kerhetsfunktioner som s\u00e4kerhetsventiler och tryckm\u00e4tare. Milj\u00f6faktorer, s\u00e5som temperatur och fuktighet, b\u00f6r ocks\u00e5 beaktas vid val av l\u00e4mplig hydraulolja f\u00f6r cylindern.<\/p>\n<h2>Fels\u00f6kning och vanliga problem<\/h2>\n<p>Vanliga problem som kan uppst\u00e5 med skopcylindern inkluderar l\u00e4ckor, l\u00e5gt tryck och l\u00e5ngsam drift. Dessa kan l\u00f6sas genom att fels\u00f6ka hydraulsystemet, kontrollera om det finns slitna eller skadade delar och byta ut t\u00e4tningar eller andra komponenter vid behov.<\/p>\n<p><img decoding=\"async\" src=\"https:\/\/www.hydraulic-cylinders.net\/wp-content\/uploads\/2025\/01\/songte-bushings-with-all-kinds-of-excavator-models.webp\" alt=\"Skopscylinderbussningar\"><\/p>\n<h2>Om v\u00e5rt f\u00f6retag<\/h2>\n<p>Vi \u00e4r en ledande tillverkare och grossistdistribut\u00f6r av hydraulcylindrar p\u00e5 den inhemska och internationella marknaden. V\u00e5ra produkter \u00e4r k\u00e4nda f\u00f6r sin utm\u00e4rkta kvalitet, och vi f\u00f6rlitar oss p\u00e5 industrialiserade produktionsstrategier i v\u00e5ra sofistikerade tillverkningsverkst\u00e4der f\u00f6r att producera h\u00f6gkvalitativa produkter. V\u00e5ra fabriker \u00e4r utrustade med toppmodern utrustning, och vi har h\u00f6gkvalificerade yrkesm\u00e4nniskor som kontinuerligt f\u00f6rb\u00e4ttrar v\u00e5r tillverkningsplattform f\u00f6r att m\u00f6ta v\u00e5ra kunders olika behov. Vi erbjuder en rad kundanpassade tj\u00e4nster, och v\u00e5ra produkter \u00e4r certifierade av internationella organisationer som ISO och CE. Vi tillhandah\u00e5ller ocks\u00e5 utm\u00e4rkt eftermarknadsservice f\u00f6r att s\u00e4kerst\u00e4lla kundn\u00f6jdhet.<\/p>\n<p><img decoding=\"async\" src=\"https:\/\/hzpt.com\/wp-content\/uploads\/2024\/11\/songte-company-1.webp\" alt=\"V\u00e5rt f\u00f6retag\"><\/p>\n<p><em>F\u00f6rfattare: lyl<\/em><\/p>","protected":false},"excerpt":{"rendered":"<p>Bucket Cylinder For Lonking Small Excavator LG606DD Introduction The bucket cylinder is a type of hydraulic cylinder specifically designed to control the movement of the bucket in heavy machinery such as excavators, backhoe loaders, and front-end loaders. Its main function is to allow the bucket to be lifted, lowered, and tilted, making it easier to [&hellip;]<\/p>","protected":false},"featured_media":14765,"comment_status":"open","ping_status":"closed","template":"","meta":{"_et_pb_use_builder":"","_et_pb_old_content":"","_et_gb_content_width":""},"product_brand":[],"product_cat":[1494],"product_tag":[1495,1496],"class_list":{"0":"post-15609","1":"product","2":"type-product","3":"status-publish","4":"has-post-thumbnail","6":"product_cat-bucket-cylinders","7":"product_tag-bucket-cylinders","8":"product_tag-hydraulic-cylinders","10":"first","11":"instock","12":"shipping-taxable","13":"product-type-simple"},"amp_enabled":true,"_links":{"self":[{"href":"https:\/\/www.hydraulic-cylinders.net\/sv\/wp-json\/wp\/v2\/product\/15609","targetHints":{"allow":["GET"]}}],"collection":[{"href":"https:\/\/www.hydraulic-cylinders.net\/sv\/wp-json\/wp\/v2\/product"}],"about":[{"href":"https:\/\/www.hydraulic-cylinders.net\/sv\/wp-json\/wp\/v2\/types\/product"}],"replies":[{"embeddable":true,"href":"https:\/\/www.hydraulic-cylinders.net\/sv\/wp-json\/wp\/v2\/comments?post=15609"}],"wp:featuredmedia":[{"embeddable":true,"href":"https:\/\/www.hydraulic-cylinders.net\/sv\/wp-json\/wp\/v2\/media\/14765"}],"wp:attachment":[{"href":"https:\/\/www.hydraulic-cylinders.net\/sv\/wp-json\/wp\/v2\/media?parent=15609"}],"wp:term":[{"taxonomy":"product_brand","embeddable":true,"href":"https:\/\/www.hydraulic-cylinders.net\/sv\/wp-json\/wp\/v2\/product_brand?post=15609"},{"taxonomy":"product_cat","embeddable":true,"href":"https:\/\/www.hydraulic-cylinders.net\/sv\/wp-json\/wp\/v2\/product_cat?post=15609"},{"taxonomy":"product_tag","embeddable":true,"href":"https:\/\/www.hydraulic-cylinders.net\/sv\/wp-json\/wp\/v2\/product_tag?post=15609"}],"curies":[{"name":"wp","href":"https:\/\/api.w.org\/{rel}","templated":true}]}}