{"id":15612,"date":"2025-01-19T14:44:51","date_gmt":"2025-01-19T14:44:51","guid":{"rendered":"https:\/\/www.hydraulic-cylinders.net\/product\/bucket-cylinder-for-lonking-middle-excavator-lg6215\/"},"modified":"2025-01-19T14:44:59","modified_gmt":"2025-01-19T14:44:59","slug":"bucket-cylinder-for-lonking-middle-excavator-lg6215","status":"publish","type":"product","link":"https:\/\/www.hydraulic-cylinders.net\/sv\/produkt\/bucket-cylinder-for-lonking-middle-excavator-lg6215\/","title":{"rendered":"Skopscylinder f\u00f6r Lonking Middle Excavator LG6215"},"content":{"rendered":"<h1>Skopscylinder f\u00f6r Lonking Middle Excavator LG6215<\/h1>\n<h2>Introduktion<\/h2>\n<h3>Definiera skopcylinder<\/h3>\n<p>Skopcylindern \u00e4r en specialdesignad hydraulcylinder som fr\u00e4mst anv\u00e4nds f\u00f6r att styra skopans r\u00f6relse i tunga maskiner som gr\u00e4vmaskiner, gr\u00e4vmaskiner och frontlastare. Skopcylinderns huvudfunktion \u00e4r att g\u00f6ra det m\u00f6jligt att lyfta, s\u00e4nka och luta skopan f\u00f6r olika materialhanteringsuppgifter. I ett hydraulsystem uppn\u00e5r skopcylindern exakt kontroll \u00f6ver skopan genom att variera hydrauloljetrycket, vilket g\u00f6r det m\u00f6jligt f\u00f6r operat\u00f6rer att hantera tunga laster effektivt och anpassa sig till komplexa arbetsmilj\u00f6er och olika arbetskrav.<\/p>\n<p><img decoding=\"async\" src=\"https:\/\/www.hydraulic-cylinders.net\/wp-content\/uploads\/2025\/01\/songte-company-2.webp\" alt=\"Bild av skopcylinder\"><\/p>\n<h2>Produktegenskaper<\/h2>\n<ul>\n<li><strong>H\u00f6g styrka och h\u00e5llbarhet:<\/strong> Skopcylindern \u00e4r vanligtvis tillverkad av h\u00f6gh\u00e5llfast st\u00e5l eller aluminium och t\u00e5l h\u00f6gt tryck och tunga belastningar. Den \u00e4r konstruerad med slitage- och korrosionsbest\u00e4ndighet i \u00e5tanke f\u00f6r att f\u00f6rl\u00e4nga dess livsl\u00e4ngd.<\/li>\n<li><strong>Effektiv hydraulisk drift:<\/strong> Genom att utnyttja hydrauloljans tryck f\u00f6r att uppn\u00e5 smidig ut- och indragning kan skopcylindern reagera snabbt p\u00e5 styrkommandon, ge kraftfull tryck- och dragkraft och \u00e4r l\u00e4mplig f\u00f6r hantering av tunga laster och komplexa arbetsuppgifter.<\/li>\n<li><strong>Flera typer:<\/strong> Skopscylindern kan v\u00e4ljas som enkelverkande (hydraulisk i endast en riktning) eller dubbelverkande (hydraulisk i b\u00e5da riktningarna) cylinder f\u00f6r att m\u00f6ta olika driftsbehov. Vissa modeller \u00e4r teleskopiska, vilket m\u00f6jligg\u00f6r st\u00f6rre utdrag utan att \u00f6ka de yttersta m\u00e5tten, vilket g\u00f6r dem l\u00e4mpliga f\u00f6r applikationer med begr\u00e4nsat utrymme.<\/li>\n<li><strong>Perfekt ers\u00e4ttning:<\/strong> V\u00e5r produkt kan anv\u00e4ndas som en perfekt ers\u00e4ttning f\u00f6r dessa hydraulcylindrar.<\/li>\n<\/ul>\n<p><img decoding=\"async\" src=\"https:\/\/www.hydraulic-cylinders.net\/wp-content\/uploads\/2025\/01\/songte-cylinder-head-with-all-kinds-excavator-models.webp\" alt=\"Bild f\u00f6r utbyte av skopcylinder\"><\/p>\n<h2>Applikationer<\/h2>\n<h3>Byggutrustning<\/h3>\n<p>I gr\u00e4vmaskiner \u00e4r de avg\u00f6rande f\u00f6r att gr\u00e4va, lasta och flytta jord eller skr\u00e4p. I gr\u00e4vmaskiner med gr\u00e4vaggregat hj\u00e4lper skopcylindern till med b\u00e5de gr\u00e4vning och lyftning. I frontlastare hj\u00e4lper de till att lyfta och dumpa last effektivt.<\/p>\n<h3>Jordbruksmaskiner<\/h3>\n<p>Anv\u00e4nds i frontlastare f\u00f6r att \u00f6sa, lyfta och transportera jord, h\u00f6 och andra material. I gr\u00e4vmaskiner m\u00f6jligg\u00f6r skopcylindern gr\u00e4vning genom att l\u00e5ta skopan tr\u00e4nga ner i jorden. I frontlastare hj\u00e4lper de till att lyfta och dumpa last effektivt.<\/p>\n<p><img decoding=\"async\" src=\"https:\/\/www.hydraulic-cylinders.net\/wp-content\/uploads\/2025\/01\/songte-bushings-with-all-kinds-of-excavator-models.webp\" alt=\"Bild av applikationer f\u00f6r skopa\"><\/p>\n<h2>Design\u00f6verv\u00e4ganden och urvalskriterier<\/h2>\n<h3>B\u00e4rf\u00f6rm\u00e5ga<\/h3>\n<p>Cylinderns b\u00e4rf\u00f6rm\u00e5ga \u00e4r en viktig faktor n\u00e4r man v\u00e4ljer en skopcylinder. Den ska kunna motst\u00e5 de f\u00f6rv\u00e4ntade belastningarna och trycken utan deformation eller fel.<\/p>\n<h3>T\u00e4tning och h\u00e5llbarhet<\/h3>\n<p>Skopscylindern kr\u00e4ver h\u00f6gkvalitativ t\u00e4tning f\u00f6r att bibeh\u00e5lla korrekt hydraultryck och f\u00f6rhindra l\u00e4ckage. Cylindern b\u00f6r vara tillverkad av h\u00e5llbara material och konstruerad f\u00f6r att motst\u00e5 slitage och korrosion.<\/p>\n<h3>S\u00e4kerhet och underh\u00e5ll<\/h3>\n<p>Skopscylindern m\u00e5ste vara konstruerad med s\u00e4kerhet i \u00e5tanke, och regelbundet underh\u00e5ll m\u00e5ste utf\u00f6ras f\u00f6r att s\u00e4kerst\u00e4lla dess s\u00e4kra och effektiva drift. Den ska vara enkel att underh\u00e5lla, reparera och byta ut, och ha tydliga instruktioner f\u00f6r installation och drift.<\/p>\n<p><img decoding=\"async\" src=\"https:\/\/www.hydraulic-cylinders.net\/wp-content\/uploads\/2025\/01\/songte-oil-pipes-and-spare-parts.webp\" alt=\"Bild av skopcylinderdesign\"><\/p>\n<h2>T\u00e4tning och sm\u00f6rjning<\/h2>\n<p>Skopscylindern kr\u00e4ver olika t\u00e4tningskomponenter s\u00e5som kolvt\u00e4tningar, kolvst\u00e5ngst\u00e4tningar och avstrykare, vilka b\u00f6r vara tillverkade av slitstarka material s\u00e5som polyuretan och nitrilgummi. Cylinderhuset och den g\u00e4ngade \u00e4ndytan b\u00f6r vara finbearbetade f\u00f6r att f\u00f6rb\u00e4ttra slitstyrkan. Regelbunden sm\u00f6rjning med l\u00e4mpliga m\u00e4ngder hydraulolja \u00e4r ocks\u00e5 n\u00f6dv\u00e4ndig f\u00f6r att s\u00e4kerst\u00e4lla smidig drift.<\/p>\n<h2>Underh\u00e5ll och reparation<\/h2>\n<p>Regelbundet underh\u00e5ll och l\u00e4mpliga reparationsprocedurer kan f\u00f6rl\u00e4nga skopcylinderns livsl\u00e4ngd. Vanliga underh\u00e5llsuppgifter inkluderar regelbunden inspektion, tillr\u00e4cklig sm\u00f6rjning, byte av t\u00e4tningar och kalibreringskontroller. Korrekt installation, sm\u00f6rjning och justering \u00e4r avg\u00f6rande f\u00f6r korrekt drift. Korrekt uppriktningsv\u00e4gledning b\u00f6r tillhandah\u00e5llas under installationen, och l\u00e4mpliga installationsf\u00e4sten b\u00f6r anv\u00e4ndas f\u00f6r att s\u00e4kra cylindern. Rekommenderade inspektions-, reparations- och utbytesprocedurer b\u00f6r f\u00f6ljas, och utbyte av delar och ombyggnadstj\u00e4nster b\u00f6r tillhandah\u00e5llas f\u00f6r att f\u00f6rl\u00e4nga skopcylinderns livsl\u00e4ngd.<\/p>\n<p><img decoding=\"async\" src=\"https:\/\/www.hydraulic-cylinders.net\/wp-content\/uploads\/2025\/01\/songte-chushion-collar.webp\" alt=\"Bild f\u00f6r underh\u00e5ll av skopcylinder\"><\/p>\n<h2>S\u00e4kerhets- och milj\u00f6h\u00e4nsyn<\/h2>\n<p>Vid anv\u00e4ndning av skopcylindern b\u00f6r s\u00e4kerhets\u00e5tg\u00e4rder vidtas f\u00f6r att skydda operat\u00f6rer och \u00e5sk\u00e5dare fr\u00e5n potentiella faror. Cylindern b\u00f6r anv\u00e4ndas inom sitt s\u00e4kra lastomr\u00e5de och operat\u00f6rerna b\u00f6r utbildas f\u00f6r att hantera utrustningen korrekt. Korrekt kassering av anv\u00e4nd hydraulolja \u00e4r n\u00f6dv\u00e4ndig f\u00f6r att f\u00f6rhindra kontaminering och milj\u00f6skador.<\/p>\n<h2>Vanlig feldiagnos och fels\u00f6kning<\/h2>\n<p>Vanliga fel i skopcylindrar inkluderar l\u00e4ckage, otillr\u00e4ckligt tryck och l\u00e5ngsam drift. Dessa problem kan diagnostiseras och l\u00f6sas genom noggrann inspektion och utbyte av defekta komponenter. Det \u00e4r viktigt att f\u00f6lja korrekta reparationsprocedurer och f\u00f6rebyggande \u00e5tg\u00e4rder f\u00f6r att minimera potentiella problem.<\/p>\n<p><img decoding=\"async\" src=\"https:\/\/hzpt.com\/wp-content\/uploads\/2024\/11\/songte-company-1.webp\" alt=\"Fels\u00f6kningsbild f\u00f6r skopcylinder\"><\/p>\n<h2>Om v\u00e5rt f\u00f6retag<\/h2>\n<p>Vi \u00e4r en ledande tillverkare och grossist av hydraulcylindrar p\u00e5 den inhemska och internationella marknaden, och vi specialiserar oss p\u00e5 att byta ut hydraulcylindrar. V\u00e5rt f\u00f6retag erbjuder ett brett utbud av produkter och f\u00f6ljer utm\u00e4rkt kvalitet. Vi f\u00f6rlitar oss p\u00e5 den industrialiserade produktionsstrategin hos fintillverkningsverkst\u00e4der f\u00f6r att kontinuerligt f\u00f6rb\u00e4ttra verkstadens tillverkningsplattform, f\u00f6rb\u00e4ttra produkternas produktionskvalitet och ha stark kreativitet f\u00f6r att m\u00f6ta kundernas olika behov med principerna om h\u00f6g effektivitet, h\u00f6g precision och h\u00f6g kvalitet. Vi erbjuder professionella, internationellt certifierade och kundanpassade tj\u00e4nster, och vi anv\u00e4nder avancerad produktionsutrustning och professionella testsystem f\u00f6r att s\u00e4kerst\u00e4lla kvaliteten p\u00e5 v\u00e5ra produkter. V\u00e5rt f\u00f6retag erbjuder \u00e4ven eftermarknadsservice s\u00e5som utbyte av delar och ombyggnadstj\u00e4nster f\u00f6r att s\u00e4kerst\u00e4lla v\u00e5ra produkters livsl\u00e4ngd.<\/p>\n<p><img decoding=\"async\" src=\"https:\/\/www.hydraulic-cylinders.net\/wp-content\/uploads\/2025\/01\/songte-company-3.webp\" alt=\"F\u00f6retagsbild\"><\/p>\n<p>Skrivet av lyl.<\/p>","protected":false},"excerpt":{"rendered":"<p>Bucket Cylinder For Lonking Middle Excavator LG6215 Introduction Defining Bucket Cylinder The bucket cylinder is a specially designed hydraulic cylinder that is primarily used to control the movement of the bucket in heavy machinery such as excavators, backhoe excavators, and front loaders. The main function of the bucket cylinder is to enable the bucket to [&hellip;]<\/p>","protected":false},"featured_media":14789,"comment_status":"open","ping_status":"closed","template":"","meta":{"_et_pb_use_builder":"","_et_pb_old_content":"","_et_gb_content_width":""},"product_brand":[],"product_cat":[1494],"product_tag":[1495,1496],"class_list":{"0":"post-15612","1":"product","2":"type-product","3":"status-publish","4":"has-post-thumbnail","6":"product_cat-bucket-cylinders","7":"product_tag-bucket-cylinders","8":"product_tag-hydraulic-cylinders","10":"first","11":"instock","12":"shipping-taxable","13":"product-type-simple"},"amp_enabled":true,"_links":{"self":[{"href":"https:\/\/www.hydraulic-cylinders.net\/sv\/wp-json\/wp\/v2\/product\/15612","targetHints":{"allow":["GET"]}}],"collection":[{"href":"https:\/\/www.hydraulic-cylinders.net\/sv\/wp-json\/wp\/v2\/product"}],"about":[{"href":"https:\/\/www.hydraulic-cylinders.net\/sv\/wp-json\/wp\/v2\/types\/product"}],"replies":[{"embeddable":true,"href":"https:\/\/www.hydraulic-cylinders.net\/sv\/wp-json\/wp\/v2\/comments?post=15612"}],"wp:featuredmedia":[{"embeddable":true,"href":"https:\/\/www.hydraulic-cylinders.net\/sv\/wp-json\/wp\/v2\/media\/14789"}],"wp:attachment":[{"href":"https:\/\/www.hydraulic-cylinders.net\/sv\/wp-json\/wp\/v2\/media?parent=15612"}],"wp:term":[{"taxonomy":"product_brand","embeddable":true,"href":"https:\/\/www.hydraulic-cylinders.net\/sv\/wp-json\/wp\/v2\/product_brand?post=15612"},{"taxonomy":"product_cat","embeddable":true,"href":"https:\/\/www.hydraulic-cylinders.net\/sv\/wp-json\/wp\/v2\/product_cat?post=15612"},{"taxonomy":"product_tag","embeddable":true,"href":"https:\/\/www.hydraulic-cylinders.net\/sv\/wp-json\/wp\/v2\/product_tag?post=15612"}],"curies":[{"name":"wp","href":"https:\/\/api.w.org\/{rel}","templated":true}]}}