{"id":15625,"date":"2025-01-19T14:45:53","date_gmt":"2025-01-19T14:45:53","guid":{"rendered":"https:\/\/www.hydraulic-cylinders.net\/product\/bucket-cylinder-for-jcm-middle-excavator-jcm924f\/"},"modified":"2025-01-19T14:46:01","modified_gmt":"2025-01-19T14:46:01","slug":"bucket-cylinder-for-jcm-middle-excavator-jcm924f","status":"publish","type":"product","link":"https:\/\/www.hydraulic-cylinders.net\/sv\/produkt\/bucket-cylinder-for-jcm-middle-excavator-jcm924f\/","title":{"rendered":"Skopcylinder f\u00f6r JCM mellangr\u00e4vmaskin JCM924F"},"content":{"rendered":"<h1>Skopcylinder f\u00f6r JCM mellangr\u00e4vmaskin JCM924F<\/h1>\n<h2>Introduktion<\/h2>\n<p>Skopcylindern \u00e4r en typ av specialiserad hydraulcylinder som fr\u00e4mst anv\u00e4nds f\u00f6r att styra skopans r\u00f6relse i tunga maskiner som gr\u00e4vmaskiner, traktorgr\u00e4vmaskiner och frontlastare. Dess huvudsakliga funktion \u00e4r att g\u00f6ra det m\u00f6jligt f\u00f6r skopan att lyfta, s\u00e4nka och luta, vilket g\u00f6r det enkelt att utf\u00f6ra olika materialhanteringsuppgifter. I hydrauliska system uppn\u00e5r skopcylindern exakt kontroll \u00f6ver skopans r\u00f6relse genom f\u00f6r\u00e4ndringar i hydrauloljetrycket, vilket g\u00f6r det m\u00f6jligt f\u00f6r f\u00f6rare att hantera tunga laster effektivt och anpassa sig till komplexa arbetsf\u00f6rh\u00e5llanden och olika driftskrav. <\/p>\n<p><img decoding=\"async\" src=\"https:\/\/www.hydraulic-cylinders.net\/wp-content\/uploads\/2025\/01\/songte-company-2.webp\" alt=\"Bild av skopcylinder\"><\/p>\n<h2>Drag<\/h2>\n<ul>\n<li>H\u00f6g h\u00e5llfasthet och h\u00e5llbarhet: Den \u00e4r vanligtvis tillverkad av h\u00f6gh\u00e5llfast st\u00e5l eller aluminium, t\u00e5l h\u00f6gt tryck och tunga belastningar, anpassar sig till tuffa arbetsmilj\u00f6er och \u00e4r konstruerad f\u00f6r slitstyrka och korrosionsbest\u00e4ndighet, vilket f\u00f6rl\u00e4nger dess livsl\u00e4ngd.<\/li>\n<li>Effektiv hydraulisk drift: Genom att anv\u00e4nda hydrauloljetryck f\u00f6r att uppn\u00e5 smidiga ut- och indragningsr\u00f6relser kan den snabbt reagera p\u00e5 kontrollkommandon, ge stark tryck- och dragkraft och \u00e4r l\u00e4mplig f\u00f6r hantering av tunga laster och komplexa arbetsuppgifter.<\/li>\n<li>Flera typer: Enkelverkande (hydrauliska cylindrar anv\u00e4nds endast i en riktning) eller dubbelverkande (hydrauliska cylindrar anv\u00e4nds i tv\u00e5 riktningar) cylindrar kan v\u00e4ljas efter behov f\u00f6r att m\u00f6ta olika driftskrav. Vissa modeller \u00e4r teleskopiska, vilket m\u00f6jligg\u00f6r st\u00f6rre r\u00e4ckvidd utan att \u00f6ka de yttre m\u00e5tten, vilket g\u00f6r dem l\u00e4mpliga f\u00f6r applikationer med begr\u00e4nsat utrymme.<\/li>\n<li>Utbytbar: V\u00e5r produkt kan perfekt ers\u00e4tta dessa hydraulcylindrar.<\/li>\n<\/ul>\n<p><img decoding=\"async\" src=\"https:\/\/www.hydraulic-cylinders.net\/wp-content\/uploads\/2025\/01\/songte-cylinder-head-with-all-kinds-excavator-models.webp\" alt=\"Utbytbar bild\"><\/p>\n<h2>Applikationer<\/h2>\n<h3>Byggutrustning<\/h3>\n<p>I gr\u00e4vmaskiner \u00e4r de viktiga f\u00f6r att gr\u00e4va, lasta och flytta jord eller skr\u00e4p. I gr\u00e4vmaskiner med gr\u00e4vaggregat hj\u00e4lper skopcylindern till med b\u00e5de gr\u00e4vning och lyftning. I frontlastare hj\u00e4lper de till med att lyfta och dumpa last effektivt.<\/p>\n<h3>Jordbruksmaskiner<\/h3>\n<p>Anv\u00e4nds i frontlastare f\u00f6r att skopa, lyfta och transportera jord, h\u00f6 och andra material. I gr\u00e4vmaskiner g\u00f6r skopcylindern att skopan kan tr\u00e4nga ner i jorden vid gr\u00e4vning.<\/p>\n<h3>Industriella maskiner<\/h3>\n<p>Anv\u00e4nds i olika till\u00e4mpningar s\u00e5som tillverkning, materialhantering och gruvdrift.<\/p>\n<p><img decoding=\"async\" src=\"https:\/\/www.hydraulic-cylinders.net\/wp-content\/uploads\/2025\/01\/songte-bushings-with-all-kinds-of-excavator-models.webp\" alt=\"Applikationsbild\"><\/p>\n<h2>Design\u00f6verv\u00e4ganden och urvalskriterier<\/h2>\n<ul>\n<li>B\u00e4rf\u00f6rm\u00e5ga: Cylindern b\u00f6r konstrueras f\u00f6r att motst\u00e5 den maximala belastning den kan uts\u00e4ttas f\u00f6r i applikationen.<\/li>\n<li>T\u00e4tning: Olika t\u00e4tningselement s\u00e5som kolvt\u00e4tningar, kolvst\u00e5ngst\u00e4tningar etc. b\u00f6r anv\u00e4ndas f\u00f6r att s\u00e4kerst\u00e4lla cylinderns l\u00e4ckages\u00e4kra prestanda.<\/li>\n<li>H\u00e5llbarhet: Cylindern b\u00f6r vara tillverkad av h\u00f6gh\u00e5llfasta material och konstruerad f\u00f6r slitage- och korrosionsbest\u00e4ndighet, vilket f\u00f6rl\u00e4nger dess livsl\u00e4ngd.<\/li>\n<li>S\u00e4kerhet: S\u00e4kerhetsfunktioner som spr\u00e4ngskydd, \u00f6verbelastningsskydd etc. b\u00f6r integreras i cylinderns konstruktion f\u00f6r att f\u00f6rhindra olyckor.<\/li>\n<li>Underh\u00e5llbarhet: Cylindern b\u00f6r vara konstruerad f\u00f6r enkelt underh\u00e5ll, reparation och utbyte av delar.<\/li>\n<\/ul>\n<p><img decoding=\"async\" src=\"https:\/\/www.hydraulic-cylinders.net\/wp-content\/uploads\/2025\/01\/songte-oil-pipes-and-spare-parts.webp\" alt=\"Designbild\"><\/p>\n<h2>T\u00e4tning och sm\u00f6rjning<\/h2>\n<p>Cylindern anv\u00e4nder olika t\u00e4tningselement s\u00e5som kolvt\u00e4tningar, st\u00e5ngt\u00e4tningar etc., tillverkade av slitstarka material som polyuretan, nitrilgummi etc., f\u00f6r att s\u00e4kerst\u00e4lla cylinderns l\u00e4ckagefria drift. Cylinderhuset och den g\u00e4ngade \u00e4ndytan genomg\u00e5r fin bearbetning f\u00f6r att f\u00f6rb\u00e4ttra slitstyrkan. Regelbunden sm\u00f6rjning kr\u00e4vs f\u00f6r smidig drift, och hydrauloljan b\u00f6r fyllas p\u00e5 regelbundet.<\/p>\n<h2>Inspektion och f\u00f6rebyggande underh\u00e5ll<\/h2>\n<ul>\n<li>Regelbunden inspektion av cylinderhuset, kolvst\u00e5ngen och hydraulslangarna f\u00f6r att uppt\u00e4cka tecken p\u00e5 slitage, skador eller l\u00e4ckor.<\/li>\n<li>Regelbunden sm\u00f6rjning av cylindern f\u00f6r att s\u00e4kerst\u00e4lla att den fungerar smidigt.<\/li>\n<li>Byte av slitna eller skadade t\u00e4tningselement f\u00f6r att f\u00f6rhindra l\u00e4ckage.<\/li>\n<li>Kalibreringskontroll av cylindern f\u00f6r att s\u00e4kerst\u00e4lla att den fungerar inom de angivna parametrarna.<\/li>\n<\/ul>\n<p><img decoding=\"async\" src=\"https:\/\/www.hydraulic-cylinders.net\/wp-content\/uploads\/2025\/01\/songte-chushion-collar.webp\" alt=\"Inspektionsbild\"><\/p>\n<h2>S\u00e4kerhets- och milj\u00f6h\u00e4nsyn<\/h2>\n<p>S\u00e4kerst\u00e4ll att cylindern anv\u00e4nds p\u00e5 ett s\u00e4kert s\u00e4tt genom att f\u00f6lja tillverkarens instruktioner och s\u00e4kerhetsf\u00f6reskrifter. Korrekt kassering av hydraulolja och andra v\u00e4tskor \u00e4r avg\u00f6rande f\u00f6r att undvika milj\u00f6skador.<\/p>\n<h2>Fels\u00f6kning och vanliga problem<\/h2>\n<ul>\n<li>L\u00e4ckande hydraulv\u00e4tska fr\u00e5n cylindern<\/li>\n<li>Cylindern g\u00e5r inte ut eller in<\/li>\n<li>F\u00f6r mycket cylinderljud under drift<\/li>\n<\/ul>\n<p>F\u00f6r att \u00e5tg\u00e4rda dessa problem, inspektera cylinderhuset, kolvst\u00e5ngen och hydraulslangarna f\u00f6r skador, byt ut slitna eller skadade delar som t\u00e4tningar och backventiler och kalibrera cylindern vid behov f\u00f6r att s\u00e4kerst\u00e4lla att den fungerar inom de angivna parametrarna.<\/p>\n<p><img decoding=\"async\" src=\"https:\/\/hzpt.com\/wp-content\/uploads\/2024\/11\/songte-company-1.webp\" alt=\"Fels\u00f6kningsbild\"><\/p>\n<h2>Om oss<\/h2>\n<p>Vi \u00e4r en tillverkare av hydraulcylindrar som kan ers\u00e4tta nuvarande hydraulcylindrar. V\u00e5rt f\u00f6retag har ett komplett produktsortiment och \u00e4r en av de ledande tillverkarna och grossisterna av hydraulcylindrar p\u00e5 inhemska och internationella marknader. Vi f\u00f6ljer principen om utm\u00e4rkt kvalitet och f\u00f6rlitar oss p\u00e5 den industrialiserade produktionsstrategin fr\u00e5n sofistikerade tillverkningsverkst\u00e4der. Vi forts\u00e4tter att f\u00f6rb\u00e4ttra verkstadens tillverkningsplattform, finslipar produktionsv\u00e4gen f\u00f6r produktkvalitet och har en stark skapande f\u00f6rm\u00e5ga att m\u00f6ta kundernas olika behov med principerna om h\u00f6g effektivitet, h\u00f6g precision och h\u00f6g kvalitet. <\/p>\n<h3>Professionalism<\/h3>\n<p>V\u00e5rt team best\u00e5r av erfarna och v\u00e4lutbildade yrkesm\u00e4nniskor som \u00e4r engagerade i att tillhandah\u00e5lla kvalitetstj\u00e4nster till v\u00e5ra kunder.<\/p>\n<h3>Internationella certifieringar<\/h3>\n<p>Vi innehar olika internationella certifieringar som ISO 9001:2015, CE och SGS, vilket s\u00e4kerst\u00e4ller att v\u00e5ra produkter uppfyller internationella kvalitetsstandarder.<\/p>\n<h3>Anpassningstj\u00e4nster<\/h3>\n<p>Vi erbjuder anpassningstj\u00e4nster f\u00f6r att m\u00f6ta specifika kundkrav och tillhandah\u00e5ller skr\u00e4ddarsydda l\u00f6sningar.<\/p>\n<h3>Produktionsutrustning<\/h3>\n<p>Vi anv\u00e4nder avancerad produktionsutrustning som CNC-svarvar, fr\u00e4smaskiner och testutrustning f\u00f6r att s\u00e4kerst\u00e4lla kvaliteten p\u00e5 v\u00e5ra produkter.<\/p>\n<h3>Eftermarknadsservice<\/h3>\n<p>Vi erbjuder utm\u00e4rkt eftermarknadsservice, inklusive underh\u00e5ll, reparation och utbyte av delar f\u00f6r att s\u00e4kerst\u00e4lla att v\u00e5ra kunder f\u00e5r en smidig upplevelse.<\/p>\n<p><img decoding=\"async\" src=\"https:\/\/www.hydraulic-cylinders.net\/wp-content\/uploads\/2025\/01\/songte-company-3.webp\" alt=\"Om oss Bild\"><\/p>\n<p>F\u00f6rfattare: lyl.<\/p>","protected":false},"excerpt":{"rendered":"<p>Bucket Cylinder For JCM Middle Excavator JCM924F Introduction The bucket cylinder is a type of specialized hydraulic cylinder that is primarily used to control the movement of the bucket in heavy machinery like excavators, backhoe excavators, and front-end loaders. Its main function is to enable the bucket to lift, lower, and tilt, making it easy [&hellip;]<\/p>","protected":false},"featured_media":14762,"comment_status":"open","ping_status":"closed","template":"","meta":{"_et_pb_use_builder":"","_et_pb_old_content":"","_et_gb_content_width":""},"product_brand":[],"product_cat":[1494],"product_tag":[1495,1496],"class_list":{"0":"post-15625","1":"product","2":"type-product","3":"status-publish","4":"has-post-thumbnail","6":"product_cat-bucket-cylinders","7":"product_tag-bucket-cylinders","8":"product_tag-hydraulic-cylinders","10":"first","11":"instock","12":"shipping-taxable","13":"product-type-simple"},"amp_enabled":true,"_links":{"self":[{"href":"https:\/\/www.hydraulic-cylinders.net\/sv\/wp-json\/wp\/v2\/product\/15625","targetHints":{"allow":["GET"]}}],"collection":[{"href":"https:\/\/www.hydraulic-cylinders.net\/sv\/wp-json\/wp\/v2\/product"}],"about":[{"href":"https:\/\/www.hydraulic-cylinders.net\/sv\/wp-json\/wp\/v2\/types\/product"}],"replies":[{"embeddable":true,"href":"https:\/\/www.hydraulic-cylinders.net\/sv\/wp-json\/wp\/v2\/comments?post=15625"}],"wp:featuredmedia":[{"embeddable":true,"href":"https:\/\/www.hydraulic-cylinders.net\/sv\/wp-json\/wp\/v2\/media\/14762"}],"wp:attachment":[{"href":"https:\/\/www.hydraulic-cylinders.net\/sv\/wp-json\/wp\/v2\/media?parent=15625"}],"wp:term":[{"taxonomy":"product_brand","embeddable":true,"href":"https:\/\/www.hydraulic-cylinders.net\/sv\/wp-json\/wp\/v2\/product_brand?post=15625"},{"taxonomy":"product_cat","embeddable":true,"href":"https:\/\/www.hydraulic-cylinders.net\/sv\/wp-json\/wp\/v2\/product_cat?post=15625"},{"taxonomy":"product_tag","embeddable":true,"href":"https:\/\/www.hydraulic-cylinders.net\/sv\/wp-json\/wp\/v2\/product_tag?post=15625"}],"curies":[{"name":"wp","href":"https:\/\/api.w.org\/{rel}","templated":true}]}}