{"id":15629,"date":"2025-01-19T14:46:15","date_gmt":"2025-01-19T14:46:15","guid":{"rendered":"https:\/\/www.hydraulic-cylinders.net\/product\/bucket-cylinder-for-liebherr-middle-excavator-r924\/"},"modified":"2025-01-19T14:46:17","modified_gmt":"2025-01-19T14:46:17","slug":"bucket-cylinder-for-liebherr-middle-excavator-r924","status":"publish","type":"product","link":"https:\/\/www.hydraulic-cylinders.net\/sv\/produkt\/bucket-cylinder-for-liebherr-middle-excavator-r924\/","title":{"rendered":"Skopscylinder f\u00f6r Liebherr mellangr\u00e4vmaskin R924"},"content":{"rendered":"<h1>Skopscylinder f\u00f6r Liebherr mellangr\u00e4vmaskin R924<\/h1>\n<h2>Introduktion<\/h2>\n<p>Skopcylindern f\u00f6r Liebherr Middle Excavator R924 \u00e4r en specialiserad hydraulcylinder som \u00e4r utformad f\u00f6r att styra r\u00f6relsen hos skopor i tunga maskiner som gr\u00e4vmaskiner, traktorgr\u00e4vmaskiner och frontlastare. Dess huvudsakliga funktion \u00e4r att lyfta, s\u00e4nka och luta skopan, vilket g\u00f6r det enklare att hantera olika materialhanteringsuppgifter. I hydraulsystemet uppn\u00e5r skopcylindern exakt kontroll \u00f6ver skopans r\u00f6relse genom f\u00f6r\u00e4ndringar i hydrauloljetrycket, vilket g\u00f6r det m\u00f6jligt f\u00f6r f\u00f6rare att effektivt hantera tunga laster och anpassa sig till komplexa arbetsmilj\u00f6er och olika driftskrav.<\/p>\n<p><img decoding=\"async\" src=\"https:\/\/www.hydraulic-cylinders.net\/wp-content\/uploads\/2025\/01\/songte-company-2.webp\" alt=\"Bild av skopcylinder\"><\/p>\n<h2>Drag<\/h2>\n<ul>\n<li>H\u00f6g h\u00e5llfasthet och h\u00e5llbarhet: Vanligtvis tillverkad av h\u00f6gh\u00e5llfast st\u00e5l eller aluminium, t\u00e5l den h\u00f6gt tryck och tunga belastningar och anpassar sig till tuffa arbetsmilj\u00f6er. Dess design tar h\u00e4nsyn till slitstyrka och korrosionsbest\u00e4ndighet, vilket f\u00f6rl\u00e4nger dess livsl\u00e4ngd.<\/li>\n<li>Effektiv hydraulisk drift: Smidiga expansions- och kontraktionsr\u00f6relser uppn\u00e5s genom att utnyttja hydrauloljetrycket, vilket ger kraftfulla tryck- och dragkrafter och reagerar snabbt p\u00e5 kommandon, vilket g\u00f6r den l\u00e4mplig f\u00f6r hantering av tunga laster och komplexa arbetsuppgifter.<\/li>\n<li>Olika typer: Enkelverkande (hydrauliska cylindrar anv\u00e4nds endast i en riktning) eller dubbelverkande (hydrauliska cylindrar anv\u00e4nds i b\u00e5da riktningarna) kan v\u00e4ljas efter operativa behov. Vissa modeller \u00e4r teleskopiska, vilket m\u00f6jligg\u00f6r st\u00f6rre utdrag utan att \u00f6ka de yttersta m\u00e5tten, l\u00e4mpliga f\u00f6r utrymmesbegr\u00e4nsade till\u00e4mpningar.<\/li>\n<li>Direkt ers\u00e4ttning: V\u00e5r produkt kan perfekt ers\u00e4tta dessa hydraulcylindrar.<\/li>\n<\/ul>\n<p><img decoding=\"async\" src=\"https:\/\/www.hydraulic-cylinders.net\/wp-content\/uploads\/2025\/01\/songte-cylinder-head-with-all-kinds-excavator-models.webp\" alt=\"Bild f\u00f6r utbyte av skopcylinder\"><\/p>\n<h2>Applikationer<\/h2>\n<p>Skopcylindern f\u00f6r Liebherr mellangr\u00e4vmaskin R924 anv\u00e4nds vanligtvis i f\u00f6ljande till\u00e4mpningar:<\/p>\n<h3>Byggutrustning<\/h3>\n<p>I gr\u00e4vmaskiner \u00e4r de viktiga f\u00f6r att gr\u00e4va, lasta och flytta jord eller skr\u00e4p. I gr\u00e4vmaskiner med gr\u00e4vaggregat hj\u00e4lper skopcylindern till med b\u00e5de gr\u00e4vning och lyftning. F\u00f6r frontlastare hj\u00e4lper de till att lyfta och luta gods effektivt.<\/p>\n<h3>Jordbruksmaskiner<\/h3>\n<p>Anv\u00e4nds i frontlastare, skopar, lyfter och transporterar de jord, h\u00f6 och andra material. I gr\u00e4vmaskiner m\u00f6jligg\u00f6r skopcylindern gr\u00e4vning genom att l\u00e5ta skopan tr\u00e4nga ner i jorden.<\/p>\n<h3>Andra industriella till\u00e4mpningar<\/h3>\n<p>Skopscylindrar \u00e4r anv\u00e4ndbara i alla till\u00e4mpningar som kr\u00e4ver f\u00f6rflyttning av tunga material. De anv\u00e4nds ofta inom skogsbruk, gruvdrift och avfallshantering.<\/p>\n<h2>Design\u00f6verv\u00e4ganden och urvalskriterier<\/h2>\n<p>Skopcylindern f\u00f6r Liebherr mellangr\u00e4vmaskin R924 \u00e4r konstruerad med f\u00f6ljande \u00f6verv\u00e4ganden:<\/p>\n<h3>Lastkapacitet<\/h3>\n<p>Cylindern m\u00e5ste kunna hantera den last den \u00e4r avsedd att lyfta och flytta.<\/p>\n<h3>T\u00e4tning<\/h3>\n<p>Cylindern m\u00e5ste vara v\u00e4l t\u00e4tad f\u00f6r att f\u00f6rhindra l\u00e4ckage och s\u00e4kerst\u00e4lla smidig drift. Kolvt\u00e4tningar, st\u00e5ngt\u00e4tningar och andra t\u00e4tningar m\u00e5ste vara tillverkade av slitstarka material f\u00f6r att s\u00e4kerst\u00e4lla l\u00e5ng livsl\u00e4ngd.<\/p>\n<h3>Varaktighet<\/h3>\n<p>Cylindern m\u00e5ste vara konstruerad f\u00f6r att t\u00e5la tuffa driftsmilj\u00f6er och vara motst\u00e5ndskraftig mot slitage och korrosion.<\/p>\n<h3>S\u00e4kerhet<\/h3>\n<p>Skopscylindrar m\u00e5ste konstrueras med s\u00e4kerhet i \u00e5tanke f\u00f6r att f\u00f6rhindra olyckor eller skador. S\u00e4kerhetsfunktioner som tryckavlastningsventiler och gr\u00e4nsbrytare kan inf\u00f6rlivas i konstruktionen f\u00f6r att s\u00e4kerst\u00e4lla s\u00e4ker drift.<\/p>\n<h3>Underh\u00e5llbarhet<\/h3>\n<p>Cylindern m\u00e5ste vara konstruerad f\u00f6r att vara l\u00e4tt att underh\u00e5lla och reparera. Komponenterna ska vara l\u00e4tt\u00e5tkomliga f\u00f6r inspektion och utbyte vid behov.<\/p>\n<p><img decoding=\"async\" src=\"https:\/\/www.hydraulic-cylinders.net\/wp-content\/uploads\/2025\/01\/songte-oil-pipes-and-spare-parts.webp\" alt=\"Bild av reservdelar till skopa\"><\/p>\n<h2>T\u00e4tning och sm\u00f6rjning<\/h2>\n<p>Skopcylindern till Liebherr Middle Excavator R924 anv\u00e4nder en m\u00e4ngd olika t\u00e4tningskomponenter som kolvt\u00e4tningar, st\u00e5ngt\u00e4tningar och slitringar. Dessa komponenter \u00e4r tillverkade av material som polyuretan och nitrilgummi f\u00f6r att s\u00e4kerst\u00e4lla slitstyrka och h\u00e5llbarhet. Cylinderns hus och g\u00e4ngade \u00e4ndytor \u00e4r fint bearbetade f\u00f6r att f\u00f6rb\u00e4ttra slitstyrkan. Regelbundet underh\u00e5ll av cylindern kr\u00e4ver tillsats av l\u00e4mpliga m\u00e4ngder hydraulolja f\u00f6r att s\u00e4kerst\u00e4lla korrekt sm\u00f6rjning.<\/p>\n<h2>Underh\u00e5ll och reparation<\/h2>\n<p>F\u00f6ljande underh\u00e5llsarbeten b\u00f6r utf\u00f6ras regelbundet:<\/p>\n<ul>\n<li>Regelbundna inspektioner<\/li>\n<li>Korrekt sm\u00f6rjning<\/li>\n<li>Byte av t\u00e4tning<\/li>\n<li>Kalibreringskontroller<\/li>\n<\/ul>\n<p>Korrekt installation, sm\u00f6rjning och justering \u00e4r avg\u00f6rande f\u00f6r att s\u00e4kerst\u00e4lla skopcylinderns livsl\u00e4ngd f\u00f6r Liebherr Middle Excavator R924. Korrekt inriktning av cylindern \u00e4r avg\u00f6rande under installationen, och l\u00e4mpliga installationsf\u00e4sten b\u00f6r anv\u00e4ndas f\u00f6r att s\u00e4kra cylindern. Inspektion, reparation och utbyte rekommenderas f\u00f6r att f\u00f6rl\u00e4nga cylinderns livsl\u00e4ngd.<\/p>\n<p><img decoding=\"async\" src=\"https:\/\/www.hydraulic-cylinders.net\/wp-content\/uploads\/2025\/01\/songte-chushion-collar.webp\" alt=\"Bild av skopcylinderkrage\"><\/p>\n<h2>S\u00e4kerhets- och milj\u00f6h\u00e4nsyn<\/h2>\n<p>S\u00e4kerhets\u00e5tg\u00e4rder \u00e4r avg\u00f6rande vid anv\u00e4ndning av skopcylindrar till Liebherr Middle Excavator R924. Operat\u00f6rer m\u00e5ste f\u00f6lja l\u00e4mpliga s\u00e4kerhetsrutiner vid hantering av tunga maskiner, inklusive att b\u00e4ra skyddsutrustning och f\u00f6lja korrekta driftsrutiner. Milj\u00f6n m\u00e5ste ocks\u00e5 beaktas vid anv\u00e4ndning av skopcylindrar. Korrekt avfallshantering och milj\u00f6f\u00f6reskrifter m\u00e5ste f\u00f6ljas f\u00f6r att s\u00e4kerst\u00e4lla att milj\u00f6skador minimeras.<\/p>\n<h2>Feldiagnos och vanliga problem<\/h2>\n<p>Skopcylindern till Liebherr Middle Excavator R924 kan uppleva en m\u00e4ngd olika problem med tiden. Vanliga problem inkluderar l\u00e4ckor, sv\u00e5righeter att flytta skopan och bristande respons p\u00e5 kontrolling\u00e5ngar. Dessa problem kan diagnostiseras genom inspektion och testning av cylinderns komponenter. <\/p>\n<h2>Om oss<\/h2>\n<p>Vi \u00e4r en ledande tillverkare och grossistdistribut\u00f6r av hydraulcylindrar p\u00e5 den inhemska och internationella marknaden, specialiserade p\u00e5 produktion av hydraulcylindrar f\u00f6r ers\u00e4ttning. V\u00e5ra produkter tillverkas med utm\u00e4rkt kvalitet och bygger p\u00e5 en industrialiserad produktionsstrategi i noggrant utformade verkst\u00e4der. V\u00e5rt f\u00f6retag f\u00f6rb\u00e4ttrar kontinuerligt v\u00e5r tillverkningsplattform i verkst\u00e4derna, f\u00f6rb\u00e4ttrar produktkvaliteten i produktionsprocessen och har en stark kreativ f\u00f6rm\u00e5ga. V\u00e5rt f\u00f6retag \u00e4r engagerat i att m\u00f6ta v\u00e5ra kunders olika behov med h\u00f6g effektivitet, h\u00f6g precision och h\u00f6gkvalitativa principer.<\/p>\n<p><img decoding=\"async\" src=\"https:\/\/hzpt.com\/wp-content\/uploads\/2024\/11\/songte-company-1.webp\" alt=\"F\u00f6retagsbild\"><\/p>\n<h3>Professionalism<\/h3>\n<p>V\u00e5rt f\u00f6retag har ett team av experter som \u00e4r dedikerade till att f\u00f6rse kunderna med kvalitetsprodukter och tj\u00e4nster.<\/p>\n<h3>Internationell certifiering<\/h3>\n<p>V\u00e5ra produkter har klarat olika internationella certifieringar och uppfyller en m\u00e4ngd olika industristandarder.<\/p>\n<h3>Anpassningstj\u00e4nster<\/h3>\n<p>Vi kan erbjuda skr\u00e4ddarsydda tj\u00e4nster enligt kundens krav.<\/p>\n<h3>Produktionsutrustning<\/h3>\n<p>V\u00e5rt f\u00f6retag har avancerad produktionsutrustning f\u00f6r att s\u00e4kerst\u00e4lla produktkvalitet och produktionseffektivitet.<\/p>\n<h3>Eftermarknadsservice<\/h3>\n<p>Vi erbjuder service efter f\u00f6rs\u00e4ljning f\u00f6r att s\u00e4kerst\u00e4lla v\u00e5ra kunders n\u00f6jdhet.<\/p>\n<p><img decoding=\"async\" src=\"https:\/\/www.hydraulic-cylinders.net\/wp-content\/uploads\/2025\/01\/songte-company-3.webp\" alt=\"F\u00f6retagsbild\"><\/p>\n<p>F\u00f6rfattare: lyl<\/p>","protected":false},"excerpt":{"rendered":"<p>Bucket Cylinder For Liebherr Middle Excavator R924 Introduction The Bucket Cylinder for Liebherr Middle Excavator R924 is a specialized hydraulic cylinder designed to control the movement of buckets in heavy machinery such as excavators, backhoe excavators, and front-end loaders. Its main function is to lift, lower, and tilt the bucket, making it easier to handle [&hellip;]<\/p>","protected":false},"featured_media":14787,"comment_status":"open","ping_status":"closed","template":"","meta":{"_et_pb_use_builder":"","_et_pb_old_content":"","_et_gb_content_width":""},"product_brand":[],"product_cat":[1494],"product_tag":[1495,1496],"class_list":{"0":"post-15629","1":"product","2":"type-product","3":"status-publish","4":"has-post-thumbnail","6":"product_cat-bucket-cylinders","7":"product_tag-bucket-cylinders","8":"product_tag-hydraulic-cylinders","10":"first","11":"instock","12":"shipping-taxable","13":"product-type-simple"},"amp_enabled":true,"_links":{"self":[{"href":"https:\/\/www.hydraulic-cylinders.net\/sv\/wp-json\/wp\/v2\/product\/15629","targetHints":{"allow":["GET"]}}],"collection":[{"href":"https:\/\/www.hydraulic-cylinders.net\/sv\/wp-json\/wp\/v2\/product"}],"about":[{"href":"https:\/\/www.hydraulic-cylinders.net\/sv\/wp-json\/wp\/v2\/types\/product"}],"replies":[{"embeddable":true,"href":"https:\/\/www.hydraulic-cylinders.net\/sv\/wp-json\/wp\/v2\/comments?post=15629"}],"wp:featuredmedia":[{"embeddable":true,"href":"https:\/\/www.hydraulic-cylinders.net\/sv\/wp-json\/wp\/v2\/media\/14787"}],"wp:attachment":[{"href":"https:\/\/www.hydraulic-cylinders.net\/sv\/wp-json\/wp\/v2\/media?parent=15629"}],"wp:term":[{"taxonomy":"product_brand","embeddable":true,"href":"https:\/\/www.hydraulic-cylinders.net\/sv\/wp-json\/wp\/v2\/product_brand?post=15629"},{"taxonomy":"product_cat","embeddable":true,"href":"https:\/\/www.hydraulic-cylinders.net\/sv\/wp-json\/wp\/v2\/product_cat?post=15629"},{"taxonomy":"product_tag","embeddable":true,"href":"https:\/\/www.hydraulic-cylinders.net\/sv\/wp-json\/wp\/v2\/product_tag?post=15629"}],"curies":[{"name":"wp","href":"https:\/\/api.w.org\/{rel}","templated":true}]}}