{"id":15643,"date":"2025-01-19T14:47:17","date_gmt":"2025-01-19T14:47:17","guid":{"rendered":"https:\/\/www.hydraulic-cylinders.net\/product\/bucket-cylinder-for-sdlg-small-excavator-lg660e\/"},"modified":"2025-01-19T14:47:19","modified_gmt":"2025-01-19T14:47:19","slug":"bucket-cylinder-for-sdlg-small-excavator-lg660e","status":"publish","type":"product","link":"https:\/\/www.hydraulic-cylinders.net\/sv\/produkt\/bucket-cylinder-for-sdlg-small-excavator-lg660e\/","title":{"rendered":"Skopcylinder f\u00f6r SDLG liten gr\u00e4vmaskin LG660E"},"content":{"rendered":"<p><!DOCTYPE html><br \/>\n<html><br \/>\n<head><br \/>\n\t<title>Skopcylinder f\u00f6r SDLG liten gr\u00e4vmaskin LG660E<\/title><br \/>\n<\/head><br \/>\n<body><\/p>\n<h1>Skopcylinder f\u00f6r SDLG liten gr\u00e4vmaskin LG660E<\/h1>\n<h2>Introduktion<\/h2>\n<p>Skopcylindern \u00e4r en specialdesignad hydraulcylinder som anv\u00e4nds f\u00f6r att styra skopans r\u00f6relse i tunga maskiner som gr\u00e4vmaskiner, gr\u00e4vlastare och frontlastare. Dess huvudsakliga funktion \u00e4r att g\u00f6ra det m\u00f6jligt f\u00f6r skopan att lyfta, s\u00e4nka och luta, vilket g\u00f6r den l\u00e4mplig f\u00f6r olika materialhanteringsuppgifter. I hydraulsystemet uppn\u00e5r skopcylindern exakt kontroll \u00f6ver skopan genom att variera hydrauloljans tryck, vilket g\u00f6r det m\u00f6jligt f\u00f6r operat\u00f6rer att effektivt hantera tunga laster och anpassa sig till komplexa arbetsmilj\u00f6er och olika driftsbehov.<\/p>\n<p>\t<img decoding=\"async\" src=\"https:\/\/www.hydraulic-cylinders.net\/wp-content\/uploads\/2025\/01\/songte-company-2.webp\" alt=\"Produktbild\"><\/p>\n<h2>Drag<\/h2>\n<ul>\n<li>H\u00f6g h\u00e5llfasthet och h\u00e5llbarhet: Den \u00e4r vanligtvis tillverkad av h\u00f6gh\u00e5llfast st\u00e5l eller aluminium, t\u00e5l h\u00f6gt tryck och tunga belastningar, anpassar sig till tuffa arbetsmilj\u00f6er och \u00e4r konstruerad med h\u00e4nsyn till slitstyrka och korrosionsbest\u00e4ndighet f\u00f6r att f\u00f6rl\u00e4nga dess livsl\u00e4ngd.<\/li>\n<li>Effektiv hydraulisk drift: Genom att utnyttja hydrauloljans tryck f\u00f6r att uppn\u00e5 smidiga ut- och indragningsr\u00f6relser kan den snabbt reagera p\u00e5 kontrollkommandon och ge kraftfulla tryck- och dragkrafter, vilket g\u00f6r den l\u00e4mplig f\u00f6r hantering av tunga laster och komplexa driftsuppgifter.<\/li>\n<li>Olika typer: Enkelverkande (hydraultryck anv\u00e4nds endast i en riktning) eller dubbelverkande (hydraultryck anv\u00e4nds i b\u00e5da riktningarna) cylindrar kan v\u00e4ljas efter specifika driftsbehov. Vissa modeller \u00e4r teleskopiska, vilket m\u00f6jligg\u00f6r st\u00f6rre utdrag utan att \u00f6ka de yttre m\u00e5tten, vilket g\u00f6r dem l\u00e4mpliga f\u00f6r applikationer med begr\u00e4nsat utrymme.<\/li>\n<li>Ers\u00e4ttning f\u00f6r andra hydraulcylindrar: V\u00e5r produkt kan perfekt ers\u00e4tta andra hydraulcylindrar. <\/li>\n<\/ul>\n<p>\t<img decoding=\"async\" src=\"https:\/\/www.hydraulic-cylinders.net\/wp-content\/uploads\/2025\/01\/songte-cylinder-head-with-all-kinds-excavator-models.webp\" alt=\"Produktbild\"><\/p>\n<h2>Applikationer<\/h2>\n<ul>\n<li>Byggutrustning: De finns i gr\u00e4vmaskiner och \u00e4r viktiga f\u00f6r att gr\u00e4va, lasta och flytta jord eller skr\u00e4p. I gr\u00e4vlastare hj\u00e4lper skopcylindern till vid b\u00e5de gr\u00e4vning och lyftning.<\/li>\n<li>Jordbruksmaskiner: Anv\u00e4nds i frontlastare f\u00f6r att skopa, lyfta och transportera jord, h\u00f6 och andra material.<\/li>\n<li>Gr\u00e4vmaskiner: Skopans cylinder m\u00f6jligg\u00f6r gr\u00e4vning genom att l\u00e5ta skopan tr\u00e4nga ner i jorden.<\/li>\n<li>Frontlastare: Frontlastare hj\u00e4lper till att lyfta och luta gods effektivt.<\/li>\n<\/ul>\n<h2>Design\u00f6verv\u00e4ganden och urvalskriterier<\/h2>\n<p>Vid konstruktion av skopcylindrar beaktas flera viktiga faktorer:<\/p>\n<ul>\n<li>B\u00e4rf\u00f6rm\u00e5ga: Cylindern ska vara konstruerad f\u00f6r att motst\u00e5 de f\u00f6rv\u00e4ntade belastningarna och krafterna.<\/li>\n<li>T\u00e4tning: Olika t\u00e4tningskomponenter, s\u00e5som kolvt\u00e4tningar och kolvst\u00e5ngst\u00e4tningar, anv\u00e4nds f\u00f6r att s\u00e4kerst\u00e4lla korrekt t\u00e4tning och f\u00f6rhindra oljel\u00e4ckage.<\/li>\n<li>H\u00e5llbarhet: Cylinderns material och ytbehandlingar \u00e4r valda f\u00f6r att f\u00f6rb\u00e4ttra slitstyrkan och f\u00f6rl\u00e4nga dess livsl\u00e4ngd.<\/li>\n<li>S\u00e4kerhet: S\u00e4kerhetsfunktioner som tryckavlastningsventiler och \u00f6verbelastningsskyddsmekanismer \u00e4r integrerade f\u00f6r att f\u00f6rhindra olyckor och s\u00e4kerst\u00e4lla s\u00e4ker drift.<\/li>\n<li>Underh\u00e5llbarhet: Konstruktionen ska m\u00f6jligg\u00f6ra enkelt underh\u00e5ll och reparationer, med bekv\u00e4m \u00e5tkomst till komponenter och tydliga instruktioner f\u00f6r utbyte eller justering.<\/li>\n<\/ul>\n<p>\t<img decoding=\"async\" src=\"https:\/\/www.hydraulic-cylinders.net\/wp-content\/uploads\/2025\/01\/songte-oil-pipes-and-spare-parts.webp\" alt=\"Produktbild\"><\/p>\n<h2>T\u00e4tning och sm\u00f6rjning<\/h2>\n<p>Skopscylindern anv\u00e4nder olika t\u00e4tningar, s\u00e5som kolvt\u00e4tningar och kolvst\u00e5ngst\u00e4tningar, vilka \u00e4r tillverkade av slitstarka material som polyuretan och nitrilgummi. Cylinderhuset och g\u00e4ng\u00e4ndarna \u00e4r fint bearbetade f\u00f6r att f\u00f6rb\u00e4ttra slitstyrkan. Regelbunden sm\u00f6rjning med l\u00e4mplig hydraulolja \u00e4r n\u00f6dv\u00e4ndig f\u00f6r att s\u00e4kerst\u00e4lla smidig drift och f\u00f6rl\u00e4nga cylinderns livsl\u00e4ngd.<\/p>\n<h2>Regelbunden inspektion och f\u00f6rebyggande underh\u00e5lls\u00e5tg\u00e4rder<\/h2>\n<ul>\n<li>Kontrollera regelbundet cylindern f\u00f6r tecken p\u00e5 slitage, l\u00e4ckage eller skador.<\/li>\n<li>S\u00e4kerst\u00e4ll korrekt sm\u00f6rjning och bibeh\u00e5ll rekommenderad oljeniv\u00e5.<\/li>\n<li>Byt ut t\u00e4tningar och andra komponenter vid behov f\u00f6r att bibeh\u00e5lla korrekt t\u00e4tning och f\u00f6rhindra oljel\u00e4ckage.<\/li>\n<li>Utf\u00f6r kalibreringskontroller f\u00f6r att s\u00e4kerst\u00e4lla korrekt drift.<\/li>\n<li>F\u00f6lj rekommenderade installationsprocedurer f\u00f6r att s\u00e4kerst\u00e4lla korrekt inriktning av cylindern.<\/li>\n<li>Anv\u00e4nd l\u00e4mpliga monteringsf\u00e4sten f\u00f6r att s\u00e4kra cylindern.<\/li>\n<li>Tillhandah\u00e5ll rekommenderade inspektions-, reparations- och utbytesprocedurer.<\/li>\n<li>Erbjud reservdelar och ombyggnadstj\u00e4nster f\u00f6r att f\u00f6rl\u00e4nga skopcylinderns livsl\u00e4ngd.<\/li>\n<\/ul>\n<p>\t<img decoding=\"async\" src=\"https:\/\/www.hydraulic-cylinders.net\/wp-content\/uploads\/2025\/01\/songte-chushion-collar.webp\" alt=\"Produktbild\"><\/p>\n<h2>S\u00e4kerhetsaspekter och milj\u00f6faktorer<\/h2>\n<p>Vid anv\u00e4ndning av skopcylindern \u00e4r det viktigt att implementera s\u00e4kerhets\u00e5tg\u00e4rder s\u00e5som korrekt utbildning, att f\u00f6lja driftsriktlinjer och att b\u00e4ra l\u00e4mplig personlig skyddsutrustning. Dessutom b\u00f6r milj\u00f6faktorer beaktas, s\u00e5som korrekt kassering av anv\u00e4nd hydraulolja och efterlevnad av f\u00f6reskrifter f\u00f6r hantering av hydraulisk utrustning.<\/p>\n<h2>Feldiagnos och vanliga problem<\/h2>\n<p>Vanliga problem med skopcylindrar kan inkludera l\u00e4ckor, otillr\u00e4cklig kraft eller oregelbundna r\u00f6relser. F\u00f6r att fels\u00f6ka dessa problem \u00e4r det viktigt att inspektera cylindern f\u00f6r tecken p\u00e5 skador eller slitage, kontrollera hydraulv\u00e4tskeniv\u00e5n och kvaliteten och s\u00e4kerst\u00e4lla korrekt sm\u00f6rjning. Om problemen kvarst\u00e5r b\u00f6r professionell hj\u00e4lp s\u00f6kas.<\/p>\n<p>\t<img decoding=\"async\" src=\"https:\/\/www.hydraulic-cylinders.net\/wp-content\/uploads\/2025\/01\/songte-bushings-with-all-kinds-of-excavator-models.webp\" alt=\"Produktbild\"><\/p>\n<h2>Underh\u00e5llsuppgifter<\/h2>\n<p>Vanliga underh\u00e5llsuppgifter f\u00f6r skopcylindrar inkluderar:<\/p>\n<ol>\n<li>Regelbundna inspektioner f\u00f6r att identifiera tecken p\u00e5 slitage, skador eller l\u00e4ckor.<\/li>\n<li>Korrekt sm\u00f6rjning f\u00f6r att s\u00e4kerst\u00e4lla smidig drift.<\/li>\n<li>Byte av t\u00e4tning f\u00f6r att bibeh\u00e5lla korrekt t\u00e4tning och f\u00f6rhindra oljel\u00e4ckage.<\/li>\n<\/ol>\n<p>Det \u00e4r viktigt att betona vikten av korrekt installation, sm\u00f6rjning och justering. Korrekt inriktning av cylindern under installationen b\u00f6r v\u00e4gledas, och anv\u00e4ndning av l\u00e4mpliga monteringsf\u00e4sten rekommenderas. Artikeln ger ocks\u00e5 rekommenderade inspektions-, reparations- och utbytesprocedurer, samt tekniker f\u00f6r att \u00f6ka skopcylinderns livsl\u00e4ngd.<\/p>\n<p>\t<img decoding=\"async\" src=\"https:\/\/hzpt.com\/wp-content\/uploads\/2024\/11\/songte-company-1.webp\" alt=\"Produktbild\"><\/p>\n<h2>Om v\u00e5rt f\u00f6retag<\/h2>\n<p>Vi \u00e4r en tillverkare av hydraulcylindrar f\u00f6r reservdelar och erbjuder ett brett utbud av produkter. Vi har blivit en av de ledande tillverkarna och grossistdistribut\u00f6rerna av hydraulcylindrar p\u00e5 inhemska och internationella marknader. Med fokus p\u00e5 utm\u00e4rkt kvalitet f\u00f6rlitar vi oss p\u00e5 industrialiserade produktionsledningsstrategier i v\u00e5r sofistikerade tillverkningsverkstad. V\u00e5rt f\u00f6retag f\u00f6rb\u00e4ttrar kontinuerligt tillverkningsplattformen och finslipar produktionsv\u00e4gen f\u00f6r produktkvalitet genom till\u00e4mpning av tekniska talanger, avancerad digital tillverkningsutrustning och professionella testsystem. Vi har en stark kreativ f\u00f6rm\u00e5ga och f\u00f6ljer principerna om h\u00f6g effektivitet, h\u00f6g precision och h\u00f6g kvalitet f\u00f6r att m\u00f6ta olika kunders behov.<\/p>\n<p>\t<img decoding=\"async\" src=\"https:\/\/www.hydraulic-cylinders.net\/wp-content\/uploads\/2025\/01\/songte-company-3.webp\" alt=\"Produktbild\"><\/p>\n<p>V\u00e5rt f\u00f6retag utm\u00e4rker sig genom professionalism, internationella certifieringar, kundanpassade tj\u00e4nster, produktionsutrustning och eftermarknadsservice.<\/p>\n<p>F\u00f6rfattare: lyl<\/p>\n<p><\/body><br \/>\n<\/html><\/p>","protected":false},"excerpt":{"rendered":"<p>Bucket Cylinder For SDLG Small Excavator LG660E Bucket Cylinder For SDLG Small Excavator LG660E Introduction The bucket cylinder is a specially designed hydraulic cylinder used to control the movement of the bucket in heavy machinery such as excavators, backhoe loaders, and front loaders. Its main function is to enable the bucket to lift, lower, and [&hellip;]<\/p>","protected":false},"featured_media":14788,"comment_status":"open","ping_status":"closed","template":"","meta":{"_et_pb_use_builder":"","_et_pb_old_content":"","_et_gb_content_width":""},"product_brand":[],"product_cat":[1494],"product_tag":[1495,1496],"class_list":{"0":"post-15643","1":"product","2":"type-product","3":"status-publish","4":"has-post-thumbnail","6":"product_cat-bucket-cylinders","7":"product_tag-bucket-cylinders","8":"product_tag-hydraulic-cylinders","10":"first","11":"instock","12":"shipping-taxable","13":"product-type-simple"},"amp_enabled":true,"_links":{"self":[{"href":"https:\/\/www.hydraulic-cylinders.net\/sv\/wp-json\/wp\/v2\/product\/15643","targetHints":{"allow":["GET"]}}],"collection":[{"href":"https:\/\/www.hydraulic-cylinders.net\/sv\/wp-json\/wp\/v2\/product"}],"about":[{"href":"https:\/\/www.hydraulic-cylinders.net\/sv\/wp-json\/wp\/v2\/types\/product"}],"replies":[{"embeddable":true,"href":"https:\/\/www.hydraulic-cylinders.net\/sv\/wp-json\/wp\/v2\/comments?post=15643"}],"wp:featuredmedia":[{"embeddable":true,"href":"https:\/\/www.hydraulic-cylinders.net\/sv\/wp-json\/wp\/v2\/media\/14788"}],"wp:attachment":[{"href":"https:\/\/www.hydraulic-cylinders.net\/sv\/wp-json\/wp\/v2\/media?parent=15643"}],"wp:term":[{"taxonomy":"product_brand","embeddable":true,"href":"https:\/\/www.hydraulic-cylinders.net\/sv\/wp-json\/wp\/v2\/product_brand?post=15643"},{"taxonomy":"product_cat","embeddable":true,"href":"https:\/\/www.hydraulic-cylinders.net\/sv\/wp-json\/wp\/v2\/product_cat?post=15643"},{"taxonomy":"product_tag","embeddable":true,"href":"https:\/\/www.hydraulic-cylinders.net\/sv\/wp-json\/wp\/v2\/product_tag?post=15643"}],"curies":[{"name":"wp","href":"https:\/\/api.w.org\/{rel}","templated":true}]}}