{"id":15644,"date":"2025-01-19T14:47:21","date_gmt":"2025-01-19T14:47:21","guid":{"rendered":"https:\/\/www.hydraulic-cylinders.net\/product\/bucket-cylinder-for-sdlg-small-excavator-lg665\/"},"modified":"2025-01-19T14:47:23","modified_gmt":"2025-01-19T14:47:23","slug":"bucket-cylinder-for-sdlg-small-excavator-lg665","status":"publish","type":"product","link":"https:\/\/www.hydraulic-cylinders.net\/sv\/produkt\/bucket-cylinder-for-sdlg-small-excavator-lg665\/","title":{"rendered":"Skopscylinder f\u00f6r SDLG liten gr\u00e4vmaskin LG665"},"content":{"rendered":"<h1>Skopscylinder f\u00f6r SDLG liten gr\u00e4vmaskin LG665<\/h1>\n<h2>Introduktion<\/h2>\n<p>Skopcylindern f\u00f6r SDLG:s lilla gr\u00e4vmaskin LG665 \u00e4r en specialdesignad hydraulcylinder som huvudsakligen anv\u00e4nds f\u00f6r att styra skopans r\u00f6relse i tunga maskiner som gr\u00e4vmaskiner, gr\u00e4vlastare och frontlastare. Dess prim\u00e4ra funktion \u00e4r att g\u00f6ra det m\u00f6jligt f\u00f6r skopan att lyfta, s\u00e4nka och luta, vilket underl\u00e4ttar olika materialhanteringsuppgifter. I hydraulsystemet uppn\u00e5r skopcylindern exakt kontroll \u00f6ver skopan genom f\u00f6r\u00e4ndringar i hydrauloljetrycket, vilket g\u00f6r det m\u00f6jligt f\u00f6r f\u00f6raren att effektivt hantera tunga laster, anpassa sig till komplexa arbetsmilj\u00f6er och olika driftskrav.<\/p>\n<p><img decoding=\"async\" src=\"https:\/\/www.hydraulic-cylinders.net\/wp-content\/uploads\/2025\/01\/songte-company-2.webp\"><\/p>\n<h2>Drag<\/h2>\n<ul>\n<li>H\u00f6g h\u00e5llfasthet och h\u00e5llbarhet: vanligtvis tillverkad av h\u00f6gh\u00e5llfast st\u00e5l eller aluminium, t\u00e5l h\u00f6gt tryck och tunga belastningar, anpassar sig till tuffa arbetsmilj\u00f6er och \u00e4r utformad med slitstyrka och korrosionsbest\u00e4ndighet, vilket f\u00f6rl\u00e4nger livsl\u00e4ngden.<\/li>\n<li>Effektiv hydraulisk drift: anv\u00e4nder hydrauloljetryck f\u00f6r att uppn\u00e5 smidiga ut- och indragningsr\u00f6relser, kan reagera snabbt p\u00e5 man\u00f6verkommandon, ger stark tryck- och dragkraft, l\u00e4mplig f\u00f6r hantering av tunga laster och komplexa driftsuppgifter.<\/li>\n<li>Olika typer: enkelverkande (hydrauliska cylindrar anv\u00e4nds endast i en riktning) eller dubbelverkande (hydrauliska cylindrar anv\u00e4nds i b\u00e5da riktningarna) cylindrar kan v\u00e4ljas efter behov f\u00f6r att m\u00f6ta olika driftsbehov. Vissa modeller \u00e4r teleskopiska, vilket m\u00f6jligg\u00f6r st\u00f6rre utdrag utan att \u00f6ka de yttersta m\u00e5tten, l\u00e4mpliga f\u00f6r applikationer med begr\u00e4nsat utrymme.<\/li>\n<li>Kan ers\u00e4tta andra hydraulcylindrar: v\u00e5r produkt kan perfekt ers\u00e4tta dessa hydraulcylindrar.<\/li>\n<\/ul>\n<p><img decoding=\"async\" src=\"https:\/\/www.hydraulic-cylinders.net\/wp-content\/uploads\/2025\/01\/songte-cylinder-head-with-all-kinds-excavator-models.webp\"><\/p>\n<h2>Applikationer<\/h2>\n<p>Skopcylindern f\u00f6r SDLG liten gr\u00e4vmaskin LG665 har ett brett anv\u00e4ndningsomr\u00e5de, inklusive:<\/p>\n<ul>\n<li>Byggmaskiner: i gr\u00e4vmaskiner \u00e4r de avg\u00f6rande f\u00f6r att gr\u00e4va, lasta och flytta jord eller skr\u00e4p. I gr\u00e4vlastare hj\u00e4lper skopcylindern till vid b\u00e5de gr\u00e4vning och lyftning. <\/li>\n<li>Jordbruksmaskiner: anv\u00e4nds f\u00f6r frontlastare, f\u00f6r att \u00f6sa, lyfta och transportera jord, h\u00f6 och andra material, gr\u00e4vmaskiner: skopcylindern \u00e5stadkommer gr\u00e4vningen genom att l\u00e5ta skopan tr\u00e4nga ner i jorden. <\/li>\n<li>Lastare: i frontlastare hj\u00e4lper de till att lyfta och luta gods effektivt.<\/li>\n<\/ul>\n<h2>Design\u00f6verv\u00e4ganden och urvalskriterier<\/h2>\n<p>Skopcylindern f\u00f6r SDLG liten gr\u00e4vmaskin LG665 har olika design\u00f6verv\u00e4ganden och urvalskriterier, inklusive:<\/p>\n<ul>\n<li>B\u00e4rf\u00f6rm\u00e5ga: Cylinderns b\u00e4rf\u00f6rm\u00e5ga m\u00e5ste kunna motst\u00e5 de hydrauliska tryckbelastningar som genereras under dess drift.<\/li>\n<li>T\u00e4tning: Olika t\u00e4tningskomponenter som kolvt\u00e4tningar och kolvst\u00e5ngst\u00e4tningar m\u00e5ste anv\u00e4ndas f\u00f6r att s\u00e4kerst\u00e4lla att hydraulsystemet bibeh\u00e5ller r\u00e4tt tryckniv\u00e5 och f\u00f6rhindrar l\u00e4ckage.<\/li>\n<li>H\u00e5llbarhet: Cylindern m\u00e5ste vara konstruerad f\u00f6r att vara tillr\u00e4ckligt h\u00e5llbar f\u00f6r att motst\u00e5 den tuffa arbetsmilj\u00f6n och det slitage som \u00e4r f\u00f6rknippat med regelbunden anv\u00e4ndning.<\/li>\n<li>S\u00e4kerhet: Alla s\u00e4kerhets\u00e5tg\u00e4rder m\u00e5ste vidtas vid konstruktion och tillverkning av cylindern f\u00f6r att s\u00e4kerst\u00e4lla att den uppfyller alla s\u00e4kerhetsstandarder och f\u00f6reskrifter.<\/li>\n<li>Underh\u00e5llbarhet: Cylindern m\u00e5ste vara konstruerad f\u00f6r att vara l\u00e4tt att underh\u00e5lla och reparera, med alla delar l\u00e4tt\u00e5tkomliga f\u00f6r utbyte eller reparation.<\/li>\n<\/ul>\n<p><img decoding=\"async\" src=\"https:\/\/www.hydraulic-cylinders.net\/wp-content\/uploads\/2025\/01\/songte-oil-pipes-and-spare-parts.webp\"><\/p>\n<h2>T\u00e4tning och sm\u00f6rjning<\/h2>\n<p>Skopscylindern f\u00f6r SDLG liten gr\u00e4vmaskin LG665 kr\u00e4ver olika t\u00e4tnings- och sm\u00f6rjningsmetoder, inklusive:<\/p>\n<ul>\n<li>Anv\u00e4ndning av olika t\u00e4tningskomponenter som kolvt\u00e4tningar, kolvst\u00e5ngst\u00e4tningar och torkart\u00e4tningar tillverkade av slitstarka material som polyuretan, nitrilgummi och andra<\/li>\n<li>Finbearbetning av cylinderhuset och g\u00e4ngans \u00e4ndyta f\u00f6r att \u00f6ka slitstyrkan<\/li>\n<li>Tills\u00e4tt regelbundet en l\u00e4mplig m\u00e4ngd hydraulolja f\u00f6r sm\u00f6rjning<\/li>\n<\/ul>\n<h2>Regelbunden inspektion och f\u00f6rebyggande underh\u00e5lls\u00e5tg\u00e4rder<\/h2>\n<p>Regelbunden inspektion och f\u00f6rebyggande underh\u00e5lls\u00e5tg\u00e4rder f\u00f6r skopcylindern f\u00f6r SDLG liten gr\u00e4vmaskin LG665 inkluderar:<\/p>\n<ul>\n<li>Regelbunden sm\u00f6rjning<\/li>\n<li>Regelbundna t\u00e4tningsbyten och kalibreringskontroller<\/li>\n<li>Regelbunden inspektion av alla hydrauliska komponenter och anslutningar<\/li>\n<\/ul>\n<p>Korrekt installation, sm\u00f6rjning och justering \u00e4r avg\u00f6rande f\u00f6r att s\u00e4kerst\u00e4lla optimal prestanda och f\u00f6rl\u00e4ngd livsl\u00e4ngd. Under installationen rekommenderas att l\u00e4mpliga monteringsf\u00e4sten anv\u00e4nds f\u00f6r att s\u00e4kra cylindern. Inspektion, reparation och utbyte rekommenderas att utf\u00f6ras av utbildad personal.<\/p>\n<p><img decoding=\"async\" src=\"https:\/\/www.hydraulic-cylinders.net\/wp-content\/uploads\/2025\/01\/songte-chushion-collar.webp\"><\/p>\n<h2>S\u00e4kerhetsaspekter och milj\u00f6faktorer<\/h2>\n<p>N\u00e4r man anv\u00e4nder skopcylindern till den lilla gr\u00e4vmaskinen SDLG LG665 \u00e4r det viktigt att vidta alla n\u00f6dv\u00e4ndiga s\u00e4kerhets\u00e5tg\u00e4rder, s\u00e5som att b\u00e4ra l\u00e4mplig skyddsutrustning och f\u00f6lja alla bruksanvisningar.<\/p>\n<h2>Diagnostiska och vanliga problem och l\u00f6sningar<\/h2>\n<p>N\u00e5gra vanliga problem med skopcylindern f\u00f6r SDLG liten gr\u00e4vmaskin LG665 kan inkludera:<\/p>\n<ul>\n<li>L\u00e4ckage eller otillr\u00e4ckligt tryck i hydraulsystemet<\/li>\n<li>D\u00e5lig cylinderprestanda, inklusive l\u00e5ngsam eller svag r\u00f6relse<\/li>\n<li>Skadade eller slitna t\u00e4tningar, vilket resulterar i l\u00e4ckage av hydraulv\u00e4tska<\/li>\n<\/ul>\n<p>Korrekt underh\u00e5ll och sk\u00f6tsel, inklusive regelbunden inspektion och underh\u00e5ll, kan vanligtvis f\u00f6rhindra de flesta problem. Om problem uppst\u00e5r rekommenderas det dock att konsultera en kvalificerad hydraulmekaniker.<\/p>\n<p><img decoding=\"async\" src=\"https:\/\/www.hydraulic-cylinders.net\/wp-content\/uploads\/2025\/01\/songte-bushings-with-all-kinds-of-excavator-models.webp\"><\/p>\n<h2>Om v\u00e5rt f\u00f6retag<\/h2>\n<p>Vi \u00e4r en ledande tillverkare och grossistdistribut\u00f6r av hydraulcylindrar och vi producerar ett brett utbud av produkter som kan ers\u00e4tta andra hydraulcylindrar. V\u00e5rt f\u00f6retags produktionsanl\u00e4ggningar fokuserar p\u00e5 precisionstillverkning och anv\u00e4nder den senaste tekniken f\u00f6r att skapa kvalitetsprodukter som uppfyller internationella standarder. V\u00e5rt team best\u00e5r av h\u00f6gkvalificerade yrkesm\u00e4nniskor som \u00e4r dedikerade till att ge exceptionell service till v\u00e5ra kunder. Vi erbjuder skr\u00e4ddarsydda tj\u00e4nster f\u00f6r att m\u00f6ta individuella behov och tillhandah\u00e5ller ett komplett utbud av eftermarknadsservice f\u00f6r att s\u00e4kerst\u00e4lla att v\u00e5ra kunders behov tillgodoses helt.<\/p>\n<p><img decoding=\"async\" src=\"https:\/\/hzpt.com\/wp-content\/uploads\/2024\/11\/songte-company-1.webp\"><\/p>\n<h3>Professionalism<\/h3>\n<p>V\u00e5rt f\u00f6retag \u00e4r stolt \u00f6ver sin professionalism, expertis och sitt engagemang f\u00f6r kundservice. Vi \u00e4r dedikerade till att tillhandah\u00e5lla kvalitetsprodukter och tj\u00e4nster som uppfyller v\u00e5ra kunders behov och \u00f6vertr\u00e4ffar deras f\u00f6rv\u00e4ntningar. Vi str\u00e4var efter att uppr\u00e4tth\u00e5lla h\u00f6gsta m\u00f6jliga standard f\u00f6r professionalism i allt vi g\u00f6r.<\/p>\n<h3>Internationell certifiering<\/h3>\n<p>Vi har uppn\u00e5tt internationella certifieringar, inklusive ISO 9001, vilket s\u00e4kerst\u00e4ller att v\u00e5ra produkter uppfyller de h\u00f6gsta kvalitetsstandarderna. V\u00e5r certifiering visar v\u00e5rt engagemang f\u00f6r kvalitet, s\u00e4kerhet och milj\u00f6.<\/p>\n<h3>Anpassade tj\u00e4nster<\/h3>\n<p>Vi specialiserar oss p\u00e5 att erbjuda skr\u00e4ddarsydda hydrauliska cylinderl\u00f6sningar f\u00f6r att m\u00f6ta unika kunders behov. V\u00e5rt team av erfarna experter arbetar n\u00e4ra kunderna f\u00f6r att identifiera deras behov och utveckla l\u00f6sningar som uppfyller dessa behov.<\/p>\n<h3>Produktionsutrustning<\/h3>\n<p>Vi anv\u00e4nder den senaste produktionsutrustningen och tekniken f\u00f6r att s\u00e4kerst\u00e4lla att v\u00e5ra produkter uppfyller h\u00f6gsta kvalitetsstandarder. V\u00e5ra produktionsanl\u00e4ggningar fokuserar p\u00e5 precisionstillverkning och anv\u00e4nder den senaste tekniken f\u00f6r att uppn\u00e5 h\u00f6gsta m\u00f6jliga noggrannhet och kvalitet.<\/p>\n<h3>Eftermarknadsservice<\/h3>\n<p>Vi erbjuder ett komplett utbud av eftermarknadstj\u00e4nster f\u00f6r att s\u00e4kerst\u00e4lla att v\u00e5ra kunders behov tillgodoses fullt ut. V\u00e5rt team av v\u00e4lutbildade yrkesm\u00e4n \u00e4r dedikerade till att ge exceptionell service och support till v\u00e5ra kunder.<\/p>\n<h4>F\u00f6rfattare: lyl<\/h4>","protected":false},"excerpt":{"rendered":"<p>Bucket Cylinder For SDLG Small Excavator LG665 Introduction The bucket cylinder for SDLG small excavator LG665 is a specifically designed hydraulic cylinder mainly used for controlling the motion of the bucket in heavy machinery like excavators, backhoe loaders, and front-end loaders. Its primary function is to enable the bucket to lift, lower, and tilt, thereby [&hellip;]<\/p>","protected":false},"featured_media":14787,"comment_status":"open","ping_status":"closed","template":"","meta":{"_et_pb_use_builder":"","_et_pb_old_content":"","_et_gb_content_width":""},"product_brand":[],"product_cat":[1494],"product_tag":[1495,1496],"class_list":{"0":"post-15644","1":"product","2":"type-product","3":"status-publish","4":"has-post-thumbnail","6":"product_cat-bucket-cylinders","7":"product_tag-bucket-cylinders","8":"product_tag-hydraulic-cylinders","10":"first","11":"instock","12":"shipping-taxable","13":"product-type-simple"},"amp_enabled":true,"_links":{"self":[{"href":"https:\/\/www.hydraulic-cylinders.net\/sv\/wp-json\/wp\/v2\/product\/15644","targetHints":{"allow":["GET"]}}],"collection":[{"href":"https:\/\/www.hydraulic-cylinders.net\/sv\/wp-json\/wp\/v2\/product"}],"about":[{"href":"https:\/\/www.hydraulic-cylinders.net\/sv\/wp-json\/wp\/v2\/types\/product"}],"replies":[{"embeddable":true,"href":"https:\/\/www.hydraulic-cylinders.net\/sv\/wp-json\/wp\/v2\/comments?post=15644"}],"wp:featuredmedia":[{"embeddable":true,"href":"https:\/\/www.hydraulic-cylinders.net\/sv\/wp-json\/wp\/v2\/media\/14787"}],"wp:attachment":[{"href":"https:\/\/www.hydraulic-cylinders.net\/sv\/wp-json\/wp\/v2\/media?parent=15644"}],"wp:term":[{"taxonomy":"product_brand","embeddable":true,"href":"https:\/\/www.hydraulic-cylinders.net\/sv\/wp-json\/wp\/v2\/product_brand?post=15644"},{"taxonomy":"product_cat","embeddable":true,"href":"https:\/\/www.hydraulic-cylinders.net\/sv\/wp-json\/wp\/v2\/product_cat?post=15644"},{"taxonomy":"product_tag","embeddable":true,"href":"https:\/\/www.hydraulic-cylinders.net\/sv\/wp-json\/wp\/v2\/product_tag?post=15644"}],"curies":[{"name":"wp","href":"https:\/\/api.w.org\/{rel}","templated":true}]}}