{"id":15658,"date":"2025-01-19T14:48:24","date_gmt":"2025-01-19T14:48:24","guid":{"rendered":"https:\/\/www.hydraulic-cylinders.net\/product\/bucket-cylinder-for-sdlg-large-excavator-lg6460e\/"},"modified":"2025-01-19T14:48:26","modified_gmt":"2025-01-19T14:48:26","slug":"bucket-cylinder-for-sdlg-large-excavator-lg6460e","status":"publish","type":"product","link":"https:\/\/www.hydraulic-cylinders.net\/sv\/produkt\/bucket-cylinder-for-sdlg-large-excavator-lg6460e\/","title":{"rendered":"Skopcylinder f\u00f6r SDLG stor gr\u00e4vmaskin LG6460E"},"content":{"rendered":"<h1>Skopcylinder f\u00f6r SDLG stor gr\u00e4vmaskin LG6460E<\/h1>\n<h2>Introduktion<\/h2>\n<p>Skopcylindern \u00e4r en specialdesignad hydraulcylinder som anv\u00e4nds f\u00f6r att styra skopans r\u00f6relse i tunga maskiner som gr\u00e4vmaskiner, gr\u00e4vlastare och frontlastare. Dess huvudsakliga funktion \u00e4r att g\u00f6ra det m\u00f6jligt att lyfta, s\u00e4nka och luta skopan, vilket g\u00f6r den bekv\u00e4m f\u00f6r olika materialhanteringsuppgifter. I hydraulsystemet uppn\u00e5r skopcylindern exakt kontroll \u00f6ver skopan genom att utnyttja tryckf\u00f6r\u00e4ndringarna i hydrauloljan, vilket g\u00f6r det m\u00f6jligt f\u00f6r operat\u00f6rer att effektivt hantera tunga laster och anpassa sig till komplexa arbetsmilj\u00f6er och olika driftsbehov.<\/p>\n<p><img decoding=\"async\" src=\"https:\/\/www.hydraulic-cylinders.net\/wp-content\/uploads\/2025\/01\/songte-company-2.webp\"><\/p>\n<h2>Drag<\/h2>\n<ul>\n<li>H\u00f6g h\u00e5llfasthet och h\u00e5llbarhet: Vanligtvis tillverkad av h\u00f6gh\u00e5llfast st\u00e5l eller aluminium, t\u00e5l h\u00f6gt tryck och tunga belastningar, \u00e4r l\u00e4mplig f\u00f6r tuffa arbetsf\u00f6rh\u00e5llanden och utformad med h\u00e4nsyn till slitstyrka och korrosionsbest\u00e4ndighet f\u00f6r att f\u00f6rl\u00e4nga dess livsl\u00e4ngd.<\/li>\n<li>Effektiv hydraulisk drift: Anv\u00e4nder hydrauloljetryck f\u00f6r att uppn\u00e5 smidiga ut- och indragningsr\u00f6relser, kan snabbt svara p\u00e5 kontrollkommandon, ge kraftfulla tryck- och dragkrafter, l\u00e4mplig f\u00f6r hantering av tunga laster och komplexa driftsuppgifter.<\/li>\n<li>M\u00e5ngsidiga typer: Finns som enkelverkande (hydrauliska cylindrar anv\u00e4nds endast i en riktning) eller dubbelverkande (hydrauliska cylindrar anv\u00e4nds i b\u00e5da riktningarna) f\u00f6r att m\u00f6ta olika driftskrav. Vissa modeller \u00e4r teleskopiska, vilket m\u00f6jligg\u00f6r st\u00f6rre utdrag utan att \u00f6ka de yttersta m\u00e5tten, l\u00e4mpliga f\u00f6r applikationer med begr\u00e4nsat utrymme.<\/li>\n<li>Perfekt ers\u00e4ttning: V\u00e5ra produkter kan perfekt ers\u00e4tta dessa hydraulcylindrar och erbjuder ett p\u00e5litligt alternativ.<\/li>\n<\/ul>\n<p><img decoding=\"async\" src=\"https:\/\/www.hydraulic-cylinders.net\/wp-content\/uploads\/2025\/01\/songte-cylinder-head-with-all-kinds-excavator-models.webp\"><\/p>\n<h2>Applikationer<\/h2>\n<p>Skopscylindern anv\u00e4nds ofta i olika byggmaskiner, inklusive:<\/p>\n<h3>Byggutrustning:<\/h3>\n<p>De finns i gr\u00e4vmaskiner och \u00e4r avg\u00f6rande f\u00f6r att gr\u00e4va, lasta och flytta jord eller skr\u00e4p. I gr\u00e4vlastare hj\u00e4lper skopcylindern till vid b\u00e5de gr\u00e4vning och lyftning.<\/p>\n<h3>Jordbruksmaskiner:<\/h3>\n<p>Anv\u00e4nds i frontlastare f\u00f6r att \u00f6sa, lyfta och transportera jord, h\u00f6 och andra material.<\/p>\n<h3>Gr\u00e4vmaskiner:<\/h3>\n<p>Skopans cylinder m\u00f6jligg\u00f6r gr\u00e4vning genom att l\u00e5ta skopan tr\u00e4nga ner i jorden.<\/p>\n<h3>Lastare:<\/h3>\n<p>I frontlastare hj\u00e4lper de till att lyfta och tilta gods effektivt.<\/p>\n<h2>Design\u00f6verv\u00e4ganden och urvalskriterier<\/h2>\n<ul>\n<li>B\u00e4rf\u00f6rm\u00e5ga: Diskutera vikten av att beakta cylinderns b\u00e4rf\u00f6rm\u00e5ga f\u00f6r att s\u00e4kerst\u00e4lla att den kan hantera de erforderliga belastningarna.<\/li>\n<li>T\u00e4tning: Ta upp vikten av korrekt t\u00e4tning f\u00f6r att f\u00f6rhindra l\u00e4ckage och bibeh\u00e5lla optimal prestanda.<\/li>\n<li>H\u00e5llbarhet: Diskutera behovet av en h\u00e5llbar konstruktion f\u00f6r att klara tuffa arbetsf\u00f6rh\u00e5llanden och f\u00f6rl\u00e4nga cylinderns livsl\u00e4ngd.<\/li>\n<li>S\u00e4kerhet: F\u00f6rklara vikten av s\u00e4kerhetsfunktioner och \u00f6verv\u00e4ganden i cylinderns konstruktion f\u00f6r att skydda operat\u00f6rer och f\u00f6rhindra olyckor.<\/li>\n<li>Underh\u00e5llbarhet: Betona behovet av enkelt underh\u00e5ll och reparation, inklusive tillg\u00e5ng till reservdelar och ombyggnadstj\u00e4nster.<\/li>\n<\/ul>\n<p><img decoding=\"async\" src=\"https:\/\/www.hydraulic-cylinders.net\/wp-content\/uploads\/2025\/01\/songte-oil-pipes-and-spare-parts.webp\"><\/p>\n<h2>T\u00e4tning och sm\u00f6rjning<\/h2>\n<p>Skopscylindern anv\u00e4nder olika t\u00e4tningskomponenter, s\u00e5som kolvt\u00e4tningar och kolvst\u00e5ngst\u00e4tningar, tillverkade av slitstarka material som polyuretan och nitrilgummi. Cylinderhuset och de g\u00e4ngade \u00e4ndarna genomg\u00e5r en finbehandling f\u00f6r att f\u00f6rb\u00e4ttra slitstyrkan. Regelbunden sm\u00f6rjning med l\u00e4mplig hydraulolja \u00e4r n\u00f6dv\u00e4ndig f\u00f6r att s\u00e4kerst\u00e4lla smidig drift.<\/p>\n<h2>Regelbunden inspektion och f\u00f6rebyggande underh\u00e5lls\u00e5tg\u00e4rder<\/h2>\n<ul>\n<li>Kontrollera regelbundet cylindern f\u00f6r tecken p\u00e5 slitage, l\u00e4ckage eller skador.<\/li>\n<li>S\u00e4kerst\u00e4ll korrekt sm\u00f6rjning f\u00f6r att bibeh\u00e5lla optimal prestanda.<\/li>\n<li>Byt ut t\u00e4tningar vid behov f\u00f6r att f\u00f6rhindra l\u00e4ckage och bibeh\u00e5lla t\u00e4tningseffektiviteten.<\/li>\n<li>Utf\u00f6r kalibreringskontroller f\u00f6r att s\u00e4kerst\u00e4lla korrekt drift.<\/li>\n<\/ul>\n<h2>Korrekt installationsguide<\/h2>\n<p>Vid montering av skopcylindern \u00e4r det viktigt att:<\/p>\n<ul>\n<li>Ge korrekt v\u00e4gledning f\u00f6r inriktning av cylindern.<\/li>\n<li>Anv\u00e4nd l\u00e4mpliga monteringsf\u00e4sten f\u00f6r att f\u00e4sta cylindern p\u00e5 plats.<\/li>\n<\/ul>\n<p><img decoding=\"async\" src=\"https:\/\/www.hydraulic-cylinders.net\/wp-content\/uploads\/2025\/01\/songte-chushion-collar.webp\"><\/p>\n<h2>S\u00e4kerhetsaspekter och milj\u00f6faktorer<\/h2>\n<p>Betona vikten av s\u00e4kerhets\u00e5tg\u00e4rder vid anv\u00e4ndning av skopcylindern och ta itu med eventuella milj\u00f6faktorer som kan p\u00e5verka dess prestanda.<\/p>\n<h2>Fels\u00f6kning och vanliga problem<\/h2>\n<p>Diskutera potentiella fel och vanliga problem som anv\u00e4ndare kan st\u00f6ta p\u00e5 n\u00e4r de anv\u00e4nder skopcylindern.<\/p>\n<h2>Underh\u00e5llstips och l\u00f6sningar<\/h2>\n<p>Ge fels\u00f6kningstips och l\u00f6sningar f\u00f6r att hj\u00e4lpa l\u00e4sarna att effektivt diagnostisera och l\u00f6sa problem. Erbjud f\u00f6rebyggande \u00e5tg\u00e4rder f\u00f6r att minimera potentiella problem.<\/p>\n<p><img decoding=\"async\" src=\"https:\/\/www.hydraulic-cylinders.net\/wp-content\/uploads\/2025\/01\/songte-bushings-with-all-kinds-of-excavator-models.webp\"><\/p>\n<p>Kom ih\u00e5g att organisera artikeln logiskt, anv\u00e4nda underrubriker f\u00f6r enkel navigering, inkludera relevanta bilder eller diagram f\u00f6r att f\u00f6rb\u00e4ttra f\u00f6rst\u00e5elsen och s\u00e4kerst\u00e4lla att inneh\u00e5llet \u00e4r tydligt, kortfattat och l\u00e4mpligt f\u00f6r l\u00e4sare med varierande niv\u00e5er av teknisk kunskap.<\/p>\n<h2>Om v\u00e5rt f\u00f6retag<\/h2>\n<p>Vi \u00e4r en tillverkare specialiserad p\u00e5 att producera hydraulcylindrar f\u00f6r reservdelar. V\u00e5rt f\u00f6retag erbjuder ett brett utbud av produkter och har blivit en av de ledande tillverkarna och grossistdistribut\u00f6rerna av hydraulcylindrar p\u00e5 inhemska och internationella marknader. Vi f\u00f6ljer principerna om utm\u00e4rkt kvalitet och f\u00f6rlitar oss p\u00e5 den industrialiserade produktionsstrategin i v\u00e5r sofistikerade tillverkningsverkstad. Med v\u00e5ra tekniska talanger, avancerade digitala tillverkningsutrustning och professionella testsystem f\u00f6rb\u00e4ttrar vi kontinuerligt v\u00e5r tillverkningsplattform, perfektionerar produktionsv\u00e4gen f\u00f6r produktkvalitet och har stark innovationsf\u00f6rm\u00e5ga. Vi str\u00e4var efter att m\u00f6ta olika kunders behov med h\u00f6g effektivitet, precision och kvalitet.<\/p>\n<p><img decoding=\"async\" src=\"https:\/\/www.hydraulic-cylinders.net\/wp-content\/uploads\/2025\/01\/songte-company-3.webp\"><\/p>\n<p>Ut\u00f6ka v\u00e5rt f\u00f6retags professionalism, internationella certifieringar, kundanpassade tj\u00e4nster, produktionsutrustning och eftermarknadsservice.<\/p>\n<p>F\u00f6rfattare: lyl<\/p>","protected":false},"excerpt":{"rendered":"<p>Bucket Cylinder For SDLG Large Excavator LG6460E Introduction The bucket cylinder is a specially designed hydraulic cylinder used to control the movement of the bucket in heavy machinery such as excavators, backhoe loaders, and front-end loaders. Its main function is to enable the bucket to lift, lower, and tilt, making it convenient for various material [&hellip;]<\/p>","protected":false},"featured_media":14788,"comment_status":"open","ping_status":"closed","template":"","meta":{"_et_pb_use_builder":"","_et_pb_old_content":"","_et_gb_content_width":""},"product_brand":[],"product_cat":[1494],"product_tag":[1495,1496],"class_list":{"0":"post-15658","1":"product","2":"type-product","3":"status-publish","4":"has-post-thumbnail","6":"product_cat-bucket-cylinders","7":"product_tag-bucket-cylinders","8":"product_tag-hydraulic-cylinders","10":"first","11":"instock","12":"shipping-taxable","13":"product-type-simple"},"amp_enabled":true,"_links":{"self":[{"href":"https:\/\/www.hydraulic-cylinders.net\/sv\/wp-json\/wp\/v2\/product\/15658","targetHints":{"allow":["GET"]}}],"collection":[{"href":"https:\/\/www.hydraulic-cylinders.net\/sv\/wp-json\/wp\/v2\/product"}],"about":[{"href":"https:\/\/www.hydraulic-cylinders.net\/sv\/wp-json\/wp\/v2\/types\/product"}],"replies":[{"embeddable":true,"href":"https:\/\/www.hydraulic-cylinders.net\/sv\/wp-json\/wp\/v2\/comments?post=15658"}],"wp:featuredmedia":[{"embeddable":true,"href":"https:\/\/www.hydraulic-cylinders.net\/sv\/wp-json\/wp\/v2\/media\/14788"}],"wp:attachment":[{"href":"https:\/\/www.hydraulic-cylinders.net\/sv\/wp-json\/wp\/v2\/media?parent=15658"}],"wp:term":[{"taxonomy":"product_brand","embeddable":true,"href":"https:\/\/www.hydraulic-cylinders.net\/sv\/wp-json\/wp\/v2\/product_brand?post=15658"},{"taxonomy":"product_cat","embeddable":true,"href":"https:\/\/www.hydraulic-cylinders.net\/sv\/wp-json\/wp\/v2\/product_cat?post=15658"},{"taxonomy":"product_tag","embeddable":true,"href":"https:\/\/www.hydraulic-cylinders.net\/sv\/wp-json\/wp\/v2\/product_tag?post=15658"}],"curies":[{"name":"wp","href":"https:\/\/api.w.org\/{rel}","templated":true}]}}