{"id":15665,"date":"2025-01-19T14:48:52","date_gmt":"2025-01-19T14:48:52","guid":{"rendered":"https:\/\/www.hydraulic-cylinders.net\/product\/bucket-cylinder-for-jcm-small-excavator-906d\/"},"modified":"2025-01-19T14:48:54","modified_gmt":"2025-01-19T14:48:54","slug":"bucket-cylinder-for-jcm-small-excavator-906d","status":"publish","type":"product","link":"https:\/\/www.hydraulic-cylinders.net\/sv\/produkt\/bucket-cylinder-for-jcm-small-excavator-906d\/","title":{"rendered":"Skopcylinder f\u00f6r JCM liten gr\u00e4vmaskin 906D"},"content":{"rendered":"<h1>Skopcylinder f\u00f6r JCM liten gr\u00e4vmaskin 906D<\/h1>\n<h2>Introduktion<\/h2>\n<p>Skopcylindern f\u00f6r JCM Small Excavator 906D \u00e4r en specialdesignad hydraulcylinder som fr\u00e4mst anv\u00e4nds f\u00f6r att styra skopans r\u00f6relse i tunga maskiner som gr\u00e4vmaskiner, gr\u00e4vmaskiner och frontlastare. Dess huvudsakliga funktion \u00e4r att g\u00f6ra det m\u00f6jligt att lyfta, s\u00e4nka och luta skopan, vilket g\u00f6r det enklare att hantera alla typer av materialf\u00f6rflyttningsuppgifter. I hydraulsystemet styr skopcylindern exakt skopans r\u00f6relse genom att \u00e4ndra hydrauloljans tryck, vilket g\u00f6r det m\u00f6jligt f\u00f6r f\u00f6rare att hantera tunga laster effektivt och anpassa sig till komplexa arbetsmilj\u00f6er och olika driftskrav.<\/p>\n<p><img decoding=\"async\" src=\"https:\/\/www.hydraulic-cylinders.net\/wp-content\/uploads\/2025\/01\/songte-company-2.webp\" alt=\"Bild av skopcylinder\"><\/p>\n<h2>Drag<\/h2>\n<ul>\n<li>H\u00f6g h\u00e5llfasthet och h\u00e5llbarhet: Cylindern \u00e4r vanligtvis tillverkad av h\u00f6gh\u00e5llfast st\u00e5l eller aluminium och t\u00e5l h\u00f6gt tryck och tunga belastningar, anpassar sig till tuffa arbetsmilj\u00f6er och dess design tar h\u00e4nsyn till slitage- och korrosionsbest\u00e4ndighet, vilket f\u00f6rl\u00e4nger dess livsl\u00e4ngd.<\/li>\n<li>Effektiv hydraulisk drift: Genom att utnyttja hydrauloljans tryck kan cylindern smidigt ut- och inf\u00e4llas, reagera snabbt p\u00e5 styrkommandon, ge kraftfulla tryck- och dragkrafter, l\u00e4mplig f\u00f6r hantering av tunga laster och komplexa driftsuppgifter.<\/li>\n<li>Olika typer: Cylindern kan vara en enkelverkande (hydraulisk anv\u00e4nds endast i en riktning) eller dubbelverkande (hydraulisk anv\u00e4nds i b\u00e5da riktningarna) cylinder, beroende p\u00e5 driftskraven. Vissa modeller \u00e4r teleskopiska, vilket m\u00f6jligg\u00f6r st\u00f6rre utdrag utan att \u00f6ka de yttersta m\u00e5tten, vilket g\u00f6r den l\u00e4mplig f\u00f6r applikationer med begr\u00e4nsat utrymme.<\/li>\n<li>V\u00e5r produkt kan perfekt ers\u00e4tta dessa hydraulcylindrar.<\/li>\n<\/ul>\n<p><img decoding=\"async\" src=\"https:\/\/www.hydraulic-cylinders.net\/wp-content\/uploads\/2025\/01\/songte-cylinder-head-with-all-kinds-excavator-models.webp\" alt=\"Bild f\u00f6r utbyte av skopcylinder\"><\/p>\n<h2>Applikationer<\/h2>\n<p>Skopcylindern f\u00f6r JCM Small Excavator 906D anv\u00e4nds ofta inom olika branscher f\u00f6r olika till\u00e4mpningar. H\u00e4r \u00e4r n\u00e5gra av dem:<\/p>\n<h3>Byggutrustning<\/h3>\n<p>I gr\u00e4vmaskiner \u00e4r de viktiga f\u00f6r gr\u00e4vning, lastning och f\u00f6rflyttning av jord eller skr\u00e4p. I en gr\u00e4vmaskin hj\u00e4lper skopcylindern till med gr\u00e4vning och lyftning. I frontlastare hj\u00e4lper de till att lyfta och dumpa gods effektivt.<\/p>\n<h3>Jordbruksmaskiner<\/h3>\n<p>Anv\u00e4nds i frontlastare f\u00f6r att skopa, lyfta och transportera jord, h\u00f6 och andra material. I gr\u00e4vmaskiner m\u00f6jligg\u00f6r skopcylindern gr\u00e4vning genom att l\u00e5ta skopan tr\u00e4nga ner i jorden.<\/p>\n<h3>Industriell tillverkning<\/h3>\n<p>De anv\u00e4nds i olika tillverkningsprocesser, s\u00e5som pressgjutning, smide och formsprutning av plast, f\u00f6r att hantera tunga laster och utf\u00f6ra komplexa operativa uppgifter.<\/p>\n<h3>Marin och offshore<\/h3>\n<p>Skopscylindrar anv\u00e4nds i offshore oljeborrplattformar, containerfartyg och annan marin utrustning, d\u00e4r de kan motst\u00e5 h\u00e5rda milj\u00f6f\u00f6rh\u00e5llanden och utf\u00f6ra tunga uppgifter.<\/p>\n<p><img decoding=\"async\" src=\"https:\/\/www.hydraulic-cylinders.net\/wp-content\/uploads\/2025\/01\/songte-bushings-with-all-kinds-of-excavator-models.webp\" alt=\"Applikationer f\u00f6r skopa\"><\/p>\n<h2>Design\u00f6verv\u00e4ganden och urvalskriterier<\/h2>\n<p>Skopscylindrar m\u00e5ste uppfylla flera designaspekter och urvalskriterier f\u00f6r att s\u00e4kerst\u00e4lla optimal prestanda. H\u00e4r \u00e4r n\u00e5gra av dem:<\/p>\n<h3>B\u00e4rkraft<\/h3>\n<p>Cylindern m\u00e5ste kunna motst\u00e5 vikten av den last den b\u00e4r och det tryck som ut\u00f6vas p\u00e5 den under drift.<\/p>\n<h3>T\u00e4tning<\/h3>\n<p>Cylindern m\u00e5ste ha tillr\u00e4cklig t\u00e4tning f\u00f6r att f\u00f6rhindra oljel\u00e4ckage och kontaminering, vilket kan orsaka skador p\u00e5 systemet och minska prestandan.<\/p>\n<h3>Varaktighet<\/h3>\n<p>Cylindern m\u00e5ste vara tillr\u00e4ckligt h\u00e5llbar f\u00f6r att klara tuffa arbetsf\u00f6rh\u00e5llanden och frekvent anv\u00e4ndning utan att beh\u00f6va repareras eller bytas ut ofta.<\/p>\n<h3>S\u00e4kerhet<\/h3>\n<p>Cylindern m\u00e5ste vara konstruerad med s\u00e4kerhetsaspekter i \u00e5tanke, s\u00e5som att installera s\u00e4kerhetsventiler f\u00f6r att f\u00f6rhindra olyckor och ge tydliga instruktioner f\u00f6r installation och drift.<\/p>\n<h3>Underh\u00e5ll<\/h3>\n<p>Cylindern m\u00e5ste vara l\u00e4tt att underh\u00e5lla, med l\u00e4mpliga \u00e5tkomstpunkter f\u00f6r inspektion, reng\u00f6ring och byte av delar.<\/p>\n<p><img decoding=\"async\" src=\"https:\/\/www.hydraulic-cylinders.net\/wp-content\/uploads\/2025\/01\/songte-oil-pipes-and-spare-parts.webp\" alt=\"Skopscylinderdesign\"><\/p>\n<h2>T\u00e4tning och sm\u00f6rjning<\/h2>\n<p>Skopscylindern anv\u00e4nder olika t\u00e4tningskomponenter, s\u00e5som kolvt\u00e4tningar, kolvst\u00e5ngst\u00e4tningar och avstrykare, f\u00f6r att f\u00f6rhindra oljel\u00e4ckage och kontaminering. Dessa t\u00e4tningskomponenter \u00e4r tillverkade av slitstarka material som polyuretan och nitrilgummi f\u00f6r att s\u00e4kerst\u00e4lla l\u00e5ng livsl\u00e4ngd. Dessutom genomg\u00e5r cylinderns cylinderhus och g\u00e4ngade \u00e4ndyta fin bearbetning f\u00f6r att f\u00f6rb\u00e4ttra slitstyrkan. F\u00f6r att bibeh\u00e5lla optimal prestanda \u00e4r regelbunden sm\u00f6rjning med r\u00e4tt m\u00e4ngd hydraulolja n\u00f6dv\u00e4ndig.<\/p>\n<h2>Underh\u00e5ll och reparation<\/h2>\n<p>Regelbundet underh\u00e5ll och reparationer \u00e4r avg\u00f6rande f\u00f6r att s\u00e4kerst\u00e4lla skopcylinderns optimala prestanda och f\u00f6rl\u00e4nga dess livsl\u00e4ngd. H\u00e4r \u00e4r n\u00e5gra viktiga uppgifter:<\/p>\n<h3>Regelbunden inspektion<\/h3>\n<p>Inspektera cylindern regelbundet och leta efter tecken p\u00e5 slitage och skador, s\u00e5som l\u00e4ckor, bucklor och rost.<\/p>\n<h3>Sm\u00f6rjning<\/h3>\n<p>Korrekt sm\u00f6rjning med hydraulolja \u00e4r n\u00f6dv\u00e4ndig f\u00f6r att s\u00e4kerst\u00e4lla optimal prestanda.<\/p>\n<h3>Byte av t\u00e4tning<\/h3>\n<p>Byt ut slitna eller skadade t\u00e4tningar omedelbart f\u00f6r att f\u00f6rhindra oljel\u00e4ckage och kontaminering och s\u00e4kerst\u00e4lla optimal prestanda.<\/p>\n<h3>Kalibreringskontroll<\/h3>\n<p>Kontrollera regelbundet cylinderns kalibrering f\u00f6r att s\u00e4kerst\u00e4lla att den uppfyller de erforderliga specifikationerna.<\/p>\n<h2>S\u00e4kerhetsaspekter och milj\u00f6faktorer<\/h2>\n<p>Skopscylindrar kan vara farliga om de inte anv\u00e4nds korrekt eller om de installeras felaktigt. S\u00e4kerhets\u00e5tg\u00e4rder, s\u00e5som att ge tydliga instruktioner f\u00f6r installation, drift och underh\u00e5ll, m\u00e5ste f\u00f6ljas. Dessutom m\u00e5ste h\u00e4nsyn tas till milj\u00f6faktorer, s\u00e5som temperatur, fuktighet och exponering f\u00f6r korrosiva material, f\u00f6r att s\u00e4kerst\u00e4lla optimal prestanda och f\u00f6rl\u00e4nga cylinderns livsl\u00e4ngd.<\/p>\n<h2>Vanliga problem och fels\u00f6kning<\/h2>\n<p>Vanliga problem med skopcylindrar kan inkludera l\u00e4ckor, otillr\u00e4ckligt tryck och skador p\u00e5 grund av slitage. Fels\u00f6kning av dessa problem inneb\u00e4r att identifiera orsaken och vidta l\u00e4mpliga korrigerande \u00e5tg\u00e4rder, s\u00e5som att \u00e5terf\u00f6rsegla, byta ut skadade delar och kalibrera om cylindern. Regelbundet underh\u00e5ll och reparation kan hj\u00e4lpa till att f\u00f6rhindra m\u00e5nga av dessa problem.<\/p>\n<p><img decoding=\"async\" src=\"https:\/\/www.hydraulic-cylinders.net\/wp-content\/uploads\/2025\/01\/songte-chushion-collar.webp\" alt=\"Underh\u00e5ll av skopcylinder\"><\/p>\n<h2>Om v\u00e5rt f\u00f6retag<\/h2>\n<p>Vi \u00e4r en tillverkare av hydraulcylindrar f\u00f6r reservdelar med ett komplett produktsortiment och har blivit en av de ledande tillverkarna och grossistdistribut\u00f6rerna av hydraulcylindrar p\u00e5 inhemska och internationella marknader. Vi f\u00f6ljer principen om h\u00f6gsta kvalitet och f\u00f6rlitar oss p\u00e5 industrialiserade produktionsledningsstrategier i noggrant utformade tillverkningsverkst\u00e4der. Vi f\u00f6rb\u00e4ttrar kontinuerligt tillverkningsplattformen i v\u00e5r verkstad, finslipar v\u00e5r produktionslinje f\u00f6r produktkvalitet och har en stark f\u00f6rm\u00e5ga att skapa en h\u00f6geffektiv, h\u00f6gprecisions- och h\u00f6gkvalitativ princip f\u00f6r att m\u00f6ta kundernas olika behov. <\/p>\n<h3>Professionalism<\/h3>\n<p>V\u00e5rt f\u00f6retag best\u00e5r av ett team av erfarna yrkesm\u00e4n som \u00e4r dedikerade till att leverera h\u00f6gkvalitativa produkter och tj\u00e4nster till v\u00e5ra kunder.<\/p>\n<h3>Internationell certifiering<\/h3>\n<p>V\u00e5ra produkter \u00e4r certifierade enligt internationella standarder, s\u00e5som ISO 9001 och CE, vilket s\u00e4kerst\u00e4ller att de uppfyller de h\u00f6gsta kvalitetsstandarderna.<\/p>\n<h3>Anpassningstj\u00e4nster<\/h3>\n<p>Vi erbjuder anpassningstj\u00e4nster f\u00f6r att m\u00f6ta kundernas unika krav, s\u00e5som storlek, form och funktionalitet.<\/p>\n<h3>Produktionsutrustning<\/h3>\n<p>V\u00e5r verkstad \u00e4r utrustad med avancerad digital tillverkningsutrustning, inklusive CNC-maskiner, svarvar och slipmaskiner, f\u00f6r att s\u00e4kerst\u00e4lla exakta produktspecifikationer.<\/p>\n<h3>Eftermarknadsservice<\/h3>\n<p>Vi erbjuder omfattande eftermarknadsservice, inklusive installation, reparation och underh\u00e5ll, f\u00f6r att s\u00e4kerst\u00e4lla att v\u00e5ra kunder \u00e4r n\u00f6jda med v\u00e5ra produkter.<\/p>\n<p><img decoding=\"async\" src=\"https:\/\/hzpt.com\/wp-content\/uploads\/2024\/11\/songte-company-1.webp\" alt=\"F\u00f6retagsbild\"><\/p>\n<p>F\u00f6rfattare: lyl.<\/p>","protected":false},"excerpt":{"rendered":"<p>Bucket Cylinder For JCM Small Excavator 906D Introduction The Bucket Cylinder for JCM Small Excavator 906D is a specially designed hydraulic cylinder used primarily to control the movement of the bucket in heavy machinery such as excavators, backhoe excavators, and front-end loaders. Its main function is to enable the bucket to lift, lower, and tilt, [&hellip;]<\/p>","protected":false},"featured_media":14776,"comment_status":"open","ping_status":"closed","template":"","meta":{"_et_pb_use_builder":"","_et_pb_old_content":"","_et_gb_content_width":""},"product_brand":[],"product_cat":[1494],"product_tag":[1495,1496],"class_list":{"0":"post-15665","1":"product","2":"type-product","3":"status-publish","4":"has-post-thumbnail","6":"product_cat-bucket-cylinders","7":"product_tag-bucket-cylinders","8":"product_tag-hydraulic-cylinders","10":"first","11":"instock","12":"shipping-taxable","13":"product-type-simple"},"amp_enabled":true,"_links":{"self":[{"href":"https:\/\/www.hydraulic-cylinders.net\/sv\/wp-json\/wp\/v2\/product\/15665","targetHints":{"allow":["GET"]}}],"collection":[{"href":"https:\/\/www.hydraulic-cylinders.net\/sv\/wp-json\/wp\/v2\/product"}],"about":[{"href":"https:\/\/www.hydraulic-cylinders.net\/sv\/wp-json\/wp\/v2\/types\/product"}],"replies":[{"embeddable":true,"href":"https:\/\/www.hydraulic-cylinders.net\/sv\/wp-json\/wp\/v2\/comments?post=15665"}],"wp:featuredmedia":[{"embeddable":true,"href":"https:\/\/www.hydraulic-cylinders.net\/sv\/wp-json\/wp\/v2\/media\/14776"}],"wp:attachment":[{"href":"https:\/\/www.hydraulic-cylinders.net\/sv\/wp-json\/wp\/v2\/media?parent=15665"}],"wp:term":[{"taxonomy":"product_brand","embeddable":true,"href":"https:\/\/www.hydraulic-cylinders.net\/sv\/wp-json\/wp\/v2\/product_brand?post=15665"},{"taxonomy":"product_cat","embeddable":true,"href":"https:\/\/www.hydraulic-cylinders.net\/sv\/wp-json\/wp\/v2\/product_cat?post=15665"},{"taxonomy":"product_tag","embeddable":true,"href":"https:\/\/www.hydraulic-cylinders.net\/sv\/wp-json\/wp\/v2\/product_tag?post=15665"}],"curies":[{"name":"wp","href":"https:\/\/api.w.org\/{rel}","templated":true}]}}