{"id":15667,"date":"2025-01-19T14:49:06","date_gmt":"2025-01-19T14:49:06","guid":{"rendered":"https:\/\/www.hydraulic-cylinders.net\/product\/bucket-cylinder-for-jcm-small-excavator-mc136-9\/"},"modified":"2025-01-19T14:49:08","modified_gmt":"2025-01-19T14:49:08","slug":"bucket-cylinder-for-jcm-small-excavator-mc136-9","status":"publish","type":"product","link":"https:\/\/www.hydraulic-cylinders.net\/sv\/produkt\/bucket-cylinder-for-jcm-small-excavator-mc136-9\/","title":{"rendered":"Skopcylinder f\u00f6r JCM liten gr\u00e4vmaskin MC136-9"},"content":{"rendered":"<h1>Skopcylinder f\u00f6r JCM liten gr\u00e4vmaskin MC136-9<\/h1>\n<h2>Introduktion<\/h2>\n<h3>Definition av skopcylinder<\/h3>\n<p>Skopcylindern \u00e4r en specialdesignad hydraulcylinder som huvudsakligen anv\u00e4nds f\u00f6r att styra skopans r\u00f6relse i tunga maskiner, s\u00e5som gr\u00e4vmaskiner, gr\u00e4vlastare och frontlastare. Dess huvudsakliga funktion \u00e4r att g\u00f6ra det m\u00f6jligt f\u00f6r skopan att lyfta, s\u00e4nka och luta, vilket g\u00f6r det enklare att hantera olika materialhanteringsuppgifter. I hydraulsystemet styr skopcylindern skopan exakt genom att \u00e4ndra hydrauloljans tryck, vilket g\u00f6r det m\u00f6jligt f\u00f6r f\u00f6raren att effektivt hantera tunga f\u00f6rem\u00e5l och anpassa sig till komplexa arbetsmilj\u00f6er och varierande driftsbehov.<\/p>\n<p><img decoding=\"async\" src=\"https:\/\/www.hydraulic-cylinders.net\/wp-content\/uploads\/2025\/01\/songte-company-2.webp\" alt=\"Bild av skopcylinder\"><\/p>\n<h3>Funktioner hos skopcylindern<\/h3>\n<ul>\n<li>H\u00f6g h\u00e5llfasthet och h\u00e5llbarhet: Vanligtvis tillverkad av h\u00f6gh\u00e5llfast st\u00e5l eller aluminium, t\u00e5l h\u00f6gt tryck och tunga belastningar, l\u00e4mplig f\u00f6r tuffa arbetsmilj\u00f6er och utformad med h\u00e4nsyn till slitstyrka och korrosionsbest\u00e4ndighet, vilket f\u00f6rl\u00e4nger livsl\u00e4ngden.<\/li>\n<li>Effektiv hydraulisk drift: Smidiga expansions- och kontraktionsf\u00f6rlopp uppn\u00e5s genom att utnyttja hydrauloljans tryck, vilket m\u00f6jligg\u00f6r snabb respons p\u00e5 styrkommandon, ger kraftfulla tryck- och dragkrafter och \u00e4r l\u00e4mpliga f\u00f6r hantering av tunga f\u00f6rem\u00e5l och komplexa driftsuppgifter.<\/li>\n<li>Olika typer: Enkelverkande (hydrauliska cylindrar anv\u00e4nds endast i en riktning) eller dubbelverkande (hydrauliska cylindrar anv\u00e4nds i tv\u00e5 riktningar) cylindrar kan v\u00e4ljas efter behov f\u00f6r att m\u00f6ta olika driftskrav. Vissa modeller \u00e4r teleskopiska, vilket m\u00f6jligg\u00f6r st\u00f6rre expansion utan att \u00f6ka de yttersta m\u00e5tten, l\u00e4mpliga f\u00f6r applikationer med begr\u00e4nsat utrymme.<\/li>\n<li>Ers\u00e4ttningstillg\u00e4nglighet: V\u00e5ra produkter kan perfekt ers\u00e4tta dessa hydraulcylindrar.<\/li>\n<li>Anpassningsbarhet: V\u00e5ra cylindrar kan anpassas f\u00f6r att passa olika gr\u00e4vmaskinsmodeller f\u00f6r optimal prestanda.<\/li>\n<\/ul>\n<p><img decoding=\"async\" src=\"https:\/\/www.hydraulic-cylinders.net\/wp-content\/uploads\/2025\/01\/songte-cylinder-head-with-all-kinds-excavator-models.webp\" alt=\"Bild av gr\u00e4vmaskinscylinder\"><\/p>\n<h3>Till\u00e4mpningar av hinkcylinder<\/h3>\n<p>Skopscylindern anv\u00e4nds ofta i olika industri- och jordbruksmaskiner, inklusive:<\/p>\n<ul>\n<li>Byggutrustning: I gr\u00e4vmaskiner \u00e4r de viktiga f\u00f6r att gr\u00e4va, lasta och flytta jord eller skr\u00e4p. I gr\u00e4vlastare hj\u00e4lper skopcylindern till vid gr\u00e4vning och lyftning.<\/li>\n<li>Jordbruksmaskiner: Anv\u00e4nds i frontlastare och anv\u00e4nds f\u00f6r att \u00f6sa, lyfta och transportera jord, h\u00f6 och andra material. <\/li>\n<li>Gr\u00e4vmaskiner: Skopcylindrar m\u00f6jligg\u00f6r gr\u00e4vning genom att l\u00e5ta skopan tr\u00e4nga ner i jorden. <\/li>\n<li>Lastare: Frontlastare hj\u00e4lper till att lyfta och dumpa gods effektivt.<\/li>\n<\/ul>\n<h3>Design\u00f6verv\u00e4ganden och urvalskriterier<\/h3>\n<p>Skopscylindrar kr\u00e4ver noggranna design\u00f6verv\u00e4ganden och urvalskriterier f\u00f6r att s\u00e4kerst\u00e4lla optimal prestanda, h\u00e5llbarhet och s\u00e4kerhet. Viktiga design\u00f6verv\u00e4ganden inkluderar:<\/p>\n<h4>B\u00e4rkraft<\/h4>\n<p>Skopscylindern m\u00e5ste kunna motst\u00e5 maximal belastning, vilket \u00e4r avg\u00f6rande f\u00f6r s\u00e4ker och effektiv drift.<\/p>\n<h4>T\u00e4tning<\/h4>\n<p>Olika t\u00e4tningselement, s\u00e5som kolvt\u00e4tningar och kolvst\u00e5ngst\u00e4tningar, m\u00e5ste v\u00e4ljas noggrant f\u00f6r att s\u00e4kerst\u00e4lla optimal prestanda och h\u00e5llbarhet. Dessa t\u00e4tningar \u00e4r ofta tillverkade av polyuretan och nitrilgummi, vilka \u00e4r slitstarka material. Cylinderhuset och g\u00e4ng\u00e4ndens yta \u00e4r finbearbetade f\u00f6r att f\u00f6rb\u00e4ttra slitstyrkan, och regelbunden sm\u00f6rjning kr\u00e4vs f\u00f6r sm\u00f6rjning.<\/p>\n<h4>Varaktighet<\/h4>\n<p>Skopscylindern m\u00e5ste vara tillverkad av h\u00f6gh\u00e5llfasta material f\u00f6r att klara tuffa arbetsmilj\u00f6er och tunga belastningar. Den b\u00f6r ocks\u00e5 konstrueras med h\u00e4nsyn till slitstyrka, korrosionsbest\u00e4ndighet och livsl\u00e4ngd.<\/p>\n<h4>S\u00e4kerhet<\/h4>\n<p>S\u00e4kerhet \u00e4r h\u00f6gsta prioritet vid val av skopcylindrar. Cylindrarna m\u00e5ste vara konstruerade f\u00f6r att f\u00f6rhindra olyckor och s\u00e4kerst\u00e4lla s\u00e4ker drift.<\/p>\n<h4>Underh\u00e5ll<\/h4>\n<p>Underh\u00e5ll \u00e4r avg\u00f6rande f\u00f6r optimal prestanda och livsl\u00e4ngd. Regelbundna inspektioner, sm\u00f6rjning och reservdelsbyten \u00e4r n\u00f6dv\u00e4ndiga f\u00f6r att h\u00e5lla skopcylindrarna i gott skick. <\/p>\n<p><img decoding=\"async\" src=\"https:\/\/www.hydraulic-cylinders.net\/wp-content\/uploads\/2025\/01\/songte-oil-pipes-and-spare-parts.webp\" alt=\"Bild av oljer\u00f6r och reservdelar\"><\/p>\n<h3>Installationsriktlinjer<\/h3>\n<p>Korrekt installation \u00e4r avg\u00f6rande f\u00f6r optimal prestanda och s\u00e4kerhet. F\u00f6ljande riktlinjer b\u00f6r f\u00f6ljas:<\/p>\n<ul>\n<li>Rikta in cylindern ordentligt f\u00f6re installation.<\/li>\n<li>Anv\u00e4nd l\u00e4mpliga monteringsf\u00e4sten f\u00f6r att s\u00e4kra cylindern.<\/li>\n<li>Anv\u00e4nd l\u00e4mpligt sm\u00f6rjmedel f\u00f6r optimal prestanda.<\/li>\n<li>Kontrollera och byt regelbundet ut slitna t\u00e4tningar.<\/li>\n<li>Inspektera och kalibrera cylindern regelbundet f\u00f6r optimal prestanda.<\/li>\n<\/ul>\n<p><img decoding=\"async\" src=\"https:\/\/www.hydraulic-cylinders.net\/wp-content\/uploads\/2025\/01\/songte-chushion-collar.webp\" alt=\"Bild p\u00e5 vadderad krage\"><\/p>\n<h3>S\u00e4kerhetsaspekter och milj\u00f6faktorer<\/h3>\n<p>Skopscylindrar m\u00e5ste anv\u00e4ndas med l\u00e4mpliga s\u00e4kerhets\u00e5tg\u00e4rder f\u00f6r att f\u00f6rhindra olyckor och s\u00e4kerst\u00e4lla s\u00e4ker drift. Milj\u00f6faktorer, s\u00e5som temperatur och fuktighet, m\u00e5ste ocks\u00e5 beaktas f\u00f6r att s\u00e4kerst\u00e4lla optimal prestanda och livsl\u00e4ngd.<\/p>\n<h3>Fels\u00f6kning och vanliga problem<\/h3>\n<p>Skopscylindrar kan uppleva olika problem, s\u00e5som l\u00e4ckor, otillr\u00e4cklig effekt och l\u00e5ngsam responstid. Fels\u00f6kning och vanliga problem inkluderar:<\/p>\n<ul>\n<li>Se tillverkarens manual f\u00f6r specifika instruktioner.<\/li>\n<li>Kontrollera regelbundet om det finns l\u00e4ckor och slitna t\u00e4tningar.<\/li>\n<li>Kontrollera hydraulsystemet f\u00f6r eventuella problem.<\/li>\n<li>Kontrollera om det finns n\u00e5gra skador p\u00e5 cylindern.<\/li>\n<\/ul>\n<p>F\u00f6rebyggande \u00e5tg\u00e4rder, s\u00e5som regelbundet underh\u00e5ll och inspektioner, kan bidra till att minimera potentiella problem.<\/p>\n<p><img decoding=\"async\" src=\"https:\/\/www.hydraulic-cylinders.net\/wp-content\/uploads\/2025\/01\/songte-bushings-with-all-kinds-of-excavator-models.webp\" alt=\"Bussningar Bild\"><\/p>\n<h2>V\u00e5rt f\u00f6retag<\/h2>\n<p>Vi \u00e4r en ledande tillverkare och grossistdistribut\u00f6r av hydraulcylindrar, specialiserade p\u00e5 cylindrarbyten. V\u00e5ra produkter \u00e4r utformade f\u00f6r att m\u00f6ta behoven p\u00e5 b\u00e5de inhemska och internationella marknader. Vi f\u00f6ljer principerna om exceptionell kvalitet och f\u00f6rlitar oss p\u00e5 industrialiserade produktionsstrategier med fint tillverkade verkst\u00e4der, tekniska talanger, digital avancerad tillverkningsutrustning och professionella testsystem. Vi f\u00f6rb\u00e4ttrar kontinuerligt v\u00e5r produktionsplattform f\u00f6r att f\u00f6rb\u00e4ttra kvaliteten p\u00e5 v\u00e5ra produkter och har en stark kreativ f\u00f6rm\u00e5ga att tillhandah\u00e5lla h\u00f6geffektiva, h\u00f6gprecisions- och h\u00f6gkvalitativa tj\u00e4nster f\u00f6r att m\u00f6ta v\u00e5ra kunders olika krav.<\/p>\n<p>V\u00e5rt f\u00f6retag erbjuder:<\/p>\n<ul>\n<li>Professionalism: Vi har ett team av erfarna yrkesm\u00e4n som str\u00e4var efter att tillhandah\u00e5lla h\u00f6gkvalitativa produkter och tj\u00e4nster.<\/li>\n<li>Internationell certifiering: V\u00e5ra produkter \u00e4r certifierade enligt internationella standarder, vilket garanterar deras kvalitet och s\u00e4kerhet.<\/li>\n<li>Anpassning: V\u00e5ra cylindrar kan anpassas f\u00f6r att passa olika gr\u00e4vmaskinsmodeller f\u00f6r optimal prestanda.<\/li>\n<li>Avancerad produktionsutrustning: Vi anv\u00e4nder avancerad tillverkningsutrustning f\u00f6r att producera h\u00f6gkvalitativa produkter.<\/li>\n<li>Eftermarknadsservice: Vi erbjuder underh\u00e5ll, reparation och ombyggnadstj\u00e4nster f\u00f6r att hj\u00e4lpa v\u00e5ra kunder att f\u00f6rl\u00e4nga livsl\u00e4ngden p\u00e5 sina hydraulcylindrar. <\/li>\n<\/ul>\n<p><img decoding=\"async\" src=\"https:\/\/hzpt.com\/wp-content\/uploads\/2024\/11\/songte-company-1.webp\" alt=\"F\u00f6retagsbild\"><\/p>\n<p>F\u00f6rfattare: lyl<\/p>","protected":false},"excerpt":{"rendered":"<p>Bucket Cylinder For JCM Small Excavator MC136-9 Introduction Definition of Bucket Cylinder The bucket cylinder is a specially designed hydraulic cylinder mainly used to control the movement of the shovel in heavy machinery, such as excavators, backhoe loaders, and front loaders. Its main function is to enable the shovel to lift, lower, and tilt, making [&hellip;]<\/p>","protected":false},"featured_media":14771,"comment_status":"open","ping_status":"closed","template":"","meta":{"_et_pb_use_builder":"","_et_pb_old_content":"","_et_gb_content_width":""},"product_brand":[],"product_cat":[1494],"product_tag":[1495,1496],"class_list":{"0":"post-15667","1":"product","2":"type-product","3":"status-publish","4":"has-post-thumbnail","6":"product_cat-bucket-cylinders","7":"product_tag-bucket-cylinders","8":"product_tag-hydraulic-cylinders","10":"first","11":"instock","12":"shipping-taxable","13":"product-type-simple"},"amp_enabled":true,"_links":{"self":[{"href":"https:\/\/www.hydraulic-cylinders.net\/sv\/wp-json\/wp\/v2\/product\/15667","targetHints":{"allow":["GET"]}}],"collection":[{"href":"https:\/\/www.hydraulic-cylinders.net\/sv\/wp-json\/wp\/v2\/product"}],"about":[{"href":"https:\/\/www.hydraulic-cylinders.net\/sv\/wp-json\/wp\/v2\/types\/product"}],"replies":[{"embeddable":true,"href":"https:\/\/www.hydraulic-cylinders.net\/sv\/wp-json\/wp\/v2\/comments?post=15667"}],"wp:featuredmedia":[{"embeddable":true,"href":"https:\/\/www.hydraulic-cylinders.net\/sv\/wp-json\/wp\/v2\/media\/14771"}],"wp:attachment":[{"href":"https:\/\/www.hydraulic-cylinders.net\/sv\/wp-json\/wp\/v2\/media?parent=15667"}],"wp:term":[{"taxonomy":"product_brand","embeddable":true,"href":"https:\/\/www.hydraulic-cylinders.net\/sv\/wp-json\/wp\/v2\/product_brand?post=15667"},{"taxonomy":"product_cat","embeddable":true,"href":"https:\/\/www.hydraulic-cylinders.net\/sv\/wp-json\/wp\/v2\/product_cat?post=15667"},{"taxonomy":"product_tag","embeddable":true,"href":"https:\/\/www.hydraulic-cylinders.net\/sv\/wp-json\/wp\/v2\/product_tag?post=15667"}],"curies":[{"name":"wp","href":"https:\/\/api.w.org\/{rel}","templated":true}]}}