{"id":15679,"date":"2025-01-19T14:49:55","date_gmt":"2025-01-19T14:49:55","guid":{"rendered":"https:\/\/www.hydraulic-cylinders.net\/product\/bucket-cylinder-for-ihi-small-excavator-ihi18v\/"},"modified":"2025-01-19T14:49:57","modified_gmt":"2025-01-19T14:49:57","slug":"bucket-cylinder-for-ihi-small-excavator-ihi18v","status":"publish","type":"product","link":"https:\/\/www.hydraulic-cylinders.net\/sv\/produkt\/bucket-cylinder-for-ihi-small-excavator-ihi18v\/","title":{"rendered":"Skopcylinder f\u00f6r IHI liten gr\u00e4vmaskin IHI18V"},"content":{"rendered":"<h1>Skopcylinder f\u00f6r IHI liten gr\u00e4vmaskin IHI18V<\/h1>\n<h2>Introduktion<\/h2>\n<p>Skopcylindern, \u00e4ven k\u00e4nd som hydraulcylindern, \u00e4r en typ av hydrauliskt st\u00e4lldon som \u00e4r speciellt utformat f\u00f6r att styra skopans r\u00f6relse i tunga maskiner som gr\u00e4vmaskiner, gr\u00e4vmaskiner och frontlastare. Dess prim\u00e4ra funktion \u00e4r att l\u00e5ta skopan lyftas, s\u00e4nkas och lutas, vilket g\u00f6r det enklare att hantera olika materialhanteringsuppgifter. I hydraulsystemet uppn\u00e5r skopcylindern exakt kontroll \u00f6ver skopan genom f\u00f6r\u00e4ndringar i hydrauloljetrycket, vilket g\u00f6r det m\u00f6jligt f\u00f6r f\u00f6rare att effektivt hantera tunga laster och anpassa sig till komplexa arbetsmilj\u00f6er och olika arbetskrav.<\/p>\n<p><img decoding=\"async\" src=\"https:\/\/www.hydraulic-cylinders.net\/wp-content\/uploads\/2025\/01\/songte-company-2.webp\" alt=\"Skopscylinder\"><\/p>\n<h2>Produktegenskaper<\/h2>\n<ul>\n<li>\n<h3>H\u00f6g styrka och h\u00e5llbarhet<\/h3>\n<p>Skopcylindern \u00e4r vanligtvis tillverkad av h\u00f6gh\u00e5llfast st\u00e5l eller aluminium, t\u00e5l h\u00f6gt tryck och tunga belastningar, och \u00e4r konstruerad med h\u00e4nsyn till slitstyrka och korrosionsbest\u00e4ndighet, vilket f\u00f6rl\u00e4nger dess livsl\u00e4ngd.<\/p>\n<\/li>\n<li>\n<h3>Effektiv hydraulisk drift<\/h3>\n<p>Skopcylindern anv\u00e4nder hydrauliskt oljetryck f\u00f6r att uppn\u00e5 j\u00e4mn ut- och inf\u00e4llning, och kan reagera snabbt p\u00e5 styrkommandon, vilket ger kraftfulla tryck- och dragkrafter, l\u00e4mplig f\u00f6r hantering av tunga laster och komplexa arbetsuppgifter.<\/p>\n<\/li>\n<li>\n<h3>Olika typer<\/h3>\n<p>Skopscylindern kan v\u00e4ljas utifr\u00e5n driftskraven, med alternativ f\u00f6r enkelverkande (hydraulik anv\u00e4nds endast i en riktning) eller dubbelverkande (hydraulik anv\u00e4nds i b\u00e5da riktningarna) cylindrar f\u00f6r att m\u00f6ta olika driftsbehov. Vissa modeller \u00e4r teleskopiska, vilket m\u00f6jligg\u00f6r st\u00f6rre utbyggnad utan att \u00f6ka ytterm\u00e5tten, l\u00e4mpliga f\u00f6r applikationer med begr\u00e4nsat utrymme.<\/p>\n<\/li>\n<li>\n<h3>Mycket anpassningsbar<\/h3>\n<p>V\u00e5ra produkter kan perfekt ers\u00e4tta dessa hydraulcylindrar, med m\u00f6jligheten att producera kundanpassade skopcylindrar enligt specifika krav och till\u00e4mpningar. <\/p>\n<\/li>\n<li>\n<h3>Kompatibel med olika maskiner<\/h3>\n<p>Skopcylindern anv\u00e4nds ofta i entreprenadmaskiner som gr\u00e4vmaskiner, traktorgr\u00e4vare, frontlastare och jordbruksmaskiner, och kan gr\u00e4va, lasta och transportera jord, h\u00f6 och andra material.<\/p>\n<\/li>\n<\/ul>\n<p><img decoding=\"async\" src=\"https:\/\/www.hydraulic-cylinders.net\/wp-content\/uploads\/2025\/01\/songte-cylinder-head-with-all-kinds-excavator-models.webp\" alt=\"Skopscylindermodeller\"><\/p>\n<h2>Design\u00f6verv\u00e4ganden och urvalsstandarder<\/h2>\n<ul>\n<li>\n<h3>Lastkapacitet<\/h3>\n<p>Skopscylindrar \u00e4r konstruerade f\u00f6r att motst\u00e5 maskinens och skopans driftsbelastning, med h\u00e4nsyn till kraften fr\u00e5n hydraulsystemet och vikten p\u00e5 det transporterade materialet.<\/p>\n<\/li>\n<li>\n<h3>T\u00e4tning och h\u00e5llbarhet<\/h3>\n<p>Skopscylindern m\u00e5ste ha ett tillf\u00f6rlitligt t\u00e4tningssystem f\u00f6r att f\u00f6rhindra oljel\u00e4ckage och bibeh\u00e5lla korrekt sm\u00f6rjning av r\u00f6rliga delar. Cylinderhuset och g\u00e4ngans \u00e4ndyta m\u00e5ste finbearbetas f\u00f6r att f\u00f6rb\u00e4ttra slitstyrkan.<\/p>\n<\/li>\n<li>\n<h3>S\u00e4kerhet och underh\u00e5ll<\/h3>\n<p>Skopscylindern kr\u00e4ver regelbunden inspektion, l\u00e4mplig sm\u00f6rjning och utbyte av slitna eller skadade delar f\u00f6r att s\u00e4kerst\u00e4lla tillf\u00f6rlitlig och s\u00e4ker drift. Det rekommenderas att anv\u00e4nda l\u00e4mpliga monteringsf\u00e4sten f\u00f6r att s\u00e4kra cylindern och att f\u00f6lja rekommenderade inspektions-, reparations- och utbytesprocedurer.<\/p>\n<\/li>\n<\/ul>\n<p><img decoding=\"async\" src=\"https:\/\/www.hydraulic-cylinders.net\/wp-content\/uploads\/2025\/01\/songte-oil-pipes-and-spare-parts.webp\" alt=\"Skopscylinderdelar\"><\/p>\n<h2>S\u00e4kerhets- och milj\u00f6h\u00e4nsyn<\/h2>\n<p>N\u00e4r skopcylindern anv\u00e4nds \u00e4r det viktigt att f\u00f6lja l\u00e4mpliga s\u00e4kerhets\u00e5tg\u00e4rder f\u00f6r att f\u00f6rhindra olyckor och s\u00e4kerst\u00e4lla f\u00f6rarens och \u00e5sk\u00e5darnas s\u00e4kerhet. Korrekt hantering och avfallshantering av hydraulolja och andra material \u00e4r n\u00f6dv\u00e4ndigt f\u00f6r att minimera milj\u00f6p\u00e5verkan.<\/p>\n<h2>Feldiagnos och vanliga problem<\/h2>\n<p>Skopscylindern kan drabbas av fel som oljel\u00e4ckage, otillr\u00e4cklig kraft och onormal drift. Regelbunden inspektion och underh\u00e5ll kan hj\u00e4lpa till att f\u00f6rebygga potentiella problem och identifiera problem tidigt. Om fel uppst\u00e5r \u00e4r det viktigt att vidta l\u00e4mpliga \u00e5tg\u00e4rder f\u00f6r att diagnostisera och \u00e5tg\u00e4rda problemet.<\/p>\n<p><img decoding=\"async\" src=\"https:\/\/www.hydraulic-cylinders.net\/wp-content\/uploads\/2025\/01\/songte-bushings-with-all-kinds-of-excavator-models.webp\" alt=\"Skopscylinderbussningar\"><\/p>\n<h2>Installation och underh\u00e5ll<\/h2>\n<p>Korrekt installation, sm\u00f6rjning och justering \u00e4r avg\u00f6rande f\u00f6r att s\u00e4kerst\u00e4lla skopcylinderns livsl\u00e4ngd och optimala prestanda. Regelbundna underh\u00e5llsuppgifter som inspektion, sm\u00f6rjning och t\u00e4tningsbyte b\u00f6r utf\u00f6ras f\u00f6r att f\u00f6rhindra potentiella problem och h\u00e5lla cylindern i gott skick.<\/p>\n<h2>Om v\u00e5rt f\u00f6retag<\/h2>\n<p>Vi \u00e4r en ledande tillverkare och grossistdistribut\u00f6r av hydraulcylindrar och erbjuder ett omfattande sortiment av produkter f\u00f6r att m\u00f6ta de olika behoven p\u00e5 inhemska och internationella marknader. Vi str\u00e4var efter att leverera exceptionell kvalitet och service, med fokus p\u00e5 precisionstillverkning, avancerad digital utrustning och professionella testsystem f\u00f6r att tillhandah\u00e5lla effektiva, noggranna och h\u00f6gkvalitativa produkter till v\u00e5ra kunder.<\/p>\n<ul>\n<li>\n<h3>Expertis<\/h3>\n<p>Vi har ett team av erfarna och skickliga yrkesm\u00e4n med omfattande kunskap och expertis inom design, tillverkning och testning av hydraulcylindrar.<\/p>\n<\/li>\n<li>\n<h3>Internationella certifieringar<\/h3>\n<p>V\u00e5ra produkter har godk\u00e4nts enligt ISO9001-, SGS- och CE-certifiering, vilket s\u00e4kerst\u00e4ller \u00f6verensst\u00e4mmelse med internationella standarder.<\/p>\n<\/li>\n<li>\n<h3>Anpassningstj\u00e4nster<\/h3>\n<p>Vi erbjuder kundanpassade hydraulcylindrar enligt specifika krav och till\u00e4mpningar, med flexibla design- och produktionsm\u00f6jligheter.<\/p>\n<\/li>\n<li>\n<h3>Produktionsutrustning<\/h3>\n<p>Vi anv\u00e4nder avancerade CNC-bearbetningscentraler, testutrustning och annan digital utrustning f\u00f6r att s\u00e4kerst\u00e4lla precision och effektivitet i produktionsprocessen.<\/p>\n<\/li>\n<li>\n<h3>Eftermarknadsservice<\/h3>\n<p>Vi erbjuder omfattande eftermarknadsservice, inklusive inspektion, reparation och utbytestj\u00e4nster, f\u00f6r att s\u00e4kerst\u00e4lla att v\u00e5ra kunder f\u00e5r ut det mesta av v\u00e5ra produkter.<\/p>\n<\/li>\n<\/ul>\n<p><img decoding=\"async\" src=\"https:\/\/hzpt.com\/wp-content\/uploads\/2024\/11\/songte-company-1.webp\" alt=\"V\u00e5rt f\u00f6retag\"><\/p>\n<h3>F\u00f6rfattare: lyl<\/h3>","protected":false},"excerpt":{"rendered":"<p>Bucket Cylinder For IHI Small Excavator IHI18V Introduction The bucket cylinder, also known as the hydraulic cylinder, is a type of hydraulic actuator designed specifically for controlling the movement of the bucket in heavy machinery such as excavators, backhoes, and front-end loaders. Its primary function is to allow the bucket to lift, lower, and tilt, [&hellip;]<\/p>","protected":false},"featured_media":14778,"comment_status":"open","ping_status":"closed","template":"","meta":{"_et_pb_use_builder":"","_et_pb_old_content":"","_et_gb_content_width":""},"product_brand":[],"product_cat":[1494],"product_tag":[1495,1496],"class_list":{"0":"post-15679","1":"product","2":"type-product","3":"status-publish","4":"has-post-thumbnail","6":"product_cat-bucket-cylinders","7":"product_tag-bucket-cylinders","8":"product_tag-hydraulic-cylinders","10":"first","11":"instock","12":"shipping-taxable","13":"product-type-simple"},"amp_enabled":true,"_links":{"self":[{"href":"https:\/\/www.hydraulic-cylinders.net\/sv\/wp-json\/wp\/v2\/product\/15679","targetHints":{"allow":["GET"]}}],"collection":[{"href":"https:\/\/www.hydraulic-cylinders.net\/sv\/wp-json\/wp\/v2\/product"}],"about":[{"href":"https:\/\/www.hydraulic-cylinders.net\/sv\/wp-json\/wp\/v2\/types\/product"}],"replies":[{"embeddable":true,"href":"https:\/\/www.hydraulic-cylinders.net\/sv\/wp-json\/wp\/v2\/comments?post=15679"}],"wp:featuredmedia":[{"embeddable":true,"href":"https:\/\/www.hydraulic-cylinders.net\/sv\/wp-json\/wp\/v2\/media\/14778"}],"wp:attachment":[{"href":"https:\/\/www.hydraulic-cylinders.net\/sv\/wp-json\/wp\/v2\/media?parent=15679"}],"wp:term":[{"taxonomy":"product_brand","embeddable":true,"href":"https:\/\/www.hydraulic-cylinders.net\/sv\/wp-json\/wp\/v2\/product_brand?post=15679"},{"taxonomy":"product_cat","embeddable":true,"href":"https:\/\/www.hydraulic-cylinders.net\/sv\/wp-json\/wp\/v2\/product_cat?post=15679"},{"taxonomy":"product_tag","embeddable":true,"href":"https:\/\/www.hydraulic-cylinders.net\/sv\/wp-json\/wp\/v2\/product_tag?post=15679"}],"curies":[{"name":"wp","href":"https:\/\/api.w.org\/{rel}","templated":true}]}}