{"id":15685,"date":"2025-01-19T14:50:35","date_gmt":"2025-01-19T14:50:35","guid":{"rendered":"https:\/\/www.hydraulic-cylinders.net\/product\/bucket-cylinder-for-bobcat-small-excavator-e26\/"},"modified":"2025-01-19T14:50:37","modified_gmt":"2025-01-19T14:50:37","slug":"bucket-cylinder-for-bobcat-small-excavator-e26","status":"publish","type":"product","link":"https:\/\/www.hydraulic-cylinders.net\/sv\/produkt\/bucket-cylinder-for-bobcat-small-excavator-e26\/","title":{"rendered":"Skopscylinder f\u00f6r Bobcat liten gr\u00e4vmaskin E26"},"content":{"rendered":"<h1>Skopscylinder f\u00f6r Bobcat liten gr\u00e4vmaskin E26<\/h1>\n<h2>Introduktion<\/h2>\n<p>En skopcylinder f\u00f6r en liten Bobcat-gr\u00e4vmaskin E26 \u00e4r en typ av specialiserad hydraulcylinder som fr\u00e4mst anv\u00e4nds f\u00f6r att styra skopans r\u00f6relse i tunga maskiner, s\u00e5som gr\u00e4vmaskiner, traktorgr\u00e4vmaskiner och frontlastare. Dess prim\u00e4ra funktion \u00e4r att l\u00e5ta skopan lyftas, s\u00e4nkas och lutas, vilket g\u00f6r det enklare att utf\u00f6ra olika materialhanteringsuppgifter. I hydraulsystemet uppn\u00e5r skopcylindern exakt kontroll \u00f6ver skopans r\u00f6relse genom f\u00f6r\u00e4ndringar i hydrauloljetrycket, vilket g\u00f6r det m\u00f6jligt f\u00f6r f\u00f6rare att effektivt hantera tunga laster, anpassa sig till komplexa arbetsmilj\u00f6er och olika arbetskrav.<\/p>\n<p><img decoding=\"async\" src=\"https:\/\/www.hydraulic-cylinders.net\/wp-content\/uploads\/2025\/01\/songte-company-2.webp\" alt=\"Bild av skopcylinder\"><\/p>\n<h2>Drag<\/h2>\n<ul>\n<li>H\u00f6g h\u00e5llfasthet och h\u00e5llbarhet: vanligtvis tillverkad av h\u00f6gh\u00e5llfast st\u00e5l eller aluminium, t\u00e5l h\u00f6gt tryck och tunga belastningar, l\u00e4mplig f\u00f6r tuffa arbetsmilj\u00f6er, konstruerad med slitstyrka och korrosionsbest\u00e4ndighet i \u00e5tanke, vilket f\u00f6rl\u00e4nger livsl\u00e4ngden.<\/li>\n<li>Effektiv hydraulisk drift: utnyttjar hydrauloljans tryck f\u00f6r att uppn\u00e5 smidiga ut- och sammandragningsr\u00f6relser, kan snabbt reagera p\u00e5 kontrollkommandon, ger kraftfull tryck- och dragkraft, l\u00e4mplig f\u00f6r hantering av tunga laster och komplexa arbetsuppgifter.<\/li>\n<li>Olika typer: enkelverkande (hydrauliska cylindrar anv\u00e4nds endast i en riktning) eller dubbelverkande (hydrauliska cylindrar anv\u00e4nds i b\u00e5da riktningarna) cylindrar kan v\u00e4ljas efter behov f\u00f6r att m\u00f6ta olika driftskrav. Vissa modeller \u00e4r teleskopiska, vilket m\u00f6jligg\u00f6r st\u00f6rre utdrag utan att \u00f6ka de yttersta m\u00e5tten, l\u00e4mpliga f\u00f6r applikationer med begr\u00e4nsat utrymme.<\/li>\n<li>Perfekt ers\u00e4ttning: v\u00e5r produkt kan vara en perfekt ers\u00e4ttning f\u00f6r dessa hydraulcylindrar.<\/li>\n<\/ul>\n<p><img decoding=\"async\" src=\"https:\/\/www.hydraulic-cylinders.net\/wp-content\/uploads\/2025\/01\/songte-cylinder-head-with-all-kinds-excavator-models.webp\" alt=\"Skopscylindermodeller\"><\/p>\n<h2>Applikationer<\/h2>\n<p><strong>Byggutrustning:<\/strong> I gr\u00e4vmaskiner \u00e4r de viktiga f\u00f6r att gr\u00e4va, lasta och flytta jord eller skr\u00e4p. I gr\u00e4vmaskiner med gr\u00e4vaggregat hj\u00e4lper skopcylindrar till b\u00e5de med gr\u00e4vning och lyft. F\u00f6r frontlastare underl\u00e4ttar de effektiv lyftning och dumpning av last.<\/p>\n<p><strong>Jordbruksmaskiner:<\/strong> Anv\u00e4nds i frontlastare f\u00f6r att \u00f6sa, lyfta och transportera jord, h\u00f6 och andra material. I gr\u00e4vmaskiner m\u00f6jligg\u00f6r skopcylindrar gr\u00e4vning genom att l\u00e5ta skopan tr\u00e4nga ner i jorden. I frontlastare hj\u00e4lper de till med att lyfta och dumpa gods effektivt.<\/p>\n<p><img decoding=\"async\" src=\"https:\/\/www.hydraulic-cylinders.net\/wp-content\/uploads\/2025\/01\/songte-chushion-collar.webp\" alt=\"Skopscylinderkrage\"><\/p>\n<h2>Design\u00f6verv\u00e4ganden och urvalskriterier<\/h2>\n<ul>\n<li>B\u00e4rf\u00f6rm\u00e5ga: Cylindern m\u00e5ste vara konstruerad f\u00f6r att motst\u00e5 den maximala belastning den f\u00f6rv\u00e4ntas b\u00e4ra.<\/li>\n<li>T\u00e4tning: Olika t\u00e4tningselement, s\u00e5som kolvt\u00e4tningar, kolvst\u00e5ngst\u00e4tningar etc., b\u00f6r anv\u00e4ndas f\u00f6r att f\u00f6rhindra l\u00e4ckage av hydraulolja.<\/li>\n<li>H\u00e5llbarhet: Cylindern m\u00e5ste vara konstruerad f\u00f6r att motst\u00e5 de tuffa arbetsf\u00f6rh\u00e5llanden den kommer att uts\u00e4ttas f\u00f6r, och f\u00f6r att motst\u00e5 slitage och korrosion f\u00f6r att f\u00f6rl\u00e4nga dess livsl\u00e4ngd.<\/li>\n<li>S\u00e4kerhet: S\u00e4kerhetsmekanismer b\u00f6r inf\u00f6rlivas i konstruktionen f\u00f6r att f\u00f6rhindra olyckor under drift.<\/li>\n<li>Underh\u00e5llbarhet: Cylindern m\u00e5ste vara konstruerad f\u00f6r att m\u00f6jligg\u00f6ra enkelt underh\u00e5ll och reparation.<\/li>\n<\/ul>\n<p><img decoding=\"async\" src=\"https:\/\/www.hydraulic-cylinders.net\/wp-content\/uploads\/2025\/01\/songte-oil-pipes-and-spare-parts.webp\" alt=\"Reservdelar till skopa\"><\/p>\n<h2>T\u00e4tning och sm\u00f6rjning<\/h2>\n<p>Olika t\u00e4tningselement b\u00f6r anv\u00e4ndas f\u00f6r att f\u00f6rhindra l\u00e4ckage av hydraulolja. Polyuretan, nitrilgummi och andra slitstarka material anv\u00e4nds ofta f\u00f6r t\u00e4tningar. Cylinderhuset och de g\u00e4ngade \u00e4ndytorna \u00e4r finbearbetade f\u00f6r att f\u00f6rb\u00e4ttra slitstyrkan. Sm\u00f6rjning uppn\u00e5s genom att regelbundet tills\u00e4tta en l\u00e4mplig m\u00e4ngd hydraulolja.<\/p>\n<h2>Inspektion, f\u00f6rebyggande underh\u00e5ll<\/h2>\n<p>Regelbunden inspektion och f\u00f6rebyggande underh\u00e5lls\u00e5tg\u00e4rder b\u00f6r vidtas f\u00f6r att s\u00e4kerst\u00e4lla att cylindern fungerar korrekt. Vanliga underh\u00e5llsuppgifter inkluderar sm\u00f6rjning, byte av t\u00e4tningar och kalibreringskontroller. Korrekt installation, sm\u00f6rjning och justering \u00e4r avg\u00f6rande f\u00f6r att f\u00f6rl\u00e4nga cylinderns livsl\u00e4ngd. Korrekt uppriktningsv\u00e4gledning under installationen och anv\u00e4ndning av l\u00e4mpliga installationsf\u00e4sten f\u00f6r att s\u00e4kra cylindern rekommenderas. Rekommenderade inspektions-, reparations- och utbytesprocedurer finns tillg\u00e4ngliga, tillsammans med ombyggnadstj\u00e4nster och tips f\u00f6r att \u00f6ka cylinderns livsl\u00e4ngd.<\/p>\n<p><img decoding=\"async\" src=\"https:\/\/www.hydraulic-cylinders.net\/wp-content\/uploads\/2025\/01\/songte-bushings-with-all-kinds-of-excavator-models.webp\" alt=\"Skopscylinderbussningar\"><\/p>\n<h2>S\u00e4kerhets- och milj\u00f6h\u00e4nsyn<\/h2>\n<p>Vikten av s\u00e4kerhets\u00e5tg\u00e4rder vid anv\u00e4ndning av hydraulcylindrar, inklusive korrekt installation och anv\u00e4ndning, kan inte nog betonas. Korrekt avfallshantering \u00e4r avg\u00f6rande f\u00f6r att minimera milj\u00f6risker.<\/p>\n<h2>Fels\u00f6kning och vanliga problem<\/h2>\n<p>Vanliga problem med hydraulcylindrar inkluderar l\u00e4ckor, slitna t\u00e4tningar och f\u00f6roreningar av hydraulv\u00e4tskan. Fels\u00f6knings- och probleml\u00f6sningstips finns tillg\u00e4ngliga f\u00f6r att hj\u00e4lpa till med diagnos och l\u00f6sning av vanliga problem. Regelbundet underh\u00e5ll kan bidra till att f\u00f6rhindra potentiella problem.<\/p>\n<h2>Om oss<\/h2>\n<p>Vi \u00e4r en tillverkare av hydraulcylindrar f\u00f6r reservdelar med ett komplett produktsortiment och har blivit en av de ledande tillverkarna och grossistdistribut\u00f6rerna av hydraulcylindrar p\u00e5 inhemska och internationella marknader. Vi f\u00f6ljer principen om h\u00f6gsta kvalitet, f\u00f6rlitar oss p\u00e5 industrialiserade produktionsstrategier baserade p\u00e5 fina tillverkningsverkst\u00e4der och f\u00f6rb\u00e4ttrar kontinuerligt tillverkningsplattformen och finslipar produktkvaliteten genom anv\u00e4ndning av tekniska talanger, digital avancerad tillverkningsutrustning och till\u00e4mpning av professionella testsystem. Med en stark innovationsf\u00f6rm\u00e5ga f\u00f6rser vi kunderna med effektiva, precisa och h\u00f6gkvalitativa produkter f\u00f6r att m\u00f6ta olika behov. <\/p>\n<p><img decoding=\"async\" src=\"https:\/\/hzpt.com\/wp-content\/uploads\/2024\/11\/songte-company-1.webp\" alt=\"V\u00e5rt f\u00f6retag\"><\/p>\n<h3>V\u00e5r professionalism:<\/h3>\n<p>Vi har ett team av erfarna yrkesm\u00e4n inom omr\u00e5det hydraulcylindrar som tillhandah\u00e5ller teknisk support och l\u00f6sningar till v\u00e5ra kunder.<\/p>\n<h3>Internationell certifiering:<\/h3>\n<p>V\u00e5ra produkter \u00e4r certifierade av internationella standardiseringsorganisationer, vilket garanterar deras kvalitet och tillf\u00f6rlitlighet.<\/p>\n<h3>Anpassningstj\u00e4nster:<\/h3>\n<p>Vi erbjuder anpassningstj\u00e4nster f\u00f6r att m\u00f6ta v\u00e5ra kunders unika krav.<\/p>\n<h3>Produktionsutrustning:<\/h3>\n<p>V\u00e5r toppmoderna produktionsutrustning s\u00e4kerst\u00e4ller v\u00e5ra produkters h\u00f6ga kvalitet och effektivitet.<\/p>\n<h3>Eftermarknadsservice:<\/h3>\n<p>Vi erbjuder omfattande eftermarknadsservice och teknisk support, vilket s\u00e4kerst\u00e4ller kundn\u00f6jdhet.<\/p>\n<p><img decoding=\"async\" src=\"https:\/\/www.hydraulic-cylinders.net\/wp-content\/uploads\/2025\/01\/songte-company-3.webp\" alt=\"V\u00e5rt f\u00f6retag 2\"><\/p>\n<p><em>F\u00f6rfattare: lyl<\/em><\/p>","protected":false},"excerpt":{"rendered":"<p>Bucket Cylinder For Bobcat Small Excavator E26 Introduction A bucket cylinder for a Bobcat small excavator E26 is a type of specialized hydraulic cylinder primarily utilized to control the movement of the bucket in heavy machinery, such as excavators, backhoe excavators, and front loaders. Its primary function is to allow the bucket to be lifted, [&hellip;]<\/p>","protected":false},"featured_media":14762,"comment_status":"open","ping_status":"closed","template":"","meta":{"_et_pb_use_builder":"","_et_pb_old_content":"","_et_gb_content_width":""},"product_brand":[],"product_cat":[1494],"product_tag":[1495,1496],"class_list":{"0":"post-15685","1":"product","2":"type-product","3":"status-publish","4":"has-post-thumbnail","6":"product_cat-bucket-cylinders","7":"product_tag-bucket-cylinders","8":"product_tag-hydraulic-cylinders","10":"first","11":"instock","12":"shipping-taxable","13":"product-type-simple"},"amp_enabled":true,"_links":{"self":[{"href":"https:\/\/www.hydraulic-cylinders.net\/sv\/wp-json\/wp\/v2\/product\/15685","targetHints":{"allow":["GET"]}}],"collection":[{"href":"https:\/\/www.hydraulic-cylinders.net\/sv\/wp-json\/wp\/v2\/product"}],"about":[{"href":"https:\/\/www.hydraulic-cylinders.net\/sv\/wp-json\/wp\/v2\/types\/product"}],"replies":[{"embeddable":true,"href":"https:\/\/www.hydraulic-cylinders.net\/sv\/wp-json\/wp\/v2\/comments?post=15685"}],"wp:featuredmedia":[{"embeddable":true,"href":"https:\/\/www.hydraulic-cylinders.net\/sv\/wp-json\/wp\/v2\/media\/14762"}],"wp:attachment":[{"href":"https:\/\/www.hydraulic-cylinders.net\/sv\/wp-json\/wp\/v2\/media?parent=15685"}],"wp:term":[{"taxonomy":"product_brand","embeddable":true,"href":"https:\/\/www.hydraulic-cylinders.net\/sv\/wp-json\/wp\/v2\/product_brand?post=15685"},{"taxonomy":"product_cat","embeddable":true,"href":"https:\/\/www.hydraulic-cylinders.net\/sv\/wp-json\/wp\/v2\/product_cat?post=15685"},{"taxonomy":"product_tag","embeddable":true,"href":"https:\/\/www.hydraulic-cylinders.net\/sv\/wp-json\/wp\/v2\/product_tag?post=15685"}],"curies":[{"name":"wp","href":"https:\/\/api.w.org\/{rel}","templated":true}]}}