{"id":15692,"date":"2025-01-19T14:51:05","date_gmt":"2025-01-19T14:51:05","guid":{"rendered":"https:\/\/www.hydraulic-cylinders.net\/product\/bucket-cylinder-for-bobcat-small-excavator-e35i\/"},"modified":"2025-01-19T14:51:08","modified_gmt":"2025-01-19T14:51:08","slug":"bucket-cylinder-for-bobcat-small-excavator-e35i","status":"publish","type":"product","link":"https:\/\/www.hydraulic-cylinders.net\/sv\/produkt\/bucket-cylinder-for-bobcat-small-excavator-e35i\/","title":{"rendered":"Skopscylinder f\u00f6r Bobcat liten gr\u00e4vmaskin E35i"},"content":{"rendered":"<h1>Skopscylinder f\u00f6r Bobcat liten gr\u00e4vmaskin E35i<\/h1>\n<h2>Introduktion<\/h2>\n<p>Skopcylindern till en liten Bobcat-gr\u00e4vmaskin E35i \u00e4r en specialiserad hydraulcylinder som huvudsakligen anv\u00e4nds f\u00f6r att styra skopans r\u00f6relse i tunga maskiner som gr\u00e4vmaskiner, gr\u00e4vlastare och frontlastare. Dess prim\u00e4ra funktion \u00e4r att g\u00f6ra det m\u00f6jligt att lyfta, s\u00e4nka och luta skopan, vilket g\u00f6r det enkelt att hantera olika materialhanteringsuppgifter. I hydraulsystemet uppn\u00e5r skopcylindern exakt kontroll \u00f6ver skopan genom f\u00f6r\u00e4ndringar i hydrauloljetrycket, vilket g\u00f6r det m\u00f6jligt f\u00f6r f\u00f6rare att effektivt hantera tunga laster och anpassa sig till komplexa arbetsmilj\u00f6er och olika driftsbehov.<\/p>\n<p><img decoding=\"async\" src=\"https:\/\/www.hydraulic-cylinders.net\/wp-content\/uploads\/2025\/01\/songte-company-2.webp\" alt=\"Skopscylinder f\u00f6r Bobcat liten gr\u00e4vmaskin E35i\"><\/p>\n<h2>Drag<\/h2>\n<ul>\n<li>H\u00f6g h\u00e5llfasthet och h\u00e5llbarhet: Vanligtvis tillverkad av h\u00f6gh\u00e5llfast st\u00e5l eller aluminium, t\u00e5l h\u00f6gt tryck och tunga belastningar, l\u00e4mplig f\u00f6r tuffa arbetsmilj\u00f6er, konstruerad med slitstyrka och korrosionsbest\u00e4ndighet i \u00e5tanke, vilket f\u00f6rl\u00e4nger dess livsl\u00e4ngd.<\/li>\n<li>Effektiv hydraulisk drift: Smidiga ut- och sammandragningsr\u00f6relser uppn\u00e5s med hj\u00e4lp av hydrauloljetryck, vilket kan reagera snabbt p\u00e5 styrkommandon, ge kraftfull tryck- och dragkraft och vara l\u00e4mpligt f\u00f6r hantering av tunga laster och komplexa driftsuppgifter.<\/li>\n<li>Olika typer: Enkelverkande (hydrauliska cylindrar anv\u00e4nds endast i en riktning) eller dubbelverkande (hydrauliska cylindrar anv\u00e4nds i b\u00e5da riktningarna) cylindrar kan v\u00e4ljas efter behov f\u00f6r att m\u00f6ta olika driftskrav. Vissa modeller \u00e4r teleskopiska, vilket m\u00f6jligg\u00f6r st\u00f6rre utdrag utan att \u00f6ka de yttersta m\u00e5tten, vilket g\u00f6r dem l\u00e4mpliga f\u00f6r applikationer med begr\u00e4nsat utrymme.<\/li>\n<li>Enkelt underh\u00e5ll och reparation: V\u00e5ra produkter kan perfekt ers\u00e4tta dessa hydraulcylindrar. <\/li>\n<li>Anpassningsbar: V\u00e5rt f\u00f6retag kan erbjuda kundanpassade tj\u00e4nster efter kundernas behov, s\u00e5som olika storlekar, former och material p\u00e5 skopor, vilket ger kunderna en komplett upps\u00e4ttning hydrauliska systeml\u00f6sningar. <\/li>\n<\/ul>\n<p><img decoding=\"async\" src=\"https:\/\/www.hydraulic-cylinders.net\/wp-content\/uploads\/2025\/01\/songte-cylinder-head-with-all-kinds-excavator-models.webp\" alt=\"Skopscylinder f\u00f6r Bobcat liten gr\u00e4vmaskin E35i\"><\/p>\n<h2>Applikationer<\/h2>\n<p>Skopcylindern till Bobcat liten gr\u00e4vmaskin E35i anv\u00e4nds ofta i olika tunga maskiner, inklusive:<\/p>\n<ul>\n<li>Byggmaskiner: Gr\u00e4vmaskiner, traktorgr\u00e4vare och frontlastare f\u00f6rlitar sig p\u00e5 dem f\u00f6r att gr\u00e4va, lasta och flytta jord eller skr\u00e4p. I traktorgr\u00e4vare hj\u00e4lper skopcylindrar till med b\u00e5de gr\u00e4vning och lyftning. <\/li>\n<li>Jordbruksmaskiner: Anv\u00e4nds i frontlastare f\u00f6r att \u00f6sa, lyfta och transportera jord, h\u00f6 och andra material. <\/li>\n<li>Gr\u00e4vmaskiner: Skopscylindrar m\u00f6jligg\u00f6r gr\u00e4vning genom att l\u00e5ta skopan tr\u00e4nga ner i jorden. <\/li>\n<li>Lastare: Frontlastare hj\u00e4lper till med att lyfta och dumpa gods effektivt. <\/li>\n<\/ul>\n<p>Varje till\u00e4mpning av skopcylindern f\u00f6r Bobcat liten gr\u00e4vmaskin E35i beskrivs i detalj nedan:<\/p>\n<ul>\n<li><strong>Byggutrustning:<\/strong> I gr\u00e4vmaskiner anv\u00e4nds skopcylindrar f\u00f6r att styra skopans r\u00f6relse. Mer specifikt g\u00f6r skopcylindrar att skopan kan gr\u00e4va djupt ner i marken och smidigt lasta skr\u00e4pet in i lastbilen. I gr\u00e4vlastare anv\u00e4nds skopcylindrar f\u00f6r att styra b\u00e5de gr\u00e4vnings- och lyftr\u00f6relserna.<\/li>\n<li><strong>Jordbruksmaskiner:<\/strong> I jordbruksmaskiner anv\u00e4nds skopcylindrar i frontlastare f\u00f6r att skopa, lyfta och transportera jord, h\u00f6 och andra material. Skopcylindrar hj\u00e4lper lantbrukare att utf\u00f6ra n\u00f6dv\u00e4ndiga uppgifter effektivt och snabbt.<\/li>\n<li><strong>Gr\u00e4vmaskiner:<\/strong> Skopscylindrar m\u00f6jligg\u00f6r gr\u00e4vning genom att l\u00e5ta skopan tr\u00e4nga ner i jorden. Gr\u00e4vmaskiner anv\u00e4nds ofta p\u00e5 byggarbetsplatser och i gruvdrift.<\/li>\n<li><strong>Lastare:<\/strong> I frontlastare m\u00f6jligg\u00f6r skopcylindrar effektiv lyftning och dumpning av gods. Lastare anv\u00e4nds ofta p\u00e5 byggarbetsplatser och i gruvdrift.<\/li>\n<\/ul>\n<h2>Design\u00f6verv\u00e4ganden och urvalskriterier<\/h2>\n<p>N\u00e4r man v\u00e4ljer skopcylinder till Bobcat liten gr\u00e4vmaskin E35i b\u00f6r flera design\u00f6verv\u00e4ganden och urvalskriterier beaktas:<\/p>\n<ul>\n<li>B\u00e4rf\u00f6rm\u00e5ga: Skopscylindern ska kunna motst\u00e5 den belastning den kommer att uts\u00e4ttas f\u00f6r under anv\u00e4ndning.<\/li>\n<li>T\u00e4tningsprestanda: Skopscylindern b\u00f6r vara konstruerad med korrekt t\u00e4tning f\u00f6r att f\u00f6rhindra l\u00e4ckage av hydraulv\u00e4tska och fuktintr\u00e5ng.<\/li>\n<li>H\u00e5llbarhet: Skopscylindern b\u00f6r vara tillverkad av h\u00f6gkvalitativa material f\u00f6r att motst\u00e5 tuffa milj\u00f6f\u00f6rh\u00e5llanden och upprepad, intensiv anv\u00e4ndning.<\/li>\n<li>S\u00e4kerhet: Skopscylindern b\u00f6r konstrueras med s\u00e4kerhet i \u00e5tanke, inklusive korrekt montering och skydd mot oavsiktlig skada eller personskada.<\/li>\n<li>Underh\u00e5ll och reparation: Skopscylindern b\u00f6r konstrueras med tanke p\u00e5 enkelt underh\u00e5ll och reparation, inklusive enkel demontering och montering av komponenter.<\/li>\n<\/ul>\n<p><img decoding=\"async\" src=\"https:\/\/www.hydraulic-cylinders.net\/wp-content\/uploads\/2025\/01\/songte-oil-pipes-and-spare-parts.webp\" alt=\"Skopscylinder f\u00f6r Bobcat liten gr\u00e4vmaskin E35i\"><\/p>\n<h2>T\u00e4tning och sm\u00f6rjning<\/h2>\n<p>Skopscylindern till Bobcat liten gr\u00e4vmaskin E35i kr\u00e4ver korrekt t\u00e4tning och sm\u00f6rjning f\u00f6r att fungera effektivt och f\u00f6rl\u00e4nga livsl\u00e4ngden. Flera \u00e5tg\u00e4rder b\u00f6r vidtas, inklusive:<\/p>\n<ul>\n<li>Anv\u00e4ndning av olika t\u00e4tningar: s\u00e5som kolvt\u00e4tningar, kolvst\u00e5ngst\u00e4tningar och avstrykart\u00e4tningar. Dessa t\u00e4tningar b\u00f6r vara tillverkade av slitstarka material som polyuretan och nitrilgummi.<\/li>\n<li>S\u00e4kerst\u00e4llande av korrekt ytbehandling: Cylinderhuset och de g\u00e4ngade \u00e4ndytorna b\u00f6r finbearbetas f\u00f6r att f\u00f6rb\u00e4ttra slitstyrkan.<\/li>\n<li>Anv\u00e4ndning av l\u00e4mplig hydraulolja: R\u00e4tt hydraulolja b\u00f6r regelbundet fyllas p\u00e5 i cylindern f\u00f6r att s\u00e4kerst\u00e4lla korrekt sm\u00f6rjning. <\/li>\n<\/ul>\n<h2>F\u00f6rebyggande underh\u00e5ll och reparation<\/h2>\n<p>Regelbunden inspektion och f\u00f6rebyggande underh\u00e5ll kan avsev\u00e4rt f\u00f6rl\u00e4nga livsl\u00e4ngden p\u00e5 skopcylindern till Bobcat Small Excavator E35i. Flera \u00e5tg\u00e4rder b\u00f6r vidtas, inklusive:<\/p>\n<ul>\n<li>Regelbunden inspektion: Kontrollera regelbundet skopcylindern f\u00f6r l\u00e4ckor, slitage och skador.<\/li>\n<li>Korrekt sm\u00f6rjning: Sm\u00f6rj skopcylindern ordentligt f\u00f6r att f\u00f6rhindra slitage.<\/li>\n<li>Packningsbyte: Byt ut slitna eller skadade t\u00e4tningar f\u00f6r att f\u00f6rhindra hydraull\u00e4ckage.<\/li>\n<li>Kalibreringskontroll: Kontrollera skopcylinderns kalibrering f\u00f6r att s\u00e4kerst\u00e4lla korrekt prestanda.<\/li>\n<\/ul>\n<h2>Produktinstallationsguide<\/h2>\n<p>Korrekt installation av skopcylindern f\u00f6r Bobcat liten gr\u00e4vmaskin E35i \u00e4r avg\u00f6rande f\u00f6r att s\u00e4kerst\u00e4lla korrekt drift och s\u00e4kerhet. Flera steg b\u00f6r f\u00f6ljas under installationen, inklusive:<\/p>\n<ul>\n<li>Korrekt inriktning av cylindern: S\u00e4kerst\u00e4ll att cylindern \u00e4r korrekt inriktad mot maskinens hydraulsystem.<\/li>\n<li>Anv\u00e4ndning av l\u00e4mpliga monteringsf\u00e4sten: Anv\u00e4nd l\u00e4mpliga monteringsf\u00e4sten f\u00f6r att f\u00e4sta cylindern ordentligt p\u00e5 maskinen.<\/li>\n<li>Rekommendation f\u00f6r installationsprocedur: F\u00f6lj rekommenderade installationsprocedurer f\u00f6r att undvika skador eller personskador.<\/li>\n<\/ul>\n<h2>Vanliga underh\u00e5llsuppgifter<\/h2>\n<p>Flera vanliga underh\u00e5llsuppgifter b\u00f6r utf\u00f6ras regelbundet f\u00f6r att s\u00e4kerst\u00e4lla korrekt drift och f\u00f6rl\u00e4nga livsl\u00e4ngden f\u00f6r skopcylindern till Bobcat liten gr\u00e4vmaskin E35i, inklusive:<\/p>\n<ul>\n<li>Regelbunden inspektion: Kontrollera regelbundet skopcylindern f\u00f6r l\u00e4ckor, slitage och skador.<\/li>\n<li>Korrekt sm\u00f6rjning: Sm\u00f6rj skopcylindern ordentligt f\u00f6r att f\u00f6rhindra slitage.<\/li>\n<li>Packningsbyte: Byt ut slitna eller skadade t\u00e4tningar f\u00f6r att f\u00f6rhindra hydraull\u00e4ckage.<\/li>\n<\/ul>\n<p><img decoding=\"async\" src=\"https:\/\/www.hydraulic-cylinders.net\/wp-content\/uploads\/2025\/01\/songte-chushion-collar.webp\" alt=\"Skopscylinder f\u00f6r Bobcat liten gr\u00e4vmaskin E35i\"><\/p>\n<h2>S\u00e4kerhets- och milj\u00f6h\u00e4nsyn<\/h2>\n<p>S\u00e4kerhet \u00e4r av st\u00f6rsta vikt n\u00e4r man anv\u00e4nder skopcylindern till Bobcat liten gr\u00e4vmaskin E35i. Flera s\u00e4kerhets\u00e5tg\u00e4rder b\u00f6r vidtas, inklusive:<\/p>\n<ul>\n<li>Korrekt utbildning: Endast utbildad personal f\u00e5r anv\u00e4nda och underh\u00e5lla skopcylindern.<\/li>\n<li>Korrekt anv\u00e4ndning: Skopscylindern ska endast anv\u00e4ndas f\u00f6r avsett \u00e4ndam\u00e5l, och operat\u00f6rer ska f\u00f6lja alla s\u00e4kerhets\u00e5tg\u00e4rder.<\/li>\n<\/ul>\n<h2>Feldiagnos och fels\u00f6kning<\/h2>\n<p>Flera fel kan uppst\u00e5 under drift av skopcylindern f\u00f6r Bobcat liten gr\u00e4vmaskin E35i. Dessa fel inkluderar:<\/p>\n<ul>\n<li>L\u00e4ckage: L\u00e4ckage kan uppst\u00e5 p\u00e5 grund av slitna t\u00e4tningar eller skadade komponenter.<\/li>\n<li>D\u00e5lig prestanda: D\u00e5lig prestanda kan uppst\u00e5 p\u00e5 grund av otillr\u00e4cklig hydraulv\u00e4tska, skadade komponenter eller kalibreringsproblem.<\/li>\n<\/ul>\n<p>F\u00f6r att \u00e5tg\u00e4rda dessa fel b\u00f6r flera fels\u00f6knings\u00e5tg\u00e4rder vidtas, inklusive:<\/p>\n<ul>\n<li>Inspektion: Kontrollera cylindern f\u00f6r l\u00e4ckor, skador eller slitage.<\/li>\n<li>Utbyte: Byt ut slitna eller skadade komponenter efter behov.<\/li>\n<li>Kalibrering: Kalibrera cylindern f\u00f6r att s\u00e4kerst\u00e4lla korrekt prestanda.<\/li>\n<\/ul>\n<p><img decoding=\"async\" src=\"https:\/\/www.hydraulic-cylinders.net\/wp-content\/uploads\/2025\/01\/songte-bushings-with-all-kinds-of-excavator-models.webp\" alt=\"Skopscylinder f\u00f6r Bobcat liten gr\u00e4vmaskin E35i\"><\/p>\n<h2>Om v\u00e5rt f\u00f6retag<\/h2>\n<p>Vi \u00e4r en tillverkare av hydraulcylindrar f\u00f6r reservdelar. V\u00e5rt f\u00f6retag erbjuder ett komplett sortiment av hydraulcylindrar, vilket g\u00f6r oss till en av de ledande tillverkarna och grossistdistribut\u00f6rerna av hydraulcylindrar p\u00e5 den inhemska och internationella marknaden. Vi f\u00f6ljer principerna om utm\u00e4rkt kvalitet och f\u00f6rlitar oss p\u00e5 den industrialiserade produktionsstrategin hos fintillverkningsverkst\u00e4der. Med till\u00e4mpning av tekniska talanger, digital avancerad tillverkningsutrustning och professionella testsystem f\u00f6rb\u00e4ttrar v\u00e5rt f\u00f6retag kontinuerligt verkstadens tillverkningsplattform, full\u00e4ndar produktkvaliteten och har stark innovationsf\u00f6rm\u00e5ga. Vi tillhandah\u00e5ller h\u00f6geffektiva, h\u00f6gprecisions- och h\u00f6gkvalitativa produkter f\u00f6r att m\u00f6ta kundernas olika behov.<\/p>\n<h3>V\u00e5rt f\u00f6retags professionalism<\/h3>\n<p>V\u00e5rt f\u00f6retag har ett team av experter med gedigen erfarenhet av hydrauliska systeml\u00f6sningar. V\u00e5rt kvalitetsledningssystem \u00e4r certifierat enligt ISO9001, vilket s\u00e4kerst\u00e4ller att v\u00e5ra produkter h\u00e5ller h\u00f6gsta kvalitet.<\/p>\n<h3>V\u00e5rt f\u00f6retags anpassningstj\u00e4nster<\/h3>\n<p>V\u00e5rt f\u00f6retag erbjuder skr\u00e4ddarsydda tj\u00e4nster efter kundernas behov, s\u00e5som olika storlekar, former och material p\u00e5 skopor, vilket ger kunderna en komplett upps\u00e4ttning hydrauliska systeml\u00f6sningar.<\/p>\n<h3>V\u00e5rt f\u00f6retags produktionsutrustning<\/h3>\n<p>V\u00e5rt f\u00f6retag har en komplett upps\u00e4ttning produktionsutrustning, inklusive svarvar, fr\u00e4sar och borrmaskiner med numerisk styrning, vilket s\u00e4kerst\u00e4ller att v\u00e5ra produkter produceras med h\u00f6gsta precision.<\/p>\n<h3>V\u00e5rt f\u00f6retags eftermarknadsservice<\/h3>\n<p>V\u00e5rt f\u00f6retag erbjuder eftermarknadsservice och s\u00e4kerst\u00e4ller att v\u00e5ra kunder f\u00e5r h\u00f6gsta m\u00f6jliga niv\u00e5 av teknisk support, inklusive snabba reservdelsbyten, teknisk r\u00e5dgivning och underh\u00e5ll.<\/p>\n<p><img decoding=\"async\" src=\"https:\/\/www.hydraulic-cylinders.net\/wp-content\/uploads\/2025\/01\/songte-company-3.webp\" alt=\"Skopscylinder f\u00f6r Bobcat liten gr\u00e4vmaskin E35i\"><\/p>\n<p>F\u00f6rfattare: lyl<\/p>","protected":false},"excerpt":{"rendered":"<p>Bucket Cylinder For Bobcat Small Excavator E35i Introduction The bucket cylinder for a Bobcat small excavator E35i is a specialized hydraulic cylinder mainly used to control the movement of the bucket in heavy machinery such as excavators, backhoe loaders, and front-end loaders. Its primary function is to enable the bucket to lift, lower, and tilt, [&hellip;]<\/p>","protected":false},"featured_media":14782,"comment_status":"open","ping_status":"closed","template":"","meta":{"_et_pb_use_builder":"","_et_pb_old_content":"","_et_gb_content_width":""},"product_brand":[],"product_cat":[1494],"product_tag":[1495,1496],"class_list":{"0":"post-15692","1":"product","2":"type-product","3":"status-publish","4":"has-post-thumbnail","6":"product_cat-bucket-cylinders","7":"product_tag-bucket-cylinders","8":"product_tag-hydraulic-cylinders","10":"first","11":"instock","12":"shipping-taxable","13":"product-type-simple"},"amp_enabled":true,"_links":{"self":[{"href":"https:\/\/www.hydraulic-cylinders.net\/sv\/wp-json\/wp\/v2\/product\/15692","targetHints":{"allow":["GET"]}}],"collection":[{"href":"https:\/\/www.hydraulic-cylinders.net\/sv\/wp-json\/wp\/v2\/product"}],"about":[{"href":"https:\/\/www.hydraulic-cylinders.net\/sv\/wp-json\/wp\/v2\/types\/product"}],"replies":[{"embeddable":true,"href":"https:\/\/www.hydraulic-cylinders.net\/sv\/wp-json\/wp\/v2\/comments?post=15692"}],"wp:featuredmedia":[{"embeddable":true,"href":"https:\/\/www.hydraulic-cylinders.net\/sv\/wp-json\/wp\/v2\/media\/14782"}],"wp:attachment":[{"href":"https:\/\/www.hydraulic-cylinders.net\/sv\/wp-json\/wp\/v2\/media?parent=15692"}],"wp:term":[{"taxonomy":"product_brand","embeddable":true,"href":"https:\/\/www.hydraulic-cylinders.net\/sv\/wp-json\/wp\/v2\/product_brand?post=15692"},{"taxonomy":"product_cat","embeddable":true,"href":"https:\/\/www.hydraulic-cylinders.net\/sv\/wp-json\/wp\/v2\/product_cat?post=15692"},{"taxonomy":"product_tag","embeddable":true,"href":"https:\/\/www.hydraulic-cylinders.net\/sv\/wp-json\/wp\/v2\/product_tag?post=15692"}],"curies":[{"name":"wp","href":"https:\/\/api.w.org\/{rel}","templated":true}]}}