{"id":15693,"date":"2025-01-19T14:51:10","date_gmt":"2025-01-19T14:51:10","guid":{"rendered":"https:\/\/www.hydraulic-cylinders.net\/product\/bucket-cylinder-for-bobcat-small-excavator-e45\/"},"modified":"2025-01-19T14:51:14","modified_gmt":"2025-01-19T14:51:14","slug":"bucket-cylinder-for-bobcat-small-excavator-e45","status":"publish","type":"product","link":"https:\/\/www.hydraulic-cylinders.net\/sv\/produkt\/bucket-cylinder-for-bobcat-small-excavator-e45\/","title":{"rendered":"Skopscylinder f\u00f6r Bobcat liten gr\u00e4vmaskin E45"},"content":{"rendered":"<h2>Introduktion<\/h2>\n<h3>Skopscylinder f\u00f6r Bobcat liten gr\u00e4vmaskin E45<\/h3>\n<p>En skopcylinder \u00e4r en specialiserad hydraulcylinder som fr\u00e4mst anv\u00e4nds f\u00f6r att styra r\u00f6relsen hos skopor i tunga maskiner som gr\u00e4vmaskiner, traktorgr\u00e4vare och frontlastare. Dess huvudsakliga funktion \u00e4r att g\u00f6ra det m\u00f6jligt att lyfta, s\u00e4nka och luta skopan, vilket g\u00f6r materialhanteringsuppgifter enklare. I hydraulsystemet anv\u00e4nder skopcylindern tryckf\u00f6r\u00e4ndringen fr\u00e5n hydrauloljan f\u00f6r att exakt styra skopan, vilket g\u00f6r det m\u00f6jligt f\u00f6r operat\u00f6rer att effektivt hantera tunga f\u00f6rem\u00e5l och anpassa sig till komplexa arbetsmilj\u00f6er och olika driftsbehov.<\/p>\n<p><img decoding=\"async\" src=\"https:\/\/www.hydraulic-cylinders.net\/wp-content\/uploads\/2025\/01\/songte-company-2.webp\"\/><\/p>\n<h2>Drag<\/h2>\n<ul>\n<li>H\u00f6g h\u00e5llfasthet och h\u00e5llbarhet: Den \u00e4r vanligtvis tillverkad av h\u00f6gh\u00e5llfast st\u00e5l eller aluminium, t\u00e5l h\u00f6gt tryck och tunga belastningar, anpassar sig till tuffa arbetsmilj\u00f6er och \u00e4r konstruerad f\u00f6r slitage- och korrosionsbest\u00e4ndighet f\u00f6r att f\u00f6rl\u00e4nga dess livsl\u00e4ngd.<\/li>\n<li>Effektiv hydraulisk drift: Smidig ut- och indragningsr\u00f6relse uppn\u00e5s genom att utnyttja hydrauloljans tryck, vilket m\u00f6jligg\u00f6r snabb respons p\u00e5 kontrollkommandon och ger kraftfull tryck-\/dragkraft, l\u00e4mplig f\u00f6r hantering av tunga f\u00f6rem\u00e5l och komplexa driftsuppgifter.<\/li>\n<li>Olika typer: Enkelverkande (hydrauliska cylindrar anv\u00e4nds endast i en riktning) eller dubbelverkande (hydrauliska cylindrar anv\u00e4nds i b\u00e5da riktningarna) cylindrar kan v\u00e4ljas efter behov f\u00f6r att m\u00f6ta olika driftsbehov. Vissa modeller \u00e4r teleskopiska, vilket m\u00f6jligg\u00f6r st\u00f6rre utdrag utan att \u00f6ka de yttre m\u00e5tten, l\u00e4mpliga f\u00f6r utrymmesbegr\u00e4nsade till\u00e4mpningar.<\/li>\n<li>Direkt ers\u00e4ttning: V\u00e5r produkt kan perfekt ers\u00e4tta dessa hydraulcylindrar.<\/li>\n<\/ul>\n<p><img decoding=\"async\" src=\"https:\/\/www.hydraulic-cylinders.net\/wp-content\/uploads\/2025\/01\/songte-cylinder-head-with-all-kinds-excavator-models.webp\"\/><\/p>\n<h2>Applikationer<\/h2>\n<p>Skopscylindern anv\u00e4nds huvudsakligen i f\u00f6ljande till\u00e4mpningar:<\/p>\n<ul>\n<li>Byggmaskiner: I gr\u00e4vmaskiner \u00e4r de viktiga f\u00f6r att gr\u00e4va, lasta och flytta jord eller skr\u00e4p. I gr\u00e4vmaskiner med gr\u00e4vaggregat hj\u00e4lper skopcylindern till med b\u00e5de gr\u00e4vning och lyftning. I frontlastare hj\u00e4lper de till med att lyfta och luta gods effektivt.<\/li>\n<li>Jordbruksmaskiner: Anv\u00e4nds i frontlastare f\u00f6r att \u00f6sa, lyfta och transportera jord, h\u00f6 och andra material, gr\u00e4vmaskiner: Skopans cylinder uppn\u00e5r gr\u00e4vningsverkan genom att l\u00e5ta skopan tr\u00e4nga ner i jorden. <\/li>\n<\/ul>\n<p>Nedan f\u00f6ljer n\u00e5gra specifika exempel p\u00e5 hur skopcylindrar anv\u00e4nds i dessa applikationer:<\/p>\n<ul>\n<li>Entreprenadmaskiner: En skopcylinder anv\u00e4nds f\u00f6r att lyfta och luta skopan i gr\u00e4vmaskiner, vilket m\u00f6jligg\u00f6r b\u00e4ttre precision och kontroll vid materialhantering. I gr\u00e4vmaskiner med gr\u00e4vaggregat hj\u00e4lper skopcylindern till med b\u00e5de gr\u00e4vning och lyftning. I frontlastare hj\u00e4lper skopcylindern till att lyfta och luta gods effektivt.<\/li>\n<li>Jordbruksmaskiner: I frontlastare hj\u00e4lper skopcylindern till med att skopa, lyfta och transportera jord, h\u00f6 och andra material. I gr\u00e4vmaskiner uppn\u00e5r skopcylindern gr\u00e4vningseffekt genom att l\u00e5ta skopan tr\u00e4nga ner i jorden.<\/li>\n<\/ul>\n<h2>Design\u00f6verv\u00e4ganden och urvalskriterier<\/h2>\n<p>Vid val av skopcylindrar \u00e4r det viktigt att vara uppm\u00e4rksam p\u00e5 f\u00f6ljande design\u00f6verv\u00e4ganden och urvalskriterier:<\/p>\n<ul>\n<li>B\u00e4rf\u00f6rm\u00e5ga: Cylindern m\u00e5ste kunna motst\u00e5 de angivna belastningarna och krafterna.<\/li>\n<li>T\u00e4tningsegenskaper: God t\u00e4tning \u00e4r avg\u00f6rande f\u00f6r att f\u00f6rhindra oljel\u00e4ckage och cylinderskador.<\/li>\n<li>H\u00e5llbarhet: Cylindern ska kunna motst\u00e5 p\u00e5frestningarna vid h\u00e5rd anv\u00e4ndning och tuffa milj\u00f6er.<\/li>\n<li>S\u00e4kerhet: S\u00e4kerhetsanordningar m\u00e5ste finnas p\u00e5 plats f\u00f6r att f\u00f6rhindra olyckor eller skador under drift.<\/li>\n<li>Underh\u00e5llbarhet: Cylindern ska vara enkel att underh\u00e5lla och reparera f\u00f6r att minimera driftstopp och minska kostnaderna.<\/li>\n<\/ul>\n<p><img decoding=\"async\" src=\"https:\/\/www.hydraulic-cylinders.net\/wp-content\/uploads\/2025\/01\/songte-oil-pipes-and-spare-parts.webp\"\/><\/p>\n<h2>T\u00e4tning och sm\u00f6rjning<\/h2>\n<p>Skopscylindern anv\u00e4nder olika t\u00e4tningar, s\u00e5som kolvt\u00e4tningar och kolvst\u00e5ngst\u00e4tningar, tillverkade av slitstarka material som polyuretan och nitrilgummi, f\u00f6r att s\u00e4kerst\u00e4lla god t\u00e4tning. Cylinderhuset och g\u00e4ngytan \u00e4r fint bearbetade f\u00f6r att f\u00f6rb\u00e4ttra slitstyrkan. Regelbunden tillsats av l\u00e4mplig m\u00e4ngd hydraulolja f\u00f6r att sm\u00f6rja cylindern kan bidra till att f\u00f6rl\u00e4nga dess livsl\u00e4ngd.<\/p>\n<h2>Underh\u00e5ll och fels\u00f6kning<\/h2>\n<p>Regelbundet underh\u00e5ll \u00e4r avg\u00f6rande f\u00f6r att s\u00e4kerst\u00e4lla att skopcylindrarna fungerar korrekt. Vanliga underh\u00e5llsuppgifter inkluderar regelbundna inspektioner, sm\u00f6rjning, byte av t\u00e4tningar och kalibreringskontroller. Korrekt installation, sm\u00f6rjning och justering \u00e4r avg\u00f6rande f\u00f6r att s\u00e4kerst\u00e4lla skopcylinderns s\u00e4kra och effektiva drift. Det rekommenderas att anv\u00e4nda l\u00e4mpliga monteringsf\u00e4sten f\u00f6r att fixera cylindern p\u00e5 plats. Rekommenderade procedurer f\u00f6r inspektion, reparation och utbyte av komponenter tillhandah\u00e5lls ocks\u00e5 f\u00f6r att f\u00f6rb\u00e4ttra skopcylinderns livsl\u00e4ngd. <\/p>\n<p><img decoding=\"async\" src=\"https:\/\/www.hydraulic-cylinders.net\/wp-content\/uploads\/2025\/01\/songte-chushion-collar.webp\"\/><\/p>\n<h2>S\u00e4kerhetsaspekter och milj\u00f6faktorer<\/h2>\n<p>Vid anv\u00e4ndning av skopcylindrar \u00e4r det avg\u00f6rande att f\u00f6lja s\u00e4kerhetsriktlinjerna f\u00f6r att f\u00f6rhindra olyckor och skador. S\u00e4kerhetsfunktioner som tryckavlastningsventiler m\u00e5ste finnas p\u00e5 plats f\u00f6r att f\u00f6rhindra \u00f6verbelastning och minska risken f\u00f6r cylinderfel. Milj\u00f6faktorer som temperatur och fukt m\u00e5ste ocks\u00e5 beaktas, och l\u00e4mpliga \u00e5tg\u00e4rder m\u00e5ste vidtas f\u00f6r att s\u00e4kerst\u00e4lla cylinderns s\u00e4kra drift under dessa f\u00f6rh\u00e5llanden.<\/p>\n<p><img decoding=\"async\" src=\"https:\/\/hzpt.com\/wp-content\/uploads\/2024\/11\/songte-company-1.webp\"\/><\/p>\n<h2>Om oss<\/h2>\n<p>Vi \u00e4r en tillverkare av hydraulcylindrar f\u00f6r reservdelar med ett komplett utbud av produkttyper. Vi har blivit en av de ledande tillverkarna och grossistdistribut\u00f6rerna av hydraulcylindrar p\u00e5 den inhemska och internationella marknaden. V\u00e5rt f\u00f6retag f\u00f6ljer principen om h\u00f6gsta kvalitet och f\u00f6rlitar sig p\u00e5 den industrialiserade produktionsstrategin i en sofistikerad tillverkningsverkstad. Vi f\u00f6rb\u00e4ttrar kontinuerligt v\u00e5r tillverkningsplattform genom att anv\u00e4nda tekniska talanger, digital avancerad tillverkningsutrustning och professionella testsystem f\u00f6r att f\u00f6rb\u00e4ttra v\u00e5r produktkvalitet i produktionslinjen. Vi har en stark produktionskapacitet f\u00f6r att m\u00f6ta olika kunders behov med principerna om h\u00f6g effektivitet, h\u00f6g precision och h\u00f6g kvalitet.<\/p>\n<p>V\u00e5rt f\u00f6retag erbjuder professionella tj\u00e4nster, internationella certifieringar, kundanpassade produktionstj\u00e4nster, avancerad produktionsutrustning och eftermarknadsservice. <\/p>\n<p><img decoding=\"async\" src=\"https:\/\/www.hydraulic-cylinders.net\/wp-content\/uploads\/2025\/01\/songte-company-3.webp\"\/><\/p>\n<p>F\u00f6rfattare: lyl.<\/p>","protected":false},"excerpt":{"rendered":"<p>Introduction Bucket Cylinder For Bobcat Small Excavator E45 A bucket cylinder is a specialized hydraulic cylinder primarily used to control the movement of buckets in heavy machinery such as excavators, backhoe excavators, and front loaders. Its main function is to enable the bucket to be lifted, lowered, and tilted, making material handling tasks easier. In [&hellip;]<\/p>","protected":false},"featured_media":14780,"comment_status":"open","ping_status":"closed","template":"","meta":{"_et_pb_use_builder":"","_et_pb_old_content":"","_et_gb_content_width":""},"product_brand":[],"product_cat":[1494],"product_tag":[1495,1496],"class_list":{"0":"post-15693","1":"product","2":"type-product","3":"status-publish","4":"has-post-thumbnail","6":"product_cat-bucket-cylinders","7":"product_tag-bucket-cylinders","8":"product_tag-hydraulic-cylinders","10":"first","11":"instock","12":"shipping-taxable","13":"product-type-simple"},"amp_enabled":true,"_links":{"self":[{"href":"https:\/\/www.hydraulic-cylinders.net\/sv\/wp-json\/wp\/v2\/product\/15693","targetHints":{"allow":["GET"]}}],"collection":[{"href":"https:\/\/www.hydraulic-cylinders.net\/sv\/wp-json\/wp\/v2\/product"}],"about":[{"href":"https:\/\/www.hydraulic-cylinders.net\/sv\/wp-json\/wp\/v2\/types\/product"}],"replies":[{"embeddable":true,"href":"https:\/\/www.hydraulic-cylinders.net\/sv\/wp-json\/wp\/v2\/comments?post=15693"}],"wp:featuredmedia":[{"embeddable":true,"href":"https:\/\/www.hydraulic-cylinders.net\/sv\/wp-json\/wp\/v2\/media\/14780"}],"wp:attachment":[{"href":"https:\/\/www.hydraulic-cylinders.net\/sv\/wp-json\/wp\/v2\/media?parent=15693"}],"wp:term":[{"taxonomy":"product_brand","embeddable":true,"href":"https:\/\/www.hydraulic-cylinders.net\/sv\/wp-json\/wp\/v2\/product_brand?post=15693"},{"taxonomy":"product_cat","embeddable":true,"href":"https:\/\/www.hydraulic-cylinders.net\/sv\/wp-json\/wp\/v2\/product_cat?post=15693"},{"taxonomy":"product_tag","embeddable":true,"href":"https:\/\/www.hydraulic-cylinders.net\/sv\/wp-json\/wp\/v2\/product_tag?post=15693"}],"curies":[{"name":"wp","href":"https:\/\/api.w.org\/{rel}","templated":true}]}}