{"id":15699,"date":"2025-01-19T14:51:37","date_gmt":"2025-01-19T14:51:37","guid":{"rendered":"https:\/\/www.hydraulic-cylinders.net\/product\/bucket-cylinder-for-der-der323-8\/"},"modified":"2025-01-19T14:51:39","modified_gmt":"2025-01-19T14:51:39","slug":"bucket-cylinder-for-der-der323-8","status":"publish","type":"product","link":"https:\/\/www.hydraulic-cylinders.net\/sv\/produkt\/bucket-cylinder-for-der-der323-8\/","title":{"rendered":"Skopa Cylinder F\u00f6r DER DER323-8"},"content":{"rendered":"<h1>Skopa Cylinder F\u00f6r DER DER323-8<\/h1>\n<h2>Introduktion<\/h2>\n<p>Skopcylindern f\u00f6r DER DER323-8 \u00e4r en specialdesignad hydraulcylinder som anv\u00e4nds f\u00f6r att styra skopans r\u00f6relse i tunga maskiner som gr\u00e4vmaskiner, gr\u00e4vlastare och frontlastare. Dess huvudsakliga funktion \u00e4r att g\u00f6ra det m\u00f6jligt f\u00f6r skopan att lyfta, s\u00e4nka och luta, vilket m\u00f6jligg\u00f6r effektiv hantering av olika material. I hydraulsystemet uppn\u00e5r skopcylindern exakt kontroll \u00f6ver skopan genom att utnyttja tryckf\u00f6r\u00e4ndringarna i hydrauloljan, vilket g\u00f6r det m\u00f6jligt f\u00f6r f\u00f6rare att hantera tunga laster effektivt och anpassa sig till komplexa arbetsmilj\u00f6er och varierande arbetskrav.<\/p>\n<p><img decoding=\"async\" src=\"https:\/\/www.hydraulic-cylinders.net\/wp-content\/uploads\/2025\/01\/songte-company-2.webp\"><\/p>\n<h2>Drag<\/h2>\n<ul>\n<li>H\u00f6g h\u00e5llfasthet och h\u00e5llbarhet: Skopscylindern \u00e4r vanligtvis tillverkad av h\u00f6gh\u00e5llfast st\u00e5l eller aluminium och t\u00e5l h\u00f6gt tryck och tunga belastningar, vilket g\u00f6r den l\u00e4mplig f\u00f6r tuffa arbetsmilj\u00f6er. Konstruktionen tar h\u00e4nsyn till slitstyrka och korrosionsbest\u00e4ndighet, vilket f\u00f6rl\u00e4nger dess livsl\u00e4ngd.<\/li>\n<li>Effektiv hydraulisk drift: Genom att utnyttja hydrauloljans tryck uppn\u00e5r skopcylindern smidig ut- och inf\u00e4llning, vilket m\u00f6jligg\u00f6r snabb respons p\u00e5 styrkommandon och ger kraftfulla tryck- och dragkrafter, vilket g\u00f6r den l\u00e4mplig f\u00f6r hantering av tunga laster och komplexa uppgifter.<\/li>\n<li>Olika typer: Skopscylindern finns i enkelverkande (hydraultryck endast i en riktning) eller dubbelverkande (hydraultryck i b\u00e5da riktningarna) alternativ f\u00f6r att m\u00f6ta olika driftskrav. Vissa modeller \u00e4r teleskopiska, vilket m\u00f6jligg\u00f6r st\u00f6rre utbyggnad utan att \u00f6ka de yttre m\u00e5tten, vilket g\u00f6r dem l\u00e4mpliga f\u00f6r applikationer med begr\u00e4nsat utrymme.<\/li>\n<li>Perfekt ers\u00e4ttning: V\u00e5ra produkter kan ers\u00e4tta dessa hydraulcylindrar perfekt. <\/li>\n<\/ul>\n<p><img decoding=\"async\" src=\"https:\/\/www.hydraulic-cylinders.net\/wp-content\/uploads\/2025\/01\/songte-cylinder-head-with-all-kinds-excavator-models.webp\"><\/p>\n<h2>Applikationer<\/h2>\n<p>Skopscylindern f\u00f6r DER DER323-8 har olika till\u00e4mpningar i olika typer av utrustning:<\/p>\n<ul>\n<li>Byggutrustning: De finns i gr\u00e4vmaskiner och \u00e4r avg\u00f6rande f\u00f6r att gr\u00e4va, lasta och flytta jord eller skr\u00e4p. I gr\u00e4vlastare hj\u00e4lper skopcylindern till vid b\u00e5de gr\u00e4vning och lyftning.<\/li>\n<li>Jordbruksmaskiner: Anv\u00e4nds i frontlastare och hj\u00e4lper till med att \u00f6sa, lyfta och transportera jord, h\u00f6 och andra material.<\/li>\n<li>Gr\u00e4vmaskiner: Skopans cylinder m\u00f6jligg\u00f6r gr\u00e4vning genom att l\u00e5ta skopan tr\u00e4nga ner i jorden.<\/li>\n<li>Frontlastare: I frontlastare hj\u00e4lper de till att lyfta och luta gods effektivt.<\/li>\n<\/ul>\n<h2>Design\u00f6verv\u00e4ganden och urvalskriterier<\/h2>\n<p>N\u00e4r det g\u00e4ller design\u00f6verv\u00e4ganden och urvalskriterier f\u00f6r skopcylindern \u00e4r flera faktorer avg\u00f6rande:<\/p>\n<ul>\n<li>B\u00e4rf\u00f6rm\u00e5ga: Skopcylindern m\u00e5ste kunna motst\u00e5 de f\u00f6rv\u00e4ntade belastningarna utan att fela.<\/li>\n<li>T\u00e4tning: Olika t\u00e4tningskomponenter, s\u00e5som kolvt\u00e4tningar och kolvst\u00e5ngst\u00e4tningar, anv\u00e4nds f\u00f6r att s\u00e4kerst\u00e4lla l\u00e4ckagefri drift och f\u00f6rhindra kontaminering.<\/li>\n<li>H\u00e5llbarhet: Skopcylindern m\u00e5ste vara h\u00e5llbar f\u00f6r att klara av applikationens krav och s\u00e4kerst\u00e4lla en l\u00e5ng livsl\u00e4ngd.<\/li>\n<li>S\u00e4kerhet: S\u00e4kerhetsfunktioner b\u00f6r inf\u00f6rlivas i konstruktionen f\u00f6r att f\u00f6rhindra olyckor och s\u00e4kerst\u00e4lla operat\u00f6rsskydd.<\/li>\n<li>Underh\u00e5llbarhet: Konstruktionen ska underl\u00e4tta enkelt underh\u00e5ll och reparation, vilket m\u00f6jligg\u00f6r effektiv service och minimerar stillest\u00e5ndstid.<\/li>\n<\/ul>\n<p><img decoding=\"async\" src=\"https:\/\/www.hydraulic-cylinders.net\/wp-content\/uploads\/2025\/01\/songte-oil-pipes-and-spare-parts.webp\"><\/p>\n<h2>T\u00e4tning och sm\u00f6rjning<\/h2>\n<p>Skopscylindern anv\u00e4nder olika t\u00e4tningskomponenter, s\u00e5som kolvt\u00e4tningar och kolvst\u00e5ngst\u00e4tningar, vilka \u00e4r tillverkade av slitstarka material som polyuretan och nitrilgummi. Cylinderhuset och de g\u00e4ngade \u00e4ndarna genomg\u00e5r noggrann bearbetning f\u00f6r att f\u00f6rb\u00e4ttra slitstyrkan. Regelbunden sm\u00f6rjning kr\u00e4vs, och en l\u00e4mplig m\u00e4ngd hydraulolja b\u00f6r tills\u00e4ttas f\u00f6r att s\u00e4kerst\u00e4lla smidig drift.<\/p>\n<h2>Regelbunden inspektion och f\u00f6rebyggande underh\u00e5ll<\/h2>\n<p>F\u00f6r att s\u00e4kerst\u00e4lla optimal prestanda och livsl\u00e4ngd f\u00f6r skopcylindern b\u00f6r regelbundna inspektioner och f\u00f6rebyggande underh\u00e5lls\u00e5tg\u00e4rder vidtas:<\/p>\n<ul>\n<li>Kontrollera om det finns tecken p\u00e5 l\u00e4ckage eller skador.<\/li>\n<li>Sm\u00f6rj alla r\u00f6rliga delar ordentligt.<\/li>\n<li>Byt ut t\u00e4tningar vid behov.<\/li>\n<li>Utf\u00f6r kalibreringskontroller f\u00f6r att s\u00e4kerst\u00e4lla korrekt drift.<\/li>\n<\/ul>\n<h2>Korrekt produktinstallation<\/h2>\n<p>Korrekt installation av skopcylindern \u00e4r avg\u00f6rande f\u00f6r dess effektiva och s\u00e4kra drift. F\u00f6ljande riktlinjer b\u00f6r f\u00f6ljas:<\/p>\n<ul>\n<li>S\u00e4kerst\u00e4ll korrekt inriktning av cylindern.<\/li>\n<li>Anv\u00e4nd l\u00e4mpliga monteringsf\u00e4sten f\u00f6r att s\u00e4kra cylindern.<\/li>\n<li>F\u00f6lj rekommenderade procedurer f\u00f6r inspektion, reparation och utbyte.<\/li>\n<li>Ge tips om hur man f\u00f6rl\u00e4nger skopcylinderns livsl\u00e4ngd.<\/li>\n<\/ul>\n<p><img decoding=\"async\" src=\"https:\/\/www.hydraulic-cylinders.net\/wp-content\/uploads\/2025\/01\/songte-chushion-collar.webp\"><\/p>\n<h2>S\u00e4kerhetsaspekter och milj\u00f6faktorer<\/h2>\n<p>Vikten av s\u00e4kerhets\u00e5tg\u00e4rder vid anv\u00e4ndning av skopcylindern kan inte nog betonas. S\u00e4kerhets\u00e5tg\u00e4rder b\u00f6r vidtas f\u00f6r att skydda operat\u00f6rerna och f\u00f6rhindra olyckor. Dessutom b\u00f6r milj\u00f6faktorer som korrekt avfallshantering och efterlevnad av f\u00f6reskrifter beaktas.<\/p>\n<h2>Feldiagnos och vanliga problem<\/h2>\n<p>N\u00e4r man st\u00f6ter p\u00e5 fel eller vanliga problem med skopcylindern kan f\u00f6ljande tips och fels\u00f6kningsmetoder hj\u00e4lpa till att diagnostisera och l\u00f6sa problemen effektivt. F\u00f6rebyggande \u00e5tg\u00e4rder b\u00f6r ocks\u00e5 f\u00f6resl\u00e5s f\u00f6r att minimera potentiella problem.<\/p>\n<p><img decoding=\"async\" src=\"https:\/\/www.hydraulic-cylinders.net\/wp-content\/uploads\/2025\/01\/songte-bushings-with-all-kinds-of-excavator-models.webp\"><\/p>\n<p>Kom ih\u00e5g att organisera artikeln logiskt, anv\u00e4nda underrubriker f\u00f6r enkel navigering, inkludera relevanta bilder eller diagram f\u00f6r att f\u00f6rb\u00e4ttra f\u00f6rst\u00e5elsen och se till att inneh\u00e5llet \u00e4r tydligt, koncist och l\u00e4mpligt f\u00f6r l\u00e4sare med olika niv\u00e5er av teknisk kunskap.<\/p>\n<h2>Om v\u00e5rt f\u00f6retag<\/h2>\n<p>V\u00e5rt f\u00f6retag \u00e4r en av de ledande tillverkarna och grossistdistribut\u00f6rerna av hydraulcylindrar p\u00e5 den inhemska och internationella marknaden. Vi erbjuder ett omfattande produktsortiment och f\u00f6ljer de h\u00f6gsta kvalitetsstandarderna. Med v\u00e5ra avancerade tillverkningsanl\u00e4ggningar, tekniska expertis och engagemang f\u00f6r kundn\u00f6jdhet str\u00e4var vi efter att effektivt och \u00e4ndam\u00e5lsenligt m\u00f6ta v\u00e5ra olika kunders behov.<\/p>\n<p><img decoding=\"async\" src=\"https:\/\/www.hydraulic-cylinders.net\/wp-content\/uploads\/2025\/01\/songte-company-3.webp\"><\/p>\n<p>Dessutom \u00e4r vi stolta \u00f6ver v\u00e5r professionalism, internationella certifieringar, anpassningsm\u00f6jligheter, toppmoderna produktionsutrustning och p\u00e5litliga eftermarknadsservice.<\/p>\n<p><em>F\u00f6rfattare: lyl<\/em><\/p>","protected":false},"excerpt":{"rendered":"<p>Bucket Cylinder For DER DER323-8 Introduction The bucket cylinder for DER DER323-8 is a specially designed hydraulic cylinder used to control the movement of the bucket in heavy machinery such as excavators, backhoe loaders, and front-end loaders. Its main function is to enable the bucket to lift, lower, and tilt, allowing for efficient handling of [&hellip;]<\/p>","protected":false},"featured_media":14765,"comment_status":"open","ping_status":"closed","template":"","meta":{"_et_pb_use_builder":"","_et_pb_old_content":"","_et_gb_content_width":""},"product_brand":[],"product_cat":[1494],"product_tag":[1495,1496],"class_list":{"0":"post-15699","1":"product","2":"type-product","3":"status-publish","4":"has-post-thumbnail","6":"product_cat-bucket-cylinders","7":"product_tag-bucket-cylinders","8":"product_tag-hydraulic-cylinders","10":"first","11":"instock","12":"shipping-taxable","13":"product-type-simple"},"amp_enabled":true,"_links":{"self":[{"href":"https:\/\/www.hydraulic-cylinders.net\/sv\/wp-json\/wp\/v2\/product\/15699","targetHints":{"allow":["GET"]}}],"collection":[{"href":"https:\/\/www.hydraulic-cylinders.net\/sv\/wp-json\/wp\/v2\/product"}],"about":[{"href":"https:\/\/www.hydraulic-cylinders.net\/sv\/wp-json\/wp\/v2\/types\/product"}],"replies":[{"embeddable":true,"href":"https:\/\/www.hydraulic-cylinders.net\/sv\/wp-json\/wp\/v2\/comments?post=15699"}],"wp:featuredmedia":[{"embeddable":true,"href":"https:\/\/www.hydraulic-cylinders.net\/sv\/wp-json\/wp\/v2\/media\/14765"}],"wp:attachment":[{"href":"https:\/\/www.hydraulic-cylinders.net\/sv\/wp-json\/wp\/v2\/media?parent=15699"}],"wp:term":[{"taxonomy":"product_brand","embeddable":true,"href":"https:\/\/www.hydraulic-cylinders.net\/sv\/wp-json\/wp\/v2\/product_brand?post=15699"},{"taxonomy":"product_cat","embeddable":true,"href":"https:\/\/www.hydraulic-cylinders.net\/sv\/wp-json\/wp\/v2\/product_cat?post=15699"},{"taxonomy":"product_tag","embeddable":true,"href":"https:\/\/www.hydraulic-cylinders.net\/sv\/wp-json\/wp\/v2\/product_tag?post=15699"}],"curies":[{"name":"wp","href":"https:\/\/api.w.org\/{rel}","templated":true}]}}