{"id":1570,"date":"2023-10-07T02:18:33","date_gmt":"2023-10-07T02:18:33","guid":{"rendered":"https:\/\/hydraulic-cylinders.net\/?post_type=product&#038;p=1570"},"modified":"2025-03-28T06:38:01","modified_gmt":"2025-03-28T06:38:01","slug":"crane-cylinder-for-mobile-crane-outrigger-expansion","status":"publish","type":"product","link":"https:\/\/www.hydraulic-cylinders.net\/sv\/produkt\/crane-cylinder-for-mobile-crane-outrigger-expansion\/","title":{"rendered":"Krancylinder f\u00f6r expansion av mobilkrans utriggare"},"content":{"rendered":"<h1 style=\"text-align: center;\"><strong> Krancylinder f\u00f6r expansion av mobilkrans utriggare<\/strong><\/h1>\n<p><img loading=\"lazy\" decoding=\"async\" class=\"aligncenter wp-image-1571\" src=\"https:\/\/hydraulic-cylinders.net\/wp-content\/uploads\/2023\/10\/outrigger-expansion-cylinder-1-300x300.webp\" alt=\"Krancylinder f\u00f6r mobilkrans utriggare-expansion-1\" width=\"400\" height=\"400\" \/><\/p>\n<p>De <strong>krancylinder f\u00f6r expansion av mobilkrans utriggare<\/strong> \u00e4r en avg\u00f6rande komponent som f\u00f6rb\u00e4ttrar stabiliteten och r\u00e4ckvidden hos mobilkranar under lyftoperationer. Denna hydraulcylinder \u00e4r konstruerad f\u00f6r att f\u00f6rl\u00e4nga och dra in st\u00f6dbenens balkar och spelar en viktig roll f\u00f6r att ge ett solidt fundament och \u00f6kad driftskapacitet.<\/p>\n<p>Denna oumb\u00e4rliga krancylinder f\u00f6rb\u00e4ttrar avsev\u00e4rt mobilkranars stabilitet, b\u00e4rf\u00f6rm\u00e5ga och r\u00e4ckvidd under lyftuppgifter. Dess robusta konstruktion och exakta hydrauliska styrning s\u00e4kerst\u00e4ller s\u00e4kra och effektiva lyft i olika bygg- och industrimilj\u00f6er. Genom att f\u00f6lja korrekta anv\u00e4ndningsmetoder och rekommenderade underh\u00e5llspraxis kan operat\u00f6rer maximera livsl\u00e4ngden och tillf\u00f6rlitligheten hos krancylindern f\u00f6r expansion av mobilkranens st\u00f6dben, vilket s\u00e4kerst\u00e4ller framg\u00e5ngsrika lyftoperationer. V\u00e4lj denna viktiga hydrauliska komponent f\u00f6r att h\u00f6ja ditt mobilkransystems stabilitet, r\u00e4ckvidd och produktivitet.<\/p>\n<p><strong>Viktiga egenskaper hos krancylindern f\u00f6r expansion av mobilkrans st\u00f6dben:<\/strong><\/p>\n<p><strong>Robust konstruktion och h\u00e5llbarhet:<\/strong> Krancylindern f\u00f6r mobilkranens utriggare \u00e4r byggd med h\u00f6gkvalitativa material, vilket garanterar exceptionell styrka och l\u00e5ng livsl\u00e4ngd. Den \u00e4r konstruerad f\u00f6r att motst\u00e5 tunga belastningar, st\u00f6tar och utmanande milj\u00f6f\u00f6rh\u00e5llanden, vilket ger p\u00e5litlig prestanda i kr\u00e4vande arbetsmilj\u00f6er.<\/p>\n<p><strong>Hydraulisk styrning och precision:<\/strong> Denna cylinder anv\u00e4nder hydraulkraft f\u00f6r att f\u00f6rl\u00e4nga och dra in st\u00f6dbenens balkar. Det hydrauliska styrsystemet m\u00f6jligg\u00f6r exakta justeringar, vilket g\u00f6r att f\u00f6raren kan uppn\u00e5 \u00f6nskad st\u00f6dbensf\u00f6rl\u00e4ngningsl\u00e4ngd exakt.<\/p>\n<p><strong>F\u00f6rb\u00e4ttrad stabilitet och b\u00e4rf\u00f6rm\u00e5ga:<\/strong> Krancylindern f\u00f6r utbyggnad av mobilkrans st\u00f6dben f\u00f6rb\u00e4ttrar kranens stabilitet avsev\u00e4rt genom att f\u00f6rl\u00e4nga st\u00f6dbenens balkar. Den f\u00f6rdelar effektivt lasten \u00f6ver ett st\u00f6rre omr\u00e5de, vilket minimerar risken f\u00f6r v\u00e4ltning och s\u00e4kerst\u00e4ller s\u00e4kra lyftoperationer, \u00e4ven med tunga laster.<\/p>\n<p><strong>\u00d6kad r\u00e4ckvidd och flexibilitet:<\/strong> Denna cylinders expansionskapacitet f\u00f6r st\u00f6dben g\u00f6r att mobilkranar kan n\u00e5 st\u00f6rre h\u00f6jder och ut\u00f6ka sitt arbetsomr\u00e5de. Denna funktion \u00e4r s\u00e4rskilt f\u00f6rdelaktig vid arbete i tr\u00e5nga utrymmen eller n\u00e4r ytterligare horisontell r\u00e4ckvidd beh\u00f6vs.<\/p>\n<h1><strong>Krancylinder f\u00f6r expansion av mobilkrans utriggare <\/strong><strong style=\"font-size: 26px;\">Parameter:<\/strong><\/h1>\n<table border=\"1\" cellspacing=\"0\" cellpadding=\"0\">\n<tbody>\n<tr>\n<td>Produktnamn<\/td>\n<td>Expansionscylinder f\u00f6r mobilkrans st\u00f6dben<\/td>\n<\/tr>\n<tr>\n<td>Drag:<\/td>\n<td>F\u00f6rl\u00e4ng ut utriggarcylindern horisontellt<\/td>\n<\/tr>\n<tr>\n<td>Borrdiameter:<\/td>\n<td>50 mm\uff5e75 mm<\/td>\n<\/tr>\n<tr>\n<td>St\u00e5ngdiameter:<\/td>\n<td>25 mm\uff5e55 mm<br \/>\nSlagl\u00e4ngd \u22642500 mm<\/td>\n<\/tr>\n<tr>\n<td>Tryck:<\/td>\n<td>Maximalt 35 MPa<\/td>\n<\/tr>\n<tr>\n<td>Teleskopiska cylinderapplikationer:<\/td>\n<td>Mobilkran<\/td>\n<\/tr>\n<\/tbody>\n<\/table>\n<h1><strong>Krancylinder f\u00f6r mobilkranar, utriggare <\/strong><strong style=\"font-size: 26px;\">Identifieringsdiagram:<\/strong><\/h1>\n<p><img loading=\"lazy\" decoding=\"async\" class=\"alignnone wp-image-1551 size-full\" src=\"https:\/\/www.hydraulic-cylinders.net\/wp-content\/uploads\/2023\/09\/mobile-crane-cylinder-construction-1.webp\" alt=\"Krancylinder f\u00f6r mobilkrans utriggare-expansion-2\" width=\"1418\" height=\"946\" srcset=\"https:\/\/www.hydraulic-cylinders.net\/wp-content\/uploads\/2023\/09\/mobile-crane-cylinder-construction-1.webp 1418w, https:\/\/www.hydraulic-cylinders.net\/wp-content\/uploads\/2023\/09\/mobile-crane-cylinder-construction-1-1280x854.webp 1280w, https:\/\/www.hydraulic-cylinders.net\/wp-content\/uploads\/2023\/09\/mobile-crane-cylinder-construction-1-980x654.webp 980w, https:\/\/www.hydraulic-cylinders.net\/wp-content\/uploads\/2023\/09\/mobile-crane-cylinder-construction-1-480x320.webp 480w\" sizes=\"(min-width: 0px) and (max-width: 480px) 480px, (min-width: 481px) and (max-width: 980px) 980px, (min-width: 981px) and (max-width: 1280px) 1280px, (min-width: 1281px) 1418px, 100vw\" \/><\/p>\n<h2><strong>Anv\u00e4ndningsmetod f\u00f6r <\/strong><strong>Krancylinder f\u00f6r mobilkranar, utriggare<\/strong><strong>:<\/strong><\/h2>\n<ol>\n<li><strong>Bekanta dig med kontroller och s\u00e4kerhetsriktlinjer:<\/strong><\/li>\n<\/ol>\n<ul>\n<li>Innan mobilkranens st\u00f6dbensexpansionscylinder anv\u00e4nds m\u00e5ste operat\u00f6rerna bekanta sig med de reglage och s\u00e4kerhetsf\u00f6reskrifter som \u00e4r specifika f\u00f6r deras kranmodell.<\/li>\n<li>S\u00e4kerst\u00e4ll att alla s\u00e4kerhetsprocedurer, inklusive korrekt utf\u00e4llning och inf\u00e4llning av st\u00f6dbenen, f\u00f6ljs f\u00f6r att f\u00f6rhindra olyckor.<\/li>\n<\/ul>\n<ol start=\"2\">\n<li><strong>F\u00f6rl\u00e4ng st\u00f6dbenen:<\/strong><\/li>\n<\/ol>\n<ul>\n<li>Aktivera de hydrauliska reglagen f\u00f6r att f\u00e4lla ut st\u00f6dbenens balkar.<\/li>\n<li>F\u00f6rl\u00e4ng gradvis st\u00f6dbenen till \u00f6nskad l\u00e4ngd medan du \u00f6vervakar f\u00f6rl\u00e4ngningsprocessen.<\/li>\n<\/ul>\n<ol start=\"3\">\n<li><strong>Stabilisera kranen:<\/strong><\/li>\n<\/ol>\n<ul>\n<li>N\u00e4r st\u00f6dbenen \u00e4r helt utf\u00e4llda, stabilisera kranen genom att justera st\u00f6dbenens st\u00f6dplattor f\u00f6r att ge ett j\u00e4mnt och stabilt underlag.<\/li>\n<li>Se till att st\u00f6dbenens st\u00f6dben \u00e4r placerade p\u00e5 stabilt underlag eller l\u00e4mpliga st\u00f6dytor.<\/li>\n<\/ul>\n<ol start=\"4\">\n<li><strong>Dra in st\u00f6dbenen:<\/strong><\/li>\n<\/ol>\n<ul>\n<li>Dra in st\u00f6dbenens balkar med hj\u00e4lp av hydraulreglagen n\u00e4r lyftet \u00e4r klart.<\/li>\n<li>Dra gradvis in st\u00f6dbenen f\u00f6r att s\u00e4kerst\u00e4lla en smidig och kontrollerad process.<\/li>\n<\/ul>\n<h2><strong>Hur tar man bort luft fr\u00e5n traktorns hydraulsystem?<\/strong><\/h2>\n<p>F\u00f6r att avl\u00e4gsna luft fr\u00e5n en traktors hydraulsystem, f\u00f6lj dessa steg:<\/p>\n<ol>\n<li><strong>Identifiera luftsymtom:<\/strong>\n<ul>\n<li>Om du misst\u00e4nker luft i hydraulsystemet, leta efter vanliga symtom som svampig eller inkonsekvent funktion av hydrauliska komponenter, minskad lyftkapacitet eller ovanliga ljud.<\/li>\n<li>Att bekr\u00e4fta n\u00e4rvaron av luft hj\u00e4lper dig att avg\u00f6ra vilka \u00e5tg\u00e4rder som ska vidtas.<\/li>\n<\/ul>\n<\/li>\n<li><strong>Kontrollera v\u00e4tskeniv\u00e5n:<\/strong>\n<ul>\n<li>S\u00e4kerst\u00e4ll att hydraulv\u00e4tskeniv\u00e5n i beh\u00e5llaren \u00e4r p\u00e5 den rekommenderade niv\u00e5n.<\/li>\n<li>Om niv\u00e5n \u00e4r l\u00e5g kan det komma in luft i systemet. Fyll p\u00e5 l\u00e4mplig hydraulv\u00e4tska f\u00f6r att n\u00e5 den rekommenderade niv\u00e5n.<\/li>\n<\/ul>\n<\/li>\n<li><strong>Lufta systemet:<\/strong>\n<ul>\n<li>Lokalisera luftavluftningsventilerna eller pluggarna i hydraulsystemet.<\/li>\n<li>B\u00f6rja med den komponent som \u00e4r l\u00e4ngst bort fr\u00e5n hydraulpumpen och arbeta dig n\u00e4rmare.<\/li>\n<li>\u00d6ppna avluftningsventilen eller pluggen l\u00e5ngsamt f\u00f6r att sl\u00e4ppa ut eventuell inst\u00e4ngd luft.<\/li>\n<li>L\u00e5t luften l\u00e4cka ut tills en j\u00e4mn str\u00f6m av hydraulv\u00e4tska observeras, vilket indikerar att luften har t\u00f6mts.<\/li>\n<li>St\u00e4ng avluftningsventilen eller pluggen ordentligt.<\/li>\n<\/ul>\n<\/li>\n<li><strong>Spola ut luft vid hydraulpumpen:<\/strong>\n<ul>\n<li>Om hydraulpumpen har en luftningsventil, lokalisera den och \u00f6ppna den l\u00e5ngsamt.<\/li>\n<li>Man\u00f6vrera hydraulsystemet genom att aktivera den hydrauliska lyften eller flytta hydraulreglagen f\u00f6r att cirkulera v\u00e4tskan och tvinga ut eventuell inst\u00e4ngd luft genom den \u00f6ppna avluftningsventilen.<\/li>\n<li>St\u00e4ng avluftningsventilen n\u00e4r hydraulsystemet \u00e4r luftfritt och de hydrauliska komponenterna fungerar smidigt.<\/li>\n<\/ul>\n<\/li>\n<li><strong>Upprepa processen:<\/strong>\n<ul>\n<li>Om du fortfarande upplever luftrelaterade symtom i hydraulsystemet, upprepa luftningsprocessen vid varje komponent, b\u00f6rja fr\u00e5n den bortre punkten och arbeta dig mot hydraulpumpen.<\/li>\n<li>S\u00e4kerst\u00e4ll att all luft \u00e4r utsl\u00e4ppt fr\u00e5n systemet genom att \u00f6ppna avluftningsventilerna eller pluggarna och l\u00e5ta luften komma ut.<\/li>\n<\/ul>\n<\/li>\n<li><strong>Kontrollera l\u00e4ckor:<\/strong>\n<ul>\n<li>Kontrollera alla hydrauliska systemanslutningar, slangar och t\u00e4tningar f\u00f6r tecken p\u00e5 l\u00e4ckor.<\/li>\n<li>\u00c5tg\u00e4rda eventuella l\u00e4ckor omedelbart genom att dra \u00e5t anslutningar eller byta ut skadade komponenter.<\/li>\n<li>L\u00e4ckor kan f\u00f6ra in luft i systemet, s\u00e5 ett l\u00e4ckagefritt system \u00e4r avg\u00f6rande f\u00f6r korrekt hydraulisk funktion.<\/li>\n<\/ul>\n<\/li>\n<li><strong>Testsystemets prestanda:<\/strong>\n<ul>\n<li>Efter att ha luftat och \u00e5tg\u00e4rdat l\u00e4ckor, testa hydraulsystemets prestanda f\u00f6r att s\u00e4kerst\u00e4lla korrekt funktion.<\/li>\n<li>Koppla in hydrauliska funktioner, som att lyfta och s\u00e4nka redskap, och observera deras j\u00e4mnhet och j\u00e4mnhet.<\/li>\n<\/ul>\n<\/li>\n<\/ol>\n<h2><strong>Fabrikens kapacitet och kapacitet:<\/strong><\/h2>\n<h3><strong>(1) Montering<\/strong><\/h3>\n<p>V\u00e5r anl\u00e4ggning har en f\u00f6rstklassig oberoende forsknings- och utvecklingsplattform f\u00f6r montering av hydraulcylindrar. Vi driver fyra halvautomatiska monteringslinjer f\u00f6r lyftcylindrar och en helautomatisk monteringslinje f\u00f6r tiltcylindrar, med en imponerande \u00e5rlig produktionskapacitet p\u00e5 1 miljon cylindrar.<img loading=\"lazy\" decoding=\"async\" class=\"aligncenter wp-image-626\" src=\"https:\/\/hydraulic-cylinders.net\/wp-content\/uploads\/2023\/08\/hydraulic-cylinder-product-1-300x158.webp\" alt=\"\" width=\"500\" height=\"263\" srcset=\"https:\/\/hydraulic-cylinders.net\/wp-content\/uploads\/2023\/08\/hydraulic-cylinder-product-1-300x158.webp 500w, https:\/\/hydraulic-cylinders.net\/wp-content\/uploads\/2023\/08\/hydraulic-cylinder-product-1-480x252.webp 480w\" sizes=\"(min-width: 0px) and (max-width: 480px) 480px, (min-width: 481px) 500px, 100vw\" \/><\/p>\n<p>I v\u00e5r specialiserade cylinderverkstad anv\u00e4nder vi ett halvautomatiskt reng\u00f6ringssystem f\u00f6r montering, utformat f\u00f6r olika specifikationer och kapabelt att producera 200 000 cylindrar \u00e5rligen. V\u00e5r verkstad \u00e4r utrustad med avancerad CNC-bearbetningsutrustning, ett fleroperationscenter, h\u00f6gprecisionsverktyg f\u00f6r cylinderbearbetning, robotsvetsmaskiner, automatiska reng\u00f6ringssystem och en automatiserad cylindermonteringslinje. Dessutom har vi en helautomatiserad produktionslinje f\u00f6r m\u00e5lning.<\/p>\n<p>Med \u00f6ver 300 delar kritisk utrustning s\u00e4kerst\u00e4ller v\u00e5r optimala resursallokering att vi uppfyller de strikta noggrannhets- och kvalitetsstandarder som v\u00e5ra kunder st\u00e4ller. Detta engagemang f\u00f6r effektivitet och precision positionerar oss som ledande inom hydraulcylinderbranschen.<\/p>\n<p><img loading=\"lazy\" decoding=\"async\" class=\"aligncenter wp-image-627\" src=\"https:\/\/hydraulic-cylinders.net\/wp-content\/uploads\/2023\/08\/hydraulic-cylinder-product-2-300x189.webp\" alt=\"\" width=\"500\" height=\"315\" srcset=\"https:\/\/hydraulic-cylinders.net\/wp-content\/uploads\/2023\/08\/hydraulic-cylinder-product-2-300x189.webp 500w, https:\/\/hydraulic-cylinders.net\/wp-content\/uploads\/2023\/08\/hydraulic-cylinder-product-2-480x302.webp 480w\" sizes=\"(min-width: 0px) and (max-width: 480px) 480px, (min-width: 481px) 500px, 100vw\" \/><\/p>\n<h3><strong>(2) Maskinbearbetning<\/strong><\/h3>\n<p>V\u00e5r bearbetningsverkstad har toppmodern utrustning, inklusive en specialanpassad svarvcentral f\u00f6r lutande r\u00e4ls, en precisionsbearbetningscentral, en h\u00f6ghastighetsh\u00f6nsmaskin och avancerade svetsrobotar. Denna sofistikerade konfiguration g\u00f6r det m\u00f6jligt f\u00f6r oss att effektivt bearbeta cylinderr\u00f6r med en maximal innerdiameter p\u00e5 400 mm och en l\u00e4ngd p\u00e5 upp till 6 meter.<\/p>\n<p><img loading=\"lazy\" decoding=\"async\" class=\"wp-image-628 size-large aligncenter\" src=\"https:\/\/hydraulic-cylinders.net\/wp-content\/uploads\/2023\/08\/hydraulic-cylinder-product-3-1024x391.webp\" alt=\"\" width=\"1024\" height=\"391\" srcset=\"https:\/\/hydraulic-cylinders.net\/wp-content\/uploads\/2023\/08\/hydraulic-cylinder-product-3-980x374.webp 980w, https:\/\/hydraulic-cylinders.net\/wp-content\/uploads\/2023\/08\/hydraulic-cylinder-product-3-480x183.webp 480w\" sizes=\"(min-width: 0px) and (max-width: 480px) 480px, (min-width: 481px) and (max-width: 980px) 980px, (min-width: 981px) 1024px, 100vw\" \/><\/p>\n<p>Med v\u00e5r banbrytande teknik s\u00e4kerst\u00e4ller vi h\u00f6gkvalitativ bearbetning som m\u00f6ter de olika behoven inom tillverkning av hydraulcylindrar.<\/p>\n<h3><strong>(3) Svetsning<\/strong><\/h3>\n<p><img loading=\"lazy\" decoding=\"async\" class=\"wp-image-629 size-large aligncenter\" src=\"https:\/\/hydraulic-cylinders.net\/wp-content\/uploads\/2023\/08\/hydraulic-cylinder-product-4-1024x510.webp\" alt=\"\" width=\"1024\" height=\"510\" srcset=\"https:\/\/hydraulic-cylinders.net\/wp-content\/uploads\/2023\/08\/hydraulic-cylinder-product-4-980x488.webp 980w, https:\/\/hydraulic-cylinders.net\/wp-content\/uploads\/2023\/08\/hydraulic-cylinder-product-4-480x239.webp 480w\" sizes=\"(min-width: 0px) and (max-width: 480px) 480px, (min-width: 481px) and (max-width: 980px) 980px, (min-width: 981px) 1024px, 100vw\" \/><\/p>\n<h3><strong>(4) M\u00e5lning och ytbehandling<\/strong><\/h3>\n<p><img loading=\"lazy\" decoding=\"async\" class=\"wp-image-630 aligncenter\" src=\"https:\/\/hydraulic-cylinders.net\/wp-content\/uploads\/2023\/08\/hydraulic-cylinder-product-5-300x213.webp\" alt=\"\" width=\"500\" height=\"355\" \/><\/p>\n<p>V\u00e5r anl\u00e4ggning har avancerade automatiska vattenbaserade f\u00e4rgbel\u00e4ggningslinjer som \u00e4r speciellt utformade f\u00f6r sm\u00e5 och medelstora cylindrar. Dessa linjer anv\u00e4nder robotteknik f\u00f6r effektiv lastning, lossning och sprutning, vilket uppn\u00e5r en anm\u00e4rkningsv\u00e4rd produktionskapacitet p\u00e5 4 000 enheter per skift.<\/p>\n<p><img loading=\"lazy\" decoding=\"async\" class=\"wp-image-631 aligncenter\" src=\"https:\/\/hydraulic-cylinders.net\/wp-content\/uploads\/2023\/08\/hydraulic-cylinder-product-6-300x225.webp\" alt=\"\" width=\"500\" height=\"375\" srcset=\"https:\/\/hydraulic-cylinders.net\/wp-content\/uploads\/2023\/08\/hydraulic-cylinder-product-6-300x225.webp 500w, https:\/\/hydraulic-cylinders.net\/wp-content\/uploads\/2023\/08\/hydraulic-cylinder-product-6-480x360.webp 480w\" sizes=\"(min-width: 0px) and (max-width: 480px) 480px, (min-width: 481px) 500px, 100vw\" \/><\/p>\n<p>Dessutom driver vi en halvautomatisk f\u00e4rgproduktionslinje f\u00f6r stora cylindrar, driven av en robust sl\u00e4pkedja, med en konstruerad kapacitet p\u00e5 60 l\u00e5dor per skift. Denna kombination av automatisering och effektivitet s\u00e4kerst\u00e4ller h\u00f6gkvalitativa ytbehandlingar f\u00f6r alla v\u00e5ra hydraulcylindrar.<\/p>\n<h3><strong>(5) Testning<\/strong><\/h3>\n<p>Vi har f\u00f6rstklassiga inspektionsanl\u00e4ggningar och testb\u00e4ddar f\u00f6r att s\u00e4kerst\u00e4lla att cylinderns prestanda uppfyller kraven.<\/p>\n<p><img loading=\"lazy\" decoding=\"async\" class=\"wp-image-632 aligncenter\" src=\"https:\/\/hydraulic-cylinders.net\/wp-content\/uploads\/2023\/08\/hydraulic-cylinder-product-8-300x200.webp\" alt=\"\" width=\"389\" height=\"260\" \/><\/p>\n<p>Vi \u00e4r en v\u00e4lrenommerad tillverkare av <a href=\"https:\/\/hzpt.com\/mobile-machinery-hydraulic-cylinder\/\" target=\"_blank\" rel=\"noopener\">Hydrauliska cylindrar<\/a>, erk\u00e4nt som en av de b\u00e4sta i branschen. V\u00e5rt omfattande produktsortiment omfattar ett brett utbud av hydraulcylindrar skr\u00e4ddarsydda f\u00f6r att m\u00f6ta olika till\u00e4mpningar. F\u00f6rutom hydraulcylindrar erbjuder vi \u00e4ven h\u00f6gkvalitativa jordbruksv\u00e4xell\u00e5dor, vilket s\u00e4kerst\u00e4ller att v\u00e5ra kunder har tillg\u00e5ng till helt\u00e4ckande l\u00f6sningar f\u00f6r sina maskinbehov.<\/p>\n<p>Med ett engagemang f\u00f6r excellens har vi framg\u00e5ngsrikt exporterat v\u00e5ra produkter till kunder \u00f6ver hela v\u00e4rlden och skapat ett starkt rykte f\u00f6r \u00f6verl\u00e4gsen produktkvalitet och exceptionell eftermarknadsservice. V\u00e5rt engagemang f\u00f6r kundn\u00f6jdhet har positionerat oss som en p\u00e5litlig partner p\u00e5 b\u00e5de inhemska och internationella marknader.<\/p>","protected":false},"excerpt":{"rendered":"<p>Crane Cylinder for Mobile Crane Outrigger Expansion The crane cylinder for mobile crane outrigger expansion is a crucial component that enhances the stability and reach of mobile cranes during lifting operations. Designed to extend and retract the outrigger beams, this hydraulic cylinder plays a vital role in providing a solid foundation and increased operational capabilities. [&hellip;]<\/p>","protected":false},"featured_media":1572,"comment_status":"open","ping_status":"closed","template":"","meta":{"_et_pb_use_builder":"","_et_pb_old_content":"","_et_gb_content_width":""},"product_brand":[],"product_cat":[1514],"product_tag":[1477,1478,1380],"class_list":{"0":"post-1570","1":"product","2":"type-product","3":"status-publish","4":"has-post-thumbnail","6":"product_cat-mobile-crane-hydraulic-cylinders","7":"product_tag-crane-cylinder","8":"product_tag-crane-hydraulic-cylinder","9":"product_tag-hydraulic-cylinder","11":"first","12":"instock","13":"shipping-taxable","14":"product-type-simple"},"amp_enabled":true,"_links":{"self":[{"href":"https:\/\/www.hydraulic-cylinders.net\/sv\/wp-json\/wp\/v2\/product\/1570","targetHints":{"allow":["GET"]}}],"collection":[{"href":"https:\/\/www.hydraulic-cylinders.net\/sv\/wp-json\/wp\/v2\/product"}],"about":[{"href":"https:\/\/www.hydraulic-cylinders.net\/sv\/wp-json\/wp\/v2\/types\/product"}],"replies":[{"embeddable":true,"href":"https:\/\/www.hydraulic-cylinders.net\/sv\/wp-json\/wp\/v2\/comments?post=1570"}],"wp:featuredmedia":[{"embeddable":true,"href":"https:\/\/www.hydraulic-cylinders.net\/sv\/wp-json\/wp\/v2\/media\/1572"}],"wp:attachment":[{"href":"https:\/\/www.hydraulic-cylinders.net\/sv\/wp-json\/wp\/v2\/media?parent=1570"}],"wp:term":[{"taxonomy":"product_brand","embeddable":true,"href":"https:\/\/www.hydraulic-cylinders.net\/sv\/wp-json\/wp\/v2\/product_brand?post=1570"},{"taxonomy":"product_cat","embeddable":true,"href":"https:\/\/www.hydraulic-cylinders.net\/sv\/wp-json\/wp\/v2\/product_cat?post=1570"},{"taxonomy":"product_tag","embeddable":true,"href":"https:\/\/www.hydraulic-cylinders.net\/sv\/wp-json\/wp\/v2\/product_tag?post=1570"}],"curies":[{"name":"wp","href":"https:\/\/api.w.org\/{rel}","templated":true}]}}