{"id":15716,"date":"2025-01-19T14:53:03","date_gmt":"2025-01-19T14:53:03","guid":{"rendered":"https:\/\/www.hydraulic-cylinders.net\/product\/bucket-cylinder-for-takeuchi-small-excavator-tb216\/"},"modified":"2025-01-19T14:53:07","modified_gmt":"2025-01-19T14:53:07","slug":"bucket-cylinder-for-takeuchi-small-excavator-tb216","status":"publish","type":"product","link":"https:\/\/www.hydraulic-cylinders.net\/sv\/produkt\/bucket-cylinder-for-takeuchi-small-excavator-tb216\/","title":{"rendered":"Skopscylinder f\u00f6r Takeuchi liten gr\u00e4vmaskin TB216"},"content":{"rendered":"<h2>Skopscylinder f\u00f6r Takeuchi liten gr\u00e4vmaskin TB216<\/h2>\n<h3>Introduktion:<\/h3>\n<p>En skopcylinder \u00e4r en specialdesignad hydraulcylinder som fr\u00e4mst anv\u00e4nds f\u00f6r att styra skopans r\u00f6relse i tunga maskiner som gr\u00e4vmaskiner, gr\u00e4vmaskiner och frontlastare. Dess huvudsakliga funktion \u00e4r att l\u00e5ta skopan lyftas, s\u00e4nkas och lutas, vilket g\u00f6r det enklare att hantera olika materialhanteringsuppgifter. I hydraulsystemet styr skopcylindern exakt skopans r\u00f6relse med hj\u00e4lp av tryckf\u00f6r\u00e4ndringarna i hydrauloljan, vilket g\u00f6r det m\u00f6jligt f\u00f6r operat\u00f6rer att effektivt hantera tunga laster och anpassa sig till komplexa arbetsmilj\u00f6er och olika driftsbehov.<\/p>\n<p><img decoding=\"async\" src=\"https:\/\/www.hydraulic-cylinders.net\/wp-content\/uploads\/2025\/01\/songte-company-2.webp\"><\/p>\n<h3>Drag:<\/h3>\n<ul>\n<li>H\u00f6g h\u00e5llfasthet och h\u00e5llbarhet: Den \u00e4r vanligtvis tillverkad av h\u00f6gh\u00e5llfast st\u00e5l eller aluminium, t\u00e5l h\u00f6gt tryck och tunga belastningar, anpassar sig till tuffa arbetsmilj\u00f6er och \u00e4r konstruerad med h\u00e4nsyn till slitstyrka och korrosionsbest\u00e4ndighet, vilket f\u00f6rl\u00e4nger livsl\u00e4ngden.<\/li>\n<li>Effektiv hydraulisk drift: Smidiga ut- och indragningsr\u00f6relser uppn\u00e5s med hj\u00e4lp av hydrauloljetryck, vilket kan reagera snabbt p\u00e5 styrkommandon och ge kraftfulla tryck- och dragkrafter, l\u00e4mpliga f\u00f6r hantering av tunga laster och komplexa driftsuppgifter.<\/li>\n<li>Olika typer: Enkelverkande (hydrauliska cylindrar anv\u00e4nds endast i en riktning) eller dubbelverkande (hydrauliska cylindrar anv\u00e4nds i tv\u00e5 riktningar) cylindrar kan v\u00e4ljas efter driftsbehov. Vissa modeller \u00e4r teleskopiska, vilket m\u00f6jligg\u00f6r st\u00f6rre utdrag utan att \u00f6ka de yttersta m\u00e5tten, l\u00e4mpliga f\u00f6r applikationer med begr\u00e4nsat utrymme.<\/li>\n<li>L\u00e4tt att byta ut: V\u00e5ra produkter kan perfekt ers\u00e4tta dessa hydraulcylindrar.<\/li>\n<\/ul>\n<p><img decoding=\"async\" src=\"https:\/\/www.hydraulic-cylinders.net\/wp-content\/uploads\/2025\/01\/songte-cylinder-head-with-all-kinds-excavator-models.webp\"><\/p>\n<h3>Anv\u00e4ndningsomr\u00e5den:<\/h3>\n<p>Skopscylindrar anv\u00e4nds ofta inom olika branscher, inklusive:<\/p>\n<ul>\n<li>Byggutrustning: I gr\u00e4vmaskiner \u00e4r de viktiga f\u00f6r att gr\u00e4va, lasta och flytta jord eller skr\u00e4p. I gr\u00e4vmaskiner hj\u00e4lper skopcylindrar till vid gr\u00e4vning och lyftning. <\/li>\n<li>Jordbruksmaskiner: Anv\u00e4nds i frontlastare f\u00f6r att \u00f6sa, lyfta och transportera jord, h\u00f6 och andra material. Gr\u00e4vmaskiner anv\u00e4nder skopcylindrar f\u00f6r att m\u00f6jligg\u00f6ra gr\u00e4vning genom att l\u00e5ta skopan tr\u00e4nga ner i jorden. <\/li>\n<li>Lastare: I frontlastare hj\u00e4lper de till att lyfta och luta last effektivt. <\/li>\n<\/ul>\n<h3>Design\u00f6verv\u00e4ganden och urvalskriterier:<\/h3>\n<p>Vid konstruktion och val av skopcylindrar m\u00e5ste flera faktorer beaktas, inklusive:<\/p>\n<ul>\n<li>Lastkapacitet: Cylinderns kapacitet att motst\u00e5 belastningar m\u00e5ste beaktas vid val av skopcylinder.<\/li>\n<li>T\u00e4tning: Anv\u00e4ndningen av olika t\u00e4tningar, s\u00e5som kolvt\u00e4tningar och kolvst\u00e5ngst\u00e4tningar tillverkade av slitstarka material som polyuretan och nitrilgummi, s\u00e4kerst\u00e4ller att cylindern \u00e4r effektivt t\u00e4tad.<\/li>\n<li>H\u00e5llbarhet: Cylinderns livsl\u00e4ngd \u00e4r avg\u00f6rande, och cylinderns hus och g\u00e4ngade \u00e4ndytor m\u00e5ste behandlas f\u00f6r att f\u00f6rb\u00e4ttra h\u00e5llbarheten.<\/li>\n<li>S\u00e4kerhet: S\u00e4kerhetsaspekter m\u00e5ste beaktas vid val av skopcylindrar, s\u00e5som om cylindern kan hantera lastens vikt och om den kan installeras och anv\u00e4ndas p\u00e5 ett s\u00e4kert s\u00e4tt.<\/li>\n<li>Underh\u00e5llbarhet: Man m\u00e5ste beakta hur enkelt det \u00e4r att underh\u00e5lla och reparera cylindern, och anv\u00e4ndningen av l\u00e4mpliga reservdelar och renoveringstj\u00e4nster kan f\u00f6rl\u00e4nga cylinderns anv\u00e4ndningstid.<\/li>\n<\/ul>\n<p><img decoding=\"async\" src=\"https:\/\/www.hydraulic-cylinders.net\/wp-content\/uploads\/2025\/01\/songte-oil-pipes-and-spare-parts.webp\"><\/p>\n<h3>T\u00e4tning och sm\u00f6rjning:<\/h3>\n<p>Olika t\u00e4tningar anv\u00e4nds i skopcylindrar, s\u00e5som kolvt\u00e4tningar och st\u00e5ngt\u00e4tningar tillverkade av slitstarka material som polyuretan och nitrilgummi. Cylinderns hus och g\u00e4ngade \u00e4ndytor \u00e4r behandlade f\u00f6r att f\u00f6rb\u00e4ttra h\u00e5llbarheten, och regelbunden sm\u00f6rjning kr\u00e4vs f\u00f6r att s\u00e4kerst\u00e4lla smidig drift. Det rekommenderas att anv\u00e4nda en l\u00e4mplig m\u00e4ngd hydraulolja f\u00f6r att sm\u00f6rja cylindern regelbundet.<\/p>\n<h3>Inspektion och f\u00f6rebyggande underh\u00e5lls\u00e5tg\u00e4rder:<\/h3>\n<p>Regelbunden inspektion och f\u00f6rebyggande underh\u00e5lls\u00e5tg\u00e4rder kan bidra till att f\u00f6rhindra cylinderfel och f\u00f6rl\u00e4nga dess livsl\u00e4ngd. F\u00f6ljande procedurer b\u00f6r f\u00f6ljas:<\/p>\n<ul>\n<li>Regelbunden inspektion: Kontrollera cylinderhuset och t\u00e4tningarna med avseende p\u00e5 slitage, kontrollera om det finns oljel\u00e4ckor och se till att cylindern \u00e4r korrekt justerad och installerad.<\/li>\n<li>Korrekt sm\u00f6rjning: Regelbunden sm\u00f6rjning av cylindern med en l\u00e4mplig m\u00e4ngd hydraulolja \u00e4r n\u00f6dv\u00e4ndig.<\/li>\n<li>Packningsbyte: Byt ut packningar n\u00e4r de visar tecken p\u00e5 slitage f\u00f6r att f\u00f6rhindra oljel\u00e4ckage.<\/li>\n<li>Kalibreringskontroller: Kontrollera cylinderns kalibrering regelbundet f\u00f6r att s\u00e4kerst\u00e4lla att den fungerar korrekt.<\/li>\n<\/ul>\n<p><img decoding=\"async\" src=\"https:\/\/www.hydraulic-cylinders.net\/wp-content\/uploads\/2025\/01\/songte-chushion-collar.webp\"><\/p>\n<h3>S\u00e4kerhetsaspekter och milj\u00f6faktorer:<\/h3>\n<p>Vid anv\u00e4ndning av skopcylindrar m\u00e5ste s\u00e4kerhetsaspekter och milj\u00f6faktorer beaktas f\u00f6r att s\u00e4kerst\u00e4lla s\u00e4ker och milj\u00f6v\u00e4nlig drift. Korrekt utbildning och utrustningskontroller b\u00f6r genomf\u00f6ras f\u00f6r att s\u00e4kerst\u00e4lla att cylindern anv\u00e4nds p\u00e5 ett s\u00e4kert s\u00e4tt. Avfallshantering av anv\u00e4nda cylinderkomponenter b\u00f6r ocks\u00e5 ske ansvarsfullt f\u00f6r att minimera milj\u00f6p\u00e5verkan.<\/p>\n<h3>Fels\u00f6kning och vanliga problem:<\/h3>\n<p>Vanliga problem som kan uppst\u00e5 med skopcylindrar inkluderar oljel\u00e4ckage, otillr\u00e4ckligt tryck och cylinderdrift. F\u00f6r att l\u00f6sa dessa problem kr\u00e4vs korrekt inspektion och underh\u00e5ll. Om problemet kvarst\u00e5r b\u00f6r professionell hj\u00e4lp s\u00f6kas.<\/p>\n<p><img decoding=\"async\" src=\"https:\/\/www.hydraulic-cylinders.net\/wp-content\/uploads\/2025\/01\/songte-bushings-with-all-kinds-of-excavator-models.webp\"><\/p>\n<h3>Om v\u00e5rt f\u00f6retag:<\/h3>\n<p>Vi \u00e4r en ledande tillverkare och grossistdistribut\u00f6r av hydraulcylindrar p\u00e5 den inhemska och internationella marknaden. Vi f\u00f6ljer principen om utm\u00e4rkt kvalitet och f\u00f6rlitar oss p\u00e5 den industriella produktionsledningsstrategin i fintillverkningsverkst\u00e4der, till\u00e4mpningen av tekniska talanger, digital avancerad tillverkningsutrustning och professionella inspektionssystem. V\u00e5r produktionsplattform f\u00f6rb\u00e4ttrar kontinuerligt tillverkningskvaliteten och full\u00e4ndar produktionsv\u00e4gar f\u00f6r produktkvalitet, med starka produktionsm\u00f6jligheter som m\u00f6ter kundernas olika behov med h\u00f6g effektivitet, h\u00f6g precision och h\u00f6g kvalitet.<\/p>\n<p>Vi erbjuder skr\u00e4ddarsydda tj\u00e4nster och v\u00e5ra produkter \u00e4r internationellt certifierade f\u00f6r att uppfylla h\u00f6gsta kvalitetsstandarder. Vi tillhandah\u00e5ller h\u00f6gkvalitativ produktionsutrustning och eftermarknadsservice f\u00f6r att s\u00e4kerst\u00e4lla att v\u00e5ra kunder f\u00e5r de b\u00e4sta produkterna och tj\u00e4nsterna.<\/p>\n<p><img decoding=\"async\" src=\"https:\/\/hzpt.com\/wp-content\/uploads\/2024\/11\/songte-company-1.webp\"><\/p>\n<p>F\u00f6rfattare: lyl<\/p>","protected":false},"excerpt":{"rendered":"<p>Bucket Cylinder For Takeuchi Small Excavator TB216 Introduction: A bucket cylinder is a specially designed hydraulic cylinder primarily used to control the movement of the bucket in heavy machinery such as excavators, backhoes, and front-end loaders. Its main function is to allow the bucket to lift, lower, and tilt, making it easier to handle various [&hellip;]<\/p>","protected":false},"featured_media":14761,"comment_status":"open","ping_status":"closed","template":"","meta":{"_et_pb_use_builder":"","_et_pb_old_content":"","_et_gb_content_width":""},"product_brand":[],"product_cat":[1494],"product_tag":[1495,1496],"class_list":{"0":"post-15716","1":"product","2":"type-product","3":"status-publish","4":"has-post-thumbnail","6":"product_cat-bucket-cylinders","7":"product_tag-bucket-cylinders","8":"product_tag-hydraulic-cylinders","10":"first","11":"instock","12":"shipping-taxable","13":"product-type-simple"},"amp_enabled":true,"_links":{"self":[{"href":"https:\/\/www.hydraulic-cylinders.net\/sv\/wp-json\/wp\/v2\/product\/15716","targetHints":{"allow":["GET"]}}],"collection":[{"href":"https:\/\/www.hydraulic-cylinders.net\/sv\/wp-json\/wp\/v2\/product"}],"about":[{"href":"https:\/\/www.hydraulic-cylinders.net\/sv\/wp-json\/wp\/v2\/types\/product"}],"replies":[{"embeddable":true,"href":"https:\/\/www.hydraulic-cylinders.net\/sv\/wp-json\/wp\/v2\/comments?post=15716"}],"wp:featuredmedia":[{"embeddable":true,"href":"https:\/\/www.hydraulic-cylinders.net\/sv\/wp-json\/wp\/v2\/media\/14761"}],"wp:attachment":[{"href":"https:\/\/www.hydraulic-cylinders.net\/sv\/wp-json\/wp\/v2\/media?parent=15716"}],"wp:term":[{"taxonomy":"product_brand","embeddable":true,"href":"https:\/\/www.hydraulic-cylinders.net\/sv\/wp-json\/wp\/v2\/product_brand?post=15716"},{"taxonomy":"product_cat","embeddable":true,"href":"https:\/\/www.hydraulic-cylinders.net\/sv\/wp-json\/wp\/v2\/product_cat?post=15716"},{"taxonomy":"product_tag","embeddable":true,"href":"https:\/\/www.hydraulic-cylinders.net\/sv\/wp-json\/wp\/v2\/product_tag?post=15716"}],"curies":[{"name":"wp","href":"https:\/\/api.w.org\/{rel}","templated":true}]}}