{"id":15719,"date":"2025-01-19T14:53:17","date_gmt":"2025-01-19T14:53:17","guid":{"rendered":"https:\/\/www.hydraulic-cylinders.net\/product\/bucket-cylinder-for-case-small-excavator-cx75\/"},"modified":"2025-01-19T14:53:19","modified_gmt":"2025-01-19T14:53:19","slug":"bucket-cylinder-for-case-small-excavator-cx75","status":"publish","type":"product","link":"https:\/\/www.hydraulic-cylinders.net\/sv\/produkt\/bucket-cylinder-for-case-small-excavator-cx75\/","title":{"rendered":"Skopscylinder f\u00f6r Case Small Excavator CX75"},"content":{"rendered":"<p><!DOCTYPE html><br \/>\n<html><br \/>\n<head><br \/>\n<title>Skopscylinder f\u00f6r Case Small Excavator CX75<\/title><br \/>\n<\/head><br \/>\n<body><\/p>\n<h1>Skopscylinder f\u00f6r Case Small Excavator CX75<\/h1>\n<h2>Introduktion<\/h2>\n<p>En skopcylinder, \u00e4ven k\u00e4nd som en hydraulcylinder, \u00e4r specifikt utformad f\u00f6r att styra skopans r\u00f6relse i tunga maskiner som gr\u00e4vmaskiner, gr\u00e4vlastare och frontlastare. Dess huvudsakliga funktion \u00e4r att m\u00f6jligg\u00f6ra lyftning, s\u00e4nkning och lutning av skopan, vilket g\u00f6r det enklare att hantera olika materialhanteringsuppgifter. I ett hydraulsystem uppn\u00e5r skopcylindern exakt kontroll \u00f6ver skopan genom att anv\u00e4nda tryckf\u00f6r\u00e4ndringar i hydrauloljan, vilket g\u00f6r det m\u00f6jligt f\u00f6r operat\u00f6rer att effektivt hantera tunga laster och anpassa sig till komplexa arbetsmilj\u00f6er och olika driftskrav.<\/p>\n<p><img decoding=\"async\" src=\"https:\/\/www.hydraulic-cylinders.net\/wp-content\/uploads\/2025\/01\/songte-company-2.webp\" alt=\"Bild av skopcylinder\"><\/p>\n<h2>Drag<\/h2>\n<ul>\n<li>H\u00f6g h\u00e5llfasthet och h\u00e5llbarhet: Skopscylindern \u00e4r vanligtvis tillverkad av h\u00f6gh\u00e5llfast st\u00e5l eller aluminium och t\u00e5l h\u00f6gt tryck och tunga belastningar, vilket g\u00f6r den l\u00e4mplig f\u00f6r tuffa arbetsmilj\u00f6er. Dess design tar \u00e4ven h\u00e4nsyn till slitstyrka och korrosionsbest\u00e4ndighet, vilket f\u00f6rl\u00e4nger dess livsl\u00e4ngd.<\/li>\n<li>Effektiv hydraulisk drift: Genom att utnyttja hydrauloljans tryck uppn\u00e5r skopcylindern smidiga ut- och indragningsr\u00f6relser, vilket m\u00f6jligg\u00f6r snabb respons p\u00e5 styrkommandon och ger kraftfulla tryck- och dragkrafter. Den \u00e4r l\u00e4mplig f\u00f6r hantering av tunga laster och komplexa driftsuppgifter.<\/li>\n<li>Olika typer: Skopscylindern kan v\u00e4ljas som enkelverkande (hydraultryck anv\u00e4nds endast i en riktning) eller dubbelverkande (hydraultryck anv\u00e4nds i b\u00e5da riktningarna), beroende p\u00e5 driftskrav. Vissa modeller \u00e4r teleskopiska, vilket m\u00f6jligg\u00f6r st\u00f6rre utdrag utan att \u00f6ka ytterm\u00e5tten, vilket g\u00f6r dem l\u00e4mpliga f\u00f6r applikationer med begr\u00e4nsat utrymme.<\/li>\n<li>Perfekt ers\u00e4ttning: V\u00e5ra produkter kan perfekt ers\u00e4tta dessa hydraulcylindrar.<\/li>\n<\/ul>\n<p><img decoding=\"async\" src=\"https:\/\/www.hydraulic-cylinders.net\/wp-content\/uploads\/2025\/01\/songte-cylinder-head-with-all-kinds-excavator-models.webp\" alt=\"Bild f\u00f6r utbyte av skopcylinder\"><\/p>\n<h2>Applikationer<\/h2>\n<p>Skopscylindern anv\u00e4nds i olika typer av utrustning:<\/p>\n<ul>\n<li>Byggutrustning: De finns i gr\u00e4vmaskiner och \u00e4r avg\u00f6rande f\u00f6r gr\u00e4vning, lastning och flyttning av jord eller skr\u00e4p. I gr\u00e4vlastare hj\u00e4lper skopcylindern till vid b\u00e5de gr\u00e4vning och lyftning.<\/li>\n<li>Jordbruksmaskiner: Anv\u00e4nds i frontlastare f\u00f6r att \u00f6sa, lyfta och transportera jord, h\u00f6 och andra material.<\/li>\n<li>Gr\u00e4vmaskiner: Skopans cylinder m\u00f6jligg\u00f6r gr\u00e4vning genom att l\u00e5ta skopan tr\u00e4nga ner i jorden.<\/li>\n<li>Lastare: Frontlastare hj\u00e4lper till med effektiv lyftning och lossning av gods.<\/li>\n<\/ul>\n<h2>Design\u00f6verv\u00e4ganden och urvalskriterier<\/h2>\n<ul>\n<li>B\u00e4rf\u00f6rm\u00e5ga: Diskutera de viktigaste faktorerna, s\u00e5som lastkapacitet och materialh\u00e5llfasthet, som p\u00e5verkar utformningen av skopcylindrar.<\/li>\n<li>T\u00e4tning: Utforska vikten av att anv\u00e4nda olika t\u00e4tningskomponenter, s\u00e5som kolvt\u00e4tningar och kolvst\u00e5ngst\u00e4tningar tillverkade av slitstarka material som polyuretan och nitrilgummi, samt den f\u00f6rfinade ytbehandlingen av cylinderhus och g\u00e4ngade \u00e4ndar f\u00f6r att f\u00f6rb\u00e4ttra slitstyrkan. Betona behovet av regelbunden sm\u00f6rjning.<\/li>\n<\/ul>\n<p><img decoding=\"async\" src=\"https:\/\/www.hydraulic-cylinders.net\/wp-content\/uploads\/2025\/01\/songte-oil-pipes-and-spare-parts.webp\" alt=\"Bild av hydraulcylindert\u00e4tningar och sm\u00f6rjning\"><\/p>\n<h2>Underh\u00e5ll och f\u00f6rebyggande \u00e5tg\u00e4rder<\/h2>\n<ul>\n<li>Regelbunden inspektion: Betona vikten av regelbunden inspektion f\u00f6r att identifiera eventuella problem.<\/li>\n<li>Sm\u00f6rjning: Betona behovet av l\u00e4mplig sm\u00f6rjning f\u00f6r att s\u00e4kerst\u00e4lla smidig drift och f\u00f6rhindra f\u00f6r tidigt slitage.<\/li>\n<li>Packningsbyte: Ge riktlinjer f\u00f6r t\u00e4tningsbyte f\u00f6r att bibeh\u00e5lla optimal prestanda.<\/li>\n<li>Kalibreringskontroll: Diskutera vikten av kalibreringskontroller f\u00f6r att s\u00e4kerst\u00e4lla korrekt drift.<\/li>\n<\/ul>\n<p><img decoding=\"async\" src=\"https:\/\/www.hydraulic-cylinders.net\/wp-content\/uploads\/2025\/01\/songte-chushion-collar.webp\" alt=\"Bild f\u00f6r underh\u00e5ll av hydraulcylinder\"><\/p>\n<h2>S\u00e4kerhetsaspekter och milj\u00f6faktorer<\/h2>\n<p>Ta upp vikten av s\u00e4kerhets\u00e5tg\u00e4rder vid arbete med skopcylindrar och deras inverkan p\u00e5 milj\u00f6n.<\/p>\n<h2>Feldiagnos och vanliga problem<\/h2>\n<p>Diskutera vanliga fel och ge fels\u00f6kningstips och l\u00f6sningar f\u00f6r att hj\u00e4lpa l\u00e4sarna att diagnostisera och l\u00f6sa problem effektivt. Erbjud f\u00f6rebyggande \u00e5tg\u00e4rder f\u00f6r att minimera potentiella problem.<\/p>\n<p><img decoding=\"async\" src=\"https:\/\/www.hydraulic-cylinders.net\/wp-content\/uploads\/2025\/01\/songte-bushings-with-all-kinds-of-excavator-models.webp\" alt=\"Bild f\u00f6r diagnos av fel p\u00e5 hydraulcylindern\"><\/p>\n<h2>V\u00e5rt f\u00f6retag<\/h2>\n<p>Vi \u00e4r en ledande tillverkare och grossistdistribut\u00f6r av hydraulcylindrar p\u00e5 den inhemska och internationella marknaden. Vi prioriterar h\u00f6gsta kvalitet och f\u00f6rlitar oss p\u00e5 industrialiserade produktionsstrategier i v\u00e5r f\u00f6rfinade tillverkningsverkstad. Med v\u00e5rt team av tekniska experter, toppmodern digital tillverkningsutrustning och professionella testsystem f\u00f6rb\u00e4ttrar vi kontinuerligt v\u00e5r tillverkningsplattform och produktkvaliteten i produktionsv\u00e4gen. V\u00e5r starka kreativa f\u00f6rm\u00e5ga g\u00f6r det m\u00f6jligt f\u00f6r oss att m\u00f6ta kundernas olika behov med h\u00f6g effektivitet, precision och kvalitet.<\/p>\n<p><img decoding=\"async\" src=\"https:\/\/hzpt.com\/wp-content\/uploads\/2024\/11\/songte-company-1.webp\" alt=\"F\u00f6retagsbild\"><\/p>\n<h3>Professionalism<\/h3>\n<p>Diskutera f\u00f6retagets expertis inom tillverkning av hydraulcylindrar.<\/p>\n<h3>Internationella certifieringar<\/h3>\n<p>Lyft fram f\u00f6retagets internationella certifieringar som validerar dess produktkvalitet och standarder.<\/p>\n<h3>Anpassningstj\u00e4nster<\/h3>\n<p>Betona f\u00f6retagets f\u00f6rm\u00e5ga att erbjuda skr\u00e4ddarsydda l\u00f6sningar.<\/p>\n<h3>Produktionsutrustning<\/h3>\n<p>Beskriv den avancerade produktionsutrustning som f\u00f6retaget anv\u00e4nder.<\/p>\n<h3>Eftermarknadsservice<\/h3>\n<p>F\u00f6rklara f\u00f6retagets engagemang f\u00f6r att tillhandah\u00e5lla utm\u00e4rkt eftermarknadsservice.<\/p>\n<p><img decoding=\"async\" src=\"https:\/\/www.hydraulic-cylinders.net\/wp-content\/uploads\/2025\/01\/songte-company-3.webp\" alt=\"F\u00f6retagsinformation Bild\"><\/p>\n<p>F\u00f6rfattare: lyl<\/p>\n<p><\/body><br \/>\n<\/html><\/p>","protected":false},"excerpt":{"rendered":"<p>Bucket Cylinder For Case Small Excavator CX75 Bucket Cylinder For Case Small Excavator CX75 Introduction A bucket cylinder, also known as a hydraulic cylinder, is specifically designed to control the movement of the bucket in heavy machinery such as excavators, backhoe loaders, and front loaders. Its main function is to enable the lifting, lowering, and [&hellip;]<\/p>","protected":false},"featured_media":14787,"comment_status":"open","ping_status":"closed","template":"","meta":{"_et_pb_use_builder":"","_et_pb_old_content":"","_et_gb_content_width":""},"product_brand":[],"product_cat":[1494],"product_tag":[1495,1496],"class_list":{"0":"post-15719","1":"product","2":"type-product","3":"status-publish","4":"has-post-thumbnail","6":"product_cat-bucket-cylinders","7":"product_tag-bucket-cylinders","8":"product_tag-hydraulic-cylinders","10":"first","11":"instock","12":"shipping-taxable","13":"product-type-simple"},"amp_enabled":true,"_links":{"self":[{"href":"https:\/\/www.hydraulic-cylinders.net\/sv\/wp-json\/wp\/v2\/product\/15719","targetHints":{"allow":["GET"]}}],"collection":[{"href":"https:\/\/www.hydraulic-cylinders.net\/sv\/wp-json\/wp\/v2\/product"}],"about":[{"href":"https:\/\/www.hydraulic-cylinders.net\/sv\/wp-json\/wp\/v2\/types\/product"}],"replies":[{"embeddable":true,"href":"https:\/\/www.hydraulic-cylinders.net\/sv\/wp-json\/wp\/v2\/comments?post=15719"}],"wp:featuredmedia":[{"embeddable":true,"href":"https:\/\/www.hydraulic-cylinders.net\/sv\/wp-json\/wp\/v2\/media\/14787"}],"wp:attachment":[{"href":"https:\/\/www.hydraulic-cylinders.net\/sv\/wp-json\/wp\/v2\/media?parent=15719"}],"wp:term":[{"taxonomy":"product_brand","embeddable":true,"href":"https:\/\/www.hydraulic-cylinders.net\/sv\/wp-json\/wp\/v2\/product_brand?post=15719"},{"taxonomy":"product_cat","embeddable":true,"href":"https:\/\/www.hydraulic-cylinders.net\/sv\/wp-json\/wp\/v2\/product_cat?post=15719"},{"taxonomy":"product_tag","embeddable":true,"href":"https:\/\/www.hydraulic-cylinders.net\/sv\/wp-json\/wp\/v2\/product_tag?post=15719"}],"curies":[{"name":"wp","href":"https:\/\/api.w.org\/{rel}","templated":true}]}}