{"id":15721,"date":"2025-01-19T14:53:28","date_gmt":"2025-01-19T14:53:28","guid":{"rendered":"https:\/\/www.hydraulic-cylinders.net\/product\/bucket-cylinder-for-case-middle-excavator-cx210b\/"},"modified":"2025-01-19T14:53:30","modified_gmt":"2025-01-19T14:53:30","slug":"bucket-cylinder-for-case-middle-excavator-cx210b","status":"publish","type":"product","link":"https:\/\/www.hydraulic-cylinders.net\/sv\/produkt\/bucket-cylinder-for-case-middle-excavator-cx210b\/","title":{"rendered":"Skopscylinder f\u00f6r Case Middle Excavator CX210B"},"content":{"rendered":"<h1>Skopscylinder f\u00f6r Case Middle Excavator CX210B<\/h1>\n<h2>Introduktion<\/h2>\n<p>Skopcylindern till Case mellangr\u00e4vmaskin CX210B \u00e4r en specialdesignad hydraulcylinder som huvudsakligen anv\u00e4nds f\u00f6r att styra r\u00f6relsen hos skopor i tunga maskiner som gr\u00e4vmaskiner, traktorgr\u00e4vmaskiner och frontlastare. Dess huvudsakliga funktion \u00e4r att g\u00f6ra det m\u00f6jligt att lyfta, s\u00e4nka och luta skopan, vilket g\u00f6r det enklare att hantera olika materialhanteringsuppgifter. I hydraulsystemet uppn\u00e5r skopcylindern exakt kontroll \u00f6ver skopan genom att \u00e4ndra hydrauloljans tryck, vilket g\u00f6r att f\u00f6raren kan hantera tunga f\u00f6rem\u00e5l effektivt och anpassa sig till komplexa arbetsmilj\u00f6er och olika arbetskrav.<\/p>\n<p><img decoding=\"async\" src=\"https:\/\/www.hydraulic-cylinders.net\/wp-content\/uploads\/2025\/01\/songte-company-2.webp\" alt=\"Skopscylinder f\u00f6r Case Middle Excavator CX210B\" \/><\/p>\n<h2>Drag<\/h2>\n<ul>\n<li>H\u00f6g h\u00e5llfasthet och h\u00e5llbarhet: Vanligtvis tillverkad av h\u00f6gh\u00e5llfast st\u00e5l eller aluminium, t\u00e5l h\u00f6gt tryck och tunga belastningar, \u00e4r anpassningsbar till tuffa arbetsmilj\u00f6er och konstruerad med h\u00e4nsyn till slitstyrka och korrosionsbest\u00e4ndighet f\u00f6r att f\u00f6rl\u00e4nga livsl\u00e4ngden.<\/li>\n<li>Effektiv hydraulisk drift: Utnyttjar hydrauloljans tryck f\u00f6r att uppn\u00e5 smidiga f\u00f6rl\u00e4ngnings- och sammandragningsr\u00f6relser, kan reagera snabbt p\u00e5 kontrollkommandon, ger kraftfull tryck- och dragkraft, l\u00e4mplig f\u00f6r hantering av tunga f\u00f6rem\u00e5l och komplexa arbetsuppgifter.<\/li>\n<li>Olika typer: Enkelverkande (hydrauliska cylindrar anv\u00e4nds endast i en riktning) eller dubbelverkande (hydrauliska cylindrar anv\u00e4nds i tv\u00e5 riktningar) cylindrar kan v\u00e4ljas efter behov. Vissa modeller \u00e4r teleskopiska, vilket m\u00f6jligg\u00f6r st\u00f6rre utbyggnad utan att \u00f6ka de ytterm\u00e5tten, l\u00e4mpliga f\u00f6r applikationer med begr\u00e4nsat utrymme.<\/li>\n<li>Direkt ers\u00e4ttning: V\u00e5r produkt kan perfekt ers\u00e4tta dessa hydraulcylindrar.<\/li>\n<\/ul>\n<p><img decoding=\"async\" src=\"https:\/\/www.hydraulic-cylinders.net\/wp-content\/uploads\/2025\/01\/songte-cylinder-head-with-all-kinds-excavator-models.webp\" alt=\"Skopscylinder f\u00f6r Case Middle Excavator CX210B\" \/><\/p>\n<h2>Applikationer<\/h2>\n<p>Skopscylindern anv\u00e4nds ofta inom olika branscher, inklusive:<\/p>\n<ul>\n<li>Byggutrustning: I gr\u00e4vmaskiner \u00e4r de viktiga f\u00f6r att gr\u00e4va, lasta och flytta jord eller skr\u00e4p. I gr\u00e4vmaskiner med gr\u00e4vaggregat hj\u00e4lper skopcylindrar till med b\u00e5de gr\u00e4vning och lyftning. I frontlastare hj\u00e4lper de till att lyfta och tilta gods effektivt.<\/li>\n<li>Jordbruksmaskiner: Anv\u00e4nds i frontlastare f\u00f6r att \u00f6sa, lyfta och transportera jord, h\u00f6 och andra material. I gr\u00e4vmaskiner m\u00f6jligg\u00f6r skopcylindrar gr\u00e4vning genom att l\u00e5ta skopan tr\u00e4nga ner i jorden.<\/li>\n<\/ul>\n<h2>Design\u00f6verv\u00e4ganden och urvalskriterier<\/h2>\n<ul>\n<li>B\u00e4rf\u00f6rm\u00e5ga: Hydraulcylindern m\u00e5ste kunna motst\u00e5 kraften fr\u00e5n de belastningar den kommer att uts\u00e4ttas f\u00f6r.<\/li>\n<li>T\u00e4tning: Materialen f\u00f6r kolvt\u00e4tningen och st\u00e5ngt\u00e4tningen b\u00f6r v\u00e4ljas baserat p\u00e5 till\u00e4mpningstyp och f\u00f6r att f\u00f6rhindra l\u00e4ckage.<\/li>\n<li>H\u00e5llbarhet: Cylindern b\u00f6r vara konstruerad f\u00f6r att motst\u00e5 tuffa arbetsf\u00f6rh\u00e5llanden och ha god slitstyrka och korrosionsbest\u00e4ndighet.<\/li>\n<li>S\u00e4kerhet: Cylindern b\u00f6r vara konstruerad f\u00f6r att f\u00f6rhindra olyckor och skador, och f\u00f6r att uppfylla relevanta s\u00e4kerhetsstandarder.<\/li>\n<li>Underh\u00e5ll: Cylindern ska vara l\u00e4tt att underh\u00e5lla och reparera, med l\u00e4ttillg\u00e4ngliga reservdelar.<\/li>\n<\/ul>\n<p><img decoding=\"async\" src=\"https:\/\/www.hydraulic-cylinders.net\/wp-content\/uploads\/2025\/01\/songte-oil-pipes-and-spare-parts.webp\" alt=\"Skopscylinder f\u00f6r Case Middle Excavator CX210B\" \/><\/p>\n<h2>T\u00e4tning och sm\u00f6rjning<\/h2>\n<p>Skopscylindern anv\u00e4nder olika t\u00e4tningskomponenter s\u00e5som kolvt\u00e4tningar och st\u00e5ngt\u00e4tningar. De \u00e4r tillverkade av slitstarka material som polyuretan och nitrilgummi f\u00f6r att s\u00e4kerst\u00e4lla att de h\u00e5ller l\u00e4nge. Cylinderhuset och g\u00e4ng\u00e4nden \u00e4r fint behandlade f\u00f6r att f\u00f6rb\u00e4ttra slitstyrkan. Sm\u00f6rjning sker genom regelbunden tillsats av hydraulolja i tillr\u00e4cklig m\u00e4ngd.<\/p>\n<h2>Underh\u00e5ll och reparation<\/h2>\n<p>Regelbundna inspektioner, l\u00e4mplig sm\u00f6rjning, byte av t\u00e4tningar och kalibreringskontroller \u00e4r vanliga underh\u00e5llsuppgifter f\u00f6r skopcylindern. Korrekt installation och inriktning av cylindern \u00e4r avg\u00f6rande. Anv\u00e4nd l\u00e4mpliga monteringsf\u00e4sten f\u00f6r att s\u00e4kra cylindern. Rekommenderade procedurer f\u00f6r inspektion, reparation och utbyte tillhandah\u00e5lls med reservdelar och renoveringstj\u00e4nster f\u00f6r att f\u00f6rl\u00e4nga cylinderns livsl\u00e4ngd.<\/p>\n<p><img decoding=\"async\" src=\"https:\/\/www.hydraulic-cylinders.net\/wp-content\/uploads\/2025\/01\/songte-chushion-collar.webp\" alt=\"Skopscylinder f\u00f6r Case Middle Excavator CX210B\" \/><\/p>\n<h2>S\u00e4kerhets- och milj\u00f6h\u00e4nsyn<\/h2>\n<p>S\u00e4kerhets\u00e5tg\u00e4rder \u00e4r viktiga vid anv\u00e4ndning av skopcylindern. Operat\u00f6rer b\u00f6r utbildas och f\u00f6lja s\u00e4kerhetsriktlinjer f\u00f6r att f\u00f6rhindra olyckor och skador. Milj\u00f6problem kan \u00e5tg\u00e4rdas genom att kassera anv\u00e4nda material och v\u00e4tskor p\u00e5 r\u00e4tt s\u00e4tt.<\/p>\n<h2>Feldiagnos och fels\u00f6kning<\/h2>\n<p>Vanliga problem med skopcylindern kan inkludera l\u00e4ckage, otillr\u00e4ckligt tryck och problem med cylinderns funktion. Dessa problem kan diagnostiseras och l\u00f6sas genom korrekt inspektion och underh\u00e5ll. F\u00f6rebyggande \u00e5tg\u00e4rder som regelbundet underh\u00e5ll kan minimera potentiella problem.<\/p>\n<p><img decoding=\"async\" src=\"https:\/\/www.hydraulic-cylinders.net\/wp-content\/uploads\/2025\/01\/songte-bushings-with-all-kinds-of-excavator-models.webp\" alt=\"Skopscylinder f\u00f6r Case Middle Excavator CX210B\" \/><\/p>\n<h2>Om v\u00e5rt f\u00f6retag<\/h2>\n<p>Vi \u00e4r en tillverkare av hydraulcylindrar f\u00f6r ers\u00e4ttning med ett komplett produktsortiment och \u00e4r en av de ledande tillverkarna och grossisterna av hydraulcylindrar p\u00e5 den inhemska och internationella marknaden. Vi f\u00f6ljer principerna om utm\u00e4rkt kvalitet, f\u00f6rlitar oss p\u00e5 den industrialiserade produktionsstrategin i sofistikerade tillverkningsverkst\u00e4der och f\u00f6rb\u00e4ttrar kontinuerligt tillverkningsplattformen och full\u00e4ndar produktionslinjens produktkvalitet genom att anv\u00e4nda tekniska talanger, digital avancerad tillverkningsutrustning och professionella detekteringssystem. Vi har stark produktionsf\u00f6rm\u00e5ga, h\u00f6g effektivitet, h\u00f6g precision och h\u00f6gkvalitativa principer f\u00f6r att m\u00f6ta kundernas olika behov.<\/p>\n<p><img decoding=\"async\" src=\"https:\/\/hzpt.com\/wp-content\/uploads\/2024\/11\/songte-company-1.webp\" alt=\"Skopscylinder f\u00f6r Case Middle Excavator CX210B\" \/><\/p>\n<h2>F\u00f6retagsinformation<\/h2>\n<ul>\n<li>Professionalism: Vi har ett team av erfarna yrkesm\u00e4n som \u00e4r mycket skickliga inom design och tillverkning av hydraulcylindrar.<\/li>\n<li>Internationell certifiering: V\u00e5ra produkter \u00e4r certifierade enligt internationella standarder som ISO 9001, vilket garanterar produktkvalitet.<\/li>\n<li>Anpassning: Vi erbjuder skr\u00e4ddarsydda tj\u00e4nster f\u00f6r att m\u00f6ta specifika kundbehov.<\/li>\n<li>Produktionsutrustning: Vi anv\u00e4nder avancerad produktionsutrustning f\u00f6r att s\u00e4kerst\u00e4lla h\u00f6g kvalitet p\u00e5 v\u00e5ra produkter.<\/li>\n<li>Eftermarknadsservice: Vi erbjuder utm\u00e4rkt eftermarknadsservice, inklusive teknisk support, produktunderh\u00e5ll och reparationstj\u00e4nster.<\/li>\n<\/ul>\n<p>F\u00f6rfattare: lyl<\/p>","protected":false},"excerpt":{"rendered":"<p>Bucket Cylinder For Case Middle Excavator CX210B Introduction The bucket cylinder for Case middle excavator CX210B is a specially designed hydraulic cylinder that is mainly used for controlling the movement of buckets in heavy machinery such as excavators, backhoe excavators, and front-end loaders. Its main function is to enable the bucket to lift, lower and [&hellip;]<\/p>","protected":false},"featured_media":14784,"comment_status":"open","ping_status":"closed","template":"","meta":{"_et_pb_use_builder":"","_et_pb_old_content":"","_et_gb_content_width":""},"product_brand":[],"product_cat":[1494],"product_tag":[1495,1496],"class_list":{"0":"post-15721","1":"product","2":"type-product","3":"status-publish","4":"has-post-thumbnail","6":"product_cat-bucket-cylinders","7":"product_tag-bucket-cylinders","8":"product_tag-hydraulic-cylinders","10":"first","11":"instock","12":"shipping-taxable","13":"product-type-simple"},"amp_enabled":true,"_links":{"self":[{"href":"https:\/\/www.hydraulic-cylinders.net\/sv\/wp-json\/wp\/v2\/product\/15721","targetHints":{"allow":["GET"]}}],"collection":[{"href":"https:\/\/www.hydraulic-cylinders.net\/sv\/wp-json\/wp\/v2\/product"}],"about":[{"href":"https:\/\/www.hydraulic-cylinders.net\/sv\/wp-json\/wp\/v2\/types\/product"}],"replies":[{"embeddable":true,"href":"https:\/\/www.hydraulic-cylinders.net\/sv\/wp-json\/wp\/v2\/comments?post=15721"}],"wp:featuredmedia":[{"embeddable":true,"href":"https:\/\/www.hydraulic-cylinders.net\/sv\/wp-json\/wp\/v2\/media\/14784"}],"wp:attachment":[{"href":"https:\/\/www.hydraulic-cylinders.net\/sv\/wp-json\/wp\/v2\/media?parent=15721"}],"wp:term":[{"taxonomy":"product_brand","embeddable":true,"href":"https:\/\/www.hydraulic-cylinders.net\/sv\/wp-json\/wp\/v2\/product_brand?post=15721"},{"taxonomy":"product_cat","embeddable":true,"href":"https:\/\/www.hydraulic-cylinders.net\/sv\/wp-json\/wp\/v2\/product_cat?post=15721"},{"taxonomy":"product_tag","embeddable":true,"href":"https:\/\/www.hydraulic-cylinders.net\/sv\/wp-json\/wp\/v2\/product_tag?post=15721"}],"curies":[{"name":"wp","href":"https:\/\/api.w.org\/{rel}","templated":true}]}}