{"id":15722,"date":"2025-01-19T14:53:32","date_gmt":"2025-01-19T14:53:32","guid":{"rendered":"https:\/\/www.hydraulic-cylinders.net\/product\/bucket-cylinder-for-case-middle-excavator-cx21b-em\/"},"modified":"2025-01-19T14:53:34","modified_gmt":"2025-01-19T14:53:34","slug":"bucket-cylinder-for-case-middle-excavator-cx21b-em","status":"publish","type":"product","link":"https:\/\/www.hydraulic-cylinders.net\/sv\/produkt\/bucket-cylinder-for-case-middle-excavator-cx21b-em\/","title":{"rendered":"Skopscylinder f\u00f6r Case Middle Excavator CX21B-EM"},"content":{"rendered":"<h1>Skopscylinder f\u00f6r Case Middle Excavator CX21B-EM<\/h1>\n<h2>Introduktion<\/h2>\n<p>Skopcylindern till Case mellangr\u00e4vmaskin CX21B-EM \u00e4r en specialdesignad hydraulcylinder som fr\u00e4mst anv\u00e4nds f\u00f6r att styra skopans r\u00f6relse i tunga maskiner som gr\u00e4vmaskiner, traktorgr\u00e4vmaskiner och frontlastare. Dess prim\u00e4ra funktion \u00e4r att l\u00e5ta skopan lyftas, s\u00e4nkas och lutas, vilket g\u00f6r den idealisk f\u00f6r olika materialhanteringsuppgifter. I hydraulsystemet uppn\u00e5r skopcylindern exakt kontroll \u00f6ver skopans r\u00f6relse genom f\u00f6r\u00e4ndringar i hydrauloljetrycket, vilket g\u00f6r det m\u00f6jligt f\u00f6r f\u00f6rare att effektivt hantera tunga laster och anpassa sig till komplexa arbetsf\u00f6rh\u00e5llanden och olika driftskrav.<\/p>\n<p><img decoding=\"async\" src=\"https:\/\/www.hydraulic-cylinders.net\/wp-content\/uploads\/2025\/01\/songte-company-2.webp\" alt=\"Skopscylinder f\u00f6r Case Middle Excavator CX21B-EM\"><\/p>\n<h2>Drag<\/h2>\n<ul>\n<li>H\u00f6g h\u00e5llfasthet och h\u00e5llbarhet: vanligtvis tillverkad av h\u00f6gh\u00e5llfast st\u00e5l eller aluminium, t\u00e5l h\u00f6ga tryck och tunga belastningar, l\u00e4mplig f\u00f6r tuffa arbetsmilj\u00f6er, konstruerad med slitstyrka och korrosionsbest\u00e4ndighet i \u00e5tanke, vilket f\u00f6rl\u00e4nger livsl\u00e4ngden.<\/li>\n<li>Effektiv hydraulisk drift: utnyttjar hydrauloljans tryck f\u00f6r att uppn\u00e5 smidiga ut- och indragningsr\u00f6relser, kan reagera snabbt p\u00e5 kontrollkommandon, ger kraftfulla tryck- och dragkrafter, l\u00e4mplig f\u00f6r hantering av tunga laster och komplexa arbetsuppgifter.<\/li>\n<li>Flera typer: enkelverkande (hydrauliska cylindrar anv\u00e4nds endast i en riktning) eller dubbelverkande (hydrauliska cylindrar anv\u00e4nds i b\u00e5da riktningarna) cylindrar kan v\u00e4ljas efter behov f\u00f6r att m\u00f6ta olika driftskrav. Vissa modeller \u00e4r teleskopiska, vilket m\u00f6jligg\u00f6r st\u00f6rre utdrag utan att \u00f6ka de yttre m\u00e5tten, vilket g\u00f6r dem l\u00e4mpliga f\u00f6r applikationer med begr\u00e4nsat utrymme.<\/li>\n<li>Utbytbar: v\u00e5r produkt kan perfekt ers\u00e4tta dessa hydraulcylindrar.<\/li>\n<\/ul>\n<p><img decoding=\"async\" src=\"https:\/\/www.hydraulic-cylinders.net\/wp-content\/uploads\/2025\/01\/songte-cylinder-head-with-all-kinds-excavator-models.webp\" alt=\"Skopscylinder f\u00f6r Case Middle Excavator CX21B-EM\"><\/p>\n<h2>Applikationer<\/h2>\n<h3>Byggutrustning<\/h3>\n<p>I gr\u00e4vmaskiner \u00e4r de viktiga f\u00f6r att gr\u00e4va, lasta och flytta jord eller skr\u00e4p. I gr\u00e4vmaskiner med gr\u00e4vaggregat hj\u00e4lper skopcylindrar till med b\u00e5de gr\u00e4vning och lyftning. I frontlastare hj\u00e4lper de till att lyfta och luta gods effektivt.<\/p>\n<h3>Jordbruksmaskiner<\/h3>\n<p>Anv\u00e4nds i frontlastare f\u00f6r att skopa, lyfta och transportera jord, h\u00f6 och andra material; i gr\u00e4vmaskiner m\u00f6jligg\u00f6r skopcylindrar gr\u00e4vning genom att l\u00e5ta skopan tr\u00e4nga ner i jorden.<\/p>\n<h2>Design\u00f6verv\u00e4ganden och urvalskriterier<\/h2>\n<h3>Viktiga \u00f6verv\u00e4ganden<\/h3>\n<ul>\n<li>B\u00e4rkraft<\/li>\n<li>T\u00e4tning<\/li>\n<li>Varaktighet<\/li>\n<li>S\u00e4kerhet<\/li>\n<li>Underh\u00e5ll<\/li>\n<\/ul>\n<p><img decoding=\"async\" src=\"https:\/\/www.hydraulic-cylinders.net\/wp-content\/uploads\/2025\/01\/songte-oil-pipes-and-spare-parts.webp\" alt=\"Skopscylinder f\u00f6r Case Middle Excavator CX21B-EM\"><\/p>\n<h3>T\u00e4tning och sm\u00f6rjning<\/h3>\n<p>Olika t\u00e4tningselement anv\u00e4nds, s\u00e5som kolvt\u00e4tningar och kolvst\u00e5ngst\u00e4tningar, med slitstarka material som polyuretan och nitrilgummi. Cylinderhuset och de g\u00e4ngade \u00e4ndytorna \u00e4r finbearbetade f\u00f6r att f\u00f6rb\u00e4ttra slitstyrkan. Regelbunden tillsats av l\u00e4mplig hydraulolja kr\u00e4vs f\u00f6r sm\u00f6rjning.<\/p>\n<h3>Underh\u00e5ll och reparation<\/h3>\n<p>Regelbundna inspektioner, l\u00e4mplig sm\u00f6rjning, byte av t\u00e4tningar och kalibreringskontroller \u00e4r vanliga underh\u00e5llsuppgifter. Korrekt installation, sm\u00f6rjning och justering \u00e4r avg\u00f6rande f\u00f6r att s\u00e4kerst\u00e4lla cylinderns livsl\u00e4ngd. Korrekt inriktning av cylindern under installationen \u00e4r n\u00f6dv\u00e4ndig, och anv\u00e4ndning av l\u00e4mpliga monteringsf\u00e4sten f\u00f6r att s\u00e4kra cylindern rekommenderas. Rekommenderade inspektions-, reparations- och utbytesprocedurer tillhandah\u00e5lls tillsammans med reservdelsbyte och renoveringstj\u00e4nster f\u00f6r att f\u00f6rl\u00e4nga skopcylinderns livsl\u00e4ngd.<\/p>\n<p><img decoding=\"async\" src=\"https:\/\/www.hydraulic-cylinders.net\/wp-content\/uploads\/2025\/01\/songte-chushion-collar.webp\" alt=\"Skopscylinder f\u00f6r Case Middle Excavator CX21B-EM\"><\/p>\n<h2>S\u00e4kerhetsaspekter och milj\u00f6faktorer<\/h2>\n<p>Vid anv\u00e4ndning av skopcylindern \u00e4r s\u00e4kerhets\u00e5tg\u00e4rder avg\u00f6rande, inklusive korrekt installation, underh\u00e5ll och reparation. Regelbundna inspektioner, l\u00e4mplig sm\u00f6rjning, byte av t\u00e4tningar och kalibreringskontroller utf\u00f6rs f\u00f6r att minimera potentiell milj\u00f6p\u00e5verkan.<\/p>\n<h2>Vanlig feldiagnos och fels\u00f6kning<\/h2>\n<p>Vanliga problem med skopcylindrar inkluderar l\u00e4ckor, otillr\u00e4cklig eller l\u00e5ngsam drift och ovanliga ljud. Fels\u00f6kningstips och l\u00f6sningar ges f\u00f6r att hj\u00e4lpa l\u00e4sarna att diagnostisera och l\u00f6sa problem effektivt. F\u00f6rebyggande \u00e5tg\u00e4rder f\u00f6resl\u00e5s f\u00f6r att minimera potentiella problem.<\/p>\n<p><img decoding=\"async\" src=\"https:\/\/www.hydraulic-cylinders.net\/wp-content\/uploads\/2025\/01\/songte-bushings-with-all-kinds-of-excavator-models.webp\" alt=\"Skopscylinder f\u00f6r Case Middle Excavator CX21B-EM\"><\/p>\n<h2>Om oss<\/h2>\n<p>Vi \u00e4r en tillverkare av hydraulcylindrar f\u00f6r reservcylindrar med ett komplett produktsortiment och har blivit en av de ledande tillverkarna och grossistdistribut\u00f6rerna av hydraulcylindrar p\u00e5 den inhemska och internationella marknaden. Vi f\u00f6ljer principen om h\u00f6gsta kvalitet och f\u00f6rlitar oss p\u00e5 strategier f\u00f6r industriell produktionsledning i v\u00e5ra fint tillverkade verkst\u00e4der. Vi f\u00f6rb\u00e4ttrar kontinuerligt v\u00e5r tillverkningsplattform och finslipar v\u00e5r produktionskvalitet med hj\u00e4lp av tekniska talanger, digitaliserad avancerad tillverkningsutrustning och professionella testsystem. Vi har gedigen kreativ f\u00f6rm\u00e5ga och kan tillgodose olika kundkrav med principer om h\u00f6g effektivitet, h\u00f6g precision och h\u00f6g kvalitet.<\/p>\n<p><img decoding=\"async\" src=\"https:\/\/hzpt.com\/wp-content\/uploads\/2024\/11\/songte-company-1.webp\" alt=\"Skopscylinder f\u00f6r Case Middle Excavator CX21B-EM\"><\/p>\n<h3>Professionalism<\/h3>\n<p>Vi erbjuder professionella hydrauliska cylinderl\u00f6sningar f\u00f6r v\u00e5ra kunder.<\/p>\n<h3>Internationell certifiering<\/h3>\n<p>V\u00e5ra produkter \u00e4r certifierade enligt internationella standarder som ISO9001 och CE.<\/p>\n<h3>Anpassningstj\u00e4nster<\/h3>\n<p>Vi erbjuder anpassningstj\u00e4nster f\u00f6r att m\u00f6ta v\u00e5ra kunders specifika behov.<\/p>\n<h3>Produktionsutrustning<\/h3>\n<p>Vi anv\u00e4nder toppmodern produktionsutrustning f\u00f6r att s\u00e4kerst\u00e4lla produktkvaliteten.<\/p>\n<h3>Eftermarknadsservice<\/h3>\n<p>Vi erbjuder omfattande eftermarknadsservice och teknisk support f\u00f6r v\u00e5ra kunder.<\/p>\n<p>F\u00f6rfattare: lyl<\/p>","protected":false},"excerpt":{"rendered":"<p>Bucket Cylinder For Case Middle Excavator CX21B-EM Introduction The bucket cylinder for Case middle excavator CX21B-EM is a specially designed hydraulic cylinder used primarily to control the movement of the bucket in heavy machinery such as excavators, backhoe excavators, and front-end loaders. Its primary function is to allow the bucket to lift, lower, and tilt, [&hellip;]<\/p>","protected":false},"featured_media":14782,"comment_status":"open","ping_status":"closed","template":"","meta":{"_et_pb_use_builder":"","_et_pb_old_content":"","_et_gb_content_width":""},"product_brand":[],"product_cat":[1494],"product_tag":[1495,1496],"class_list":{"0":"post-15722","1":"product","2":"type-product","3":"status-publish","4":"has-post-thumbnail","6":"product_cat-bucket-cylinders","7":"product_tag-bucket-cylinders","8":"product_tag-hydraulic-cylinders","10":"first","11":"instock","12":"shipping-taxable","13":"product-type-simple"},"amp_enabled":true,"_links":{"self":[{"href":"https:\/\/www.hydraulic-cylinders.net\/sv\/wp-json\/wp\/v2\/product\/15722","targetHints":{"allow":["GET"]}}],"collection":[{"href":"https:\/\/www.hydraulic-cylinders.net\/sv\/wp-json\/wp\/v2\/product"}],"about":[{"href":"https:\/\/www.hydraulic-cylinders.net\/sv\/wp-json\/wp\/v2\/types\/product"}],"replies":[{"embeddable":true,"href":"https:\/\/www.hydraulic-cylinders.net\/sv\/wp-json\/wp\/v2\/comments?post=15722"}],"wp:featuredmedia":[{"embeddable":true,"href":"https:\/\/www.hydraulic-cylinders.net\/sv\/wp-json\/wp\/v2\/media\/14782"}],"wp:attachment":[{"href":"https:\/\/www.hydraulic-cylinders.net\/sv\/wp-json\/wp\/v2\/media?parent=15722"}],"wp:term":[{"taxonomy":"product_brand","embeddable":true,"href":"https:\/\/www.hydraulic-cylinders.net\/sv\/wp-json\/wp\/v2\/product_brand?post=15722"},{"taxonomy":"product_cat","embeddable":true,"href":"https:\/\/www.hydraulic-cylinders.net\/sv\/wp-json\/wp\/v2\/product_cat?post=15722"},{"taxonomy":"product_tag","embeddable":true,"href":"https:\/\/www.hydraulic-cylinders.net\/sv\/wp-json\/wp\/v2\/product_tag?post=15722"}],"curies":[{"name":"wp","href":"https:\/\/api.w.org\/{rel}","templated":true}]}}