{"id":15731,"date":"2025-01-19T14:54:16","date_gmt":"2025-01-19T14:54:16","guid":{"rendered":"https:\/\/www.hydraulic-cylinders.net\/product\/bucket-cylinder-for-case-wheel-excavator-wx168\/"},"modified":"2025-01-19T14:54:18","modified_gmt":"2025-01-19T14:54:18","slug":"bucket-cylinder-for-case-wheel-excavator-wx168","status":"publish","type":"product","link":"https:\/\/www.hydraulic-cylinders.net\/sv\/produkt\/bucket-cylinder-for-case-wheel-excavator-wx168\/","title":{"rendered":"Skopscylinder f\u00f6r Case Wheel Excavator WX168"},"content":{"rendered":"<p><!DOCTYPE html><br \/>\n<html><br \/>\n<head><br \/>\n<\/head><br \/>\n<body><\/p>\n<h1>Skopscylinder f\u00f6r Case Wheel Excavator WX168<\/h1>\n<h2>Introduktion<\/h2>\n<p>Skopcylindern \u00e4r en specialdesignad hydraulcylinder som anv\u00e4nds f\u00f6r att styra skopans r\u00f6relse i tunga maskiner som gr\u00e4vmaskiner, gr\u00e4vlastare och hjullastare. Dess huvudsakliga funktion \u00e4r att m\u00f6jligg\u00f6ra lyftning, s\u00e4nkning och lutning av skopan, vilket g\u00f6r den bekv\u00e4m f\u00f6r olika materialhanteringsuppgifter. I hydraulsystemet uppn\u00e5r skopcylindern exakt kontroll \u00f6ver skopan genom att utnyttja tryckf\u00f6r\u00e4ndringarna i hydrauloljan, vilket g\u00f6r det m\u00f6jligt f\u00f6r operat\u00f6rer att effektivt hantera tunga laster och anpassa sig till komplexa arbetsmilj\u00f6er och olika driftsbehov.<\/p>\n<p><img decoding=\"async\" src=\"https:\/\/www.hydraulic-cylinders.net\/wp-content\/uploads\/2025\/01\/songte-company-2.webp\" alt=\"Bild av skopcylinder\"><\/p>\n<h2>Drag<\/h2>\n<ul>\n<li>H\u00f6g h\u00e5llfasthet och h\u00e5llbarhet: Vanligtvis tillverkad av h\u00f6gh\u00e5llfast st\u00e5l eller aluminium, t\u00e5l h\u00f6ga tryck och tunga belastningar, anpassar sig till tuffa arbetsf\u00f6rh\u00e5llanden och \u00e4r konstruerad med h\u00e4nsyn till slitstyrka och korrosionsbest\u00e4ndighet f\u00f6r att f\u00f6rl\u00e4nga livsl\u00e4ngden.<\/li>\n<li>Effektiv hydraulisk drift: Anv\u00e4nder hydrauloljetryck f\u00f6r att uppn\u00e5 smidiga ut- och indragningsr\u00f6relser, kan snabbt reagera p\u00e5 kontrollkommandon, ge kraftfulla tryck- och dragkrafter, l\u00e4mplig f\u00f6r hantering av tunga laster och komplexa driftsuppgifter.<\/li>\n<li>Flera typer: Kan v\u00e4lja mellan enkelverkande (hydraulik anv\u00e4nds endast i en riktning) eller dubbelverkande (hydraulik anv\u00e4nds i b\u00e5da riktningarna) cylindrar enligt behov. Vissa modeller \u00e4r teleskopiska, vilket m\u00f6jligg\u00f6r st\u00f6rre utdrag utan att \u00f6ka ytterm\u00e5tten, l\u00e4mpliga f\u00f6r applikationer med begr\u00e4nsat utrymme.<\/li>\n<li>Perfekt ers\u00e4ttning: V\u00e5ra produkter kan perfekt ers\u00e4tta dessa hydraulcylindrar.<\/li>\n<\/ul>\n<p><img decoding=\"async\" src=\"https:\/\/www.hydraulic-cylinders.net\/wp-content\/uploads\/2025\/01\/songte-cylinder-head-with-all-kinds-excavator-models.webp\" alt=\"Bild av utbytescylinder\"><\/p>\n<h2>Applikationer<\/h2>\n<p>Skopscylindern anv\u00e4nds inom olika industrier och utrustningar:<\/p>\n<ul>\n<li>Byggutrustning: De finns i gr\u00e4vmaskiner och \u00e4r avg\u00f6rande f\u00f6r gr\u00e4vning, lastning och flyttning av jord eller skr\u00e4p. I gr\u00e4vlastare hj\u00e4lper skopcylindern till vid b\u00e5de gr\u00e4vning och lyftning.<\/li>\n<li>Jordbruksmaskiner: Anv\u00e4nds i frontlastare f\u00f6r att \u00f6sa, lyfta och transportera jord, h\u00f6 och andra material.<\/li>\n<li>Gr\u00e4vmaskiner: Skopans cylinder m\u00f6jligg\u00f6r gr\u00e4vning genom att l\u00e5ta skopan tr\u00e4nga ner i jorden.<\/li>\n<li>Hjullastare: Frontlastare hj\u00e4lper till att lyfta och dumpa last effektivt.<\/li>\n<\/ul>\n<h2>Design\u00f6verv\u00e4ganden och urvalskriterier<\/h2>\n<p>N\u00e4r det g\u00e4ller design\u00f6verv\u00e4ganden b\u00f6r skopcylinderns b\u00e4rf\u00f6rm\u00e5ga, t\u00e4tning, h\u00e5llbarhet, s\u00e4kerhet och underh\u00e5llbarhet diskuteras:<\/p>\n<p><img decoding=\"async\" src=\"https:\/\/www.hydraulic-cylinders.net\/wp-content\/uploads\/2025\/01\/songte-oil-pipes-and-spare-parts.webp\" alt=\"Design\u00f6verv\u00e4ganden Bild\"><\/p>\n<h2>T\u00e4tning och sm\u00f6rjning<\/h2>\n<p>Skopscylindern anv\u00e4nder olika t\u00e4tningselement, s\u00e5som kolvt\u00e4tningar och kolvst\u00e5ngst\u00e4tningar, vilka \u00e4r tillverkade av slitstarka material som polyuretan och nitrilgummi. Cylinderhuset och de g\u00e4ngade \u00e4ndarna genomg\u00e5r noggrann behandling f\u00f6r att f\u00f6rb\u00e4ttra slitstyrkan. Regelbunden sm\u00f6rjning med l\u00e4mplig m\u00e4ngd hydraulolja \u00e4r n\u00f6dv\u00e4ndig.<\/p>\n<h2>Regelbunden inspektion och f\u00f6rebyggande underh\u00e5ll<\/h2>\n<p>Regelbunden inspektion och f\u00f6rebyggande underh\u00e5lls\u00e5tg\u00e4rder b\u00f6r vidtas, inklusive:<\/p>\n<h2>Produktinstallationsguide<\/h2>\n<p>Korrekt installation av skopcylindern \u00e4r avg\u00f6rande. H\u00e4r \u00e4r riktlinjerna:<\/p>\n<h2>Underh\u00e5llsuppgifter<\/h2>\n<p>Vanliga underh\u00e5llsuppgifter inkluderar regelbunden inspektion, korrekt sm\u00f6rjning, byte av t\u00e4tningar och kalibreringskontroller. Det \u00e4r viktigt att betona vikten av korrekt installation, sm\u00f6rjning och justering. Ge v\u00e4gledning om hur cylindern riktas in korrekt under installationen och f\u00f6resl\u00e5 anv\u00e4ndning av l\u00e4mpliga monteringsf\u00e4sten f\u00f6r att s\u00e4kra cylindern. Rekommendera inspektions-, reparations- och utbytesprocedurer, samt ombyggnadstj\u00e4nster f\u00f6r att f\u00f6rl\u00e4nga skopcylinderns livsl\u00e4ngd.<\/p>\n<p><img decoding=\"async\" src=\"https:\/\/www.hydraulic-cylinders.net\/wp-content\/uploads\/2025\/01\/songte-chushion-collar.webp\" alt=\"Bild f\u00f6r underh\u00e5llsuppgifter\"><\/p>\n<h2>S\u00e4kerhetsaspekter och milj\u00f6faktorer<\/h2>\n<p>Belysa vikten av s\u00e4kerhets\u00e5tg\u00e4rder vid anv\u00e4ndning av skopcylindern med hj\u00e4lp av nyckelord och diskutera eventuella milj\u00f6faktorer som kan p\u00e5verka dess funktion.<\/p>\n<h2>Fels\u00f6kning och vanliga problem<\/h2>\n<p>Att adressera m\u00f6jliga fel och vanliga problem, ge fels\u00f6kningstips och l\u00f6sningar f\u00f6r att hj\u00e4lpa l\u00e4sarna att diagnostisera och l\u00f6sa problem effektivt. F\u00f6resl\u00e5 f\u00f6rebyggande \u00e5tg\u00e4rder f\u00f6r att minimera potentiella problem.<\/p>\n<p><img decoding=\"async\" src=\"https:\/\/www.hydraulic-cylinders.net\/wp-content\/uploads\/2025\/01\/songte-bushings-with-all-kinds-of-excavator-models.webp\" alt=\"Fels\u00f6kningsbild\"><\/p>\n<h2>Om v\u00e5rt f\u00f6retag<\/h2>\n<p>Vi \u00e4r en tillverkare av hydraulcylindrar f\u00f6r reservdelar och erbjuder ett brett utbud av produkter. Vi har blivit en av de ledande tillverkarna och grossistdistribut\u00f6rerna av hydraulcylindrar p\u00e5 inhemska och internationella marknader. V\u00e5rt f\u00f6retag f\u00f6ljer en strategi f\u00f6r industrialiserad produktionshantering, med f\u00f6rlitande p\u00e5 utm\u00e4rkt kvalitet och anv\u00e4ndning av en sofistikerad tillverkningsverkstad, tekniska talanger, avancerad digital tillverkningsutrustning och professionella testsystem. Vi f\u00f6rb\u00e4ttrar kontinuerligt tillverkningsplattformen, finslipar produktionsv\u00e4gen f\u00f6r produktkvalitet och har starka kreativa f\u00f6rm\u00e5gor. Vi str\u00e4var efter att m\u00f6ta kundernas olika behov med h\u00f6g effektivitet, h\u00f6g precision och h\u00f6gkvalitativa principer.<\/p>\n<p><img decoding=\"async\" src=\"https:\/\/www.hydraulic-cylinders.net\/wp-content\/uploads\/2025\/01\/songte-company-3.webp\" alt=\"F\u00f6retagsbild\"><\/p>\n<p>Dessutom \u00e4r vi stolta \u00f6ver v\u00e5r professionalism, internationella certifieringar, kundanpassade tj\u00e4nster, produktionsutrustning och eftermarknadsservice.<\/p>\n<p>F\u00f6rfattare: lyl<\/p>\n<p><\/body><br \/>\n<\/html><\/p>","protected":false},"excerpt":{"rendered":"<p>Bucket Cylinder For Case Wheel Excavator WX168 Introduction The bucket cylinder is a specifically designed hydraulic cylinder used to control the movement of the bucket in heavy machinery such as excavators, backhoe loaders, and wheel loaders. Its main function is to enable the lifting, lowering, and tilting of the bucket, making it convenient for various [&hellip;]<\/p>","protected":false},"featured_media":14761,"comment_status":"open","ping_status":"closed","template":"","meta":{"_et_pb_use_builder":"","_et_pb_old_content":"","_et_gb_content_width":""},"product_brand":[],"product_cat":[1494],"product_tag":[1495,1496],"class_list":{"0":"post-15731","1":"product","2":"type-product","3":"status-publish","4":"has-post-thumbnail","6":"product_cat-bucket-cylinders","7":"product_tag-bucket-cylinders","8":"product_tag-hydraulic-cylinders","10":"first","11":"instock","12":"shipping-taxable","13":"product-type-simple"},"amp_enabled":true,"_links":{"self":[{"href":"https:\/\/www.hydraulic-cylinders.net\/sv\/wp-json\/wp\/v2\/product\/15731","targetHints":{"allow":["GET"]}}],"collection":[{"href":"https:\/\/www.hydraulic-cylinders.net\/sv\/wp-json\/wp\/v2\/product"}],"about":[{"href":"https:\/\/www.hydraulic-cylinders.net\/sv\/wp-json\/wp\/v2\/types\/product"}],"replies":[{"embeddable":true,"href":"https:\/\/www.hydraulic-cylinders.net\/sv\/wp-json\/wp\/v2\/comments?post=15731"}],"wp:featuredmedia":[{"embeddable":true,"href":"https:\/\/www.hydraulic-cylinders.net\/sv\/wp-json\/wp\/v2\/media\/14761"}],"wp:attachment":[{"href":"https:\/\/www.hydraulic-cylinders.net\/sv\/wp-json\/wp\/v2\/media?parent=15731"}],"wp:term":[{"taxonomy":"product_brand","embeddable":true,"href":"https:\/\/www.hydraulic-cylinders.net\/sv\/wp-json\/wp\/v2\/product_brand?post=15731"},{"taxonomy":"product_cat","embeddable":true,"href":"https:\/\/www.hydraulic-cylinders.net\/sv\/wp-json\/wp\/v2\/product_cat?post=15731"},{"taxonomy":"product_tag","embeddable":true,"href":"https:\/\/www.hydraulic-cylinders.net\/sv\/wp-json\/wp\/v2\/product_tag?post=15731"}],"curies":[{"name":"wp","href":"https:\/\/api.w.org\/{rel}","templated":true}]}}