{"id":15734,"date":"2025-01-19T14:54:32","date_gmt":"2025-01-19T14:54:32","guid":{"rendered":"https:\/\/www.hydraulic-cylinders.net\/product\/bucket-cylinder-for-zhenyu-small-excavator-zy330\/"},"modified":"2025-01-19T14:54:35","modified_gmt":"2025-01-19T14:54:35","slug":"bucket-cylinder-for-zhenyu-small-excavator-zy330","status":"publish","type":"product","link":"https:\/\/www.hydraulic-cylinders.net\/sv\/produkt\/bucket-cylinder-for-zhenyu-small-excavator-zy330\/","title":{"rendered":"Skopscylinder f\u00f6r Zhenyu liten gr\u00e4vmaskin ZY330"},"content":{"rendered":"<h1>Skopscylinder f\u00f6r Zhenyu liten gr\u00e4vmaskin ZY330<\/h1>\n<h2>Introduktion<\/h2>\n<p>Skopcylindern till Zhenyu liten gr\u00e4vmaskin ZY330 \u00e4r en specialdesignad hydraulcylinder som anv\u00e4nds f\u00f6r att styra skopans r\u00f6relse i tunga maskiner som gr\u00e4vmaskiner, gr\u00e4vlastare och frontlastare. Dess huvudsakliga funktion \u00e4r att g\u00f6ra det m\u00f6jligt att lyfta, s\u00e4nka och luta skopan, vilket g\u00f6r det enklare att utf\u00f6ra olika materialhanteringsuppgifter. Skopcylindrar i hydraulsystem styr skopans exakta r\u00f6relse genom f\u00f6r\u00e4ndringar i hydrauloljetrycket, vilket g\u00f6r det m\u00f6jligt f\u00f6r f\u00f6rare att hantera tunga laster effektivt och anpassa sig till komplexa arbetsmilj\u00f6er och olika arbetskrav.<\/p>\n<p><img decoding=\"async\" src=\"https:\/\/www.hydraulic-cylinders.net\/wp-content\/uploads\/2025\/01\/songte-company-2.webp\" alt=\"Skopscylinder f\u00f6r Zhenyu liten gr\u00e4vmaskin ZY330\"><\/p>\n<h2>Drag<\/h2>\n<ul>\n<li>H\u00f6g h\u00e5llfasthet och h\u00e5llbarhet: Skopscylindern \u00e4r vanligtvis tillverkad av h\u00f6gh\u00e5llfast st\u00e5l eller aluminium och t\u00e5l h\u00f6gt tryck och tunga belastningar, anpassar sig till tuffa arbetsmilj\u00f6er och \u00e4r konstruerad f\u00f6r slitstyrka och korrosionsbest\u00e4ndighet, vilket f\u00f6rl\u00e4nger dess livsl\u00e4ngd.<\/li>\n<li>Effektiv hydraulisk drift: Genom att utnyttja hydrauloljetrycket f\u00f6r att uppn\u00e5 smidig ut- och ink\u00f6rning kan skopcylindern snabbt reagera p\u00e5 styrkommandon, vilket ger kraftfulla tryck- och dragkrafter l\u00e4mpliga f\u00f6r hantering av tunga laster och komplexa arbetsuppgifter.<\/li>\n<li>Olika typer: Enkelverkande (hydraulik anv\u00e4nds endast i en riktning) eller dubbelverkande (hydraulik anv\u00e4nds i b\u00e5da riktningarna) cylindrar kan v\u00e4ljas efter driftsbehov. Vissa modeller \u00e4r teleskopiska, vilket m\u00f6jligg\u00f6r st\u00f6rre utdrag utan att \u00f6ka ytterm\u00e5tten, l\u00e4mpliga f\u00f6r applikationer med begr\u00e4nsat utrymme.<\/li>\n<li>Anpassningsbar: Vi kan producera denna produkt och den kan perfekt ers\u00e4tta dessa hydraulcylindrar.<\/li>\n<\/ul>\n<p><img decoding=\"async\" src=\"https:\/\/www.hydraulic-cylinders.net\/wp-content\/uploads\/2025\/01\/songte-cylinder-head-with-all-kinds-excavator-models.webp\" alt=\"Skopscylinder f\u00f6r Zhenyu liten gr\u00e4vmaskin ZY330\"><\/p>\n<h2>Applikationer<\/h2>\n<p>Skopscylindern anv\u00e4nds ofta i olika utrustningar s\u00e5som:<\/p>\n<ul>\n<li>Byggmaskiner: I gr\u00e4vmaskiner \u00e4r de viktiga f\u00f6r att gr\u00e4va, lasta och flytta jord eller skr\u00e4p. I gr\u00e4vlastare hj\u00e4lper skopcylindern till med gr\u00e4vning och lyftning. <\/li>\n<li>Jordbruksmaskiner: Anv\u00e4nds i frontlastare, de skopar, lyfter och transporterar jord, h\u00f6 och andra material. <\/li>\n<li>Gr\u00e4vmaskiner: Skopscylindrar m\u00f6jligg\u00f6r gr\u00e4vning genom att l\u00e5ta skopan tr\u00e4nga ner i jorden.<\/li>\n<li>Frontlastare: Frontlastare hj\u00e4lper till med att lyfta och dumpa gods effektivt.<\/li>\n<\/ul>\n<h2>Design\u00f6verv\u00e4ganden och urvalskriterier<\/h2>\n<p>Skopscylindrar har vissa design\u00f6verv\u00e4ganden och urvalskriterier s\u00e5som:<\/p>\n<ul>\n<li>B\u00e4rf\u00f6rm\u00e5ga: Cylindern m\u00e5ste ha tillr\u00e4cklig styrka f\u00f6r att motst\u00e5 tunga belastningar.<\/li>\n<li>T\u00e4tning: H\u00f6gkvalitativa t\u00e4tningar \u00e4r n\u00f6dv\u00e4ndiga f\u00f6r att f\u00f6rhindra l\u00e4ckage och uppr\u00e4tth\u00e5lla effektiv drift.<\/li>\n<li>H\u00e5llbarhet: Den b\u00f6r vara konstruerad f\u00f6r att motst\u00e5 slitage och korrosion f\u00f6r att f\u00f6rl\u00e4nga dess livsl\u00e4ngd.<\/li>\n<li>S\u00e4kerhet: Skopscylindrar m\u00e5ste vara konstruerade f\u00f6r att f\u00f6rhindra olyckor, skydda arbetare och undvika skador p\u00e5 utrustning.<\/li>\n<li>Underh\u00e5llbarhet: Skopscylindrar b\u00f6r vara konstruerade f\u00f6r att vara enkla att reparera och underh\u00e5lla.<\/li>\n<\/ul>\n<p><img decoding=\"async\" src=\"https:\/\/www.hydraulic-cylinders.net\/wp-content\/uploads\/2025\/01\/songte-oil-pipes-and-spare-parts.webp\" alt=\"Skopscylinder f\u00f6r Zhenyu liten gr\u00e4vmaskin ZY330\"><\/p>\n<h2>T\u00e4tning och sm\u00f6rjning<\/h2>\n<p>Olika t\u00e4tningar, s\u00e5som kolvt\u00e4tningar och kolvst\u00e5ngst\u00e4tningar, anv\u00e4nds i skopcylindrar. T\u00e4tningar tillverkade av slitstarka material som polyuretan och nitrilgummi anv\u00e4nds vanligtvis. Cylinderhuset och g\u00e4ng\u00e4ndytorna \u00e4r finbearbetade f\u00f6r att f\u00f6rb\u00e4ttra slitstyrkan. Regelbunden sm\u00f6rjning med l\u00e4mpliga m\u00e4ngder hydraulolja \u00e4r n\u00f6dv\u00e4ndig f\u00f6r att s\u00e4kerst\u00e4lla l\u00e5ng livsl\u00e4ngd.<\/p>\n<h2>Underh\u00e5ll och reparation<\/h2>\n<p>Regelbunden inspektion, korrekt sm\u00f6rjning, byte av t\u00e4tningar och kalibreringskontroller \u00e4r vanliga underh\u00e5llsuppgifter. Korrekt installation, sm\u00f6rjning och justering \u00e4r avg\u00f6rande, och korrekt uppriktningsv\u00e4gledning b\u00f6r ges under installationen. Vi rekommenderar att l\u00e4mpliga installationsf\u00e4sten anv\u00e4nds f\u00f6r att s\u00e4kra cylindern. Vi tillhandah\u00e5ller rekommenderade inspektions-, reparations- och utbytesprocedurer, reservdelar och ombyggnadstj\u00e4nster f\u00f6r att f\u00f6rl\u00e4nga skopcylinderns livsl\u00e4ngd.<\/p>\n<p><img decoding=\"async\" src=\"https:\/\/www.hydraulic-cylinders.net\/wp-content\/uploads\/2025\/01\/songte-chushion-collar.webp\" alt=\"Skopscylinder f\u00f6r Zhenyu liten gr\u00e4vmaskin ZY330\"><\/p>\n<h2>S\u00e4kerhetsaspekter och milj\u00f6faktorer<\/h2>\n<p>Vid anv\u00e4ndning av skopcylindrar \u00e4r s\u00e4kerhets\u00e5tg\u00e4rder viktiga. F\u00f6r att f\u00f6rhindra potentiella problem b\u00f6r korrekt underh\u00e5ll och inspektion av utrustningen utf\u00f6ras regelbundet. Milj\u00f6faktorer som temperatur, fuktighet och korrosiva \u00e4mnen b\u00f6r ocks\u00e5 beaktas vid val och anv\u00e4ndning av skopcylindrar.<\/p>\n<h2>Fels\u00f6kning och vanliga problem<\/h2>\n<p>Skopscylindrar kan uppleva problem som l\u00e4ckor, l\u00e5gt tryck eller l\u00e5ngsam r\u00f6relse. Fels\u00f6knings- och probleml\u00f6sningstips ges f\u00f6r att hj\u00e4lpa l\u00e4sarna att diagnostisera och l\u00f6sa problem effektivt. F\u00f6rebyggande \u00e5tg\u00e4rder rekommenderas f\u00f6r att minimera potentiella problem.<\/p>\n<p><img decoding=\"async\" src=\"https:\/\/www.hydraulic-cylinders.net\/wp-content\/uploads\/2025\/01\/songte-bushings-with-all-kinds-of-excavator-models.webp\" alt=\"Skopscylinder f\u00f6r Zhenyu liten gr\u00e4vmaskin ZY330\"><\/p>\n<h2>Om v\u00e5rt f\u00f6retag<\/h2>\n<p>Vi \u00e4r en tillverkare av hydraulcylindrar som ers\u00e4tter hydraulcylindrar. Vi har ett komplett produktsortiment och har blivit en av de ledande tillverkarna och grossisterna av hydraulcylindrar p\u00e5 inhemska och internationella marknader. Vi f\u00f6ljer v\u00e5r policy f\u00f6r utm\u00e4rkt kvalitet och f\u00f6rlitar oss p\u00e5 industrialiseringsbaserade produktionsledningsstrategier fr\u00e5n fintillverkningsverkst\u00e4der. V\u00e5rt f\u00f6retag f\u00f6rb\u00e4ttrar st\u00e4ndigt verkstadens tillverkningsplattform, full\u00e4ndar produktionslinjens produktkvalitet och har stark kreativ f\u00f6rm\u00e5ga. Vi tillgodoser kundernas olika behov med principerna om h\u00f6g effektivitet, h\u00f6g precision och h\u00f6g kvalitet.<\/p>\n<p>Vi erbjuder professionella, internationellt certifierade, kundanpassade tj\u00e4nster, avancerad produktionsutrustning och eftermarknadsservice f\u00f6r att ut\u00f6ka v\u00e5rt f\u00f6retags introduktion.<\/p>\n<p><img decoding=\"async\" src=\"https:\/\/hzpt.com\/wp-content\/uploads\/2024\/11\/songte-company-1.webp\" alt=\"Skopscylinder f\u00f6r Zhenyu liten gr\u00e4vmaskin ZY330\"><\/p>\n<h3>F\u00f6rfattare: lyl<\/h3>","protected":false},"excerpt":{"rendered":"<p>Bucket Cylinder For Zhenyu Small Excavator ZY330 Introduction The bucket cylinder for Zhenyu small excavator ZY330 is a specially-designed hydraulic cylinder used to control the movement of the bucket in heavy machinery such as excavators, backhoe loaders, and front-end loaders. Its main function is to enable the bucket to lift, lower, and tilt, making it [&hellip;]<\/p>","protected":false},"featured_media":14787,"comment_status":"open","ping_status":"closed","template":"","meta":{"_et_pb_use_builder":"","_et_pb_old_content":"","_et_gb_content_width":""},"product_brand":[],"product_cat":[1494],"product_tag":[1495,1496],"class_list":{"0":"post-15734","1":"product","2":"type-product","3":"status-publish","4":"has-post-thumbnail","6":"product_cat-bucket-cylinders","7":"product_tag-bucket-cylinders","8":"product_tag-hydraulic-cylinders","10":"first","11":"instock","12":"shipping-taxable","13":"product-type-simple"},"amp_enabled":true,"_links":{"self":[{"href":"https:\/\/www.hydraulic-cylinders.net\/sv\/wp-json\/wp\/v2\/product\/15734","targetHints":{"allow":["GET"]}}],"collection":[{"href":"https:\/\/www.hydraulic-cylinders.net\/sv\/wp-json\/wp\/v2\/product"}],"about":[{"href":"https:\/\/www.hydraulic-cylinders.net\/sv\/wp-json\/wp\/v2\/types\/product"}],"replies":[{"embeddable":true,"href":"https:\/\/www.hydraulic-cylinders.net\/sv\/wp-json\/wp\/v2\/comments?post=15734"}],"wp:featuredmedia":[{"embeddable":true,"href":"https:\/\/www.hydraulic-cylinders.net\/sv\/wp-json\/wp\/v2\/media\/14787"}],"wp:attachment":[{"href":"https:\/\/www.hydraulic-cylinders.net\/sv\/wp-json\/wp\/v2\/media?parent=15734"}],"wp:term":[{"taxonomy":"product_brand","embeddable":true,"href":"https:\/\/www.hydraulic-cylinders.net\/sv\/wp-json\/wp\/v2\/product_brand?post=15734"},{"taxonomy":"product_cat","embeddable":true,"href":"https:\/\/www.hydraulic-cylinders.net\/sv\/wp-json\/wp\/v2\/product_cat?post=15734"},{"taxonomy":"product_tag","embeddable":true,"href":"https:\/\/www.hydraulic-cylinders.net\/sv\/wp-json\/wp\/v2\/product_tag?post=15734"}],"curies":[{"name":"wp","href":"https:\/\/api.w.org\/{rel}","templated":true}]}}