{"id":15737,"date":"2025-01-19T14:54:44","date_gmt":"2025-01-19T14:54:44","guid":{"rendered":"https:\/\/www.hydraulic-cylinders.net\/product\/bucket-cylinder-for-world-small-excavator-w235\/"},"modified":"2025-01-19T14:54:46","modified_gmt":"2025-01-19T14:54:46","slug":"bucket-cylinder-for-world-small-excavator-w235","status":"publish","type":"product","link":"https:\/\/www.hydraulic-cylinders.net\/sv\/produkt\/bucket-cylinder-for-world-small-excavator-w235\/","title":{"rendered":"Skopscylinder f\u00f6r liten gr\u00e4vmaskin i v\u00e4rlden W235"},"content":{"rendered":"<h1>Skopscylinder f\u00f6r liten gr\u00e4vmaskin i v\u00e4rlden W235<\/h1>\n<h2>Introduktion<\/h2>\n<p>Skopcylindern, \u00e4ven k\u00e4nd som hydraulcylinder, \u00e4r ett specialdesignat hydrauliskt st\u00e4lldon som fr\u00e4mst styr skopans r\u00f6relse i tunga maskiner som gr\u00e4vmaskiner, gr\u00e4vmaskiner och frontlastare. Dess huvudsakliga funktion \u00e4r att lyfta, s\u00e4nka och luta skopan, vilket g\u00f6r det enklare att hantera olika materialhanteringsuppgifter. I hydraulsystemet styr skopcylindern exakt skopans r\u00f6relse genom att \u00e4ndra hydrauloljans tryck, vilket g\u00f6r det m\u00f6jligt f\u00f6r operat\u00f6rer att hantera tunga f\u00f6rem\u00e5l effektivt och anpassa sig till komplexa arbetsmilj\u00f6er och olika arbetskrav.<\/p>\n<p><img decoding=\"async\" src=\"https:\/\/www.hydraulic-cylinders.net\/wp-content\/uploads\/2025\/01\/songte-company-2.webp\" alt=\"Bild av skopcylinder\"><\/p>\n<h2>Drag<\/h2>\n<ul>\n<li>H\u00f6g h\u00e5llfasthet och h\u00e5llbarhet: Vanligtvis tillverkad av h\u00f6gh\u00e5llfast st\u00e5l eller aluminium, t\u00e5l den h\u00f6gt tryck och tunga belastningar och anpassar sig till tuffa arbetsmilj\u00f6er. Designen tar \u00e4ven h\u00e4nsyn till slitstyrka och korrosionsbest\u00e4ndighet, vilket f\u00f6rl\u00e4nger dess livsl\u00e4ngd.<\/li>\n<li>Effektiv hydraulisk drift: Genom att anv\u00e4nda hydrauloljetrycket f\u00f6r att uppn\u00e5 smidiga ut- och sammandragningsr\u00f6relser kan den snabbt reagera p\u00e5 kontrollkommandon och ge kraftfulla tryck- och dragkrafter som \u00e4r l\u00e4mpliga f\u00f6r hantering av tunga f\u00f6rem\u00e5l och komplexa arbetsuppgifter.<\/li>\n<li>Olika typer: Enkelverkande (hydrauliska cylindrar i endast en riktning) eller dubbelverkande (hydrauliska cylindrar i b\u00e5da riktningarna) cylindrar kan v\u00e4ljas efter behov f\u00f6r att m\u00f6ta olika driftsbehov. Vissa modeller \u00e4r teleskopiska, vilket m\u00f6jligg\u00f6r st\u00f6rre utdrag utan att \u00f6ka de yttre m\u00e5tten, l\u00e4mpliga f\u00f6r applikationer med begr\u00e4nsat utrymme.<\/li>\n<li>Utbytbarhet: V\u00e5ra produkter kan perfekt ers\u00e4tta dessa hydraulcylindrar.<\/li>\n<\/ul>\n<p><img decoding=\"async\" src=\"https:\/\/www.hydraulic-cylinders.net\/wp-content\/uploads\/2025\/01\/songte-cylinder-head-with-all-kinds-excavator-models.webp\" alt=\"Bild av hydraulcylinder\"><\/p>\n<h2>Applikationer<\/h2>\n<p>Skopscylindern har breda till\u00e4mpningar inom olika branscher, s\u00e5som:<\/p>\n<ul>\n<li>Byggutrustning: Skopscylindern \u00e4r avg\u00f6rande i gr\u00e4vmaskiner f\u00f6r att gr\u00e4va, lasta och flytta jord eller skr\u00e4p. I gr\u00e4vmaskiner hj\u00e4lper den till med b\u00e5de gr\u00e4vning och lyftning. <\/li>\n<li>Jordbruksmaskiner: Anv\u00e4nds f\u00f6r frontlastare, plockar upp, lyfter och transporterar jord, h\u00f6 och andra material. I gr\u00e4vmaskiner g\u00f6r skopcylindern att skopan kan tr\u00e4nga ner i jorden under gr\u00e4vningen. <\/li>\n<li>Lastare: I frontlastare hj\u00e4lper den till med att tilta och dumpa last effektivt.<\/li>\n<\/ul>\n<h2>Design\u00f6verv\u00e4ganden och urvalsstandarder<\/h2>\n<p>Vid konstruktion av skopcylindrar m\u00e5ste flera faktorer beaktas, inklusive:<\/p>\n<ul>\n<li>B\u00e4rf\u00f6rm\u00e5ga: Skopans cylindrar m\u00e5ste ha en b\u00e4rf\u00f6rm\u00e5ga som \u00e4r tillr\u00e4cklig f\u00f6r att hantera vikten av det material som flyttas och eventuella yttre krafter som verkar p\u00e5 skopan.<\/li>\n<li>T\u00e4tning: Olika t\u00e4tningar, s\u00e5som kolvt\u00e4tningar och kolvst\u00e5ngst\u00e4tningar, anv\u00e4nds f\u00f6r att f\u00f6rhindra oljel\u00e4ckage och f\u00f6rhindra att f\u00f6roreningar tr\u00e4nger in.<\/li>\n<li>H\u00e5llbarhet: Cylindern m\u00e5ste vara konstruerad f\u00f6r att motst\u00e5 tuffa milj\u00f6f\u00f6rh\u00e5llanden och motst\u00e5 slitage och korrosion.<\/li>\n<li>S\u00e4kerhet: Skopscylindern m\u00e5ste vara konstruerad med s\u00e4kerhetsfunktioner f\u00f6r att f\u00f6rhindra olyckor och s\u00e4kerst\u00e4lla f\u00f6rarens s\u00e4kerhet.<\/li>\n<li>Underh\u00e5llbarhet: Cylindern m\u00e5ste vara konstruerad f\u00f6r att vara l\u00e4tt att underh\u00e5lla och reparera, vilket minskar stillest\u00e5ndstid och underh\u00e5llskostnader.<\/li>\n<\/ul>\n<p><img decoding=\"async\" src=\"https:\/\/www.hydraulic-cylinders.net\/wp-content\/uploads\/2025\/01\/songte-oil-pipes-and-spare-parts.webp\" alt=\"Hydrauliska cylinderdelar\"><\/p>\n<h2>T\u00e4tning och sm\u00f6rjning<\/h2>\n<p>Skopscylindrar anv\u00e4nder olika t\u00e4tningar, s\u00e5som kolvt\u00e4tningar och kolvst\u00e5ngst\u00e4tningar, f\u00f6r att f\u00f6rhindra oljel\u00e4ckage och f\u00f6roreningar fr\u00e5n att tr\u00e4nga in. T\u00e4tningarna \u00e4r tillverkade av slitstarka material som polyuretan och nitrilgummi. Cylinderhuset och g\u00e4ng\u00e4nden \u00e4r finbearbetade f\u00f6r att f\u00f6rb\u00e4ttra slitstyrkan. Korrekt sm\u00f6rjning med hydraulolja kr\u00e4vs f\u00f6r att s\u00e4kerst\u00e4lla att skopscylindern fungerar smidigt.<\/p>\n<h2>Underh\u00e5ll<\/h2>\n<p>F\u00f6r att s\u00e4kerst\u00e4lla skopcylinderns l\u00e5nga livsl\u00e4ngd och effektiva drift \u00e4r regelbundet underh\u00e5ll avg\u00f6rande. N\u00e5gra vanliga underh\u00e5llsuppgifter inkluderar:<\/p>\n<ul>\n<li>Regelbundna kontroller av cylinderns skick och prestanda.<\/li>\n<li>Sm\u00f6rjning av cylindern f\u00f6r att s\u00e4kerst\u00e4lla smidig drift.<\/li>\n<li>Byte av slitna t\u00e4tningar.<\/li>\n<li>Kalibreringskontroller f\u00f6r att s\u00e4kerst\u00e4lla korrekt funktion.<\/li>\n<li>Regelbunden inspektion och reng\u00f6ring av cylinderns utv\u00e4ndiga delar.<\/li>\n<\/ul>\n<p><img decoding=\"async\" src=\"https:\/\/www.hydraulic-cylinders.net\/wp-content\/uploads\/2025\/01\/songte-chushion-collar.webp\" alt=\"Hydraulisk cylinderkrage\"><\/p>\n<h2>S\u00e4kerhets- och milj\u00f6h\u00e4nsyn<\/h2>\n<p>L\u00e4mpliga s\u00e4kerhets\u00e5tg\u00e4rder m\u00e5ste vidtas vid anv\u00e4ndning av en skopcylinder f\u00f6r att f\u00f6rhindra olyckor och s\u00e4kerst\u00e4lla f\u00f6rarens s\u00e4kerhet. Det \u00e4r ocks\u00e5 viktigt att beakta milj\u00f6faktorer som oljel\u00e4ckage och spill samt korrekt hantering av hydraulolja och annat avfall.<\/p>\n<h2>Fels\u00f6kning och vanliga problem<\/h2>\n<p>Skopscylindrar \u00e4r ben\u00e4gna att drabbas av olika problem, s\u00e5som oljel\u00e4ckor, skadade t\u00e4tningar och felaktigt fungerande ventiler. Det \u00e4r avg\u00f6rande att diagnostisera och l\u00f6sa dessa problem snabbt f\u00f6r att f\u00f6rhindra driftstopp och kostsamma reparationer. L\u00e4mpliga f\u00f6rebyggande \u00e5tg\u00e4rder som regelbundet underh\u00e5ll och inspektion kan ocks\u00e5 minska potentiella problem.<\/p>\n<p><img decoding=\"async\" src=\"https:\/\/www.hydraulic-cylinders.net\/wp-content\/uploads\/2025\/01\/songte-bushings-with-all-kinds-of-excavator-models.webp\" alt=\"Hydrauliska cylinderbussningar\"><\/p>\n<h2>Om v\u00e5rt f\u00f6retag<\/h2>\n<p>Vi \u00e4r en ledande tillverkare och grossistdistribut\u00f6r av hydraulcylindrar, inklusive skopcylindrar. Vi f\u00f6ljer principerna f\u00f6r utm\u00e4rkt kvalitet och f\u00f6rlitar oss p\u00e5 den industriella produktionsledningsstrategin i en sofistikerad tillverkningsverkstad. V\u00e5rt f\u00f6retag f\u00f6rb\u00e4ttrar kontinuerligt sina tillverkningsplattformar, finslipar produktionslinjer med produktkvalitet och har stark kreativ och effektiv f\u00f6rm\u00e5ga att m\u00f6ta kundernas olika behov. Vi erbjuder professionella, internationella och kundanpassade tj\u00e4nster, har avancerad produktionsutrustning och tillhandah\u00e5ller eftermarknadsservice.<\/p>\n<p><img decoding=\"async\" src=\"https:\/\/hzpt.com\/wp-content\/uploads\/2024\/11\/songte-company-1.webp\" alt=\"F\u00f6retagsbild\"><\/p>\n<p>V\u00e5rt f\u00f6retag erbjuder \u00e4ven:<\/p>\n<ul>\n<li>Professionalism: Vi har ett team av experter med m\u00e5nga \u00e5rs erfarenhet inom omr\u00e5det hydraulcylindrar.<\/li>\n<li>Internationell certifiering: V\u00e5ra produkter har f\u00e5tt internationella certifieringar som CE och ISO.<\/li>\n<li>Anpassningstj\u00e4nster: Vi tillhandah\u00e5ller skr\u00e4ddarsydda hydraulcylinderl\u00f6sningar f\u00f6r att m\u00f6ta specifika kundkrav.<\/li>\n<li>Produktionsutrustning: Vi har avancerad produktionsutrustning s\u00e5som CNC-maskiner, svetsmaskiner och honingsmaskiner.<\/li>\n<li>Eftermarknadsservice: Vi erbjuder eftermarknadsservice, inklusive reparation och byte av delar.<\/li>\n<\/ul>\n<p>F\u00f6rfattare: lyl.<\/p>","protected":false},"excerpt":{"rendered":"<p>Bucket Cylinder For World Small Excavator W235 Introduction The bucket cylinder, also known as a hydraulic cylinder, is a specially designed hydraulic actuator that primarily controls the movement of the bucket in heavy machinery such as excavators, backhoes, and front loaders. Its main function is to lift, lower and tilt the bucket, making it easier [&hellip;]<\/p>","protected":false},"featured_media":14782,"comment_status":"open","ping_status":"closed","template":"","meta":{"_et_pb_use_builder":"","_et_pb_old_content":"","_et_gb_content_width":""},"product_brand":[],"product_cat":[1494],"product_tag":[1495,1496],"class_list":{"0":"post-15737","1":"product","2":"type-product","3":"status-publish","4":"has-post-thumbnail","6":"product_cat-bucket-cylinders","7":"product_tag-bucket-cylinders","8":"product_tag-hydraulic-cylinders","10":"first","11":"instock","12":"shipping-taxable","13":"product-type-simple"},"amp_enabled":true,"_links":{"self":[{"href":"https:\/\/www.hydraulic-cylinders.net\/sv\/wp-json\/wp\/v2\/product\/15737","targetHints":{"allow":["GET"]}}],"collection":[{"href":"https:\/\/www.hydraulic-cylinders.net\/sv\/wp-json\/wp\/v2\/product"}],"about":[{"href":"https:\/\/www.hydraulic-cylinders.net\/sv\/wp-json\/wp\/v2\/types\/product"}],"replies":[{"embeddable":true,"href":"https:\/\/www.hydraulic-cylinders.net\/sv\/wp-json\/wp\/v2\/comments?post=15737"}],"wp:featuredmedia":[{"embeddable":true,"href":"https:\/\/www.hydraulic-cylinders.net\/sv\/wp-json\/wp\/v2\/media\/14782"}],"wp:attachment":[{"href":"https:\/\/www.hydraulic-cylinders.net\/sv\/wp-json\/wp\/v2\/media?parent=15737"}],"wp:term":[{"taxonomy":"product_brand","embeddable":true,"href":"https:\/\/www.hydraulic-cylinders.net\/sv\/wp-json\/wp\/v2\/product_brand?post=15737"},{"taxonomy":"product_cat","embeddable":true,"href":"https:\/\/www.hydraulic-cylinders.net\/sv\/wp-json\/wp\/v2\/product_cat?post=15737"},{"taxonomy":"product_tag","embeddable":true,"href":"https:\/\/www.hydraulic-cylinders.net\/sv\/wp-json\/wp\/v2\/product_tag?post=15737"}],"curies":[{"name":"wp","href":"https:\/\/api.w.org\/{rel}","templated":true}]}}