{"id":15748,"date":"2025-01-19T14:55:47","date_gmt":"2025-01-19T14:55:47","guid":{"rendered":"https:\/\/www.hydraulic-cylinders.net\/product\/bucket-cylinder-for-world-large-excavator-w2330lc-8\/"},"modified":"2025-01-19T14:55:49","modified_gmt":"2025-01-19T14:55:49","slug":"bucket-cylinder-for-world-large-excavator-w2330lc-8","status":"publish","type":"product","link":"https:\/\/www.hydraulic-cylinders.net\/sv\/produkt\/bucket-cylinder-for-world-large-excavator-w2330lc-8\/","title":{"rendered":"Skopscylinder f\u00f6r v\u00e4rldsstor gr\u00e4vmaskin W2330LC-8"},"content":{"rendered":"<h1>Skopscylinder f\u00f6r v\u00e4rldsstor gr\u00e4vmaskin W2330LC-8<\/h1>\n<h2>Introduktion<\/h2>\n<h3>Definiera skopcylindern<\/h3>\n<p>Skopcylindern \u00e4r en specialdesignad hydraulcylinder som fr\u00e4mst anv\u00e4nds f\u00f6r att styra skopans r\u00f6relse i tunga maskiner som gr\u00e4vmaskiner, gr\u00e4vmaskiner och frontlastare. Dess huvudsakliga funktion \u00e4r att g\u00f6ra det m\u00f6jligt att lyfta, s\u00e4nka och luta skopan, vilket g\u00f6r det enklare att hantera olika materialhanteringsuppgifter.<\/p>\n<p>I hydraulsystemet uppn\u00e5r skopcylindern exakt kontroll \u00f6ver skopan genom f\u00f6r\u00e4ndringar i hydrauloljetrycket, vilket g\u00f6r det m\u00f6jligt f\u00f6r f\u00f6rare att effektivt hantera tunga laster och anpassa sig till komplexa arbetsmilj\u00f6er och varierande arbetskrav.<\/p>\n<p><img decoding=\"async\" src=\"https:\/\/www.hydraulic-cylinders.net\/wp-content\/uploads\/2025\/01\/songte-company-2.webp\" alt=\"Bild av skopcylinder\"><\/p>\n<h3>Funktioner hos skopcylindern<\/h3>\n<ul>\n<li><strong>H\u00f6g styrka och h\u00e5llbarhet:<\/strong> Den \u00e4r vanligtvis tillverkad av h\u00f6gh\u00e5llfast st\u00e5l eller aluminium, t\u00e5l h\u00f6gt tryck och tunga belastningar, anpassar sig till tuffa arbetsmilj\u00f6er och \u00e4r konstruerad f\u00f6r att ta h\u00e4nsyn till slitstyrka och korrosionsbest\u00e4ndighet, vilket f\u00f6rl\u00e4nger livsl\u00e4ngden.<\/li>\n<li><strong>Effektiv hydraulisk drift:<\/strong> Genom att anv\u00e4nda hydrauloljetryck f\u00f6r att uppn\u00e5 smidiga ut- och sammandragningsr\u00f6relser kan den snabbt reagera p\u00e5 man\u00f6verkommandon, ge kraftfulla tryck- och dragkrafter och \u00e4r l\u00e4mplig f\u00f6r hantering av tunga laster och komplexa arbetsuppgifter.<\/li>\n<li><strong>Olika typer:<\/strong> Enkelverkande (hydrauliska cylindrar anv\u00e4nds endast i en riktning) eller dubbelverkande (hydrauliska cylindrar anv\u00e4nds i b\u00e5da riktningarna) kan v\u00e4ljas efter behov, och vissa modeller \u00e4r teleskopiska, vilket m\u00f6jligg\u00f6r st\u00f6rre utbyggnad utan att \u00f6ka de yttersta m\u00e5tten, l\u00e4mpliga f\u00f6r applikationer med begr\u00e4nsat utrymme.<\/li>\n<li><strong>Utbytbar:<\/strong> V\u00e5r produkt kan perfekt ers\u00e4tta dessa hydraulcylindrar. <\/li>\n<\/ul>\n<p><img decoding=\"async\" src=\"https:\/\/www.hydraulic-cylinders.net\/wp-content\/uploads\/2025\/01\/songte-cylinder-head-with-all-kinds-excavator-models.webp\" alt=\"Byte av skopcylinder\"><\/p>\n<h3>Till\u00e4mpningar av skopcylindern<\/h3>\n<p>Skopcylindern anv\u00e4nds ofta i olika tunga maskiner, inklusive:<\/p>\n<ul>\n<li><strong>Byggutrustning:<\/strong> I gr\u00e4vmaskiner \u00e4r de viktiga f\u00f6r att gr\u00e4va, lasta och flytta jord eller skr\u00e4p. I gr\u00e4vmaskiner hj\u00e4lper skopcylindern till med b\u00e5de gr\u00e4vning och lyftning. <\/li>\n<li><strong>Jordbruksmaskiner:<\/strong> Anv\u00e4nds f\u00f6r frontlastare, f\u00f6r att plocka upp, lyfta och transportera jord, h\u00f6 och andra material. <\/li>\n<li><strong>Gr\u00e4vmaskiner:<\/strong> Skopans cylinder m\u00f6jligg\u00f6r gr\u00e4vning genom att l\u00e5ta skopan tr\u00e4nga ner i jorden. <\/li>\n<li><strong>Lastare:<\/strong> I frontlastare hj\u00e4lper de till med att lyfta och tippa gods effektivt. <\/li>\n<\/ul>\n<h3>Design\u00f6verv\u00e4ganden och urvalskriterier<\/h3>\n<p>Vid konstruktion av skopcylindrar b\u00f6r flera faktorer beaktas, inklusive:<\/p>\n<ul>\n<li><strong>B\u00e4rkraft:<\/strong> Cylindern b\u00f6r vara konstruerad f\u00f6r att motst\u00e5 de belastningar som \u00e4r f\u00f6rknippade med utrustningen och till\u00e4mpningen.<\/li>\n<li><strong>T\u00e4tning:<\/strong> Cylindern ska vara t\u00e4tad f\u00f6r att f\u00f6rhindra v\u00e4tskel\u00e4ckage.<\/li>\n<li><strong>Varaktighet:<\/strong> Cylindern b\u00f6r vara konstruerad av material som t\u00e5l den tuffa arbetsmilj\u00f6n och \u00e4r motst\u00e5ndskraftiga mot slitage och korrosion.<\/li>\n<li><strong>S\u00e4kerhet:<\/strong> Cylindern b\u00f6r konstrueras med s\u00e4kerhet i \u00e5tanke f\u00f6r att f\u00f6rhindra skador p\u00e5 personal eller utrustning.<\/li>\n<li><strong>Underh\u00e5llbarhet:<\/strong> Cylindern b\u00f6r vara konstruerad f\u00f6r enkelt underh\u00e5ll och reparation.<\/li>\n<\/ul>\n<p><img decoding=\"async\" src=\"https:\/\/www.hydraulic-cylinders.net\/wp-content\/uploads\/2025\/01\/songte-oil-pipes-and-spare-parts.webp\" alt=\"Skopscylinderdesign\"><\/p>\n<h3>T\u00e4tning och sm\u00f6rjning<\/h3>\n<p>Skopscylindern \u00e4r utrustad med olika t\u00e4tningar, s\u00e5som kolvt\u00e4tningsringen och st\u00e5ngt\u00e4tningsringen, tillverkade av slitstarka material som polyuretan och nitrilgummi. Cylinderhuset och den g\u00e4ngade \u00e4ndytan \u00e4r finbearbetade f\u00f6r att f\u00f6rb\u00e4ttra slitstyrkan. Det \u00e4r n\u00f6dv\u00e4ndigt att regelbundet tills\u00e4tta en l\u00e4mplig m\u00e4ngd hydraulolja f\u00f6r sm\u00f6rjning.<\/p>\n<h3>Inspektion och f\u00f6rebyggande underh\u00e5ll<\/h3>\n<p>Regelbundna inspektioner och f\u00f6rebyggande underh\u00e5ll \u00e4r avg\u00f6rande f\u00f6r att s\u00e4kerst\u00e4lla att skopcylindrar fungerar korrekt. F\u00f6ljande \u00e4r vanliga underh\u00e5llsuppgifter:<\/p>\n<ul>\n<li>Regelbundna inspektioner<\/li>\n<li>Korrekt sm\u00f6rjning<\/li>\n<li>Byte av t\u00e4tning<\/li>\n<li>Kalibreringskontroll<\/li>\n<\/ul>\n<p><img decoding=\"async\" src=\"https:\/\/www.hydraulic-cylinders.net\/wp-content\/uploads\/2025\/01\/songte-chushion-collar.webp\" alt=\"Underh\u00e5ll av skopcylinder\"><\/p>\n<h3>S\u00e4kerhetsaspekter och milj\u00f6faktorer<\/h3>\n<p>Vid anv\u00e4ndning av skopcylindern b\u00f6r s\u00e4kerhets\u00e5tg\u00e4rder vidtas f\u00f6r att f\u00f6rhindra personskador eller skador p\u00e5 utrustning. Det \u00e4r viktigt att f\u00f6lja tillverkarens instruktioner f\u00f6r korrekt installation och anv\u00e4ndning. Milj\u00f6faktorer som temperatur och fuktighet kan ocks\u00e5 p\u00e5verka cylinderns funktion och b\u00f6r beaktas.<\/p>\n<h3>Fels\u00f6kning och vanliga problem<\/h3>\n<p>Vid fels\u00f6kning av skopcylinder kan vanliga problem inkludera v\u00e4tskel\u00e4ckage, tryckf\u00f6rlust och cylinderdrift. F\u00f6ljande \u00e4r n\u00e5gra l\u00f6sningar p\u00e5 dessa problem:<\/p>\n<ul>\n<li>V\u00e4tskel\u00e4ckage: Kontrollera t\u00e4tningarna och byt ut dem vid behov.<\/li>\n<li>Tryckf\u00f6rlust: Kontrollera hydraulsystemet och reparera eventuella l\u00e4ckor.<\/li>\n<li>Cylinderdrift: Kontrollera ventiler och t\u00e4tningar och reparera eller byt ut vid behov.<\/li>\n<\/ul>\n<p><img decoding=\"async\" src=\"https:\/\/www.hydraulic-cylinders.net\/wp-content\/uploads\/2025\/01\/songte-bushings-with-all-kinds-of-excavator-models.webp\" alt=\"Fels\u00f6kning av skopcylinder\"><\/p>\n<h2>F\u00f6retagsintroduktion<\/h2>\n<p>Vi \u00e4r en tillverkare av hydraulcylindrar. Vi har ett komplett produktsortiment och har blivit en av de ledande tillverkarna och grossistdistribut\u00f6rerna av hydraulcylindrar p\u00e5 den inhemska och internationella marknaden. Vi f\u00f6ljer principen om utm\u00e4rkt kvalitet, f\u00f6rlitar oss p\u00e5 den industriella produktionsledningsstrategin fr\u00e5n sofistikerade tillverkningsverkst\u00e4der och f\u00f6rb\u00e4ttrar kontinuerligt verkstadens tillverkningsplattform. Vi har stark kreativ f\u00f6rm\u00e5ga och kan m\u00f6ta kundernas olika behov med h\u00f6g effektivitet, h\u00f6g precision och h\u00f6ga kvalitetsprinciper.<\/p>\n<p>V\u00e5rt f\u00f6retag erbjuder professionella, internationellt certifierade, kundanpassade tj\u00e4nster, och har avancerad produktionsutrustning och utm\u00e4rkt eftermarknadsservice.<\/p>\n<p><img decoding=\"async\" src=\"https:\/\/hzpt.com\/wp-content\/uploads\/2024\/11\/songte-company-1.webp\" alt=\"F\u00f6retagsbild\"><\/p>\n<p>V\u00e5ra produkter har ett brett anv\u00e4ndningsomr\u00e5de och \u00e4r l\u00e4mpliga f\u00f6r olika branscher, inklusive bygg, jordbruk, gruvdrift med mera. Vi str\u00e4var efter att tillhandah\u00e5lla h\u00f6gkvalitativa produkter och tj\u00e4nster till v\u00e5ra kunder och s\u00e4kerst\u00e4lla deras n\u00f6jdhet.<\/p>\n<p>F\u00f6rfattare: lyl<\/p>","protected":false},"excerpt":{"rendered":"<p>Bucket Cylinder For World Large Excavator W2330LC-8 Introduction Defining the Bucket Cylinder The Bucket Cylinder is a specially designed hydraulic cylinder that is primarily used to control the movement of the bucket in heavy machinery such as excavators, backhoes, and front loaders. Its main function is to enable the bucket to be lifted, lowered, and [&hellip;]<\/p>","protected":false},"featured_media":14788,"comment_status":"open","ping_status":"closed","template":"","meta":{"_et_pb_use_builder":"","_et_pb_old_content":"","_et_gb_content_width":""},"product_brand":[],"product_cat":[1494],"product_tag":[1495,1496],"class_list":{"0":"post-15748","1":"product","2":"type-product","3":"status-publish","4":"has-post-thumbnail","6":"product_cat-bucket-cylinders","7":"product_tag-bucket-cylinders","8":"product_tag-hydraulic-cylinders","10":"first","11":"instock","12":"shipping-taxable","13":"product-type-simple"},"amp_enabled":true,"_links":{"self":[{"href":"https:\/\/www.hydraulic-cylinders.net\/sv\/wp-json\/wp\/v2\/product\/15748","targetHints":{"allow":["GET"]}}],"collection":[{"href":"https:\/\/www.hydraulic-cylinders.net\/sv\/wp-json\/wp\/v2\/product"}],"about":[{"href":"https:\/\/www.hydraulic-cylinders.net\/sv\/wp-json\/wp\/v2\/types\/product"}],"replies":[{"embeddable":true,"href":"https:\/\/www.hydraulic-cylinders.net\/sv\/wp-json\/wp\/v2\/comments?post=15748"}],"wp:featuredmedia":[{"embeddable":true,"href":"https:\/\/www.hydraulic-cylinders.net\/sv\/wp-json\/wp\/v2\/media\/14788"}],"wp:attachment":[{"href":"https:\/\/www.hydraulic-cylinders.net\/sv\/wp-json\/wp\/v2\/media?parent=15748"}],"wp:term":[{"taxonomy":"product_brand","embeddable":true,"href":"https:\/\/www.hydraulic-cylinders.net\/sv\/wp-json\/wp\/v2\/product_brand?post=15748"},{"taxonomy":"product_cat","embeddable":true,"href":"https:\/\/www.hydraulic-cylinders.net\/sv\/wp-json\/wp\/v2\/product_cat?post=15748"},{"taxonomy":"product_tag","embeddable":true,"href":"https:\/\/www.hydraulic-cylinders.net\/sv\/wp-json\/wp\/v2\/product_tag?post=15748"}],"curies":[{"name":"wp","href":"https:\/\/api.w.org\/{rel}","templated":true}]}}