{"id":1576,"date":"2023-10-07T02:56:09","date_gmt":"2023-10-07T02:56:09","guid":{"rendered":"https:\/\/hydraulic-cylinders.net\/?post_type=product&#038;p=1576"},"modified":"2025-04-15T05:44:31","modified_gmt":"2025-04-15T05:44:31","slug":"mobile-crane-steering-cylinder","status":"publish","type":"product","link":"https:\/\/www.hydraulic-cylinders.net\/sv\/produkt\/mobile-crane-steering-cylinder\/","title":{"rendered":"Styrcylinder f\u00f6r mobilkran"},"content":{"rendered":"<h1 style=\"text-align: center;\"><strong>Styrcylinder f\u00f6r mobilkran<\/strong><\/h1>\n<p><img loading=\"lazy\" decoding=\"async\" class=\"aligncenter wp-image-1577\" src=\"https:\/\/hydraulic-cylinders.net\/wp-content\/uploads\/2023\/10\/steering-cylinder-1-300x300.webp\" alt=\"\" width=\"400\" height=\"400\" \/><\/p>\n<p>Mobilkranens styrcylinder \u00e4r en viktig komponent som spelar en avg\u00f6rande roll f\u00f6r att s\u00e4kerst\u00e4lla exakt styrning och man\u00f6vrerbarhet hos mobilkranar under lyftoperationer. Denna hydraulcylinder \u00e4r speciellt utformad f\u00f6r mobilkranar och g\u00f6r det m\u00f6jligt f\u00f6r operat\u00f6rer att navigera kranen exakt, vilket f\u00f6rb\u00e4ttrar s\u00e4kerheten och effektiviteten p\u00e5 byggarbetsplatser och i industriella milj\u00f6er.<\/p>\n<p>Mobilkranens styrcylinder \u00e4r en viktig komponent som s\u00e4kerst\u00e4ller exakt styrning och man\u00f6vrerbarhet vid lyft av mobilkranar. Med sin robusta konstruktion, hydrauliska kraft och optimala styrprestanda g\u00f6r denna hydraulcylinder det m\u00f6jligt f\u00f6r operat\u00f6rer att navigera mobilkranar exakt och s\u00e4kert. Genom att f\u00f6lja korrekta anv\u00e4ndningsmetoder och rekommenderade underh\u00e5llspraxis kan operat\u00f6rer maximera mobilkranens styrcylinders livsl\u00e4ngd och tillf\u00f6rlitlighet, vilket leder till s\u00e4kra och effektiva lyftoperationer. V\u00e4lj denna oumb\u00e4rliga hydrauliska komponent f\u00f6r att uppn\u00e5 precisionsstyrning och f\u00f6rb\u00e4ttra man\u00f6vrerbarheten i dina mobilkranar.<\/p>\n<p>Mobilkranens styrcylinders nyckelegenskaper:<\/p>\n<ol>\n<li>Robust konstruktion och h\u00e5llbarhet:<\/li>\n<\/ol>\n<ul>\n<li>Mobilkranens styrcylinder \u00e4r konstruerad av h\u00f6gkvalitativa material, vilket ger exceptionell styrka och h\u00e5llbarhet.<\/li>\n<li>Den \u00e4r konstruerad f\u00f6r att motst\u00e5 tunga belastningar, st\u00f6tar och tuffa milj\u00f6f\u00f6rh\u00e5llanden, vilket s\u00e4kerst\u00e4ller p\u00e5litlig prestanda \u00e4ven i kr\u00e4vande arbetsmilj\u00f6er.<\/li>\n<\/ul>\n<ol start=\"2\">\n<li>Hydraulisk styrning och precision:<\/li>\n<\/ol>\n<ul>\n<li>Denna cylinder styrs via ett hydrauliskt styrsystem, vilket m\u00f6jligg\u00f6r exakt styrning av mobilkranen.<\/li>\n<li>Den hydrauliska styrningen s\u00e4kerst\u00e4ller smidig och responsiv styrning, vilket g\u00f6r det m\u00f6jligt f\u00f6r f\u00f6rarna att man\u00f6vrera kranen exakt och precist.<\/li>\n<\/ul>\n<ol start=\"3\">\n<li>Optimal styrprestanda:<\/li>\n<\/ol>\n<ul>\n<li>Mobilkranens styrcylinder \u00e4r konstruerad f\u00f6r att ge optimal styrprestanda, vilket g\u00f6r att f\u00f6rarna kan navigera kranen utan anstr\u00e4ngning.<\/li>\n<li>Den ger den kraft som kr\u00e4vs f\u00f6r att vrida hjulen, vilket s\u00e4kerst\u00e4ller mjuka och kontrollerade styrr\u00f6relser.<\/li>\n<\/ul>\n<ol start=\"4\">\n<li>F\u00f6rb\u00e4ttrad s\u00e4kerhet och man\u00f6vrerbarhet:<\/li>\n<\/ol>\n<ul>\n<li>Exakt styrning \u00e4r avg\u00f6rande f\u00f6r att s\u00e4kerst\u00e4lla mobilkranars s\u00e4kerhet och man\u00f6vrerbarhet.<\/li>\n<li>Mobilkranens styrcylinder g\u00f6r det m\u00f6jligt f\u00f6r operat\u00f6rer att kontrollera kranens r\u00f6relse, vilket minimerar risken f\u00f6r olyckor och s\u00e4kerst\u00e4ller s\u00e4ker och effektiv drift.<\/li>\n<\/ul>\n<h2><strong>Parameter f\u00f6r styrcylinder f\u00f6r mobilkran:<\/strong><\/h2>\n<table border=\"1\" cellspacing=\"0\" cellpadding=\"0\">\n<tbody>\n<tr>\n<td>Produktnamn<\/td>\n<td>Styrcylinder f\u00f6r mobilkran<\/td>\n<\/tr>\n<tr>\n<td>Drag:<\/td>\n<td>Styrsystem f\u00f6r kranchassid\u00e4ck<\/td>\n<\/tr>\n<tr>\n<td>Borrdiameter:<\/td>\n<td>63 mm\uff5e200 mm<\/td>\n<\/tr>\n<tr>\n<td>St\u00e5ngdiameter:<\/td>\n<td>36 mm\uff5e140 mm<br \/>\nSlagl\u00e4ngd \u22641000 mm<\/td>\n<\/tr>\n<tr>\n<td>Tryck:<\/td>\n<td>Maximalt 35 MPa<\/td>\n<\/tr>\n<tr>\n<td>Teleskopiska cylinderapplikationer:<\/td>\n<td>Mobilkran<\/td>\n<\/tr>\n<\/tbody>\n<\/table>\n<h2><strong>Identifieringsdiagram f\u00f6r mobilkran:<\/strong><\/h2>\n<p><img loading=\"lazy\" decoding=\"async\" class=\"alignnone wp-image-1551 size-full\" src=\"https:\/\/hydraulic-cylinders.net\/wp-content\/uploads\/2023\/09\/mobile-crane-cylinder-construction-1.webp\" alt=\"\" width=\"1418\" height=\"946\" srcset=\"https:\/\/hydraulic-cylinders.net\/wp-content\/uploads\/2023\/09\/mobile-crane-cylinder-construction-1.webp 1418w, https:\/\/hydraulic-cylinders.net\/wp-content\/uploads\/2023\/09\/mobile-crane-cylinder-construction-1-1280x854.webp 1280w, https:\/\/hydraulic-cylinders.net\/wp-content\/uploads\/2023\/09\/mobile-crane-cylinder-construction-1-980x654.webp 980w, https:\/\/hydraulic-cylinders.net\/wp-content\/uploads\/2023\/09\/mobile-crane-cylinder-construction-1-480x320.webp 480w\" sizes=\"(min-width: 0px) and (max-width: 480px) 480px, (min-width: 481px) and (max-width: 980px) 980px, (min-width: 981px) and (max-width: 1280px) 1280px, (min-width: 1281px) 1418px, 100vw\" \/><\/p>\n<h2><strong>Anv\u00e4ndningsmetod f\u00f6r mobilkranens styrcylinder<\/strong><strong>:<\/strong><\/h2>\n<ol>\n<li><strong>Bekanta dig med kontroller och s\u00e4kerhetsriktlinjer:<\/strong><\/li>\n<\/ol>\n<ul>\n<li>Innan mobilkranen anv\u00e4nds b\u00f6r operat\u00f6rerna bekanta sig med kranens styrreglage och s\u00e4kerhetsf\u00f6reskrifter.<\/li>\n<li>S\u00e4kerst\u00e4ll att alla s\u00e4kerhetsprocedurer och f\u00f6rsiktighets\u00e5tg\u00e4rder f\u00f6ljs f\u00f6r att s\u00e4kerst\u00e4lla s\u00e4kra lyftoperationer.<\/li>\n<\/ul>\n<ol start=\"2\">\n<li><strong>Styrkontroll:<\/strong><\/li>\n<\/ol>\n<ul>\n<li>Anv\u00e4nd ratten eller joysticken f\u00f6r att styra mobilkranens styrning.<\/li>\n<li>Mobilkranens styrcylinder omvandlar ing\u00e5ngen fr\u00e5n reglagen till den kraft som kr\u00e4vs f\u00f6r att vrida hjulen.<\/li>\n<\/ul>\n<ol start=\"3\">\n<li><strong>Smidiga styrr\u00f6relser:<\/strong><\/li>\n<\/ol>\n<ul>\n<li>Bibeh\u00e5ll en j\u00e4mn och kontrollerad styrinsats f\u00f6r att uppn\u00e5 mjuka och precisa styrr\u00f6relser.<\/li>\n<li>Undvik abrupta eller ryckiga styrningar, vilka kan p\u00e5verka stabiliteten och \u00e4ventyra s\u00e4kerheten.<\/li>\n<\/ul>\n<ol start=\"4\">\n<li><strong>Anpassa till terr\u00e4ng och lastf\u00f6rh\u00e5llanden:<\/strong><\/li>\n<\/ol>\n<ul>\n<li>Justera styrinsatsen baserat p\u00e5 terr\u00e4ng och lastf\u00f6rh\u00e5llanden.<\/li>\n<li>Var uppm\u00e4rksam p\u00e5 kranens tyngdpunkt och g\u00f6r n\u00f6dv\u00e4ndiga styrjusteringar f\u00f6r att s\u00e4kerst\u00e4lla stabilitet och balans.<\/li>\n<\/ul>\n<h2><strong>Vad \u00e4r laddtryck i ett hydraulsystem?<\/strong><\/h2>\n<p>I ett hydraulsystem avser laddtrycket den tryckniv\u00e5 som uppr\u00e4tth\u00e5lls i systemets ackumulator eller laddpump. Det \u00e4r vanligtvis l\u00e4gre \u00e4n driftstrycket som anv\u00e4nds f\u00f6r att driva st\u00e4lldon eller utf\u00f6ra arbete. Laddtrycket tj\u00e4nar flera viktiga syften i ett hydraulsystem:<\/p>\n<ol>\n<li><strong>Energilagring:<\/strong> I system som anv\u00e4nder en ackumulator \u00e4r det laddtrycket som lagrar hydraulisk energi. N\u00e4r systemets pump \u00f6verstiger det erforderliga fl\u00f6det leds \u00f6verskottsv\u00e4tskan till ackumulatorn, som komprimerar en gas (t.ex. kv\u00e4ve) eller anv\u00e4nder en fj\u00e4dermekanism f\u00f6r att lagra energi i den trycksatta v\u00e4tskan. Denna lagrade energi kan frig\u00f6ras senare f\u00f6r att ge omedelbar effekt vid toppbelastning eller f\u00f6r att komplettera pumpens effekt.<\/li>\n<li><strong>Systemberedskap:<\/strong> Laddtrycket s\u00e4kerst\u00e4ller att systemet \u00e4r klart f\u00f6r omedelbar drift. Hydraulsystemet \u00e4r f\u00f6rberett f\u00f6r att snabbt reagera p\u00e5 f\u00f6rarens kommandon eller pl\u00f6tsliga belastningsf\u00f6r\u00e4ndringar genom att bibeh\u00e5lla en j\u00e4mn tryckniv\u00e5. Detta minskar svarstiden och m\u00f6jligg\u00f6r snabba st\u00e4lldonr\u00f6relser, vilket f\u00f6rb\u00e4ttrar systemets totala prestanda.<\/li>\n<li><strong>L\u00e4ckagekompensation:<\/strong> Hydraulsystem kan drabbas av mindre interna eller externa l\u00e4ckor med tiden. Laddtrycket kompenserar f\u00f6r dessa l\u00e4ckor genom att fylla p\u00e5 den f\u00f6rlorade v\u00e4tskevolymen. Detta s\u00e4kerst\u00e4ller att en tillr\u00e4cklig tillg\u00e5ng p\u00e5 hydraulv\u00e4tska finns tillg\u00e4nglig f\u00f6r korrekt systemdrift, vilket f\u00f6rhindrar funktionsf\u00f6rlust eller minskad prestanda p\u00e5 grund av l\u00e4ckor.<\/li>\n<li><strong>Systemstabilitet:<\/strong> Laddtrycket bidrar till systemstabilitet genom att minimera risken f\u00f6r kavitation och uppr\u00e4tth\u00e5lla en positiv tryckmilj\u00f6. Kavitation uppst\u00e5r n\u00e4r trycket sjunker under hydraulv\u00e4tskans \u00e5ngtryck, vilket orsakar bildandet och efterf\u00f6ljande kollaps av \u00e5ngbubblor. Detta kan leda till skador p\u00e5 systemkomponenter och en minskning av den totala prestandan. Att uppr\u00e4tth\u00e5lla ett tillr\u00e4ckligt laddtryck minskar risken f\u00f6r kavitation, vilket s\u00e4kerst\u00e4ller stabil och tillf\u00f6rlitlig drift.<\/li>\n<\/ol>\n<h2><strong>Fabrikens kapacitet och kapacitet:<\/strong><\/h2>\n<h3>(1) Montering<\/h3>\n<p>Vi har en f\u00f6rstklassig oberoende forsknings- och utvecklingsplattform. Verkstaden f\u00f6r tillverkning av hydraulcylindrar har fyra halvautomatiska monteringslinjer f\u00f6r lyftcylindrar och en automatisk monteringslinje f\u00f6r tiltcylindrar, med en planerad \u00e5rlig produktionskapacitet p\u00e5 1 miljon enheter. Specialcylinderverkstaden \u00e4r utrustad med olika specifikationer f\u00f6r ett halvautomatiskt reng\u00f6ringsmonteringssystem med en planerad \u00e5rlig produktionskapacitet p\u00e5 200 000 och utrustad med k\u00e4nd CNC-bearbetningsutrustning, ett fleroperationscenter, en specialutrustning f\u00f6r h\u00f6gprecisionscylindrar, en robotsvetsmaskin, en automatisk reng\u00f6ringsmaskin, en automatisk cylindermonteringsmaskin och en automatisk produktionslinje f\u00f6r m\u00e5lning. Befintlig kritisk utrustning p\u00e5 mer \u00e4n 300 set (set). Optimal allokering och effektiv anv\u00e4ndning av utrustningsresurser s\u00e4kerst\u00e4ller produkternas noggrannhetskrav och uppfyller produkternas h\u00f6ga kvalitetsbehov.<\/p>\n<p><img loading=\"lazy\" decoding=\"async\" class=\"alignnone wp-image-626\" src=\"https:\/\/hydraulic-cylinders.net\/wp-content\/uploads\/2023\/08\/hydraulic-cylinder-product-1-300x158.webp\" alt=\"\" width=\"495\" height=\"260\" srcset=\"https:\/\/hydraulic-cylinders.net\/wp-content\/uploads\/2023\/08\/hydraulic-cylinder-product-1-300x158.webp 495w, https:\/\/hydraulic-cylinders.net\/wp-content\/uploads\/2023\/08\/hydraulic-cylinder-product-1-480x252.webp 480w\" sizes=\"(min-width: 0px) and (max-width: 480px) 480px, (min-width: 481px) 495px, 100vw\" \/> <img loading=\"lazy\" decoding=\"async\" class=\"alignnone wp-image-627\" src=\"https:\/\/hydraulic-cylinders.net\/wp-content\/uploads\/2023\/08\/hydraulic-cylinder-product-2-300x189.webp\" alt=\"\" width=\"413\" height=\"260\" \/><\/p>\n<h3>(2) Maskinbearbetning<\/h3>\n<p>Bearbetningsverkstaden \u00e4r utrustad med en specialanpassad svarvcentral f\u00f6r lutande r\u00e4ls, bearbetningscenter, h\u00f6ghastighetsh\u00f6nsmaskin, svetsrobot och annan relaterad utrustning, som kan hantera bearbetning av cylinderr\u00f6r med en maximal innerdiameter p\u00e5 400 mm och en maximal l\u00e4ngd p\u00e5 6 meter.<\/p>\n<p><img loading=\"lazy\" decoding=\"async\" class=\"alignnone wp-image-628 size-large\" src=\"https:\/\/hydraulic-cylinders.net\/wp-content\/uploads\/2023\/08\/hydraulic-cylinder-product-3-1024x391.webp\" alt=\"\" width=\"1024\" height=\"391\" srcset=\"https:\/\/hydraulic-cylinders.net\/wp-content\/uploads\/2023\/08\/hydraulic-cylinder-product-3-980x374.webp 980w, https:\/\/hydraulic-cylinders.net\/wp-content\/uploads\/2023\/08\/hydraulic-cylinder-product-3-480x183.webp 480w\" sizes=\"(min-width: 0px) and (max-width: 480px) 480px, (min-width: 481px) and (max-width: 980px) 980px, (min-width: 981px) 1024px, 100vw\" \/><\/p>\n<h3>(3) Svetsning<\/h3>\n<p><img loading=\"lazy\" decoding=\"async\" class=\"alignnone wp-image-629 size-large\" src=\"https:\/\/hydraulic-cylinders.net\/wp-content\/uploads\/2023\/08\/hydraulic-cylinder-product-4-1024x510.webp\" alt=\"\" width=\"1024\" height=\"510\" srcset=\"https:\/\/hydraulic-cylinders.net\/wp-content\/uploads\/2023\/08\/hydraulic-cylinder-product-4-980x488.webp 980w, https:\/\/hydraulic-cylinders.net\/wp-content\/uploads\/2023\/08\/hydraulic-cylinder-product-4-480x239.webp 480w\" sizes=\"(min-width: 0px) and (max-width: 480px) 480px, (min-width: 481px) and (max-width: 980px) 980px, (min-width: 981px) 1024px, 100vw\" \/><\/p>\n<h3>(4) M\u00e5lning och ytbehandling<\/h3>\n<p>Med sm\u00e5 och medelstora cylindriska automatiska vattenbaserade f\u00e4rgbel\u00e4ggningslinjer, f\u00f6r att uppn\u00e5 automatisk robotlastning och lossning samt automatisk sprutning, \u00e4r den designade kapaciteten 4000 stycken per skift;<br \/>\nVi har \u00e4ven en halvautomatisk f\u00e4rgproduktionslinje f\u00f6r stora cylindrar som drivs av en sl\u00e4pkedja, med en designkapacitet p\u00e5 60 l\u00e5dor per skift.<\/p>\n<p><img loading=\"lazy\" decoding=\"async\" class=\"alignnone wp-image-630\" src=\"https:\/\/hydraulic-cylinders.net\/wp-content\/uploads\/2023\/08\/hydraulic-cylinder-product-5-300x213.webp\" alt=\"\" width=\"366\" height=\"260\" \/> <img loading=\"lazy\" decoding=\"async\" class=\"alignnone wp-image-631\" src=\"https:\/\/hydraulic-cylinders.net\/wp-content\/uploads\/2023\/08\/hydraulic-cylinder-product-6-300x225.webp\" alt=\"\" width=\"347\" height=\"260\" \/><\/p>\n<h3>(5) Testning<\/h3>\n<p>Vi har f\u00f6rstklassiga inspektionsanl\u00e4ggningar och testb\u00e4ddar f\u00f6r att s\u00e4kerst\u00e4lla att cylinderns prestanda uppfyller kraven.<\/p>\n<p><img loading=\"lazy\" decoding=\"async\" class=\"alignnone wp-image-632\" src=\"https:\/\/hydraulic-cylinders.net\/wp-content\/uploads\/2023\/08\/hydraulic-cylinder-product-8-300x200.webp\" alt=\"\" width=\"389\" height=\"260\" \/><\/p>\n<p>&nbsp;<\/p>\n<p>&nbsp;<\/p>\n<p>Vi \u00e4r en av de b\u00e4sta tillverkarna av hydraulcylindrar. Vi kan erbjuda ett helt\u00e4ckande utbud av hydraulcylindrar. Vi tillhandah\u00e5ller \u00e4ven motsvarande <a href=\"https:\/\/hzpt.com\/agricultural-pto-gearbox\/\" target=\"_blank\" rel=\"noopener\">jordbruksv\u00e4xell\u00e5dor<\/a>Vi har exporterat v\u00e5ra produkter till kunder \u00f6ver hela v\u00e4rlden och f\u00e5tt ett gott rykte tack vare v\u00e5r \u00f6verl\u00e4gsna produktkvalitet och kundservice. Vi v\u00e4lkomnar kunder b\u00e5de hemma och utomlands att kontakta oss f\u00f6r att f\u00f6rhandla aff\u00e4rer, utbyta information och <a href=\"https:\/\/www.hydraulic-cylinders.net\/sv\/contact-us\/\">samarbeta med oss<\/a>!<\/p>","protected":false},"excerpt":{"rendered":"<p>Mobile Crane Steering Cylinder The mobile crane steering cylinder is a vital component that plays a crucial role in ensuring precise steering control and maneuverability of mobile cranes during lifting operations. Designed specifically for mobile cranes, this hydraulic cylinder enables operators to navigate the crane accurately, enhancing safety and efficiency on construction sites and industrial [&hellip;]<\/p>","protected":false},"featured_media":1578,"comment_status":"open","ping_status":"closed","template":"","meta":{"_et_pb_use_builder":"","_et_pb_old_content":"","_et_gb_content_width":""},"product_brand":[],"product_cat":[1550,1514,1552],"product_tag":[1380],"class_list":{"0":"post-1576","1":"product","2":"type-product","3":"status-publish","4":"has-post-thumbnail","6":"product_cat-double-acting-hydraulic-cylinder","7":"product_cat-mobile-crane-hydraulic-cylinders","8":"product_cat-stainless-steel-hydraulic-cylinder","9":"product_tag-hydraulic-cylinder","11":"first","12":"instock","13":"shipping-taxable","14":"product-type-simple"},"amp_enabled":true,"_links":{"self":[{"href":"https:\/\/www.hydraulic-cylinders.net\/sv\/wp-json\/wp\/v2\/product\/1576","targetHints":{"allow":["GET"]}}],"collection":[{"href":"https:\/\/www.hydraulic-cylinders.net\/sv\/wp-json\/wp\/v2\/product"}],"about":[{"href":"https:\/\/www.hydraulic-cylinders.net\/sv\/wp-json\/wp\/v2\/types\/product"}],"replies":[{"embeddable":true,"href":"https:\/\/www.hydraulic-cylinders.net\/sv\/wp-json\/wp\/v2\/comments?post=1576"}],"wp:featuredmedia":[{"embeddable":true,"href":"https:\/\/www.hydraulic-cylinders.net\/sv\/wp-json\/wp\/v2\/media\/1578"}],"wp:attachment":[{"href":"https:\/\/www.hydraulic-cylinders.net\/sv\/wp-json\/wp\/v2\/media?parent=1576"}],"wp:term":[{"taxonomy":"product_brand","embeddable":true,"href":"https:\/\/www.hydraulic-cylinders.net\/sv\/wp-json\/wp\/v2\/product_brand?post=1576"},{"taxonomy":"product_cat","embeddable":true,"href":"https:\/\/www.hydraulic-cylinders.net\/sv\/wp-json\/wp\/v2\/product_cat?post=1576"},{"taxonomy":"product_tag","embeddable":true,"href":"https:\/\/www.hydraulic-cylinders.net\/sv\/wp-json\/wp\/v2\/product_tag?post=1576"}],"curies":[{"name":"wp","href":"https:\/\/api.w.org\/{rel}","templated":true}]}}