{"id":15760,"date":"2025-01-19T14:56:45","date_gmt":"2025-01-19T14:56:45","guid":{"rendered":"https:\/\/www.hydraulic-cylinders.net\/product\/bucket-cylinder-for-jchi-ns09-7\/"},"modified":"2025-01-19T14:56:47","modified_gmt":"2025-01-19T14:56:47","slug":"bucket-cylinder-for-jchi-ns09-7","status":"publish","type":"product","link":"https:\/\/www.hydraulic-cylinders.net\/sv\/produkt\/bucket-cylinder-for-jchi-ns09-7\/","title":{"rendered":"Skopscylinder f\u00f6r JCHI NS09-7"},"content":{"rendered":"<h1>Skopscylinder f\u00f6r JCHI NS09-7<\/h1>\n<h2>Introduktion<\/h2>\n<p>En skopcylinder \u00e4r en typ av hydraulcylinder som \u00e4r specifikt utformad f\u00f6r att styra r\u00f6relsen hos skopor i tunga maskiner som gr\u00e4vmaskiner, traktorgr\u00e4vmaskiner och frontlastare. Dess huvudsakliga funktion \u00e4r att g\u00f6ra det m\u00f6jligt f\u00f6r skopan att lyfta, s\u00e4nka och luta, vilket g\u00f6r det l\u00e4ttare att hantera en m\u00e4ngd olika material. I hydrauliska system anv\u00e4nder skopcylindern f\u00f6r\u00e4ndringar i hydrauloljetrycket f\u00f6r att exakt styra skopan, vilket g\u00f6r det m\u00f6jligt f\u00f6r operat\u00f6rer att effektivt hantera tunga f\u00f6rem\u00e5l och anpassa sig till komplexa arbetsmilj\u00f6er och olika arbetskrav.<\/p>\n<p><img decoding=\"async\" src=\"https:\/\/www.hydraulic-cylinders.net\/wp-content\/uploads\/2025\/01\/songte-company-2.webp\" \/><\/p>\n<h2>Drag<\/h2>\n<ul>\n<li>H\u00f6g h\u00e5llfasthet och h\u00e5llbarhet: Den \u00e4r vanligtvis tillverkad av h\u00f6gh\u00e5llfast st\u00e5l eller aluminium och t\u00e5l h\u00f6gt tryck och tunga belastningar, vilket g\u00f6r den l\u00e4mplig f\u00f6r tuffa arbetsmilj\u00f6er. Designen tar \u00e4ven h\u00e4nsyn till slitstyrka och korrosionsbest\u00e4ndighet, vilket f\u00f6rl\u00e4nger dess livsl\u00e4ngd.<\/li>\n<li>Effektiv hydraulisk drift: Smidig ut- och indragningsr\u00f6relse uppn\u00e5s genom att anv\u00e4nda hydrauloljetryck, kan snabbt reagera p\u00e5 kontrollkommandon, ger kraftfull tryck- och dragkraft, l\u00e4mplig f\u00f6r hantering av tunga f\u00f6rem\u00e5l och komplexa uppgifter.<\/li>\n<li>Olika typer: Anv\u00e4ndare kan v\u00e4lja en enkelverkande (hydraulisk endast i en riktning) eller dubbelverkande (hydraulisk i b\u00e5da riktningarna) cylinder beroende p\u00e5 behov f\u00f6r att m\u00f6ta olika driftskrav. Vissa modeller \u00e4r teleskopiska, vilket m\u00f6jligg\u00f6r st\u00f6rre utbyggnad utan att \u00f6ka de yttre m\u00e5tten, l\u00e4mpliga f\u00f6r applikationer med begr\u00e4nsat utrymme.<\/li>\n<li>Produktbyte: V\u00e5r produkt kan perfekt ers\u00e4tta dessa hydraulcylindrar.<\/li>\n<\/ul>\n<p><img decoding=\"async\" src=\"https:\/\/www.hydraulic-cylinders.net\/wp-content\/uploads\/2025\/01\/songte-cylinder-head-with-all-kinds-excavator-models.webp\" \/><\/p>\n<h2>Applikationer<\/h2>\n<p>Skopscylindrar anv\u00e4nds ofta inom olika omr\u00e5den som entreprenadmaskiner, jordbruksmaskiner, gr\u00e4vmaskiner och lastare.<\/p>\n<ul>\n<li>Byggutrustning: I gr\u00e4vmaskiner \u00e4r de viktiga f\u00f6r att gr\u00e4va, lasta och flytta jord eller skr\u00e4p. I gr\u00e4vmaskiner med gr\u00e4vlastare hj\u00e4lper skopcylindern till med b\u00e5de gr\u00e4vning och lyftning. I lastare hj\u00e4lper de till att lyfta och dumpa gods effektivt.<\/li>\n<li>Jordbruksmaskiner: Anv\u00e4nds i frontlastare f\u00f6r att \u00f6sa, lyfta och transportera jord, h\u00f6 och andra material.<\/li>\n<li>Gr\u00e4vmaskiner: Skopans cylinder uppn\u00e5r gr\u00e4vningsverkan genom att l\u00e5ta skopan tr\u00e4nga ner i jorden.<\/li>\n<li>Lastare: I frontlastare hj\u00e4lper de till att lyfta och luta last effektivt.<\/li>\n<\/ul>\n<h2>Design\u00f6verv\u00e4ganden och urvalskriterier<\/h2>\n<p>Vid konstruktion av skopcylindrar tas h\u00e4nsyn till viktiga faktorer som b\u00e4rf\u00f6rm\u00e5ga, t\u00e4tning, h\u00e5llbarhet, s\u00e4kerhet och underh\u00e5llsv\u00e4nlighet. <\/p>\n<ul>\n<li>B\u00e4rf\u00f6rm\u00e5ga: Cylindern m\u00e5ste kunna motst\u00e5 h\u00f6gt tryck och tunga belastningar i tuffa milj\u00f6er.<\/li>\n<li>T\u00e4tning: Olika t\u00e4tningselement som kolvt\u00e4tningar och kolvst\u00e5ngst\u00e4tningar \u00e4r tillverkade av slitstarka material som polyuretan och nitrilgummi f\u00f6r att s\u00e4kerst\u00e4lla h\u00f6g t\u00e4tningsprestanda.<\/li>\n<li>H\u00e5llbarhet: Cylinderhuset och de g\u00e4ngade \u00e4ndarna \u00e4r fint bearbetade f\u00f6r att \u00f6ka slitstyrkan, vilket s\u00e4kerst\u00e4ller l\u00e5ng livsl\u00e4ngd.<\/li>\n<li>S\u00e4kerhet: Olika s\u00e4kerhets\u00e5tg\u00e4rder, s\u00e5som anv\u00e4ndning av s\u00e4kerhetsventiler och \u00f6vertrycksventiler, vidtas f\u00f6r att s\u00e4kerst\u00e4lla s\u00e4ker drift av cylindern.<\/li>\n<li>Underh\u00e5llbarhet: Cylindern \u00e4r enkel att underh\u00e5lla och reparera, med komponenter som t\u00e4tningar och lager som \u00e4r enkla att byta ut.<\/li>\n<\/ul>\n<p><img decoding=\"async\" src=\"https:\/\/www.hydraulic-cylinders.net\/wp-content\/uploads\/2025\/01\/songte-oil-pipes-and-spare-parts.webp\" \/><\/p>\n<h2>T\u00e4tning och sm\u00f6rjning<\/h2>\n<p>Skopscylindern anv\u00e4nder olika t\u00e4tningselement som kolvt\u00e4tningar och kolvst\u00e5ngst\u00e4tningar f\u00f6r att f\u00f6rhindra att hydraulv\u00e4tska l\u00e4cker. Cylinderhuset och de g\u00e4ngade \u00e4ndarna \u00e4r finbearbetade f\u00f6r att \u00f6ka slitstyrkan. Regelbunden sm\u00f6rjning kr\u00e4vs f\u00f6r att s\u00e4kerst\u00e4lla att cylindern fungerar smidigt.<\/p>\n<h2>Underh\u00e5ll och reparation<\/h2>\n<p>Regelbunden inspektion och f\u00f6rebyggande underh\u00e5lls\u00e5tg\u00e4rder som sm\u00f6rjning, t\u00e4tningsbyte och kalibreringskontroller \u00e4r avg\u00f6rande f\u00f6r att f\u00f6rl\u00e4nga skopcylinderns livsl\u00e4ngd. Korrekt installation och inriktning av cylindern \u00e4r avg\u00f6rande f\u00f6r s\u00e4ker och effektiv drift.<\/p>\n<ul>\n<li>Regelbunden inspektion: Kontrollera regelbundet cylindern f\u00f6r tecken p\u00e5 slitage, skador eller l\u00e4ckor.<\/li>\n<li>Korrekt sm\u00f6rjning: Anv\u00e4nd l\u00e4mpliga sm\u00f6rjmedel f\u00f6r att s\u00e4kerst\u00e4lla att cylindern fungerar smidigt.<\/li>\n<li>Packningsbyte: Byt ut slitna eller skadade t\u00e4tningar f\u00f6r att f\u00f6rhindra att hydraulv\u00e4tska l\u00e4cker.<\/li>\n<\/ul>\n<p><img decoding=\"async\" src=\"https:\/\/www.hydraulic-cylinders.net\/wp-content\/uploads\/2025\/01\/songte-chushion-collar.webp\" \/><\/p>\n<h2>S\u00e4kerhets- och milj\u00f6h\u00e4nsyn<\/h2>\n<p>S\u00e4kerhets\u00e5tg\u00e4rder som anv\u00e4ndning av s\u00e4kerhetsventiler vidtas f\u00f6r att s\u00e4kerst\u00e4lla s\u00e4ker och effektiv drift av skopcylindern. Dessutom vidtas milj\u00f6skydds\u00e5tg\u00e4rder som korrekt kassering av hydraulv\u00e4tska f\u00f6r att minimera milj\u00f6p\u00e5verkan.<\/p>\n<h2>Fels\u00f6kning och vanliga problem<\/h2>\n<p>Vanliga problem med skopcylindrar inkluderar l\u00e4ckor, otillr\u00e4cklig kraft och l\u00e5ngsam drift. Dessa problem kan l\u00f6sas genom att kontrollera om det finns skadade eller slitna t\u00e4tningar, kontrollera hydraulv\u00e4tskeniv\u00e5n och s\u00e4kerst\u00e4lla att cylindern \u00e4r korrekt inriktad. <\/p>\n<h2>Om oss<\/h2>\n<p>Vi \u00e4r en tillverkare av hydraulcylindrar som kan ers\u00e4tta traditionella hydraulcylindrar. Vi har ett brett produktsortiment och \u00e4r en av de ledande tillverkarna och grossistdistribut\u00f6rerna av hydraulcylindrar p\u00e5 den inhemska och utl\u00e4ndska marknaden. Vi f\u00f6ljer strategin f\u00f6r industriell produktionsledning baserad p\u00e5 utm\u00e4rkt kvalitet och f\u00f6rlitar oss p\u00e5 till\u00e4mpningen av tekniska talanger, digital avancerad tillverkningsutrustning och professionella testsystem f\u00f6r att kontinuerligt f\u00f6rb\u00e4ttra v\u00e5r tillverkningsplattform och produktkvalitetslinje. Vi har en stark kreativ f\u00f6rm\u00e5ga att m\u00f6ta kundernas olika behov med h\u00f6g effektivitet, h\u00f6g precision och h\u00f6gkvalitativa principer. <\/p>\n<p>Vi erbjuder bland annat professionella, internationellt certifierade, kundanpassade tj\u00e4nster, h\u00f6gkvalitativ produktionsutrustning och eftermarknadsservice. <\/p>\n<p><img decoding=\"async\" src=\"https:\/\/www.hydraulic-cylinders.net\/wp-content\/uploads\/2025\/01\/songte-company-3.webp\" \/><\/p>\n<p>F\u00f6rfattare: lyl<\/p>","protected":false},"excerpt":{"rendered":"<p>Bucket Cylinder For JCHI NS09-7 Introduction A bucket cylinder is a type of hydraulic cylinder designed specifically to control the movement of buckets in heavy machinery such as excavators, backhoe excavators, and front-end loaders. Its main function is to enable the bucket to lift, lower, and tilt, making it easier to handle a variety of [&hellip;]<\/p>","protected":false},"featured_media":14762,"comment_status":"open","ping_status":"closed","template":"","meta":{"_et_pb_use_builder":"","_et_pb_old_content":"","_et_gb_content_width":""},"product_brand":[],"product_cat":[1494],"product_tag":[1495,1496],"class_list":{"0":"post-15760","1":"product","2":"type-product","3":"status-publish","4":"has-post-thumbnail","6":"product_cat-bucket-cylinders","7":"product_tag-bucket-cylinders","8":"product_tag-hydraulic-cylinders","10":"first","11":"instock","12":"shipping-taxable","13":"product-type-simple"},"amp_enabled":true,"_links":{"self":[{"href":"https:\/\/www.hydraulic-cylinders.net\/sv\/wp-json\/wp\/v2\/product\/15760","targetHints":{"allow":["GET"]}}],"collection":[{"href":"https:\/\/www.hydraulic-cylinders.net\/sv\/wp-json\/wp\/v2\/product"}],"about":[{"href":"https:\/\/www.hydraulic-cylinders.net\/sv\/wp-json\/wp\/v2\/types\/product"}],"replies":[{"embeddable":true,"href":"https:\/\/www.hydraulic-cylinders.net\/sv\/wp-json\/wp\/v2\/comments?post=15760"}],"wp:featuredmedia":[{"embeddable":true,"href":"https:\/\/www.hydraulic-cylinders.net\/sv\/wp-json\/wp\/v2\/media\/14762"}],"wp:attachment":[{"href":"https:\/\/www.hydraulic-cylinders.net\/sv\/wp-json\/wp\/v2\/media?parent=15760"}],"wp:term":[{"taxonomy":"product_brand","embeddable":true,"href":"https:\/\/www.hydraulic-cylinders.net\/sv\/wp-json\/wp\/v2\/product_brand?post=15760"},{"taxonomy":"product_cat","embeddable":true,"href":"https:\/\/www.hydraulic-cylinders.net\/sv\/wp-json\/wp\/v2\/product_cat?post=15760"},{"taxonomy":"product_tag","embeddable":true,"href":"https:\/\/www.hydraulic-cylinders.net\/sv\/wp-json\/wp\/v2\/product_tag?post=15760"}],"curies":[{"name":"wp","href":"https:\/\/api.w.org\/{rel}","templated":true}]}}