{"id":15775,"date":"2025-01-19T14:57:52","date_gmt":"2025-01-19T14:57:52","guid":{"rendered":"https:\/\/www.hydraulic-cylinders.net\/product\/bucket-cylinder-for-jove-jv235lc\/"},"modified":"2025-01-19T14:57:54","modified_gmt":"2025-01-19T14:57:54","slug":"bucket-cylinder-for-jove-jv235lc","status":"publish","type":"product","link":"https:\/\/www.hydraulic-cylinders.net\/sv\/produkt\/bucket-cylinder-for-jove-jv235lc\/","title":{"rendered":"Skopscylinder f\u00f6r Jove JV235LC"},"content":{"rendered":"<h1>Skopscylinder f\u00f6r Jove JV235LC<\/h1>\n<h2>Introduktion<\/h2>\n<p>Skopcylindern, \u00e4ven k\u00e4nd som hydraulcylinder, \u00e4r ett specialdesignat hydrauliskt st\u00e4lldon som huvudsakligen anv\u00e4nds f\u00f6r att styra skopans r\u00f6relse i tunga maskiner som gr\u00e4vmaskiner, gr\u00e4vmaskiner och frontlastare. Dess huvudsakliga funktion \u00e4r att lyfta, s\u00e4nka och luta skopan, vilket g\u00f6r det enklare att hantera olika materialhanteringsuppgifter. I hydraulsystemet uppn\u00e5r skopcylindern exakt kontroll \u00f6ver skopan genom f\u00f6r\u00e4ndringar i hydrauloljetrycket, vilket g\u00f6r det m\u00f6jligt f\u00f6r f\u00f6rare att effektivt hantera tunga laster, anpassa sig till komplexa arbetsmilj\u00f6er och olika arbetskrav.<\/p>\n<p><img decoding=\"async\" src=\"https:\/\/www.hydraulic-cylinders.net\/wp-content\/uploads\/2025\/01\/songte-company-2.webp\"><\/p>\n<h2>Drag<\/h2>\n<p>V\u00e5r skopcylinder f\u00f6r Jove JV235LC har f\u00f6ljande funktioner:<\/p>\n<ul>\n<li>\n<h3>H\u00f6g styrka och h\u00e5llbarhet<\/h3>\n<\/li>\n<p>Vanligtvis tillverkad av h\u00f6gh\u00e5llfast st\u00e5l eller aluminium, t\u00e5l den h\u00f6gt tryck och tunga belastningar, anpassar sig till tuffa arbetsmilj\u00f6er och \u00e4r konstruerad med h\u00e4nsyn till slitstyrka och korrosionsbest\u00e4ndighet, vilket f\u00f6rl\u00e4nger dess livsl\u00e4ngd.<\/p>\n<li>\n<h3>Effektiv hydraulisk drift<\/h3>\n<\/li>\n<p>Genom att anv\u00e4nda hydrauloljetryck f\u00f6r att uppn\u00e5 smidiga ut- och sammandragningsr\u00f6relser kan den snabbt reagera p\u00e5 styrkommandon, ge kraftfulla tryck- och dragkrafter och \u00e4r l\u00e4mplig f\u00f6r hantering av tunga laster och komplexa arbetsuppgifter.<\/p>\n<li>\n<h3>Olika typer att v\u00e4lja mellan<\/h3>\n<\/li>\n<p>Enkelverkande (hydrauliska cylindrar anv\u00e4nds endast i en riktning) eller dubbelverkande (hydrauliska cylindrar anv\u00e4nds i tv\u00e5 riktningar) kan v\u00e4ljas efter behov f\u00f6r att m\u00f6ta olika driftskrav. Vissa modeller \u00e4r teleskopiska, vilket m\u00f6jligg\u00f6r st\u00f6rre utdrag utan att \u00f6ka de yttre m\u00e5tten, l\u00e4mpliga f\u00f6r applikationer med begr\u00e4nsat utrymme.<\/p>\n<li>\n<h3>Kan ers\u00e4tta andra hydraulcylindrar<\/h3>\n<\/li>\n<p>V\u00e5r produkt kan perfekt ers\u00e4tta andra hydraulcylindrar, vilket g\u00f6r den till ett utm\u00e4rkt alternativ f\u00f6r kunderna.<\/p>\n<li>\n<h3>Applikationsf\u00e4lt<\/h3>\n<\/li>\n<p>V\u00e5r skopcylinder kan anv\u00e4ndas inom f\u00f6ljande omr\u00e5den:<\/p>\n<ul>\n<li>\n<h4>Byggutrustning:<\/h4>\n<\/li>\n<p>I gr\u00e4vmaskiner \u00e4r de viktiga f\u00f6r att gr\u00e4va, lasta och flytta jord eller skr\u00e4p. I gr\u00e4vmaskiner hj\u00e4lper skopcylindrar till med b\u00e5de gr\u00e4vning och lyftning. <\/p>\n<li>\n<h4>Jordbruksmaskiner:<\/h4>\n<\/li>\n<p>Anv\u00e4nds i frontlastare f\u00f6r att \u00f6sa, lyfta och transportera jord, h\u00f6 och andra material.<\/p>\n<li>\n<h4>Gr\u00e4vmaskiner:<\/h4>\n<\/li>\n<p>Skopans cylinder \u00e5stadkommer gr\u00e4vningen genom att l\u00e5ta skopan tr\u00e4nga ner i jorden.<\/p>\n<li>\n<h4>Lastare:<\/h4>\n<\/li>\n<p>I frontlastare hj\u00e4lper de till med att lyfta och tilta gods effektivt.<\/p>\n<\/ul>\n<\/ul>\n<h2>Design\u00f6verv\u00e4ganden och urvalskriterier<\/h2>\n<p>Design\u00f6verv\u00e4gandena och urvalskriterierna f\u00f6r v\u00e5r skopcylinder \u00e4r:<\/p>\n<ul>\n<li>\n<h3>B\u00e4rkraft:<\/h3>\n<\/li>\n<p>Skopcylindern m\u00e5ste ha tillr\u00e4cklig b\u00e4rkapacitet f\u00f6r att klara de tunga belastningar som vanligtvis f\u00f6rekommer inom bygg, gruvdrift och andra tunga maskiner.<\/p>\n<li>\n<h3>T\u00e4tning:<\/h3>\n<\/li>\n<p>Skopscylindern m\u00e5ste ha tillf\u00f6rlitlig t\u00e4tning f\u00f6r att f\u00f6rhindra l\u00e4ckage av hydraulolja och s\u00e4kerst\u00e4lla normal drift.<\/p>\n<li>\n<h3>Varaktighet:<\/h3>\n<\/li>\n<p>Skopcylindern m\u00e5ste vara h\u00e5llbar f\u00f6r att motst\u00e5 de tuffa driftsf\u00f6rh\u00e5llandena som f\u00f6rekommer inom bygg, gruvdrift och andra tunga maskiner.<\/p>\n<li>\n<h3>S\u00e4kerhet:<\/h3>\n<\/li>\n<p>Skopscylindern m\u00e5ste ha s\u00e4kerhetsfunktioner f\u00f6r att f\u00f6rhindra skador p\u00e5 f\u00f6rare och \u00e5sk\u00e5dare.<\/p>\n<li>\n<h3>Underh\u00e5llbarhet:<\/h3>\n<\/li>\n<p>Skopcylindern m\u00e5ste vara enkel att underh\u00e5lla och reparera f\u00f6r att minimera stillest\u00e5ndstid och s\u00e4kerst\u00e4lla att den fungerar optimalt.<\/p>\n<\/ul>\n<p><img decoding=\"async\" src=\"https:\/\/www.hydraulic-cylinders.net\/wp-content\/uploads\/2025\/01\/songte-oil-pipes-and-spare-parts.webp\"><\/p>\n<h2>T\u00e4tning och sm\u00f6rjning<\/h2>\n<p>V\u00e5ra skopcylinder anv\u00e4nder olika t\u00e4tningar, s\u00e5som kolvt\u00e4tningar och kolvst\u00e5ngst\u00e4tningar, tillverkade av slitstarka material som polyuretan och nitrilgummi. Cylinderhuset och den g\u00e4ngade \u00e4ndytan \u00e4r fint bearbetade f\u00f6r att f\u00f6rb\u00e4ttra slitstyrkan. Regelbunden tillsats av l\u00e4mplig m\u00e4ngd hydraulolja \u00e4r n\u00f6dv\u00e4ndig f\u00f6r att s\u00e4kerst\u00e4lla korrekt sm\u00f6rjning.<\/p>\n<h2>Inspektion och f\u00f6rebyggande underh\u00e5lls\u00e5tg\u00e4rder<\/h2>\n<p>F\u00f6ljande \u00e4r de tre vanliga underh\u00e5llsuppgifterna f\u00f6r v\u00e5r skopcylinder:<\/p>\n<ol>\n<li>\n<h3>Regelbunden inspektion:<\/h3>\n<\/li>\n<p>Utf\u00f6r regelbundna inspektioner av skopcylindern f\u00f6r att uppt\u00e4cka tecken p\u00e5 slitage, skador eller l\u00e4ckage.<\/p>\n<li>\n<h3>Korrekt sm\u00f6rjning:<\/h3>\n<\/li>\n<p>S\u00e4kerst\u00e4ll att skopcylindern sm\u00f6rjs ordentligt f\u00f6r att f\u00f6rhindra skador och s\u00e4kerst\u00e4lla smidig drift.<\/p>\n<li>\n<h3>Byte av t\u00e4tning och kalibreringskontroll:<\/h3>\n<\/li>\n<p>Byt ut slitna t\u00e4tningar och utf\u00f6r kalibreringskontroller f\u00f6r att s\u00e4kerst\u00e4lla korrekt funktion.<\/p>\n<\/ol>\n<p>Korrekt installation, sm\u00f6rjning och justering \u00e4r avg\u00f6rande f\u00f6r v\u00e5r skopcylinders livsl\u00e4ngd. Ge korrekt v\u00e4gledning f\u00f6r att justera cylindern och rekommendera att anv\u00e4nda l\u00e4mpliga monteringsf\u00e4sten f\u00f6r att s\u00e4kra den. Vi rekommenderar regelbunden inspektion, reparation och utbyte f\u00f6r att f\u00f6rb\u00e4ttra produktens livsl\u00e4ngd.<\/p>\n<p><img decoding=\"async\" src=\"https:\/\/www.hydraulic-cylinders.net\/wp-content\/uploads\/2025\/01\/songte-chushion-collar.webp\"><\/p>\n<h2>S\u00e4kerhetsaspekter och milj\u00f6faktorer<\/h2>\n<p>N\u00e4r du anv\u00e4nder v\u00e5r skopcylinder \u00e4r det viktigt att f\u00f6lja s\u00e4kerhets\u00e5tg\u00e4rder f\u00f6r att f\u00f6rhindra olyckor och s\u00e4kerst\u00e4lla s\u00e4ker anv\u00e4ndning. Anv\u00e4nd alltid l\u00e4mplig personlig skyddsutrustning och f\u00f6lj s\u00e4kra driftsrutiner. V\u00e5r produkt \u00e4r utformad f\u00f6r att uppfylla milj\u00f6standarder och \u00e4r l\u00e4mplig f\u00f6r en m\u00e4ngd olika milj\u00f6f\u00f6rh\u00e5llanden.<\/p>\n<h2>Feldiagnos och vanliga problem<\/h2>\n<p>F\u00f6ljande \u00e4r vanliga feldiagnoser och problem:<\/p>\n<ul>\n<li>\n<h3>L\u00e4ckage:<\/h3>\n<\/li>\n<p>L\u00e4ckage \u00e4r ett vanligt problem f\u00f6r hydraulcylindrar. Det kan bero p\u00e5 skadade t\u00e4tningar eller felaktig installation. <\/p>\n<li>\n<h3>T\u00e4tningsskador:<\/h3>\n<\/li>\n<p>T\u00e4tningsskador uppst\u00e5r p\u00e5 grund av slitage. Det \u00e4r viktigt att byta ut slitna t\u00e4tningar f\u00f6r att f\u00f6rhindra l\u00e4ckage.<\/p>\n<li>\n<h3>L\u00e5gt tryck:<\/h3>\n<\/li>\n<p>L\u00e5gt tryck kan bero p\u00e5 en blockerad oljekanal, otillr\u00e4cklig hydraulolja eller en skadad cylinder.<\/p>\n<\/ul>\n<p>F\u00f6r att effektivt diagnostisera och l\u00f6sa dessa problem rekommenderar vi att du f\u00f6ljer v\u00e5ra underh\u00e5lls- och inspektionsprogram, vilka inkluderar regelbundna inspektioner, korrekt installation och sm\u00f6rjning.<\/p>\n<p><img decoding=\"async\" src=\"https:\/\/www.hydraulic-cylinders.net\/wp-content\/uploads\/2025\/01\/songte-bushings-with-all-kinds-of-excavator-models.webp\"><\/p>\n<h2>Om v\u00e5rt f\u00f6retag<\/h2>\n<p>We are a leading manufacturer and wholesale distributor of hydraulic cylinders in the domestic and international markets. Our comprehensive range of products covers various types of hydraulic cylinders and is widely used in construction, mining, and other heavy machinery fields. We adhere to the principle of excellent quality and rely on the industrialized production management strategy of sophisticated manufacturing workshops. Our company continuously improves the manufacturing platform of the workshop, perfects the product quality production line, and has a strong creative ability to meet customers&#8217; diverse needs efficiently, accurately, and with high quality. <\/p>\n<p>Vi erbjuder expertis, internationell certifiering, kundanpassade tj\u00e4nster, produktionsutrustning och eftermarknadsservice. V\u00e5ra produkter har en h\u00f6g s\u00e4kerhetscertifieringsniv\u00e5 och uppfyller internationella standarder. Vi tillhandah\u00e5ller kundanpassade hydraulcylinderl\u00f6sningar f\u00f6r att m\u00f6ta specifika behov. V\u00e5r produktionsutrustning inkluderar avancerade digitala tillverkningsmaskiner och professionella testsystem f\u00f6r att s\u00e4kerst\u00e4lla att v\u00e5ra produkter uppfyller h\u00f6gsta kvalitetsstandarder. V\u00e5r eftermarknadsservice syftar till att tillhandah\u00e5lla snabba och effektiva l\u00f6sningar p\u00e5 eventuella problem som v\u00e5ra kunder st\u00f6ter p\u00e5.<\/p>\n<p><img decoding=\"async\" src=\"https:\/\/hzpt.com\/wp-content\/uploads\/2024\/11\/songte-company-1.webp\"><\/p>\n<p>F\u00f6rfattare: lyl<\/p>","protected":false},"excerpt":{"rendered":"<p>Bucket Cylinder For Jove JV235LC Introduction The bucket cylinder, also known as a hydraulic cylinder, is a specially designed hydraulic actuator mainly used to control the movement of the bucket in heavy machinery such as excavators, backhoes, and front-end loaders. Its main function is to lift, lower, and tilt the bucket, making it easier to [&hellip;]<\/p>","protected":false},"featured_media":14762,"comment_status":"open","ping_status":"closed","template":"","meta":{"_et_pb_use_builder":"","_et_pb_old_content":"","_et_gb_content_width":""},"product_brand":[],"product_cat":[1494],"product_tag":[1495,1496],"class_list":{"0":"post-15775","1":"product","2":"type-product","3":"status-publish","4":"has-post-thumbnail","6":"product_cat-bucket-cylinders","7":"product_tag-bucket-cylinders","8":"product_tag-hydraulic-cylinders","10":"first","11":"instock","12":"shipping-taxable","13":"product-type-simple"},"amp_enabled":true,"_links":{"self":[{"href":"https:\/\/www.hydraulic-cylinders.net\/sv\/wp-json\/wp\/v2\/product\/15775","targetHints":{"allow":["GET"]}}],"collection":[{"href":"https:\/\/www.hydraulic-cylinders.net\/sv\/wp-json\/wp\/v2\/product"}],"about":[{"href":"https:\/\/www.hydraulic-cylinders.net\/sv\/wp-json\/wp\/v2\/types\/product"}],"replies":[{"embeddable":true,"href":"https:\/\/www.hydraulic-cylinders.net\/sv\/wp-json\/wp\/v2\/comments?post=15775"}],"wp:featuredmedia":[{"embeddable":true,"href":"https:\/\/www.hydraulic-cylinders.net\/sv\/wp-json\/wp\/v2\/media\/14762"}],"wp:attachment":[{"href":"https:\/\/www.hydraulic-cylinders.net\/sv\/wp-json\/wp\/v2\/media?parent=15775"}],"wp:term":[{"taxonomy":"product_brand","embeddable":true,"href":"https:\/\/www.hydraulic-cylinders.net\/sv\/wp-json\/wp\/v2\/product_brand?post=15775"},{"taxonomy":"product_cat","embeddable":true,"href":"https:\/\/www.hydraulic-cylinders.net\/sv\/wp-json\/wp\/v2\/product_cat?post=15775"},{"taxonomy":"product_tag","embeddable":true,"href":"https:\/\/www.hydraulic-cylinders.net\/sv\/wp-json\/wp\/v2\/product_tag?post=15775"}],"curies":[{"name":"wp","href":"https:\/\/api.w.org\/{rel}","templated":true}]}}