{"id":15788,"date":"2025-01-19T14:59:11","date_gmt":"2025-01-19T14:59:11","guid":{"rendered":"https:\/\/www.hydraulic-cylinders.net\/product\/bucket-cylinder-for-sgzg-sd25-9\/"},"modified":"2025-01-19T14:59:13","modified_gmt":"2025-01-19T14:59:13","slug":"bucket-cylinder-for-sgzg-sd25-9","status":"publish","type":"product","link":"https:\/\/www.hydraulic-cylinders.net\/sv\/produkt\/bucket-cylinder-for-sgzg-sd25-9\/","title":{"rendered":"Skopcylinder f\u00f6r SGZG SD25-9"},"content":{"rendered":"<h1>Skopcylinder f\u00f6r SGZG SD25-9<\/h1>\n<h2>Introduktion<\/h2>\n<p>En skopcylinder \u00e4r en specialiserad hydraulcylinder som \u00e4r utformad f\u00f6r att styra r\u00f6relsen hos skopor i tunga maskiner som gr\u00e4vmaskiner, gr\u00e4vlastare och frontlastare. Dess huvudsakliga funktion \u00e4r att g\u00f6ra det m\u00f6jligt att lyfta, s\u00e4nka och luta skopan, vilket g\u00f6r det enklare att hantera olika materialtransportuppgifter. I hydraulsystemet anv\u00e4nder skopcylindern f\u00f6r\u00e4ndringar i hydrauloljetrycket f\u00f6r att uppn\u00e5 exakt kontroll \u00f6ver skopan, vilket g\u00f6r det m\u00f6jligt f\u00f6r f\u00f6rare att effektivt hantera tunga f\u00f6rem\u00e5l, anpassa sig till komplexa arbetsmilj\u00f6er och olika driftskrav.<\/p>\n<p><img decoding=\"async\" src=\"https:\/\/www.hydraulic-cylinders.net\/wp-content\/uploads\/2025\/01\/songte-company-2.webp\" alt=\"Skopcylinder f\u00f6r SGZG SD25-9\" \/><\/p>\n<h2>Drag<\/h2>\n<ul>\n<li>H\u00f6g h\u00e5llfasthet och h\u00e5llbarhet: Skopcylindrar \u00e4r vanligtvis tillverkade av h\u00f6gh\u00e5llfast st\u00e5l eller aluminium och t\u00e5l h\u00f6gt tryck och tunga belastningar, anpassar sig till tuffa arbetsmilj\u00f6er och \u00e4r konstruerade f\u00f6r slitstyrka och korrosionsbest\u00e4ndighet f\u00f6r att f\u00f6rl\u00e4nga deras livsl\u00e4ngd.<\/li>\n<li>Effektiv hydraulisk drift: Smidiga ut- och indragningsr\u00f6relser uppn\u00e5s genom att anv\u00e4nda hydrauliskt oljetryck, vilket ger kraftfulla tryck- och dragkrafter och snabbt reagerar p\u00e5 kontrollkommandon, vilket g\u00f6r dem l\u00e4mpliga f\u00f6r hantering av tunga f\u00f6rem\u00e5l och komplexa arbetsuppgifter.<\/li>\n<li>Olika typer: Enkelverkande (hydrauliska i endast en riktning) eller dubbelverkande (hydrauliska i tv\u00e5 riktningar) cylindrar kan v\u00e4ljas efter behov f\u00f6r att m\u00f6ta olika driftskrav. Vissa modeller \u00e4r teleskopiska, vilket m\u00f6jligg\u00f6r st\u00f6rre utdrag utan att \u00f6ka de yttre m\u00e5tten, vilket g\u00f6r dem l\u00e4mpliga f\u00f6r utrymmesbegr\u00e4nsade till\u00e4mpningar.<\/li>\n<li>Utbytbara: V\u00e5ra produkter kan perfekt ers\u00e4tta dessa hydraulcylindrar.<\/li>\n<\/ul>\n<p><img decoding=\"async\" src=\"https:\/\/www.hydraulic-cylinders.net\/wp-content\/uploads\/2025\/01\/songte-cylinder-head-with-all-kinds-excavator-models.webp\" alt=\"Skopcylinder f\u00f6r SGZG SD25-9\" \/><\/p>\n<h2>Applikationer<\/h2>\n<h3>Byggutrustning<\/h3>\n<p>I gr\u00e4vmaskiner \u00e4r de avg\u00f6rande f\u00f6r att gr\u00e4va, lasta och flytta jord eller skr\u00e4p. I gr\u00e4vlastare hj\u00e4lper skopcylindrar till med b\u00e5de gr\u00e4vning och lyftning. De anv\u00e4nds ocks\u00e5 i frontlastare f\u00f6r att skopa, lyfta och transportera jord, h\u00f6 och andra material.<\/p>\n<h3>Jordbruksmaskiner<\/h3>\n<p>Skopcylindrar anv\u00e4nds f\u00f6r frontlastare och anv\u00e4nds f\u00f6r att skopa, lyfta och transportera jord, h\u00f6 och andra material. I gr\u00e4vmaskiner uppn\u00e5r skopcylindern en gr\u00e4vfunktion genom att l\u00e5ta skopan tr\u00e4nga ner i jorden. I frontlastare hj\u00e4lper de till med effektiv t\u00f6mning och utj\u00e4mning av last.<\/p>\n<h2>Design\u00f6verv\u00e4ganden och urvalskriterier<\/h2>\n<ul>\n<li>B\u00e4rf\u00f6rm\u00e5ga: Skopans cylinder m\u00e5ste vara konstruerad f\u00f6r att motst\u00e5 h\u00f6ga belastningar och tryck.<\/li>\n<li>T\u00e4tning: Olika t\u00e4tningskomponenter, s\u00e5som kolvt\u00e4tningsringar och st\u00e5ngt\u00e4tningsringar, anv\u00e4nds f\u00f6r att f\u00f6rhindra oljel\u00e4ckage och s\u00e4kerst\u00e4lla effektiv drift.<\/li>\n<li>H\u00e5llbarhet: Cylinderhuset och g\u00e4ng\u00e4ndens yta \u00e4r fint bearbetade f\u00f6r att f\u00f6rb\u00e4ttra slitstyrkan.<\/li>\n<li>S\u00e4kerhet: L\u00e4mpliga s\u00e4kerhets\u00e5tg\u00e4rder b\u00f6r vidtas f\u00f6r att f\u00f6rhindra olyckor under drift.<\/li>\n<li>Underh\u00e5ll: Cylindern b\u00f6r vara konstruerad f\u00f6r enkelt underh\u00e5ll, med enkel \u00e5tkomst till utbytbara komponenter och regelbunden sm\u00f6rjning.<\/li>\n<\/ul>\n<p><img decoding=\"async\" src=\"https:\/\/www.hydraulic-cylinders.net\/wp-content\/uploads\/2025\/01\/songte-oil-pipes-and-spare-parts.webp\" alt=\"Skopcylinder f\u00f6r SGZG SD25-9\" \/><\/p>\n<h2>T\u00e4tning och sm\u00f6rjning<\/h2>\n<p>Olika t\u00e4tningskomponenter anv\u00e4nds f\u00f6r att f\u00f6rhindra oljel\u00e4ckage och s\u00e4kerst\u00e4lla effektiv drift av skopcylindern. Material som polyuretan och nitrilgummi anv\u00e4nds ofta f\u00f6r t\u00e4tningsringar. Cylinderhuset och g\u00e4ng\u00e4nden \u00e4r finbearbetade f\u00f6r att f\u00f6rb\u00e4ttra slitstyrkan. Regelbunden sm\u00f6rjning kr\u00e4vs f\u00f6r att sm\u00f6rja cylindern och s\u00e4kerst\u00e4lla dess effektiva drift.<\/p>\n<h2>Underh\u00e5ll och reparation<\/h2>\n<p>Regelbundet underh\u00e5ll och f\u00f6rebyggande \u00e5tg\u00e4rder \u00e4r viktiga f\u00f6r att f\u00f6rl\u00e4nga skopcylinderns livsl\u00e4ngd. Vanliga underh\u00e5llsuppgifter inkluderar regelbundna kontroller, korrekt sm\u00f6rjning samt kontroller av t\u00e4tningar och kalibrering. Korrekt installation av cylindern \u00e4r ocks\u00e5 viktigt, med korrekt inriktningsanvisning f\u00f6r att s\u00e4kerst\u00e4lla dess effektiva drift. Anv\u00e4ndning av l\u00e4mpliga installationsf\u00e4sten f\u00f6r att s\u00e4kra cylindern rekommenderas. Rekommenderade inspektions-, reparations- och utbytesprocedurer tillhandah\u00e5lls, samt tips f\u00f6r att f\u00f6rb\u00e4ttra skopcylinderns livsl\u00e4ngd.<\/p>\n<p><img decoding=\"async\" src=\"https:\/\/www.hydraulic-cylinders.net\/wp-content\/uploads\/2025\/01\/songte-chushion-collar.webp\" alt=\"Skopcylinder f\u00f6r SGZG SD25-9\" \/><\/p>\n<h2>S\u00e4kerhets- och milj\u00f6h\u00e4nsyn<\/h2>\n<p>L\u00e4mpliga s\u00e4kerhets\u00e5tg\u00e4rder b\u00f6r vidtas under installation och drift av skopcylindern f\u00f6r att f\u00f6rhindra olyckor. Milj\u00f6faktorer b\u00f6r ocks\u00e5 beaktas under drift f\u00f6r att minimera p\u00e5verkan p\u00e5 omgivningen.<\/p>\n<h2>Diagnos och fels\u00f6kning<\/h2>\n<p>Vanliga problem som kan uppst\u00e5 med skopcylindrar inkluderar oljel\u00e4ckage, otillr\u00e4ckligt tryck och onormala ljud under drift. Fels\u00f6kningstips och l\u00f6sningar ges f\u00f6r att hj\u00e4lpa l\u00e4sarna att effektivt diagnostisera och l\u00f6sa dessa problem.<\/p>\n<p><img decoding=\"async\" src=\"https:\/\/www.hydraulic-cylinders.net\/wp-content\/uploads\/2025\/01\/songte-bushings-with-all-kinds-of-excavator-models.webp\" alt=\"Skopcylinder f\u00f6r SGZG SD25-9\" \/><\/p>\n<h2>Om v\u00e5rt f\u00f6retag<\/h2>\n<p>Vi \u00e4r en tillverkare av hydraulcylindrar och har ett komplett produktsortiment. Vi \u00e4r en av de ledande tillverkarna och grossistdistribut\u00f6rerna av hydraulcylindrar p\u00e5 inhemska och internationella marknader. Vi f\u00f6ljer principen om utm\u00e4rkt kvalitet och f\u00f6rlitar oss p\u00e5 industrialiserade produktionsledningsstrategier i fina tillverkningsverkst\u00e4der. Med hj\u00e4lp av teknisk kompetens, digital avancerad tillverkningsutrustning och professionella testsystem f\u00f6rb\u00e4ttrar vi kontinuerligt verkstadens tillverkningsplattform, f\u00f6rb\u00e4ttrar produktens produktionskvalitet och har en stark produktionsf\u00f6rm\u00e5ga. Vi tillgodoser olika kunders behov enligt principerna om h\u00f6g effektivitet, h\u00f6g precision och h\u00f6g kvalitet.<\/p>\n<p>Vi erbjuder professionella, internationellt certifierade och kundanpassade tj\u00e4nster. Vi har avancerad produktionsutrustning och h\u00f6gkvalitativ eftermarknadsservice.<\/p>\n<p><img decoding=\"async\" src=\"https:\/\/www.hydraulic-cylinders.net\/wp-content\/uploads\/2025\/01\/songte-company-3.webp\" alt=\"Skopcylinder f\u00f6r SGZG SD25-9\" \/><\/p>\n<p>F\u00f6rfattare: lyl<\/p>","protected":false},"excerpt":{"rendered":"<p>Bucket Cylinder for SGZG SD25-9 Introduction A bucket cylinder is a specialized hydraulic cylinder designed to control the movement of buckets in heavy machinery such as excavators, backhoe loaders, and front loaders. Its main function is to enable the bucket to be lifted, lowered, and tilted, making it easier to handle various material transport tasks. [&hellip;]<\/p>","protected":false},"featured_media":14769,"comment_status":"open","ping_status":"closed","template":"","meta":{"_et_pb_use_builder":"","_et_pb_old_content":"","_et_gb_content_width":""},"product_brand":[],"product_cat":[1494],"product_tag":[1495,1496],"class_list":{"0":"post-15788","1":"product","2":"type-product","3":"status-publish","4":"has-post-thumbnail","6":"product_cat-bucket-cylinders","7":"product_tag-bucket-cylinders","8":"product_tag-hydraulic-cylinders","10":"first","11":"instock","12":"shipping-taxable","13":"product-type-simple"},"amp_enabled":true,"_links":{"self":[{"href":"https:\/\/www.hydraulic-cylinders.net\/sv\/wp-json\/wp\/v2\/product\/15788","targetHints":{"allow":["GET"]}}],"collection":[{"href":"https:\/\/www.hydraulic-cylinders.net\/sv\/wp-json\/wp\/v2\/product"}],"about":[{"href":"https:\/\/www.hydraulic-cylinders.net\/sv\/wp-json\/wp\/v2\/types\/product"}],"replies":[{"embeddable":true,"href":"https:\/\/www.hydraulic-cylinders.net\/sv\/wp-json\/wp\/v2\/comments?post=15788"}],"wp:featuredmedia":[{"embeddable":true,"href":"https:\/\/www.hydraulic-cylinders.net\/sv\/wp-json\/wp\/v2\/media\/14769"}],"wp:attachment":[{"href":"https:\/\/www.hydraulic-cylinders.net\/sv\/wp-json\/wp\/v2\/media?parent=15788"}],"wp:term":[{"taxonomy":"product_brand","embeddable":true,"href":"https:\/\/www.hydraulic-cylinders.net\/sv\/wp-json\/wp\/v2\/product_brand?post=15788"},{"taxonomy":"product_cat","embeddable":true,"href":"https:\/\/www.hydraulic-cylinders.net\/sv\/wp-json\/wp\/v2\/product_cat?post=15788"},{"taxonomy":"product_tag","embeddable":true,"href":"https:\/\/www.hydraulic-cylinders.net\/sv\/wp-json\/wp\/v2\/product_tag?post=15788"}],"curies":[{"name":"wp","href":"https:\/\/api.w.org\/{rel}","templated":true}]}}