{"id":15799,"date":"2025-01-19T15:00:10","date_gmt":"2025-01-19T15:00:10","guid":{"rendered":"https:\/\/www.hydraulic-cylinders.net\/product\/bucket-cylinder-for-carter-ct85-8a-8b\/"},"modified":"2025-01-19T15:00:13","modified_gmt":"2025-01-19T15:00:13","slug":"bucket-cylinder-for-carter-ct85-8a-8b","status":"publish","type":"product","link":"https:\/\/www.hydraulic-cylinders.net\/sv\/produkt\/bucket-cylinder-for-carter-ct85-8a-8b\/","title":{"rendered":"Skopscylinder f\u00f6r Carter CT85-8A-8B"},"content":{"rendered":"<h1>Skopscylinder f\u00f6r Carter CT85-8A-8B<\/h1>\n<h2>Introduktion<\/h2>\n<p>Skopcylindern f\u00f6r Carter CT85-8A-8B \u00e4r en specialiserad hydraulcylinder konstruerad f\u00f6r att styra skopans r\u00f6relse i tunga maskiner som gr\u00e4vmaskiner, gr\u00e4vlastare och frontlastare. Dess prim\u00e4ra funktion \u00e4r att g\u00f6ra det m\u00f6jligt f\u00f6r skopan att lyfta, s\u00e4nka och luta, vilket g\u00f6r det enklare att hantera olika materialhanteringsuppgifter. I hydraulsystemet styr skopcylindern exakt skopans r\u00f6relser genom att \u00e4ndra hydrauloljans tryck, vilket g\u00f6r det m\u00f6jligt f\u00f6r f\u00f6rare att effektivt hantera tunga laster och anpassa sig till komplexa arbetsmilj\u00f6er och olika arbetskrav.<\/p>\n<p><img decoding=\"async\" src=\"https:\/\/www.hydraulic-cylinders.net\/wp-content\/uploads\/2025\/01\/songte-company-2.webp\"><\/p>\n<h2>Drag<\/h2>\n<ul>\n<li>H\u00f6g h\u00e5llfasthet och h\u00e5llbarhet: Vanligtvis tillverkad av h\u00f6gh\u00e5llfast st\u00e5l eller aluminium, t\u00e5l den h\u00f6gt tryck och tunga belastningar, anpassar sig till tuffa arbetsmilj\u00f6er och \u00e4r konstruerad med slitstyrka och korrosionsbest\u00e4ndighet i \u00e5tanke, vilket f\u00f6rl\u00e4nger dess livsl\u00e4ngd.<\/li>\n<li>Effektiv hydraulisk drift: Anv\u00e4nder hydrauloljetryck f\u00f6r att uppn\u00e5 smidiga f\u00f6rl\u00e4ngnings- och sammandragningsr\u00f6relser, reagera snabbt p\u00e5 kontrollkommandon, ge kraftfulla tryck- och dragkrafter och \u00e4r l\u00e4mplig f\u00f6r hantering av tunga laster och komplexa arbetsuppgifter.<\/li>\n<li>Olika typer: Enkelverkande (hydrauliska cylindrar anv\u00e4nds endast i en riktning) eller dubbelverkande (hydrauliska cylindrar anv\u00e4nds i tv\u00e5 riktningar) cylindrar kan v\u00e4ljas efter behov f\u00f6r att m\u00f6ta olika driftsbehov. Vissa modeller \u00e4r teleskopiska, vilket m\u00f6jligg\u00f6r st\u00f6rre utdrag utan att \u00f6ka de yttre m\u00e5tten, l\u00e4mpliga f\u00f6r applikationer med begr\u00e4nsat utrymme.<\/li>\n<li>L\u00e4tt att byta ut: V\u00e5ra produkter kan perfekt ers\u00e4tta dessa hydraulcylindrar, och vi erbjuder reservdelar och renoveringstj\u00e4nster f\u00f6r att f\u00f6rb\u00e4ttra cylinderns livsl\u00e4ngd.<\/li>\n<li>Anpassningsbar: Kan anpassas efter kundens krav f\u00f6r att m\u00f6ta specifika driftsbehov.<\/li>\n<\/ul>\n<p><img decoding=\"async\" src=\"https:\/\/www.hydraulic-cylinders.net\/wp-content\/uploads\/2025\/01\/songte-cylinder-head-with-all-kinds-excavator-models.webp\"><\/p>\n<h2>Applikationer<\/h2>\n<p>Skopcylindern f\u00f6r Carter CT85-8A-8B anv\u00e4nds ofta i olika tunga maskiner, inklusive:<\/p>\n<ul>\n<li>Byggmaskiner: I gr\u00e4vmaskiner \u00e4r de avg\u00f6rande f\u00f6r gr\u00e4vning, lastning och flyttning av jord eller skr\u00e4p. I gr\u00e4vlastare hj\u00e4lper skopcylindrar till med b\u00e5de gr\u00e4vning och lyftning. <\/li>\n<li>Jordbruksmaskiner: Anv\u00e4nds i frontlastare f\u00f6r att \u00f6sa, lyfta och transportera jord, h\u00f6 och andra material. <\/li>\n<li>Gr\u00e4vmaskiner: Skopans cylinder m\u00f6jligg\u00f6r gr\u00e4vning genom att l\u00e5ta skopan tr\u00e4nga ner i jorden. <\/li>\n<li>Frontlastare: Frontlastare hj\u00e4lper till med att lyfta och tilta laster effektivt.<\/li>\n<\/ul>\n<p>Varje applikation beskrivs i detalj nedan:<\/p>\n<h3>Byggutrustning<\/h3>\n<p>Skopcylindrar \u00e4r viktiga i gr\u00e4vmaskiner och gr\u00e4vlastare f\u00f6r att gr\u00e4va, lasta och flytta jord eller skr\u00e4p. Skopcylinderns hydrauliska tryck g\u00f6r att skopan kan utf\u00f6ra de r\u00f6relser som kr\u00e4vs smidigt och exakt, vilket ger f\u00f6rarna den kontroll och stabilitet som kr\u00e4vs f\u00f6r att arbeta under kr\u00e4vande f\u00f6rh\u00e5llanden. Skopcylinderns styrka och h\u00e5llbarhet s\u00e4kerst\u00e4ller att den kan motst\u00e5 de h\u00f6ga belastningar och tryck som kr\u00e4vs f\u00f6r gr\u00e4v- och lastningsuppgifter.<\/p>\n<h3>Jordbruksmaskiner<\/h3>\n<p>Skopcylindern anv\u00e4nds i frontlastare f\u00f6r en m\u00e4ngd olika uppgifter, inklusive att \u00f6sa, lyfta och transportera jord, h\u00f6 och andra material. Skopcylinderns hydrauliska tryck g\u00f6r att skopan kan lyftas och lutas, vilket g\u00f6r det l\u00e4ttare att hantera skrymmande och tunga material. Skopcylinderns styrka och h\u00e5llbarhet s\u00e4kerst\u00e4ller att den kan motst\u00e5 de h\u00f6ga belastningar och tryck som \u00e4r f\u00f6rknippade med jordbruksuppgifter, vilket g\u00f6r den till en viktig komponent i frontlastare.<\/p>\n<h3>Gr\u00e4vmaskiner<\/h3>\n<p>Skopans cylinder m\u00f6jligg\u00f6r gr\u00e4vning genom att l\u00e5ta skopan tr\u00e4nga ner i jorden. Skopans hydrauliska tryck g\u00f6r att skopan enkelt kan utf\u00f6ra de n\u00f6dv\u00e4ndiga r\u00f6relserna, vilket g\u00f6r att f\u00f6rarna kan arbeta snabbt och effektivt. Skopans cylinders styrka och h\u00e5llbarhet s\u00e4kerst\u00e4ller att den kan motst\u00e5 de h\u00f6ga belastningar och tryck som \u00e4r f\u00f6rknippade med gr\u00e4varbeten.<\/p>\n<h3>Frontlastare<\/h3>\n<p>I frontlastare hj\u00e4lper skopcylindern till med att lyfta och luta laster, vilket ger den kontroll och stabilitet som kr\u00e4vs f\u00f6r att arbeta under kr\u00e4vande f\u00f6rh\u00e5llanden. Skopcylinderns hydrauliska tryck g\u00f6r att skopan kan utf\u00f6ra de erforderliga r\u00f6relserna smidigt och exakt, vilket g\u00f6r det l\u00e4ttare att hantera skrymmande och tunga laster. Skopcylinderns styrka och h\u00e5llbarhet s\u00e4kerst\u00e4ller att den kan motst\u00e5 de h\u00f6ga belastningar och tryck som \u00e4r f\u00f6rknippade med lastnings- och lyftuppgifter.<\/p>\n<p><img decoding=\"async\" src=\"https:\/\/www.hydraulic-cylinders.net\/wp-content\/uploads\/2025\/01\/songte-oil-pipes-and-spare-parts.webp\"><\/p>\n<h2>Design\u00f6verv\u00e4ganden och urvalskriterier<\/h2>\n<p>Skopcylindern f\u00f6r Carter CT85-8A-8B \u00e4r konstruerad med flera faktorer i \u00e5tanke, inklusive:<\/p>\n<ul>\n<li>B\u00e4rf\u00f6rm\u00e5ga: Cylindern m\u00e5ste kunna motst\u00e5 h\u00f6ga belastningar och tryck i samband med tunga maskiner.<\/li>\n<li>T\u00e4tning: Cylindern m\u00e5ste vara konstruerad med h\u00f6gkvalitativa t\u00e4tningar f\u00f6r att f\u00f6rhindra oljel\u00e4ckage och s\u00e4kerst\u00e4lla korrekt funktion. Kolvt\u00e4tningen och st\u00e5ngt\u00e4tningen \u00e4r vanligtvis tillverkade av polyuretan eller nitrilgummi, vilka \u00e4r slitstarka material.<\/li>\n<li>H\u00e5llbarhet: Cylindern m\u00e5ste vara tillverkad av h\u00f6gh\u00e5llfasta material och konstruerad med slitstyrka och korrosionsbest\u00e4ndighet i \u00e5tanke f\u00f6r att f\u00f6rl\u00e4nga dess livsl\u00e4ngd.<\/li>\n<li>S\u00e4kerhet: Cylindern m\u00e5ste uppfylla s\u00e4kerhetsstandarder f\u00f6r att f\u00f6rhindra olyckor och skador.<\/li>\n<li>Underh\u00e5llbarhet: Cylindern m\u00e5ste vara konstruerad f\u00f6r enkelt underh\u00e5ll och reparation, med reservdelar l\u00e4ttillg\u00e4ngliga.<\/li>\n<\/ul>\n<p><img decoding=\"async\" src=\"https:\/\/www.hydraulic-cylinders.net\/wp-content\/uploads\/2025\/01\/songte-chushion-collar.webp\"><\/p>\n<h2>T\u00e4tning och sm\u00f6rjning<\/h2>\n<p>Skopscylindern f\u00f6r Carter CT85-8A-8B anv\u00e4nder olika t\u00e4tningskomponenter f\u00f6r att f\u00f6rhindra oljel\u00e4ckage och s\u00e4kerst\u00e4lla korrekt drift. Cylinderns kolvt\u00e4tning och st\u00e5ngt\u00e4tning \u00e4r vanligtvis tillverkade av polyuretan eller nitrilgummi, vilka \u00e4r slitstarka material. Cylinderns cylinderhus och g\u00e4ng\u00e4ndyta \u00e4r finbearbetade f\u00f6r att f\u00f6rb\u00e4ttra slitstyrkan. Regelbunden sm\u00f6rjning med hydraulolja kr\u00e4vs f\u00f6r att bibeh\u00e5lla cylinderns optimala prestanda.<\/p>\n<h2>Inspektion och f\u00f6rebyggande underh\u00e5ll<\/h2>\n<p>Regelbunden inspektion och f\u00f6rebyggande underh\u00e5ll \u00e4r avg\u00f6rande f\u00f6r att s\u00e4kerst\u00e4lla optimal prestanda och livsl\u00e4ngd f\u00f6r skopcylindern till Carter CT85-8A-8B. Vanliga uppgifter inkluderar:<\/p>\n<ul>\n<li>Regelbunden inspektion av cylindern och dess komponenter<\/li>\n<li>Regelbunden sm\u00f6rjning<\/li>\n<li>Byte av slitna t\u00e4tningar<\/li>\n<li>Kalibreringskontroller<\/li>\n<\/ul>\n<p>Korrekt installation \u00e4r ocks\u00e5 avg\u00f6rande f\u00f6r att s\u00e4kerst\u00e4lla optimal prestanda. Cylindern m\u00e5ste vara korrekt justerad och l\u00e4mpliga installationsf\u00e4sten m\u00e5ste anv\u00e4ndas f\u00f6r att s\u00e4kra cylindern. Vi rekommenderar att du f\u00f6ljer v\u00e5ra rekommenderade inspektions-, reparations- och utbytesprocedurer f\u00f6r att s\u00e4kerst\u00e4lla cylinderns optimala prestanda och livsl\u00e4ngd.<\/p>\n<p><img decoding=\"async\" src=\"https:\/\/www.hydraulic-cylinders.net\/wp-content\/uploads\/2025\/01\/songte-bushings-with-all-kinds-of-excavator-models.webp\"><\/p>\n<h2>S\u00e4kerhetsaspekter och milj\u00f6faktorer<\/h2>\n<p>N\u00e4r skopcylindern f\u00f6r Carter CT85-8A-8B anv\u00e4nds m\u00e5ste s\u00e4kerhets\u00e5tg\u00e4rder vidtas f\u00f6r att f\u00f6rhindra olyckor och skador. Det \u00e4r viktigt att f\u00f6lja s\u00e4kerhetsprocedurer och riktlinjer vid anv\u00e4ndning av tunga maskiner, inklusive att b\u00e4ra skyddsutrustning som hj\u00e4lmar, handskar och skyddsglas\u00f6gon.<\/p>\n<p>Skopscylindern f\u00f6r Carter CT85-8A-8B \u00e4r konstruerad med milj\u00f6h\u00e4nsyn i \u00e5tanke. Den \u00e4r tillverkad av slitstarka, h\u00f6gh\u00e5llfasta material som \u00e4r motst\u00e5ndskraftiga mot slitage och korrosion, vilket minskar behovet av frekventa utbyten. Regelbundet underh\u00e5ll och inspektion kan ytterligare minska produktens milj\u00f6p\u00e5verkan genom att f\u00f6rl\u00e4nga dess livsl\u00e4ngd.<\/p>\n<h2>Fels\u00f6kning och vanliga problem<\/h2>\n<p>Skopscylindern f\u00f6r Carter CT85-8A-8B kan st\u00f6ta p\u00e5 olika problem under drift. Vanliga problem inkluderar oljel\u00e4ckor, skadade t\u00e4tningar och minskad prestanda. Korrekt underh\u00e5ll och inspektion kan hj\u00e4lpa till att uppt\u00e4cka och f\u00f6rhindra att dessa problem uppst\u00e5r. Om problem uppst\u00e5r finns fels\u00f6kningstips och l\u00f6sningar tillg\u00e4ngliga f\u00f6r att diagnostisera och l\u00f6sa problemet.<\/p>\n<p><img decoding=\"async\" src=\"https:\/\/hzpt.com\/wp-content\/uploads\/2024\/11\/songte-company-1.webp\"><\/p>\n<h2>Om oss<\/h2>\n<p>Vi \u00e4r en ledande tillverkare och grossistdistribut\u00f6r av hydraulcylindrar och erbjuder ett komplett sortiment av produkter f\u00f6r inhemska och internationella marknader. V\u00e5rt engagemang f\u00f6r tillverkningskvalitet, industrialiserade produktionshanteringsstrategier och investeringar i spetsteknologi och professionella testsystem s\u00e4kerst\u00e4ller v\u00e5ra produkters kvalitet och tillf\u00f6rlitlighet. Vi erbjuder skr\u00e4ddarsydda tj\u00e4nster, internationell certifiering och eftermarknadssupport, vilket ger v\u00e5ra kunder en komplett l\u00f6sning f\u00f6r deras behov av hydraulcylindrar.<\/p>\n<p>Ytterligare information om v\u00e5rt f\u00f6retag:<\/p>\n<ul>\n<li>Professionalism: V\u00e5rt team best\u00e5r av h\u00f6gkvalificerade och erfarna yrkesm\u00e4n med djupg\u00e5ende kunskaper om hydraulcylindrar och relaterade produkter.<\/li>\n<li>Internationell certifiering: V\u00e5ra produkter \u00e4r oberoende certifierade av internationella organisationer, vilket s\u00e4kerst\u00e4ller deras kvalitet och tillf\u00f6rlitlighet.<\/li>\n<li>Anpassning: Vi erbjuder skr\u00e4ddarsydda tj\u00e4nster f\u00f6r att m\u00f6ta kundernas unika driftskrav.<\/li>\n<li>Produktionsutrustning: Vi investerar i den senaste tekniken och utrustningen f\u00f6r att s\u00e4kerst\u00e4lla v\u00e5ra produkters kvalitet och tillf\u00f6rlitlighet.<\/li>\n<li>Eftermarknadssupport: Vi erbjuder omfattande eftermarknadssupport, inklusive reservdelar och renoveringstj\u00e4nster, f\u00f6r att s\u00e4kerst\u00e4lla v\u00e5ra kunders n\u00f6jdhet.<\/li>\n<\/ul>\n<p>F\u00f6rfattare: lyl<\/p>","protected":false},"excerpt":{"rendered":"<p>Bucket Cylinder For Carter CT85-8A-8B Introduction The Bucket Cylinder for Carter CT85-8A-8B is a specialized hydraulic cylinder designed for controlling the movement of the bucket in heavy machinery such as excavators, backhoe loaders, and front loaders. Its primary function is to enable the bucket to lift, lower, and tilt, making it easier to handle various [&hellip;]<\/p>","protected":false},"featured_media":14778,"comment_status":"open","ping_status":"closed","template":"","meta":{"_et_pb_use_builder":"","_et_pb_old_content":"","_et_gb_content_width":""},"product_brand":[],"product_cat":[1494],"product_tag":[1495,1496],"class_list":{"0":"post-15799","1":"product","2":"type-product","3":"status-publish","4":"has-post-thumbnail","6":"product_cat-bucket-cylinders","7":"product_tag-bucket-cylinders","8":"product_tag-hydraulic-cylinders","10":"first","11":"instock","12":"shipping-taxable","13":"product-type-simple"},"amp_enabled":true,"_links":{"self":[{"href":"https:\/\/www.hydraulic-cylinders.net\/sv\/wp-json\/wp\/v2\/product\/15799","targetHints":{"allow":["GET"]}}],"collection":[{"href":"https:\/\/www.hydraulic-cylinders.net\/sv\/wp-json\/wp\/v2\/product"}],"about":[{"href":"https:\/\/www.hydraulic-cylinders.net\/sv\/wp-json\/wp\/v2\/types\/product"}],"replies":[{"embeddable":true,"href":"https:\/\/www.hydraulic-cylinders.net\/sv\/wp-json\/wp\/v2\/comments?post=15799"}],"wp:featuredmedia":[{"embeddable":true,"href":"https:\/\/www.hydraulic-cylinders.net\/sv\/wp-json\/wp\/v2\/media\/14778"}],"wp:attachment":[{"href":"https:\/\/www.hydraulic-cylinders.net\/sv\/wp-json\/wp\/v2\/media?parent=15799"}],"wp:term":[{"taxonomy":"product_brand","embeddable":true,"href":"https:\/\/www.hydraulic-cylinders.net\/sv\/wp-json\/wp\/v2\/product_brand?post=15799"},{"taxonomy":"product_cat","embeddable":true,"href":"https:\/\/www.hydraulic-cylinders.net\/sv\/wp-json\/wp\/v2\/product_cat?post=15799"},{"taxonomy":"product_tag","embeddable":true,"href":"https:\/\/www.hydraulic-cylinders.net\/sv\/wp-json\/wp\/v2\/product_tag?post=15799"}],"curies":[{"name":"wp","href":"https:\/\/api.w.org\/{rel}","templated":true}]}}