{"id":15807,"date":"2025-01-19T15:00:48","date_gmt":"2025-01-19T15:00:48","guid":{"rendered":"https:\/\/www.hydraulic-cylinders.net\/product\/bucket-cylinder-for-kym-ky50a\/"},"modified":"2025-01-19T15:00:54","modified_gmt":"2025-01-19T15:00:54","slug":"bucket-cylinder-for-kym-ky50a","status":"publish","type":"product","link":"https:\/\/www.hydraulic-cylinders.net\/sv\/produkt\/bucket-cylinder-for-kym-ky50a\/","title":{"rendered":"Skopscylinder f\u00f6r KYM KY50A"},"content":{"rendered":"<h1>Skopscylinder f\u00f6r KYM KY50A<\/h1>\n<h2>Introduktion<\/h2>\n<h3>Definiera skopcylinder<\/h3>\n<p>A bucket cylinder is a specially designed hydraulic cylinder mainly used to control the movement of the bucket in heavy machinery such as excavators, backhoe excavators, and front loaders. Its primary function is to enable the bucket to lift, lower, and tilt, making it easier to handle various material transport tasks. In the hydraulic system, the bucket cylinder controls the bucket&#8217;s precise movement through changes in hydraulic oil pressure, allowing operators to efficiently handle heavy loads and adapt to complex working environments and diverse operational requirements.<\/p>\n<p><img decoding=\"async\" src=\"https:\/\/www.hydraulic-cylinders.net\/wp-content\/uploads\/2025\/01\/songte-company-2.webp\" alt=\"Bild av skopcylinder\"><\/p>\n<h3>Drag<\/h3>\n<ul>\n<li>H\u00f6g h\u00e5llfasthet och h\u00e5llbarhet: Vanligtvis tillverkad av h\u00f6gh\u00e5llfast st\u00e5l eller aluminium, t\u00e5l h\u00f6gt tryck och tunga belastningar, anpassar sig till tuffa arbetsmilj\u00f6er, \u00e4r konstruerad med slitstyrka och korrosionsbest\u00e4ndighet och f\u00f6rl\u00e4nger livsl\u00e4ngden.<\/li>\n<li>Effektiv hydraulisk drift: Smidiga ut- och sammandragningsr\u00f6relser uppn\u00e5s genom att utnyttja hydrauloljetrycket, vilket m\u00f6jligg\u00f6r snabb respons p\u00e5 styrkommandon, ger kraftfull tryck- och dragkraft och \u00e4r l\u00e4mplig f\u00f6r hantering av tunga laster och komplexa driftsuppgifter.<\/li>\n<li>Olika typer: Enkelverkande (hydrauliskt anv\u00e4nda i endast en riktning) eller dubbelverkande (hydrauliskt anv\u00e4nda i tv\u00e5 riktningar) cylindrar kan v\u00e4ljas efter behov f\u00f6r att m\u00f6ta olika driftsbehov. Vissa modeller \u00e4r teleskopiska, vilket m\u00f6jligg\u00f6r st\u00f6rre utdrag utan att \u00f6ka de yttersta m\u00e5tten, l\u00e4mpliga f\u00f6r applikationer med begr\u00e4nsat utrymme.<\/li>\n<li>Perfekt ers\u00e4ttning: V\u00e5r produkt kan perfekt ers\u00e4tta dessa hydraulcylindrar.<\/li>\n<\/ul>\n<p><img decoding=\"async\" src=\"https:\/\/www.hydraulic-cylinders.net\/wp-content\/uploads\/2025\/01\/songte-cylinder-head-with-all-kinds-excavator-models.webp\" alt=\"Bild f\u00f6r utbyte av skopcylinder\"><\/p>\n<h3>Applikationer<\/h3>\n<p>Skopscylindrar anv\u00e4nds ofta inom olika industrier. N\u00e5gra av de vanligaste till\u00e4mpningarna \u00e4r:<\/p>\n<ul>\n<li>Byggmaskiner: I gr\u00e4vmaskiner \u00e4r de avg\u00f6rande f\u00f6r att gr\u00e4va, lasta och flytta jord eller skr\u00e4p. I gr\u00e4vmaskiner med gr\u00e4vaggregat hj\u00e4lper skopcylindern till med b\u00e5de gr\u00e4vning och lyftning. <\/li>\n<li>Jordbruksmaskiner: Anv\u00e4nds i frontlastare f\u00f6r att \u00f6sa, lyfta och transportera jord, h\u00f6 och andra material. <\/li>\n<li>Gr\u00e4vmaskiner: Skopans cylinder m\u00f6jligg\u00f6r gr\u00e4vning genom att l\u00e5ta skopan tr\u00e4nga ner i jorden. <\/li>\n<li>Lastare: Frontlastare hj\u00e4lper till med att lyfta och dumpa gods effektivt. <\/li>\n<\/ul>\n<h3>Design\u00f6verv\u00e4ganden och urvalskriterier<\/h3>\n<p>Vid konstruktion av hydraulcylindrar finns det flera viktiga \u00f6verv\u00e4ganden, inklusive:<\/p>\n<ul>\n<li>B\u00e4rkraft<\/li>\n<li>T\u00e4tning<\/li>\n<li>Varaktighet<\/li>\n<li>S\u00e4kerhet<\/li>\n<li>Underh\u00e5llbarhet<\/li>\n<\/ul>\n<p>Bearing capacity: Hydraulic cylinders are designed to handle a specific load. The cylinder&#8217;s weight, stroke length, and size are all critical factors in determining its load-bearing capacity. <\/p>\n<p>T\u00e4tning: Hydraulcylindrar kr\u00e4ver en m\u00e4ngd olika t\u00e4tningar, s\u00e5som kolvt\u00e4tningsringar och st\u00e5ngt\u00e4tningsringar, f\u00f6r att f\u00f6rhindra oljel\u00e4ckage och bibeh\u00e5lla cylindertrycket. Polyuretan och nitrilgummi \u00e4r vanligt f\u00f6rekommande slitstarka material f\u00f6r t\u00e4tningsringar. Cylinderhuset och de g\u00e4ngade \u00e4ndytorna genomg\u00e5r fin bearbetning, vilket bidrar till att f\u00f6rb\u00e4ttra slitstyrkan. Regelbunden tillsats av l\u00e4mplig hydraulolja \u00e4r n\u00f6dv\u00e4ndig f\u00f6r att sm\u00f6rja cylindern.<\/p>\n<p>H\u00e5llbarhet: Hydraulcylindrar \u00e4r konstruerade f\u00f6r att t\u00e5la tuffa driftsmilj\u00f6er, vilket inneb\u00e4r att de m\u00e5ste vara tillverkade av slitstarka material som t\u00e5l slitage och korrosion.<\/p>\n<p>S\u00e4kerhet: Hydraulcylindrar m\u00e5ste uppfylla s\u00e4kerhetsstandarder och f\u00f6reskrifter, inklusive anv\u00e4ndning av s\u00e4kerhetsventiler f\u00f6r att f\u00f6rhindra \u00f6vertryck, installation av tillr\u00e4ckligt skydd f\u00f6r att f\u00f6rhindra skada p\u00e5 operat\u00f6ren och andra s\u00e4kerhetsfunktioner.<\/p>\n<p>Underh\u00e5llbarhet: Hydraulcylindrar m\u00e5ste vara konstruerade f\u00f6r att vara enkla att underh\u00e5lla och reparera. Komponenterna ska vara l\u00e4ttillg\u00e4ngliga och utbytbara, och konstruktionen ska eliminera behovet av specialiserad kunskap eller verktyg.<\/p>\n<p><img decoding=\"async\" src=\"https:\/\/www.hydraulic-cylinders.net\/wp-content\/uploads\/2025\/01\/songte-oil-pipes-and-spare-parts.webp\" alt=\"Bild av hydrauliska cylinderdelar\"><\/p>\n<h3>Underh\u00e5ll och reparation<\/h3>\n<p>Korrekt underh\u00e5ll och reparation \u00e4r avg\u00f6rande f\u00f6r hydraulcylindrarnas livsl\u00e4ngd. Vanliga underh\u00e5llsuppgifter inkluderar:<\/p>\n<ul>\n<li>Regelbundna kontroller<\/li>\n<li>Korrekt sm\u00f6rjning<\/li>\n<li>Byte av t\u00e4tning<\/li>\n<li>Kalibreringskontroller<\/li>\n<\/ul>\n<p>When installing a hydraulic cylinder, it is important to align it correctly and use appropriate mounting brackets to secure it in place. Recommended inspection, repair, and replacement procedures should be followed to prolong the cylinder&#8217;s service life.<\/p>\n<p><img decoding=\"async\" src=\"https:\/\/www.hydraulic-cylinders.net\/wp-content\/uploads\/2025\/01\/songte-chushion-collar.webp\" alt=\"Bild f\u00f6r installation av hydraulcylinder\"><\/p>\n<h3>S\u00e4kerhetsaspekter och milj\u00f6faktorer<\/h3>\n<p>Vid anv\u00e4ndning av hydraulcylindrar \u00e4r s\u00e4kerhets\u00e5tg\u00e4rder viktiga f\u00f6r att f\u00f6rhindra olyckor. S\u00e4kra arbetsrutiner b\u00f6r f\u00f6ljas, inklusive att b\u00e4ra l\u00e4mplig personlig skyddsutrustning, h\u00e5lla arbetsomr\u00e5det rent och fritt fr\u00e5n skr\u00e4p och f\u00f6lja alla s\u00e4kerhetsrutiner.<\/p>\n<p>Milj\u00f6faktorer b\u00f6r ocks\u00e5 beaktas vid anv\u00e4ndning av hydraulcylindrar, inklusive korrekt kassering av anv\u00e4nd hydraulolja och andra farliga material, samt att f\u00f6lja alla milj\u00f6f\u00f6reskrifter och krav.<\/p>\n<p><img decoding=\"async\" src=\"https:\/\/hzpt.com\/wp-content\/uploads\/2024\/11\/songte-company-1.webp\" alt=\"F\u00f6retagsbild\"><\/p>\n<h3>Om oss<\/h3>\n<p>Som en ledande tillverkare och grossist av hydraulcylindrar p\u00e5 den inhemska och internationella marknaden specialiserar vi oss p\u00e5 att producera hydraulcylindrar f\u00f6r ers\u00e4ttning. V\u00e5ra produkter \u00e4r designade med utm\u00e4rkt kvalitet och bygger p\u00e5 industrialiserade produktionsstrategier fr\u00e5n sofistikerade tillverkningsverkst\u00e4der, tekniska talanger, digitaliserad avancerad tillverkningsutrustning och professionella testsystem. Vi f\u00f6rb\u00e4ttrar kontinuerligt v\u00e5ra tillverkningsplattformar i verkstaden, finslipar produktionslinjen f\u00f6r produktkvalitet och har en stark kreativ f\u00f6rm\u00e5ga. Vi str\u00e4var efter att m\u00f6ta v\u00e5ra kunders olika behov med h\u00f6g effektivitet, precision och kvalitet.<\/p>\n<h3>V\u00e5ra tj\u00e4nster<\/h3>\n<p>V\u00e5ra tj\u00e4nster inkluderar:<\/p>\n<ul>\n<li>Professionalism<\/li>\n<li>Internationell certifiering<\/li>\n<li>Anpassningstj\u00e4nster<\/li>\n<li>Produktionsutrustning<\/li>\n<li>Eftermarknadsservice<\/li>\n<\/ul>\n<p>Vi str\u00e4var efter att f\u00f6rse v\u00e5ra kunder med h\u00f6gkvalitativa produkter och tj\u00e4nster som m\u00f6ter deras behov och \u00f6vertr\u00e4ffar deras f\u00f6rv\u00e4ntningar.<\/p>\n<p><img decoding=\"async\" src=\"https:\/\/www.hydraulic-cylinders.net\/wp-content\/uploads\/2025\/01\/songte-company-3.webp\" alt=\"Bild av f\u00f6retagstj\u00e4nster\"><\/p>\n<p>F\u00f6rfattare: lyl<\/p>","protected":false},"excerpt":{"rendered":"<p>Bucket Cylinder For KYM KY50A Introduction Defining Bucket Cylinder A bucket cylinder is a specially designed hydraulic cylinder mainly used to control the movement of the bucket in heavy machinery such as excavators, backhoe excavators, and front loaders. Its primary function is to enable the bucket to lift, lower, and tilt, making it easier to [&hellip;]<\/p>","protected":false},"featured_media":14789,"comment_status":"open","ping_status":"closed","template":"","meta":{"_et_pb_use_builder":"","_et_pb_old_content":"","_et_gb_content_width":""},"product_brand":[],"product_cat":[1494],"product_tag":[1495,1496],"class_list":{"0":"post-15807","1":"product","2":"type-product","3":"status-publish","4":"has-post-thumbnail","6":"product_cat-bucket-cylinders","7":"product_tag-bucket-cylinders","8":"product_tag-hydraulic-cylinders","10":"first","11":"instock","12":"shipping-taxable","13":"product-type-simple"},"amp_enabled":true,"_links":{"self":[{"href":"https:\/\/www.hydraulic-cylinders.net\/sv\/wp-json\/wp\/v2\/product\/15807","targetHints":{"allow":["GET"]}}],"collection":[{"href":"https:\/\/www.hydraulic-cylinders.net\/sv\/wp-json\/wp\/v2\/product"}],"about":[{"href":"https:\/\/www.hydraulic-cylinders.net\/sv\/wp-json\/wp\/v2\/types\/product"}],"replies":[{"embeddable":true,"href":"https:\/\/www.hydraulic-cylinders.net\/sv\/wp-json\/wp\/v2\/comments?post=15807"}],"wp:featuredmedia":[{"embeddable":true,"href":"https:\/\/www.hydraulic-cylinders.net\/sv\/wp-json\/wp\/v2\/media\/14789"}],"wp:attachment":[{"href":"https:\/\/www.hydraulic-cylinders.net\/sv\/wp-json\/wp\/v2\/media?parent=15807"}],"wp:term":[{"taxonomy":"product_brand","embeddable":true,"href":"https:\/\/www.hydraulic-cylinders.net\/sv\/wp-json\/wp\/v2\/product_brand?post=15807"},{"taxonomy":"product_cat","embeddable":true,"href":"https:\/\/www.hydraulic-cylinders.net\/sv\/wp-json\/wp\/v2\/product_cat?post=15807"},{"taxonomy":"product_tag","embeddable":true,"href":"https:\/\/www.hydraulic-cylinders.net\/sv\/wp-json\/wp\/v2\/product_tag?post=15807"}],"curies":[{"name":"wp","href":"https:\/\/api.w.org\/{rel}","templated":true}]}}