{"id":15824,"date":"2025-01-19T15:02:11","date_gmt":"2025-01-19T15:02:11","guid":{"rendered":"https:\/\/www.hydraulic-cylinders.net\/product\/bucket-cylinder-for-nante-nt08\/"},"modified":"2025-01-19T15:02:13","modified_gmt":"2025-01-19T15:02:13","slug":"bucket-cylinder-for-nante-nt08","status":"publish","type":"product","link":"https:\/\/www.hydraulic-cylinders.net\/sv\/produkt\/bucket-cylinder-for-nante-nt08\/","title":{"rendered":"Skopscylinder f\u00f6r Nante NT08"},"content":{"rendered":"<h1>Skopscylinder f\u00f6r Nante NT08<\/h1>\n<h2>Introduktion<\/h2>\n<p>Skopcylindern till Nante NT08 \u00e4r en specialiserad hydraulcylinder konstruerad f\u00f6r att styra r\u00f6relsen hos skopor i tunga maskiner som gr\u00e4vmaskiner, gr\u00e4vlastare och frontlastare. Dess huvudsakliga funktion \u00e4r att m\u00f6jligg\u00f6ra lyftning, s\u00e4nkning och lutning av skopan, vilket g\u00f6r det enklare att hantera olika materialhanteringsuppgifter. I ett hydraulsystem uppn\u00e5r skopcylindern exakt kontroll \u00f6ver skopan genom att utnyttja f\u00f6r\u00e4ndringar i hydrauloljetrycket, vilket g\u00f6r det m\u00f6jligt f\u00f6r f\u00f6rare att effektivt hantera tunga laster och anpassa sig till komplexa arbetsmilj\u00f6er och olika arbetskrav.<\/p>\n<p><img decoding=\"async\" src=\"https:\/\/www.hydraulic-cylinders.net\/wp-content\/uploads\/2025\/01\/songte-company-2.webp\" alt=\"Bild av skopcylinder\"><\/p>\n<h2>Drag<\/h2>\n<ul>\n<li><strong>H\u00f6g styrka och h\u00e5llbarhet:<\/strong> Skopscylindern, som vanligtvis \u00e4r tillverkad av h\u00f6gh\u00e5llfast st\u00e5l eller aluminium, kan motst\u00e5 h\u00f6gt tryck och tunga belastningar och anpassa sig till tuffa arbetsmilj\u00f6er. Dess design tar h\u00e4nsyn till slitstyrka och korrosionsbest\u00e4ndighet, vilket f\u00f6rl\u00e4nger dess livsl\u00e4ngd.<\/li>\n<li><strong>Effektiv hydraulisk drift:<\/strong> Genom att utnyttja hydrauloljetrycket uppn\u00e5r skopcylindern mjuka ut- och inf\u00e4llningsr\u00f6relser, vilket m\u00f6jligg\u00f6r snabb respons p\u00e5 styrkommandon och ger kraftfulla tryck- och dragkrafter. Den \u00e4r l\u00e4mplig f\u00f6r hantering av tunga laster och komplexa arbetsuppgifter.<\/li>\n<li><strong>M\u00e5ngsidiga typer:<\/strong> Skopscylindern kan v\u00e4ljas som enkelverkande (hydraultryck anv\u00e4nds endast i en riktning) eller dubbelverkande (hydraultryck anv\u00e4nds i b\u00e5da riktningarna) cylindrar enligt specifika driftskrav. Vissa modeller \u00e4r teleskopiska, vilket m\u00f6jligg\u00f6r st\u00f6rre utdrag utan att \u00f6ka de yttersta m\u00e5tten, vilket g\u00f6r dem l\u00e4mpliga f\u00f6r applikationer med begr\u00e4nsat utrymme.<\/li>\n<li><strong>Perfekt ers\u00e4ttning:<\/strong> V\u00e5r produkt kan perfekt ers\u00e4tta dessa hydraulcylindrar.<\/li>\n<\/ul>\n<p><img decoding=\"async\" src=\"https:\/\/www.hydraulic-cylinders.net\/wp-content\/uploads\/2025\/01\/songte-cylinder-head-with-all-kinds-excavator-models.webp\" alt=\"Bild av hydraulcylinder\"><\/p>\n<h2>Applikationer<\/h2>\n<p>Skopscylindern anv\u00e4nds i olika utrustningar, inklusive:<\/p>\n<ul>\n<li><strong>Byggutrustning:<\/strong> De finns i gr\u00e4vmaskiner och \u00e4r avg\u00f6rande f\u00f6r att gr\u00e4va, lasta och flytta jord eller skr\u00e4p. I gr\u00e4vlastare hj\u00e4lper skopcylindern till vid b\u00e5de gr\u00e4vning och lyftning.<\/li>\n<li><strong>Jordbruksmaskiner:<\/strong> Anv\u00e4nds i frontlastare f\u00f6r att \u00f6sa, lyfta och transportera jord, h\u00f6 och andra material.<\/li>\n<li><strong>Gr\u00e4vmaskiner:<\/strong> Skopans cylinder m\u00f6jligg\u00f6r gr\u00e4vning genom att l\u00e5ta skopan tr\u00e4nga ner i jorden.<\/li>\n<li><strong>Frontlastare:<\/strong> I frontlastare hj\u00e4lper de till att lyfta och dumpa gods effektivt.<\/li>\n<\/ul>\n<h2>Design\u00f6verv\u00e4ganden och urvalskriterier<\/h2>\n<p>Vid konstruktion av en skopcylinder m\u00e5ste flera viktiga faktorer och urvalskriterier beaktas:<\/p>\n<ul>\n<li><strong>B\u00e4rkraft:<\/strong> Cylindern b\u00f6r vara konstruerad f\u00f6r att motst\u00e5 den f\u00f6rv\u00e4ntade belastningen och krafterna.<\/li>\n<li><strong>T\u00e4tning:<\/strong> Olika t\u00e4tningskomponenter, s\u00e5som kolvt\u00e4tningar och kolvst\u00e5ngst\u00e4tningar, b\u00f6r anv\u00e4ndas f\u00f6r att s\u00e4kerst\u00e4lla korrekt t\u00e4tning och f\u00f6rhindra l\u00e4ckage av hydraulolja.<\/li>\n<li><strong>Varaktighet:<\/strong> Cylindern b\u00f6r konstrueras f\u00f6r att motst\u00e5 de f\u00f6rv\u00e4ntade arbetsf\u00f6rh\u00e5llandena, med h\u00e4nsyn till faktorer som slitstyrka och korrosionsbest\u00e4ndighet.<\/li>\n<li><strong>S\u00e4kerhet:<\/strong> S\u00e4kerhetsfunktioner b\u00f6r inf\u00f6rlivas i konstruktionen f\u00f6r att s\u00e4kerst\u00e4lla skyddet av operat\u00f6rerna och f\u00f6rhindra olyckor.<\/li>\n<li><strong>Underh\u00e5llbarhet:<\/strong> Cylinderkonstruktionen b\u00f6r m\u00f6jligg\u00f6ra enkelt underh\u00e5ll, reparation och utbyte av komponenter f\u00f6r att minimera stillest\u00e5ndstider.<\/li>\n<\/ul>\n<p><img decoding=\"async\" src=\"https:\/\/www.hydraulic-cylinders.net\/wp-content\/uploads\/2025\/01\/songte-oil-pipes-and-spare-parts.webp\" alt=\"Bild av hydrauliska cylinderdelar\"><\/p>\n<h2>T\u00e4tning och sm\u00f6rjning<\/h2>\n<p>Skopscylindern anv\u00e4nder olika t\u00e4tningskomponenter, s\u00e5som kolvt\u00e4tningar och st\u00e5ngt\u00e4tningar, tillverkade av slitstarka material som polyuretan och nitrilgummi. Cylinderhuset och de g\u00e4ngade \u00e4ndarna \u00e4r fint bearbetade f\u00f6r att f\u00f6rb\u00e4ttra slitstyrkan. Regelbunden sm\u00f6rjning med l\u00e4mplig hydraulolja kr\u00e4vs f\u00f6r att s\u00e4kerst\u00e4lla smidig drift och f\u00f6rhindra \u00f6verdrivet slitage.<\/p>\n<h2>Regelbunden inspektion och f\u00f6rebyggande underh\u00e5ll<\/h2>\n<ul>\n<li>Inspektera regelbundet skopcylindern f\u00f6r tecken p\u00e5 skador, l\u00e4ckage eller onormalt slitage.<\/li>\n<li>Sm\u00f6rj cylindern ordentligt och se till att alla kopplingar \u00e4r s\u00e4krade.<\/li>\n<li>Byt regelbundet ut t\u00e4tningar och utf\u00f6r kalibreringskontroller f\u00f6r att bibeh\u00e5lla optimal prestanda.<\/li>\n<\/ul>\n<h2>Guide f\u00f6r korrekt produktinstallation<\/h2>\n<p>F\u00f6lj dessa riktlinjer n\u00e4r du monterar skopcylindern:<\/p>\n<ul>\n<li>S\u00e4kerst\u00e4ll korrekt inriktning av cylindern.<\/li>\n<li>Anv\u00e4nd l\u00e4mpliga monteringsf\u00e4sten f\u00f6r att s\u00e4kra cylindern.<\/li>\n<\/ul>\n<p><img decoding=\"async\" src=\"https:\/\/www.hydraulic-cylinders.net\/wp-content\/uploads\/2025\/01\/songte-chushion-collar.webp\" alt=\"Bild av kuddekrage\"><\/p>\n<h2>Underh\u00e5llsuppgifter<\/h2>\n<p>Vanliga underh\u00e5llsuppgifter f\u00f6r skopcylindern inkluderar:<\/p>\n<ul>\n<li>Regelbunden inspektion<\/li>\n<li>Korrekt sm\u00f6rjning<\/li>\n<li>Byte av t\u00e4tning<\/li>\n<li>Kalibreringskontroller<\/li>\n<\/ul>\n<p>Det \u00e4r viktigt att betona vikten av korrekt installation, sm\u00f6rjning och justering. Ge v\u00e4gledning om korrekt justering av cylindern och rekommendera anv\u00e4ndning av l\u00e4mpliga monteringsf\u00e4sten f\u00f6r att s\u00e4kra cylindern. Rekommendera inspektions-, reparations- och utbytesprocedurer och ge tips f\u00f6r att f\u00f6rl\u00e4nga skopcylinderns livsl\u00e4ngd.<\/p>\n<p><img decoding=\"async\" src=\"https:\/\/www.hydraulic-cylinders.net\/wp-content\/uploads\/2025\/01\/songte-bushings-with-all-kinds-of-excavator-models.webp\" alt=\"Bild p\u00e5 gr\u00e4vmaskinsbussningar\"><\/p>\n<h2>S\u00e4kerhetsaspekter och milj\u00f6faktorer<\/h2>\n<p>N\u00e4r man anv\u00e4nder skopcylindern \u00e4r det viktigt att prioritera s\u00e4kerhets\u00e5tg\u00e4rder f\u00f6r att f\u00f6rhindra olyckor och s\u00e4kerst\u00e4lla f\u00f6rarens v\u00e4lbefinnande. Milj\u00f6faktorer b\u00f6r ocks\u00e5 beaktas f\u00f6r att minimera eventuell negativ p\u00e5verkan.<\/p>\n<h2>Feldiagnos och vanliga problem<\/h2>\n<p>Vanliga fel och problem relaterade till skopcylindern inkluderar:<\/p>\n<ul>\n<li>L\u00e4ckage<\/li>\n<li>F\u00f6rlust av makt<\/li>\n<li>L\u00e5ngsam drift<\/li>\n<\/ul>\n<p>Ge fels\u00f6kningstips och l\u00f6sningar f\u00f6r att hj\u00e4lpa l\u00e4sarna att effektivt diagnostisera och \u00e5tg\u00e4rda dessa problem. Erbjud f\u00f6rebyggande \u00e5tg\u00e4rder f\u00f6r att minimera potentiella problem.<\/p>\n<p><img decoding=\"async\" src=\"https:\/\/www.hydraulic-cylinders.net\/wp-content\/uploads\/2025\/01\/songte-company-1.webp\" alt=\"F\u00f6retagsbild\"><\/p>\n<h2>Om v\u00e5rt f\u00f6retag<\/h2>\n<p>Vi \u00e4r en tillverkare som specialiserar sig p\u00e5 produktion av hydraulcylindrar f\u00f6r reservdelar. V\u00e5rt f\u00f6retag erbjuder ett brett utbud av produkter och har blivit en av de ledande tillverkarna och grossistdistribut\u00f6rerna av hydraulcylindrar p\u00e5 inhemska och internationella marknader. Vi f\u00f6ljer principerna om excellens och f\u00f6rlitar oss p\u00e5 strategier f\u00f6r industriell produktionsledning i v\u00e5r v\u00e4lutrustade tillverkningsverkstad. Med v\u00e5ra tekniska talanger, avancerade digitala tillverkningsutrustning och professionella testsystem f\u00f6rb\u00e4ttrar vi kontinuerligt v\u00e5r tillverkningsplattform och v\u00e5ra produktionsv\u00e4gar. Vi har en stark kreativ f\u00f6rm\u00e5ga och str\u00e4var efter att m\u00f6ta olika kunders behov med h\u00f6g effektivitet, precision och kvalitet.<\/p>\n<p><img decoding=\"async\" src=\"https:\/\/www.hydraulic-cylinders.net\/wp-content\/uploads\/2025\/01\/songte-company-3.webp\" alt=\"F\u00f6retagsbild\"><\/p>\n<h2>F\u00f6retags\u00f6versikt<\/h2>\n<ul>\n<li><strong>Professionalism:<\/strong> Vi har h\u00f6gkvalificerade yrkesm\u00e4n som s\u00e4kerst\u00e4ller kvaliteten p\u00e5 v\u00e5ra produkter.<\/li>\n<li><strong>Internationella certifieringar:<\/strong> V\u00e5ra produkter uppfyller internationella kvalitetsstandarder och har relevanta certifieringar.<\/li>\n<li><strong>Anpassningstj\u00e4nster:<\/strong> Vi erbjuder skr\u00e4ddarsydda l\u00f6sningar f\u00f6r att m\u00f6ta specifika kundkrav.<\/li>\n<li><strong>Produktionsutrustning:<\/strong> Vi anv\u00e4nder avancerad produktionsutrustning f\u00f6r att s\u00e4kerst\u00e4lla produktkvalitet.<\/li>\n<li><strong>Eftermarknadsservice:<\/strong> Vi erbjuder helt\u00e4ckande eftermarknadstj\u00e4nster<br \/>","protected":false},"excerpt":{"rendered":"<p>Bucket Cylinder For Nante NT08 Introduction The bucket cylinder for Nante NT08 is a specialized hydraulic cylinder designed for controlling the movement of buckets in heavy machinery such as excavators, backhoe loaders, and front-end loaders. Its main function is to enable the lifting, lowering, and tilting of the bucket, making it easier to handle various [&hellip;]<\/p>","protected":false},"featured_media":14787,"comment_status":"open","ping_status":"closed","template":"","meta":{"_et_pb_use_builder":"","_et_pb_old_content":"","_et_gb_content_width":""},"product_brand":[],"product_cat":[1494],"product_tag":[1495,1496],"class_list":{"0":"post-15824","1":"product","2":"type-product","3":"status-publish","4":"has-post-thumbnail","6":"product_cat-bucket-cylinders","7":"product_tag-bucket-cylinders","8":"product_tag-hydraulic-cylinders","10":"first","11":"instock","12":"shipping-taxable","13":"product-type-simple"},"amp_enabled":true,"_links":{"self":[{"href":"https:\/\/www.hydraulic-cylinders.net\/sv\/wp-json\/wp\/v2\/product\/15824","targetHints":{"allow":["GET"]}}],"collection":[{"href":"https:\/\/www.hydraulic-cylinders.net\/sv\/wp-json\/wp\/v2\/product"}],"about":[{"href":"https:\/\/www.hydraulic-cylinders.net\/sv\/wp-json\/wp\/v2\/types\/product"}],"replies":[{"embeddable":true,"href":"https:\/\/www.hydraulic-cylinders.net\/sv\/wp-json\/wp\/v2\/comments?post=15824"}],"wp:featuredmedia":[{"embeddable":true,"href":"https:\/\/www.hydraulic-cylinders.net\/sv\/wp-json\/wp\/v2\/media\/14787"}],"wp:attachment":[{"href":"https:\/\/www.hydraulic-cylinders.net\/sv\/wp-json\/wp\/v2\/media?parent=15824"}],"wp:term":[{"taxonomy":"product_brand","embeddable":true,"href":"https:\/\/www.hydraulic-cylinders.net\/sv\/wp-json\/wp\/v2\/product_brand?post=15824"},{"taxonomy":"product_cat","embeddable":true,"href":"https:\/\/www.hydraulic-cylinders.net\/sv\/wp-json\/wp\/v2\/product_cat?post=15824"},{"taxonomy":"product_tag","embeddable":true,"href":"https:\/\/www.hydraulic-cylinders.net\/sv\/wp-json\/wp\/v2\/product_tag?post=15824"}],"curies":[{"name":"wp","href":"https:\/\/api.w.org\/{rel}","templated":true}]}}