{"id":15830,"date":"2025-01-19T15:02:37","date_gmt":"2025-01-19T15:02:37","guid":{"rendered":"https:\/\/www.hydraulic-cylinders.net\/product\/bucket-cylinder-for-nante-nt130uu\/"},"modified":"2025-01-19T15:02:39","modified_gmt":"2025-01-19T15:02:39","slug":"bucket-cylinder-for-nante-nt130uu","status":"publish","type":"product","link":"https:\/\/www.hydraulic-cylinders.net\/sv\/produkt\/bucket-cylinder-for-nante-nt130uu\/","title":{"rendered":"Skopscylinder f\u00f6r Nante NT130UU"},"content":{"rendered":"<h1>Skopscylinder f\u00f6r Nante NT130UU<\/h1>\n<h2>Introduktion<\/h2>\n<p>Skopcylindern till Nante NT130UU \u00e4r en specialiserad hydraulcylinder som \u00e4r utformad f\u00f6r att styra skopans r\u00f6relse i tunga maskiner som gr\u00e4vmaskiner, gr\u00e4vmaskiner och frontlastare. Dess huvudsakliga funktion \u00e4r att g\u00f6ra det m\u00f6jligt f\u00f6r skopan att lyfta, s\u00e4nka och luta, vilket g\u00f6r det enklare att hantera olika materialhanteringsuppgifter. I hydraulsystemet anv\u00e4nder skopcylindern f\u00f6r\u00e4ndringar i hydrauloljetrycket f\u00f6r att exakt styra skopan, vilket g\u00f6r det m\u00f6jligt f\u00f6r f\u00f6rare att effektivt hantera tunga laster och anpassa sig till komplexa arbetsmilj\u00f6er och olika arbetskrav.<\/p>\n<p><img decoding=\"async\" src=\"https:\/\/www.hydraulic-cylinders.net\/wp-content\/uploads\/2025\/01\/songte-company-2.webp\" alt=\"Bild av skopcylinder\"><\/p>\n<h2>Drag<\/h2>\n<ul>\n<li>\n<h3>H\u00f6g styrka och h\u00e5llbarhet:<\/h3>\n<p> Vanligtvis tillverkad av h\u00f6gh\u00e5llfast st\u00e5l eller aluminium, t\u00e5l den h\u00f6gt tryck och tunga belastningar, anpassar sig till tuffa arbetsmilj\u00f6er och \u00e4r konstruerad med slitage- och korrosionsbest\u00e4ndighet i \u00e5tanke f\u00f6r att f\u00f6rl\u00e4nga dess livsl\u00e4ngd.<\/li>\n<li>\n<h3>Effektiv hydraulisk drift:<\/h3>\n<p> Genom att anv\u00e4nda hydrauloljetryck f\u00f6r att uppn\u00e5 smidig ut- och indragning kan den snabbt reagera p\u00e5 kontrollkommandon, ge kraftfulla tryck- och dragkrafter och \u00e4r l\u00e4mplig f\u00f6r hantering av tunga laster och komplexa arbetsuppgifter.<\/li>\n<li>\n<h3>Olika typer:<\/h3>\n<p> Enkelverkande (hydrauliska cylindrar anv\u00e4nds endast i en riktning) eller dubbelverkande (hydrauliska cylindrar anv\u00e4nds i b\u00e5da riktningarna) kan v\u00e4ljas efter behov f\u00f6r att m\u00f6ta olika driftskrav. Vissa modeller \u00e4r teleskopiska, vilket m\u00f6jligg\u00f6r st\u00f6rre utdrag utan att \u00f6ka de yttre m\u00e5tten, och \u00e4r l\u00e4mpliga f\u00f6r applikationer med begr\u00e4nsat utrymme.<\/li>\n<li>\n<h3>Produktbyte:<\/h3>\n<p> V\u00e5r produkt kan perfekt ers\u00e4tta dessa hydraulcylindrar.<\/li>\n<\/ul>\n<p><img decoding=\"async\" src=\"https:\/\/www.hydraulic-cylinders.net\/wp-content\/uploads\/2025\/01\/songte-cylinder-head-with-all-kinds-excavator-models.webp\" alt=\"Produktbytesbild\"><\/p>\n<h2>Applikationer<\/h2>\n<p>Skopcylindern till Nante NT130UU anv\u00e4nds flitigt inom m\u00e5nga branscher, inklusive:<\/p>\n<ul>\n<li>\n<h3>Byggutrustning:<\/h3>\n<p> I gr\u00e4vmaskiner \u00e4r de viktiga f\u00f6r att gr\u00e4va, lasta och flytta jord eller skr\u00e4p. I gr\u00e4vmaskiner med gr\u00e4vaggregat hj\u00e4lper skopcylindrar till med b\u00e5de gr\u00e4vning och lyftning. <\/li>\n<li>\n<h3>Jordbruksmaskiner:<\/h3>\n<p> Anv\u00e4nds i frontlastare f\u00f6r att \u00f6sa, lyfta och transportera jord, h\u00f6 och andra material. <\/li>\n<li>\n<h3>Gr\u00e4vmaskiner:<\/h3>\n<p> Skopans cylinder uppn\u00e5r gr\u00e4vningsverkan genom att l\u00e5ta skopan tr\u00e4nga ner i jorden. <\/li>\n<li>\n<h3>Lastare:<\/h3>\n<p> I frontlastare hj\u00e4lper de effektivt till med att lyfta och tilta laster.<\/li>\n<\/ul>\n<h2>Design\u00f6verv\u00e4ganden och urvalskriterier<\/h2>\n<p>Skopans cylinder \u00e4r konstruerad f\u00f6r att b\u00e4ra tunga laster och motst\u00e5 tuffa driftsmilj\u00f6er samtidigt som s\u00e4kerhet, h\u00e5llbarhet och enkelt underh\u00e5ll bibeh\u00e5lls. Viktiga design\u00f6verv\u00e4ganden inkluderar:<\/p>\n<ul>\n<li>\n<h3>B\u00e4rf\u00f6rm\u00e5ga:<\/h3>\n<p> Cylindern m\u00e5ste kunna b\u00e4ra lastens vikt samtidigt som stabilitet och s\u00e4kerhet bibeh\u00e5lls.<\/li>\n<li>\n<h3>T\u00e4tning:<\/h3>\n<p> Olika t\u00e4tningskomponenter, s\u00e5som kolvt\u00e4tningar, kolvst\u00e5ngst\u00e4tningar etc., anv\u00e4nds, och t\u00e4tningsmaterial som polyuretan, nitrilgummi och andra slitstarka material v\u00e4ljs f\u00f6r att s\u00e4kerst\u00e4lla en h\u00f6g t\u00e4tningsgrad.<\/li>\n<li>\n<h3>Varaktighet:<\/h3>\n<p> Cylinderhuset och g\u00e4ng\u00e4ndytorna \u00e4r fint bearbetade f\u00f6r att f\u00f6rb\u00e4ttra slitstyrkan. <\/li>\n<li>\n<h3>S\u00e4kerhet:<\/h3>\n<p> Cylindern m\u00e5ste uppfylla internationella s\u00e4kerhetscertifieringsstandarder f\u00f6r att s\u00e4kerst\u00e4lla operat\u00f6rens s\u00e4kerhet under drift.<\/li>\n<li>\n<h3>Underh\u00e5ll:<\/h3>\n<p> Regelbundet underh\u00e5ll och reparationer kr\u00e4vs f\u00f6r att h\u00e5lla cylindern i gott skick.<\/li>\n<\/ul>\n<p><img decoding=\"async\" src=\"https:\/\/www.hydraulic-cylinders.net\/wp-content\/uploads\/2025\/01\/songte-oil-pipes-and-spare-parts.webp\" alt=\"Design\u00f6verv\u00e4ganden Bild\"><\/p>\n<h2>T\u00e4tning och sm\u00f6rjning<\/h2>\n<p>Cylindern anv\u00e4nder olika t\u00e4tningskomponenter, s\u00e5som kolvt\u00e4tningar och st\u00e5ngt\u00e4tningar. T\u00e4tningsmaterial som polyuretan, nitrilgummi och andra slitstarka material \u00e4r utvalda f\u00f6r att s\u00e4kerst\u00e4lla h\u00f6g t\u00e4tningsprestanda. Dessutom \u00e4r cylinderhuset och g\u00e4ngornas \u00e4ndar fint bearbetade f\u00f6r att f\u00f6rb\u00e4ttra slitstyrkan. Regelbunden tillsats av en l\u00e4mplig m\u00e4ngd hydraulolja f\u00f6r att sm\u00f6rja cylindern kan bidra till att f\u00f6rl\u00e4nga dess livsl\u00e4ngd.<\/p>\n<h2>Underh\u00e5ll och reparation<\/h2>\n<p>Regelbundet underh\u00e5ll och reparationer \u00e4r avg\u00f6rande f\u00f6r att bibeh\u00e5lla skopcylinderns prestanda. Vanliga underh\u00e5llsuppgifter inkluderar:<\/p>\n<ul>\n<li>\n<h3>Regelbunden inspektion:<\/h3>\n<p> Inspektera cylindern regelbundet f\u00f6r att s\u00e4kerst\u00e4lla att den \u00e4r i gott skick och reparera eventuella skador eller defekter s\u00e5 snart som m\u00f6jligt.<\/li>\n<li>\n<h3>Sm\u00f6rjning:<\/h3>\n<p> Tills\u00e4tt en l\u00e4mplig m\u00e4ngd hydraulolja f\u00f6r att sm\u00f6rja cylindern f\u00f6r att minska slitage.<\/li>\n<li>\n<h3>Byte av t\u00e4tning:<\/h3>\n<p> Byt ut cylinderns t\u00e4tningar vid behov f\u00f6r att s\u00e4kerst\u00e4lla korrekt t\u00e4tningsprestanda.<\/li>\n<li>\n<h3>Kalibreringsinspektion:<\/h3>\n<p> Kontrollera cylinderns kalibrering regelbundet f\u00f6r att s\u00e4kerst\u00e4lla att den fungerar korrekt.<\/li>\n<\/ul>\n<p><img decoding=\"async\" src=\"https:\/\/www.hydraulic-cylinders.net\/wp-content\/uploads\/2025\/01\/songte-chushion-collar.webp\" alt=\"Bild f\u00f6r underh\u00e5ll och reparation\"><\/p>\n<h2>S\u00e4kerhets- och milj\u00f6h\u00e4nsyn<\/h2>\n<p>N\u00e4r man anv\u00e4nder skopcylindern \u00e4r det viktigt att f\u00f6lja s\u00e4kerhetsf\u00f6reskrifterna f\u00f6r att s\u00e4kerst\u00e4lla f\u00f6rarens s\u00e4kerhet och f\u00f6rhindra milj\u00f6f\u00f6roreningar. Regelbunden inspektion och underh\u00e5ll kan bidra till att f\u00f6rhindra potentiella faror och minska milj\u00f6p\u00e5verkan.<\/p>\n<h2>Fels\u00f6kning och vanliga problem<\/h2>\n<p>Problem med skopcylindern kan uppst\u00e5 av olika orsaker, inklusive slitage, skador och felaktig installation. Vanliga problem inkluderar cylinderl\u00e4ckage, otillr\u00e4cklig lyft- eller lutningskraft och sv\u00e5righeter vid drift. Fels\u00f6kningstips inkluderar inspektion av cylindern f\u00f6r skador, kontroll av t\u00e4tningar och sm\u00f6rjning samt korrekt installation och kalibrering.<\/p>\n<p><img decoding=\"async\" src=\"https:\/\/www.hydraulic-cylinders.net\/wp-content\/uploads\/2025\/01\/songte-bushings-with-all-kinds-of-excavator-models.webp\" alt=\"Fels\u00f6kningsbild\"><\/p>\n<h2>Om v\u00e5rt f\u00f6retag<\/h2>\n<p>Vi \u00e4r en ledande tillverkare och grossistdistribut\u00f6r av hydraulcylindrar p\u00e5 den inhemska och internationella marknaden, specialiserade p\u00e5 produktion av hydraulcylindrar som kan ers\u00e4tta traditionella cylindrar. Vi f\u00f6ljer en filosofi om utm\u00e4rkt kvalitet och f\u00f6rlitar oss p\u00e5 den industrialiserade produktionsstrategin i en fint utformad tillverkningsverkstad. V\u00e5rt f\u00f6retag f\u00f6rb\u00e4ttrar kontinuerligt verkstadens tillverkningsplattform, full\u00e4ndar produktens produktionskvalitet och har starka kreativa f\u00f6rm\u00e5gor f\u00f6r att m\u00f6ta kundernas olika behov med h\u00f6g effektivitet, precision och kvalitet. V\u00e5rt f\u00f6retag tillhandah\u00e5ller anpassning, produktionsutrustning och professionella testsystem, och vi har erh\u00e5llit m\u00e5nga internationella certifieringar.<\/p>\n<p><img decoding=\"async\" src=\"https:\/\/hzpt.com\/wp-content\/uploads\/2024\/11\/songte-company-1.webp\" alt=\"F\u00f6retagsbild\"><\/p>\n<p>V\u00e5rt f\u00f6retag erbjuder professionella, kundanpassade tj\u00e4nster och produktionsutrustning, och vi har en stark eftermarknadsservice. Vi str\u00e4var efter att f\u00f6rse kunder med h\u00f6gkvalitativa produkter och tj\u00e4nster och s\u00e4kerst\u00e4lla att v\u00e5ra produkter uppfyller internationella standarder. V\u00e5rt erfarna team av experter \u00e4r dedikerade till att tillhandah\u00e5lla de b\u00e4sta produkterna och tj\u00e4nsterna till kunder \u00f6ver hela v\u00e4rlden.<\/p>\n<p>F\u00f6rfattare: lyl.<\/p>","protected":false},"excerpt":{"rendered":"<p>Bucket Cylinder For Nante NT130UU Introduction The bucket cylinder for Nante NT130UU is a specialized hydraulic cylinder designed to control the movement of the bucket in heavy machinery such as excavators, backhoe excavators, and front-end loaders. Its main function is to enable the bucket to lift, lower, and tilt, making it easier to handle various [&hellip;]<\/p>","protected":false},"featured_media":14776,"comment_status":"open","ping_status":"closed","template":"","meta":{"_et_pb_use_builder":"","_et_pb_old_content":"","_et_gb_content_width":""},"product_brand":[],"product_cat":[1494],"product_tag":[1495,1496],"class_list":{"0":"post-15830","1":"product","2":"type-product","3":"status-publish","4":"has-post-thumbnail","6":"product_cat-bucket-cylinders","7":"product_tag-bucket-cylinders","8":"product_tag-hydraulic-cylinders","10":"first","11":"instock","12":"shipping-taxable","13":"product-type-simple"},"amp_enabled":true,"_links":{"self":[{"href":"https:\/\/www.hydraulic-cylinders.net\/sv\/wp-json\/wp\/v2\/product\/15830","targetHints":{"allow":["GET"]}}],"collection":[{"href":"https:\/\/www.hydraulic-cylinders.net\/sv\/wp-json\/wp\/v2\/product"}],"about":[{"href":"https:\/\/www.hydraulic-cylinders.net\/sv\/wp-json\/wp\/v2\/types\/product"}],"replies":[{"embeddable":true,"href":"https:\/\/www.hydraulic-cylinders.net\/sv\/wp-json\/wp\/v2\/comments?post=15830"}],"wp:featuredmedia":[{"embeddable":true,"href":"https:\/\/www.hydraulic-cylinders.net\/sv\/wp-json\/wp\/v2\/media\/14776"}],"wp:attachment":[{"href":"https:\/\/www.hydraulic-cylinders.net\/sv\/wp-json\/wp\/v2\/media?parent=15830"}],"wp:term":[{"taxonomy":"product_brand","embeddable":true,"href":"https:\/\/www.hydraulic-cylinders.net\/sv\/wp-json\/wp\/v2\/product_brand?post=15830"},{"taxonomy":"product_cat","embeddable":true,"href":"https:\/\/www.hydraulic-cylinders.net\/sv\/wp-json\/wp\/v2\/product_cat?post=15830"},{"taxonomy":"product_tag","embeddable":true,"href":"https:\/\/www.hydraulic-cylinders.net\/sv\/wp-json\/wp\/v2\/product_tag?post=15830"}],"curies":[{"name":"wp","href":"https:\/\/api.w.org\/{rel}","templated":true}]}}