{"id":15838,"date":"2025-01-19T15:03:16","date_gmt":"2025-01-19T15:03:16","guid":{"rendered":"https:\/\/www.hydraulic-cylinders.net\/product\/bucket-cylinder-for-yanmar-vi35-5b\/"},"modified":"2025-01-19T15:03:18","modified_gmt":"2025-01-19T15:03:18","slug":"bucket-cylinder-for-yanmar-vi35-5b","status":"publish","type":"product","link":"https:\/\/www.hydraulic-cylinders.net\/sv\/produkt\/bucket-cylinder-for-yanmar-vi35-5b\/","title":{"rendered":"Skopscylinder f\u00f6r Yanmar VI35-5B"},"content":{"rendered":"<h1>Skopscylinder f\u00f6r Yanmar VI35-5B<\/h1>\n<h2>Introduktion<\/h2>\n<p>En skopcylinder \u00e4r en specialdesignad hydraulcylinder som fr\u00e4mst anv\u00e4nds f\u00f6r att styra r\u00f6relsen hos skopor i tunga maskiner som gr\u00e4vmaskiner, gr\u00e4vlastare och frontlastare. Dess huvudsakliga funktion \u00e4r att g\u00f6ra det m\u00f6jligt f\u00f6r skopan att lyfta, s\u00e4nka och luta, vilket g\u00f6r det enklare att utf\u00f6ra olika materialhanteringsuppgifter. I hydraulsystemet uppn\u00e5r skopcylindern exakt kontroll \u00f6ver skopan genom tryckf\u00f6r\u00e4ndringar i hydrauloljan, vilket g\u00f6r det m\u00f6jligt f\u00f6r operat\u00f6rer att effektivt hantera tunga f\u00f6rem\u00e5l, anpassa sig till komplexa arbetsmilj\u00f6er och olika driftsbehov.<\/p>\n<p><img decoding=\"async\" src=\"https:\/\/www.hydraulic-cylinders.net\/wp-content\/uploads\/2025\/01\/songte-company-2.webp\"><\/p>\n<h2>Drag<\/h2>\n<ul>\n<li>\n<h3>H\u00f6g styrka och h\u00e5llbarhet<\/h3>\n<p>Skopscylindrar \u00e4r vanligtvis tillverkade av h\u00f6gh\u00e5llfast st\u00e5l eller aluminium, t\u00e5l h\u00f6gt tryck och tunga belastningar, och \u00e4r konstruerade med h\u00e4nsyn till slitage- och korrosionsbest\u00e4ndighet, vilket f\u00f6rl\u00e4nger deras livsl\u00e4ngd.<\/p>\n<\/li>\n<li>\n<h3>Effektiv hydraulisk drift<\/h3>\n<p>Skopscylindrar anv\u00e4nder trycket fr\u00e5n hydraulolja f\u00f6r att uppn\u00e5 j\u00e4mn ut- och indragning, vilket m\u00f6jligg\u00f6r snabb respons p\u00e5 styrkommandon, ger kraftfulla tryck- och dragkrafter och \u00e4r l\u00e4mpliga f\u00f6r hantering av tunga f\u00f6rem\u00e5l och komplexa uppgifter.<\/p>\n<\/li>\n<li>\n<h3>Olika typer<\/h3>\n<p>Skopscylindrar kan v\u00e4ljas som enkelverkande (med hydraulik i endast en riktning) eller dubbelverkande (med hydraulik i b\u00e5da riktningarna) baserat p\u00e5 driftsbehov. Vissa modeller \u00e4r teleskopiska, vilket m\u00f6jligg\u00f6r st\u00f6rre utdrag utan att \u00f6ka ytterm\u00e5tten, vilket g\u00f6r dem l\u00e4mpliga f\u00f6r applikationer med begr\u00e4nsat utrymme.<\/p>\n<\/li>\n<li>\n<h3>Utbytbar<\/h3>\n<p>V\u00e5rt f\u00f6retag kan producera och ers\u00e4tta denna produkt. V\u00e5ra produkter kan perfekt ers\u00e4tta dessa hydraulcylindrar.<\/p>\n<p>    <img decoding=\"async\" src=\"https:\/\/www.hydraulic-cylinders.net\/wp-content\/uploads\/2025\/01\/songte-cylinder-head-with-all-kinds-excavator-models.webp\">\n  <\/li>\n<li>\n<h3>Brett utbud av applikationer<\/h3>\n<p>Skopscylindrar \u00e4r viktiga f\u00f6r olika typer av utrustning, inklusive men inte begr\u00e4nsat till:<\/p>\n<ul>\n<li><strong>Gr\u00e4vmaskiner:<\/strong> Skopcylindrar m\u00f6jligg\u00f6r gr\u00e4vning genom att skopan kan tr\u00e4nga ner i jorden.<\/li>\n<li><strong>Frontlastare:<\/strong> De hj\u00e4lper till att lyfta och luta last effektivt.<\/li>\n<li><strong>Gr\u00e4vlastare:<\/strong> Skopscylindrar hj\u00e4lper till med b\u00e5de gr\u00e4vning och lyftning.<\/li>\n<li><strong>Jordbruksmaskiner:<\/strong> Frontlastare och skopcylindrar hj\u00e4lper till vid jorduppsamling, lyftning och transport av jord, h\u00f6 och annat material.<\/li>\n<\/ul>\n<\/li>\n<\/ul>\n<h2>Design\u00f6verv\u00e4ganden och urvalskriterier<\/h2>\n<p>Vid konstruktion av skopcylindrar inkluderar viktiga \u00f6verv\u00e4ganden:<\/p>\n<ul>\n<li>\n<h3>B\u00e4rkraft<\/h3>\n<p>Cylindern m\u00e5ste kunna motst\u00e5 lastens vikt och eventuella ytterligare krafter som appliceras p\u00e5 den. Cylinderns dimensioner och material m\u00e5ste v\u00e4ljas s\u00e5 att de matchar lastkraven.<\/p>\n<\/li>\n<li>\n<h3>T\u00e4tning<\/h3>\n<p>Cylinderns prestanda och livsl\u00e4ngd beror p\u00e5 kvaliteten p\u00e5 dess t\u00e4tningar, vilka m\u00e5ste vara tillverkade av slitstarka material som polyuretan eller nitrilgummi. Cylinderns hus och g\u00e4ngade \u00e4ndytor m\u00e5ste ocks\u00e5 finbehandlas f\u00f6r att f\u00f6rb\u00e4ttra slitstyrkan. Regelbunden sm\u00f6rjning med hydraulolja \u00e4r n\u00f6dv\u00e4ndig f\u00f6r att cylindern ska fungera smidigt.<\/p>\n<p>    <img decoding=\"async\" src=\"https:\/\/www.hydraulic-cylinders.net\/wp-content\/uploads\/2025\/01\/songte-oil-pipes-and-spare-parts.webp\">\n  <\/li>\n<li>\n<h3>H\u00e5llbarhet och s\u00e4kerhet<\/h3>\n<p>Cylindern m\u00e5ste kunna motst\u00e5 tuffa f\u00f6rh\u00e5llanden och forts\u00e4tta att fungera s\u00e4kert. Dess material och design b\u00f6r prioritera h\u00e5llbarhet, och s\u00e4kerhetsfunktioner som tryckavlastningsventiler b\u00f6r inf\u00f6rlivas f\u00f6r att f\u00f6rhindra skador och minska risken f\u00f6r olyckor.<\/p>\n<\/li>\n<li>\n<h3>Underh\u00e5ll och reparation<\/h3>\n<p>Cylindern b\u00f6r vara konstruerad f\u00f6r enkelt underh\u00e5ll och reparation, med delar som \u00e4r l\u00e4tt\u00e5tkomliga och utbytbara. Den b\u00f6r ocks\u00e5 vara konstruerad med h\u00e4nsyn till regelbunden inspektion och f\u00f6rebyggande underh\u00e5ll f\u00f6r att f\u00f6rl\u00e4nga dess livsl\u00e4ngd.<\/p>\n<p>    <img decoding=\"async\" src=\"https:\/\/www.hydraulic-cylinders.net\/wp-content\/uploads\/2025\/01\/songte-chushion-collar.webp\">\n  <\/li>\n<\/ul>\n<h2>Installation och underh\u00e5ll<\/h2>\n<p>Korrekt installation, sm\u00f6rjning och justering av skopcylindrar \u00e4r avg\u00f6rande f\u00f6r att s\u00e4kerst\u00e4lla deras korrekta funktion och livsl\u00e4ngd. Vanliga underh\u00e5llsuppgifter inkluderar:<\/p>\n<ul>\n<li>\n<h3>Regelbunden inspektion<\/h3>\n<p>Att regelbundet inspektera cylindern f\u00f6r slitage och skador \u00e4r n\u00f6dv\u00e4ndigt f\u00f6r att f\u00f6rhindra eventuella problem.<\/p>\n<\/li>\n<li>\n<h3>Sm\u00f6rjning<\/h3>\n<p>Korrekt sm\u00f6rjning \u00e4r avg\u00f6rande f\u00f6r att f\u00f6rhindra slitage och korrosion och f\u00f6rl\u00e4nga cylinderns livsl\u00e4ngd.<\/p>\n<\/li>\n<li>\n<h3>Kontroller av t\u00e4tningsbyte och kalibrering<\/h3>\n<p>Att byta ut slitna packningar och kalibrera cylindern regelbundet s\u00e4kerst\u00e4ller att den fungerar smidigt och h\u00e5ller l\u00e4nge.<\/p>\n<\/li>\n<\/ul>\n<p>Det \u00e4r viktigt att tillhandah\u00e5lla korrekta instruktioner f\u00f6r uppriktning av cylindern under installationen, f\u00f6resl\u00e5 anv\u00e4ndning av l\u00e4mpliga monteringsf\u00e4sten f\u00f6r att s\u00e4kra cylindern och rekommendera inspektions-, reparations- och utbytesprocedurer f\u00f6r att f\u00f6rl\u00e4nga cylinderns livsl\u00e4ngd. <\/p>\n<p><img decoding=\"async\" src=\"https:\/\/hzpt.com\/wp-content\/uploads\/2024\/11\/songte-company-1.webp\"><\/p>\n<h2>S\u00e4kerhetsaspekter och milj\u00f6faktorer<\/h2>\n<p>Vid anv\u00e4ndning av skopcylindrar \u00e4r det viktigt att f\u00f6lja s\u00e4kerhetsrutiner och riktlinjer f\u00f6r att f\u00f6rhindra olyckor och skador. Anv\u00e4ndning av l\u00e4mplig personlig skyddsutrustning, s\u00e5som handskar och skyddsglas\u00f6gon, b\u00f6r ocks\u00e5 uppmuntras.<\/p>\n<h2>Fels\u00f6kning och vanliga problem<\/h2>\n<p>Problem med skopcylindrar kan inkludera l\u00e4ckor, felaktig drift och skador. Fels\u00f6kning och probleml\u00f6sning kr\u00e4ver kunskap om hydrauliska system och de mekaniska komponenter som \u00e4r involverade i cylinderns funktion. Korrekt diagnos och effektiv probleml\u00f6sning kommer att resultera i en skopcylinder med b\u00e4ttre prestanda.<\/p>\n<p>F\u00f6rebyggande \u00e5tg\u00e4rder som regelbundna inspektioner och sm\u00f6rjning kan minimera risken f\u00f6r potentiella problem.<\/p>\n<p><img decoding=\"async\" src=\"https:\/\/www.hydraulic-cylinders.net\/wp-content\/uploads\/2025\/01\/songte-bushings-with-all-kinds-of-excavator-models.webp\"><\/p>\n<h2>Om v\u00e5rt f\u00f6retag<\/h2>\n<p>Vi \u00e4r en tillverkare av hydraulcylindrar med ett brett produktsortiment och en etablerad n\u00e4rvaro p\u00e5 b\u00e5de inhemska och internationella marknader. Vi \u00e4r engagerade i att leverera produkter av h\u00f6gsta kvalitet, och f\u00f6rlitar oss p\u00e5 den industriella produktionsledningsstrategin hos fintillverkningsverkst\u00e4der. Vi anv\u00e4nder tekniska talanger, digital avancerad tillverkningsutrustning och professionella testsystem f\u00f6r att kontinuerligt f\u00f6rb\u00e4ttra verkstadens tillverkningsplattform, f\u00f6rb\u00e4ttra produktionskvaliteten och ha stark kreativ f\u00f6rm\u00e5ga. V\u00e5ra produkter \u00e4r designade med h\u00f6g effektivitet, noggrannhet och kvalitet, vilket tillgodoser olika kunders behov.<\/p>\n<ul>\n<li>\n<h3>Professionalism<\/h3>\n<p>V\u00e5rt team best\u00e5r av erfarna yrkesm\u00e4n med expertis inom design och produktion av hydraulcylindrar.<\/p>\n<\/li>\n<li>\n<h3>Internationell certifiering<\/h3>\n<p>V\u00e5ra produkter \u00e4r certifierade enligt internationella standarder som ISO och CE.<\/p>\n<\/li>\n<li>\n<h3>Anpassningstj\u00e4nster<\/h3>\n<p>Vi erbjuder anpassningstj\u00e4nster f\u00f6r att m\u00f6ta specifika kunders behov och krav.<\/p>\n<\/li>\n<li>\n<h3>Produktionsutrustning<\/h3>\n<p>Vi anv\u00e4nder toppmodern digital h\u00f6gklassig tillverkningsutrustning f\u00f6r att s\u00e4kerst\u00e4lla kvaliteten p\u00e5 v\u00e5ra produkter.<\/p>\n<\/li>\n<li>\n<h3>Eftermarknadsservice<\/h3>\n<p>Vi erbjuder omfattande eftermarknadsservice, inklusive reparation och utbytestj\u00e4nster.<\/p>\n<\/li>\n<\/ul>\n<p><img decoding=\"async\" src=\"https:\/\/www.hydraulic-cylinders.net\/wp-content\/uploads\/2025\/01\/songte-company-3.webp\"><\/p>\n<p>F\u00f6rfattare: lyl<\/p>","protected":false},"excerpt":{"rendered":"<p>Bucket Cylinder For Yanmar VI35-5B Introduction A bucket cylinder is a specially designed hydraulic cylinder primarily used to control the movement of buckets in heavy machinery such as excavators, backhoe loaders, and front-end loaders. Its main function is to enable the bucket to lift, lower, and tilt, making it easier to carry out various material [&hellip;]<\/p>","protected":false},"featured_media":14788,"comment_status":"open","ping_status":"closed","template":"","meta":{"_et_pb_use_builder":"","_et_pb_old_content":"","_et_gb_content_width":""},"product_brand":[],"product_cat":[1494],"product_tag":[1495,1496],"class_list":{"0":"post-15838","1":"product","2":"type-product","3":"status-publish","4":"has-post-thumbnail","6":"product_cat-bucket-cylinders","7":"product_tag-bucket-cylinders","8":"product_tag-hydraulic-cylinders","10":"first","11":"instock","12":"shipping-taxable","13":"product-type-simple"},"amp_enabled":true,"_links":{"self":[{"href":"https:\/\/www.hydraulic-cylinders.net\/sv\/wp-json\/wp\/v2\/product\/15838","targetHints":{"allow":["GET"]}}],"collection":[{"href":"https:\/\/www.hydraulic-cylinders.net\/sv\/wp-json\/wp\/v2\/product"}],"about":[{"href":"https:\/\/www.hydraulic-cylinders.net\/sv\/wp-json\/wp\/v2\/types\/product"}],"replies":[{"embeddable":true,"href":"https:\/\/www.hydraulic-cylinders.net\/sv\/wp-json\/wp\/v2\/comments?post=15838"}],"wp:featuredmedia":[{"embeddable":true,"href":"https:\/\/www.hydraulic-cylinders.net\/sv\/wp-json\/wp\/v2\/media\/14788"}],"wp:attachment":[{"href":"https:\/\/www.hydraulic-cylinders.net\/sv\/wp-json\/wp\/v2\/media?parent=15838"}],"wp:term":[{"taxonomy":"product_brand","embeddable":true,"href":"https:\/\/www.hydraulic-cylinders.net\/sv\/wp-json\/wp\/v2\/product_brand?post=15838"},{"taxonomy":"product_cat","embeddable":true,"href":"https:\/\/www.hydraulic-cylinders.net\/sv\/wp-json\/wp\/v2\/product_cat?post=15838"},{"taxonomy":"product_tag","embeddable":true,"href":"https:\/\/www.hydraulic-cylinders.net\/sv\/wp-json\/wp\/v2\/product_tag?post=15838"}],"curies":[{"name":"wp","href":"https:\/\/api.w.org\/{rel}","templated":true}]}}